{"id":380849,"date":"2024-07-01T13:22:14","date_gmt":"2024-07-01T13:22:14","guid":{"rendered":"https:\/\/gr-100.com\/producto\/especialista-em-enduro-2023\/"},"modified":"2025-11-26T16:40:16","modified_gmt":"2025-11-26T14:40:16","slug":"especialista-em-enduro-2023","status":"publish","type":"product","link":"https:\/\/gr-100.com\/pt-pt\/producto\/especialista-em-enduro-2023\/","title":{"rendered":"Specialized Especialista em Enduro 2023"},"content":{"rendered":"<ul>\n<li>FACTO Chassis de carbono de 11m e estrutura<br \/>\n traseira, Geometria de Corrida de Enduro S-Sizeing, integra\u00e7\u00e3o com porta SWAT\u2122, BB roscado, roteamento de cabos internos, sa\u00eddas de 12x148mm, piv\u00f4s de rolamento de cartucho selado, gancho derailleur substitu\u00edvel, 170mm de curso<\/li>\n<li>Garfo<br \/>\n RockShox Zeb Select Plus, Carregador 3 RC2 amortecedor, 15x110mm, 44mm offset, 170mm de curso<\/li>\n<li>RockShox Super Deluxe Bobina Select Plus Shock<br \/>\n, Rx Trail Tune, 205&#215;60, Trunnion<\/li>\n<li>Material<br \/>\nCarbon<br \/>\nSpecialized<br \/>\n, liga 7050, backsweep de 8 graus, upsweep de 6 graus, eleva\u00e7\u00e3o de 30mm, grampo de 800mm, 35mm<\/li>\n<li>Haste do caule Alloy<br \/>\nTrail, furo da barra de 35mm<\/li>\n<li>Punhos de mand\u00edbula<br \/>\n da divindade<\/li>\n<li>SRAM Code RS Freios dianteiros\n<p>, pin\u00e7a de 4 pist\u00f5es, disco hidr\u00e1ulico, 220mm<br \/>\nSRAM Code RS Freio<br \/>\n traseiro, pin\u00e7a de 4 pist\u00f5es, disco hidr\u00e1ulico, 200mm<\/li>\n<li>Componentes Ponte de sela<br \/>\nComp Saddle<br \/>\n, trilhos ocos Cr-mo, 155\/143mm<\/li>\n<li>OneUp Seatpost<br \/>\n, Dropper Post-V2, alavanca MMX, 34.9 (S2:150mm, S3\/S4:180mm, S5: 210mm)<\/li>\n<li>Bra\u00e7adeira de selim<br \/>\nde liga, 38.6mm<\/li>\n<li>Transmiss\u00e3o<\/li>\n<li>SRAM GX Eagle Controlador AXS Shifters\n<\/li>\n<li>SRAM GX Eagle AXS derailleur<br \/>\n, c\/ tampa<br \/>\nda bateria Suporte inferior<\/li>\n<li>SRAM GX \u00c1guia, DUB, 170mm, 32T<\/li>\n<li>Sram XG-1275 Cassette<br \/>\n, 12 velocidades, 10-52t<\/li>\n<li>SRAM GX Eagle Chain<br \/>\n, 12 velocidades<\/li>\n<li>Roval\n<p> de liga leve Roval Traverse 29, largura interior de 30mm, constru\u00eddas \u00e0 m\u00e3o, 2Bliss Ready<br \/>\nSpokes<br \/>\nDT Swiss Competition Race<br \/>\nFront Butcher Pneu<br \/>\n, inv\u00f3lucro GRID TRAIL, composto GRIPTON\u00ae T9, 2Bliss Ready, pneu<br \/>\n traseiro 29&#215;2.3&#8243;,<br \/>\n inv\u00f3lucro GRID TRAIL, composto GRIPTON\u00ae T9, 2Bliss Ready, 29&#215;2.3&#8243;<\/li>\n<li>\nTUBOS, STANDARD 48MM PV LOW LEAD 29&#215;1.75\/2.4, MAXXIS BRAND<br \/>\nRoval Front<br \/>\n Hub, rolamentos de cartucho selados, espa\u00e7amento 15x110mm, cubo traseiroRoval DT Swiss 370 de<br \/>\n 28h<br \/>\n, catraca LN, corpo do driver SRAM XD, eixo thru de 12mm, espa\u00e7amento de 148mm, 28h<\/li>\n<\/ul>\n","protected":false},"excerpt":{"rendered":"<p>Tem 170 mil\u00edmetros da melhor capacidade de descida que ganha altura com surpreendente facilidade.<br \/>\nSuspens\u00e3o completa RockShox , potentes trav\u00f5es de disco e um robusto rodado de liga leve completam-no. <\/p>\n","protected":false},"featured_media":302997,"comment_status":"closed","ping_status":"closed","template":"","meta":{"_acf_changed":false,"_et_pb_use_builder":"","_et_pb_old_content":"","_et_gb_content_width":"","inline_featured_image":false},"product_brand":[],"product_cat":[20,378],"product_tag":[],"class_list":{"0":"post-380849","1":"product","2":"type-product","3":"status-publish","4":"has-post-thumbnail","6":"product_cat-bicicletas-de-carretera","7":"product_cat-estrada","9":"first","10":"outofstock","11":"taxable","12":"shipping-taxable","13":"product-type-variable","14":"wvs-archive-product-wrapper"},"acf":[],"yoast_head":"<!-- This site is optimized with the Yoast SEO Premium plugin v26.7 (Yoast SEO v26.7) - https:\/\/yoast.com\/wordpress\/plugins\/seo\/ -->\n<title>Specialized Especialista em Enduro 2023 GR-100<\/title>\n<meta name=\"description\" content=\"Specialized Enduro Expert com 170 mil\u00edmetros de capacidade de descida. Suspens\u00e3o completa RockShox , freios a disco e um conjunto de rodas robusto.\" \/>\n<meta name=\"robots\" content=\"index, follow, max-snippet:-1, max-image-preview:large, max-video-preview:-1\" \/>\n<link rel=\"canonical\" href=\"https:\/\/gr-100.com\/pt-pt\/producto\/especialista-em-enduro-2023\/\" \/>\n<meta property=\"og:locale\" content=\"pt_PT\" \/>\n<meta property=\"og:type\" content=\"article\" \/>\n<meta property=\"og:title\" content=\"Specialized Especialista em Enduro 2023\" \/>\n<meta property=\"og:description\" content=\"Specialized Enduro Expert com 170 mil\u00edmetros de capacidade de descida. Suspens\u00e3o completa RockShox , freios a disco e um conjunto de rodas robusto.\" \/>\n<meta property=\"og:url\" content=\"https:\/\/gr-100.com\/pt-pt\/producto\/especialista-em-enduro-2023\/\" \/>\n<meta property=\"og:site_name\" content=\"Gr-100 Tienda de ciclismo Specialized\" \/>\n<meta property=\"article:publisher\" content=\"https:\/\/www.facebook.com\/Gr100Bikes\" \/>\n<meta property=\"article:modified_time\" content=\"2025-11-26T14:40:16+00:00\" \/>\n<meta property=\"og:image\" content=\"https:\/\/gr-100.com\/wp-content\/uploads\/2024\/05\/My-project-5-1-1.jpeg\" \/>\n\t<meta property=\"og:image:width\" content=\"1200\" \/>\n\t<meta property=\"og:image:height\" content=\"1200\" \/>\n\t<meta property=\"og:image:type\" content=\"image\/jpeg\" \/>\n<meta name=\"twitter:card\" content=\"summary_large_image\" \/>\n<meta name=\"twitter:label1\" content=\"Tempo estimado de leitura\" \/>\n\t<meta name=\"twitter:data1\" content=\"1 minuto\" \/>\n<script type=\"application\/ld+json\" class=\"yoast-schema-graph\">{\"@context\":\"https:\/\/schema.org\",\"@graph\":[{\"@type\":\"WebPage\",\"@id\":\"https:\/\/gr-100.com\/pt-pt\/producto\/especialista-em-enduro-2023\/\",\"url\":\"https:\/\/gr-100.com\/pt-pt\/producto\/especialista-em-enduro-2023\/\",\"name\":\"Specialized Especialista em Enduro 2023 GR-100\",\"isPartOf\":{\"@id\":\"https:\/\/gr-100.com\/#website\"},\"primaryImageOfPage\":{\"@id\":\"https:\/\/gr-100.com\/pt-pt\/producto\/especialista-em-enduro-2023\/#primaryimage\"},\"image\":{\"@id\":\"https:\/\/gr-100.com\/pt-pt\/producto\/especialista-em-enduro-2023\/#primaryimage\"},\"thumbnailUrl\":\"https:\/\/gr-100.com\/wp-content\/uploads\/2024\/05\/My-project-5-1-1.jpeg\",\"datePublished\":\"2024-07-01T13:22:14+00:00\",\"dateModified\":\"2025-11-26T14:40:16+00:00\",\"description\":\"Specialized Enduro Expert com 170 mil\u00edmetros de capacidade de descida. Suspens\u00e3o completa RockShox , freios a disco e um conjunto de rodas robusto.\",\"breadcrumb\":{\"@id\":\"https:\/\/gr-100.com\/pt-pt\/producto\/especialista-em-enduro-2023\/#breadcrumb\"},\"inLanguage\":\"pt-PT\",\"potentialAction\":[{\"@type\":\"ReadAction\",\"target\":[\"https:\/\/gr-100.com\/pt-pt\/producto\/especialista-em-enduro-2023\/\"]}]},{\"@type\":\"ImageObject\",\"inLanguage\":\"pt-PT\",\"@id\":\"https:\/\/gr-100.com\/pt-pt\/producto\/especialista-em-enduro-2023\/#primaryimage\",\"url\":\"https:\/\/gr-100.com\/wp-content\/uploads\/2024\/05\/My-project-5-1-1.jpeg\",\"contentUrl\":\"https:\/\/gr-100.com\/wp-content\/uploads\/2024\/05\/My-project-5-1-1.jpeg\",\"width\":1200,\"height\":1200},{\"@type\":\"BreadcrumbList\",\"@id\":\"https:\/\/gr-100.com\/pt-pt\/producto\/especialista-em-enduro-2023\/#breadcrumb\",\"itemListElement\":[{\"@type\":\"ListItem\",\"position\":1,\"name\":\"Portada\",\"item\":\"https:\/\/gr-100.com\/en\/\"},{\"@type\":\"ListItem\",\"position\":2,\"name\":\"Productos\",\"item\":\"https:\/\/gr-100.com\/?post_type=product\"},{\"@type\":\"ListItem\",\"position\":3,\"name\":\"Specialized Especialista em Enduro 2023\"}]},{\"@type\":\"WebSite\",\"@id\":\"https:\/\/gr-100.com\/#website\",\"url\":\"https:\/\/gr-100.com\/\",\"name\":\"Gr-100 Tienda de ciclismo Specialized\",\"description\":\"GR-100 tenemos todas las gamas de bicicletas Specialized al mejor precio.\",\"publisher\":{\"@id\":\"https:\/\/gr-100.com\/#organization\"},\"alternateName\":\"Gr-100 Bikes\",\"potentialAction\":[{\"@type\":\"SearchAction\",\"target\":{\"@type\":\"EntryPoint\",\"urlTemplate\":\"https:\/\/gr-100.com\/?s={search_term_string}\"},\"query-input\":{\"@type\":\"PropertyValueSpecification\",\"valueRequired\":true,\"valueName\":\"search_term_string\"}}],\"inLanguage\":\"pt-PT\"},{\"@type\":\"Organization\",\"@id\":\"https:\/\/gr-100.com\/#organization\",\"name\":\"Gr-100\",\"url\":\"https:\/\/gr-100.com\/\",\"logo\":{\"@type\":\"ImageObject\",\"inLanguage\":\"pt-PT\",\"@id\":\"https:\/\/gr-100.com\/#\/schema\/logo\/image\/\",\"url\":\"https:\/\/gr-100.com\/wp-content\/uploads\/2023\/08\/logo-gr-100-bikes.png\",\"contentUrl\":\"https:\/\/gr-100.com\/wp-content\/uploads\/2023\/08\/logo-gr-100-bikes.png\",\"width\":707,\"height\":284,\"caption\":\"Gr-100\"},\"image\":{\"@id\":\"https:\/\/gr-100.com\/#\/schema\/logo\/image\/\"},\"sameAs\":[\"https:\/\/www.facebook.com\/Gr100Bikes\",\"https:\/\/www.instagram.com\/gr100bikes\/\",\"https:\/\/www.tiktok.com\/@gr100bikes\",\"https:\/\/twitter.com\/gr100mtbteam\",\"https:\/\/www.youtube.com\/c\/GR100Specialized\"]}]}<\/script>\n<!-- \/ Yoast SEO Premium plugin. -->","yoast_head_json":{"title":"Specialized Especialista em Enduro 2023 GR-100","description":"Specialized Enduro Expert com 170 mil\u00edmetros de capacidade de descida. Suspens\u00e3o completa RockShox , freios a disco e um conjunto de rodas robusto.","robots":{"index":"index","follow":"follow","max-snippet":"max-snippet:-1","max-image-preview":"max-image-preview:large","max-video-preview":"max-video-preview:-1"},"canonical":"https:\/\/gr-100.com\/pt-pt\/producto\/especialista-em-enduro-2023\/","og_locale":"pt_PT","og_type":"article","og_title":"Specialized Especialista em Enduro 2023","og_description":"Specialized Enduro Expert com 170 mil\u00edmetros de capacidade de descida. Suspens\u00e3o completa RockShox , freios a disco e um conjunto de rodas robusto.","og_url":"https:\/\/gr-100.com\/pt-pt\/producto\/especialista-em-enduro-2023\/","og_site_name":"Gr-100 Tienda de ciclismo Specialized","article_publisher":"https:\/\/www.facebook.com\/Gr100Bikes","article_modified_time":"2025-11-26T14:40:16+00:00","og_image":[{"width":1200,"height":1200,"url":"https:\/\/gr-100.com\/wp-content\/uploads\/2024\/05\/My-project-5-1-1.jpeg","type":"image\/jpeg"}],"twitter_card":"summary_large_image","twitter_misc":{"Tempo estimado de leitura":"1 minuto"},"schema":{"@context":"https:\/\/schema.org","@graph":[{"@type":"WebPage","@id":"https:\/\/gr-100.com\/pt-pt\/producto\/especialista-em-enduro-2023\/","url":"https:\/\/gr-100.com\/pt-pt\/producto\/especialista-em-enduro-2023\/","name":"Specialized Especialista em Enduro 2023 GR-100","isPartOf":{"@id":"https:\/\/gr-100.com\/#website"},"primaryImageOfPage":{"@id":"https:\/\/gr-100.com\/pt-pt\/producto\/especialista-em-enduro-2023\/#primaryimage"},"image":{"@id":"https:\/\/gr-100.com\/pt-pt\/producto\/especialista-em-enduro-2023\/#primaryimage"},"thumbnailUrl":"https:\/\/gr-100.com\/wp-content\/uploads\/2024\/05\/My-project-5-1-1.jpeg","datePublished":"2024-07-01T13:22:14+00:00","dateModified":"2025-11-26T14:40:16+00:00","description":"Specialized Enduro Expert com 170 mil\u00edmetros de capacidade de descida. Suspens\u00e3o completa RockShox , freios a disco e um conjunto de rodas robusto.","breadcrumb":{"@id":"https:\/\/gr-100.com\/pt-pt\/producto\/especialista-em-enduro-2023\/#breadcrumb"},"inLanguage":"pt-PT","potentialAction":[{"@type":"ReadAction","target":["https:\/\/gr-100.com\/pt-pt\/producto\/especialista-em-enduro-2023\/"]}]},{"@type":"ImageObject","inLanguage":"pt-PT","@id":"https:\/\/gr-100.com\/pt-pt\/producto\/especialista-em-enduro-2023\/#primaryimage","url":"https:\/\/gr-100.com\/wp-content\/uploads\/2024\/05\/My-project-5-1-1.jpeg","contentUrl":"https:\/\/gr-100.com\/wp-content\/uploads\/2024\/05\/My-project-5-1-1.jpeg","width":1200,"height":1200},{"@type":"BreadcrumbList","@id":"https:\/\/gr-100.com\/pt-pt\/producto\/especialista-em-enduro-2023\/#breadcrumb","itemListElement":[{"@type":"ListItem","position":1,"name":"Portada","item":"https:\/\/gr-100.com\/en\/"},{"@type":"ListItem","position":2,"name":"Productos","item":"https:\/\/gr-100.com\/?post_type=product"},{"@type":"ListItem","position":3,"name":"Specialized Especialista em Enduro 2023"}]},{"@type":"WebSite","@id":"https:\/\/gr-100.com\/#website","url":"https:\/\/gr-100.com\/","name":"Gr-100 Tienda de ciclismo Specialized","description":"GR-100 tenemos todas las gamas de bicicletas Specialized al mejor precio.","publisher":{"@id":"https:\/\/gr-100.com\/#organization"},"alternateName":"Gr-100 Bikes","potentialAction":[{"@type":"SearchAction","target":{"@type":"EntryPoint","urlTemplate":"https:\/\/gr-100.com\/?s={search_term_string}"},"query-input":{"@type":"PropertyValueSpecification","valueRequired":true,"valueName":"search_term_string"}}],"inLanguage":"pt-PT"},{"@type":"Organization","@id":"https:\/\/gr-100.com\/#organization","name":"Gr-100","url":"https:\/\/gr-100.com\/","logo":{"@type":"ImageObject","inLanguage":"pt-PT","@id":"https:\/\/gr-100.com\/#\/schema\/logo\/image\/","url":"https:\/\/gr-100.com\/wp-content\/uploads\/2023\/08\/logo-gr-100-bikes.png","contentUrl":"https:\/\/gr-100.com\/wp-content\/uploads\/2023\/08\/logo-gr-100-bikes.png","width":707,"height":284,"caption":"Gr-100"},"image":{"@id":"https:\/\/gr-100.com\/#\/schema\/logo\/image\/"},"sameAs":["https:\/\/www.facebook.com\/Gr100Bikes","https:\/\/www.instagram.com\/gr100bikes\/","https:\/\/www.tiktok.com\/@gr100bikes","https:\/\/twitter.com\/gr100mtbteam","https:\/\/www.youtube.com\/c\/GR100Specialized"]}]}},"_links":{"self":[{"href":"https:\/\/gr-100.com\/pt-pt\/wp-json\/wp\/v2\/product\/380849","targetHints":{"allow":["GET"]}}],"collection":[{"href":"https:\/\/gr-100.com\/pt-pt\/wp-json\/wp\/v2\/product"}],"about":[{"href":"https:\/\/gr-100.com\/pt-pt\/wp-json\/wp\/v2\/types\/product"}],"replies":[{"embeddable":true,"href":"https:\/\/gr-100.com\/pt-pt\/wp-json\/wp\/v2\/comments?post=380849"}],"wp:featuredmedia":[{"embeddable":true,"href":"https:\/\/gr-100.com\/pt-pt\/wp-json\/wp\/v2\/media\/302997"}],"wp:attachment":[{"href":"https:\/\/gr-100.com\/pt-pt\/wp-json\/wp\/v2\/media?parent=380849"}],"wp:term":[{"taxonomy":"product_brand","embeddable":true,"href":"https:\/\/gr-100.com\/pt-pt\/wp-json\/wp\/v2\/product_brand?post=380849"},{"taxonomy":"product_cat","embeddable":true,"href":"https:\/\/gr-100.com\/pt-pt\/wp-json\/wp\/v2\/product_cat?post=380849"},{"taxonomy":"product_tag","embeddable":true,"href":"https:\/\/gr-100.com\/pt-pt\/wp-json\/wp\/v2\/product_tag?post=380849"}],"curies":[{"name":"wp","href":"https:\/\/api.w.org\/{rel}","templated":true}]}}