{"id":380867,"date":"2024-07-01T13:20:14","date_gmt":"2024-07-01T11:20:14","guid":{"rendered":"https:\/\/gr-100.com\/producto\/stumpjumper-especializado-evo-elite-alloy-2023\/"},"modified":"2025-12-18T16:39:14","modified_gmt":"2025-12-18T14:39:14","slug":"stumpjumper-especializado-evo-elite-alloy-2023","status":"publish","type":"product","link":"https:\/\/gr-100.com\/pt-pt\/producto\/stumpjumper-especializado-evo-elite-alloy-2023\/","title":{"rendered":"Specialized Stumpjumper EVO Liga Elite 2023"},"content":{"rendered":"<p>CONJUNTO DE QUADROS<br \/>\nEncaderna\u00e7\u00e3o de assentos<br \/>\nLiga, 38.6mm<br \/>\nMoldura<br \/>\nChassis de liga M5 e traseira, design assim\u00e9trico, geometria de trilha de 29\/27,5&#8243; com dimensionamento S, integra\u00e7\u00e3o com porta SWAT\u2122, ajuste de \u00e2ngulo do tubo de cabe\u00e7a, ajuste BB de piv\u00f4 horst, BB roscado, roteamento de cabo interno totalmente fechado, sa\u00eddas de 12x148mm, piv\u00f4s de rolamento de cartucho selado, gancho derailleur substitu\u00edvel, 150mm de trave<br \/>\nSUSPENS\u00c3O<br \/>\nChoque traseiro<br \/>\nRock Shox Super Deluxe Ultimate, Rx Trail Tune, amortecedor RC2T, controle hidr\u00e1ulico de sa\u00edda de fundo, S1: 210x50mm, S2-S6: 210x55mm<br \/>\nGarfo<br \/>\nRockShox Lyrik Ultimate, Carregador 3 RC2 W\/ButterCups, 15x110mm, 44mm offset, S1: 150mm de curso, S2-S6: 160mm de curso<br \/>\nCABINE DE PILOTAGEM<br \/>\nSela<br \/>\nBridge Comp, trilhos ocos Cr-mo, 155\/143mm<br \/>\nPunhos<br \/>\nPunhos da Divindade<br \/>\nCaule<br \/>\nDivindade, 35.0mm<br \/>\nPoste de assento<br \/>\nOneUp, Conta-gotas Post-V2, alavanca MMX, 34.9 (S1:120mm, S2\/S3:150mm, S4: 180mm, S5\/S6: 210mm)<br \/>\nGuiador Specialized, liga 6061, upsweep de 6 graus, backsweep de 8 graus, eleva\u00e7\u00e3o de 30mm, largura de 780mm<\/p>\n<p>TRAV\u00d5ES<br \/>\nFreio dianteiro SRAM C\u00f3digo RS, pin\u00e7a de 4 pist\u00f5es, disco hidr\u00e1ulico, 200mm Centerline Freio traseiro SRAM C\u00f3digo RS, pin\u00e7a de 4 pist\u00f5es, disco hidr\u00e1ulico, linha central de 200mm<\/p>\n<p>TRANSMISS\u00c3O<br \/>\nSuporte inferior<br \/>\nSRAM DUB, BSA 73mm, roscado<br \/>\nSRAM GX Eagle, DUB, 165\/170\/175mm, 32t<\/p>\n<p>Cadeia<br \/>\nSRAM GX Eagle, 12 velocidades<br \/>\nDescarrilador traseiro<br \/>\nSRAM GX Eagle, 12 velocidades<br \/>\nAlavancas de mudan\u00e7a SRAM GX, gatilho, Sram XG-1275 de 12 velocidades, 12 velocidades, 10-52t Chainrings<\/p>\n<p>32 T<br \/>\nRODAS<br \/>\nPneu dianteiro<br \/>\nTalho, carca\u00e7a GRID TRAIL, composto GRIPTON\u00ae T9, 2Bliss Ready, 29&#215;2.3&#8243;<br \/>\nRaios<br \/>\nCorrida de competi\u00e7\u00e3o DT Swiss<br \/>\nPneu traseiro<br \/>\nEliminador, carca\u00e7a GRID TRAIL, composto GRIPTON\u00ae T7, 2Bliss Ready, 27,5 x 2,3&#8243;<br \/>\nCubo traseiro<br \/>\nRoval DT Swiss 370, Ratchet LN, SRAM XD corpo do motorista, eixo thru de 12mm, espa\u00e7amento de 148mm, 28h<br \/>\nJantes<br \/>\nRoval Liga transversal 29F\/27.5R, largura interna de 30 mm, constru\u00edda \u00e0 m\u00e3o, pronta para 2Bliss<br \/>\nCubo frontal<br \/>\nRoval, rolamentos de cartucho selados, espa\u00e7amento 15x110mm, 28h<br \/>\nTubos Internos<br \/>\nPadr\u00e3o, Presta Valve<br \/>\nPESO<br \/>\nPeso<br \/>\n15,55 kg (34 lb, 4,5 oz)<br \/>\nTamanho do peso<br \/>\nS4<\/p>\n","protected":false},"excerpt":{"rendered":"<p>Sejamos claros, a Stumpjumper EVO de alum\u00ednio n\u00e3o \u00e9 uma moto de trail regular. Ele \u00e9 projetado para tornar o bruto, simples e simples. Com o mesmo design dos seus irm\u00e3os de carbono &#8211; incluindo o sistema de ajuste de \u00e2ngulo da cabe\u00e7a, 150 mm de curso, S-Sizing, e com porta SWAT\u2122 integrada &#8211; constru\u00eddo em alum\u00ednio M5, voc\u00ea ser\u00e1 capaz de ir onde voc\u00ea pensou que apenas um DH poderia ir. Equipado com SRAM GX Eagle de 12 velocidades, robustas de 30 mm e amortecedor Rx Tuned Fox FLOAT Factory, n\u00e3o h\u00e1 trilha que possa resistir.   <\/p>\n","protected":false},"featured_media":302840,"comment_status":"closed","ping_status":"closed","template":"","meta":{"_acf_changed":false,"_et_pb_use_builder":"","_et_pb_old_content":"","_et_gb_content_width":"","inline_featured_image":false},"product_brand":[],"product_cat":[2459,402,2483,2460,2461,2696],"product_tag":[],"class_list":{"0":"post-380867","1":"product","2":"type-product","3":"status-publish","4":"has-post-thumbnail","6":"product_cat-bicicletas-pt-pt-2","7":"product_cat-montanha","8":"product_cat-bicicletas-especializadas","9":"product_cat-ofertas-pt-pt","10":"product_cat-oferta-montanha","11":"product_cat-ofertas-especializadas","12":"product_shipping_class-bicicletas-pt-pt","14":"first","15":"outofstock","16":"taxable","17":"shipping-taxable","18":"product-type-variable","19":"wvs-archive-product-wrapper"},"acf":[],"yoast_head":"<!-- This site is optimized with the Yoast SEO Premium plugin v26.7 (Yoast SEO v26.7) - https:\/\/yoast.com\/wordpress\/plugins\/seo\/ -->\n<title>Specialized Stumpjumper EVO Liga Elite 2023 Oferta GR-100<\/title>\n<meta name=\"description\" content=\"Ele \u00e9 projetado para tornar o bruto, simples e simples. Com o mesmo design das suas irm\u00e3s de carbono. Curso de 150mm, dimensionamento S, porta SWAT\u2122 integrada\" \/>\n<meta name=\"robots\" content=\"index, follow, max-snippet:-1, max-image-preview:large, max-video-preview:-1\" \/>\n<link rel=\"canonical\" href=\"https:\/\/gr-100.com\/pt-pt\/producto\/stumpjumper-especializado-evo-elite-alloy-2023\/\" \/>\n<meta property=\"og:locale\" content=\"pt_PT\" \/>\n<meta property=\"og:type\" content=\"article\" \/>\n<meta property=\"og:title\" content=\"Specialized Stumpjumper EVO Liga Elite 2023\" \/>\n<meta property=\"og:description\" content=\"Ele \u00e9 projetado para tornar o bruto, simples e simples. Com o mesmo design das suas irm\u00e3s de carbono. Curso de 150mm, dimensionamento S, porta SWAT\u2122 integrada\" \/>\n<meta property=\"og:url\" content=\"https:\/\/gr-100.com\/pt-pt\/producto\/stumpjumper-especializado-evo-elite-alloy-2023\/\" \/>\n<meta property=\"og:site_name\" content=\"Gr-100 Tienda de ciclismo Specialized\" \/>\n<meta property=\"article:publisher\" content=\"https:\/\/www.facebook.com\/Gr100Bikes\" \/>\n<meta property=\"article:modified_time\" content=\"2025-12-18T14:39:14+00:00\" \/>\n<meta property=\"og:image\" content=\"https:\/\/gr-100.com\/wp-content\/uploads\/2024\/05\/Stumjumper_evo_elite_alloy_23.jpg\" \/>\n\t<meta property=\"og:image:width\" content=\"1000\" \/>\n\t<meta property=\"og:image:height\" content=\"1000\" \/>\n\t<meta property=\"og:image:type\" content=\"image\/jpeg\" \/>\n<meta name=\"twitter:card\" content=\"summary_large_image\" \/>\n<meta name=\"twitter:label1\" content=\"Tempo estimado de leitura\" \/>\n\t<meta name=\"twitter:data1\" content=\"2 minutos\" \/>\n<script type=\"application\/ld+json\" class=\"yoast-schema-graph\">{\"@context\":\"https:\/\/schema.org\",\"@graph\":[{\"@type\":\"WebPage\",\"@id\":\"https:\/\/gr-100.com\/pt-pt\/producto\/stumpjumper-especializado-evo-elite-alloy-2023\/\",\"url\":\"https:\/\/gr-100.com\/pt-pt\/producto\/stumpjumper-especializado-evo-elite-alloy-2023\/\",\"name\":\"Specialized Stumpjumper EVO Liga Elite 2023 Oferta GR-100\",\"isPartOf\":{\"@id\":\"https:\/\/gr-100.com\/#website\"},\"primaryImageOfPage\":{\"@id\":\"https:\/\/gr-100.com\/pt-pt\/producto\/stumpjumper-especializado-evo-elite-alloy-2023\/#primaryimage\"},\"image\":{\"@id\":\"https:\/\/gr-100.com\/pt-pt\/producto\/stumpjumper-especializado-evo-elite-alloy-2023\/#primaryimage\"},\"thumbnailUrl\":\"https:\/\/gr-100.com\/wp-content\/uploads\/2024\/05\/Stumjumper_evo_elite_alloy_23.jpg\",\"datePublished\":\"2024-07-01T11:20:14+00:00\",\"dateModified\":\"2025-12-18T14:39:14+00:00\",\"description\":\"Ele \u00e9 projetado para tornar o bruto, simples e simples. Com o mesmo design das suas irm\u00e3s de carbono. Curso de 150mm, dimensionamento S, porta SWAT\u2122 integrada\",\"breadcrumb\":{\"@id\":\"https:\/\/gr-100.com\/pt-pt\/producto\/stumpjumper-especializado-evo-elite-alloy-2023\/#breadcrumb\"},\"inLanguage\":\"pt-PT\",\"potentialAction\":[{\"@type\":\"ReadAction\",\"target\":[\"https:\/\/gr-100.com\/pt-pt\/producto\/stumpjumper-especializado-evo-elite-alloy-2023\/\"]}]},{\"@type\":\"ImageObject\",\"inLanguage\":\"pt-PT\",\"@id\":\"https:\/\/gr-100.com\/pt-pt\/producto\/stumpjumper-especializado-evo-elite-alloy-2023\/#primaryimage\",\"url\":\"https:\/\/gr-100.com\/wp-content\/uploads\/2024\/05\/Stumjumper_evo_elite_alloy_23.jpg\",\"contentUrl\":\"https:\/\/gr-100.com\/wp-content\/uploads\/2024\/05\/Stumjumper_evo_elite_alloy_23.jpg\",\"width\":1000,\"height\":1000},{\"@type\":\"BreadcrumbList\",\"@id\":\"https:\/\/gr-100.com\/pt-pt\/producto\/stumpjumper-especializado-evo-elite-alloy-2023\/#breadcrumb\",\"itemListElement\":[{\"@type\":\"ListItem\",\"position\":1,\"name\":\"Portada\",\"item\":\"https:\/\/gr-100.com\/en\/\"},{\"@type\":\"ListItem\",\"position\":2,\"name\":\"Productos\",\"item\":\"https:\/\/gr-100.com\/?post_type=product\"},{\"@type\":\"ListItem\",\"position\":3,\"name\":\"Specialized Stumpjumper EVO Liga Elite 2023\"}]},{\"@type\":\"WebSite\",\"@id\":\"https:\/\/gr-100.com\/#website\",\"url\":\"https:\/\/gr-100.com\/\",\"name\":\"Gr-100 Tienda de ciclismo Specialized\",\"description\":\"GR-100 tenemos todas las gamas de bicicletas Specialized al mejor precio.\",\"publisher\":{\"@id\":\"https:\/\/gr-100.com\/#organization\"},\"alternateName\":\"Gr-100 Bikes\",\"potentialAction\":[{\"@type\":\"SearchAction\",\"target\":{\"@type\":\"EntryPoint\",\"urlTemplate\":\"https:\/\/gr-100.com\/?s={search_term_string}\"},\"query-input\":{\"@type\":\"PropertyValueSpecification\",\"valueRequired\":true,\"valueName\":\"search_term_string\"}}],\"inLanguage\":\"pt-PT\"},{\"@type\":\"Organization\",\"@id\":\"https:\/\/gr-100.com\/#organization\",\"name\":\"Gr-100\",\"url\":\"https:\/\/gr-100.com\/\",\"logo\":{\"@type\":\"ImageObject\",\"inLanguage\":\"pt-PT\",\"@id\":\"https:\/\/gr-100.com\/#\/schema\/logo\/image\/\",\"url\":\"https:\/\/gr-100.com\/wp-content\/uploads\/2023\/08\/logo-gr-100-bikes.png\",\"contentUrl\":\"https:\/\/gr-100.com\/wp-content\/uploads\/2023\/08\/logo-gr-100-bikes.png\",\"width\":707,\"height\":284,\"caption\":\"Gr-100\"},\"image\":{\"@id\":\"https:\/\/gr-100.com\/#\/schema\/logo\/image\/\"},\"sameAs\":[\"https:\/\/www.facebook.com\/Gr100Bikes\",\"https:\/\/www.instagram.com\/gr100bikes\/\",\"https:\/\/www.tiktok.com\/@gr100bikes\",\"https:\/\/twitter.com\/gr100mtbteam\",\"https:\/\/www.youtube.com\/c\/GR100Specialized\"]}]}<\/script>\n<!-- \/ Yoast SEO Premium plugin. -->","yoast_head_json":{"title":"Specialized Stumpjumper EVO Liga Elite 2023 Oferta GR-100","description":"Ele \u00e9 projetado para tornar o bruto, simples e simples. Com o mesmo design das suas irm\u00e3s de carbono. Curso de 150mm, dimensionamento S, porta SWAT\u2122 integrada","robots":{"index":"index","follow":"follow","max-snippet":"max-snippet:-1","max-image-preview":"max-image-preview:large","max-video-preview":"max-video-preview:-1"},"canonical":"https:\/\/gr-100.com\/pt-pt\/producto\/stumpjumper-especializado-evo-elite-alloy-2023\/","og_locale":"pt_PT","og_type":"article","og_title":"Specialized Stumpjumper EVO Liga Elite 2023","og_description":"Ele \u00e9 projetado para tornar o bruto, simples e simples. Com o mesmo design das suas irm\u00e3s de carbono. Curso de 150mm, dimensionamento S, porta SWAT\u2122 integrada","og_url":"https:\/\/gr-100.com\/pt-pt\/producto\/stumpjumper-especializado-evo-elite-alloy-2023\/","og_site_name":"Gr-100 Tienda de ciclismo Specialized","article_publisher":"https:\/\/www.facebook.com\/Gr100Bikes","article_modified_time":"2025-12-18T14:39:14+00:00","og_image":[{"width":1000,"height":1000,"url":"https:\/\/gr-100.com\/wp-content\/uploads\/2024\/05\/Stumjumper_evo_elite_alloy_23.jpg","type":"image\/jpeg"}],"twitter_card":"summary_large_image","twitter_misc":{"Tempo estimado de leitura":"2 minutos"},"schema":{"@context":"https:\/\/schema.org","@graph":[{"@type":"WebPage","@id":"https:\/\/gr-100.com\/pt-pt\/producto\/stumpjumper-especializado-evo-elite-alloy-2023\/","url":"https:\/\/gr-100.com\/pt-pt\/producto\/stumpjumper-especializado-evo-elite-alloy-2023\/","name":"Specialized Stumpjumper EVO Liga Elite 2023 Oferta GR-100","isPartOf":{"@id":"https:\/\/gr-100.com\/#website"},"primaryImageOfPage":{"@id":"https:\/\/gr-100.com\/pt-pt\/producto\/stumpjumper-especializado-evo-elite-alloy-2023\/#primaryimage"},"image":{"@id":"https:\/\/gr-100.com\/pt-pt\/producto\/stumpjumper-especializado-evo-elite-alloy-2023\/#primaryimage"},"thumbnailUrl":"https:\/\/gr-100.com\/wp-content\/uploads\/2024\/05\/Stumjumper_evo_elite_alloy_23.jpg","datePublished":"2024-07-01T11:20:14+00:00","dateModified":"2025-12-18T14:39:14+00:00","description":"Ele \u00e9 projetado para tornar o bruto, simples e simples. Com o mesmo design das suas irm\u00e3s de carbono. Curso de 150mm, dimensionamento S, porta SWAT\u2122 integrada","breadcrumb":{"@id":"https:\/\/gr-100.com\/pt-pt\/producto\/stumpjumper-especializado-evo-elite-alloy-2023\/#breadcrumb"},"inLanguage":"pt-PT","potentialAction":[{"@type":"ReadAction","target":["https:\/\/gr-100.com\/pt-pt\/producto\/stumpjumper-especializado-evo-elite-alloy-2023\/"]}]},{"@type":"ImageObject","inLanguage":"pt-PT","@id":"https:\/\/gr-100.com\/pt-pt\/producto\/stumpjumper-especializado-evo-elite-alloy-2023\/#primaryimage","url":"https:\/\/gr-100.com\/wp-content\/uploads\/2024\/05\/Stumjumper_evo_elite_alloy_23.jpg","contentUrl":"https:\/\/gr-100.com\/wp-content\/uploads\/2024\/05\/Stumjumper_evo_elite_alloy_23.jpg","width":1000,"height":1000},{"@type":"BreadcrumbList","@id":"https:\/\/gr-100.com\/pt-pt\/producto\/stumpjumper-especializado-evo-elite-alloy-2023\/#breadcrumb","itemListElement":[{"@type":"ListItem","position":1,"name":"Portada","item":"https:\/\/gr-100.com\/en\/"},{"@type":"ListItem","position":2,"name":"Productos","item":"https:\/\/gr-100.com\/?post_type=product"},{"@type":"ListItem","position":3,"name":"Specialized Stumpjumper EVO Liga Elite 2023"}]},{"@type":"WebSite","@id":"https:\/\/gr-100.com\/#website","url":"https:\/\/gr-100.com\/","name":"Gr-100 Tienda de ciclismo Specialized","description":"GR-100 tenemos todas las gamas de bicicletas Specialized al mejor precio.","publisher":{"@id":"https:\/\/gr-100.com\/#organization"},"alternateName":"Gr-100 Bikes","potentialAction":[{"@type":"SearchAction","target":{"@type":"EntryPoint","urlTemplate":"https:\/\/gr-100.com\/?s={search_term_string}"},"query-input":{"@type":"PropertyValueSpecification","valueRequired":true,"valueName":"search_term_string"}}],"inLanguage":"pt-PT"},{"@type":"Organization","@id":"https:\/\/gr-100.com\/#organization","name":"Gr-100","url":"https:\/\/gr-100.com\/","logo":{"@type":"ImageObject","inLanguage":"pt-PT","@id":"https:\/\/gr-100.com\/#\/schema\/logo\/image\/","url":"https:\/\/gr-100.com\/wp-content\/uploads\/2023\/08\/logo-gr-100-bikes.png","contentUrl":"https:\/\/gr-100.com\/wp-content\/uploads\/2023\/08\/logo-gr-100-bikes.png","width":707,"height":284,"caption":"Gr-100"},"image":{"@id":"https:\/\/gr-100.com\/#\/schema\/logo\/image\/"},"sameAs":["https:\/\/www.facebook.com\/Gr100Bikes","https:\/\/www.instagram.com\/gr100bikes\/","https:\/\/www.tiktok.com\/@gr100bikes","https:\/\/twitter.com\/gr100mtbteam","https:\/\/www.youtube.com\/c\/GR100Specialized"]}]}},"_links":{"self":[{"href":"https:\/\/gr-100.com\/pt-pt\/wp-json\/wp\/v2\/product\/380867","targetHints":{"allow":["GET"]}}],"collection":[{"href":"https:\/\/gr-100.com\/pt-pt\/wp-json\/wp\/v2\/product"}],"about":[{"href":"https:\/\/gr-100.com\/pt-pt\/wp-json\/wp\/v2\/types\/product"}],"replies":[{"embeddable":true,"href":"https:\/\/gr-100.com\/pt-pt\/wp-json\/wp\/v2\/comments?post=380867"}],"wp:featuredmedia":[{"embeddable":true,"href":"https:\/\/gr-100.com\/pt-pt\/wp-json\/wp\/v2\/media\/302840"}],"wp:attachment":[{"href":"https:\/\/gr-100.com\/pt-pt\/wp-json\/wp\/v2\/media?parent=380867"}],"wp:term":[{"taxonomy":"product_brand","embeddable":true,"href":"https:\/\/gr-100.com\/pt-pt\/wp-json\/wp\/v2\/product_brand?post=380867"},{"taxonomy":"product_cat","embeddable":true,"href":"https:\/\/gr-100.com\/pt-pt\/wp-json\/wp\/v2\/product_cat?post=380867"},{"taxonomy":"product_tag","embeddable":true,"href":"https:\/\/gr-100.com\/pt-pt\/wp-json\/wp\/v2\/product_tag?post=380867"}],"curies":[{"name":"wp","href":"https:\/\/api.w.org\/{rel}","templated":true}]}}