{"id":380881,"date":"2024-07-01T13:20:03","date_gmt":"2024-07-01T11:20:03","guid":{"rendered":"https:\/\/gr-100.com\/producto\/stumpjumper-especializado-evo-ltd-2023\/"},"modified":"2025-11-26T16:39:56","modified_gmt":"2025-11-26T14:39:56","slug":"stumpjumper-especializado-evo-ltd-2023","status":"publish","type":"product","link":"https:\/\/gr-100.com\/pt-pt\/producto\/stumpjumper-especializado-evo-ltd-2023\/","title":{"rendered":"Specialized Stumpjumper EVO LTD 2023"},"content":{"rendered":"<div>\n<p>Para melhorar ainda mais esta configura\u00e7\u00e3o de jantes de 29\/27,5&#8243;, o Stumpjumper EVO LTD apresenta um amortecedor RockShox Super Deluxe Ultimate na traseira, emparelhado com uma forquilha RockShox Lyrik Ultimate. Termine com jantes de liga leve de 30 mm de largura e uma cadeia cinem\u00e1tica SRAM Eagle, e o LTD est\u00e1 pronto para festejar. <\/p>\n<\/div>\n<ul>\n<li>Toda a viagem do mundo \u00e9 in\u00fatil sem a devida afina\u00e7\u00e3o e cinem\u00e1tica dos amortecedores.<br \/>\nPara o novo design do Stumpjumper EVO, priorizamos o desempenho cinem\u00e1tico.<br \/>\nAplicando as li\u00e7\u00f5es aprendidas durante o desenvolvimento do Enduro, e depois com mais de 1.000 horas de laborat\u00f3rio de suspens\u00e3o e desenvolvimento de campo, n\u00e3o s\u00f3 melhor\u00e1mos o desempenho de pedalada do Stumpjumper, como o torn\u00e1mos mais capaz e \u00e1gil.<br \/>\nAumentamos o anti-agachamento, para que a suspens\u00e3o resista melhor \u00e0 a\u00e7\u00e3o de pedalar, e melhoramos ainda mais o desempenho de absor\u00e7\u00e3o em impactos repentinos.<br \/>\nEm suma?<br \/>\nEsta bicicleta destr\u00f3i trilhas, n\u00e3o pernas.     <\/li>\n<li>A geometria S-Sizing do novo Stumpjumper EVO \u00e9 a mais progressiva de sempre.<br \/>\nLongo, baixo, lan\u00e7ado, com deslocamento curto de orquilla, maior \u00e2ngulo vertical do tubo do assento \u2013 estes s\u00e3o pr\u00e9-requisitos para uma condu\u00e7\u00e3o progressiva moderna.<br \/>\nMas nem todos andam da mesma maneira, e \u00e9 por isso que a geometria do novo Stumpjumper EVO \u00e9 totalmente ajust\u00e1vel com seis configura\u00e7\u00f5es diferentes.<br \/>\nVoc\u00ea pode ajustar a altura do suporte inferior em 10mm, voc\u00ea pode ajustar o \u00e2ngulo da cabe\u00e7a em dois graus, e voc\u00ea pode fazer esses ajustes independentemente.<br \/>\nFinalmente, se voc\u00ea quiser entrar no modo mullet, o EVO permite que voc\u00ea use uma roda traseira de 27,5 polegadas acoplada com uma dianteira de 29 polegadas.    <\/li>\n<li>Os quadros da Rider-First Engineered\u2122 utilizam dimens\u00f5es espec\u00edficas para a condu\u00e7\u00e3o, que garantem uma condu\u00e7\u00e3o e um desempenho impec\u00e1veis, independentemente do tamanho do quadro ou da altura do condutor.<br \/>\nQuer esteja a conduzir um S1, quer seja um aficionado por DH gigante que precisa de um S6 longo, ir\u00e1 experimentar as mesmas caracter\u00edsticas de condu\u00e7\u00e3o: rigidez dianteira e traseira equilibrada, com o peso mais leve poss\u00edvel. <\/li>\n<li>Introduzimos o port\u00e3o SWAT\u2122 no Stumpjumper em 2016, adicionando espa\u00e7o no quadro para tudo o que voc\u00ea precisa, como bombas e tubos de reposi\u00e7\u00e3o.<br \/>\nCom o novo Stumpjumper, aument\u00e1mos o volume e adicion\u00e1mos um saco de \u00e1gua SWAT\u2122, dando-lhe mais 22oz de armazenamento de \u00e1gua, do mesmo tamanho de uma pequena garrafa de \u00e1gua, escondida no seu tubo inferior. <\/li>\n<\/ul>\n<p><strong>Especifica\u00e7\u00f5es<\/strong><\/p>\n<ul>\n<li>STEM<br \/>\nAlloy Trail Stem, furo em barra de 35 mm<\/li>\n<li>Bridge Comp SADDLE,<br \/>\n Trilhos ocos Cr-mo, 155\/143mm<\/li>\n<li>Punhos da Divindade\n<\/li>\n<li>SEATPOST<br \/>\nOneUp, Conta-gotas Post-V2, alavanca MMX, 34.9 (S1:120mm, S2\/S3:150mm, S4: 180mm, S5\/S6: 210mm)<\/li>\n<li>Specialized<br \/>\n, liga 7050, backsweep de 8 graus, upsweep de 6 graus, eleva\u00e7\u00e3o de 30mm, grampo de 800mm, 35mm<\/li>\n<li>ABRA\u00c7O. Liga de sela<br \/>\n, 38.6mm <\/li>\n<li>FACTO Chassis de carbono de 11m e estrutura<br \/>\n traseira, design assim\u00e9trico, geometria de trilha de 29\/27,5&#8243;, integra\u00e7\u00e3o com porta SWAT\u2122, ajuste de \u00e2ngulo do tubo de cabe\u00e7a, ajuste BB de piv\u00f4 horst, BB roscado, roteamento de cabo interno totalmente fechado, sa\u00eddas de 12x148mm, piv\u00f4s de rolamento de cartucho selado, gancho derailleur substitu\u00edvel, 150mm de curso<\/li>\n<li>PNEU.<br \/>\nTalho, carca\u00e7a GRID TRAIL, composto GRIPTON\u00ae T9, 2Bliss Ready, 29&#215;2.3&#8243;<\/li>\n<li>DT Swiss Competition Race RAIOS\n<\/li>\n<li>Eliminador de pneus traseiros<br \/>\n, carca\u00e7a GRID TRAIL, composto GRIPTON\u00ae T7, 2Bliss Ready, 27,5 x 2,3&#8243;<\/li>\n<li>CUBO TRASEIRO<br \/>\nRoval DT Swiss 370, Ratchet LN, SRAM XD corpo do motorista, eixo thru de 12mm, espa\u00e7amento de 148mm, 28h<\/li>\n<li>Roval Traverse 29 Alloy RIMS<br \/>\n, 30mm de largura interna, constru\u00eddo \u00e0 m\u00e3o, 2Bliss Ready<\/li>\n<li>CUBO DIANTEIRO<br \/>\nRoval, rolamentos de cartucho selados, espa\u00e7amento 15x110mm, 28h<\/li>\n<li>C\u00c2MERAS<br \/>\nPadr\u00e3o, Presta Valve<\/li>\n<li>Rock Shox Super Deluxe Ultimate SHOCK<br \/>\n, Rx Trail Tune, Amortecedor RC2T, controle hidr\u00e1ulico de sa\u00edda de fundo, S1: 210x50mm, S2-S6: 210x55mm<\/li>\n<li>RockShox Lyrik Ultimate FORK<br \/>\n, Carregador 3 RC2 W\/ButterCups, 15x110mm, 44mm offset, S1: 150mm de curso, S2-S6: 160mm de curso<\/li>\n<li>FREIO TRASEIRO<br \/>\nSRAM C\u00f3digo RS, pin\u00e7a de 4 pist\u00f5es, disco hidr\u00e1ulico, 200mm<\/li>\n<li>FREIO DIANTEIRO<br \/>\nSRAM C\u00f3digo RS, pin\u00e7a de 4 pist\u00f5es, disco hidr\u00e1ulico, 200mm<\/li>\n<li>SRAM DUB, BSA<br \/>\n 73mm, Roscado<\/li>\n<li>ControladorSRAM SRAM GX Eagle<br \/>\n AXS<\/li>\n<li>SRAM GX Eagle AXS DESCARRILADOR<br \/>\n TRASEIRO, W \/ TAMPASRAM DA BATERIA<\/li>\n<li>Suporte inferior<br \/>\n SRAM GX Eagle Alloy, DUB, 165\/170\/175mm, 32tSRAM<\/li>\n<li>SRAM GX Eagle CHAIN<br \/>\nSRAM de 12 velocidades<\/li>\n<li>Sram XG-1275 CASSETTE,<br \/>\n 12 velocidades, 10-52t<\/li>\n<li>PLATOS<br \/>\n32T<\/li>\n<li>PESO<br \/>\n14,54 kg (32 lb, ,9 oz)<br \/>\nTamanho Peso<br \/>\nS4* Pesos com base na produ\u00e7\u00e3o pintada quadros como retratado. Os pesos reais variam consoante a cor, o tamanho do quadro e a varia\u00e7\u00e3o dos componentes. As especifica\u00e7\u00f5es est\u00e3o sujeitas a altera\u00e7\u00f5es sem aviso pr\u00e9vio.<\/li>\n<\/ul>\n","protected":false},"excerpt":{"rendered":"<p>O que obt\u00e9m quando combina uma roda dianteira de 29 polegadas com uma roda traseira de 27,5 polegadas?<br \/>\nSim, a Stumpjumper EVO LTD.  Com todos os benef\u00edcios de tra\u00e7\u00e3o e condu\u00e7\u00e3o de um 29er, mas com uma roda traseira menor e mais gerenci\u00e1vel, esta configura\u00e7\u00e3o mullet combina com um estilo mais divertido e divertido.<br \/>\nSente-se em casa no bikepark, e \u00e9 um atraso nas trilhas. <\/p>\n","protected":false},"featured_media":302820,"comment_status":"closed","ping_status":"closed","template":"","meta":{"_acf_changed":false,"_et_pb_use_builder":"","_et_pb_old_content":"","_et_gb_content_width":"","inline_featured_image":false},"product_brand":[],"product_cat":[2459,402,2483,2460,2461,2696],"product_tag":[],"class_list":{"0":"post-380881","1":"product","2":"type-product","3":"status-publish","4":"has-post-thumbnail","6":"product_cat-bicicletas-pt-pt-2","7":"product_cat-montanha","8":"product_cat-bicicletas-especializadas","9":"product_cat-ofertas-pt-pt","10":"product_cat-oferta-montanha","11":"product_cat-ofertas-especializadas","12":"product_shipping_class-bicicletas-pt-pt","14":"first","15":"outofstock","16":"taxable","17":"shipping-taxable","18":"product-type-variable","19":"wvs-archive-product-wrapper"},"acf":[],"yoast_head":"<!-- This site is optimized with the Yoast SEO Premium plugin v26.7 (Yoast SEO v26.7) - https:\/\/yoast.com\/wordpress\/plugins\/seo\/ -->\n<title>Specialized Stumpjumper EVO LTD 2023 Oferta GR-100<\/title>\n<meta name=\"description\" content=\"O que obt\u00e9m quando combina uma roda dianteira de 29 polegadas com uma roda traseira de 27,5 polegadas? Sim, a Stumpjumper EVO LTD.\" \/>\n<meta name=\"robots\" content=\"index, follow, max-snippet:-1, max-image-preview:large, max-video-preview:-1\" \/>\n<link rel=\"canonical\" href=\"https:\/\/gr-100.com\/pt-pt\/producto\/stumpjumper-especializado-evo-ltd-2023\/\" \/>\n<meta property=\"og:locale\" content=\"pt_PT\" \/>\n<meta property=\"og:type\" content=\"article\" \/>\n<meta property=\"og:title\" content=\"Specialized Stumpjumper EVO LTD 2023\" \/>\n<meta property=\"og:description\" content=\"O que obt\u00e9m quando combina uma roda dianteira de 29 polegadas com uma roda traseira de 27,5 polegadas? Sim, a Stumpjumper EVO LTD.\" \/>\n<meta property=\"og:url\" content=\"https:\/\/gr-100.com\/pt-pt\/producto\/stumpjumper-especializado-evo-ltd-2023\/\" \/>\n<meta property=\"og:site_name\" content=\"Gr-100 Tienda de ciclismo Specialized\" \/>\n<meta property=\"article:publisher\" content=\"https:\/\/www.facebook.com\/Gr100Bikes\" \/>\n<meta property=\"article:modified_time\" content=\"2025-11-26T14:39:56+00:00\" \/>\n<meta property=\"og:image\" content=\"https:\/\/gr-100.com\/wp-content\/uploads\/2024\/05\/stumpjumper_evo_ltd_23_2.jpg\" \/>\n\t<meta property=\"og:image:width\" content=\"1000\" \/>\n\t<meta property=\"og:image:height\" content=\"1000\" \/>\n\t<meta property=\"og:image:type\" content=\"image\/jpeg\" \/>\n<meta name=\"twitter:card\" content=\"summary_large_image\" \/>\n<meta name=\"twitter:label1\" content=\"Tempo estimado de leitura\" \/>\n\t<meta name=\"twitter:data1\" content=\"4 minutos\" \/>\n<script type=\"application\/ld+json\" class=\"yoast-schema-graph\">{\"@context\":\"https:\/\/schema.org\",\"@graph\":[{\"@type\":\"WebPage\",\"@id\":\"https:\/\/gr-100.com\/pt-pt\/producto\/stumpjumper-especializado-evo-ltd-2023\/\",\"url\":\"https:\/\/gr-100.com\/pt-pt\/producto\/stumpjumper-especializado-evo-ltd-2023\/\",\"name\":\"Specialized Stumpjumper EVO LTD 2023 Oferta GR-100\",\"isPartOf\":{\"@id\":\"https:\/\/gr-100.com\/#website\"},\"primaryImageOfPage\":{\"@id\":\"https:\/\/gr-100.com\/pt-pt\/producto\/stumpjumper-especializado-evo-ltd-2023\/#primaryimage\"},\"image\":{\"@id\":\"https:\/\/gr-100.com\/pt-pt\/producto\/stumpjumper-especializado-evo-ltd-2023\/#primaryimage\"},\"thumbnailUrl\":\"https:\/\/gr-100.com\/wp-content\/uploads\/2024\/05\/stumpjumper_evo_ltd_23_2.jpg\",\"datePublished\":\"2024-07-01T11:20:03+00:00\",\"dateModified\":\"2025-11-26T14:39:56+00:00\",\"description\":\"O que obt\u00e9m quando combina uma roda dianteira de 29 polegadas com uma roda traseira de 27,5 polegadas? Sim, a Stumpjumper EVO LTD.\",\"breadcrumb\":{\"@id\":\"https:\/\/gr-100.com\/pt-pt\/producto\/stumpjumper-especializado-evo-ltd-2023\/#breadcrumb\"},\"inLanguage\":\"pt-PT\",\"potentialAction\":[{\"@type\":\"ReadAction\",\"target\":[\"https:\/\/gr-100.com\/pt-pt\/producto\/stumpjumper-especializado-evo-ltd-2023\/\"]}]},{\"@type\":\"ImageObject\",\"inLanguage\":\"pt-PT\",\"@id\":\"https:\/\/gr-100.com\/pt-pt\/producto\/stumpjumper-especializado-evo-ltd-2023\/#primaryimage\",\"url\":\"https:\/\/gr-100.com\/wp-content\/uploads\/2024\/05\/stumpjumper_evo_ltd_23_2.jpg\",\"contentUrl\":\"https:\/\/gr-100.com\/wp-content\/uploads\/2024\/05\/stumpjumper_evo_ltd_23_2.jpg\",\"width\":1000,\"height\":1000},{\"@type\":\"BreadcrumbList\",\"@id\":\"https:\/\/gr-100.com\/pt-pt\/producto\/stumpjumper-especializado-evo-ltd-2023\/#breadcrumb\",\"itemListElement\":[{\"@type\":\"ListItem\",\"position\":1,\"name\":\"Portada\",\"item\":\"https:\/\/gr-100.com\/en\/\"},{\"@type\":\"ListItem\",\"position\":2,\"name\":\"Productos\",\"item\":\"https:\/\/gr-100.com\/?post_type=product\"},{\"@type\":\"ListItem\",\"position\":3,\"name\":\"Specialized Stumpjumper EVO LTD 2023\"}]},{\"@type\":\"WebSite\",\"@id\":\"https:\/\/gr-100.com\/#website\",\"url\":\"https:\/\/gr-100.com\/\",\"name\":\"Gr-100 Tienda de ciclismo Specialized\",\"description\":\"GR-100 tenemos todas las gamas de bicicletas Specialized al mejor precio.\",\"publisher\":{\"@id\":\"https:\/\/gr-100.com\/#organization\"},\"alternateName\":\"Gr-100 Bikes\",\"potentialAction\":[{\"@type\":\"SearchAction\",\"target\":{\"@type\":\"EntryPoint\",\"urlTemplate\":\"https:\/\/gr-100.com\/?s={search_term_string}\"},\"query-input\":{\"@type\":\"PropertyValueSpecification\",\"valueRequired\":true,\"valueName\":\"search_term_string\"}}],\"inLanguage\":\"pt-PT\"},{\"@type\":\"Organization\",\"@id\":\"https:\/\/gr-100.com\/#organization\",\"name\":\"Gr-100\",\"url\":\"https:\/\/gr-100.com\/\",\"logo\":{\"@type\":\"ImageObject\",\"inLanguage\":\"pt-PT\",\"@id\":\"https:\/\/gr-100.com\/#\/schema\/logo\/image\/\",\"url\":\"https:\/\/gr-100.com\/wp-content\/uploads\/2023\/08\/logo-gr-100-bikes.png\",\"contentUrl\":\"https:\/\/gr-100.com\/wp-content\/uploads\/2023\/08\/logo-gr-100-bikes.png\",\"width\":707,\"height\":284,\"caption\":\"Gr-100\"},\"image\":{\"@id\":\"https:\/\/gr-100.com\/#\/schema\/logo\/image\/\"},\"sameAs\":[\"https:\/\/www.facebook.com\/Gr100Bikes\",\"https:\/\/www.instagram.com\/gr100bikes\/\",\"https:\/\/www.tiktok.com\/@gr100bikes\",\"https:\/\/twitter.com\/gr100mtbteam\",\"https:\/\/www.youtube.com\/c\/GR100Specialized\"]}]}<\/script>\n<!-- \/ Yoast SEO Premium plugin. -->","yoast_head_json":{"title":"Specialized Stumpjumper EVO LTD 2023 Oferta GR-100","description":"O que obt\u00e9m quando combina uma roda dianteira de 29 polegadas com uma roda traseira de 27,5 polegadas? Sim, a Stumpjumper EVO LTD.","robots":{"index":"index","follow":"follow","max-snippet":"max-snippet:-1","max-image-preview":"max-image-preview:large","max-video-preview":"max-video-preview:-1"},"canonical":"https:\/\/gr-100.com\/pt-pt\/producto\/stumpjumper-especializado-evo-ltd-2023\/","og_locale":"pt_PT","og_type":"article","og_title":"Specialized Stumpjumper EVO LTD 2023","og_description":"O que obt\u00e9m quando combina uma roda dianteira de 29 polegadas com uma roda traseira de 27,5 polegadas? Sim, a Stumpjumper EVO LTD.","og_url":"https:\/\/gr-100.com\/pt-pt\/producto\/stumpjumper-especializado-evo-ltd-2023\/","og_site_name":"Gr-100 Tienda de ciclismo Specialized","article_publisher":"https:\/\/www.facebook.com\/Gr100Bikes","article_modified_time":"2025-11-26T14:39:56+00:00","og_image":[{"width":1000,"height":1000,"url":"https:\/\/gr-100.com\/wp-content\/uploads\/2024\/05\/stumpjumper_evo_ltd_23_2.jpg","type":"image\/jpeg"}],"twitter_card":"summary_large_image","twitter_misc":{"Tempo estimado de leitura":"4 minutos"},"schema":{"@context":"https:\/\/schema.org","@graph":[{"@type":"WebPage","@id":"https:\/\/gr-100.com\/pt-pt\/producto\/stumpjumper-especializado-evo-ltd-2023\/","url":"https:\/\/gr-100.com\/pt-pt\/producto\/stumpjumper-especializado-evo-ltd-2023\/","name":"Specialized Stumpjumper EVO LTD 2023 Oferta GR-100","isPartOf":{"@id":"https:\/\/gr-100.com\/#website"},"primaryImageOfPage":{"@id":"https:\/\/gr-100.com\/pt-pt\/producto\/stumpjumper-especializado-evo-ltd-2023\/#primaryimage"},"image":{"@id":"https:\/\/gr-100.com\/pt-pt\/producto\/stumpjumper-especializado-evo-ltd-2023\/#primaryimage"},"thumbnailUrl":"https:\/\/gr-100.com\/wp-content\/uploads\/2024\/05\/stumpjumper_evo_ltd_23_2.jpg","datePublished":"2024-07-01T11:20:03+00:00","dateModified":"2025-11-26T14:39:56+00:00","description":"O que obt\u00e9m quando combina uma roda dianteira de 29 polegadas com uma roda traseira de 27,5 polegadas? Sim, a Stumpjumper EVO LTD.","breadcrumb":{"@id":"https:\/\/gr-100.com\/pt-pt\/producto\/stumpjumper-especializado-evo-ltd-2023\/#breadcrumb"},"inLanguage":"pt-PT","potentialAction":[{"@type":"ReadAction","target":["https:\/\/gr-100.com\/pt-pt\/producto\/stumpjumper-especializado-evo-ltd-2023\/"]}]},{"@type":"ImageObject","inLanguage":"pt-PT","@id":"https:\/\/gr-100.com\/pt-pt\/producto\/stumpjumper-especializado-evo-ltd-2023\/#primaryimage","url":"https:\/\/gr-100.com\/wp-content\/uploads\/2024\/05\/stumpjumper_evo_ltd_23_2.jpg","contentUrl":"https:\/\/gr-100.com\/wp-content\/uploads\/2024\/05\/stumpjumper_evo_ltd_23_2.jpg","width":1000,"height":1000},{"@type":"BreadcrumbList","@id":"https:\/\/gr-100.com\/pt-pt\/producto\/stumpjumper-especializado-evo-ltd-2023\/#breadcrumb","itemListElement":[{"@type":"ListItem","position":1,"name":"Portada","item":"https:\/\/gr-100.com\/en\/"},{"@type":"ListItem","position":2,"name":"Productos","item":"https:\/\/gr-100.com\/?post_type=product"},{"@type":"ListItem","position":3,"name":"Specialized Stumpjumper EVO LTD 2023"}]},{"@type":"WebSite","@id":"https:\/\/gr-100.com\/#website","url":"https:\/\/gr-100.com\/","name":"Gr-100 Tienda de ciclismo Specialized","description":"GR-100 tenemos todas las gamas de bicicletas Specialized al mejor precio.","publisher":{"@id":"https:\/\/gr-100.com\/#organization"},"alternateName":"Gr-100 Bikes","potentialAction":[{"@type":"SearchAction","target":{"@type":"EntryPoint","urlTemplate":"https:\/\/gr-100.com\/?s={search_term_string}"},"query-input":{"@type":"PropertyValueSpecification","valueRequired":true,"valueName":"search_term_string"}}],"inLanguage":"pt-PT"},{"@type":"Organization","@id":"https:\/\/gr-100.com\/#organization","name":"Gr-100","url":"https:\/\/gr-100.com\/","logo":{"@type":"ImageObject","inLanguage":"pt-PT","@id":"https:\/\/gr-100.com\/#\/schema\/logo\/image\/","url":"https:\/\/gr-100.com\/wp-content\/uploads\/2023\/08\/logo-gr-100-bikes.png","contentUrl":"https:\/\/gr-100.com\/wp-content\/uploads\/2023\/08\/logo-gr-100-bikes.png","width":707,"height":284,"caption":"Gr-100"},"image":{"@id":"https:\/\/gr-100.com\/#\/schema\/logo\/image\/"},"sameAs":["https:\/\/www.facebook.com\/Gr100Bikes","https:\/\/www.instagram.com\/gr100bikes\/","https:\/\/www.tiktok.com\/@gr100bikes","https:\/\/twitter.com\/gr100mtbteam","https:\/\/www.youtube.com\/c\/GR100Specialized"]}]}},"_links":{"self":[{"href":"https:\/\/gr-100.com\/pt-pt\/wp-json\/wp\/v2\/product\/380881","targetHints":{"allow":["GET"]}}],"collection":[{"href":"https:\/\/gr-100.com\/pt-pt\/wp-json\/wp\/v2\/product"}],"about":[{"href":"https:\/\/gr-100.com\/pt-pt\/wp-json\/wp\/v2\/types\/product"}],"replies":[{"embeddable":true,"href":"https:\/\/gr-100.com\/pt-pt\/wp-json\/wp\/v2\/comments?post=380881"}],"wp:featuredmedia":[{"embeddable":true,"href":"https:\/\/gr-100.com\/pt-pt\/wp-json\/wp\/v2\/media\/302820"}],"wp:attachment":[{"href":"https:\/\/gr-100.com\/pt-pt\/wp-json\/wp\/v2\/media?parent=380881"}],"wp:term":[{"taxonomy":"product_brand","embeddable":true,"href":"https:\/\/gr-100.com\/pt-pt\/wp-json\/wp\/v2\/product_brand?post=380881"},{"taxonomy":"product_cat","embeddable":true,"href":"https:\/\/gr-100.com\/pt-pt\/wp-json\/wp\/v2\/product_cat?post=380881"},{"taxonomy":"product_tag","embeddable":true,"href":"https:\/\/gr-100.com\/pt-pt\/wp-json\/wp\/v2\/product_tag?post=380881"}],"curies":[{"name":"wp","href":"https:\/\/api.w.org\/{rel}","templated":true}]}}