{"id":380935,"date":"2024-07-01T13:16:39","date_gmt":"2024-07-01T11:16:39","guid":{"rendered":"https:\/\/gr-100.com\/producto\/stumpjumper-especializado-evo-comp-2023\/"},"modified":"2025-12-18T16:38:59","modified_gmt":"2025-12-18T14:38:59","slug":"stumpjumper-especializado-evo-comp-2023","status":"publish","type":"product","link":"https:\/\/gr-100.com\/pt-pt\/producto\/stumpjumper-especializado-evo-comp-2023\/","title":{"rendered":"Specialized Stumpjumper EVO Comp 2023"},"content":{"rendered":"<div class=\"ProductLongDescription__Html\">\n<ul>\n<li>Toda a viagem do mundo \u00e9 in\u00fatil sem o devido ajuste do amortecedor e cinem\u00e1tica.<br \/>\nPara o novo design do Stumpjumper EVO, priorizamos o desempenho cinem\u00e1tico.<br \/>\nAo aplicar as li\u00e7\u00f5es aprendidas durante o desenvolvimento do Enduro, seguido por mais de 1.000 horas de desenvolvimento no campo e no laborat\u00f3rio de suspens\u00e3o, n\u00e3o s\u00f3 melhor\u00e1mos o desempenho de pedalada do Stumpjumper, como o torn\u00e1mos mais capaz, \u00e1gil e animado.<br \/>\nAument\u00e1mos o anti-agachamento, para que a suspens\u00e3o resista melhor ao rolamento do pedal, e melhor\u00e1mos ainda mais o desempenho para absorver os impactos mais fortes.<br \/>\nEm suma?<br \/>\nEsta bicicleta destr\u00f3i trilhas, n\u00e3o pernas.     <\/li>\n<li>A geometria S-Sizing do novo Stumpjumper EVO \u00e9 ainda mais vanguardista.<br \/>\nLongo, baixo, lan\u00e7ado, garfo com pouco progresso, um tubo de assento mais vertical&#8230; Estes s\u00e3o os requisitos de uma geometria progressiva moderna.<br \/>\nMas a geometria perfeita \u00e9 diferente para pessoas diferentes, por isso a geometria do Stumpjumper EVO \u00e9 totalmente ajust\u00e1vel com seis op\u00e7\u00f5es diferentes.<br \/>\nN\u00e3o s\u00f3 pode modificar a altura do suporte inferior em 10 mm, como tamb\u00e9m pode alterar o \u00e2ngulo da cabe\u00e7a em dois graus, e pode fazer este ajuste de forma independente.<br \/>\nFinalmente, se quiser o m\u00e1ximo de divers\u00e3o, o EVO permite-lhe combinar uma roda traseira de 27,5 polegadas com uma roda dianteira de 29 polegadas.    <\/li>\n<li>Os quadros Rider-First Engineered\u2122 utilizam uma abordagem de tamanho conforme o uso \u00e0s caracter\u00edsticas de condu\u00e7\u00e3o que garante uma condu\u00e7\u00e3o de refer\u00eancia e um desempenho impec\u00e1vel, independentemente do tamanho do quadro ou do condutor.<br \/>\nQuer seja um mi\u00fado amante de saltos a conduzir um S1 ou um gigante DH que necessite de um S6 mais longo, ir\u00e1 experimentar as mesmas caracter\u00edsticas de condu\u00e7\u00e3o \u2013 curvas altamente precisas e rigidez dianteira e traseira equilibrada \u2013 com o peso mais leve poss\u00edvel. <\/li>\n<li>Introduzimos o compartimento SWAT\u2122 no Stumpjumper em 2016, adicionando espa\u00e7o DENTRO do seu quadro para aqueles acess\u00f3rios que s\u00e3o cr\u00edticos para reparar furos, como bombas e tubos de reposi\u00e7\u00e3o, que s\u00e3o t\u00e3o irritantes \u2013 caramba! \u2013 nos bolsos da camisa. No novo Stumpjumper, aument\u00e1mos o volume e adicion\u00e1mos uma Bexiga SWAT\u2122, que lhe d\u00e1 mais 650ml de armazenamento escondido no seu tubo inferior.<\/li>\n<\/ul>\n<p><strong>Especifica\u00e7\u00f5es t\u00e9cnicas<\/strong><\/p>\n<ul>\n<li>SWAT<br \/>\nIntegra\u00e7\u00e3o de porta SWAT\u2122 de maior volume com bexiga SWAT\u2122 de 22oz<\/li>\n<li>ABRA\u00c7O. Liga de sela<br \/>\n, 38.6mm <\/li>\n<li>FACTO Chassis de carbono de 11m e estrutura<br \/>\n traseira, design assim\u00e9trico, geometria 29 Trail, integra\u00e7\u00e3o com porta SWAT\u2122, ajuste do \u00e2ngulo do tubo de cabe\u00e7a, ajuste BB do piv\u00f4 horst, BB roscado, roteamento de cabo interno totalmente fechado, sa\u00eddas de 12x148mm, piv\u00f4s de rolamento de cartucho selado, gancho derailleur substitu\u00edvel, 150mm de curso<\/li>\n<li>PLATOS<br \/>\n32T<\/li>\n<li>SRAM DUB, BSA<br \/>\n 73mm, Roscado<\/li>\n<li>SRAM GX SHIFT<br \/>\n KNOBS, gatilho, 12 velocidades<\/li>\n<li>SRAM GX Eagle, derailleur<br \/>\nSRAM traseiro de 12 velocidades<\/li>\n<li>SRAM NX Eagle CHAIN<br \/>\nSRAM de 12 velocidades<\/li>\n<li>SRAM X1 Eagle SUPORTE INFERIOR,<br \/>\n DUB, 32T, S1: 165mm, S2-S5: 170mm, S6: 175mmSRAM<\/li>\n<li>Sram XG-1275 CASSETTE,<br \/>\n 12 velocidades, 10-52t<\/li>\n<li>STEM<br \/>\nAlloy Trail Stem, furo em barra de 35 mm<\/li>\n<li>Bridge Comp SADDLE,<br \/>\n Trilhos ocos Cr-mo, 155\/143mm<\/li>\n<li>Specialized\n<\/li>\n<li>GUID\u00c3O<br \/>\nSpecialized, liga 6061, upsweep de 6 graus, backsweep de 8 graus, eleva\u00e7\u00e3o de 30mm, largura de 780mm<\/li>\n<li>SEATPOST<br \/>\nX-Fusion Manic, infinitamente ajust\u00e1vel, cabe\u00e7a de dois parafusos, roteamento de cabo de montagem inferior, alavanca LE SLR remota, 34.9, S1: 100mm, S2: 125mm, S3: 150mm, S4\/S5: 175mm, S6: 190mm<\/li>\n<li>CUBO TRASEIRO<br \/>\nLiga, rolamentos de cartucho selados, eixo thru 148mmx12mm, 28h<\/li>\n<li>CUBO DIANTEIRO<br \/>\nLiga, rolamentos de cartucho selados, eixo thru 15x110mm, 28h<\/li>\n<li>PNEU.<br \/>\nTalho, carca\u00e7a GRID TRAIL, composto GRIPTON\u00ae T9, 2Bliss Ready, 29&#215;2.3&#8243;<\/li>\n<li>DT Ind\u00fastria Su\u00ed\u00e7a R\u00c1DIOS\n<\/li>\n<li>Eliminador de pneus traseiros<br \/>\n, carca\u00e7a GRID TRAIL, composto GRIPTON\u00ae T7, 29&#215;2.3&#8243;<\/li>\n<li>Specialized<br \/>\n Specialized 29, liga sem gancho, largura interna de 30 mm, pronto para tubo<\/li>\n<li>C\u00c2MERAS<br \/>\nPadr\u00e3o, Presta Valve<\/li>\n<li>FOX FLOAT 36 Forquilha r\u00edtmica, amortecedor<br \/>\n GRIP, ajuste de varredura de duas posi\u00e7\u00f5es, eixo QR 15x110mm, deslocamento de 44mm, S1: 150mm de curso, S2-S6: 160mm de cursoFOX<\/li>\n<li>FOX FLOAT X Performance Shock<br \/>\n, Rx Trail Tune, EVOL Air sleeve, alavanca de 2 posi\u00e7\u00f5es com ajuste LSR, S1:210x50mm, S2-S6:210x55mm<\/li>\n<li>FREIO DIANTEIRO<br \/>\nSRAM C\u00f3digo RS, pin\u00e7a de 4 pist\u00f5es, disco hidr\u00e1ulico, 200mm Centerline<\/li>\n<li>SRAM TRASEIRO<br \/>\n C\u00f3digo RS, pin\u00e7a de 4 pist\u00f5es, disco hidr\u00e1ulico, 200mm Centerline<\/li>\n<\/ul>\n<\/div>\n","protected":false},"excerpt":{"rendered":"<p>Para levar a divers\u00e3o do EVO a mais pilotos, peg\u00e1mos no nosso <strong>quadro em carbono FACT de 11m (sim, o mesmo que o S-Works<\/strong> com uma cadeia cinem\u00e1tica <strong>SRAM GX Eagle de 12 velocidades SRAM<\/strong> e um conjunto de jantes de alum\u00ednio muito fortes.<br \/>\nE j\u00e1 est\u00e1 preparado para destruir trilhos por todo o lado. <\/p>\n","protected":false},"featured_media":302577,"comment_status":"closed","ping_status":"closed","template":"","meta":{"_acf_changed":false,"_et_pb_use_builder":"","_et_pb_old_content":"","_et_gb_content_width":"","inline_featured_image":false},"product_brand":[],"product_cat":[2459,402,2483,2696],"product_tag":[],"class_list":{"0":"post-380935","1":"product","2":"type-product","3":"status-publish","4":"has-post-thumbnail","6":"product_cat-bicicletas-pt-pt-2","7":"product_cat-montanha","8":"product_cat-bicicletas-especializadas","9":"product_cat-ofertas-especializadas","10":"product_shipping_class-bicicletas-pt-pt","12":"first","13":"outofstock","14":"taxable","15":"shipping-taxable","16":"product-type-variable","17":"wvs-archive-product-wrapper"},"acf":[],"yoast_head":"<!-- This site is optimized with the Yoast SEO Premium plugin v26.7 (Yoast SEO v26.7) - https:\/\/yoast.com\/wordpress\/plugins\/seo\/ -->\n<title>Specialized Stumpjumper EVO Comp 2023 GR-100 Ofertas<\/title>\n<meta name=\"description\" content=\"Specialized Specialized EVO Comp 2023. Sistema de suspens\u00e3o inigual\u00e1vel, condu\u00e7\u00e3o sublime, rigidez do quadro perfeitamente otimizada.\" \/>\n<meta name=\"robots\" content=\"index, follow, max-snippet:-1, max-image-preview:large, max-video-preview:-1\" \/>\n<link rel=\"canonical\" href=\"https:\/\/gr-100.com\/pt-pt\/producto\/stumpjumper-especializado-evo-comp-2023\/\" \/>\n<meta property=\"og:locale\" content=\"pt_PT\" \/>\n<meta property=\"og:type\" content=\"article\" \/>\n<meta property=\"og:title\" content=\"Specialized Stumpjumper EVO Comp 2023\" \/>\n<meta property=\"og:description\" content=\"Specialized Specialized EVO Comp 2023. Sistema de suspens\u00e3o inigual\u00e1vel, condu\u00e7\u00e3o sublime, rigidez do quadro perfeitamente otimizada.\" \/>\n<meta property=\"og:url\" content=\"https:\/\/gr-100.com\/pt-pt\/producto\/stumpjumper-especializado-evo-comp-2023\/\" \/>\n<meta property=\"og:site_name\" content=\"Gr-100 Tienda de ciclismo Specialized\" \/>\n<meta property=\"article:publisher\" content=\"https:\/\/www.facebook.com\/Gr100Bikes\" \/>\n<meta property=\"article:modified_time\" content=\"2025-12-18T14:38:59+00:00\" \/>\n<meta property=\"og:image\" content=\"https:\/\/gr-100.com\/wp-content\/uploads\/2024\/05\/Stumpjumper-EVO-Comp-1.jpg\" \/>\n\t<meta property=\"og:image:width\" content=\"1000\" \/>\n\t<meta property=\"og:image:height\" content=\"1000\" \/>\n\t<meta property=\"og:image:type\" content=\"image\/jpeg\" \/>\n<meta name=\"twitter:card\" content=\"summary_large_image\" \/>\n<meta name=\"twitter:label1\" content=\"Tempo estimado de leitura\" \/>\n\t<meta name=\"twitter:data1\" content=\"4 minutos\" \/>\n<script type=\"application\/ld+json\" class=\"yoast-schema-graph\">{\"@context\":\"https:\/\/schema.org\",\"@graph\":[{\"@type\":\"WebPage\",\"@id\":\"https:\/\/gr-100.com\/pt-pt\/producto\/stumpjumper-especializado-evo-comp-2023\/\",\"url\":\"https:\/\/gr-100.com\/pt-pt\/producto\/stumpjumper-especializado-evo-comp-2023\/\",\"name\":\"Specialized Stumpjumper EVO Comp 2023 GR-100 Ofertas\",\"isPartOf\":{\"@id\":\"https:\/\/gr-100.com\/#website\"},\"primaryImageOfPage\":{\"@id\":\"https:\/\/gr-100.com\/pt-pt\/producto\/stumpjumper-especializado-evo-comp-2023\/#primaryimage\"},\"image\":{\"@id\":\"https:\/\/gr-100.com\/pt-pt\/producto\/stumpjumper-especializado-evo-comp-2023\/#primaryimage\"},\"thumbnailUrl\":\"https:\/\/gr-100.com\/wp-content\/uploads\/2024\/05\/Stumpjumper-EVO-Comp-1.jpg\",\"datePublished\":\"2024-07-01T11:16:39+00:00\",\"dateModified\":\"2025-12-18T14:38:59+00:00\",\"description\":\"Specialized Specialized EVO Comp 2023. Sistema de suspens\u00e3o inigual\u00e1vel, condu\u00e7\u00e3o sublime, rigidez do quadro perfeitamente otimizada.\",\"breadcrumb\":{\"@id\":\"https:\/\/gr-100.com\/pt-pt\/producto\/stumpjumper-especializado-evo-comp-2023\/#breadcrumb\"},\"inLanguage\":\"pt-PT\",\"potentialAction\":[{\"@type\":\"ReadAction\",\"target\":[\"https:\/\/gr-100.com\/pt-pt\/producto\/stumpjumper-especializado-evo-comp-2023\/\"]}]},{\"@type\":\"ImageObject\",\"inLanguage\":\"pt-PT\",\"@id\":\"https:\/\/gr-100.com\/pt-pt\/producto\/stumpjumper-especializado-evo-comp-2023\/#primaryimage\",\"url\":\"https:\/\/gr-100.com\/wp-content\/uploads\/2024\/05\/Stumpjumper-EVO-Comp-1.jpg\",\"contentUrl\":\"https:\/\/gr-100.com\/wp-content\/uploads\/2024\/05\/Stumpjumper-EVO-Comp-1.jpg\",\"width\":1000,\"height\":1000},{\"@type\":\"BreadcrumbList\",\"@id\":\"https:\/\/gr-100.com\/pt-pt\/producto\/stumpjumper-especializado-evo-comp-2023\/#breadcrumb\",\"itemListElement\":[{\"@type\":\"ListItem\",\"position\":1,\"name\":\"Portada\",\"item\":\"https:\/\/gr-100.com\/en\/\"},{\"@type\":\"ListItem\",\"position\":2,\"name\":\"Productos\",\"item\":\"https:\/\/gr-100.com\/?post_type=product\"},{\"@type\":\"ListItem\",\"position\":3,\"name\":\"Specialized Stumpjumper EVO Comp 2023\"}]},{\"@type\":\"WebSite\",\"@id\":\"https:\/\/gr-100.com\/#website\",\"url\":\"https:\/\/gr-100.com\/\",\"name\":\"Gr-100 Tienda de ciclismo Specialized\",\"description\":\"GR-100 tenemos todas las gamas de bicicletas Specialized al mejor precio.\",\"publisher\":{\"@id\":\"https:\/\/gr-100.com\/#organization\"},\"alternateName\":\"Gr-100 Bikes\",\"potentialAction\":[{\"@type\":\"SearchAction\",\"target\":{\"@type\":\"EntryPoint\",\"urlTemplate\":\"https:\/\/gr-100.com\/?s={search_term_string}\"},\"query-input\":{\"@type\":\"PropertyValueSpecification\",\"valueRequired\":true,\"valueName\":\"search_term_string\"}}],\"inLanguage\":\"pt-PT\"},{\"@type\":\"Organization\",\"@id\":\"https:\/\/gr-100.com\/#organization\",\"name\":\"Gr-100\",\"url\":\"https:\/\/gr-100.com\/\",\"logo\":{\"@type\":\"ImageObject\",\"inLanguage\":\"pt-PT\",\"@id\":\"https:\/\/gr-100.com\/#\/schema\/logo\/image\/\",\"url\":\"https:\/\/gr-100.com\/wp-content\/uploads\/2023\/08\/logo-gr-100-bikes.png\",\"contentUrl\":\"https:\/\/gr-100.com\/wp-content\/uploads\/2023\/08\/logo-gr-100-bikes.png\",\"width\":707,\"height\":284,\"caption\":\"Gr-100\"},\"image\":{\"@id\":\"https:\/\/gr-100.com\/#\/schema\/logo\/image\/\"},\"sameAs\":[\"https:\/\/www.facebook.com\/Gr100Bikes\",\"https:\/\/www.instagram.com\/gr100bikes\/\",\"https:\/\/www.tiktok.com\/@gr100bikes\",\"https:\/\/twitter.com\/gr100mtbteam\",\"https:\/\/www.youtube.com\/c\/GR100Specialized\"]}]}<\/script>\n<!-- \/ Yoast SEO Premium plugin. -->","yoast_head_json":{"title":"Specialized Stumpjumper EVO Comp 2023 GR-100 Ofertas","description":"Specialized Specialized EVO Comp 2023. Sistema de suspens\u00e3o inigual\u00e1vel, condu\u00e7\u00e3o sublime, rigidez do quadro perfeitamente otimizada.","robots":{"index":"index","follow":"follow","max-snippet":"max-snippet:-1","max-image-preview":"max-image-preview:large","max-video-preview":"max-video-preview:-1"},"canonical":"https:\/\/gr-100.com\/pt-pt\/producto\/stumpjumper-especializado-evo-comp-2023\/","og_locale":"pt_PT","og_type":"article","og_title":"Specialized Stumpjumper EVO Comp 2023","og_description":"Specialized Specialized EVO Comp 2023. Sistema de suspens\u00e3o inigual\u00e1vel, condu\u00e7\u00e3o sublime, rigidez do quadro perfeitamente otimizada.","og_url":"https:\/\/gr-100.com\/pt-pt\/producto\/stumpjumper-especializado-evo-comp-2023\/","og_site_name":"Gr-100 Tienda de ciclismo Specialized","article_publisher":"https:\/\/www.facebook.com\/Gr100Bikes","article_modified_time":"2025-12-18T14:38:59+00:00","og_image":[{"width":1000,"height":1000,"url":"https:\/\/gr-100.com\/wp-content\/uploads\/2024\/05\/Stumpjumper-EVO-Comp-1.jpg","type":"image\/jpeg"}],"twitter_card":"summary_large_image","twitter_misc":{"Tempo estimado de leitura":"4 minutos"},"schema":{"@context":"https:\/\/schema.org","@graph":[{"@type":"WebPage","@id":"https:\/\/gr-100.com\/pt-pt\/producto\/stumpjumper-especializado-evo-comp-2023\/","url":"https:\/\/gr-100.com\/pt-pt\/producto\/stumpjumper-especializado-evo-comp-2023\/","name":"Specialized Stumpjumper EVO Comp 2023 GR-100 Ofertas","isPartOf":{"@id":"https:\/\/gr-100.com\/#website"},"primaryImageOfPage":{"@id":"https:\/\/gr-100.com\/pt-pt\/producto\/stumpjumper-especializado-evo-comp-2023\/#primaryimage"},"image":{"@id":"https:\/\/gr-100.com\/pt-pt\/producto\/stumpjumper-especializado-evo-comp-2023\/#primaryimage"},"thumbnailUrl":"https:\/\/gr-100.com\/wp-content\/uploads\/2024\/05\/Stumpjumper-EVO-Comp-1.jpg","datePublished":"2024-07-01T11:16:39+00:00","dateModified":"2025-12-18T14:38:59+00:00","description":"Specialized Specialized EVO Comp 2023. Sistema de suspens\u00e3o inigual\u00e1vel, condu\u00e7\u00e3o sublime, rigidez do quadro perfeitamente otimizada.","breadcrumb":{"@id":"https:\/\/gr-100.com\/pt-pt\/producto\/stumpjumper-especializado-evo-comp-2023\/#breadcrumb"},"inLanguage":"pt-PT","potentialAction":[{"@type":"ReadAction","target":["https:\/\/gr-100.com\/pt-pt\/producto\/stumpjumper-especializado-evo-comp-2023\/"]}]},{"@type":"ImageObject","inLanguage":"pt-PT","@id":"https:\/\/gr-100.com\/pt-pt\/producto\/stumpjumper-especializado-evo-comp-2023\/#primaryimage","url":"https:\/\/gr-100.com\/wp-content\/uploads\/2024\/05\/Stumpjumper-EVO-Comp-1.jpg","contentUrl":"https:\/\/gr-100.com\/wp-content\/uploads\/2024\/05\/Stumpjumper-EVO-Comp-1.jpg","width":1000,"height":1000},{"@type":"BreadcrumbList","@id":"https:\/\/gr-100.com\/pt-pt\/producto\/stumpjumper-especializado-evo-comp-2023\/#breadcrumb","itemListElement":[{"@type":"ListItem","position":1,"name":"Portada","item":"https:\/\/gr-100.com\/en\/"},{"@type":"ListItem","position":2,"name":"Productos","item":"https:\/\/gr-100.com\/?post_type=product"},{"@type":"ListItem","position":3,"name":"Specialized Stumpjumper EVO Comp 2023"}]},{"@type":"WebSite","@id":"https:\/\/gr-100.com\/#website","url":"https:\/\/gr-100.com\/","name":"Gr-100 Tienda de ciclismo Specialized","description":"GR-100 tenemos todas las gamas de bicicletas Specialized al mejor precio.","publisher":{"@id":"https:\/\/gr-100.com\/#organization"},"alternateName":"Gr-100 Bikes","potentialAction":[{"@type":"SearchAction","target":{"@type":"EntryPoint","urlTemplate":"https:\/\/gr-100.com\/?s={search_term_string}"},"query-input":{"@type":"PropertyValueSpecification","valueRequired":true,"valueName":"search_term_string"}}],"inLanguage":"pt-PT"},{"@type":"Organization","@id":"https:\/\/gr-100.com\/#organization","name":"Gr-100","url":"https:\/\/gr-100.com\/","logo":{"@type":"ImageObject","inLanguage":"pt-PT","@id":"https:\/\/gr-100.com\/#\/schema\/logo\/image\/","url":"https:\/\/gr-100.com\/wp-content\/uploads\/2023\/08\/logo-gr-100-bikes.png","contentUrl":"https:\/\/gr-100.com\/wp-content\/uploads\/2023\/08\/logo-gr-100-bikes.png","width":707,"height":284,"caption":"Gr-100"},"image":{"@id":"https:\/\/gr-100.com\/#\/schema\/logo\/image\/"},"sameAs":["https:\/\/www.facebook.com\/Gr100Bikes","https:\/\/www.instagram.com\/gr100bikes\/","https:\/\/www.tiktok.com\/@gr100bikes","https:\/\/twitter.com\/gr100mtbteam","https:\/\/www.youtube.com\/c\/GR100Specialized"]}]}},"_links":{"self":[{"href":"https:\/\/gr-100.com\/pt-pt\/wp-json\/wp\/v2\/product\/380935","targetHints":{"allow":["GET"]}}],"collection":[{"href":"https:\/\/gr-100.com\/pt-pt\/wp-json\/wp\/v2\/product"}],"about":[{"href":"https:\/\/gr-100.com\/pt-pt\/wp-json\/wp\/v2\/types\/product"}],"replies":[{"embeddable":true,"href":"https:\/\/gr-100.com\/pt-pt\/wp-json\/wp\/v2\/comments?post=380935"}],"wp:featuredmedia":[{"embeddable":true,"href":"https:\/\/gr-100.com\/pt-pt\/wp-json\/wp\/v2\/media\/302577"}],"wp:attachment":[{"href":"https:\/\/gr-100.com\/pt-pt\/wp-json\/wp\/v2\/media?parent=380935"}],"wp:term":[{"taxonomy":"product_brand","embeddable":true,"href":"https:\/\/gr-100.com\/pt-pt\/wp-json\/wp\/v2\/product_brand?post=380935"},{"taxonomy":"product_cat","embeddable":true,"href":"https:\/\/gr-100.com\/pt-pt\/wp-json\/wp\/v2\/product_cat?post=380935"},{"taxonomy":"product_tag","embeddable":true,"href":"https:\/\/gr-100.com\/pt-pt\/wp-json\/wp\/v2\/product_tag?post=380935"}],"curies":[{"name":"wp","href":"https:\/\/api.w.org\/{rel}","templated":true}]}}