{"id":381009,"date":"2024-07-01T13:10:02","date_gmt":"2024-07-01T13:10:02","guid":{"rendered":"https:\/\/gr-100.com\/producto\/s-works-epico-ht-2022\/"},"modified":"2025-09-24T11:52:00","modified_gmt":"2025-09-24T09:52:00","slug":"s-works-epico-ht-2022","status":"publish","type":"product","link":"https:\/\/gr-100.com\/pt-pt\/producto\/s-works-epico-ht-2022\/","title":{"rendered":"S-Works \u00c9pico HT 2022"},"content":{"rendered":"<p>S-Works FACT 12m FRAME<br \/>\n, Geometria XC Progressiva, Rider-First Engineered\u2122, BB roscado, espa\u00e7amento traseiro de 12x148mm, roteamento de cabos internos, SWAT SWAT<\/p>\n<p> EMT Cage-Mount Tool<br \/>\nABRAS. SELIM<br \/>\nSpecialized Liga, 34.9mm, Parafuso de tit\u00e2nio<br \/>\nSUSPENS\u00c3O<br \/>\nGARFO<br \/>\nRockShox SID SL ULTIMATE BRAIN, Amortecedor cerebral de ajuste superior, Debon Air, 15x110mm, 44mm offset, 100mm Travel<br \/>\nPOT\u00caNCIA<br \/>\nS-Works SL, liga, parafusos de tit\u00e2nio, 6 graus<br \/>\nGUID\u00c3O<br \/>\nS-Works Carbon XC Mini Rise, 6 graus de upsweep, 8 graus backsweep, 10mm de eleva\u00e7\u00e3o, 760mm, 31.8mm<br \/>\nFITA FITA<br \/>\nSpecialized Punhos de trilha<br \/>\nSELIM<br \/>\nBody Geometry S-Works Power, trilhos de fibra de carbono, base de fibra de carbono<br \/>\nESPIG\u00c3O ASSENTO<br \/>\nS-Works FACT carbono, recuo de 10mm, 30.9mm<br \/>\nCONJUNTO DE QUADROS<br \/>\nS-Works FACT 12m FRAME<br \/>\n, Geometria XC Progressiva, Rider-First Engineered\u2122, BB roscado, espa\u00e7amento traseiro de 12x148mm, roteamento de cabos internos, SWAT SWAT<\/p>\n<p> EMT Cage-Mount Tool<br \/>\nABRAS. SELIM<br \/>\nSpecialized Liga, 34.9mm, Parafuso de tit\u00e2nio<br \/>\nSUSPENS\u00c3O<br \/>\nGARFO<br \/>\nRockShox SID SL ULTIMATE BRAIN, Amortecedor cerebral de ajuste superior, Debon Air, 15x110mm, 44mm offset, 100mm Travel<br \/>\nPOT\u00caNCIA<br \/>\nS-Works SL, liga, parafusos de tit\u00e2nio, 6 graus<br \/>\nGUID\u00c3O<br \/>\nS-Works Carbon XC Mini Rise, 6 graus de upsweep, 8 graus backsweep, 10mm de eleva\u00e7\u00e3o, 760mm, 31.8mm<br \/>\nFITA FITA<br \/>\nSpecialized Punhos de trilha<br \/>\nSELIM<br \/>\nBody Geometry S-Works Power, trilhos de fibra de carbono, base de fibra de carbono<br \/>\nESPIG\u00c3O ASSENTO<br \/>\nS-Works FACT carbono, recuo de 10mm, 30.9mm<br \/>\nTRAV\u00c3O DIANTEIRO<br \/>\nSRAM N\u00edvel Ultimate, pin\u00e7a de 2 pist\u00f5es, disco hidr\u00e1ulico<br \/>\nTRAV\u00c3O TRASEIRO<br \/>\nSRAM N\u00edvel Ultimate, pin\u00e7a de 2 pist\u00f5es, disco hidr\u00e1ulico<br \/>\nMUDAN\u00c7A<br \/>\nSRAM XX1 \u00c1guia AXS<br \/>\nCONTROLOS DE MUDAN\u00c7A DE VELOCIDADE<br \/>\nSRAM Eagle AXS Rocker Paddle CASSETTE Sram XG-1299, 12 Sram , 10-52t<\/p>\n<p>CADEIA<br \/>\nSRAM XX1 \u00c1guia<br \/>\nSUPORTE INFERIOR<br \/>\nMedidor de pot\u00eancia Quarq XX1, DUB, 170\/175mm, 34t<br \/>\nPRATOS<br \/>\n34T<br \/>\nSUPORTE INFERIOR<br \/>\nSRAM DUB, BSA 73mm, roscado<br \/>\nPneus<br \/>\nRoval SL Control, Design de compensa\u00e7\u00e3o de carbono, largura interna de 29mm, largura do gancho de 4mm, pronto para tubeless, 24h<br \/>\nCUBO FRONTAL<br \/>\nRoval Control SL, DT Swiss Internals, Rolamentos cer\u00e2micos, 6 parafusos, eixo thru de 15mm, espa\u00e7amento de 110mm, tampas<br \/>\nde torque, t-head de tra\u00e7\u00e3o reta 24h CUBO TRASEIRO<br \/>\nRoval Control SL, DT Swiss 180 Internals, DT Swiss Ratchet EXP, Rolamentos cer\u00e2micos, eixo thru de 12mm, espa\u00e7amento de 148mm, cabe\u00e7a<br \/>\nem t de tra\u00e7\u00e3o reta de 24h RAIOS DT Swiss Aerolite<br \/>\nPNEU DIANTEIRO. Specialized Trak r\u00e1pido, caixa de controle, composto T5, 29&#215;2.35<\/p>\n<p>PNEU TRASEIRO<br \/>\nSpecialized Renegado, Caixa de controle, Composto T5, 29&#215;2.35<br \/>\nC\u00c2MARAS<br \/>\nTurbo Tubo c\/Talc 40mm PV 29&#215;1.75-2.4<\/p>\n","protected":false},"excerpt":{"rendered":"<p>S-Works FACT 12m FRAME , Geometria XC Progressiva, Rider-First Engineered\u2122, BB roscado, espa\u00e7amento traseiro de 12x148mm, roteamento de cabos internos, SWAT SWAT EMT Cage-Mount Tool ABRAS. SELIM Specialized Liga, 34.9mm, Parafuso de tit\u00e2nio SUSPENS\u00c3O GARFO RockShox SID SL ULTIMATE BRAIN, Amortecedor cerebral de ajuste superior, Debon Air, 15x110mm, 44mm offset, 100mm Travel POT\u00caNCIA S-Works SL, [&hellip;]<\/p>\n","protected":false},"featured_media":302279,"comment_status":"closed","ping_status":"closed","template":"","meta":{"_acf_changed":false,"_et_pb_use_builder":"","_et_pb_old_content":"","_et_gb_content_width":"","inline_featured_image":false},"product_brand":[],"product_cat":[20],"product_tag":[],"class_list":{"0":"post-381009","1":"product","2":"type-product","3":"status-publish","4":"has-post-thumbnail","6":"product_cat-bicicletas-de-carretera","8":"first","9":"outofstock","10":"taxable","11":"shipping-taxable","12":"product-type-variable","13":"wvs-archive-product-wrapper"},"acf":[],"yoast_head":"<!-- This site is optimized with the Yoast SEO Premium plugin v26.7 (Yoast SEO v26.7) - https:\/\/yoast.com\/wordpress\/plugins\/seo\/ -->\n<title>S-Works \u00c9pico HT 2022<\/title>\n<meta name=\"robots\" content=\"index, follow, max-snippet:-1, max-image-preview:large, max-video-preview:-1\" \/>\n<link rel=\"canonical\" href=\"https:\/\/gr-100.com\/pt-pt\/producto\/s-works-epico-ht-2022\/\" \/>\n<meta property=\"og:locale\" content=\"pt_PT\" \/>\n<meta property=\"og:type\" content=\"article\" \/>\n<meta property=\"og:title\" content=\"S-Works \u00c9pico HT 2022\" \/>\n<meta property=\"og:description\" content=\"S-Works FACT 12m FRAME , Geometria XC Progressiva, Rider-First Engineered\u2122, BB roscado, espa\u00e7amento traseiro de 12x148mm, roteamento de cabos internos, SWAT SWAT EMT Cage-Mount Tool ABRAS. SELIM Specialized Liga, 34.9mm, Parafuso de tit\u00e2nio SUSPENS\u00c3O GARFO RockShox SID SL ULTIMATE BRAIN, Amortecedor cerebral de ajuste superior, Debon Air, 15x110mm, 44mm offset, 100mm Travel POT\u00caNCIA S-Works SL, [&hellip;]\" \/>\n<meta property=\"og:url\" content=\"https:\/\/gr-100.com\/pt-pt\/producto\/s-works-epico-ht-2022\/\" \/>\n<meta property=\"og:site_name\" content=\"Gr-100 Tienda de ciclismo Specialized\" \/>\n<meta property=\"article:publisher\" content=\"https:\/\/www.facebook.com\/Gr100Bikes\" \/>\n<meta property=\"article:modified_time\" content=\"2025-09-24T09:52:00+00:00\" \/>\n<meta property=\"og:image\" content=\"https:\/\/gr-100.com\/wp-content\/uploads\/2024\/05\/My-project-1-2-3.jpg\" \/>\n\t<meta property=\"og:image:width\" content=\"1000\" \/>\n\t<meta property=\"og:image:height\" content=\"1000\" \/>\n\t<meta property=\"og:image:type\" content=\"image\/jpeg\" \/>\n<meta name=\"twitter:card\" content=\"summary_large_image\" \/>\n<meta name=\"twitter:label1\" content=\"Tempo estimado de leitura\" \/>\n\t<meta name=\"twitter:data1\" content=\"2 minutos\" \/>\n<script type=\"application\/ld+json\" class=\"yoast-schema-graph\">{\"@context\":\"https:\/\/schema.org\",\"@graph\":[{\"@type\":\"WebPage\",\"@id\":\"https:\/\/gr-100.com\/pt-pt\/producto\/s-works-epico-ht-2022\/\",\"url\":\"https:\/\/gr-100.com\/pt-pt\/producto\/s-works-epico-ht-2022\/\",\"name\":\"S-Works \u00c9pico HT 2022\",\"isPartOf\":{\"@id\":\"https:\/\/gr-100.com\/#website\"},\"primaryImageOfPage\":{\"@id\":\"https:\/\/gr-100.com\/pt-pt\/producto\/s-works-epico-ht-2022\/#primaryimage\"},\"image\":{\"@id\":\"https:\/\/gr-100.com\/pt-pt\/producto\/s-works-epico-ht-2022\/#primaryimage\"},\"thumbnailUrl\":\"https:\/\/gr-100.com\/wp-content\/uploads\/2024\/05\/My-project-1-2-3.jpg\",\"datePublished\":\"2024-07-01T13:10:02+00:00\",\"dateModified\":\"2025-09-24T09:52:00+00:00\",\"breadcrumb\":{\"@id\":\"https:\/\/gr-100.com\/pt-pt\/producto\/s-works-epico-ht-2022\/#breadcrumb\"},\"inLanguage\":\"pt-PT\",\"potentialAction\":[{\"@type\":\"ReadAction\",\"target\":[\"https:\/\/gr-100.com\/pt-pt\/producto\/s-works-epico-ht-2022\/\"]}]},{\"@type\":\"ImageObject\",\"inLanguage\":\"pt-PT\",\"@id\":\"https:\/\/gr-100.com\/pt-pt\/producto\/s-works-epico-ht-2022\/#primaryimage\",\"url\":\"https:\/\/gr-100.com\/wp-content\/uploads\/2024\/05\/My-project-1-2-3.jpg\",\"contentUrl\":\"https:\/\/gr-100.com\/wp-content\/uploads\/2024\/05\/My-project-1-2-3.jpg\",\"width\":1000,\"height\":1000},{\"@type\":\"BreadcrumbList\",\"@id\":\"https:\/\/gr-100.com\/pt-pt\/producto\/s-works-epico-ht-2022\/#breadcrumb\",\"itemListElement\":[{\"@type\":\"ListItem\",\"position\":1,\"name\":\"Portada\",\"item\":\"https:\/\/gr-100.com\/en\/\"},{\"@type\":\"ListItem\",\"position\":2,\"name\":\"Productos\",\"item\":\"https:\/\/gr-100.com\/?post_type=product\"},{\"@type\":\"ListItem\",\"position\":3,\"name\":\"S-Works \u00c9pico HT 2022\"}]},{\"@type\":\"WebSite\",\"@id\":\"https:\/\/gr-100.com\/#website\",\"url\":\"https:\/\/gr-100.com\/\",\"name\":\"Gr-100 Tienda de ciclismo Specialized\",\"description\":\"GR-100 tenemos todas las gamas de bicicletas Specialized al mejor precio.\",\"publisher\":{\"@id\":\"https:\/\/gr-100.com\/#organization\"},\"alternateName\":\"Gr-100 Bikes\",\"potentialAction\":[{\"@type\":\"SearchAction\",\"target\":{\"@type\":\"EntryPoint\",\"urlTemplate\":\"https:\/\/gr-100.com\/?s={search_term_string}\"},\"query-input\":{\"@type\":\"PropertyValueSpecification\",\"valueRequired\":true,\"valueName\":\"search_term_string\"}}],\"inLanguage\":\"pt-PT\"},{\"@type\":\"Organization\",\"@id\":\"https:\/\/gr-100.com\/#organization\",\"name\":\"Gr-100\",\"url\":\"https:\/\/gr-100.com\/\",\"logo\":{\"@type\":\"ImageObject\",\"inLanguage\":\"pt-PT\",\"@id\":\"https:\/\/gr-100.com\/#\/schema\/logo\/image\/\",\"url\":\"https:\/\/gr-100.com\/wp-content\/uploads\/2023\/08\/logo-gr-100-bikes.png\",\"contentUrl\":\"https:\/\/gr-100.com\/wp-content\/uploads\/2023\/08\/logo-gr-100-bikes.png\",\"width\":707,\"height\":284,\"caption\":\"Gr-100\"},\"image\":{\"@id\":\"https:\/\/gr-100.com\/#\/schema\/logo\/image\/\"},\"sameAs\":[\"https:\/\/www.facebook.com\/Gr100Bikes\",\"https:\/\/www.instagram.com\/gr100bikes\/\",\"https:\/\/www.tiktok.com\/@gr100bikes\",\"https:\/\/twitter.com\/gr100mtbteam\",\"https:\/\/www.youtube.com\/c\/GR100Specialized\"]}]}<\/script>\n<!-- \/ Yoast SEO Premium plugin. -->","yoast_head_json":{"title":"S-Works \u00c9pico HT 2022","robots":{"index":"index","follow":"follow","max-snippet":"max-snippet:-1","max-image-preview":"max-image-preview:large","max-video-preview":"max-video-preview:-1"},"canonical":"https:\/\/gr-100.com\/pt-pt\/producto\/s-works-epico-ht-2022\/","og_locale":"pt_PT","og_type":"article","og_title":"S-Works \u00c9pico HT 2022","og_description":"S-Works FACT 12m FRAME , Geometria XC Progressiva, Rider-First Engineered\u2122, BB roscado, espa\u00e7amento traseiro de 12x148mm, roteamento de cabos internos, SWAT SWAT EMT Cage-Mount Tool ABRAS. SELIM Specialized Liga, 34.9mm, Parafuso de tit\u00e2nio SUSPENS\u00c3O GARFO RockShox SID SL ULTIMATE BRAIN, Amortecedor cerebral de ajuste superior, Debon Air, 15x110mm, 44mm offset, 100mm Travel POT\u00caNCIA S-Works SL, [&hellip;]","og_url":"https:\/\/gr-100.com\/pt-pt\/producto\/s-works-epico-ht-2022\/","og_site_name":"Gr-100 Tienda de ciclismo Specialized","article_publisher":"https:\/\/www.facebook.com\/Gr100Bikes","article_modified_time":"2025-09-24T09:52:00+00:00","og_image":[{"width":1000,"height":1000,"url":"https:\/\/gr-100.com\/wp-content\/uploads\/2024\/05\/My-project-1-2-3.jpg","type":"image\/jpeg"}],"twitter_card":"summary_large_image","twitter_misc":{"Tempo estimado de leitura":"2 minutos"},"schema":{"@context":"https:\/\/schema.org","@graph":[{"@type":"WebPage","@id":"https:\/\/gr-100.com\/pt-pt\/producto\/s-works-epico-ht-2022\/","url":"https:\/\/gr-100.com\/pt-pt\/producto\/s-works-epico-ht-2022\/","name":"S-Works \u00c9pico HT 2022","isPartOf":{"@id":"https:\/\/gr-100.com\/#website"},"primaryImageOfPage":{"@id":"https:\/\/gr-100.com\/pt-pt\/producto\/s-works-epico-ht-2022\/#primaryimage"},"image":{"@id":"https:\/\/gr-100.com\/pt-pt\/producto\/s-works-epico-ht-2022\/#primaryimage"},"thumbnailUrl":"https:\/\/gr-100.com\/wp-content\/uploads\/2024\/05\/My-project-1-2-3.jpg","datePublished":"2024-07-01T13:10:02+00:00","dateModified":"2025-09-24T09:52:00+00:00","breadcrumb":{"@id":"https:\/\/gr-100.com\/pt-pt\/producto\/s-works-epico-ht-2022\/#breadcrumb"},"inLanguage":"pt-PT","potentialAction":[{"@type":"ReadAction","target":["https:\/\/gr-100.com\/pt-pt\/producto\/s-works-epico-ht-2022\/"]}]},{"@type":"ImageObject","inLanguage":"pt-PT","@id":"https:\/\/gr-100.com\/pt-pt\/producto\/s-works-epico-ht-2022\/#primaryimage","url":"https:\/\/gr-100.com\/wp-content\/uploads\/2024\/05\/My-project-1-2-3.jpg","contentUrl":"https:\/\/gr-100.com\/wp-content\/uploads\/2024\/05\/My-project-1-2-3.jpg","width":1000,"height":1000},{"@type":"BreadcrumbList","@id":"https:\/\/gr-100.com\/pt-pt\/producto\/s-works-epico-ht-2022\/#breadcrumb","itemListElement":[{"@type":"ListItem","position":1,"name":"Portada","item":"https:\/\/gr-100.com\/en\/"},{"@type":"ListItem","position":2,"name":"Productos","item":"https:\/\/gr-100.com\/?post_type=product"},{"@type":"ListItem","position":3,"name":"S-Works \u00c9pico HT 2022"}]},{"@type":"WebSite","@id":"https:\/\/gr-100.com\/#website","url":"https:\/\/gr-100.com\/","name":"Gr-100 Tienda de ciclismo Specialized","description":"GR-100 tenemos todas las gamas de bicicletas Specialized al mejor precio.","publisher":{"@id":"https:\/\/gr-100.com\/#organization"},"alternateName":"Gr-100 Bikes","potentialAction":[{"@type":"SearchAction","target":{"@type":"EntryPoint","urlTemplate":"https:\/\/gr-100.com\/?s={search_term_string}"},"query-input":{"@type":"PropertyValueSpecification","valueRequired":true,"valueName":"search_term_string"}}],"inLanguage":"pt-PT"},{"@type":"Organization","@id":"https:\/\/gr-100.com\/#organization","name":"Gr-100","url":"https:\/\/gr-100.com\/","logo":{"@type":"ImageObject","inLanguage":"pt-PT","@id":"https:\/\/gr-100.com\/#\/schema\/logo\/image\/","url":"https:\/\/gr-100.com\/wp-content\/uploads\/2023\/08\/logo-gr-100-bikes.png","contentUrl":"https:\/\/gr-100.com\/wp-content\/uploads\/2023\/08\/logo-gr-100-bikes.png","width":707,"height":284,"caption":"Gr-100"},"image":{"@id":"https:\/\/gr-100.com\/#\/schema\/logo\/image\/"},"sameAs":["https:\/\/www.facebook.com\/Gr100Bikes","https:\/\/www.instagram.com\/gr100bikes\/","https:\/\/www.tiktok.com\/@gr100bikes","https:\/\/twitter.com\/gr100mtbteam","https:\/\/www.youtube.com\/c\/GR100Specialized"]}]}},"_links":{"self":[{"href":"https:\/\/gr-100.com\/pt-pt\/wp-json\/wp\/v2\/product\/381009","targetHints":{"allow":["GET"]}}],"collection":[{"href":"https:\/\/gr-100.com\/pt-pt\/wp-json\/wp\/v2\/product"}],"about":[{"href":"https:\/\/gr-100.com\/pt-pt\/wp-json\/wp\/v2\/types\/product"}],"replies":[{"embeddable":true,"href":"https:\/\/gr-100.com\/pt-pt\/wp-json\/wp\/v2\/comments?post=381009"}],"wp:featuredmedia":[{"embeddable":true,"href":"https:\/\/gr-100.com\/pt-pt\/wp-json\/wp\/v2\/media\/302279"}],"wp:attachment":[{"href":"https:\/\/gr-100.com\/pt-pt\/wp-json\/wp\/v2\/media?parent=381009"}],"wp:term":[{"taxonomy":"product_brand","embeddable":true,"href":"https:\/\/gr-100.com\/pt-pt\/wp-json\/wp\/v2\/product_brand?post=381009"},{"taxonomy":"product_cat","embeddable":true,"href":"https:\/\/gr-100.com\/pt-pt\/wp-json\/wp\/v2\/product_cat?post=381009"},{"taxonomy":"product_tag","embeddable":true,"href":"https:\/\/gr-100.com\/pt-pt\/wp-json\/wp\/v2\/product_tag?post=381009"}],"curies":[{"name":"wp","href":"https:\/\/api.w.org\/{rel}","templated":true}]}}