{"id":381043,"date":"2024-07-01T13:06:52","date_gmt":"2024-07-01T11:06:52","guid":{"rendered":"https:\/\/gr-100.com\/producto\/especializada-epic-evo-pro-ltd-2023\/"},"modified":"2025-09-22T16:24:31","modified_gmt":"2025-09-22T14:24:31","slug":"especializada-epic-evo-pro-ltd-2023","status":"publish","type":"product","link":"https:\/\/gr-100.com\/pt-pt\/producto\/especializada-epic-evo-pro-ltd-2023\/","title":{"rendered":"Specialized \u00c9pico EVO Pro LTD 2023"},"content":{"rendered":"<ul>\n<li>FACTO 11m Full Carbon, Geometria XC Progressiva, Rider-First Engineered\u2122, FRAME<br \/>\n BB roscado, espa\u00e7amento traseiro compat\u00edvel com UDH 12x148mm, roteamento de cabos internos, 110mm de curso<\/li>\n<li>Ferramenta integrada de tubo direcional SWAT<br \/>\nSWAT CC com ferramenta de corrente e link, caixa SWAT destac\u00e1vel<\/li>\n<li>ABRA\u00c7O. Specialized SADDLE,<br \/>\n 34.9mm <\/li>\n<li>RockShox SID LUXE ULTIMATE SHOCK<br \/>\n, Rx XC Tune, Duas Posi\u00e7\u00f5es, Rebound Adjust, 190x40mm<\/li>\n<li>Rockshox SID ULTIMATE FORK<br \/>\n, Amortecedor do dia da corrida do carregador, Debon Air, 15x110mm, 44mm offset, 120mm Curso<\/li>\n<li>SRAM<br \/>\n AXS POD<\/li>\n<li>SRAM DUB Suporte inferior<br \/>\nSRAM largo roscado<\/li>\n<li>SRAM X0 Eagle Flat Top CHAIN\n<\/li>\n<li>SRAM X0 Eagle AXS DERAILLEUR<br \/>\n TRASEIRO<\/li>\n<li>SRAM X0 Eagle Crankset SUPORTE INFERIOR,<br \/>\n 170mm\/175mm<\/li>\n<li>SRAM X0 Eagle 10-52T CASSETTE\n<\/li>\n<li>PLATOS<br \/>\n32T<\/li>\n<li>SRAM Level Silver Stealth FRONT<br \/>\n BRAKKE, pin\u00e7a de 4 pist\u00f5es, disco hidr\u00e1ulico, stealth, rotorSRAM de 180mm<\/li>\n<li>SRAM Level Silver Stealth FREIO TRASEIRO,<br \/>\n pin\u00e7a de 4 pist\u00f5es, disco hidr\u00e1ulico, furtividade, rotorSRAM de 180mm<\/li>\n<li>Bicicleta Yoke Revive Seatpost,<br \/>\n 30.9mm, SM: 125, MD: 160mm, L\/XL: 185mm,<\/li>\n<li>Geometria Corporal Power Expert SADDLE\n<\/li>\n<li>\nRoval Control Rise, 760mm de largura, 20mm de eleva\u00e7\u00e3o, 35mm<\/li>\n<li>Specialized\n<\/li>\n<li>STEM<br \/>\nTruVativ Descendente 35, bra\u00e7adeira de 35mm, 60mm<\/li>\n<li>DT 350 CUBO TRASEIRO<br \/>\nDE TRA\u00c7\u00c3O RETA, 6 parafusos, DT Swiss Ratchet EXP, 12x148mm atrav\u00e9s do eixo, corpo Microspline freehub, 28h de tra\u00e7\u00e3o reta<\/li>\n<li>CUBO DIANTEIRO<br \/>\nDT SWISS 350, 6 parafusos, eixo Thru de 15 mm, espa\u00e7amento de 110 mm, tra\u00e7\u00e3o reta de 28 horas<\/li>\n<li>DT Swiss Comp Race RAIOS\n<\/li>\n<li>Roval<br \/>\n de controle Roval, design de compensa\u00e7\u00e3o de carbono, largura interna de 29mm, largura do gancho de 4mm, pronto para tubeless, 28h<\/li>\n<li>PNEU.<br \/>\nSpecialized Controlo \u00e0 terra, Caixa GRID, Composto T7, 29&#215;2.35<\/li>\n<li>PNEU TRASEIRO<br \/>\nSpecialized , Inv\u00f3lucro GRID, Composto T7, 29&#215;2.35<\/li>\n<li>C\u00c2MARAS<br \/>\nSpecialized<\/li>\n<\/ul>\n","protected":false},"excerpt":{"rendered":"<p>Digno de enfrentar rotas de trilha, digno de impressionar.<br \/>\nAgora que as introdu\u00e7\u00f5es est\u00e3o feitas, vamos fazer o nosso melhor para tentar entender por que o Epic EVO Pro LTD consegue canalizar a efici\u00eancia de pedalada do Epic enquanto oferece uma incr\u00edvel capacidade de trilha.<br \/>\nConcebido para impressionar, o Epic EVO Pro LTD equipa a suspens\u00e3o dianteira e traseira RockShox de topo para o manter equilibrado quando as coisas se tornam dif\u00edceis, enquanto as mudan\u00e7as suaves e o desempenho s\u00f3lido do SRAM X0 Eagle AXS de 12 velocidades nunca sair\u00e3o de moda.  <\/p>\n","protected":false},"featured_media":302132,"comment_status":"closed","ping_status":"closed","template":"","meta":{"_acf_changed":false,"_et_pb_use_builder":"","_et_pb_old_content":"","_et_gb_content_width":"","inline_featured_image":false},"product_brand":[],"product_cat":[2459,402,2483,2696],"product_tag":[],"class_list":{"0":"post-381043","1":"product","2":"type-product","3":"status-publish","4":"has-post-thumbnail","6":"product_cat-bicicletas-pt-pt-2","7":"product_cat-montanha","8":"product_cat-bicicletas-especializadas","9":"product_cat-ofertas-especializadas","10":"product_shipping_class-bicicletas-pt-pt","12":"first","13":"outofstock","14":"taxable","15":"shipping-taxable","16":"product-type-variable","17":"wvs-archive-product-wrapper"},"acf":[],"yoast_head":"<!-- This site is optimized with the Yoast SEO Premium plugin v26.7 (Yoast SEO v26.7) - https:\/\/yoast.com\/wordpress\/plugins\/seo\/ -->\n<title>Specialized \u00c9pico EVO Pro LTD 2023 GR-100 Ofertas<\/title>\n<meta name=\"description\" content=\"GR-100 Specialized. Melhores pre\u00e7os sem concorr\u00eancia. Solicite a sua oferta personalizada. Produto: Specialized Epic EVO Pro LTD 2023\" \/>\n<meta name=\"robots\" content=\"index, follow, max-snippet:-1, max-image-preview:large, max-video-preview:-1\" \/>\n<link rel=\"canonical\" href=\"https:\/\/gr-100.com\/pt-pt\/producto\/especializada-epic-evo-pro-ltd-2023\/\" \/>\n<meta property=\"og:locale\" content=\"pt_PT\" \/>\n<meta property=\"og:type\" content=\"article\" \/>\n<meta property=\"og:title\" content=\"Specialized \u00c9pico EVO Pro LTD 2023\" \/>\n<meta property=\"og:description\" content=\"GR-100 Specialized. Melhores pre\u00e7os sem concorr\u00eancia. Solicite a sua oferta personalizada. Produto: Specialized Epic EVO Pro LTD 2023\" \/>\n<meta property=\"og:url\" content=\"https:\/\/gr-100.com\/pt-pt\/producto\/especializada-epic-evo-pro-ltd-2023\/\" \/>\n<meta property=\"og:site_name\" content=\"Gr-100 Tienda de ciclismo Specialized\" \/>\n<meta property=\"article:publisher\" content=\"https:\/\/www.facebook.com\/Gr100Bikes\" \/>\n<meta property=\"article:modified_time\" content=\"2025-09-22T14:24:31+00:00\" \/>\n<meta property=\"og:image\" content=\"https:\/\/gr-100.com\/wp-content\/uploads\/2024\/05\/Epic-EVO-Pro-LTD.jpg\" \/>\n\t<meta property=\"og:image:width\" content=\"1000\" \/>\n\t<meta property=\"og:image:height\" content=\"1000\" \/>\n\t<meta property=\"og:image:type\" content=\"image\/jpeg\" \/>\n<meta name=\"twitter:card\" content=\"summary_large_image\" \/>\n<meta name=\"twitter:label1\" content=\"Tempo estimado de leitura\" \/>\n\t<meta name=\"twitter:data1\" content=\"1 minuto\" \/>\n<script type=\"application\/ld+json\" class=\"yoast-schema-graph\">{\"@context\":\"https:\/\/schema.org\",\"@graph\":[{\"@type\":\"WebPage\",\"@id\":\"https:\/\/gr-100.com\/pt-pt\/producto\/especializada-epic-evo-pro-ltd-2023\/\",\"url\":\"https:\/\/gr-100.com\/pt-pt\/producto\/especializada-epic-evo-pro-ltd-2023\/\",\"name\":\"Specialized \u00c9pico EVO Pro LTD 2023 GR-100 Ofertas\",\"isPartOf\":{\"@id\":\"https:\/\/gr-100.com\/#website\"},\"primaryImageOfPage\":{\"@id\":\"https:\/\/gr-100.com\/pt-pt\/producto\/especializada-epic-evo-pro-ltd-2023\/#primaryimage\"},\"image\":{\"@id\":\"https:\/\/gr-100.com\/pt-pt\/producto\/especializada-epic-evo-pro-ltd-2023\/#primaryimage\"},\"thumbnailUrl\":\"https:\/\/gr-100.com\/wp-content\/uploads\/2024\/05\/Epic-EVO-Pro-LTD.jpg\",\"datePublished\":\"2024-07-01T11:06:52+00:00\",\"dateModified\":\"2025-09-22T14:24:31+00:00\",\"description\":\"GR-100 Specialized. Melhores pre\u00e7os sem concorr\u00eancia. Solicite a sua oferta personalizada. Produto: Specialized Epic EVO Pro LTD 2023\",\"breadcrumb\":{\"@id\":\"https:\/\/gr-100.com\/pt-pt\/producto\/especializada-epic-evo-pro-ltd-2023\/#breadcrumb\"},\"inLanguage\":\"pt-PT\",\"potentialAction\":[{\"@type\":\"ReadAction\",\"target\":[\"https:\/\/gr-100.com\/pt-pt\/producto\/especializada-epic-evo-pro-ltd-2023\/\"]}]},{\"@type\":\"ImageObject\",\"inLanguage\":\"pt-PT\",\"@id\":\"https:\/\/gr-100.com\/pt-pt\/producto\/especializada-epic-evo-pro-ltd-2023\/#primaryimage\",\"url\":\"https:\/\/gr-100.com\/wp-content\/uploads\/2024\/05\/Epic-EVO-Pro-LTD.jpg\",\"contentUrl\":\"https:\/\/gr-100.com\/wp-content\/uploads\/2024\/05\/Epic-EVO-Pro-LTD.jpg\",\"width\":1000,\"height\":1000},{\"@type\":\"BreadcrumbList\",\"@id\":\"https:\/\/gr-100.com\/pt-pt\/producto\/especializada-epic-evo-pro-ltd-2023\/#breadcrumb\",\"itemListElement\":[{\"@type\":\"ListItem\",\"position\":1,\"name\":\"Portada\",\"item\":\"https:\/\/gr-100.com\/en\/\"},{\"@type\":\"ListItem\",\"position\":2,\"name\":\"Productos\",\"item\":\"https:\/\/gr-100.com\/?post_type=product\"},{\"@type\":\"ListItem\",\"position\":3,\"name\":\"Specialized \u00c9pico EVO Pro LTD 2023\"}]},{\"@type\":\"WebSite\",\"@id\":\"https:\/\/gr-100.com\/#website\",\"url\":\"https:\/\/gr-100.com\/\",\"name\":\"Gr-100 Tienda de ciclismo Specialized\",\"description\":\"GR-100 tenemos todas las gamas de bicicletas Specialized al mejor precio.\",\"publisher\":{\"@id\":\"https:\/\/gr-100.com\/#organization\"},\"alternateName\":\"Gr-100 Bikes\",\"potentialAction\":[{\"@type\":\"SearchAction\",\"target\":{\"@type\":\"EntryPoint\",\"urlTemplate\":\"https:\/\/gr-100.com\/?s={search_term_string}\"},\"query-input\":{\"@type\":\"PropertyValueSpecification\",\"valueRequired\":true,\"valueName\":\"search_term_string\"}}],\"inLanguage\":\"pt-PT\"},{\"@type\":\"Organization\",\"@id\":\"https:\/\/gr-100.com\/#organization\",\"name\":\"Gr-100\",\"url\":\"https:\/\/gr-100.com\/\",\"logo\":{\"@type\":\"ImageObject\",\"inLanguage\":\"pt-PT\",\"@id\":\"https:\/\/gr-100.com\/#\/schema\/logo\/image\/\",\"url\":\"https:\/\/gr-100.com\/wp-content\/uploads\/2023\/08\/logo-gr-100-bikes.png\",\"contentUrl\":\"https:\/\/gr-100.com\/wp-content\/uploads\/2023\/08\/logo-gr-100-bikes.png\",\"width\":707,\"height\":284,\"caption\":\"Gr-100\"},\"image\":{\"@id\":\"https:\/\/gr-100.com\/#\/schema\/logo\/image\/\"},\"sameAs\":[\"https:\/\/www.facebook.com\/Gr100Bikes\",\"https:\/\/www.instagram.com\/gr100bikes\/\",\"https:\/\/www.tiktok.com\/@gr100bikes\",\"https:\/\/twitter.com\/gr100mtbteam\",\"https:\/\/www.youtube.com\/c\/GR100Specialized\"]}]}<\/script>\n<!-- \/ Yoast SEO Premium plugin. -->","yoast_head_json":{"title":"Specialized \u00c9pico EVO Pro LTD 2023 GR-100 Ofertas","description":"GR-100 Specialized. Melhores pre\u00e7os sem concorr\u00eancia. Solicite a sua oferta personalizada. Produto: Specialized Epic EVO Pro LTD 2023","robots":{"index":"index","follow":"follow","max-snippet":"max-snippet:-1","max-image-preview":"max-image-preview:large","max-video-preview":"max-video-preview:-1"},"canonical":"https:\/\/gr-100.com\/pt-pt\/producto\/especializada-epic-evo-pro-ltd-2023\/","og_locale":"pt_PT","og_type":"article","og_title":"Specialized \u00c9pico EVO Pro LTD 2023","og_description":"GR-100 Specialized. Melhores pre\u00e7os sem concorr\u00eancia. Solicite a sua oferta personalizada. Produto: Specialized Epic EVO Pro LTD 2023","og_url":"https:\/\/gr-100.com\/pt-pt\/producto\/especializada-epic-evo-pro-ltd-2023\/","og_site_name":"Gr-100 Tienda de ciclismo Specialized","article_publisher":"https:\/\/www.facebook.com\/Gr100Bikes","article_modified_time":"2025-09-22T14:24:31+00:00","og_image":[{"width":1000,"height":1000,"url":"https:\/\/gr-100.com\/wp-content\/uploads\/2024\/05\/Epic-EVO-Pro-LTD.jpg","type":"image\/jpeg"}],"twitter_card":"summary_large_image","twitter_misc":{"Tempo estimado de leitura":"1 minuto"},"schema":{"@context":"https:\/\/schema.org","@graph":[{"@type":"WebPage","@id":"https:\/\/gr-100.com\/pt-pt\/producto\/especializada-epic-evo-pro-ltd-2023\/","url":"https:\/\/gr-100.com\/pt-pt\/producto\/especializada-epic-evo-pro-ltd-2023\/","name":"Specialized \u00c9pico EVO Pro LTD 2023 GR-100 Ofertas","isPartOf":{"@id":"https:\/\/gr-100.com\/#website"},"primaryImageOfPage":{"@id":"https:\/\/gr-100.com\/pt-pt\/producto\/especializada-epic-evo-pro-ltd-2023\/#primaryimage"},"image":{"@id":"https:\/\/gr-100.com\/pt-pt\/producto\/especializada-epic-evo-pro-ltd-2023\/#primaryimage"},"thumbnailUrl":"https:\/\/gr-100.com\/wp-content\/uploads\/2024\/05\/Epic-EVO-Pro-LTD.jpg","datePublished":"2024-07-01T11:06:52+00:00","dateModified":"2025-09-22T14:24:31+00:00","description":"GR-100 Specialized. Melhores pre\u00e7os sem concorr\u00eancia. Solicite a sua oferta personalizada. Produto: Specialized Epic EVO Pro LTD 2023","breadcrumb":{"@id":"https:\/\/gr-100.com\/pt-pt\/producto\/especializada-epic-evo-pro-ltd-2023\/#breadcrumb"},"inLanguage":"pt-PT","potentialAction":[{"@type":"ReadAction","target":["https:\/\/gr-100.com\/pt-pt\/producto\/especializada-epic-evo-pro-ltd-2023\/"]}]},{"@type":"ImageObject","inLanguage":"pt-PT","@id":"https:\/\/gr-100.com\/pt-pt\/producto\/especializada-epic-evo-pro-ltd-2023\/#primaryimage","url":"https:\/\/gr-100.com\/wp-content\/uploads\/2024\/05\/Epic-EVO-Pro-LTD.jpg","contentUrl":"https:\/\/gr-100.com\/wp-content\/uploads\/2024\/05\/Epic-EVO-Pro-LTD.jpg","width":1000,"height":1000},{"@type":"BreadcrumbList","@id":"https:\/\/gr-100.com\/pt-pt\/producto\/especializada-epic-evo-pro-ltd-2023\/#breadcrumb","itemListElement":[{"@type":"ListItem","position":1,"name":"Portada","item":"https:\/\/gr-100.com\/en\/"},{"@type":"ListItem","position":2,"name":"Productos","item":"https:\/\/gr-100.com\/?post_type=product"},{"@type":"ListItem","position":3,"name":"Specialized \u00c9pico EVO Pro LTD 2023"}]},{"@type":"WebSite","@id":"https:\/\/gr-100.com\/#website","url":"https:\/\/gr-100.com\/","name":"Gr-100 Tienda de ciclismo Specialized","description":"GR-100 tenemos todas las gamas de bicicletas Specialized al mejor precio.","publisher":{"@id":"https:\/\/gr-100.com\/#organization"},"alternateName":"Gr-100 Bikes","potentialAction":[{"@type":"SearchAction","target":{"@type":"EntryPoint","urlTemplate":"https:\/\/gr-100.com\/?s={search_term_string}"},"query-input":{"@type":"PropertyValueSpecification","valueRequired":true,"valueName":"search_term_string"}}],"inLanguage":"pt-PT"},{"@type":"Organization","@id":"https:\/\/gr-100.com\/#organization","name":"Gr-100","url":"https:\/\/gr-100.com\/","logo":{"@type":"ImageObject","inLanguage":"pt-PT","@id":"https:\/\/gr-100.com\/#\/schema\/logo\/image\/","url":"https:\/\/gr-100.com\/wp-content\/uploads\/2023\/08\/logo-gr-100-bikes.png","contentUrl":"https:\/\/gr-100.com\/wp-content\/uploads\/2023\/08\/logo-gr-100-bikes.png","width":707,"height":284,"caption":"Gr-100"},"image":{"@id":"https:\/\/gr-100.com\/#\/schema\/logo\/image\/"},"sameAs":["https:\/\/www.facebook.com\/Gr100Bikes","https:\/\/www.instagram.com\/gr100bikes\/","https:\/\/www.tiktok.com\/@gr100bikes","https:\/\/twitter.com\/gr100mtbteam","https:\/\/www.youtube.com\/c\/GR100Specialized"]}]}},"_links":{"self":[{"href":"https:\/\/gr-100.com\/pt-pt\/wp-json\/wp\/v2\/product\/381043","targetHints":{"allow":["GET"]}}],"collection":[{"href":"https:\/\/gr-100.com\/pt-pt\/wp-json\/wp\/v2\/product"}],"about":[{"href":"https:\/\/gr-100.com\/pt-pt\/wp-json\/wp\/v2\/types\/product"}],"replies":[{"embeddable":true,"href":"https:\/\/gr-100.com\/pt-pt\/wp-json\/wp\/v2\/comments?post=381043"}],"wp:featuredmedia":[{"embeddable":true,"href":"https:\/\/gr-100.com\/pt-pt\/wp-json\/wp\/v2\/media\/302132"}],"wp:attachment":[{"href":"https:\/\/gr-100.com\/pt-pt\/wp-json\/wp\/v2\/media?parent=381043"}],"wp:term":[{"taxonomy":"product_brand","embeddable":true,"href":"https:\/\/gr-100.com\/pt-pt\/wp-json\/wp\/v2\/product_brand?post=381043"},{"taxonomy":"product_cat","embeddable":true,"href":"https:\/\/gr-100.com\/pt-pt\/wp-json\/wp\/v2\/product_cat?post=381043"},{"taxonomy":"product_tag","embeddable":true,"href":"https:\/\/gr-100.com\/pt-pt\/wp-json\/wp\/v2\/product_tag?post=381043"}],"curies":[{"name":"wp","href":"https:\/\/api.w.org\/{rel}","templated":true}]}}