{"id":381121,"date":"2024-07-01T12:55:14","date_gmt":"2024-07-01T10:55:14","guid":{"rendered":"https:\/\/gr-100.com\/producto\/conjunto-de-quadros-epico-especializado-evo-s-works-2023\/"},"modified":"2025-12-06T22:47:17","modified_gmt":"2025-12-06T20:47:17","slug":"conjunto-de-quadros-epico-especializado-evo-s-works-2023","status":"publish","type":"product","link":"https:\/\/gr-100.com\/pt-pt\/producto\/conjunto-de-quadros-epico-especializado-evo-s-works-2023\/","title":{"rendered":"Conjunto de quadros \u00e9pico Specialized Evo S-Works 2023"},"content":{"rendered":"<div class=\"SpecContainer__Container-fGfnkP ggxgrs\">\n<div class=\"SpecContainer__ComponentContainer-gAIAQM cQaPhm\">\n<ul>\n<li class=\"TypographyTheme__StyledP-kHntqH SpecContainer__ComponentName-jJLVGE dyOIgm kIUkKG\">Quadro S-Works FACT 12m Carbono, Geometria XC Progressiva, Rider-First Engineered\u2122, BB roscado, espa\u00e7amento traseiro de 12x148mm, roteamento de cabos internos, 110mm de curso Ligante de Assento Liga Especializada 34.9, Parafuso de Tit\u00e2nio<\/li>\n<li class=\"TypographyTheme__StyledP-kHntqH SpecContainer__ComponentName-jJLVGE dyOIgm kIUkKG\">SUSPENS\u00c3O Choque Traseiro RockShox SID LUXE ULTIMATE, Rx XC Tune, Duas Posi\u00e7\u00f5es, Rebound Adjust, 190x40mm<\/li>\n<li class=\"TypographyTheme__StyledP-kHntqH SpecContainer__ComponentName-jJLVGE dyOIgm kIUkKG\">Geometria Comprimento do Espig\u00e3o 0 \u00c2ngulo do Tubo da Cabe\u00e7a 66&#8230;5 66,5 66,5 66,5 66,5 Dist\u00e2ncia entre eixos 1106 1132 1164 1194 1227 Alcance 406 436 460 485 380 Garfo Rake\/Offset 44 44 44 44 44 Comprimento do tubo do assento 375 400 430 470 520 Trilha 114 114 114 114 114 Comprimento da forquilha, Full 530 530 530 530 530 530 530 Front Center 672 697 729 759 792 Altura do standover da bicicleta 760 779 781 793 804 Pilha 603 593 597 611 629 Altura BB 326 336 336 336 336 Comprimento da corrente 438 438 438 438 438 438 Comprimento do tubo superior, horizontal 536 567 602 629 659 BB Drop 46 36 36 36 \u00c2ngulo do tubo do assento 75,5 74,8 74,5 74,5 74,5 Comprimento do tubo da cabe\u00e7a 95 95 100 115 135<\/li>\n<\/ul>\n<\/div>\n<\/div>\n","protected":false},"excerpt":{"rendered":"<p>O Epic EVO sempre se preocupou em tirar proveito da efici\u00eancia de pedalada incompar\u00e1vel, manuseio \u00e1gil e chassi de penas da Epic e injetar uma dose extra de capacidade para fazer um trabalho r\u00e1pido de trilhas t\u00e9cnicas e descidas exigentes.<\/p>\n","protected":false},"featured_media":301573,"comment_status":"closed","ping_status":"closed","template":"","meta":{"_acf_changed":false,"_et_pb_use_builder":"","_et_pb_old_content":"","_et_gb_content_width":"","inline_featured_image":false},"product_brand":[],"product_cat":[2459,402,2483,2696],"product_tag":[],"class_list":{"0":"post-381121","1":"product","2":"type-product","3":"status-publish","4":"has-post-thumbnail","6":"product_cat-bicicletas-pt-pt-2","7":"product_cat-montanha","8":"product_cat-bicicletas-especializadas","9":"product_cat-ofertas-especializadas","10":"product_shipping_class-bicicletas-pt-pt","12":"first","13":"outofstock","14":"taxable","15":"shipping-taxable","16":"product-type-variable","17":"wvs-archive-product-wrapper"},"acf":[],"yoast_head":"<!-- This site is optimized with the Yoast SEO Premium plugin v26.7 (Yoast SEO v26.7) - https:\/\/yoast.com\/wordpress\/plugins\/seo\/ -->\n<title>Conjunto de quadros \u00e9pico Specialized Evo S-Works 2023<\/title>\n<meta name=\"description\" content=\"Obtenha o m\u00e1ximo desempenho na sua moto com o Specialized Epic EVO S-Works Frameset 2023. Adquira-o na nossa loja online!\" \/>\n<meta name=\"robots\" content=\"index, follow, max-snippet:-1, max-image-preview:large, max-video-preview:-1\" \/>\n<link rel=\"canonical\" href=\"https:\/\/gr-100.com\/pt-pt\/producto\/conjunto-de-quadros-epico-especializado-evo-s-works-2023\/\" \/>\n<meta property=\"og:locale\" content=\"pt_PT\" \/>\n<meta property=\"og:type\" content=\"article\" \/>\n<meta property=\"og:title\" content=\"Conjunto de quadros \u00e9pico Specialized Evo S-Works 2023\" \/>\n<meta property=\"og:description\" content=\"Obtenha o m\u00e1ximo desempenho na sua moto com o Specialized Epic EVO S-Works Frameset 2023. Adquira-o na nossa loja online!\" \/>\n<meta property=\"og:url\" content=\"https:\/\/gr-100.com\/pt-pt\/producto\/conjunto-de-quadros-epico-especializado-evo-s-works-2023\/\" \/>\n<meta property=\"og:site_name\" content=\"Gr-100 Tienda de ciclismo Specialized\" \/>\n<meta property=\"article:publisher\" content=\"https:\/\/www.facebook.com\/Gr100Bikes\" \/>\n<meta property=\"article:modified_time\" content=\"2025-12-06T20:47:17+00:00\" \/>\n<meta property=\"og:image\" content=\"https:\/\/gr-100.com\/wp-content\/uploads\/2024\/05\/S-Works-Epic-EVO-Frameset_gold.jpg\" \/>\n\t<meta property=\"og:image:width\" content=\"1000\" \/>\n\t<meta property=\"og:image:height\" content=\"1000\" \/>\n\t<meta property=\"og:image:type\" content=\"image\/jpeg\" \/>\n<meta name=\"twitter:card\" content=\"summary_large_image\" \/>\n<meta name=\"twitter:label1\" content=\"Tempo estimado de leitura\" \/>\n\t<meta name=\"twitter:data1\" content=\"1 minuto\" \/>\n<script type=\"application\/ld+json\" class=\"yoast-schema-graph\">{\"@context\":\"https:\/\/schema.org\",\"@graph\":[{\"@type\":\"WebPage\",\"@id\":\"https:\/\/gr-100.com\/pt-pt\/producto\/conjunto-de-quadros-epico-especializado-evo-s-works-2023\/\",\"url\":\"https:\/\/gr-100.com\/pt-pt\/producto\/conjunto-de-quadros-epico-especializado-evo-s-works-2023\/\",\"name\":\"Conjunto de quadros \u00e9pico Specialized Evo S-Works 2023\",\"isPartOf\":{\"@id\":\"https:\/\/gr-100.com\/#website\"},\"primaryImageOfPage\":{\"@id\":\"https:\/\/gr-100.com\/pt-pt\/producto\/conjunto-de-quadros-epico-especializado-evo-s-works-2023\/#primaryimage\"},\"image\":{\"@id\":\"https:\/\/gr-100.com\/pt-pt\/producto\/conjunto-de-quadros-epico-especializado-evo-s-works-2023\/#primaryimage\"},\"thumbnailUrl\":\"https:\/\/gr-100.com\/wp-content\/uploads\/2024\/05\/S-Works-Epic-EVO-Frameset_gold.jpg\",\"datePublished\":\"2024-07-01T10:55:14+00:00\",\"dateModified\":\"2025-12-06T20:47:17+00:00\",\"description\":\"Obtenha o m\u00e1ximo desempenho na sua moto com o Specialized Epic EVO S-Works Frameset 2023. Adquira-o na nossa loja online!\",\"breadcrumb\":{\"@id\":\"https:\/\/gr-100.com\/pt-pt\/producto\/conjunto-de-quadros-epico-especializado-evo-s-works-2023\/#breadcrumb\"},\"inLanguage\":\"pt-PT\",\"potentialAction\":[{\"@type\":\"ReadAction\",\"target\":[\"https:\/\/gr-100.com\/pt-pt\/producto\/conjunto-de-quadros-epico-especializado-evo-s-works-2023\/\"]}]},{\"@type\":\"ImageObject\",\"inLanguage\":\"pt-PT\",\"@id\":\"https:\/\/gr-100.com\/pt-pt\/producto\/conjunto-de-quadros-epico-especializado-evo-s-works-2023\/#primaryimage\",\"url\":\"https:\/\/gr-100.com\/wp-content\/uploads\/2024\/05\/S-Works-Epic-EVO-Frameset_gold.jpg\",\"contentUrl\":\"https:\/\/gr-100.com\/wp-content\/uploads\/2024\/05\/S-Works-Epic-EVO-Frameset_gold.jpg\",\"width\":1000,\"height\":1000},{\"@type\":\"BreadcrumbList\",\"@id\":\"https:\/\/gr-100.com\/pt-pt\/producto\/conjunto-de-quadros-epico-especializado-evo-s-works-2023\/#breadcrumb\",\"itemListElement\":[{\"@type\":\"ListItem\",\"position\":1,\"name\":\"Portada\",\"item\":\"https:\/\/gr-100.com\/en\/\"},{\"@type\":\"ListItem\",\"position\":2,\"name\":\"Productos\",\"item\":\"https:\/\/gr-100.com\/?post_type=product\"},{\"@type\":\"ListItem\",\"position\":3,\"name\":\"Conjunto de quadros \u00e9pico Specialized Evo S-Works 2023\"}]},{\"@type\":\"WebSite\",\"@id\":\"https:\/\/gr-100.com\/#website\",\"url\":\"https:\/\/gr-100.com\/\",\"name\":\"Gr-100 Tienda de ciclismo Specialized\",\"description\":\"GR-100 tenemos todas las gamas de bicicletas Specialized al mejor precio.\",\"publisher\":{\"@id\":\"https:\/\/gr-100.com\/#organization\"},\"alternateName\":\"Gr-100 Bikes\",\"potentialAction\":[{\"@type\":\"SearchAction\",\"target\":{\"@type\":\"EntryPoint\",\"urlTemplate\":\"https:\/\/gr-100.com\/?s={search_term_string}\"},\"query-input\":{\"@type\":\"PropertyValueSpecification\",\"valueRequired\":true,\"valueName\":\"search_term_string\"}}],\"inLanguage\":\"pt-PT\"},{\"@type\":\"Organization\",\"@id\":\"https:\/\/gr-100.com\/#organization\",\"name\":\"Gr-100\",\"url\":\"https:\/\/gr-100.com\/\",\"logo\":{\"@type\":\"ImageObject\",\"inLanguage\":\"pt-PT\",\"@id\":\"https:\/\/gr-100.com\/#\/schema\/logo\/image\/\",\"url\":\"https:\/\/gr-100.com\/wp-content\/uploads\/2023\/08\/logo-gr-100-bikes.png\",\"contentUrl\":\"https:\/\/gr-100.com\/wp-content\/uploads\/2023\/08\/logo-gr-100-bikes.png\",\"width\":707,\"height\":284,\"caption\":\"Gr-100\"},\"image\":{\"@id\":\"https:\/\/gr-100.com\/#\/schema\/logo\/image\/\"},\"sameAs\":[\"https:\/\/www.facebook.com\/Gr100Bikes\",\"https:\/\/www.instagram.com\/gr100bikes\/\",\"https:\/\/www.tiktok.com\/@gr100bikes\",\"https:\/\/twitter.com\/gr100mtbteam\",\"https:\/\/www.youtube.com\/c\/GR100Specialized\"]}]}<\/script>\n<!-- \/ Yoast SEO Premium plugin. -->","yoast_head_json":{"title":"Conjunto de quadros \u00e9pico Specialized Evo S-Works 2023","description":"Obtenha o m\u00e1ximo desempenho na sua moto com o Specialized Epic EVO S-Works Frameset 2023. Adquira-o na nossa loja online!","robots":{"index":"index","follow":"follow","max-snippet":"max-snippet:-1","max-image-preview":"max-image-preview:large","max-video-preview":"max-video-preview:-1"},"canonical":"https:\/\/gr-100.com\/pt-pt\/producto\/conjunto-de-quadros-epico-especializado-evo-s-works-2023\/","og_locale":"pt_PT","og_type":"article","og_title":"Conjunto de quadros \u00e9pico Specialized Evo S-Works 2023","og_description":"Obtenha o m\u00e1ximo desempenho na sua moto com o Specialized Epic EVO S-Works Frameset 2023. Adquira-o na nossa loja online!","og_url":"https:\/\/gr-100.com\/pt-pt\/producto\/conjunto-de-quadros-epico-especializado-evo-s-works-2023\/","og_site_name":"Gr-100 Tienda de ciclismo Specialized","article_publisher":"https:\/\/www.facebook.com\/Gr100Bikes","article_modified_time":"2025-12-06T20:47:17+00:00","og_image":[{"width":1000,"height":1000,"url":"https:\/\/gr-100.com\/wp-content\/uploads\/2024\/05\/S-Works-Epic-EVO-Frameset_gold.jpg","type":"image\/jpeg"}],"twitter_card":"summary_large_image","twitter_misc":{"Tempo estimado de leitura":"1 minuto"},"schema":{"@context":"https:\/\/schema.org","@graph":[{"@type":"WebPage","@id":"https:\/\/gr-100.com\/pt-pt\/producto\/conjunto-de-quadros-epico-especializado-evo-s-works-2023\/","url":"https:\/\/gr-100.com\/pt-pt\/producto\/conjunto-de-quadros-epico-especializado-evo-s-works-2023\/","name":"Conjunto de quadros \u00e9pico Specialized Evo S-Works 2023","isPartOf":{"@id":"https:\/\/gr-100.com\/#website"},"primaryImageOfPage":{"@id":"https:\/\/gr-100.com\/pt-pt\/producto\/conjunto-de-quadros-epico-especializado-evo-s-works-2023\/#primaryimage"},"image":{"@id":"https:\/\/gr-100.com\/pt-pt\/producto\/conjunto-de-quadros-epico-especializado-evo-s-works-2023\/#primaryimage"},"thumbnailUrl":"https:\/\/gr-100.com\/wp-content\/uploads\/2024\/05\/S-Works-Epic-EVO-Frameset_gold.jpg","datePublished":"2024-07-01T10:55:14+00:00","dateModified":"2025-12-06T20:47:17+00:00","description":"Obtenha o m\u00e1ximo desempenho na sua moto com o Specialized Epic EVO S-Works Frameset 2023. Adquira-o na nossa loja online!","breadcrumb":{"@id":"https:\/\/gr-100.com\/pt-pt\/producto\/conjunto-de-quadros-epico-especializado-evo-s-works-2023\/#breadcrumb"},"inLanguage":"pt-PT","potentialAction":[{"@type":"ReadAction","target":["https:\/\/gr-100.com\/pt-pt\/producto\/conjunto-de-quadros-epico-especializado-evo-s-works-2023\/"]}]},{"@type":"ImageObject","inLanguage":"pt-PT","@id":"https:\/\/gr-100.com\/pt-pt\/producto\/conjunto-de-quadros-epico-especializado-evo-s-works-2023\/#primaryimage","url":"https:\/\/gr-100.com\/wp-content\/uploads\/2024\/05\/S-Works-Epic-EVO-Frameset_gold.jpg","contentUrl":"https:\/\/gr-100.com\/wp-content\/uploads\/2024\/05\/S-Works-Epic-EVO-Frameset_gold.jpg","width":1000,"height":1000},{"@type":"BreadcrumbList","@id":"https:\/\/gr-100.com\/pt-pt\/producto\/conjunto-de-quadros-epico-especializado-evo-s-works-2023\/#breadcrumb","itemListElement":[{"@type":"ListItem","position":1,"name":"Portada","item":"https:\/\/gr-100.com\/en\/"},{"@type":"ListItem","position":2,"name":"Productos","item":"https:\/\/gr-100.com\/?post_type=product"},{"@type":"ListItem","position":3,"name":"Conjunto de quadros \u00e9pico Specialized Evo S-Works 2023"}]},{"@type":"WebSite","@id":"https:\/\/gr-100.com\/#website","url":"https:\/\/gr-100.com\/","name":"Gr-100 Tienda de ciclismo Specialized","description":"GR-100 tenemos todas las gamas de bicicletas Specialized al mejor precio.","publisher":{"@id":"https:\/\/gr-100.com\/#organization"},"alternateName":"Gr-100 Bikes","potentialAction":[{"@type":"SearchAction","target":{"@type":"EntryPoint","urlTemplate":"https:\/\/gr-100.com\/?s={search_term_string}"},"query-input":{"@type":"PropertyValueSpecification","valueRequired":true,"valueName":"search_term_string"}}],"inLanguage":"pt-PT"},{"@type":"Organization","@id":"https:\/\/gr-100.com\/#organization","name":"Gr-100","url":"https:\/\/gr-100.com\/","logo":{"@type":"ImageObject","inLanguage":"pt-PT","@id":"https:\/\/gr-100.com\/#\/schema\/logo\/image\/","url":"https:\/\/gr-100.com\/wp-content\/uploads\/2023\/08\/logo-gr-100-bikes.png","contentUrl":"https:\/\/gr-100.com\/wp-content\/uploads\/2023\/08\/logo-gr-100-bikes.png","width":707,"height":284,"caption":"Gr-100"},"image":{"@id":"https:\/\/gr-100.com\/#\/schema\/logo\/image\/"},"sameAs":["https:\/\/www.facebook.com\/Gr100Bikes","https:\/\/www.instagram.com\/gr100bikes\/","https:\/\/www.tiktok.com\/@gr100bikes","https:\/\/twitter.com\/gr100mtbteam","https:\/\/www.youtube.com\/c\/GR100Specialized"]}]}},"_links":{"self":[{"href":"https:\/\/gr-100.com\/pt-pt\/wp-json\/wp\/v2\/product\/381121","targetHints":{"allow":["GET"]}}],"collection":[{"href":"https:\/\/gr-100.com\/pt-pt\/wp-json\/wp\/v2\/product"}],"about":[{"href":"https:\/\/gr-100.com\/pt-pt\/wp-json\/wp\/v2\/types\/product"}],"replies":[{"embeddable":true,"href":"https:\/\/gr-100.com\/pt-pt\/wp-json\/wp\/v2\/comments?post=381121"}],"wp:featuredmedia":[{"embeddable":true,"href":"https:\/\/gr-100.com\/pt-pt\/wp-json\/wp\/v2\/media\/301573"}],"wp:attachment":[{"href":"https:\/\/gr-100.com\/pt-pt\/wp-json\/wp\/v2\/media?parent=381121"}],"wp:term":[{"taxonomy":"product_brand","embeddable":true,"href":"https:\/\/gr-100.com\/pt-pt\/wp-json\/wp\/v2\/product_brand?post=381121"},{"taxonomy":"product_cat","embeddable":true,"href":"https:\/\/gr-100.com\/pt-pt\/wp-json\/wp\/v2\/product_cat?post=381121"},{"taxonomy":"product_tag","embeddable":true,"href":"https:\/\/gr-100.com\/pt-pt\/wp-json\/wp\/v2\/product_tag?post=381121"}],"curies":[{"name":"wp","href":"https:\/\/api.w.org\/{rel}","templated":true}]}}