{"id":381136,"date":"2024-07-01T12:46:14","date_gmt":"2024-07-01T12:46:14","guid":{"rendered":"https:\/\/gr-100.com\/producto\/especialista-em-enduro-22\/"},"modified":"2025-11-26T16:37:03","modified_gmt":"2025-11-26T14:37:03","slug":"especialista-em-enduro-22","status":"publish","type":"product","link":"https:\/\/gr-100.com\/pt-pt\/producto\/especialista-em-enduro-22\/","title":{"rendered":"Specialized Especialista em Enduro 22"},"content":{"rendered":"<ul>\n<li class=\"bullet_item\">INCRIVELMENTE EFICIENTE Se o Enduro se parece com sua irm\u00e3, a Demo, \u00e9 porque eles compartilham o mesmo DNA downhill.<br \/>\nUma trajet\u00f3ria de eixo definida reduz o desligamento das rodas em grandes impactos.<br \/>\nUm choque posicionado para baixo e para a frente mant\u00e9m-no equilibrado e confiante a altas velocidades.<br \/>\nA rigidez equilibrada do chassis ajuda a dianteira a virar com precis\u00e3o e mant\u00e9m a traseira a seguir como se estivesse sobre carris.<br \/>\nAdicione tudo e voc\u00ea ter\u00e1 uma bicicleta que faz grandes saltos uma brisa.    <\/li>\n<li class=\"bullet_item\">SURPREENDENTEMENTE R\u00c1PIDO&#8230;<br \/>\nSUBINDO E DESCENDO TRILHAS Aperte os pedais, o novo Enduro acelera muito mais r\u00e1pido do que voc\u00ea esperaria de uma moto orientada para descida.<br \/>\nGra\u00e7as \u00e0 sua engenharia, fizemos do Enduro uma m\u00e1quina de pedalar incrivelmente eficiente, o resultado final?<br \/>\nMenos balan\u00e7o.<br \/>\nMais velocidade.    <\/li>\n<li class=\"bullet_item\">A VELOCIDADE COME\u00c7A COM O AJUSTE A velocidade e a capacidade de ajuste n\u00e3o s\u00e3o mutuamente exclusivas, raz\u00e3o pela qual a geometria progressiva do Enduro foi projetada para subir e descer.<br \/>\nPara come\u00e7ar, o tubo do assento e a pilha n\u00e3o crescem significativamente entre os tamanhos, o que significa que agora pode escolher um tamanho de quadro com base na sua altura e estilo de condu\u00e7\u00e3o.<br \/>\nCombine-a com um \u00e2ngulo de cabe\u00e7a mais longo, um alcance mais longo e um tubo de assento mais \u00edngreme, e obter\u00e1 a moto mais r\u00e1pida e eficiente, independentemente do tamanho do quadro.  <\/li>\n<li>FACT FRAME<br \/>\nChassis de carbono de 11m e traseira, Geometria de Corrida de Enduro S-Sizeing, integra\u00e7\u00e3o com porta SWAT\u2122, BB roscado, roteamento de cabos internos, sa\u00eddas de 12x148mm, piv\u00f4s de rolamento de cartucho selado, gancho derailleur substitu\u00edvel, 170mm de curso<br \/>\nABRAZ. Liga de sela<br \/>\n, 38.6mm<\/li>\n<li>FOX FLOAT X2 Performance Shock<br \/>\n, Rx Trail Tune, ajuste de 2 posi\u00e7\u00f5es, rebote de baixa velocidade e ajuste de compress\u00e3o, montagem Trunnion, 205x60mm<\/li>\n<li>Forquilha<br \/>\n FOX FLOAT 38 Performance Elite, amortecedor GRIP2, 15x110mm, deslocamento de 44mm, 170mm de cursoFOX<\/li>\n<li>Specialized<br \/>\n, liga 7050, backsweep de 8 graus, upsweep de 6 graus, eleva\u00e7\u00e3o de 30mm, grampo de 800mm, 35mm<\/li>\n<li>STEM<br \/>\nAlloy Trail Stem, furo em barra de 35 mm<\/li>\n<li>SEATPOST<br \/>\nOneUp, Conta-gotas Post-V2, alavanca MMX, 34.9 (S2:150mm, S3\/S4:180mm, S5: 210mm)<\/li>\n<li>Punhos<br \/>\n De Deidade, Knuckleduster, Preto<\/li>\n<li>Bridge Comp SADDLE,<br \/>\n Trilhos ocos Cr-mo, 155\/143mm<\/li>\n<li>FREIO DIANTEIRO<br \/>\nSRAM C\u00f3digo RS, pin\u00e7a de 4 pist\u00f5es, disco hidr\u00e1ulico, 220mm<\/li>\n<li>FREIO TRASEIRO<br \/>\nSRAM C\u00f3digo RS, pin\u00e7a de 4 pist\u00f5es, disco hidr\u00e1ulico, 200mm<\/li>\n<li>PLATOS<br \/>\n30T<\/li>\n<li>Sram X01 Eagle, DERAILLEUR<br \/>\n TRASEIRO de 12 velocidades<\/li>\n<li>SRAM XG-1295 \u00c1guia CASSETTE,<br \/>\n 10-52tSRAM<\/li>\n<li>SRAM X01 Eagle SHIFTERS<br \/>\n, gatilho, 12 velocidadesSRAM<\/li>\n<li>SRAM GX Eagle CHAIN<br \/>\nSRAM de 12 velocidades<\/li>\n<li>SRAM Descendente 7K SUPORTE INFERIOR,<br \/>\n DUB, 170mm<\/li>\n<li>SRAM DUB, BSA<br \/>\n 73mm, roscado<\/li>\n<li>CUBO TRASEIRO<br \/>\nRoval DT Swiss 370, Ratchet LN, SRAM XD corpo do motorista, eixo thru de 12mm, espa\u00e7amento de 148mm, 28h<\/li>\n<li>C\u00c2MERAS<br \/>\nStandard, v\u00e1lvula Presta<\/li>\n<li>CUBO DIANTEIRO<br \/>\nRoval, rolamentos de cartucho selados, espa\u00e7amento 15x110mm, 28h<\/li>\n<li>Roval Traverse 29 Alloy RIMS<br \/>\n, 30mm de largura interna, constru\u00eddo \u00e0 m\u00e3o, 2Bliss Ready<\/li>\n<li>Eliminador de pneus traseiros<br \/>\n, carca\u00e7a GRID TRAIL, composto GRIPTON\u00ae T7, 29&#215;2.3&#8243;<\/li>\n<li>DT Swiss Competition Race RAIOS\n<\/li>\n<li>PNEU.<br \/>\nTalho, carca\u00e7a GRID TRAIL, composto GRIPTON\u00ae T9, 2Bliss Ready, 29&#215;2.3&#8243;<\/li>\n<li style=\"list-style-type: none;\">\n<\/li>\n<\/ul>\n","protected":false},"excerpt":{"rendered":"<ul>\n<li>O Enduro Expert sempre foi constru\u00eddo com componentes de primeira linha e agora com mais raz\u00e3o.<br \/>\nTem 170 mm de curso de suspens\u00e3o orientado para descida, mas com um desempenho capaz de ser capaz de subir com surpreendente facilidade.<br \/>\n FOX em ambos os trens, os potentes freios a disco e as robustas rodas de alum\u00ednio completam a configura\u00e7\u00e3o.  <\/li>\n<\/ul>\n","protected":false},"featured_media":301200,"comment_status":"closed","ping_status":"closed","template":"","meta":{"_acf_changed":false,"_et_pb_use_builder":"","_et_pb_old_content":"","_et_gb_content_width":"","inline_featured_image":false},"product_brand":[],"product_cat":[20,378],"product_tag":[],"class_list":{"0":"post-381136","1":"product","2":"type-product","3":"status-publish","4":"has-post-thumbnail","6":"product_cat-bicicletas-de-carretera","7":"product_cat-estrada","9":"first","10":"outofstock","11":"taxable","12":"shipping-taxable","13":"product-type-variable","14":"wvs-archive-product-wrapper"},"acf":[],"yoast_head":"<!-- This site is optimized with the Yoast SEO Premium plugin v26.7 (Yoast SEO v26.7) - https:\/\/yoast.com\/wordpress\/plugins\/seo\/ -->\n<title>Specialized Especialista em Enduro 22 GR-100 Ofertas<\/title>\n<meta name=\"description\" content=\"Specialized Especialista em Enduro. Fato 11M Carbon Frame, FOX FLOAT 38 Performance Elite, FOX FLOAT X2 Performance Shock. Sram X01 \u00c1guia\" \/>\n<meta name=\"robots\" content=\"index, follow, max-snippet:-1, max-image-preview:large, max-video-preview:-1\" \/>\n<link rel=\"canonical\" href=\"https:\/\/gr-100.com\/pt-pt\/producto\/especialista-em-enduro-22\/\" \/>\n<meta property=\"og:locale\" content=\"pt_PT\" \/>\n<meta property=\"og:type\" content=\"article\" \/>\n<meta property=\"og:title\" content=\"Specialized Especialista em Enduro 22\" \/>\n<meta property=\"og:description\" content=\"Specialized Especialista em Enduro. Fato 11M Carbon Frame, FOX FLOAT 38 Performance Elite, FOX FLOAT X2 Performance Shock. Sram X01 \u00c1guia\" \/>\n<meta property=\"og:url\" content=\"https:\/\/gr-100.com\/pt-pt\/producto\/especialista-em-enduro-22\/\" \/>\n<meta property=\"og:site_name\" content=\"Gr-100 Tienda de ciclismo Specialized\" \/>\n<meta property=\"article:publisher\" content=\"https:\/\/www.facebook.com\/Gr100Bikes\" \/>\n<meta property=\"article:modified_time\" content=\"2025-11-26T14:37:03+00:00\" \/>\n<meta property=\"og:image\" content=\"https:\/\/gr-100.com\/wp-content\/uploads\/2024\/05\/Enduro-Expert-22-1.jpg\" \/>\n\t<meta property=\"og:image:width\" content=\"1000\" \/>\n\t<meta property=\"og:image:height\" content=\"1000\" \/>\n\t<meta property=\"og:image:type\" content=\"image\/jpeg\" \/>\n<meta name=\"twitter:card\" content=\"summary_large_image\" \/>\n<meta name=\"twitter:label1\" content=\"Tempo estimado de leitura\" \/>\n\t<meta name=\"twitter:data1\" content=\"3 minutos\" \/>\n<script type=\"application\/ld+json\" class=\"yoast-schema-graph\">{\"@context\":\"https:\/\/schema.org\",\"@graph\":[{\"@type\":\"WebPage\",\"@id\":\"https:\/\/gr-100.com\/pt-pt\/producto\/especialista-em-enduro-22\/\",\"url\":\"https:\/\/gr-100.com\/pt-pt\/producto\/especialista-em-enduro-22\/\",\"name\":\"Specialized Especialista em Enduro 22 GR-100 Ofertas\",\"isPartOf\":{\"@id\":\"https:\/\/gr-100.com\/#website\"},\"primaryImageOfPage\":{\"@id\":\"https:\/\/gr-100.com\/pt-pt\/producto\/especialista-em-enduro-22\/#primaryimage\"},\"image\":{\"@id\":\"https:\/\/gr-100.com\/pt-pt\/producto\/especialista-em-enduro-22\/#primaryimage\"},\"thumbnailUrl\":\"https:\/\/gr-100.com\/wp-content\/uploads\/2024\/05\/Enduro-Expert-22-1.jpg\",\"datePublished\":\"2024-07-01T12:46:14+00:00\",\"dateModified\":\"2025-11-26T14:37:03+00:00\",\"description\":\"Specialized Especialista em Enduro. Fato 11M Carbon Frame, FOX FLOAT 38 Performance Elite, FOX FLOAT X2 Performance Shock. Sram X01 \u00c1guia\",\"breadcrumb\":{\"@id\":\"https:\/\/gr-100.com\/pt-pt\/producto\/especialista-em-enduro-22\/#breadcrumb\"},\"inLanguage\":\"pt-PT\",\"potentialAction\":[{\"@type\":\"ReadAction\",\"target\":[\"https:\/\/gr-100.com\/pt-pt\/producto\/especialista-em-enduro-22\/\"]}]},{\"@type\":\"ImageObject\",\"inLanguage\":\"pt-PT\",\"@id\":\"https:\/\/gr-100.com\/pt-pt\/producto\/especialista-em-enduro-22\/#primaryimage\",\"url\":\"https:\/\/gr-100.com\/wp-content\/uploads\/2024\/05\/Enduro-Expert-22-1.jpg\",\"contentUrl\":\"https:\/\/gr-100.com\/wp-content\/uploads\/2024\/05\/Enduro-Expert-22-1.jpg\",\"width\":1000,\"height\":1000},{\"@type\":\"BreadcrumbList\",\"@id\":\"https:\/\/gr-100.com\/pt-pt\/producto\/especialista-em-enduro-22\/#breadcrumb\",\"itemListElement\":[{\"@type\":\"ListItem\",\"position\":1,\"name\":\"Portada\",\"item\":\"https:\/\/gr-100.com\/en\/\"},{\"@type\":\"ListItem\",\"position\":2,\"name\":\"Productos\",\"item\":\"https:\/\/gr-100.com\/?post_type=product\"},{\"@type\":\"ListItem\",\"position\":3,\"name\":\"Specialized Especialista em Enduro 22\"}]},{\"@type\":\"WebSite\",\"@id\":\"https:\/\/gr-100.com\/#website\",\"url\":\"https:\/\/gr-100.com\/\",\"name\":\"Gr-100 Tienda de ciclismo Specialized\",\"description\":\"GR-100 tenemos todas las gamas de bicicletas Specialized al mejor precio.\",\"publisher\":{\"@id\":\"https:\/\/gr-100.com\/#organization\"},\"alternateName\":\"Gr-100 Bikes\",\"potentialAction\":[{\"@type\":\"SearchAction\",\"target\":{\"@type\":\"EntryPoint\",\"urlTemplate\":\"https:\/\/gr-100.com\/?s={search_term_string}\"},\"query-input\":{\"@type\":\"PropertyValueSpecification\",\"valueRequired\":true,\"valueName\":\"search_term_string\"}}],\"inLanguage\":\"pt-PT\"},{\"@type\":\"Organization\",\"@id\":\"https:\/\/gr-100.com\/#organization\",\"name\":\"Gr-100\",\"url\":\"https:\/\/gr-100.com\/\",\"logo\":{\"@type\":\"ImageObject\",\"inLanguage\":\"pt-PT\",\"@id\":\"https:\/\/gr-100.com\/#\/schema\/logo\/image\/\",\"url\":\"https:\/\/gr-100.com\/wp-content\/uploads\/2023\/08\/logo-gr-100-bikes.png\",\"contentUrl\":\"https:\/\/gr-100.com\/wp-content\/uploads\/2023\/08\/logo-gr-100-bikes.png\",\"width\":707,\"height\":284,\"caption\":\"Gr-100\"},\"image\":{\"@id\":\"https:\/\/gr-100.com\/#\/schema\/logo\/image\/\"},\"sameAs\":[\"https:\/\/www.facebook.com\/Gr100Bikes\",\"https:\/\/www.instagram.com\/gr100bikes\/\",\"https:\/\/www.tiktok.com\/@gr100bikes\",\"https:\/\/twitter.com\/gr100mtbteam\",\"https:\/\/www.youtube.com\/c\/GR100Specialized\"]}]}<\/script>\n<!-- \/ Yoast SEO Premium plugin. -->","yoast_head_json":{"title":"Specialized Especialista em Enduro 22 GR-100 Ofertas","description":"Specialized Especialista em Enduro. Fato 11M Carbon Frame, FOX FLOAT 38 Performance Elite, FOX FLOAT X2 Performance Shock. Sram X01 \u00c1guia","robots":{"index":"index","follow":"follow","max-snippet":"max-snippet:-1","max-image-preview":"max-image-preview:large","max-video-preview":"max-video-preview:-1"},"canonical":"https:\/\/gr-100.com\/pt-pt\/producto\/especialista-em-enduro-22\/","og_locale":"pt_PT","og_type":"article","og_title":"Specialized Especialista em Enduro 22","og_description":"Specialized Especialista em Enduro. Fato 11M Carbon Frame, FOX FLOAT 38 Performance Elite, FOX FLOAT X2 Performance Shock. Sram X01 \u00c1guia","og_url":"https:\/\/gr-100.com\/pt-pt\/producto\/especialista-em-enduro-22\/","og_site_name":"Gr-100 Tienda de ciclismo Specialized","article_publisher":"https:\/\/www.facebook.com\/Gr100Bikes","article_modified_time":"2025-11-26T14:37:03+00:00","og_image":[{"width":1000,"height":1000,"url":"https:\/\/gr-100.com\/wp-content\/uploads\/2024\/05\/Enduro-Expert-22-1.jpg","type":"image\/jpeg"}],"twitter_card":"summary_large_image","twitter_misc":{"Tempo estimado de leitura":"3 minutos"},"schema":{"@context":"https:\/\/schema.org","@graph":[{"@type":"WebPage","@id":"https:\/\/gr-100.com\/pt-pt\/producto\/especialista-em-enduro-22\/","url":"https:\/\/gr-100.com\/pt-pt\/producto\/especialista-em-enduro-22\/","name":"Specialized Especialista em Enduro 22 GR-100 Ofertas","isPartOf":{"@id":"https:\/\/gr-100.com\/#website"},"primaryImageOfPage":{"@id":"https:\/\/gr-100.com\/pt-pt\/producto\/especialista-em-enduro-22\/#primaryimage"},"image":{"@id":"https:\/\/gr-100.com\/pt-pt\/producto\/especialista-em-enduro-22\/#primaryimage"},"thumbnailUrl":"https:\/\/gr-100.com\/wp-content\/uploads\/2024\/05\/Enduro-Expert-22-1.jpg","datePublished":"2024-07-01T12:46:14+00:00","dateModified":"2025-11-26T14:37:03+00:00","description":"Specialized Especialista em Enduro. Fato 11M Carbon Frame, FOX FLOAT 38 Performance Elite, FOX FLOAT X2 Performance Shock. Sram X01 \u00c1guia","breadcrumb":{"@id":"https:\/\/gr-100.com\/pt-pt\/producto\/especialista-em-enduro-22\/#breadcrumb"},"inLanguage":"pt-PT","potentialAction":[{"@type":"ReadAction","target":["https:\/\/gr-100.com\/pt-pt\/producto\/especialista-em-enduro-22\/"]}]},{"@type":"ImageObject","inLanguage":"pt-PT","@id":"https:\/\/gr-100.com\/pt-pt\/producto\/especialista-em-enduro-22\/#primaryimage","url":"https:\/\/gr-100.com\/wp-content\/uploads\/2024\/05\/Enduro-Expert-22-1.jpg","contentUrl":"https:\/\/gr-100.com\/wp-content\/uploads\/2024\/05\/Enduro-Expert-22-1.jpg","width":1000,"height":1000},{"@type":"BreadcrumbList","@id":"https:\/\/gr-100.com\/pt-pt\/producto\/especialista-em-enduro-22\/#breadcrumb","itemListElement":[{"@type":"ListItem","position":1,"name":"Portada","item":"https:\/\/gr-100.com\/en\/"},{"@type":"ListItem","position":2,"name":"Productos","item":"https:\/\/gr-100.com\/?post_type=product"},{"@type":"ListItem","position":3,"name":"Specialized Especialista em Enduro 22"}]},{"@type":"WebSite","@id":"https:\/\/gr-100.com\/#website","url":"https:\/\/gr-100.com\/","name":"Gr-100 Tienda de ciclismo Specialized","description":"GR-100 tenemos todas las gamas de bicicletas Specialized al mejor precio.","publisher":{"@id":"https:\/\/gr-100.com\/#organization"},"alternateName":"Gr-100 Bikes","potentialAction":[{"@type":"SearchAction","target":{"@type":"EntryPoint","urlTemplate":"https:\/\/gr-100.com\/?s={search_term_string}"},"query-input":{"@type":"PropertyValueSpecification","valueRequired":true,"valueName":"search_term_string"}}],"inLanguage":"pt-PT"},{"@type":"Organization","@id":"https:\/\/gr-100.com\/#organization","name":"Gr-100","url":"https:\/\/gr-100.com\/","logo":{"@type":"ImageObject","inLanguage":"pt-PT","@id":"https:\/\/gr-100.com\/#\/schema\/logo\/image\/","url":"https:\/\/gr-100.com\/wp-content\/uploads\/2023\/08\/logo-gr-100-bikes.png","contentUrl":"https:\/\/gr-100.com\/wp-content\/uploads\/2023\/08\/logo-gr-100-bikes.png","width":707,"height":284,"caption":"Gr-100"},"image":{"@id":"https:\/\/gr-100.com\/#\/schema\/logo\/image\/"},"sameAs":["https:\/\/www.facebook.com\/Gr100Bikes","https:\/\/www.instagram.com\/gr100bikes\/","https:\/\/www.tiktok.com\/@gr100bikes","https:\/\/twitter.com\/gr100mtbteam","https:\/\/www.youtube.com\/c\/GR100Specialized"]}]}},"_links":{"self":[{"href":"https:\/\/gr-100.com\/pt-pt\/wp-json\/wp\/v2\/product\/381136","targetHints":{"allow":["GET"]}}],"collection":[{"href":"https:\/\/gr-100.com\/pt-pt\/wp-json\/wp\/v2\/product"}],"about":[{"href":"https:\/\/gr-100.com\/pt-pt\/wp-json\/wp\/v2\/types\/product"}],"replies":[{"embeddable":true,"href":"https:\/\/gr-100.com\/pt-pt\/wp-json\/wp\/v2\/comments?post=381136"}],"wp:featuredmedia":[{"embeddable":true,"href":"https:\/\/gr-100.com\/pt-pt\/wp-json\/wp\/v2\/media\/301200"}],"wp:attachment":[{"href":"https:\/\/gr-100.com\/pt-pt\/wp-json\/wp\/v2\/media?parent=381136"}],"wp:term":[{"taxonomy":"product_brand","embeddable":true,"href":"https:\/\/gr-100.com\/pt-pt\/wp-json\/wp\/v2\/product_brand?post=381136"},{"taxonomy":"product_cat","embeddable":true,"href":"https:\/\/gr-100.com\/pt-pt\/wp-json\/wp\/v2\/product_cat?post=381136"},{"taxonomy":"product_tag","embeddable":true,"href":"https:\/\/gr-100.com\/pt-pt\/wp-json\/wp\/v2\/product_tag?post=381136"}],"curies":[{"name":"wp","href":"https:\/\/api.w.org\/{rel}","templated":true}]}}