{"id":381183,"date":"2024-07-01T12:27:36","date_gmt":"2024-07-01T10:27:36","guid":{"rendered":"https:\/\/gr-100.com\/producto\/especializada-s-works-epic-world-cup-2023\/"},"modified":"2025-12-19T12:18:11","modified_gmt":"2025-12-19T10:18:11","slug":"especializada-s-works-epic-world-cup-2023","status":"publish","type":"product","link":"https:\/\/gr-100.com\/pt-pt\/producto\/especializada-s-works-epic-world-cup-2023\/","title":{"rendered":"Specialized S-Works Epic World Cup 2024"},"content":{"rendered":"<p>[et_pb_section bb_built=&#8221;1&#8243;][et_pb_row][et_pb_column type=&#8221;4_4&#8243;][et_pb_text]<\/p>\n<div class=\"product-specification\">\n<p>https:\/\/www.youtube.com\/watch?v=EKdKxem3BpM CUADRO DE REFERENCIA: Para ofrecer la m\u00e1xima velocidad a trav\u00e9s de una transferencia de potencia despiadadamente eficiente y un manejo de precisi\u00f3n, nuestro equipo de ingenier\u00eda estableci\u00f3 y logr\u00f3 nuevos est\u00e1ndares en rigidez torsional y rigidez BB. Esta haza\u00f1a requiri\u00f3 un enfoque de desarrollo integrado que fusion\u00f3 un dise\u00f1o de doble diamante estructuralmente superior con su amortiguador acunado dentro del tubo superior y termin\u00f3 con la disposici\u00f3n compuesta m\u00e1s sofisticada en la historia de Specialized. IMPRESIONANTEMENTE R\u00c1PIDO: El equipo de Specialized Ride Dynamics concibi\u00f3 e invent\u00f3 una revolucionaria tecnolog\u00eda de amortiguaci\u00f3n para la Epic World Cup que brinda al ciclista la eficiencia y la respuesta r\u00e1pida de una r\u00edgida M\u00c1S el control, la capacidad y el impulso de la suspensi\u00f3n total, todo con un configuraci\u00f3n sencilla Desarrollado conjuntamente con RockShox, el amortiguador SID Deluxe WCID utiliza c\u00e1maras de aire positivas y negativas ajustables de forma independiente \u00fanicas para brindar el codiciado &#8220;chasquido&#8221; r\u00edgido, combinado con tolerancia que devora el terreno y la capacidad de personalizar f\u00e1cilmente la configuraci\u00f3n para un curso o melod\u00eda espec\u00edfica para la preferencia y la sensaci\u00f3n del ciclista. Aj\u00fastelo firme y se desplaza como una r\u00edgida o \u00e1bralo y tendr\u00e1 un desgarrador que aplasta trozos. Pero no solo est\u00e1 limitado a &#8220;abierto y cerrado&#8221;, la naturaleza simple de su configuraci\u00f3n le permite al ciclista establecer un espectro de firme a suave. SUPERANDO SU CATEGOR\u00cdA: Los 75 mm de recorrido trasero de la Epic World Cup brindan el control y la capacidad de una bicicleta de recorrido mucho m\u00e1s largo. Debido a que est\u00e1 dise\u00f1ada para usarse al m\u00e1ximo o casi al tope, produce el mismo recorrido positivo que una bicicleta de recorrido de 100 mm configurada con un 25 % de hundimiento. Para optimizar a\u00fan m\u00e1s el rendimiento de la suspensi\u00f3n, el equipo de Specialized Ride Dynamics ajust\u00f3 la tasa de resorte para que sea relativamente plana en la mitad de la carrera para manejar la mayor\u00eda de las fuerzas de choque como una bicicleta de recorrido m\u00e1s largo. Debido a su gran tama\u00f1o, el Mega Jounce Bumper personalizado es una &#8220;primicia en la industria&#8221; y desempe\u00f1a un papel crucial en la gesti\u00f3n fluida de los impactos m\u00e1s grandes. \u00bfNOS HEMOS VUELTO LOCOS? EN UNA CLASE DE: Mientras que el nuevo e innovador amortiguador SID Deluxe WCID proporciona la combinaci\u00f3n \u00fanica de soporte y cumplimiento en la parte trasera, el BRAIN todav\u00eda est\u00e1 vivo y bien en la horquilla. Su tecnolog\u00eda Position-Sensitive permite a los ciclistas hundirse en la horquilla 15 mm para lograr una conducci\u00f3n equilibrada, lo que proporciona un cumplimiento flexible de los baches peque\u00f1os y una plataforma de pedaleo firme sin la necesidad de un bloqueo remoto o palancas para voltear. SE TERMIN\u00d3 EL PESO: con un peso de marco de solo 1765 gramos (pintado con amortiguador y todo el hardware), la Epic World Cup supera a la competencia m\u00e1s liviana. Esto se traduce en una aceleraci\u00f3n m\u00e1s r\u00e1pida, una escalada m\u00e1s eficiente y un manejo m\u00e1s \u00e1gil. Y todo eso se suma a la velocidad. Conseguimos el peso pluma y la monstruosa rigidez de la Epic WC aplicando lo que aprendimos en el desarrollo de nuestra Aethos, el cuadro de carretera de producci\u00f3n m\u00e1s ligero jam\u00e1s fabricado, espec\u00edficamente la disposici\u00f3n avanzada de materiales compuestos y las formas de los tubos.<\/p>\n<p>O FLEX AUMENTADO N\u00c3O \u00c9 FLEX\u00cdVEL: O Epic World Cup ostenta o conjunto completo de componentes Roval Control SL: rodado de 1240 gramas, espig\u00e3o de assento de 180 gramas e cockpit integrado de 250 gramas (70 mm x 780 mm). Cada um com leveza, rigidez e controle incompar\u00e1veis na Copa do Mundo de hoje. O novo quadro Epic World Cup inclui tecnologia de suspens\u00e3o desenvolvida pela Ride Dynamics e 75 mm de curso otimizado das rodas traseiras. <\/p>\n<p> Gra\u00e7as \u00e0 sua tecnologia de choque, a Epic World Cup oferece uma efici\u00eancia de pedalagem incompar\u00e1vel e est\u00e1 pronta para as descidas mais dif\u00edceis que pode lan\u00e7ar, sem a necessidade de interruptores de bloqueio.<br \/>\nA cadeia cinem\u00e1tica SRAM XX1 SL baseia-se no que os melhores pilotos precisam em termos de desempenho e robustez, pelo que se adequa perfeitamente \u00e0s exig\u00eancias brutais das corridas todo-o-terreno.<br \/>\nUma forquilha SID SL BRAIN totalmente nova proporciona 110 mm de desempenho de silenciamento de colis\u00f5es enquanto percebe as a\u00e7\u00f5es do solo ou do condutor para a m\u00e1xima efici\u00eancia.<br \/>\nCriada especificamente para corresponder \u00e0s capacidades acrescidas do Epic World Cup, a jante Roval Control SL apresenta um novo perfil de jante offset que apresenta uma largura interna de 29 mm que n\u00e3o s\u00f3 aumenta a for\u00e7a e reduz o peso, mas tamb\u00e9m melhora a resist\u00eancia a furos em 22%.<\/p>\n<p>CONJUNTO DE QUADROS<\/p>\n<dl>\n<dt>Moldura<\/dt>\n<dd>MY23,FRM MTB FSR K1.1,29,PIVOT,CRBN<\/dd>\n<\/dl>\n<dl>\n<dt>Encaderna\u00e7\u00e3o de assentos<\/dt>\n<dd>Specialized 34.9, Parafuso de tit\u00e2nio<\/dd>\n<\/dl>\n<\/div>\n<div class=\"product-specification\">\n<p>ACESS\u00d3RIOS<\/p>\n<dl>\n<dt>SWAT<\/dt>\n<dd>SWAT EMT Ferramenta de montagem em gaiola<\/dd>\n<\/dl>\n<\/div>\n<div class=\"product-specification\">\n<p>SUSPENS\u00c3O<\/p>\n<dl>\n<dt>Garfo<\/dt>\n<dd>SRAM FS SID SL BRNTA ULT 29SB SP110GLBF1 44C1; SRAM FS SID SL BRNTA ULT 29SB SP110DFB02 44C1<\/dd>\n<\/dl>\n<dl>\n<dt>Choque<\/dt>\n<p> traseiro<\/p>\n<dd>SRAM RS SIDL WCID 215X40 D0 R85 C24 SS A1<\/dd>\n<\/dl>\n<\/div>\n<div class=\"product-specification\">\n<p>CABINE DE PILOTAGEM<\/p>\n<dl>\n<dt>Sela<\/dt>\n<dd>Body Geometry S-Works Power, trilhos de fibra de carbono, base de fibra de carbono<\/dd>\n<\/dl>\n<dl>\n<dt>Guiador<\/dt>\n<dd>MTB ASSY, IBS A1, CRBN, 60\/70MM, NEG8, UP5, COSTAS9, 760MM; FS<\/dd>\n<\/dl>\n<dl>\n<dt>Poste<\/dt>\n<p> de assento<\/p>\n<dd>SP ROVAL OFFSET, CRBN, 370\/415mm; FS<\/dd>\n<\/dl>\n<dl>\n<dt>Fita adesiva<\/dt>\n<dd>Specialized<\/dd>\n<\/dl>\n<\/div>\n<div class=\"product-specification\">\n<p>TRAV\u00d5ES<\/p>\n<dl>\n<dt>Freio dianteiro<\/dt>\n<dd>SRAM DB LVL ULT2P STLH CARRO GLBA FRT DIR\/20P<\/dd>\n<\/dl>\n<dl>\n<dt>Freio traseiro<\/dt>\n<dd>SRAM Level Ultimate, pin\u00e7a de 2 pist\u00f5es, disco hidr\u00e1ulico, stealth, rotor de 160mm<\/dd>\n<\/dl>\n<\/div>\n<div class=\"product-specification\">\n<p>TRANSMISS\u00c3O<\/p>\n<dl>\n<dt>Alavancas de<\/dt>\n<p> mudan\u00e7a<\/p>\n<dd>SRAM AXS Daumen Bridge MMX<\/dd>\n<\/dl>\n<dl>\n<dt>\n<\/dt>\n<dd>SRAM CS-1299 10-52T<\/dd>\n<\/dl>\n<dl>\n<dt>Suporte inferior<\/dt>\n<dd>SRAM DUB, BSA 73mm, Roscado<\/dd>\n<\/dl>\n<dl>\n<dt>Virabrequim<\/dt>\n<dd>SRAM FC XXSL EGL SPRPM Q168 CL55 DUB 170\/175 BLK 34 TTYP<\/dd>\n<\/dl>\n<dl>\n<dt>Cadeia<\/dt>\n<dd>SRAM XX \u00c1guia<\/dd>\n<\/dl>\n<dl>\n<dt>Descarrilador<\/dt>\n<p> traseiro<\/p>\n<dd>SRAM XX \u00c1guia AXS<\/dd>\n<\/dl>\n<dl>\n<dt>An\u00e9is de<\/dt>\n<p> corrente<\/p>\n<dd>A\u00e7o, 30T<\/dd>\n<\/dl>\n<\/div>\n<div class=\"product-specification\">\n<p>RODAS<\/p>\n<dl>\n<dt>Cubo traseiro<\/dt>\n<dd>DT Swiss, Star Ratchet, XX1 corpo do motorista, 12mm thru-eixo, 32h<\/dd>\n<\/dl>\n<dl>\n<dt>Cubo<\/dt>\n<p> frontal<\/p>\n<dd>DT Swiss Big Ride 350, 6 parafusos, 15x150mm eixo thru, 32h<\/dd>\n<\/dl>\n<dl>\n<dt>Raios<\/dt>\n<dd>DT Ind\u00fastria Su\u00ed\u00e7a<\/dd>\n<\/dl>\n<dl>\n<dt>Jantes<\/dt>\n<dd>JANTE, 700C, CLINCHER, 19MM DP X 27MM INT LARGURA, DISCO, DT370SP 28H R, ALY, BLK<\/dd>\n<\/dl>\n<dl>\n<dt>Pneu traseiro<\/dt>\n<dd>Specialized , Inv\u00f3lucro de Controle, Composto T5, 29&#215;2.35<\/dd>\n<\/dl>\n<dl>\n<dt>Pneu<\/dt>\n<p> dianteiro<\/p>\n<dd>Specialized S-Works Fast Trak, S-Works, Composto T5\/T7, 29&#215;2.35<\/dd>\n<\/dl>\n<dl>\n<dt>Tubos Internos<\/dt>\n<dd>Specialized<\/dd>\n<\/dl>\n<\/div>\n<p><iframe title=\"Specialized S Works Epic World Cup\" width=\"500\" height=\"281\" src=\"https:\/\/www.youtube.com\/embed\/FkdCe_klDB8?feature=oembed\"  allow=\"accelerometer; autoplay; clipboard-write; encrypted-media; gyroscope; picture-in-picture; web-share\" referrerpolicy=\"strict-origin-when-cross-origin\" allowfullscreen><\/iframe><\/p>\n<p>[\/et_pb_text][\/et_pb_column][\/et_pb_row][\/et_pb_section]<\/p>\n","protected":false},"excerpt":{"rendered":"<ul>\n<li>PENSE MAIS R\u00c1PIDO: A <strong>Epic World Cup \u00e9 a moto de corrida XC mais r\u00e1pida do mundo em passeios suaves<\/strong> a moderadamente t\u00e9cnicos, gra\u00e7as \u00e0 sua combina\u00e7\u00e3o incompar\u00e1vel de efici\u00eancia, controle e leveza.<br \/>\nO campe\u00e3o mundial Christopher Blevins disse melhor: &#8220;Isso me d\u00e1 tudo o que eu poderia querer de um hardtail, al\u00e9m do controle e capacidade de suspens\u00e3o total.&#8221;<br \/>\nTudo o que foi necess\u00e1rio para criar esta m\u00e1quina de velocidade foi uma abordagem de desenvolvimento totalmente integrada, a inven\u00e7\u00e3o de um novo amortecedor radical e quatro d\u00e9cadas de experi\u00eancia vencedora fora de estrada.  <\/li>\n<\/ul>\n","protected":false},"featured_media":300468,"comment_status":"closed","ping_status":"closed","template":"","meta":{"_acf_changed":false,"_et_pb_use_builder":"","_et_pb_old_content":"","_et_gb_content_width":"","inline_featured_image":false},"product_brand":[],"product_cat":[4353,2459,402,2483,2696],"product_tag":[],"class_list":{"0":"post-381183","1":"product","2":"type-product","3":"status-publish","4":"has-post-thumbnail","6":"product_cat-liquidacion-specialized","7":"product_cat-bicicletas-pt-pt-2","8":"product_cat-montanha","9":"product_cat-bicicletas-especializadas","10":"product_cat-ofertas-especializadas","11":"product_shipping_class-bicicletas-pt-pt","13":"first","14":"outofstock","15":"taxable","16":"shipping-taxable","17":"product-type-variable","18":"wvs-archive-product-wrapper"},"acf":[],"yoast_head":"<!-- This site is optimized with the Yoast SEO Premium plugin v26.7 (Yoast SEO v26.7) - https:\/\/yoast.com\/wordpress\/plugins\/seo\/ -->\n<title>Specialized S-Works Epic World Cup 2024 GR-100 Ofertas<\/title>\n<meta name=\"description\" content=\"GR-100 Specialized. Melhores pre\u00e7os sem concorr\u00eancia. Solicite a sua oferta personalizada. Specialized S-Works Epic World Cup.\" \/>\n<meta name=\"robots\" content=\"index, follow, max-snippet:-1, max-image-preview:large, max-video-preview:-1\" \/>\n<link rel=\"canonical\" href=\"https:\/\/gr-100.com\/pt-pt\/producto\/especializada-s-works-epic-world-cup-2023\/\" \/>\n<meta property=\"og:locale\" content=\"pt_PT\" \/>\n<meta property=\"og:type\" content=\"article\" \/>\n<meta property=\"og:title\" content=\"Specialized S-Works Epic World Cup 2024\" \/>\n<meta property=\"og:description\" content=\"GR-100 Specialized. Melhores pre\u00e7os sem concorr\u00eancia. Solicite a sua oferta personalizada. Specialized S-Works Epic World Cup.\" \/>\n<meta property=\"og:url\" content=\"https:\/\/gr-100.com\/pt-pt\/producto\/especializada-s-works-epic-world-cup-2023\/\" \/>\n<meta property=\"og:site_name\" content=\"Gr-100 Tienda de ciclismo Specialized\" \/>\n<meta property=\"article:publisher\" content=\"https:\/\/www.facebook.com\/Gr100Bikes\" \/>\n<meta property=\"article:modified_time\" content=\"2025-12-19T10:18:11+00:00\" \/>\n<meta property=\"og:image\" content=\"https:\/\/gr-100.com\/wp-content\/uploads\/2024\/05\/S-Works-Epic-World-Cup-1.jpg\" \/>\n\t<meta property=\"og:image:width\" content=\"1000\" \/>\n\t<meta property=\"og:image:height\" content=\"1000\" \/>\n\t<meta property=\"og:image:type\" content=\"image\/jpeg\" \/>\n<meta name=\"twitter:card\" content=\"summary_large_image\" \/>\n<meta name=\"twitter:label1\" content=\"Tempo estimado de leitura\" \/>\n\t<meta name=\"twitter:data1\" content=\"6 minutos\" \/>\n<script type=\"application\/ld+json\" class=\"yoast-schema-graph\">{\"@context\":\"https:\/\/schema.org\",\"@graph\":[{\"@type\":\"WebPage\",\"@id\":\"https:\/\/gr-100.com\/pt-pt\/producto\/especializada-s-works-epic-world-cup-2023\/\",\"url\":\"https:\/\/gr-100.com\/pt-pt\/producto\/especializada-s-works-epic-world-cup-2023\/\",\"name\":\"Specialized S-Works Epic World Cup 2024 GR-100 Ofertas\",\"isPartOf\":{\"@id\":\"https:\/\/gr-100.com\/#website\"},\"primaryImageOfPage\":{\"@id\":\"https:\/\/gr-100.com\/pt-pt\/producto\/especializada-s-works-epic-world-cup-2023\/#primaryimage\"},\"image\":{\"@id\":\"https:\/\/gr-100.com\/pt-pt\/producto\/especializada-s-works-epic-world-cup-2023\/#primaryimage\"},\"thumbnailUrl\":\"https:\/\/gr-100.com\/wp-content\/uploads\/2024\/05\/S-Works-Epic-World-Cup-1.jpg\",\"datePublished\":\"2024-07-01T10:27:36+00:00\",\"dateModified\":\"2025-12-19T10:18:11+00:00\",\"description\":\"GR-100 Specialized. Melhores pre\u00e7os sem concorr\u00eancia. Solicite a sua oferta personalizada. Specialized S-Works Epic World Cup.\",\"breadcrumb\":{\"@id\":\"https:\/\/gr-100.com\/pt-pt\/producto\/especializada-s-works-epic-world-cup-2023\/#breadcrumb\"},\"inLanguage\":\"pt-PT\",\"potentialAction\":[{\"@type\":\"ReadAction\",\"target\":[\"https:\/\/gr-100.com\/pt-pt\/producto\/especializada-s-works-epic-world-cup-2023\/\"]}]},{\"@type\":\"ImageObject\",\"inLanguage\":\"pt-PT\",\"@id\":\"https:\/\/gr-100.com\/pt-pt\/producto\/especializada-s-works-epic-world-cup-2023\/#primaryimage\",\"url\":\"https:\/\/gr-100.com\/wp-content\/uploads\/2024\/05\/S-Works-Epic-World-Cup-1.jpg\",\"contentUrl\":\"https:\/\/gr-100.com\/wp-content\/uploads\/2024\/05\/S-Works-Epic-World-Cup-1.jpg\",\"width\":1000,\"height\":1000},{\"@type\":\"BreadcrumbList\",\"@id\":\"https:\/\/gr-100.com\/pt-pt\/producto\/especializada-s-works-epic-world-cup-2023\/#breadcrumb\",\"itemListElement\":[{\"@type\":\"ListItem\",\"position\":1,\"name\":\"Portada\",\"item\":\"https:\/\/gr-100.com\/en\/\"},{\"@type\":\"ListItem\",\"position\":2,\"name\":\"Productos\",\"item\":\"https:\/\/gr-100.com\/?post_type=product\"},{\"@type\":\"ListItem\",\"position\":3,\"name\":\"Specialized S-Works Epic World Cup 2024\"}]},{\"@type\":\"WebSite\",\"@id\":\"https:\/\/gr-100.com\/#website\",\"url\":\"https:\/\/gr-100.com\/\",\"name\":\"Gr-100 Tienda de ciclismo Specialized\",\"description\":\"GR-100 tenemos todas las gamas de bicicletas Specialized al mejor precio.\",\"publisher\":{\"@id\":\"https:\/\/gr-100.com\/#organization\"},\"alternateName\":\"Gr-100 Bikes\",\"potentialAction\":[{\"@type\":\"SearchAction\",\"target\":{\"@type\":\"EntryPoint\",\"urlTemplate\":\"https:\/\/gr-100.com\/?s={search_term_string}\"},\"query-input\":{\"@type\":\"PropertyValueSpecification\",\"valueRequired\":true,\"valueName\":\"search_term_string\"}}],\"inLanguage\":\"pt-PT\"},{\"@type\":\"Organization\",\"@id\":\"https:\/\/gr-100.com\/#organization\",\"name\":\"Gr-100\",\"url\":\"https:\/\/gr-100.com\/\",\"logo\":{\"@type\":\"ImageObject\",\"inLanguage\":\"pt-PT\",\"@id\":\"https:\/\/gr-100.com\/#\/schema\/logo\/image\/\",\"url\":\"https:\/\/gr-100.com\/wp-content\/uploads\/2023\/08\/logo-gr-100-bikes.png\",\"contentUrl\":\"https:\/\/gr-100.com\/wp-content\/uploads\/2023\/08\/logo-gr-100-bikes.png\",\"width\":707,\"height\":284,\"caption\":\"Gr-100\"},\"image\":{\"@id\":\"https:\/\/gr-100.com\/#\/schema\/logo\/image\/\"},\"sameAs\":[\"https:\/\/www.facebook.com\/Gr100Bikes\",\"https:\/\/www.instagram.com\/gr100bikes\/\",\"https:\/\/www.tiktok.com\/@gr100bikes\",\"https:\/\/twitter.com\/gr100mtbteam\",\"https:\/\/www.youtube.com\/c\/GR100Specialized\"]}]}<\/script>\n<!-- \/ Yoast SEO Premium plugin. -->","yoast_head_json":{"title":"Specialized S-Works Epic World Cup 2024 GR-100 Ofertas","description":"GR-100 Specialized. Melhores pre\u00e7os sem concorr\u00eancia. Solicite a sua oferta personalizada. Specialized S-Works Epic World Cup.","robots":{"index":"index","follow":"follow","max-snippet":"max-snippet:-1","max-image-preview":"max-image-preview:large","max-video-preview":"max-video-preview:-1"},"canonical":"https:\/\/gr-100.com\/pt-pt\/producto\/especializada-s-works-epic-world-cup-2023\/","og_locale":"pt_PT","og_type":"article","og_title":"Specialized S-Works Epic World Cup 2024","og_description":"GR-100 Specialized. Melhores pre\u00e7os sem concorr\u00eancia. Solicite a sua oferta personalizada. Specialized S-Works Epic World Cup.","og_url":"https:\/\/gr-100.com\/pt-pt\/producto\/especializada-s-works-epic-world-cup-2023\/","og_site_name":"Gr-100 Tienda de ciclismo Specialized","article_publisher":"https:\/\/www.facebook.com\/Gr100Bikes","article_modified_time":"2025-12-19T10:18:11+00:00","og_image":[{"width":1000,"height":1000,"url":"https:\/\/gr-100.com\/wp-content\/uploads\/2024\/05\/S-Works-Epic-World-Cup-1.jpg","type":"image\/jpeg"}],"twitter_card":"summary_large_image","twitter_misc":{"Tempo estimado de leitura":"6 minutos"},"schema":{"@context":"https:\/\/schema.org","@graph":[{"@type":"WebPage","@id":"https:\/\/gr-100.com\/pt-pt\/producto\/especializada-s-works-epic-world-cup-2023\/","url":"https:\/\/gr-100.com\/pt-pt\/producto\/especializada-s-works-epic-world-cup-2023\/","name":"Specialized S-Works Epic World Cup 2024 GR-100 Ofertas","isPartOf":{"@id":"https:\/\/gr-100.com\/#website"},"primaryImageOfPage":{"@id":"https:\/\/gr-100.com\/pt-pt\/producto\/especializada-s-works-epic-world-cup-2023\/#primaryimage"},"image":{"@id":"https:\/\/gr-100.com\/pt-pt\/producto\/especializada-s-works-epic-world-cup-2023\/#primaryimage"},"thumbnailUrl":"https:\/\/gr-100.com\/wp-content\/uploads\/2024\/05\/S-Works-Epic-World-Cup-1.jpg","datePublished":"2024-07-01T10:27:36+00:00","dateModified":"2025-12-19T10:18:11+00:00","description":"GR-100 Specialized. Melhores pre\u00e7os sem concorr\u00eancia. Solicite a sua oferta personalizada. Specialized S-Works Epic World Cup.","breadcrumb":{"@id":"https:\/\/gr-100.com\/pt-pt\/producto\/especializada-s-works-epic-world-cup-2023\/#breadcrumb"},"inLanguage":"pt-PT","potentialAction":[{"@type":"ReadAction","target":["https:\/\/gr-100.com\/pt-pt\/producto\/especializada-s-works-epic-world-cup-2023\/"]}]},{"@type":"ImageObject","inLanguage":"pt-PT","@id":"https:\/\/gr-100.com\/pt-pt\/producto\/especializada-s-works-epic-world-cup-2023\/#primaryimage","url":"https:\/\/gr-100.com\/wp-content\/uploads\/2024\/05\/S-Works-Epic-World-Cup-1.jpg","contentUrl":"https:\/\/gr-100.com\/wp-content\/uploads\/2024\/05\/S-Works-Epic-World-Cup-1.jpg","width":1000,"height":1000},{"@type":"BreadcrumbList","@id":"https:\/\/gr-100.com\/pt-pt\/producto\/especializada-s-works-epic-world-cup-2023\/#breadcrumb","itemListElement":[{"@type":"ListItem","position":1,"name":"Portada","item":"https:\/\/gr-100.com\/en\/"},{"@type":"ListItem","position":2,"name":"Productos","item":"https:\/\/gr-100.com\/?post_type=product"},{"@type":"ListItem","position":3,"name":"Specialized S-Works Epic World Cup 2024"}]},{"@type":"WebSite","@id":"https:\/\/gr-100.com\/#website","url":"https:\/\/gr-100.com\/","name":"Gr-100 Tienda de ciclismo Specialized","description":"GR-100 tenemos todas las gamas de bicicletas Specialized al mejor precio.","publisher":{"@id":"https:\/\/gr-100.com\/#organization"},"alternateName":"Gr-100 Bikes","potentialAction":[{"@type":"SearchAction","target":{"@type":"EntryPoint","urlTemplate":"https:\/\/gr-100.com\/?s={search_term_string}"},"query-input":{"@type":"PropertyValueSpecification","valueRequired":true,"valueName":"search_term_string"}}],"inLanguage":"pt-PT"},{"@type":"Organization","@id":"https:\/\/gr-100.com\/#organization","name":"Gr-100","url":"https:\/\/gr-100.com\/","logo":{"@type":"ImageObject","inLanguage":"pt-PT","@id":"https:\/\/gr-100.com\/#\/schema\/logo\/image\/","url":"https:\/\/gr-100.com\/wp-content\/uploads\/2023\/08\/logo-gr-100-bikes.png","contentUrl":"https:\/\/gr-100.com\/wp-content\/uploads\/2023\/08\/logo-gr-100-bikes.png","width":707,"height":284,"caption":"Gr-100"},"image":{"@id":"https:\/\/gr-100.com\/#\/schema\/logo\/image\/"},"sameAs":["https:\/\/www.facebook.com\/Gr100Bikes","https:\/\/www.instagram.com\/gr100bikes\/","https:\/\/www.tiktok.com\/@gr100bikes","https:\/\/twitter.com\/gr100mtbteam","https:\/\/www.youtube.com\/c\/GR100Specialized"]}]}},"_links":{"self":[{"href":"https:\/\/gr-100.com\/pt-pt\/wp-json\/wp\/v2\/product\/381183","targetHints":{"allow":["GET"]}}],"collection":[{"href":"https:\/\/gr-100.com\/pt-pt\/wp-json\/wp\/v2\/product"}],"about":[{"href":"https:\/\/gr-100.com\/pt-pt\/wp-json\/wp\/v2\/types\/product"}],"replies":[{"embeddable":true,"href":"https:\/\/gr-100.com\/pt-pt\/wp-json\/wp\/v2\/comments?post=381183"}],"wp:featuredmedia":[{"embeddable":true,"href":"https:\/\/gr-100.com\/pt-pt\/wp-json\/wp\/v2\/media\/300468"}],"wp:attachment":[{"href":"https:\/\/gr-100.com\/pt-pt\/wp-json\/wp\/v2\/media?parent=381183"}],"wp:term":[{"taxonomy":"product_brand","embeddable":true,"href":"https:\/\/gr-100.com\/pt-pt\/wp-json\/wp\/v2\/product_brand?post=381183"},{"taxonomy":"product_cat","embeddable":true,"href":"https:\/\/gr-100.com\/pt-pt\/wp-json\/wp\/v2\/product_cat?post=381183"},{"taxonomy":"product_tag","embeddable":true,"href":"https:\/\/gr-100.com\/pt-pt\/wp-json\/wp\/v2\/product_tag?post=381183"}],"curies":[{"name":"wp","href":"https:\/\/api.w.org\/{rel}","templated":true}]}}