{"id":381198,"date":"2024-07-01T12:26:27","date_gmt":"2024-07-01T12:26:27","guid":{"rendered":"https:\/\/gr-100.com\/producto\/megamo-29-faixa-05-2023\/"},"modified":"2025-11-26T16:36:32","modified_gmt":"2025-11-26T14:36:32","slug":"megamo-29-faixa-05-2023","status":"publish","type":"product","link":"https:\/\/gr-100.com\/pt-pt\/producto\/megamo-29-faixa-05-2023\/","title":{"rendered":"Megamo 29&#8243; Faixa 05 2023"},"content":{"rendered":"<p><iframe title=\"Megamo 29 Track 05 2023 #shorts\" width=\"500\" height=\"281\" src=\"https:\/\/www.youtube.com\/embed\/PSDpz0FYAOE?feature=oembed\"  allow=\"accelerometer; autoplay; clipboard-write; encrypted-media; gyroscope; picture-in-picture; web-share\" referrerpolicy=\"strict-origin-when-cross-origin\" allowfullscreen><\/iframe><\/p>\n<ul>\n<li>FRAME novo Track Full Carbon Construction FSC Technology BB92 Carbon Swingarm Boost 12x148mm<\/li>\n<li>Fox 34 Factory StepCast Kashima FIT4 100mm Bloqueio Remoto, 15&#215;110 Boost FORK<\/li>\n<li>Fox Float DPS Factory Kashima AMORTECEDOR, 3 posi\u00e7\u00f5es Controle de bloqueio remoto, Evol SV Megamo Custom Reb. Adj. Curso 100mm 190x40mm<\/li>\n<li>FREIO DIANTEIRO Shimano XT 8100<\/li>\n<li>TRAV\u00c3O TRASEIRO Shimano XT 8100<\/li>\n<li>DT Swiss XR 1700 RODAS<\/li>\n<li>Sram GX Eagle 12s 10-52t roda dentada<\/li>\n<li>SRAM GX Eagle 12s DERAILLEUR TRASEIRO<\/li>\n<li>Selle It\u00e1lia Novus Boost Evo Superflow SADDLE<\/li>\n<li>Maxxis Rekon Race 29&#215;2.35 PNEUS &#8211; Tubeless Ready, EXO, Dobr\u00e1vel, 120tpi<\/li>\n<li>MANILLAR Guiador de carbono totalmente integrado Megamo<\/li>\n<li>Sram GX eagle 12s shifter<\/li>\n<li>Sram GX Eagle 12s 32t Manivelas<\/li>\n<li>PLACA 32T<\/li>\n<li>DT SWISS XR 1700 CUBO TRASEIRO<\/li>\n<li>DIRECTION Roteamento de cabos interno completo integrado<\/li>\n<li>Megamo Elite Light SP 31.6 ESPIG\u00c3O<\/li>\n<li>MATERIAL Carbono<\/li>\n<li>Disco BRAKE<\/li>\n<li>DI\u00c2METRO 29&#8243;<\/li>\n<li>N\u00ba RODASTES 12V<\/li>\n<li>TIPO DE TRANSMISS\u00c3O Mec\u00e2nica<\/li>\n<li>N\u00ba PRATOS 1<\/li>\n<li>TIPO DE PNEU Sem c\u00e2mara de ar<\/li>\n<li>LARGURA DA BARRA 34<\/li>\n<\/ul>\n<p>  As especifica\u00e7\u00f5es est\u00e3o sujeitas a altera\u00e7\u00f5es sem aviso pr\u00e9vio.<\/p>\n","protected":false},"excerpt":{"rendered":"<ul>\n<li><strong>PRINCIPAIS CARACTER\u00cdSTICAS<\/strong> \u00b7 Nova Pista Full Carbon Construction FSC Technology BB92 Carbon Swingarm Boost 12x148mm quadro \u00b7 Fox 34 100mm F\u00e1brica StepCast Kashima Garfo \u00b7 Fox DPS Factory Kashima Amortecedor, 100mm Curso 190&#215;40, 3 posi\u00e7\u00f5es Controle remoto de bloqueio \u00b7 Trem de for\u00e7a de 12 velocidades Sram GX Eagle \u00b7 DT Swiss XR 1700 Rodas \u00b7 Shimano XT 8100 Freios \u00b7 Guiador Integrado Megamo Carbon<\/li>\n<\/ul>\n","protected":false},"featured_media":306039,"comment_status":"closed","ping_status":"closed","template":"","meta":{"_acf_changed":false,"_et_pb_use_builder":"","_et_pb_old_content":"","_et_gb_content_width":"","inline_featured_image":false},"product_brand":[],"product_cat":[20,378],"product_tag":[],"class_list":{"0":"post-381198","1":"product","2":"type-product","3":"status-publish","4":"has-post-thumbnail","6":"product_cat-bicicletas-de-carretera","7":"product_cat-estrada","9":"first","10":"outofstock","11":"taxable","12":"shipping-taxable","13":"product-type-variable","14":"wvs-archive-product-wrapper"},"acf":[],"yoast_head":"<!-- This site is optimized with the Yoast SEO Premium plugin v26.7 (Yoast SEO v26.7) - https:\/\/yoast.com\/wordpress\/plugins\/seo\/ -->\n<title>Megamo 29&quot; Faixa 05 2023 GR-100 Megamo<\/title>\n<meta name=\"description\" content=\"Megamo 29&quot; Faixa 05 2023. Quadro em carbono. Suspens\u00e3o FOX 34. Transmiss\u00e3o Sram GX 12. Freios hidr\u00e1ulicos Shimano XT 8100. DT Swiss XR 1700 Rodas\" \/>\n<meta name=\"robots\" content=\"index, follow, max-snippet:-1, max-image-preview:large, max-video-preview:-1\" \/>\n<link rel=\"canonical\" href=\"https:\/\/gr-100.com\/pt-pt\/producto\/megamo-29-faixa-05-2023\/\" \/>\n<meta property=\"og:locale\" content=\"pt_PT\" \/>\n<meta property=\"og:type\" content=\"article\" \/>\n<meta property=\"og:title\" content=\"Megamo 29&quot; Faixa 05 2023\" \/>\n<meta property=\"og:description\" content=\"Megamo 29&quot; Faixa 05 2023. Quadro em carbono. Suspens\u00e3o FOX 34. Transmiss\u00e3o Sram GX 12. Freios hidr\u00e1ulicos Shimano XT 8100. DT Swiss XR 1700 Rodas\" \/>\n<meta property=\"og:url\" content=\"https:\/\/gr-100.com\/pt-pt\/producto\/megamo-29-faixa-05-2023\/\" \/>\n<meta property=\"og:site_name\" content=\"Gr-100 Tienda de ciclismo Specialized\" \/>\n<meta property=\"article:publisher\" content=\"https:\/\/www.facebook.com\/Gr100Bikes\" \/>\n<meta property=\"article:modified_time\" content=\"2025-11-26T14:36:32+00:00\" \/>\n<meta property=\"og:image\" content=\"https:\/\/gr-100.com\/wp-content\/uploads\/2024\/05\/megamo_track_05_23_black.jpg\" \/>\n\t<meta property=\"og:image:width\" content=\"1080\" \/>\n\t<meta property=\"og:image:height\" content=\"1080\" \/>\n\t<meta property=\"og:image:type\" content=\"image\/jpeg\" \/>\n<meta name=\"twitter:card\" content=\"summary_large_image\" \/>\n<meta name=\"twitter:label1\" content=\"Tempo estimado de leitura\" \/>\n\t<meta name=\"twitter:data1\" content=\"1 minuto\" \/>\n<script type=\"application\/ld+json\" class=\"yoast-schema-graph\">{\"@context\":\"https:\/\/schema.org\",\"@graph\":[{\"@type\":\"WebPage\",\"@id\":\"https:\/\/gr-100.com\/pt-pt\/producto\/megamo-29-faixa-05-2023\/\",\"url\":\"https:\/\/gr-100.com\/pt-pt\/producto\/megamo-29-faixa-05-2023\/\",\"name\":\"Megamo 29\\\" Faixa 05 2023 GR-100 Megamo\",\"isPartOf\":{\"@id\":\"https:\/\/gr-100.com\/#website\"},\"primaryImageOfPage\":{\"@id\":\"https:\/\/gr-100.com\/pt-pt\/producto\/megamo-29-faixa-05-2023\/#primaryimage\"},\"image\":{\"@id\":\"https:\/\/gr-100.com\/pt-pt\/producto\/megamo-29-faixa-05-2023\/#primaryimage\"},\"thumbnailUrl\":\"https:\/\/gr-100.com\/wp-content\/uploads\/2024\/05\/megamo_track_05_23_black.jpg\",\"datePublished\":\"2024-07-01T12:26:27+00:00\",\"dateModified\":\"2025-11-26T14:36:32+00:00\",\"description\":\"Megamo 29\\\" Faixa 05 2023. Quadro em carbono. Suspens\u00e3o FOX 34. Transmiss\u00e3o Sram GX 12. Freios hidr\u00e1ulicos Shimano XT 8100. DT Swiss XR 1700 Rodas\",\"breadcrumb\":{\"@id\":\"https:\/\/gr-100.com\/pt-pt\/producto\/megamo-29-faixa-05-2023\/#breadcrumb\"},\"inLanguage\":\"pt-PT\",\"potentialAction\":[{\"@type\":\"ReadAction\",\"target\":[\"https:\/\/gr-100.com\/pt-pt\/producto\/megamo-29-faixa-05-2023\/\"]}]},{\"@type\":\"ImageObject\",\"inLanguage\":\"pt-PT\",\"@id\":\"https:\/\/gr-100.com\/pt-pt\/producto\/megamo-29-faixa-05-2023\/#primaryimage\",\"url\":\"https:\/\/gr-100.com\/wp-content\/uploads\/2024\/05\/megamo_track_05_23_black.jpg\",\"contentUrl\":\"https:\/\/gr-100.com\/wp-content\/uploads\/2024\/05\/megamo_track_05_23_black.jpg\",\"width\":1080,\"height\":1080},{\"@type\":\"BreadcrumbList\",\"@id\":\"https:\/\/gr-100.com\/pt-pt\/producto\/megamo-29-faixa-05-2023\/#breadcrumb\",\"itemListElement\":[{\"@type\":\"ListItem\",\"position\":1,\"name\":\"Portada\",\"item\":\"https:\/\/gr-100.com\/en\/\"},{\"@type\":\"ListItem\",\"position\":2,\"name\":\"Productos\",\"item\":\"https:\/\/gr-100.com\/?post_type=product\"},{\"@type\":\"ListItem\",\"position\":3,\"name\":\"Megamo 29&#8243; Faixa 05 2023\"}]},{\"@type\":\"WebSite\",\"@id\":\"https:\/\/gr-100.com\/#website\",\"url\":\"https:\/\/gr-100.com\/\",\"name\":\"Gr-100 Tienda de ciclismo Specialized\",\"description\":\"GR-100 tenemos todas las gamas de bicicletas Specialized al mejor precio.\",\"publisher\":{\"@id\":\"https:\/\/gr-100.com\/#organization\"},\"alternateName\":\"Gr-100 Bikes\",\"potentialAction\":[{\"@type\":\"SearchAction\",\"target\":{\"@type\":\"EntryPoint\",\"urlTemplate\":\"https:\/\/gr-100.com\/?s={search_term_string}\"},\"query-input\":{\"@type\":\"PropertyValueSpecification\",\"valueRequired\":true,\"valueName\":\"search_term_string\"}}],\"inLanguage\":\"pt-PT\"},{\"@type\":\"Organization\",\"@id\":\"https:\/\/gr-100.com\/#organization\",\"name\":\"Gr-100\",\"url\":\"https:\/\/gr-100.com\/\",\"logo\":{\"@type\":\"ImageObject\",\"inLanguage\":\"pt-PT\",\"@id\":\"https:\/\/gr-100.com\/#\/schema\/logo\/image\/\",\"url\":\"https:\/\/gr-100.com\/wp-content\/uploads\/2023\/08\/logo-gr-100-bikes.png\",\"contentUrl\":\"https:\/\/gr-100.com\/wp-content\/uploads\/2023\/08\/logo-gr-100-bikes.png\",\"width\":707,\"height\":284,\"caption\":\"Gr-100\"},\"image\":{\"@id\":\"https:\/\/gr-100.com\/#\/schema\/logo\/image\/\"},\"sameAs\":[\"https:\/\/www.facebook.com\/Gr100Bikes\",\"https:\/\/www.instagram.com\/gr100bikes\/\",\"https:\/\/www.tiktok.com\/@gr100bikes\",\"https:\/\/twitter.com\/gr100mtbteam\",\"https:\/\/www.youtube.com\/c\/GR100Specialized\"]}]}<\/script>\n<!-- \/ Yoast SEO Premium plugin. -->","yoast_head_json":{"title":"Megamo 29\" Faixa 05 2023 GR-100 Megamo","description":"Megamo 29\" Faixa 05 2023. Quadro em carbono. Suspens\u00e3o FOX 34. Transmiss\u00e3o Sram GX 12. Freios hidr\u00e1ulicos Shimano XT 8100. DT Swiss XR 1700 Rodas","robots":{"index":"index","follow":"follow","max-snippet":"max-snippet:-1","max-image-preview":"max-image-preview:large","max-video-preview":"max-video-preview:-1"},"canonical":"https:\/\/gr-100.com\/pt-pt\/producto\/megamo-29-faixa-05-2023\/","og_locale":"pt_PT","og_type":"article","og_title":"Megamo 29\" Faixa 05 2023","og_description":"Megamo 29\" Faixa 05 2023. Quadro em carbono. Suspens\u00e3o FOX 34. Transmiss\u00e3o Sram GX 12. Freios hidr\u00e1ulicos Shimano XT 8100. DT Swiss XR 1700 Rodas","og_url":"https:\/\/gr-100.com\/pt-pt\/producto\/megamo-29-faixa-05-2023\/","og_site_name":"Gr-100 Tienda de ciclismo Specialized","article_publisher":"https:\/\/www.facebook.com\/Gr100Bikes","article_modified_time":"2025-11-26T14:36:32+00:00","og_image":[{"width":1080,"height":1080,"url":"https:\/\/gr-100.com\/wp-content\/uploads\/2024\/05\/megamo_track_05_23_black.jpg","type":"image\/jpeg"}],"twitter_card":"summary_large_image","twitter_misc":{"Tempo estimado de leitura":"1 minuto"},"schema":{"@context":"https:\/\/schema.org","@graph":[{"@type":"WebPage","@id":"https:\/\/gr-100.com\/pt-pt\/producto\/megamo-29-faixa-05-2023\/","url":"https:\/\/gr-100.com\/pt-pt\/producto\/megamo-29-faixa-05-2023\/","name":"Megamo 29\" Faixa 05 2023 GR-100 Megamo","isPartOf":{"@id":"https:\/\/gr-100.com\/#website"},"primaryImageOfPage":{"@id":"https:\/\/gr-100.com\/pt-pt\/producto\/megamo-29-faixa-05-2023\/#primaryimage"},"image":{"@id":"https:\/\/gr-100.com\/pt-pt\/producto\/megamo-29-faixa-05-2023\/#primaryimage"},"thumbnailUrl":"https:\/\/gr-100.com\/wp-content\/uploads\/2024\/05\/megamo_track_05_23_black.jpg","datePublished":"2024-07-01T12:26:27+00:00","dateModified":"2025-11-26T14:36:32+00:00","description":"Megamo 29\" Faixa 05 2023. Quadro em carbono. Suspens\u00e3o FOX 34. Transmiss\u00e3o Sram GX 12. Freios hidr\u00e1ulicos Shimano XT 8100. DT Swiss XR 1700 Rodas","breadcrumb":{"@id":"https:\/\/gr-100.com\/pt-pt\/producto\/megamo-29-faixa-05-2023\/#breadcrumb"},"inLanguage":"pt-PT","potentialAction":[{"@type":"ReadAction","target":["https:\/\/gr-100.com\/pt-pt\/producto\/megamo-29-faixa-05-2023\/"]}]},{"@type":"ImageObject","inLanguage":"pt-PT","@id":"https:\/\/gr-100.com\/pt-pt\/producto\/megamo-29-faixa-05-2023\/#primaryimage","url":"https:\/\/gr-100.com\/wp-content\/uploads\/2024\/05\/megamo_track_05_23_black.jpg","contentUrl":"https:\/\/gr-100.com\/wp-content\/uploads\/2024\/05\/megamo_track_05_23_black.jpg","width":1080,"height":1080},{"@type":"BreadcrumbList","@id":"https:\/\/gr-100.com\/pt-pt\/producto\/megamo-29-faixa-05-2023\/#breadcrumb","itemListElement":[{"@type":"ListItem","position":1,"name":"Portada","item":"https:\/\/gr-100.com\/en\/"},{"@type":"ListItem","position":2,"name":"Productos","item":"https:\/\/gr-100.com\/?post_type=product"},{"@type":"ListItem","position":3,"name":"Megamo 29&#8243; Faixa 05 2023"}]},{"@type":"WebSite","@id":"https:\/\/gr-100.com\/#website","url":"https:\/\/gr-100.com\/","name":"Gr-100 Tienda de ciclismo Specialized","description":"GR-100 tenemos todas las gamas de bicicletas Specialized al mejor precio.","publisher":{"@id":"https:\/\/gr-100.com\/#organization"},"alternateName":"Gr-100 Bikes","potentialAction":[{"@type":"SearchAction","target":{"@type":"EntryPoint","urlTemplate":"https:\/\/gr-100.com\/?s={search_term_string}"},"query-input":{"@type":"PropertyValueSpecification","valueRequired":true,"valueName":"search_term_string"}}],"inLanguage":"pt-PT"},{"@type":"Organization","@id":"https:\/\/gr-100.com\/#organization","name":"Gr-100","url":"https:\/\/gr-100.com\/","logo":{"@type":"ImageObject","inLanguage":"pt-PT","@id":"https:\/\/gr-100.com\/#\/schema\/logo\/image\/","url":"https:\/\/gr-100.com\/wp-content\/uploads\/2023\/08\/logo-gr-100-bikes.png","contentUrl":"https:\/\/gr-100.com\/wp-content\/uploads\/2023\/08\/logo-gr-100-bikes.png","width":707,"height":284,"caption":"Gr-100"},"image":{"@id":"https:\/\/gr-100.com\/#\/schema\/logo\/image\/"},"sameAs":["https:\/\/www.facebook.com\/Gr100Bikes","https:\/\/www.instagram.com\/gr100bikes\/","https:\/\/www.tiktok.com\/@gr100bikes","https:\/\/twitter.com\/gr100mtbteam","https:\/\/www.youtube.com\/c\/GR100Specialized"]}]}},"_links":{"self":[{"href":"https:\/\/gr-100.com\/pt-pt\/wp-json\/wp\/v2\/product\/381198","targetHints":{"allow":["GET"]}}],"collection":[{"href":"https:\/\/gr-100.com\/pt-pt\/wp-json\/wp\/v2\/product"}],"about":[{"href":"https:\/\/gr-100.com\/pt-pt\/wp-json\/wp\/v2\/types\/product"}],"replies":[{"embeddable":true,"href":"https:\/\/gr-100.com\/pt-pt\/wp-json\/wp\/v2\/comments?post=381198"}],"wp:featuredmedia":[{"embeddable":true,"href":"https:\/\/gr-100.com\/pt-pt\/wp-json\/wp\/v2\/media\/306039"}],"wp:attachment":[{"href":"https:\/\/gr-100.com\/pt-pt\/wp-json\/wp\/v2\/media?parent=381198"}],"wp:term":[{"taxonomy":"product_brand","embeddable":true,"href":"https:\/\/gr-100.com\/pt-pt\/wp-json\/wp\/v2\/product_brand?post=381198"},{"taxonomy":"product_cat","embeddable":true,"href":"https:\/\/gr-100.com\/pt-pt\/wp-json\/wp\/v2\/product_cat?post=381198"},{"taxonomy":"product_tag","embeddable":true,"href":"https:\/\/gr-100.com\/pt-pt\/wp-json\/wp\/v2\/product_tag?post=381198"}],"curies":[{"name":"wp","href":"https:\/\/api.w.org\/{rel}","templated":true}]}}