{"id":381234,"date":"2024-07-01T12:25:23","date_gmt":"2024-07-01T12:25:23","guid":{"rendered":"https:\/\/gr-100.com\/producto\/enduro-comp-especializado\/"},"modified":"2025-11-26T16:36:26","modified_gmt":"2025-11-26T14:36:26","slug":"enduro-comp-especializado","status":"publish","type":"product","link":"https:\/\/gr-100.com\/pt-pt\/producto\/enduro-comp-especializado\/","title":{"rendered":"Specialized Enduro Comp"},"content":{"rendered":"<p><iframe title=\"Specialized Enduro Comp eficaz y r\u00e1pida\" width=\"500\" height=\"281\" src=\"https:\/\/www.youtube.com\/embed\/W0ORcNZwJ2U?feature=oembed\"  allow=\"accelerometer; autoplay; clipboard-write; encrypted-media; gyroscope; picture-in-picture; web-share\" referrerpolicy=\"strict-origin-when-cross-origin\" allowfullscreen><\/iframe><\/p>\n<ul>\n<li class=\"bullet_item\">INCRIVELMENTE EFICIENTE Se o Enduro se parece com sua irm\u00e3, a Demo, \u00e9 porque eles compartilham o mesmo DNA downhill.<br \/>\nUma trajet\u00f3ria de eixo definida reduz o desligamento das rodas em grandes impactos.<br \/>\nUm choque posicionado para baixo e para a frente mant\u00e9m-no equilibrado e confiante a altas velocidades.<br \/>\nA rigidez equilibrada do chassis ajuda a dianteira a virar com precis\u00e3o e mant\u00e9m a traseira a seguir como se estivesse sobre carris.<br \/>\nAdicione tudo e voc\u00ea ter\u00e1 uma bicicleta que faz grandes saltos uma brisa.    <\/li>\n<li class=\"bullet_item\">SURPREENDENTEMENTE R\u00c1PIDO&#8230;<br \/>\nSUBINDO E DESCENDO TRILHAS Aperte os pedais, o novo Enduro acelera muito mais r\u00e1pido do que voc\u00ea esperaria de uma moto orientada para descida.<br \/>\nGra\u00e7as \u00e0 sua engenharia, fizemos do Enduro uma m\u00e1quina de pedalar incrivelmente eficiente, o resultado final?<br \/>\nMenos balan\u00e7o.<br \/>\nMais velocidade.    <\/li>\n<li class=\"bullet_item\">A VELOCIDADE COME\u00c7A COM O AJUSTE A velocidade e a capacidade de ajuste n\u00e3o s\u00e3o mutuamente exclusivas, raz\u00e3o pela qual a geometria progressiva do Enduro foi projetada para subir e descer.<br \/>\nPara come\u00e7ar, o tubo do assento e a pilha n\u00e3o crescem significativamente entre os tamanhos, o que significa que agora pode escolher um tamanho de quadro com base na sua altura e estilo de condu\u00e7\u00e3o.<br \/>\nCombine-a com um \u00e2ngulo de cabe\u00e7a mais longo, um alcance mais longo e um tubo de assento mais \u00edngreme, e obter\u00e1 a moto mais r\u00e1pida e eficiente, independentemente do tamanho do quadro.  <\/li>\n<li>\n<div class=\"product-specification\">\n<dl>\n<dt>IMAGEM<\/dt>\n<dd>FACTO Chassis e traseira em carbono de 11 m, Geometria de corrida de enduro 29 S3, integra\u00e7\u00e3o com porta SWAT\u2122, BB roscada, roteamento de cabos internos, sa\u00eddas de 12&#215;148 mm, piv\u00f4s de rolamento de cartucho selado, gancho derailleur substitu\u00edvel, 170 mm de curso<\/dd>\n<\/dl>\n<dl>\n<dt>ABRA\u00c7O.<br \/>\nSELIM <\/dt>\n<dd>Liga, 38.6mm<\/dd>\n<\/dl>\n<\/div>\n<div class=\"product-specification\">\n<dl>\n<dt>GARFO<\/dt>\n<dd>RockShox Zeb Select, Carregador RC amortecedor, 15x110mm, 44mm offset, 170mm de curso<\/dd>\n<\/dl>\n<dl>\n<dt>AMORTECEDOR<\/dt>\n<dd>Rock Shox Super Deluxe Select Plus, 205&#215;60, Trunnion<\/dd>\n<\/dl>\n<\/div>\n<div class=\"product-specification\">\n<dl>\n<dt>GUID\u00c3O<\/dt>\n<dd>Specialized, liga 6061, upsweep de 6 graus, backsweep de 8 graus, eleva\u00e7\u00e3o de 30mm, largura de 780mm<\/dd>\n<\/dl>\n<dl>\n<dt>FITA FITA<\/dt>\n<dd>Specialized<\/dd>\n<\/dl>\n<dl>\n<dt>POT\u00caNCIA<\/dt>\n<dd>Haste Alloy Trail, furo de barra de 35mm<\/dd>\n<\/dl>\n<dl>\n<dt>SELIM<\/dt>\n<dd>Bridge Comp, trilhos ocos Cr-mo, 155\/143mm<\/dd>\n<\/dl>\n<dl>\n<dt>ESPIG\u00c3O ASSENTO<\/dt>\n<dd>X-Fusion Manic, infinitamente ajust\u00e1vel, cabe\u00e7a de dois parafusos, roteamento de cabo de montagem inferior, alavanca remota SRL LE, 34.9mm, S2-S3:150mm, S4-S5:170mm<\/dd>\n<\/dl>\n<\/div>\n<div class=\"product-specification\">\n<dl>\n<dt>TRAV\u00c3O TRASEIRO<\/dt>\n<dd>SRAM RS, pin\u00e7a de 4 pist\u00f5es, disco hidr\u00e1ulico, 200mm<\/dd>\n<\/dl>\n<dl>\n<dt>TRAV\u00c3O DIANTEIRO<\/dt>\n<dd>SRAM RS, pin\u00e7a de 4 pist\u00f5es, disco hidr\u00e1ulico, 200mm<\/dd>\n<\/dl>\n<\/div>\n<div class=\"product-specification\">\n<dl>\n<dt>PRATOS<\/dt>\n<dd>48\/35T<\/dd>\n<\/dl>\n<dl>\n<dt>\n<\/dt>\n<dd>SRAM XG-1275, 12 velocidades, 10-52t<\/dd>\n<\/dl>\n<dl>\n<dt>SUPORTE<\/dt>\n<p> INFERIOR<\/p>\n<dd>SRAM X1 6K, DUB, 170mm<\/dd>\n<\/dl>\n<dl>\n<dt>CADEIA<\/dt>\n<dd>SRAM NX Eagle, 12 velocidades<\/dd>\n<\/dl>\n<dl>\n<dt>MUDAN\u00c7A<\/dt>\n<dd>SRAM GX Eagle, 12 velocidades<\/dd>\n<\/dl>\n<dl>\n<dt>CONTROLOS DE MUDAN\u00c7A DE VELOCIDADE<\/dt>\n<dd>SRAM GX Eagle, 12 velocidades<\/dd>\n<\/dl>\n<dl>\n<dt>SUPORTE<\/dt>\n<p> INFERIOR<\/p>\n<dd>SRAM DUB, BSA 73mm, roscado<\/dd>\n<\/dl>\n<\/div>\n<div class=\"product-specification\">\n<dl>\n<dt>C\u00c2MARAS<\/dt>\n<dd>Padr\u00e3o, v\u00e1lvula Presta<\/dd>\n<\/dl>\n<dl>\n<dt>Pneus<\/dt>\n<dd>Specialized 29, liga sem gancho, 30mm de largura interna, pronto sem tubo<\/dd>\n<\/dl>\n<dl>\n<dt>PNEU TRASEIRO<\/dt>\n<dd>Eliminador, carca\u00e7a GRID TRAIL, composto GRIPTON\u00ae T7, 29&#215;2.3&#8243;<\/dd>\n<\/dl>\n<dl>\n<dt>R\u00c1DIOS<\/dt>\n<dd>DT Ind\u00fastria Su\u00ed\u00e7a<\/dd>\n<\/dl>\n<dl>\n<dt>PNEU.<\/dt>\n<dd>Talho, carca\u00e7a GRID TRAIL, composto GRIPTON\u00ae T9, 2Bliss Ready, 29&#215;2.3&#8243;<\/dd>\n<\/dl>\n<dl>\n<dt>CUBO FRONTAL<\/dt>\n<dd>Liga, rolamentos de cartucho selado, eixo thru 15x110mm, 32h<\/dd>\n<\/dl>\n<dl>\n<dt>CUBO TRASEIRO<\/dt>\n<dd>Liga, rolamentos de cartucho selado, eixo thru 148mmx12mm, 28h<\/dd>\n<\/dl>\n<\/div>\n<\/li>\n<\/ul>\n","protected":false},"excerpt":{"rendered":"<ul>\n<li>O Enduro Comp \u00e9 dif\u00edcil de bater quando se trata de qualidade e acessibilidade.<br \/>\nO mesmo quadro em carbono dos modelos Enduro Expert e Elite, montado com excelentes componentes, incluindo potentes trav\u00f5es de disco de quatro pist\u00f5es, 1 transmiss\u00e3o e suspens\u00f5es RockShox. <\/li>\n<\/ul>\n","protected":false},"featured_media":300368,"comment_status":"closed","ping_status":"closed","template":"","meta":{"_acf_changed":false,"_et_pb_use_builder":"","_et_pb_old_content":"","_et_gb_content_width":"","inline_featured_image":false},"product_brand":[],"product_cat":[20,378],"product_tag":[],"class_list":{"0":"post-381234","1":"product","2":"type-product","3":"status-publish","4":"has-post-thumbnail","6":"product_cat-bicicletas-de-carretera","7":"product_cat-estrada","9":"first","10":"outofstock","11":"taxable","12":"shipping-taxable","13":"product-type-variable","14":"wvs-archive-product-wrapper"},"acf":[],"yoast_head":"<!-- This site is optimized with the Yoast SEO Premium plugin v26.7 (Yoast SEO v26.7) - https:\/\/yoast.com\/wordpress\/plugins\/seo\/ -->\n<title>Specialized Enduro Comp GR-100 Ofertas<\/title>\n<meta name=\"description\" content=\"Specialized Enduro Comp. Fato 11M Carbon Frame, Rockshox Zeb Select Fork, Rock Shox Super Deluxe Select Plus Shock. SRAM GX \u00c1guia 12 v\" \/>\n<meta name=\"robots\" content=\"index, follow, max-snippet:-1, max-image-preview:large, max-video-preview:-1\" \/>\n<link rel=\"canonical\" href=\"https:\/\/gr-100.com\/pt-pt\/producto\/enduro-comp-especializado\/\" \/>\n<meta property=\"og:locale\" content=\"pt_PT\" \/>\n<meta property=\"og:type\" content=\"article\" \/>\n<meta property=\"og:title\" content=\"Specialized Enduro Comp\" \/>\n<meta property=\"og:description\" content=\"Specialized Enduro Comp. Fato 11M Carbon Frame, Rockshox Zeb Select Fork, Rock Shox Super Deluxe Select Plus Shock. SRAM GX \u00c1guia 12 v\" \/>\n<meta property=\"og:url\" content=\"https:\/\/gr-100.com\/pt-pt\/producto\/enduro-comp-especializado\/\" \/>\n<meta property=\"og:site_name\" content=\"Gr-100 Tienda de ciclismo Specialized\" \/>\n<meta property=\"article:publisher\" content=\"https:\/\/www.facebook.com\/Gr100Bikes\" \/>\n<meta property=\"article:modified_time\" content=\"2025-11-26T14:36:26+00:00\" \/>\n<meta property=\"og:image\" content=\"https:\/\/gr-100.com\/wp-content\/uploads\/2024\/05\/Enduro-Comp-1.jpg\" \/>\n\t<meta property=\"og:image:width\" content=\"1000\" \/>\n\t<meta property=\"og:image:height\" content=\"1000\" \/>\n\t<meta property=\"og:image:type\" content=\"image\/jpeg\" \/>\n<meta name=\"twitter:card\" content=\"summary_large_image\" \/>\n<meta name=\"twitter:label1\" content=\"Tempo estimado de leitura\" \/>\n\t<meta name=\"twitter:data1\" content=\"3 minutos\" \/>\n<script type=\"application\/ld+json\" class=\"yoast-schema-graph\">{\"@context\":\"https:\/\/schema.org\",\"@graph\":[{\"@type\":\"WebPage\",\"@id\":\"https:\/\/gr-100.com\/pt-pt\/producto\/enduro-comp-especializado\/\",\"url\":\"https:\/\/gr-100.com\/pt-pt\/producto\/enduro-comp-especializado\/\",\"name\":\"Specialized Enduro Comp GR-100 Ofertas\",\"isPartOf\":{\"@id\":\"https:\/\/gr-100.com\/#website\"},\"primaryImageOfPage\":{\"@id\":\"https:\/\/gr-100.com\/pt-pt\/producto\/enduro-comp-especializado\/#primaryimage\"},\"image\":{\"@id\":\"https:\/\/gr-100.com\/pt-pt\/producto\/enduro-comp-especializado\/#primaryimage\"},\"thumbnailUrl\":\"https:\/\/gr-100.com\/wp-content\/uploads\/2024\/05\/Enduro-Comp-1.jpg\",\"datePublished\":\"2024-07-01T12:25:23+00:00\",\"dateModified\":\"2025-11-26T14:36:26+00:00\",\"description\":\"Specialized Enduro Comp. Fato 11M Carbon Frame, Rockshox Zeb Select Fork, Rock Shox Super Deluxe Select Plus Shock. SRAM GX \u00c1guia 12 v\",\"breadcrumb\":{\"@id\":\"https:\/\/gr-100.com\/pt-pt\/producto\/enduro-comp-especializado\/#breadcrumb\"},\"inLanguage\":\"pt-PT\",\"potentialAction\":[{\"@type\":\"ReadAction\",\"target\":[\"https:\/\/gr-100.com\/pt-pt\/producto\/enduro-comp-especializado\/\"]}]},{\"@type\":\"ImageObject\",\"inLanguage\":\"pt-PT\",\"@id\":\"https:\/\/gr-100.com\/pt-pt\/producto\/enduro-comp-especializado\/#primaryimage\",\"url\":\"https:\/\/gr-100.com\/wp-content\/uploads\/2024\/05\/Enduro-Comp-1.jpg\",\"contentUrl\":\"https:\/\/gr-100.com\/wp-content\/uploads\/2024\/05\/Enduro-Comp-1.jpg\",\"width\":1000,\"height\":1000},{\"@type\":\"BreadcrumbList\",\"@id\":\"https:\/\/gr-100.com\/pt-pt\/producto\/enduro-comp-especializado\/#breadcrumb\",\"itemListElement\":[{\"@type\":\"ListItem\",\"position\":1,\"name\":\"Portada\",\"item\":\"https:\/\/gr-100.com\/en\/\"},{\"@type\":\"ListItem\",\"position\":2,\"name\":\"Productos\",\"item\":\"https:\/\/gr-100.com\/?post_type=product\"},{\"@type\":\"ListItem\",\"position\":3,\"name\":\"Specialized Enduro Comp\"}]},{\"@type\":\"WebSite\",\"@id\":\"https:\/\/gr-100.com\/#website\",\"url\":\"https:\/\/gr-100.com\/\",\"name\":\"Gr-100 Tienda de ciclismo Specialized\",\"description\":\"GR-100 tenemos todas las gamas de bicicletas Specialized al mejor precio.\",\"publisher\":{\"@id\":\"https:\/\/gr-100.com\/#organization\"},\"alternateName\":\"Gr-100 Bikes\",\"potentialAction\":[{\"@type\":\"SearchAction\",\"target\":{\"@type\":\"EntryPoint\",\"urlTemplate\":\"https:\/\/gr-100.com\/?s={search_term_string}\"},\"query-input\":{\"@type\":\"PropertyValueSpecification\",\"valueRequired\":true,\"valueName\":\"search_term_string\"}}],\"inLanguage\":\"pt-PT\"},{\"@type\":\"Organization\",\"@id\":\"https:\/\/gr-100.com\/#organization\",\"name\":\"Gr-100\",\"url\":\"https:\/\/gr-100.com\/\",\"logo\":{\"@type\":\"ImageObject\",\"inLanguage\":\"pt-PT\",\"@id\":\"https:\/\/gr-100.com\/#\/schema\/logo\/image\/\",\"url\":\"https:\/\/gr-100.com\/wp-content\/uploads\/2023\/08\/logo-gr-100-bikes.png\",\"contentUrl\":\"https:\/\/gr-100.com\/wp-content\/uploads\/2023\/08\/logo-gr-100-bikes.png\",\"width\":707,\"height\":284,\"caption\":\"Gr-100\"},\"image\":{\"@id\":\"https:\/\/gr-100.com\/#\/schema\/logo\/image\/\"},\"sameAs\":[\"https:\/\/www.facebook.com\/Gr100Bikes\",\"https:\/\/www.instagram.com\/gr100bikes\/\",\"https:\/\/www.tiktok.com\/@gr100bikes\",\"https:\/\/twitter.com\/gr100mtbteam\",\"https:\/\/www.youtube.com\/c\/GR100Specialized\"]}]}<\/script>\n<!-- \/ Yoast SEO Premium plugin. -->","yoast_head_json":{"title":"Specialized Enduro Comp GR-100 Ofertas","description":"Specialized Enduro Comp. Fato 11M Carbon Frame, Rockshox Zeb Select Fork, Rock Shox Super Deluxe Select Plus Shock. SRAM GX \u00c1guia 12 v","robots":{"index":"index","follow":"follow","max-snippet":"max-snippet:-1","max-image-preview":"max-image-preview:large","max-video-preview":"max-video-preview:-1"},"canonical":"https:\/\/gr-100.com\/pt-pt\/producto\/enduro-comp-especializado\/","og_locale":"pt_PT","og_type":"article","og_title":"Specialized Enduro Comp","og_description":"Specialized Enduro Comp. Fato 11M Carbon Frame, Rockshox Zeb Select Fork, Rock Shox Super Deluxe Select Plus Shock. SRAM GX \u00c1guia 12 v","og_url":"https:\/\/gr-100.com\/pt-pt\/producto\/enduro-comp-especializado\/","og_site_name":"Gr-100 Tienda de ciclismo Specialized","article_publisher":"https:\/\/www.facebook.com\/Gr100Bikes","article_modified_time":"2025-11-26T14:36:26+00:00","og_image":[{"width":1000,"height":1000,"url":"https:\/\/gr-100.com\/wp-content\/uploads\/2024\/05\/Enduro-Comp-1.jpg","type":"image\/jpeg"}],"twitter_card":"summary_large_image","twitter_misc":{"Tempo estimado de leitura":"3 minutos"},"schema":{"@context":"https:\/\/schema.org","@graph":[{"@type":"WebPage","@id":"https:\/\/gr-100.com\/pt-pt\/producto\/enduro-comp-especializado\/","url":"https:\/\/gr-100.com\/pt-pt\/producto\/enduro-comp-especializado\/","name":"Specialized Enduro Comp GR-100 Ofertas","isPartOf":{"@id":"https:\/\/gr-100.com\/#website"},"primaryImageOfPage":{"@id":"https:\/\/gr-100.com\/pt-pt\/producto\/enduro-comp-especializado\/#primaryimage"},"image":{"@id":"https:\/\/gr-100.com\/pt-pt\/producto\/enduro-comp-especializado\/#primaryimage"},"thumbnailUrl":"https:\/\/gr-100.com\/wp-content\/uploads\/2024\/05\/Enduro-Comp-1.jpg","datePublished":"2024-07-01T12:25:23+00:00","dateModified":"2025-11-26T14:36:26+00:00","description":"Specialized Enduro Comp. Fato 11M Carbon Frame, Rockshox Zeb Select Fork, Rock Shox Super Deluxe Select Plus Shock. SRAM GX \u00c1guia 12 v","breadcrumb":{"@id":"https:\/\/gr-100.com\/pt-pt\/producto\/enduro-comp-especializado\/#breadcrumb"},"inLanguage":"pt-PT","potentialAction":[{"@type":"ReadAction","target":["https:\/\/gr-100.com\/pt-pt\/producto\/enduro-comp-especializado\/"]}]},{"@type":"ImageObject","inLanguage":"pt-PT","@id":"https:\/\/gr-100.com\/pt-pt\/producto\/enduro-comp-especializado\/#primaryimage","url":"https:\/\/gr-100.com\/wp-content\/uploads\/2024\/05\/Enduro-Comp-1.jpg","contentUrl":"https:\/\/gr-100.com\/wp-content\/uploads\/2024\/05\/Enduro-Comp-1.jpg","width":1000,"height":1000},{"@type":"BreadcrumbList","@id":"https:\/\/gr-100.com\/pt-pt\/producto\/enduro-comp-especializado\/#breadcrumb","itemListElement":[{"@type":"ListItem","position":1,"name":"Portada","item":"https:\/\/gr-100.com\/en\/"},{"@type":"ListItem","position":2,"name":"Productos","item":"https:\/\/gr-100.com\/?post_type=product"},{"@type":"ListItem","position":3,"name":"Specialized Enduro Comp"}]},{"@type":"WebSite","@id":"https:\/\/gr-100.com\/#website","url":"https:\/\/gr-100.com\/","name":"Gr-100 Tienda de ciclismo Specialized","description":"GR-100 tenemos todas las gamas de bicicletas Specialized al mejor precio.","publisher":{"@id":"https:\/\/gr-100.com\/#organization"},"alternateName":"Gr-100 Bikes","potentialAction":[{"@type":"SearchAction","target":{"@type":"EntryPoint","urlTemplate":"https:\/\/gr-100.com\/?s={search_term_string}"},"query-input":{"@type":"PropertyValueSpecification","valueRequired":true,"valueName":"search_term_string"}}],"inLanguage":"pt-PT"},{"@type":"Organization","@id":"https:\/\/gr-100.com\/#organization","name":"Gr-100","url":"https:\/\/gr-100.com\/","logo":{"@type":"ImageObject","inLanguage":"pt-PT","@id":"https:\/\/gr-100.com\/#\/schema\/logo\/image\/","url":"https:\/\/gr-100.com\/wp-content\/uploads\/2023\/08\/logo-gr-100-bikes.png","contentUrl":"https:\/\/gr-100.com\/wp-content\/uploads\/2023\/08\/logo-gr-100-bikes.png","width":707,"height":284,"caption":"Gr-100"},"image":{"@id":"https:\/\/gr-100.com\/#\/schema\/logo\/image\/"},"sameAs":["https:\/\/www.facebook.com\/Gr100Bikes","https:\/\/www.instagram.com\/gr100bikes\/","https:\/\/www.tiktok.com\/@gr100bikes","https:\/\/twitter.com\/gr100mtbteam","https:\/\/www.youtube.com\/c\/GR100Specialized"]}]}},"_links":{"self":[{"href":"https:\/\/gr-100.com\/pt-pt\/wp-json\/wp\/v2\/product\/381234","targetHints":{"allow":["GET"]}}],"collection":[{"href":"https:\/\/gr-100.com\/pt-pt\/wp-json\/wp\/v2\/product"}],"about":[{"href":"https:\/\/gr-100.com\/pt-pt\/wp-json\/wp\/v2\/types\/product"}],"replies":[{"embeddable":true,"href":"https:\/\/gr-100.com\/pt-pt\/wp-json\/wp\/v2\/comments?post=381234"}],"wp:featuredmedia":[{"embeddable":true,"href":"https:\/\/gr-100.com\/pt-pt\/wp-json\/wp\/v2\/media\/300368"}],"wp:attachment":[{"href":"https:\/\/gr-100.com\/pt-pt\/wp-json\/wp\/v2\/media?parent=381234"}],"wp:term":[{"taxonomy":"product_brand","embeddable":true,"href":"https:\/\/gr-100.com\/pt-pt\/wp-json\/wp\/v2\/product_brand?post=381234"},{"taxonomy":"product_cat","embeddable":true,"href":"https:\/\/gr-100.com\/pt-pt\/wp-json\/wp\/v2\/product_cat?post=381234"},{"taxonomy":"product_tag","embeddable":true,"href":"https:\/\/gr-100.com\/pt-pt\/wp-json\/wp\/v2\/product_tag?post=381234"}],"curies":[{"name":"wp","href":"https:\/\/api.w.org\/{rel}","templated":true}]}}