{"id":381286,"date":"2024-07-01T12:17:48","date_gmt":"2024-07-01T10:17:48","guid":{"rendered":"https:\/\/gr-100.com\/producto\/especialista-epic-evo-expert-2023\/"},"modified":"2025-12-18T16:45:02","modified_gmt":"2025-12-18T14:45:02","slug":"especialista-epic-evo-expert-2023","status":"publish","type":"product","link":"https:\/\/gr-100.com\/pt-pt\/producto\/especialista-epic-evo-expert-2023\/","title":{"rendered":"Specialized \u00c9pico Evo Expert 2023"},"content":{"rendered":"<p>CARATER\u00cdSTICAS:<\/p>\n<ul>\n<li>FACT FRAME 11m Full Carbon, Geometria XC Progressiva, Rider-First Engineered\u2122, BB roscado, espa\u00e7amento traseiro de 12x148mm, roteamento de cabos internos, 110mm de curso<\/li>\n<li>Rockshox SID Select+ FORK, Carregador 2 RL Amortecedor, Debon Air, 15x110mm, 44mm offset, 120mm Curso<\/li>\n<li>RockShox SID LUXE Select+ SHOCK, Rx XC Tune, Duas Posi\u00e7\u00f5es, Rebound Adjust, 190x40mm<\/li>\n<li>SRAM G2 RS BRAKES, pin\u00e7a de 4 pist\u00f5es, disco hidr\u00e1ulico, rotor de 180mm<\/li>\n<li>SRAM SRAM GX Eagle AXS DERAILLEUR TRASEIRO, C\/ TAMPA DA BATERIA<\/li>\n<li>SRAM GX Eagle CHAIN de 12 velocidades<\/li>\n<li>Sram XG-1275 roda dentada, 12 velocidades, 10-52t<\/li>\n<li>STEM Alloy Trail Stem, furo em barra de 35 mm<\/li>\n<li>SADDLE Body Geometry Power Sport, calhas de a\u00e7o<\/li>\n<li>ASSENTO POSTE ASSENTO, A-PRO, MAN\u00cdACO, 22-XPMCMOP-100\/125\/150-011, FORJADO, 6066-T6, 2-PARAFUSO, 30.9, 100\/125\/150 CURSO, DESLOCAMENTO 0MM, 310\/361\/425MM, SCM435, PARAFUSO DE ACABAMENTO DE ZINCO<\/li>\n<li>Controle de solo Specialized , carca\u00e7a GRID, composto T7, 29&#215;2.35<\/li>\n<li>Specialized 20mm de eleva\u00e7\u00e3o, 35mm, 760mm de largura<\/li>\n<li>Specialized<\/li>\n<li>SRAM GX Eagle, DUB, 165\/170\/175mm, 32t<\/li>\n<li>CUBO DIANTEIRO DT SWISS 350, 6 parafusos, eixo Thru de 15 mm, espa\u00e7amento de 110 mm, tra\u00e7\u00e3o reta de 28 horas<\/li>\n<li>DT SWISS 350 cubo traseiro de tra\u00e7\u00e3o reta, 6 parafusos, DT Swiss Ratchet EXP, eixo 12x148mm, corpo XD freehub, 28h de tra\u00e7\u00e3o reta<\/li>\n<li>Roval Control, design offset de carbono, largura interna de 29mm, largura do gancho de 4mm, pronto para Tubeless, 28h<\/li>\n<li>SRAM DUB, BSA 73mm, roscado<\/li>\n<li>SRAM GX Eagle AXS<\/li>\n<li>MATERIAL Carbono<\/li>\n<li>Disco BRAKE<\/li>\n<li>DI\u00c2METRO 29&#8243;<\/li>\n<li>N\u00ba RODASTES 12V<\/li>\n<li>TIPO DE TRANSMISS\u00c3O Electr\u00f3nica<\/li>\n<li>N\u00ba PRATOS 1<\/li>\n<li>LARGURA DA BARRA 35<\/li>\n<li>VIAGEM DE SUSPENS\u00c3O 120<\/li>\n<li>TIPO DE N\u00daCLEO XD<\/li>\n<li>TIPO DE DISCO 6T<\/li>\n<li>DI\u00c2METRO DO GUIADOR 35<\/li>\n<li>POST CONTA-gotas Sim<\/li>\n<li>LARGURA DO CUBO 12x148mm Boost<\/li>\n<li>DI\u00c2METRO DO DISCO 180mm<\/li>\n<\/ul>\n","protected":false},"excerpt":{"rendered":"<p>Quando a velocidade atinge, o Epic Expert 2023 n\u00e3o apenas responde, mas grita: &#8220;Me pegue se puder!&#8221;<br \/>\nCom a plataforma de suspens\u00e3o mais eficiente j\u00e1 vista em uma linha de partida de Copa do Mundo, o Epic Expert combina 100 mil\u00edmetros de viagem dianteira e traseira controlada pelo c\u00e9rebro em um pacote que nasceu para apagar segundos do rel\u00f3gio.<br \/>\nUm <strong>c\u00e9rebro<\/strong> mais inteligente<\/p>\n","protected":false},"featured_media":300173,"comment_status":"closed","ping_status":"closed","template":"","meta":{"_acf_changed":false,"_et_pb_use_builder":"","_et_pb_old_content":"","_et_gb_content_width":"","inline_featured_image":false},"product_brand":[],"product_cat":[2459,402,2483,2696],"product_tag":[],"class_list":{"0":"post-381286","1":"product","2":"type-product","3":"status-publish","4":"has-post-thumbnail","6":"product_cat-bicicletas-pt-pt-2","7":"product_cat-montanha","8":"product_cat-bicicletas-especializadas","9":"product_cat-ofertas-especializadas","10":"product_shipping_class-bicicletas-pt-pt","12":"first","13":"outofstock","14":"taxable","15":"shipping-taxable","16":"product-type-variable","17":"wvs-archive-product-wrapper"},"acf":[],"yoast_head":"<!-- This site is optimized with the Yoast SEO Premium plugin v26.7 (Yoast SEO v26.7) - https:\/\/yoast.com\/wordpress\/plugins\/seo\/ -->\n<title>Specialized \u00c9pico Evo Expert 2023 GR-100 Ofertas<\/title>\n<meta name=\"description\" content=\"EPIC EVO EXPERT 2023, Um c\u00e9rebro mais inteligente, efici\u00eancia hardtail e capacidade de suspens\u00e3o total para resultados impressionantes.\" \/>\n<meta name=\"robots\" content=\"index, follow, max-snippet:-1, max-image-preview:large, max-video-preview:-1\" \/>\n<link rel=\"canonical\" href=\"https:\/\/gr-100.com\/pt-pt\/producto\/especialista-epic-evo-expert-2023\/\" \/>\n<meta property=\"og:locale\" content=\"pt_PT\" \/>\n<meta property=\"og:type\" content=\"article\" \/>\n<meta property=\"og:title\" content=\"Specialized \u00c9pico Evo Expert 2023\" \/>\n<meta property=\"og:description\" content=\"EPIC EVO EXPERT 2023, Um c\u00e9rebro mais inteligente, efici\u00eancia hardtail e capacidade de suspens\u00e3o total para resultados impressionantes.\" \/>\n<meta property=\"og:url\" content=\"https:\/\/gr-100.com\/pt-pt\/producto\/especialista-epic-evo-expert-2023\/\" \/>\n<meta property=\"og:site_name\" content=\"Gr-100 Tienda de ciclismo Specialized\" \/>\n<meta property=\"article:publisher\" content=\"https:\/\/www.facebook.com\/Gr100Bikes\" \/>\n<meta property=\"article:modified_time\" content=\"2025-12-18T14:45:02+00:00\" \/>\n<meta property=\"og:image\" content=\"https:\/\/gr-100.com\/wp-content\/uploads\/2024\/05\/Epic-EVO-Expert-2.jpg\" \/>\n\t<meta property=\"og:image:width\" content=\"1000\" \/>\n\t<meta property=\"og:image:height\" content=\"1000\" \/>\n\t<meta property=\"og:image:type\" content=\"image\/jpeg\" \/>\n<meta name=\"twitter:card\" content=\"summary_large_image\" \/>\n<meta name=\"twitter:label1\" content=\"Tempo estimado de leitura\" \/>\n\t<meta name=\"twitter:data1\" content=\"1 minuto\" \/>\n<script type=\"application\/ld+json\" class=\"yoast-schema-graph\">{\"@context\":\"https:\/\/schema.org\",\"@graph\":[{\"@type\":\"WebPage\",\"@id\":\"https:\/\/gr-100.com\/pt-pt\/producto\/especialista-epic-evo-expert-2023\/\",\"url\":\"https:\/\/gr-100.com\/pt-pt\/producto\/especialista-epic-evo-expert-2023\/\",\"name\":\"Specialized \u00c9pico Evo Expert 2023 GR-100 Ofertas\",\"isPartOf\":{\"@id\":\"https:\/\/gr-100.com\/#website\"},\"primaryImageOfPage\":{\"@id\":\"https:\/\/gr-100.com\/pt-pt\/producto\/especialista-epic-evo-expert-2023\/#primaryimage\"},\"image\":{\"@id\":\"https:\/\/gr-100.com\/pt-pt\/producto\/especialista-epic-evo-expert-2023\/#primaryimage\"},\"thumbnailUrl\":\"https:\/\/gr-100.com\/wp-content\/uploads\/2024\/05\/Epic-EVO-Expert-2.jpg\",\"datePublished\":\"2024-07-01T10:17:48+00:00\",\"dateModified\":\"2025-12-18T14:45:02+00:00\",\"description\":\"EPIC EVO EXPERT 2023, Um c\u00e9rebro mais inteligente, efici\u00eancia hardtail e capacidade de suspens\u00e3o total para resultados impressionantes.\",\"breadcrumb\":{\"@id\":\"https:\/\/gr-100.com\/pt-pt\/producto\/especialista-epic-evo-expert-2023\/#breadcrumb\"},\"inLanguage\":\"pt-PT\",\"potentialAction\":[{\"@type\":\"ReadAction\",\"target\":[\"https:\/\/gr-100.com\/pt-pt\/producto\/especialista-epic-evo-expert-2023\/\"]}]},{\"@type\":\"ImageObject\",\"inLanguage\":\"pt-PT\",\"@id\":\"https:\/\/gr-100.com\/pt-pt\/producto\/especialista-epic-evo-expert-2023\/#primaryimage\",\"url\":\"https:\/\/gr-100.com\/wp-content\/uploads\/2024\/05\/Epic-EVO-Expert-2.jpg\",\"contentUrl\":\"https:\/\/gr-100.com\/wp-content\/uploads\/2024\/05\/Epic-EVO-Expert-2.jpg\",\"width\":1000,\"height\":1000},{\"@type\":\"BreadcrumbList\",\"@id\":\"https:\/\/gr-100.com\/pt-pt\/producto\/especialista-epic-evo-expert-2023\/#breadcrumb\",\"itemListElement\":[{\"@type\":\"ListItem\",\"position\":1,\"name\":\"Portada\",\"item\":\"https:\/\/gr-100.com\/en\/\"},{\"@type\":\"ListItem\",\"position\":2,\"name\":\"Productos\",\"item\":\"https:\/\/gr-100.com\/?post_type=product\"},{\"@type\":\"ListItem\",\"position\":3,\"name\":\"Specialized \u00c9pico Evo Expert 2023\"}]},{\"@type\":\"WebSite\",\"@id\":\"https:\/\/gr-100.com\/#website\",\"url\":\"https:\/\/gr-100.com\/\",\"name\":\"Gr-100 Tienda de ciclismo Specialized\",\"description\":\"GR-100 tenemos todas las gamas de bicicletas Specialized al mejor precio.\",\"publisher\":{\"@id\":\"https:\/\/gr-100.com\/#organization\"},\"alternateName\":\"Gr-100 Bikes\",\"potentialAction\":[{\"@type\":\"SearchAction\",\"target\":{\"@type\":\"EntryPoint\",\"urlTemplate\":\"https:\/\/gr-100.com\/?s={search_term_string}\"},\"query-input\":{\"@type\":\"PropertyValueSpecification\",\"valueRequired\":true,\"valueName\":\"search_term_string\"}}],\"inLanguage\":\"pt-PT\"},{\"@type\":\"Organization\",\"@id\":\"https:\/\/gr-100.com\/#organization\",\"name\":\"Gr-100\",\"url\":\"https:\/\/gr-100.com\/\",\"logo\":{\"@type\":\"ImageObject\",\"inLanguage\":\"pt-PT\",\"@id\":\"https:\/\/gr-100.com\/#\/schema\/logo\/image\/\",\"url\":\"https:\/\/gr-100.com\/wp-content\/uploads\/2023\/08\/logo-gr-100-bikes.png\",\"contentUrl\":\"https:\/\/gr-100.com\/wp-content\/uploads\/2023\/08\/logo-gr-100-bikes.png\",\"width\":707,\"height\":284,\"caption\":\"Gr-100\"},\"image\":{\"@id\":\"https:\/\/gr-100.com\/#\/schema\/logo\/image\/\"},\"sameAs\":[\"https:\/\/www.facebook.com\/Gr100Bikes\",\"https:\/\/www.instagram.com\/gr100bikes\/\",\"https:\/\/www.tiktok.com\/@gr100bikes\",\"https:\/\/twitter.com\/gr100mtbteam\",\"https:\/\/www.youtube.com\/c\/GR100Specialized\"]}]}<\/script>\n<!-- \/ Yoast SEO Premium plugin. -->","yoast_head_json":{"title":"Specialized \u00c9pico Evo Expert 2023 GR-100 Ofertas","description":"EPIC EVO EXPERT 2023, Um c\u00e9rebro mais inteligente, efici\u00eancia hardtail e capacidade de suspens\u00e3o total para resultados impressionantes.","robots":{"index":"index","follow":"follow","max-snippet":"max-snippet:-1","max-image-preview":"max-image-preview:large","max-video-preview":"max-video-preview:-1"},"canonical":"https:\/\/gr-100.com\/pt-pt\/producto\/especialista-epic-evo-expert-2023\/","og_locale":"pt_PT","og_type":"article","og_title":"Specialized \u00c9pico Evo Expert 2023","og_description":"EPIC EVO EXPERT 2023, Um c\u00e9rebro mais inteligente, efici\u00eancia hardtail e capacidade de suspens\u00e3o total para resultados impressionantes.","og_url":"https:\/\/gr-100.com\/pt-pt\/producto\/especialista-epic-evo-expert-2023\/","og_site_name":"Gr-100 Tienda de ciclismo Specialized","article_publisher":"https:\/\/www.facebook.com\/Gr100Bikes","article_modified_time":"2025-12-18T14:45:02+00:00","og_image":[{"width":1000,"height":1000,"url":"https:\/\/gr-100.com\/wp-content\/uploads\/2024\/05\/Epic-EVO-Expert-2.jpg","type":"image\/jpeg"}],"twitter_card":"summary_large_image","twitter_misc":{"Tempo estimado de leitura":"1 minuto"},"schema":{"@context":"https:\/\/schema.org","@graph":[{"@type":"WebPage","@id":"https:\/\/gr-100.com\/pt-pt\/producto\/especialista-epic-evo-expert-2023\/","url":"https:\/\/gr-100.com\/pt-pt\/producto\/especialista-epic-evo-expert-2023\/","name":"Specialized \u00c9pico Evo Expert 2023 GR-100 Ofertas","isPartOf":{"@id":"https:\/\/gr-100.com\/#website"},"primaryImageOfPage":{"@id":"https:\/\/gr-100.com\/pt-pt\/producto\/especialista-epic-evo-expert-2023\/#primaryimage"},"image":{"@id":"https:\/\/gr-100.com\/pt-pt\/producto\/especialista-epic-evo-expert-2023\/#primaryimage"},"thumbnailUrl":"https:\/\/gr-100.com\/wp-content\/uploads\/2024\/05\/Epic-EVO-Expert-2.jpg","datePublished":"2024-07-01T10:17:48+00:00","dateModified":"2025-12-18T14:45:02+00:00","description":"EPIC EVO EXPERT 2023, Um c\u00e9rebro mais inteligente, efici\u00eancia hardtail e capacidade de suspens\u00e3o total para resultados impressionantes.","breadcrumb":{"@id":"https:\/\/gr-100.com\/pt-pt\/producto\/especialista-epic-evo-expert-2023\/#breadcrumb"},"inLanguage":"pt-PT","potentialAction":[{"@type":"ReadAction","target":["https:\/\/gr-100.com\/pt-pt\/producto\/especialista-epic-evo-expert-2023\/"]}]},{"@type":"ImageObject","inLanguage":"pt-PT","@id":"https:\/\/gr-100.com\/pt-pt\/producto\/especialista-epic-evo-expert-2023\/#primaryimage","url":"https:\/\/gr-100.com\/wp-content\/uploads\/2024\/05\/Epic-EVO-Expert-2.jpg","contentUrl":"https:\/\/gr-100.com\/wp-content\/uploads\/2024\/05\/Epic-EVO-Expert-2.jpg","width":1000,"height":1000},{"@type":"BreadcrumbList","@id":"https:\/\/gr-100.com\/pt-pt\/producto\/especialista-epic-evo-expert-2023\/#breadcrumb","itemListElement":[{"@type":"ListItem","position":1,"name":"Portada","item":"https:\/\/gr-100.com\/en\/"},{"@type":"ListItem","position":2,"name":"Productos","item":"https:\/\/gr-100.com\/?post_type=product"},{"@type":"ListItem","position":3,"name":"Specialized \u00c9pico Evo Expert 2023"}]},{"@type":"WebSite","@id":"https:\/\/gr-100.com\/#website","url":"https:\/\/gr-100.com\/","name":"Gr-100 Tienda de ciclismo Specialized","description":"GR-100 tenemos todas las gamas de bicicletas Specialized al mejor precio.","publisher":{"@id":"https:\/\/gr-100.com\/#organization"},"alternateName":"Gr-100 Bikes","potentialAction":[{"@type":"SearchAction","target":{"@type":"EntryPoint","urlTemplate":"https:\/\/gr-100.com\/?s={search_term_string}"},"query-input":{"@type":"PropertyValueSpecification","valueRequired":true,"valueName":"search_term_string"}}],"inLanguage":"pt-PT"},{"@type":"Organization","@id":"https:\/\/gr-100.com\/#organization","name":"Gr-100","url":"https:\/\/gr-100.com\/","logo":{"@type":"ImageObject","inLanguage":"pt-PT","@id":"https:\/\/gr-100.com\/#\/schema\/logo\/image\/","url":"https:\/\/gr-100.com\/wp-content\/uploads\/2023\/08\/logo-gr-100-bikes.png","contentUrl":"https:\/\/gr-100.com\/wp-content\/uploads\/2023\/08\/logo-gr-100-bikes.png","width":707,"height":284,"caption":"Gr-100"},"image":{"@id":"https:\/\/gr-100.com\/#\/schema\/logo\/image\/"},"sameAs":["https:\/\/www.facebook.com\/Gr100Bikes","https:\/\/www.instagram.com\/gr100bikes\/","https:\/\/www.tiktok.com\/@gr100bikes","https:\/\/twitter.com\/gr100mtbteam","https:\/\/www.youtube.com\/c\/GR100Specialized"]}]}},"_links":{"self":[{"href":"https:\/\/gr-100.com\/pt-pt\/wp-json\/wp\/v2\/product\/381286","targetHints":{"allow":["GET"]}}],"collection":[{"href":"https:\/\/gr-100.com\/pt-pt\/wp-json\/wp\/v2\/product"}],"about":[{"href":"https:\/\/gr-100.com\/pt-pt\/wp-json\/wp\/v2\/types\/product"}],"replies":[{"embeddable":true,"href":"https:\/\/gr-100.com\/pt-pt\/wp-json\/wp\/v2\/comments?post=381286"}],"wp:featuredmedia":[{"embeddable":true,"href":"https:\/\/gr-100.com\/pt-pt\/wp-json\/wp\/v2\/media\/300173"}],"wp:attachment":[{"href":"https:\/\/gr-100.com\/pt-pt\/wp-json\/wp\/v2\/media?parent=381286"}],"wp:term":[{"taxonomy":"product_brand","embeddable":true,"href":"https:\/\/gr-100.com\/pt-pt\/wp-json\/wp\/v2\/product_brand?post=381286"},{"taxonomy":"product_cat","embeddable":true,"href":"https:\/\/gr-100.com\/pt-pt\/wp-json\/wp\/v2\/product_cat?post=381286"},{"taxonomy":"product_tag","embeddable":true,"href":"https:\/\/gr-100.com\/pt-pt\/wp-json\/wp\/v2\/product_tag?post=381286"}],"curies":[{"name":"wp","href":"https:\/\/api.w.org\/{rel}","templated":true}]}}