{"id":381301,"date":"2024-07-01T12:17:26","date_gmt":"2024-07-01T10:17:26","guid":{"rendered":"https:\/\/gr-100.com\/producto\/especializada-s-works-epic-evo-2023\/"},"modified":"2025-10-06T16:15:54","modified_gmt":"2025-10-06T14:15:54","slug":"especializada-s-works-epic-evo-2023","status":"publish","type":"product","link":"https:\/\/gr-100.com\/pt-pt\/producto\/especializada-s-works-epic-evo-2023\/","title":{"rendered":"Specialized S-Works Epic EVO 2023"},"content":{"rendered":"<ul>\n<li>Um <strong>BRAIN<\/strong> mais<br \/>\n inteligente Fiel ao seu estilo, o mais recente Epic continua a tradi\u00e7\u00e3o, aproveitando a suspens\u00e3o BRAIN mais eficiente que j\u00e1 cri\u00e1mos.<br \/>\nRedesenhado de m\u00e3os dadas com o novo Epic, o mais recente design da BRAIN redefine a expectativa de efici\u00eancia, empregando uma nova plataforma de pedaladas ajustada para garantir que todos os watts poss\u00edveis se traduzam em movimento para a frente, tudo mais suavemente do que nunca.<\/li>\n<\/ul>\n<div class=\"product-specification\">\n<ul>\n<li>S-Works FACT 12m Carbon, Geometria XC Progressiva, Rider-First Engineered\u2122, BB roscado, espa\u00e7amento traseiro de 12x148mm, roteamento de cabos interno, 110mm de curso<\/li>\n<li>Rockshox SID ULTIMATE FORK, Amortecedor do dia da corrida do carregador, Debon Air, 15x110mm, 44mm offset, 120mm Travel<\/li>\n<li>RockShox SID LUXE ULTIMATE SHOCK, Rx XC Tune, Duas Posi\u00e7\u00f5es, Rebound Adjust, 190x40mm<\/li>\n<li>SRAM G2 SRAM Ultimate FRONT BRAKE, pin\u00e7a de 4 pist\u00f5es, disco hidr\u00e1ulico, rotor de 180mm<\/li>\n<li>SRAM G2 Ultimate REAR BRAKE SRAM pin\u00e7a de 4 pist\u00f5es, disco hidr\u00e1ulico, rotor de 180mm<\/li>\n<li>SRAM XX1 \u00c1guia AXS DERAILLEUR<\/li>\n<li>SRAM XX1 CADEIA EAGLE<\/li>\n<li>Controle de solo Specialized , inv\u00f3lucro de controle, composto T5, 29&#215;2.35<\/li>\n<li>Sram XG-1299 roda dentada, 12 velocidades, 10-52t<\/li>\n<li>STEM Race Face Turbine R, 60mm, grampo de 35mm<\/li>\n<li>SILLIN Body Geometry S-Works Power, trilhos de fibra de carbono, base de fibra de carbono<\/li>\n<li>RockShox Reverb AXS, 30.9mm, S \/ M: 125, L: 150, XL: 170mm<\/li>\n<li>Guid\u00e3o de carbono Race Face NEXT, eleva\u00e7\u00e3o de 20 mm, varredura traseira de 8 graus, 760 mm de largura, 35 mm<\/li>\n<li>AN\u00c9IS DE CORRENTE DE LIGA, 32T<\/li>\n<li>SRAM Eagle AXS SRAM Rocker Paddle Shift Alavanca<\/li>\n<li>Roval Control SL, DT Swiss Internals, Rolamentos cer\u00e2micos, 6 parafusos, eixo thru de 15 mm, espa\u00e7amento de 110 mm, cabe\u00e7a t de tra\u00e7\u00e3o reta de 24 horas<\/li>\n<li>CUBO TRASEIRO Roval Control SL, DT Swiss 180 Internals, DT Swiss Ratchet EXP, Rolamentos cer\u00e2micos, eixo thru de 12mm, espa\u00e7amento de 148mm, tra\u00e7\u00e3o reta de 24h<\/li>\n<li>DT Swiss Aerolite RAIOS<\/li>\n<li>Roval Control SL, Design offset de carbono, largura interna de 29mm, largura do gancho de 4mm, pronto para tubeless, 24h<\/li>\n<li>Specialized<\/li>\n<li>SRAM XX1 Eagle DUB SUPORTE INFERIOR, 32T<\/li>\n<li>SRAM dub Suporte inferior roscado<\/li>\n<li>Liga Especializada 34.9 SADDLE Specialized Parafuso de tit\u00e2nio<\/li>\n<li>Specialized<\/li>\n<li>MATERIAL Carbono<\/li>\n<li>Disco BRAKE<\/li>\n<li>DI\u00c2METRO 29&#8243;<\/li>\n<li>MODALIDADE DE MONTANHA Rali<\/li>\n<li>N\u00ba RODASTES 12V<\/li>\n<li>TIPO DE TRANSMISS\u00c3O Electr\u00f3nica<\/li>\n<li>N\u00ba PRATOS 1<\/li>\n<li>TIPO DE PNEU Sem c\u00e2mara de ar<\/li>\n<li>LARGURA DA BARRA 34<\/li>\n<li>CURSO DE SUSPENS\u00c3O 110<\/li>\n<li>TIPO DE N\u00daCLEO XD<\/li>\n<li>TIPO DE DISCO 6T<\/li>\n<li>DI\u00c2METRO DO GUIADOR 35<\/li>\n<li>POST CONTA-gotas Sim<\/li>\n<li>LARGURA DO CUBO 12x148mm Boost<\/li>\n<li>DI\u00c2METRO DO DISCO 180mm<\/li>\n<\/ul>\n<\/div>\n","protected":false},"excerpt":{"rendered":"<ul>\n<li>Combinando efici\u00eancia hardtail e capacidade de suspens\u00e3o total para resultados impressionantemente <strong>S-Works Epic<\/strong> sempre foi definido por um compromisso obsessivo com a velocidade.<br \/>\nBem, isso e mais <strong>de 100 vit\u00f3rias e p\u00f3dios em Copas do Mundo<\/strong> tamb\u00e9m. <\/li>\n<\/ul>\n","protected":false},"featured_media":300158,"comment_status":"closed","ping_status":"closed","template":"","meta":{"_acf_changed":false,"_et_pb_use_builder":"","_et_pb_old_content":"","_et_gb_content_width":"","inline_featured_image":false},"product_brand":[],"product_cat":[2459,402,2483,2696],"product_tag":[],"class_list":{"0":"post-381301","1":"product","2":"type-product","3":"status-publish","4":"has-post-thumbnail","6":"product_cat-bicicletas-pt-pt-2","7":"product_cat-montanha","8":"product_cat-bicicletas-especializadas","9":"product_cat-ofertas-especializadas","10":"product_shipping_class-bicicletas-pt-pt","12":"first","13":"outofstock","14":"taxable","15":"shipping-taxable","16":"product-type-variable","17":"wvs-archive-product-wrapper"},"acf":[],"yoast_head":"<!-- This site is optimized with the Yoast SEO Premium plugin v26.7 (Yoast SEO v26.7) - https:\/\/yoast.com\/wordpress\/plugins\/seo\/ -->\n<title>Specialized S-Works Epic EVO 2023 GR-100 S-Works Epic Promo\u00e7\u00f5es<\/title>\n<meta name=\"description\" content=\"GR-100 Specialized. Melhores pre\u00e7os sem concorr\u00eancia. Solicite a sua oferta personalizada. Produto: Specialized S-Works Epic Evo 2023\" \/>\n<meta name=\"robots\" content=\"index, follow, max-snippet:-1, max-image-preview:large, max-video-preview:-1\" \/>\n<link rel=\"canonical\" href=\"https:\/\/gr-100.com\/pt-pt\/producto\/especializada-s-works-epic-evo-2023\/\" \/>\n<meta property=\"og:locale\" content=\"pt_PT\" \/>\n<meta property=\"og:type\" content=\"article\" \/>\n<meta property=\"og:title\" content=\"Specialized S-Works Epic EVO 2023\" \/>\n<meta property=\"og:description\" content=\"GR-100 Specialized. Melhores pre\u00e7os sem concorr\u00eancia. Solicite a sua oferta personalizada. Produto: Specialized S-Works Epic Evo 2023\" \/>\n<meta property=\"og:url\" content=\"https:\/\/gr-100.com\/pt-pt\/producto\/especializada-s-works-epic-evo-2023\/\" \/>\n<meta property=\"og:site_name\" content=\"Gr-100 Tienda de ciclismo Specialized\" \/>\n<meta property=\"article:publisher\" content=\"https:\/\/www.facebook.com\/Gr100Bikes\" \/>\n<meta property=\"article:modified_time\" content=\"2025-10-06T14:15:54+00:00\" \/>\n<meta property=\"og:image\" content=\"https:\/\/gr-100.com\/wp-content\/uploads\/2024\/05\/S-Works-Epic-EVO.jpg\" \/>\n\t<meta property=\"og:image:width\" content=\"1000\" \/>\n\t<meta property=\"og:image:height\" content=\"1000\" \/>\n\t<meta property=\"og:image:type\" content=\"image\/jpeg\" \/>\n<meta name=\"twitter:card\" content=\"summary_large_image\" \/>\n<meta name=\"twitter:label1\" content=\"Tempo estimado de leitura\" \/>\n\t<meta name=\"twitter:data1\" content=\"2 minutos\" \/>\n<script type=\"application\/ld+json\" class=\"yoast-schema-graph\">{\"@context\":\"https:\/\/schema.org\",\"@graph\":[{\"@type\":\"WebPage\",\"@id\":\"https:\/\/gr-100.com\/pt-pt\/producto\/especializada-s-works-epic-evo-2023\/\",\"url\":\"https:\/\/gr-100.com\/pt-pt\/producto\/especializada-s-works-epic-evo-2023\/\",\"name\":\"Specialized S-Works Epic EVO 2023 GR-100 S-Works Epic Promo\u00e7\u00f5es\",\"isPartOf\":{\"@id\":\"https:\/\/gr-100.com\/#website\"},\"primaryImageOfPage\":{\"@id\":\"https:\/\/gr-100.com\/pt-pt\/producto\/especializada-s-works-epic-evo-2023\/#primaryimage\"},\"image\":{\"@id\":\"https:\/\/gr-100.com\/pt-pt\/producto\/especializada-s-works-epic-evo-2023\/#primaryimage\"},\"thumbnailUrl\":\"https:\/\/gr-100.com\/wp-content\/uploads\/2024\/05\/S-Works-Epic-EVO.jpg\",\"datePublished\":\"2024-07-01T10:17:26+00:00\",\"dateModified\":\"2025-10-06T14:15:54+00:00\",\"description\":\"GR-100 Specialized. Melhores pre\u00e7os sem concorr\u00eancia. Solicite a sua oferta personalizada. Produto: Specialized S-Works Epic Evo 2023\",\"breadcrumb\":{\"@id\":\"https:\/\/gr-100.com\/pt-pt\/producto\/especializada-s-works-epic-evo-2023\/#breadcrumb\"},\"inLanguage\":\"pt-PT\",\"potentialAction\":[{\"@type\":\"ReadAction\",\"target\":[\"https:\/\/gr-100.com\/pt-pt\/producto\/especializada-s-works-epic-evo-2023\/\"]}]},{\"@type\":\"ImageObject\",\"inLanguage\":\"pt-PT\",\"@id\":\"https:\/\/gr-100.com\/pt-pt\/producto\/especializada-s-works-epic-evo-2023\/#primaryimage\",\"url\":\"https:\/\/gr-100.com\/wp-content\/uploads\/2024\/05\/S-Works-Epic-EVO.jpg\",\"contentUrl\":\"https:\/\/gr-100.com\/wp-content\/uploads\/2024\/05\/S-Works-Epic-EVO.jpg\",\"width\":1000,\"height\":1000},{\"@type\":\"BreadcrumbList\",\"@id\":\"https:\/\/gr-100.com\/pt-pt\/producto\/especializada-s-works-epic-evo-2023\/#breadcrumb\",\"itemListElement\":[{\"@type\":\"ListItem\",\"position\":1,\"name\":\"Portada\",\"item\":\"https:\/\/gr-100.com\/en\/\"},{\"@type\":\"ListItem\",\"position\":2,\"name\":\"Productos\",\"item\":\"https:\/\/gr-100.com\/?post_type=product\"},{\"@type\":\"ListItem\",\"position\":3,\"name\":\"Specialized S-Works Epic EVO 2023\"}]},{\"@type\":\"WebSite\",\"@id\":\"https:\/\/gr-100.com\/#website\",\"url\":\"https:\/\/gr-100.com\/\",\"name\":\"Gr-100 Tienda de ciclismo Specialized\",\"description\":\"GR-100 tenemos todas las gamas de bicicletas Specialized al mejor precio.\",\"publisher\":{\"@id\":\"https:\/\/gr-100.com\/#organization\"},\"alternateName\":\"Gr-100 Bikes\",\"potentialAction\":[{\"@type\":\"SearchAction\",\"target\":{\"@type\":\"EntryPoint\",\"urlTemplate\":\"https:\/\/gr-100.com\/?s={search_term_string}\"},\"query-input\":{\"@type\":\"PropertyValueSpecification\",\"valueRequired\":true,\"valueName\":\"search_term_string\"}}],\"inLanguage\":\"pt-PT\"},{\"@type\":\"Organization\",\"@id\":\"https:\/\/gr-100.com\/#organization\",\"name\":\"Gr-100\",\"url\":\"https:\/\/gr-100.com\/\",\"logo\":{\"@type\":\"ImageObject\",\"inLanguage\":\"pt-PT\",\"@id\":\"https:\/\/gr-100.com\/#\/schema\/logo\/image\/\",\"url\":\"https:\/\/gr-100.com\/wp-content\/uploads\/2023\/08\/logo-gr-100-bikes.png\",\"contentUrl\":\"https:\/\/gr-100.com\/wp-content\/uploads\/2023\/08\/logo-gr-100-bikes.png\",\"width\":707,\"height\":284,\"caption\":\"Gr-100\"},\"image\":{\"@id\":\"https:\/\/gr-100.com\/#\/schema\/logo\/image\/\"},\"sameAs\":[\"https:\/\/www.facebook.com\/Gr100Bikes\",\"https:\/\/www.instagram.com\/gr100bikes\/\",\"https:\/\/www.tiktok.com\/@gr100bikes\",\"https:\/\/twitter.com\/gr100mtbteam\",\"https:\/\/www.youtube.com\/c\/GR100Specialized\"]}]}<\/script>\n<!-- \/ Yoast SEO Premium plugin. -->","yoast_head_json":{"title":"Specialized S-Works Epic EVO 2023 GR-100 S-Works Epic Promo\u00e7\u00f5es","description":"GR-100 Specialized. Melhores pre\u00e7os sem concorr\u00eancia. Solicite a sua oferta personalizada. Produto: Specialized S-Works Epic Evo 2023","robots":{"index":"index","follow":"follow","max-snippet":"max-snippet:-1","max-image-preview":"max-image-preview:large","max-video-preview":"max-video-preview:-1"},"canonical":"https:\/\/gr-100.com\/pt-pt\/producto\/especializada-s-works-epic-evo-2023\/","og_locale":"pt_PT","og_type":"article","og_title":"Specialized S-Works Epic EVO 2023","og_description":"GR-100 Specialized. Melhores pre\u00e7os sem concorr\u00eancia. Solicite a sua oferta personalizada. Produto: Specialized S-Works Epic Evo 2023","og_url":"https:\/\/gr-100.com\/pt-pt\/producto\/especializada-s-works-epic-evo-2023\/","og_site_name":"Gr-100 Tienda de ciclismo Specialized","article_publisher":"https:\/\/www.facebook.com\/Gr100Bikes","article_modified_time":"2025-10-06T14:15:54+00:00","og_image":[{"width":1000,"height":1000,"url":"https:\/\/gr-100.com\/wp-content\/uploads\/2024\/05\/S-Works-Epic-EVO.jpg","type":"image\/jpeg"}],"twitter_card":"summary_large_image","twitter_misc":{"Tempo estimado de leitura":"2 minutos"},"schema":{"@context":"https:\/\/schema.org","@graph":[{"@type":"WebPage","@id":"https:\/\/gr-100.com\/pt-pt\/producto\/especializada-s-works-epic-evo-2023\/","url":"https:\/\/gr-100.com\/pt-pt\/producto\/especializada-s-works-epic-evo-2023\/","name":"Specialized S-Works Epic EVO 2023 GR-100 S-Works Epic Promo\u00e7\u00f5es","isPartOf":{"@id":"https:\/\/gr-100.com\/#website"},"primaryImageOfPage":{"@id":"https:\/\/gr-100.com\/pt-pt\/producto\/especializada-s-works-epic-evo-2023\/#primaryimage"},"image":{"@id":"https:\/\/gr-100.com\/pt-pt\/producto\/especializada-s-works-epic-evo-2023\/#primaryimage"},"thumbnailUrl":"https:\/\/gr-100.com\/wp-content\/uploads\/2024\/05\/S-Works-Epic-EVO.jpg","datePublished":"2024-07-01T10:17:26+00:00","dateModified":"2025-10-06T14:15:54+00:00","description":"GR-100 Specialized. Melhores pre\u00e7os sem concorr\u00eancia. Solicite a sua oferta personalizada. Produto: Specialized S-Works Epic Evo 2023","breadcrumb":{"@id":"https:\/\/gr-100.com\/pt-pt\/producto\/especializada-s-works-epic-evo-2023\/#breadcrumb"},"inLanguage":"pt-PT","potentialAction":[{"@type":"ReadAction","target":["https:\/\/gr-100.com\/pt-pt\/producto\/especializada-s-works-epic-evo-2023\/"]}]},{"@type":"ImageObject","inLanguage":"pt-PT","@id":"https:\/\/gr-100.com\/pt-pt\/producto\/especializada-s-works-epic-evo-2023\/#primaryimage","url":"https:\/\/gr-100.com\/wp-content\/uploads\/2024\/05\/S-Works-Epic-EVO.jpg","contentUrl":"https:\/\/gr-100.com\/wp-content\/uploads\/2024\/05\/S-Works-Epic-EVO.jpg","width":1000,"height":1000},{"@type":"BreadcrumbList","@id":"https:\/\/gr-100.com\/pt-pt\/producto\/especializada-s-works-epic-evo-2023\/#breadcrumb","itemListElement":[{"@type":"ListItem","position":1,"name":"Portada","item":"https:\/\/gr-100.com\/en\/"},{"@type":"ListItem","position":2,"name":"Productos","item":"https:\/\/gr-100.com\/?post_type=product"},{"@type":"ListItem","position":3,"name":"Specialized S-Works Epic EVO 2023"}]},{"@type":"WebSite","@id":"https:\/\/gr-100.com\/#website","url":"https:\/\/gr-100.com\/","name":"Gr-100 Tienda de ciclismo Specialized","description":"GR-100 tenemos todas las gamas de bicicletas Specialized al mejor precio.","publisher":{"@id":"https:\/\/gr-100.com\/#organization"},"alternateName":"Gr-100 Bikes","potentialAction":[{"@type":"SearchAction","target":{"@type":"EntryPoint","urlTemplate":"https:\/\/gr-100.com\/?s={search_term_string}"},"query-input":{"@type":"PropertyValueSpecification","valueRequired":true,"valueName":"search_term_string"}}],"inLanguage":"pt-PT"},{"@type":"Organization","@id":"https:\/\/gr-100.com\/#organization","name":"Gr-100","url":"https:\/\/gr-100.com\/","logo":{"@type":"ImageObject","inLanguage":"pt-PT","@id":"https:\/\/gr-100.com\/#\/schema\/logo\/image\/","url":"https:\/\/gr-100.com\/wp-content\/uploads\/2023\/08\/logo-gr-100-bikes.png","contentUrl":"https:\/\/gr-100.com\/wp-content\/uploads\/2023\/08\/logo-gr-100-bikes.png","width":707,"height":284,"caption":"Gr-100"},"image":{"@id":"https:\/\/gr-100.com\/#\/schema\/logo\/image\/"},"sameAs":["https:\/\/www.facebook.com\/Gr100Bikes","https:\/\/www.instagram.com\/gr100bikes\/","https:\/\/www.tiktok.com\/@gr100bikes","https:\/\/twitter.com\/gr100mtbteam","https:\/\/www.youtube.com\/c\/GR100Specialized"]}]}},"_links":{"self":[{"href":"https:\/\/gr-100.com\/pt-pt\/wp-json\/wp\/v2\/product\/381301","targetHints":{"allow":["GET"]}}],"collection":[{"href":"https:\/\/gr-100.com\/pt-pt\/wp-json\/wp\/v2\/product"}],"about":[{"href":"https:\/\/gr-100.com\/pt-pt\/wp-json\/wp\/v2\/types\/product"}],"replies":[{"embeddable":true,"href":"https:\/\/gr-100.com\/pt-pt\/wp-json\/wp\/v2\/comments?post=381301"}],"wp:featuredmedia":[{"embeddable":true,"href":"https:\/\/gr-100.com\/pt-pt\/wp-json\/wp\/v2\/media\/300158"}],"wp:attachment":[{"href":"https:\/\/gr-100.com\/pt-pt\/wp-json\/wp\/v2\/media?parent=381301"}],"wp:term":[{"taxonomy":"product_brand","embeddable":true,"href":"https:\/\/gr-100.com\/pt-pt\/wp-json\/wp\/v2\/product_brand?post=381301"},{"taxonomy":"product_cat","embeddable":true,"href":"https:\/\/gr-100.com\/pt-pt\/wp-json\/wp\/v2\/product_cat?post=381301"},{"taxonomy":"product_tag","embeddable":true,"href":"https:\/\/gr-100.com\/pt-pt\/wp-json\/wp\/v2\/product_tag?post=381301"}],"curies":[{"name":"wp","href":"https:\/\/api.w.org\/{rel}","templated":true}]}}