{"id":381311,"date":"2024-07-01T12:17:38","date_gmt":"2024-07-01T10:17:38","guid":{"rendered":"https:\/\/gr-100.com\/producto\/especializado-epic-evo-pro-2023\/"},"modified":"2025-12-18T16:44:55","modified_gmt":"2025-12-18T14:44:55","slug":"especializado-epic-evo-pro-2023","status":"publish","type":"product","link":"https:\/\/gr-100.com\/pt-pt\/producto\/especializado-epic-evo-pro-2023\/","title":{"rendered":"Specialized \u00c9pico Evo Pro 2023"},"content":{"rendered":"<ul>\n<li>Especifica\u00e7\u00f5es <strong>T\u00e9cnicas<\/strong><br \/>\nPRATOS<br \/>\n32 T<br \/>\nSUPORTE INFERIOR<br \/>\nSRAM DUB, BSA 73mm, roscado<br \/>\nMUDAN\u00c7A<br \/>\nSRAM X01 \u00c1guia AXS SRAM XG-1295 Eagle, 10-52t<\/p>\n<p>CADEIA<br \/>\nSRAX X01 Eagle, 12 velocidades<br \/>\nSELIM<br \/>\nEspecialista em Geometria Corporal<br \/>\nESPIG\u00c3O ASSENTO<br \/>\nFox F\u00e1brica de transfer\u00eancia, 30.9, 1X remoto, (S: 125mm, M \/ L: 150mm, XL: 175mm)<br \/>\nCUBO TRASEIRO<br \/>\nDT Swiss 350 de tra\u00e7\u00e3o reta, 6 parafusos, catraca DT Su\u00ed\u00e7a, eixo de 12&#215;148 mm, corpo de cubo livre XD, tra\u00e7\u00e3o reta de 28h<br \/>\nCUBO FRONTAL<br \/>\nDT Swiss 350, 6 parafusos, eixo Thru de 15 mm, espa\u00e7amento de 110 mm, tra\u00e7\u00e3o reta de 28 horas<br \/>\nR\u00c1DIOS<br \/>\nDT Swiss Comp Corrida<br \/>\nPneus<br \/>\nRoval Controle, design de compensa\u00e7\u00e3o de carbono, largura interna de 29mm, largura do gancho de 4mm, pronto sem tubo, 28h<br \/>\nC\u00c2MARAS<br \/>\nSpecialized Tubo turbo<br \/>\nIMAGEM<br \/>\nFACTO 11m Full Carbon, Geometria XC Progressiva, Rider-First Engineered\u2122, BB roscado, espa\u00e7amento traseiro de 12x148mm, roteamento de cabos internos, 110mm de curso<br \/>\nSUSPENS\u00c3O<br \/>\nGARFO<br \/>\nFOX F\u00e1brica FLOAT 34, amortecedor Fit4, revestimento Kashima, 15x110mm, deslocamento de 44mm, curso de 120mm<br \/>\nAMORTECEDOR<br \/>\nFOX FLOAT DPS Factory, Rx XC Tune, EVOL Air sleeve, Kashima Coat, ajuste de 3 posi\u00e7\u00f5es com ajuste de modo aberto, 190x40mm<br \/>\nPOT\u00caNCIA<br \/>\nTurbina de face de corrida R, 60mm, grampo de 35mm<br \/>\nGUID\u00c3O<br \/>\nRoval Guiador de carbono Control Rise, 760mm de largura, 20mm de eleva\u00e7\u00e3o, 35mm<br \/>\nFITA FITA<br \/>\nSpecialized Punhos de trilha<br \/>\nConjunto propulsor<br \/>\nCONTROLOS DE MUDAN\u00c7A DE VELOCIDADE<br \/>\nSRAM Eagle AXS Rocker Paddle<br \/>\nSUPORTE INFERIOR<br \/>\nSRAM X1 Carbono, DUB, S: 170mm, M-XL: 175mm<br \/>\nTrav\u00f5es<br \/>\nTRAV\u00c3O TRASEIRO<br \/>\nSRAM G2 RSC, pin\u00e7a de 4 pist\u00f5es, disco hidr\u00e1ulico, rotor de 180mm FREIOS FREIO<br \/>\nDIANTEIRO<br \/>\nSRAM G2 RSC, pin\u00e7a de 4 pist\u00f5es, disco hidr\u00e1ulico, rotor<br \/>\nde 180mm FRAMESET<br \/>\nABRAZ.<br \/>\n Specialized de liga leve especializada, rodas de 34,9 mm<br \/>\ne pneus<br \/>\nDIANTEIROS<br \/>\n.<br \/>\nSpecialized Controle de solo, Caixa de grade, Composto T7, 29&#215;2.35<br \/>\nPNEU TRASEIRO<br \/>\n Controle de soloSpecialized, Caixa de grade, Composto T7, 29&#215;2.35<br \/>\nAcess\u00f3rios<br \/>\nSWAT<br \/>\nSWAT CC ferramenta integrada de tubo de dire\u00e7\u00e3o com ferramenta de corrente e link, caixa<br \/>\nSWAT destac\u00e1vel Peso<br \/>\n11,43kg (25 lb, 3,2 oz)<br \/>\nTamanho de peso<br \/>\nMD* Pesos baseados em quadros pintados de produ\u00e7\u00e3o como retratado. Os pesos reais variam consoante a cor, o tamanho do quadro e a varia\u00e7\u00e3o dos componentes. As especifica\u00e7\u00f5es est\u00e3o sujeitas a altera\u00e7\u00f5es sem aviso pr\u00e9vio.<\/li>\n<\/ul>\n","protected":false},"excerpt":{"rendered":"<p>Uma cascata de desempenho que descende diretamente do S-Works, o Epic Pro 2023 se beneficia do design de suspens\u00e3o mais eficiente que j\u00e1 criamos, sem mencionar um quadro que \u00e9 t\u00e3o leve quanto o S-Works e oferece a mesma transfer\u00eancia de energia incrivelmente eficiente da atual nata da safra da safra da Copa do Mundo.<\/p>\n","protected":false},"featured_media":300165,"comment_status":"closed","ping_status":"closed","template":"","meta":{"_acf_changed":false,"_et_pb_use_builder":"","_et_pb_old_content":"","_et_gb_content_width":"","inline_featured_image":false},"product_brand":[],"product_cat":[2459,402,2483,2696],"product_tag":[],"class_list":{"0":"post-381311","1":"product","2":"type-product","3":"status-publish","4":"has-post-thumbnail","6":"product_cat-bicicletas-pt-pt-2","7":"product_cat-montanha","8":"product_cat-bicicletas-especializadas","9":"product_cat-ofertas-especializadas","10":"product_shipping_class-bicicletas-pt-pt","12":"first","13":"outofstock","14":"taxable","15":"shipping-taxable","16":"product-type-variable","17":"wvs-archive-product-wrapper"},"acf":[],"yoast_head":"<!-- This site is optimized with the Yoast SEO Premium plugin v26.7 (Yoast SEO v26.7) - https:\/\/yoast.com\/wordpress\/plugins\/seo\/ -->\n<title>Specialized \u00c9pico Evo Pro 2023 GR-100 Ofertas<\/title>\n<meta name=\"description\" content=\"GR-100 Specialized. Melhores pre\u00e7os sem concorr\u00eancia. Solicite a sua oferta personalizada. Produto: Specialized Epic Evo Pro 2023\" \/>\n<meta name=\"robots\" content=\"index, follow, max-snippet:-1, max-image-preview:large, max-video-preview:-1\" \/>\n<link rel=\"canonical\" href=\"https:\/\/gr-100.com\/pt-pt\/producto\/especializado-epic-evo-pro-2023\/\" \/>\n<meta property=\"og:locale\" content=\"pt_PT\" \/>\n<meta property=\"og:type\" content=\"article\" \/>\n<meta property=\"og:title\" content=\"Specialized \u00c9pico Evo Pro 2023\" \/>\n<meta property=\"og:description\" content=\"GR-100 Specialized. Melhores pre\u00e7os sem concorr\u00eancia. Solicite a sua oferta personalizada. Produto: Specialized Epic Evo Pro 2023\" \/>\n<meta property=\"og:url\" content=\"https:\/\/gr-100.com\/pt-pt\/producto\/especializado-epic-evo-pro-2023\/\" \/>\n<meta property=\"og:site_name\" content=\"Gr-100 Tienda de ciclismo Specialized\" \/>\n<meta property=\"article:publisher\" content=\"https:\/\/www.facebook.com\/Gr100Bikes\" \/>\n<meta property=\"article:modified_time\" content=\"2025-12-18T14:44:55+00:00\" \/>\n<meta property=\"og:image\" content=\"https:\/\/gr-100.com\/wp-content\/uploads\/2024\/05\/Epic-EVO-Pro-2023.jpg\" \/>\n\t<meta property=\"og:image:width\" content=\"1000\" \/>\n\t<meta property=\"og:image:height\" content=\"1000\" \/>\n\t<meta property=\"og:image:type\" content=\"image\/jpeg\" \/>\n<meta name=\"twitter:card\" content=\"summary_large_image\" \/>\n<meta name=\"twitter:label1\" content=\"Tempo estimado de leitura\" \/>\n\t<meta name=\"twitter:data1\" content=\"2 minutos\" \/>\n<script type=\"application\/ld+json\" class=\"yoast-schema-graph\">{\"@context\":\"https:\/\/schema.org\",\"@graph\":[{\"@type\":\"WebPage\",\"@id\":\"https:\/\/gr-100.com\/pt-pt\/producto\/especializado-epic-evo-pro-2023\/\",\"url\":\"https:\/\/gr-100.com\/pt-pt\/producto\/especializado-epic-evo-pro-2023\/\",\"name\":\"Specialized \u00c9pico Evo Pro 2023 GR-100 Ofertas\",\"isPartOf\":{\"@id\":\"https:\/\/gr-100.com\/#website\"},\"primaryImageOfPage\":{\"@id\":\"https:\/\/gr-100.com\/pt-pt\/producto\/especializado-epic-evo-pro-2023\/#primaryimage\"},\"image\":{\"@id\":\"https:\/\/gr-100.com\/pt-pt\/producto\/especializado-epic-evo-pro-2023\/#primaryimage\"},\"thumbnailUrl\":\"https:\/\/gr-100.com\/wp-content\/uploads\/2024\/05\/Epic-EVO-Pro-2023.jpg\",\"datePublished\":\"2024-07-01T10:17:38+00:00\",\"dateModified\":\"2025-12-18T14:44:55+00:00\",\"description\":\"GR-100 Specialized. Melhores pre\u00e7os sem concorr\u00eancia. Solicite a sua oferta personalizada. Produto: Specialized Epic Evo Pro 2023\",\"breadcrumb\":{\"@id\":\"https:\/\/gr-100.com\/pt-pt\/producto\/especializado-epic-evo-pro-2023\/#breadcrumb\"},\"inLanguage\":\"pt-PT\",\"potentialAction\":[{\"@type\":\"ReadAction\",\"target\":[\"https:\/\/gr-100.com\/pt-pt\/producto\/especializado-epic-evo-pro-2023\/\"]}]},{\"@type\":\"ImageObject\",\"inLanguage\":\"pt-PT\",\"@id\":\"https:\/\/gr-100.com\/pt-pt\/producto\/especializado-epic-evo-pro-2023\/#primaryimage\",\"url\":\"https:\/\/gr-100.com\/wp-content\/uploads\/2024\/05\/Epic-EVO-Pro-2023.jpg\",\"contentUrl\":\"https:\/\/gr-100.com\/wp-content\/uploads\/2024\/05\/Epic-EVO-Pro-2023.jpg\",\"width\":1000,\"height\":1000},{\"@type\":\"BreadcrumbList\",\"@id\":\"https:\/\/gr-100.com\/pt-pt\/producto\/especializado-epic-evo-pro-2023\/#breadcrumb\",\"itemListElement\":[{\"@type\":\"ListItem\",\"position\":1,\"name\":\"Portada\",\"item\":\"https:\/\/gr-100.com\/en\/\"},{\"@type\":\"ListItem\",\"position\":2,\"name\":\"Productos\",\"item\":\"https:\/\/gr-100.com\/?post_type=product\"},{\"@type\":\"ListItem\",\"position\":3,\"name\":\"Specialized \u00c9pico Evo Pro 2023\"}]},{\"@type\":\"WebSite\",\"@id\":\"https:\/\/gr-100.com\/#website\",\"url\":\"https:\/\/gr-100.com\/\",\"name\":\"Gr-100 Tienda de ciclismo Specialized\",\"description\":\"GR-100 tenemos todas las gamas de bicicletas Specialized al mejor precio.\",\"publisher\":{\"@id\":\"https:\/\/gr-100.com\/#organization\"},\"alternateName\":\"Gr-100 Bikes\",\"potentialAction\":[{\"@type\":\"SearchAction\",\"target\":{\"@type\":\"EntryPoint\",\"urlTemplate\":\"https:\/\/gr-100.com\/?s={search_term_string}\"},\"query-input\":{\"@type\":\"PropertyValueSpecification\",\"valueRequired\":true,\"valueName\":\"search_term_string\"}}],\"inLanguage\":\"pt-PT\"},{\"@type\":\"Organization\",\"@id\":\"https:\/\/gr-100.com\/#organization\",\"name\":\"Gr-100\",\"url\":\"https:\/\/gr-100.com\/\",\"logo\":{\"@type\":\"ImageObject\",\"inLanguage\":\"pt-PT\",\"@id\":\"https:\/\/gr-100.com\/#\/schema\/logo\/image\/\",\"url\":\"https:\/\/gr-100.com\/wp-content\/uploads\/2023\/08\/logo-gr-100-bikes.png\",\"contentUrl\":\"https:\/\/gr-100.com\/wp-content\/uploads\/2023\/08\/logo-gr-100-bikes.png\",\"width\":707,\"height\":284,\"caption\":\"Gr-100\"},\"image\":{\"@id\":\"https:\/\/gr-100.com\/#\/schema\/logo\/image\/\"},\"sameAs\":[\"https:\/\/www.facebook.com\/Gr100Bikes\",\"https:\/\/www.instagram.com\/gr100bikes\/\",\"https:\/\/www.tiktok.com\/@gr100bikes\",\"https:\/\/twitter.com\/gr100mtbteam\",\"https:\/\/www.youtube.com\/c\/GR100Specialized\"]}]}<\/script>\n<!-- \/ Yoast SEO Premium plugin. -->","yoast_head_json":{"title":"Specialized \u00c9pico Evo Pro 2023 GR-100 Ofertas","description":"GR-100 Specialized. Melhores pre\u00e7os sem concorr\u00eancia. Solicite a sua oferta personalizada. Produto: Specialized Epic Evo Pro 2023","robots":{"index":"index","follow":"follow","max-snippet":"max-snippet:-1","max-image-preview":"max-image-preview:large","max-video-preview":"max-video-preview:-1"},"canonical":"https:\/\/gr-100.com\/pt-pt\/producto\/especializado-epic-evo-pro-2023\/","og_locale":"pt_PT","og_type":"article","og_title":"Specialized \u00c9pico Evo Pro 2023","og_description":"GR-100 Specialized. Melhores pre\u00e7os sem concorr\u00eancia. Solicite a sua oferta personalizada. Produto: Specialized Epic Evo Pro 2023","og_url":"https:\/\/gr-100.com\/pt-pt\/producto\/especializado-epic-evo-pro-2023\/","og_site_name":"Gr-100 Tienda de ciclismo Specialized","article_publisher":"https:\/\/www.facebook.com\/Gr100Bikes","article_modified_time":"2025-12-18T14:44:55+00:00","og_image":[{"width":1000,"height":1000,"url":"https:\/\/gr-100.com\/wp-content\/uploads\/2024\/05\/Epic-EVO-Pro-2023.jpg","type":"image\/jpeg"}],"twitter_card":"summary_large_image","twitter_misc":{"Tempo estimado de leitura":"2 minutos"},"schema":{"@context":"https:\/\/schema.org","@graph":[{"@type":"WebPage","@id":"https:\/\/gr-100.com\/pt-pt\/producto\/especializado-epic-evo-pro-2023\/","url":"https:\/\/gr-100.com\/pt-pt\/producto\/especializado-epic-evo-pro-2023\/","name":"Specialized \u00c9pico Evo Pro 2023 GR-100 Ofertas","isPartOf":{"@id":"https:\/\/gr-100.com\/#website"},"primaryImageOfPage":{"@id":"https:\/\/gr-100.com\/pt-pt\/producto\/especializado-epic-evo-pro-2023\/#primaryimage"},"image":{"@id":"https:\/\/gr-100.com\/pt-pt\/producto\/especializado-epic-evo-pro-2023\/#primaryimage"},"thumbnailUrl":"https:\/\/gr-100.com\/wp-content\/uploads\/2024\/05\/Epic-EVO-Pro-2023.jpg","datePublished":"2024-07-01T10:17:38+00:00","dateModified":"2025-12-18T14:44:55+00:00","description":"GR-100 Specialized. Melhores pre\u00e7os sem concorr\u00eancia. Solicite a sua oferta personalizada. Produto: Specialized Epic Evo Pro 2023","breadcrumb":{"@id":"https:\/\/gr-100.com\/pt-pt\/producto\/especializado-epic-evo-pro-2023\/#breadcrumb"},"inLanguage":"pt-PT","potentialAction":[{"@type":"ReadAction","target":["https:\/\/gr-100.com\/pt-pt\/producto\/especializado-epic-evo-pro-2023\/"]}]},{"@type":"ImageObject","inLanguage":"pt-PT","@id":"https:\/\/gr-100.com\/pt-pt\/producto\/especializado-epic-evo-pro-2023\/#primaryimage","url":"https:\/\/gr-100.com\/wp-content\/uploads\/2024\/05\/Epic-EVO-Pro-2023.jpg","contentUrl":"https:\/\/gr-100.com\/wp-content\/uploads\/2024\/05\/Epic-EVO-Pro-2023.jpg","width":1000,"height":1000},{"@type":"BreadcrumbList","@id":"https:\/\/gr-100.com\/pt-pt\/producto\/especializado-epic-evo-pro-2023\/#breadcrumb","itemListElement":[{"@type":"ListItem","position":1,"name":"Portada","item":"https:\/\/gr-100.com\/en\/"},{"@type":"ListItem","position":2,"name":"Productos","item":"https:\/\/gr-100.com\/?post_type=product"},{"@type":"ListItem","position":3,"name":"Specialized \u00c9pico Evo Pro 2023"}]},{"@type":"WebSite","@id":"https:\/\/gr-100.com\/#website","url":"https:\/\/gr-100.com\/","name":"Gr-100 Tienda de ciclismo Specialized","description":"GR-100 tenemos todas las gamas de bicicletas Specialized al mejor precio.","publisher":{"@id":"https:\/\/gr-100.com\/#organization"},"alternateName":"Gr-100 Bikes","potentialAction":[{"@type":"SearchAction","target":{"@type":"EntryPoint","urlTemplate":"https:\/\/gr-100.com\/?s={search_term_string}"},"query-input":{"@type":"PropertyValueSpecification","valueRequired":true,"valueName":"search_term_string"}}],"inLanguage":"pt-PT"},{"@type":"Organization","@id":"https:\/\/gr-100.com\/#organization","name":"Gr-100","url":"https:\/\/gr-100.com\/","logo":{"@type":"ImageObject","inLanguage":"pt-PT","@id":"https:\/\/gr-100.com\/#\/schema\/logo\/image\/","url":"https:\/\/gr-100.com\/wp-content\/uploads\/2023\/08\/logo-gr-100-bikes.png","contentUrl":"https:\/\/gr-100.com\/wp-content\/uploads\/2023\/08\/logo-gr-100-bikes.png","width":707,"height":284,"caption":"Gr-100"},"image":{"@id":"https:\/\/gr-100.com\/#\/schema\/logo\/image\/"},"sameAs":["https:\/\/www.facebook.com\/Gr100Bikes","https:\/\/www.instagram.com\/gr100bikes\/","https:\/\/www.tiktok.com\/@gr100bikes","https:\/\/twitter.com\/gr100mtbteam","https:\/\/www.youtube.com\/c\/GR100Specialized"]}]}},"_links":{"self":[{"href":"https:\/\/gr-100.com\/pt-pt\/wp-json\/wp\/v2\/product\/381311","targetHints":{"allow":["GET"]}}],"collection":[{"href":"https:\/\/gr-100.com\/pt-pt\/wp-json\/wp\/v2\/product"}],"about":[{"href":"https:\/\/gr-100.com\/pt-pt\/wp-json\/wp\/v2\/types\/product"}],"replies":[{"embeddable":true,"href":"https:\/\/gr-100.com\/pt-pt\/wp-json\/wp\/v2\/comments?post=381311"}],"wp:featuredmedia":[{"embeddable":true,"href":"https:\/\/gr-100.com\/pt-pt\/wp-json\/wp\/v2\/media\/300165"}],"wp:attachment":[{"href":"https:\/\/gr-100.com\/pt-pt\/wp-json\/wp\/v2\/media?parent=381311"}],"wp:term":[{"taxonomy":"product_brand","embeddable":true,"href":"https:\/\/gr-100.com\/pt-pt\/wp-json\/wp\/v2\/product_brand?post=381311"},{"taxonomy":"product_cat","embeddable":true,"href":"https:\/\/gr-100.com\/pt-pt\/wp-json\/wp\/v2\/product_cat?post=381311"},{"taxonomy":"product_tag","embeddable":true,"href":"https:\/\/gr-100.com\/pt-pt\/wp-json\/wp\/v2\/product_tag?post=381311"}],"curies":[{"name":"wp","href":"https:\/\/api.w.org\/{rel}","templated":true}]}}