{"id":381464,"date":"2024-07-01T11:22:14","date_gmt":"2024-07-01T11:22:14","guid":{"rendered":"https:\/\/gr-100.com\/producto\/especializado-evo-evo-comp-2022\/"},"modified":"2025-12-18T16:45:06","modified_gmt":"2025-12-18T14:45:06","slug":"especializado-evo-evo-comp-2022","status":"publish","type":"product","link":"https:\/\/gr-100.com\/pt-pt\/producto\/especializado-evo-evo-comp-2022\/","title":{"rendered":"Specialized \u00c9pico Evo Comp 2022"},"content":{"rendered":"<ul>\n<li>FACT FRAME<br \/>\n11m Full Carbon, Geometria XC Progressiva, Rider-First Engineered\u2122, BB roscado, espa\u00e7amento traseiro de 12x148mm, roteamento de cabos internos, 110mm de curso<\/li>\n<li>Rockshox SID Select FORK<br \/>\n, Carregador RL Damper, Debon Air, 15x110mm, 44mm offset, 120mm Travel<\/li>\n<li>RockShox Deluxe Select+ SHOCK<br \/>\n, Rx XC Tune, Duas Posi\u00e7\u00f5es, Rebound Adjust, 190x40mm<\/li>\n<li>SRAM G2 RS FREIO DIANTEIRO<br \/>\n, pin\u00e7a de 4 pist\u00f5es, disco hidr\u00e1ulico, rotorSRAM de 180mm<\/li>\n<li>SRAM G2 RS FREIO TRASEIRO<br \/>\n, pin\u00e7a de 4 pist\u00f5es, disco hidr\u00e1ulico, rotorSRAM de 180mm<\/li>\n<li>SRAM GX Eagle, derailleur<br \/>\nSRAM traseiro de 12 velocidades<\/li>\n<li>SRAM NX Eagle CHAIN<br \/>\nSRAM de 12 velocidades<\/li>\n<li>Pneus<br \/>\n de controle de solo, 2Bliss Ready, 29&#215;2.35&#8243;<\/li>\n<li>SRAM XG-1275 SPROCKET,<br \/>\n 12 VELOCIDADES, 10-52TSRAM<\/li>\n<li>Haste de liga STEM<br \/>\n, bra\u00e7adeira de 35mm, 60mm<\/li>\n<li>SADDLE<br \/>\nBody Geometry Power Sport, calhas de a\u00e7o<\/li>\n<li>SEATPOST<br \/>\nX-Fusion Manic, 30.9, 125\/150 Curso, 0mm de deslocamento<\/li>\n<li>Specialized<br \/>\n de liga especial, eleva\u00e7\u00e3o de 20mm, 35mm, 760mm de largura<\/li>\n<li>PLATOS<br \/>\n32T<\/li>\n<li>SRAM GX Eagle alavanca<br \/>\nSRAM de c\u00e2mbio de 12 velocidades<\/li>\n<li>CUBO DIANTEIRO<br \/>\nLiga, rolamentos de cartucho selados, eixo thru 15x110mm, 32h<\/li>\n<li>CUBO TRASEIRO<br \/>\nLiga, rolamentos de cartucho selados, eixo thru 148mmx12mm, 28h<\/li>\n<li>DT Ind\u00fastria Su\u00ed\u00e7a R\u00c1DIOS\n<\/li>\n<li>Specialized<br \/>\n Specialized 29, liga sem gancho, largura interna de 30 mm, pronto para tubo<\/li>\n<li>C\u00c2MERAS<br \/>\nStandard, v\u00e1lvula Presta<\/li>\n<li>SUPORTE INFERIOR SRAMSRAM<br \/>\n X1 Alloy Eagle, 12 velocidades<\/li>\n<li>SRAM DUB, BSA<br \/>\n 73mm, roscado<\/li>\n<li>Liga Especializada SADDLE<br \/>\nSpecialized , 34.9mm<\/li>\n<li>Specialized\n<\/li>\n<li>EXTRAS<br \/>\nSWAT EMT Ferramenta de montagem em gaiola<\/li>\n<li>FRENO<br \/>\nDisco<\/li>\n<li>DI\u00c2METRO 29&#8243;<\/li>\n<li>N\u00ba RODASTES 12V<\/li>\n<li>TIPO DE TRANSMISS\u00c3O<br \/>\nMec\u00e2nica<\/li>\n<li>N\u00ba PRATOS 1<\/li>\n<li>TIPO DE PNEU<br \/>\nSem c\u00e2mara de ar<\/li>\n<li>LARGURA DA<br \/>\nBARRA 35<\/li>\n<li>CURSO DE<br \/>\nSUSPENS\u00c3O 110<\/li>\n<li>TIPO DE<br \/>\nN\u00daCLEO XD<\/li>\n<li>TIPO DE DISCO<br \/>\n6T<\/li>\n<li>DI\u00c2METRO DO GUIADOR<br \/>\n35<\/li>\n<li>POST CONTA-gotas<br \/>\nSim<\/li>\n<li>LARGURA<br \/>\nDO CUBO 12x148mm Boost<\/li>\n<li>DI\u00c2METRO DO<br \/>\nDISCO 180mm<\/li>\n<\/ul>\n","protected":false},"excerpt":{"rendered":"<p>Leve, r\u00edgido, eficiente e divertido, mas focado no seu prop\u00f3sito.<\/p>\n","protected":false},"featured_media":299093,"comment_status":"closed","ping_status":"closed","template":"","meta":{"_acf_changed":false,"_et_pb_use_builder":"","_et_pb_old_content":"","_et_gb_content_width":"","inline_featured_image":false},"product_brand":[],"product_cat":[20,378],"product_tag":[],"class_list":{"0":"post-381464","1":"product","2":"type-product","3":"status-publish","4":"has-post-thumbnail","6":"product_cat-bicicletas-de-carretera","7":"product_cat-estrada","9":"first","10":"outofstock","11":"taxable","12":"shipping-taxable","13":"product-type-variable","14":"wvs-archive-product-wrapper"},"acf":[],"yoast_head":"<!-- This site is optimized with the Yoast SEO Premium plugin v26.7 (Yoast SEO v26.7) - https:\/\/yoast.com\/wordpress\/plugins\/seo\/ -->\n<title>Specialized \u00c9pico Evo Comp 2022<\/title>\n<meta name=\"description\" content=\"A bicicleta que o levar\u00e1 mais longe. Adquira o Specialized Epic Evo Comp 2022 na nossa loja online gr-100. Descubra-o agora!\" \/>\n<meta name=\"robots\" content=\"index, follow, max-snippet:-1, max-image-preview:large, max-video-preview:-1\" \/>\n<link rel=\"canonical\" href=\"https:\/\/gr-100.com\/pt-pt\/producto\/especializado-evo-evo-comp-2022\/\" \/>\n<meta property=\"og:locale\" content=\"pt_PT\" \/>\n<meta property=\"og:type\" content=\"article\" \/>\n<meta property=\"og:title\" content=\"Specialized \u00c9pico Evo Comp 2022\" \/>\n<meta property=\"og:description\" content=\"A bicicleta que o levar\u00e1 mais longe. Adquira o Specialized Epic Evo Comp 2022 na nossa loja online gr-100. Descubra-o agora!\" \/>\n<meta property=\"og:url\" content=\"https:\/\/gr-100.com\/pt-pt\/producto\/especializado-evo-evo-comp-2022\/\" \/>\n<meta property=\"og:site_name\" content=\"Gr-100 Tienda de ciclismo Specialized\" \/>\n<meta property=\"article:publisher\" content=\"https:\/\/www.facebook.com\/Gr100Bikes\" \/>\n<meta property=\"article:modified_time\" content=\"2025-12-18T14:45:06+00:00\" \/>\n<meta property=\"og:image\" content=\"https:\/\/gr-100.com\/wp-content\/uploads\/2024\/05\/desispecialized-epic-evo-co.jpg\" \/>\n\t<meta property=\"og:image:width\" content=\"1000\" \/>\n\t<meta property=\"og:image:height\" content=\"1000\" \/>\n\t<meta property=\"og:image:type\" content=\"image\/jpeg\" \/>\n<meta name=\"twitter:card\" content=\"summary_large_image\" \/>\n<meta name=\"twitter:label1\" content=\"Tempo estimado de leitura\" \/>\n\t<meta name=\"twitter:data1\" content=\"1 minuto\" \/>\n<script type=\"application\/ld+json\" class=\"yoast-schema-graph\">{\"@context\":\"https:\/\/schema.org\",\"@graph\":[{\"@type\":\"WebPage\",\"@id\":\"https:\/\/gr-100.com\/pt-pt\/producto\/especializado-evo-evo-comp-2022\/\",\"url\":\"https:\/\/gr-100.com\/pt-pt\/producto\/especializado-evo-evo-comp-2022\/\",\"name\":\"Specialized \u00c9pico Evo Comp 2022\",\"isPartOf\":{\"@id\":\"https:\/\/gr-100.com\/#website\"},\"primaryImageOfPage\":{\"@id\":\"https:\/\/gr-100.com\/pt-pt\/producto\/especializado-evo-evo-comp-2022\/#primaryimage\"},\"image\":{\"@id\":\"https:\/\/gr-100.com\/pt-pt\/producto\/especializado-evo-evo-comp-2022\/#primaryimage\"},\"thumbnailUrl\":\"https:\/\/gr-100.com\/wp-content\/uploads\/2024\/05\/desispecialized-epic-evo-co.jpg\",\"datePublished\":\"2024-07-01T11:22:14+00:00\",\"dateModified\":\"2025-12-18T14:45:06+00:00\",\"description\":\"A bicicleta que o levar\u00e1 mais longe. Adquira o Specialized Epic Evo Comp 2022 na nossa loja online gr-100. Descubra-o agora!\",\"breadcrumb\":{\"@id\":\"https:\/\/gr-100.com\/pt-pt\/producto\/especializado-evo-evo-comp-2022\/#breadcrumb\"},\"inLanguage\":\"pt-PT\",\"potentialAction\":[{\"@type\":\"ReadAction\",\"target\":[\"https:\/\/gr-100.com\/pt-pt\/producto\/especializado-evo-evo-comp-2022\/\"]}]},{\"@type\":\"ImageObject\",\"inLanguage\":\"pt-PT\",\"@id\":\"https:\/\/gr-100.com\/pt-pt\/producto\/especializado-evo-evo-comp-2022\/#primaryimage\",\"url\":\"https:\/\/gr-100.com\/wp-content\/uploads\/2024\/05\/desispecialized-epic-evo-co.jpg\",\"contentUrl\":\"https:\/\/gr-100.com\/wp-content\/uploads\/2024\/05\/desispecialized-epic-evo-co.jpg\",\"width\":1000,\"height\":1000},{\"@type\":\"BreadcrumbList\",\"@id\":\"https:\/\/gr-100.com\/pt-pt\/producto\/especializado-evo-evo-comp-2022\/#breadcrumb\",\"itemListElement\":[{\"@type\":\"ListItem\",\"position\":1,\"name\":\"Portada\",\"item\":\"https:\/\/gr-100.com\/en\/\"},{\"@type\":\"ListItem\",\"position\":2,\"name\":\"Productos\",\"item\":\"https:\/\/gr-100.com\/?post_type=product\"},{\"@type\":\"ListItem\",\"position\":3,\"name\":\"Specialized \u00c9pico Evo Comp 2022\"}]},{\"@type\":\"WebSite\",\"@id\":\"https:\/\/gr-100.com\/#website\",\"url\":\"https:\/\/gr-100.com\/\",\"name\":\"Gr-100 Tienda de ciclismo Specialized\",\"description\":\"GR-100 tenemos todas las gamas de bicicletas Specialized al mejor precio.\",\"publisher\":{\"@id\":\"https:\/\/gr-100.com\/#organization\"},\"alternateName\":\"Gr-100 Bikes\",\"potentialAction\":[{\"@type\":\"SearchAction\",\"target\":{\"@type\":\"EntryPoint\",\"urlTemplate\":\"https:\/\/gr-100.com\/?s={search_term_string}\"},\"query-input\":{\"@type\":\"PropertyValueSpecification\",\"valueRequired\":true,\"valueName\":\"search_term_string\"}}],\"inLanguage\":\"pt-PT\"},{\"@type\":\"Organization\",\"@id\":\"https:\/\/gr-100.com\/#organization\",\"name\":\"Gr-100\",\"url\":\"https:\/\/gr-100.com\/\",\"logo\":{\"@type\":\"ImageObject\",\"inLanguage\":\"pt-PT\",\"@id\":\"https:\/\/gr-100.com\/#\/schema\/logo\/image\/\",\"url\":\"https:\/\/gr-100.com\/wp-content\/uploads\/2023\/08\/logo-gr-100-bikes.png\",\"contentUrl\":\"https:\/\/gr-100.com\/wp-content\/uploads\/2023\/08\/logo-gr-100-bikes.png\",\"width\":707,\"height\":284,\"caption\":\"Gr-100\"},\"image\":{\"@id\":\"https:\/\/gr-100.com\/#\/schema\/logo\/image\/\"},\"sameAs\":[\"https:\/\/www.facebook.com\/Gr100Bikes\",\"https:\/\/www.instagram.com\/gr100bikes\/\",\"https:\/\/www.tiktok.com\/@gr100bikes\",\"https:\/\/twitter.com\/gr100mtbteam\",\"https:\/\/www.youtube.com\/c\/GR100Specialized\"]}]}<\/script>\n<!-- \/ Yoast SEO Premium plugin. -->","yoast_head_json":{"title":"Specialized \u00c9pico Evo Comp 2022","description":"A bicicleta que o levar\u00e1 mais longe. Adquira o Specialized Epic Evo Comp 2022 na nossa loja online gr-100. Descubra-o agora!","robots":{"index":"index","follow":"follow","max-snippet":"max-snippet:-1","max-image-preview":"max-image-preview:large","max-video-preview":"max-video-preview:-1"},"canonical":"https:\/\/gr-100.com\/pt-pt\/producto\/especializado-evo-evo-comp-2022\/","og_locale":"pt_PT","og_type":"article","og_title":"Specialized \u00c9pico Evo Comp 2022","og_description":"A bicicleta que o levar\u00e1 mais longe. Adquira o Specialized Epic Evo Comp 2022 na nossa loja online gr-100. Descubra-o agora!","og_url":"https:\/\/gr-100.com\/pt-pt\/producto\/especializado-evo-evo-comp-2022\/","og_site_name":"Gr-100 Tienda de ciclismo Specialized","article_publisher":"https:\/\/www.facebook.com\/Gr100Bikes","article_modified_time":"2025-12-18T14:45:06+00:00","og_image":[{"width":1000,"height":1000,"url":"https:\/\/gr-100.com\/wp-content\/uploads\/2024\/05\/desispecialized-epic-evo-co.jpg","type":"image\/jpeg"}],"twitter_card":"summary_large_image","twitter_misc":{"Tempo estimado de leitura":"1 minuto"},"schema":{"@context":"https:\/\/schema.org","@graph":[{"@type":"WebPage","@id":"https:\/\/gr-100.com\/pt-pt\/producto\/especializado-evo-evo-comp-2022\/","url":"https:\/\/gr-100.com\/pt-pt\/producto\/especializado-evo-evo-comp-2022\/","name":"Specialized \u00c9pico Evo Comp 2022","isPartOf":{"@id":"https:\/\/gr-100.com\/#website"},"primaryImageOfPage":{"@id":"https:\/\/gr-100.com\/pt-pt\/producto\/especializado-evo-evo-comp-2022\/#primaryimage"},"image":{"@id":"https:\/\/gr-100.com\/pt-pt\/producto\/especializado-evo-evo-comp-2022\/#primaryimage"},"thumbnailUrl":"https:\/\/gr-100.com\/wp-content\/uploads\/2024\/05\/desispecialized-epic-evo-co.jpg","datePublished":"2024-07-01T11:22:14+00:00","dateModified":"2025-12-18T14:45:06+00:00","description":"A bicicleta que o levar\u00e1 mais longe. Adquira o Specialized Epic Evo Comp 2022 na nossa loja online gr-100. Descubra-o agora!","breadcrumb":{"@id":"https:\/\/gr-100.com\/pt-pt\/producto\/especializado-evo-evo-comp-2022\/#breadcrumb"},"inLanguage":"pt-PT","potentialAction":[{"@type":"ReadAction","target":["https:\/\/gr-100.com\/pt-pt\/producto\/especializado-evo-evo-comp-2022\/"]}]},{"@type":"ImageObject","inLanguage":"pt-PT","@id":"https:\/\/gr-100.com\/pt-pt\/producto\/especializado-evo-evo-comp-2022\/#primaryimage","url":"https:\/\/gr-100.com\/wp-content\/uploads\/2024\/05\/desispecialized-epic-evo-co.jpg","contentUrl":"https:\/\/gr-100.com\/wp-content\/uploads\/2024\/05\/desispecialized-epic-evo-co.jpg","width":1000,"height":1000},{"@type":"BreadcrumbList","@id":"https:\/\/gr-100.com\/pt-pt\/producto\/especializado-evo-evo-comp-2022\/#breadcrumb","itemListElement":[{"@type":"ListItem","position":1,"name":"Portada","item":"https:\/\/gr-100.com\/en\/"},{"@type":"ListItem","position":2,"name":"Productos","item":"https:\/\/gr-100.com\/?post_type=product"},{"@type":"ListItem","position":3,"name":"Specialized \u00c9pico Evo Comp 2022"}]},{"@type":"WebSite","@id":"https:\/\/gr-100.com\/#website","url":"https:\/\/gr-100.com\/","name":"Gr-100 Tienda de ciclismo Specialized","description":"GR-100 tenemos todas las gamas de bicicletas Specialized al mejor precio.","publisher":{"@id":"https:\/\/gr-100.com\/#organization"},"alternateName":"Gr-100 Bikes","potentialAction":[{"@type":"SearchAction","target":{"@type":"EntryPoint","urlTemplate":"https:\/\/gr-100.com\/?s={search_term_string}"},"query-input":{"@type":"PropertyValueSpecification","valueRequired":true,"valueName":"search_term_string"}}],"inLanguage":"pt-PT"},{"@type":"Organization","@id":"https:\/\/gr-100.com\/#organization","name":"Gr-100","url":"https:\/\/gr-100.com\/","logo":{"@type":"ImageObject","inLanguage":"pt-PT","@id":"https:\/\/gr-100.com\/#\/schema\/logo\/image\/","url":"https:\/\/gr-100.com\/wp-content\/uploads\/2023\/08\/logo-gr-100-bikes.png","contentUrl":"https:\/\/gr-100.com\/wp-content\/uploads\/2023\/08\/logo-gr-100-bikes.png","width":707,"height":284,"caption":"Gr-100"},"image":{"@id":"https:\/\/gr-100.com\/#\/schema\/logo\/image\/"},"sameAs":["https:\/\/www.facebook.com\/Gr100Bikes","https:\/\/www.instagram.com\/gr100bikes\/","https:\/\/www.tiktok.com\/@gr100bikes","https:\/\/twitter.com\/gr100mtbteam","https:\/\/www.youtube.com\/c\/GR100Specialized"]}]}},"_links":{"self":[{"href":"https:\/\/gr-100.com\/pt-pt\/wp-json\/wp\/v2\/product\/381464","targetHints":{"allow":["GET"]}}],"collection":[{"href":"https:\/\/gr-100.com\/pt-pt\/wp-json\/wp\/v2\/product"}],"about":[{"href":"https:\/\/gr-100.com\/pt-pt\/wp-json\/wp\/v2\/types\/product"}],"replies":[{"embeddable":true,"href":"https:\/\/gr-100.com\/pt-pt\/wp-json\/wp\/v2\/comments?post=381464"}],"wp:featuredmedia":[{"embeddable":true,"href":"https:\/\/gr-100.com\/pt-pt\/wp-json\/wp\/v2\/media\/299093"}],"wp:attachment":[{"href":"https:\/\/gr-100.com\/pt-pt\/wp-json\/wp\/v2\/media?parent=381464"}],"wp:term":[{"taxonomy":"product_brand","embeddable":true,"href":"https:\/\/gr-100.com\/pt-pt\/wp-json\/wp\/v2\/product_brand?post=381464"},{"taxonomy":"product_cat","embeddable":true,"href":"https:\/\/gr-100.com\/pt-pt\/wp-json\/wp\/v2\/product_cat?post=381464"},{"taxonomy":"product_tag","embeddable":true,"href":"https:\/\/gr-100.com\/pt-pt\/wp-json\/wp\/v2\/product_tag?post=381464"}],"curies":[{"name":"wp","href":"https:\/\/api.w.org\/{rel}","templated":true}]}}