{"id":381480,"date":"2024-07-01T11:21:53","date_gmt":"2024-07-01T11:21:53","guid":{"rendered":"https:\/\/gr-100.com\/producto\/especialista-epic-evo-expert-2022\/"},"modified":"2025-09-22T15:51:07","modified_gmt":"2025-09-22T13:51:07","slug":"especialista-epic-evo-expert-2022","status":"publish","type":"product","link":"https:\/\/gr-100.com\/pt-pt\/producto\/especialista-epic-evo-expert-2022\/","title":{"rendered":"Specialized Epic Evo Expert 2022"},"content":{"rendered":"<p><iframe title=\"SPECIALIZED EPIC EVO EXPERT 2022\" width=\"500\" height=\"281\" src=\"https:\/\/www.youtube.com\/embed\/gaGPqbTcG8E?feature=oembed\"  allow=\"accelerometer; autoplay; clipboard-write; encrypted-media; gyroscope; picture-in-picture; web-share\" referrerpolicy=\"strict-origin-when-cross-origin\" allowfullscreen><\/iframe><\/p>\n<ul>\n<li>FACTO 11m Full Carbon FRAME, Geometria XC Progressiva, Rider-First Engineered\u2122, suporte inferior roscado, folga traseira de 12x148mm, roteamento de cabos interno, curso de 110mm<\/li>\n<li>SWAT SWAT EMT Ferramenta de montagem em gaiola<\/li>\n<li>RockShox SID LUXE Select+, Rx XC Tune, Duas Posi\u00e7\u00f5es, Ajuste de Rebote, 190x40mm<\/li>\n<li>Rockshox SID Select+ FORK, Carregador 2 RL Amortecedor, Debon Air, 15x110mm, 44mm offset, 120mm Travel Alloy Power<\/li>\n<li>STEM Trail, 35mm de di\u00e2metro do guiador<\/li>\n<li>FITA DE GUIADOR Pegas especializadas em trilhos<\/li>\n<li>Body Geometry Power Sport SADDLE, trilhos de a\u00e7o de alum\u00ednio especializados<\/li>\n<li>GUIADOR, 20 mm de altura, 35 mm, 760 mm de largura<\/li>\n<li>SRAM G2 SRAM RS FREIO DIANTEIRO, pin\u00e7a de 4 pist\u00f5es, disco hidr\u00e1ulico, disco de 180 mm<\/li>\n<li>SRAM G2 SRAM RS FREIO TRASEIRO, pin\u00e7a de 4 pist\u00f5es, disco hidr\u00e1ulico, disco de 180 mm<\/li>\n<li>Sram X01 Eagle REAR DERAILLEUR, 12 velocidades<\/li>\n<li>SRAM X01 Eagle SHIFTER, gatilho, 12 velocidades<\/li>\n<li>SRAM XG-1275 CASSETTE, 12 velocidades, 10-52t<\/li>\n<li>Corrente de 12 velocidades SRAM SRAM GX Eagle<\/li>\n<li>SRAM X1 Eagle, DUB, 165\/170\/175mm, 32t<\/li>\n<li>32T SRAM DUB SUPORTE INFERIOR, BSA 73mm, roscado<\/li>\n<li>Roval Control SL RIMS, design de compensa\u00e7\u00e3o de carbono, largura interna de 29mm, largura do gancho de 4mm, pronto para tubeless, 28h<\/li>\n<li>DT Swiss 350 CUBO DIANTEIRO, 6 parafusos, eixo thru de 15mm, espa\u00e7amento de 110mm, tra\u00e7\u00e3o direta de 28h<\/li>\n<li>DT SWISS 350 CUBO TRASEIRO DE TRA\u00c7\u00c3O RETA, 6 parafusos, DT Swiss Ratchet EXP, eixo thru de 12x148mm, carro\u00e7aria de roda livre XD, tra\u00e7\u00e3o direta de 28 raios<\/li>\n<li>DT Swiss Comp Race RAIOS<\/li>\n<li>PNEU DIANTEIRO Controle de Terra Specialized, Caixa de Controle, Composto T5, 29&#215;2.35<\/li>\n<li>TERRA DO PNEU TRASEIRO Controle Specialized, caixa de controle, composto T5, 29&#215;2.35 TUBOS padr\u00e3o, v\u00e1lvula presta<\/li>\n<li>SEATPOST X-Fusion Manic, 30.9, 100\/125\/150 Curso, 0mm offset ABRAZ.<br \/>\n Specialized SADDLE, 34.9mm <\/li>\n<\/ul>\n","protected":false},"excerpt":{"rendered":"<p>Epic EVO Expert, com tudo o que precisa para entrar e sair, a combina\u00e7\u00e3o magistral de geometria capaz e efici\u00eancia de pedalada focada para que nenhum piloto tenha de fazer a escolha entre ir r\u00e1pido e divertir-se.<\/p>\n","protected":false},"featured_media":402689,"comment_status":"closed","ping_status":"closed","template":"","meta":{"_acf_changed":false,"_et_pb_use_builder":"","_et_pb_old_content":"","_et_gb_content_width":"","inline_featured_image":false},"product_brand":[],"product_cat":[20,378],"product_tag":[],"class_list":{"0":"post-381480","1":"product","2":"type-product","3":"status-publish","4":"has-post-thumbnail","6":"product_cat-bicicletas-de-carretera","7":"product_cat-estrada","9":"first","10":"outofstock","11":"taxable","12":"shipping-taxable","13":"product-type-variable","14":"wvs-archive-product-wrapper"},"acf":[],"yoast_head":"<!-- This site is optimized with the Yoast SEO Premium plugin v26.7 (Yoast SEO v26.7) - https:\/\/yoast.com\/wordpress\/plugins\/seo\/ -->\n<title>Specialized Epic Evo Expert 2022 - GR-100<\/title>\n<meta name=\"description\" content=\"Specialized Epic Evo Expert 2022 em GR-100. Descubra a bicicleta perfeita para os trilhos mais exigentes. Compre online e viva a aventura.\" \/>\n<meta name=\"robots\" content=\"index, follow, max-snippet:-1, max-image-preview:large, max-video-preview:-1\" \/>\n<link rel=\"canonical\" href=\"https:\/\/gr-100.com\/pt-pt\/producto\/especialista-epic-evo-expert-2022\/\" \/>\n<meta property=\"og:locale\" content=\"pt_PT\" \/>\n<meta property=\"og:type\" content=\"article\" \/>\n<meta property=\"og:title\" content=\"Specialized Epic Evo Expert 2022\" \/>\n<meta property=\"og:description\" content=\"Specialized Epic Evo Expert 2022 em GR-100. Descubra a bicicleta perfeita para os trilhos mais exigentes. Compre online e viva a aventura.\" \/>\n<meta property=\"og:url\" content=\"https:\/\/gr-100.com\/pt-pt\/producto\/especialista-epic-evo-expert-2022\/\" \/>\n<meta property=\"og:site_name\" content=\"Gr-100 Tienda de ciclismo Specialized\" \/>\n<meta property=\"article:publisher\" content=\"https:\/\/www.facebook.com\/Gr100Bikes\" \/>\n<meta property=\"article:modified_time\" content=\"2025-09-22T13:51:07+00:00\" \/>\n<meta property=\"og:image\" content=\"https:\/\/gr-100.com\/wp-content\/uploads\/2024\/07\/Epic-Evo-Expert-2022.jpg\" \/>\n\t<meta property=\"og:image:width\" content=\"1000\" \/>\n\t<meta property=\"og:image:height\" content=\"1000\" \/>\n\t<meta property=\"og:image:type\" content=\"image\/jpeg\" \/>\n<meta name=\"twitter:card\" content=\"summary_large_image\" \/>\n<meta name=\"twitter:label1\" content=\"Tempo estimado de leitura\" \/>\n\t<meta name=\"twitter:data1\" content=\"1 minuto\" \/>\n<script type=\"application\/ld+json\" class=\"yoast-schema-graph\">{\"@context\":\"https:\/\/schema.org\",\"@graph\":[{\"@type\":\"WebPage\",\"@id\":\"https:\/\/gr-100.com\/pt-pt\/producto\/especialista-epic-evo-expert-2022\/\",\"url\":\"https:\/\/gr-100.com\/pt-pt\/producto\/especialista-epic-evo-expert-2022\/\",\"name\":\"Specialized Epic Evo Expert 2022 - GR-100\",\"isPartOf\":{\"@id\":\"https:\/\/gr-100.com\/#website\"},\"primaryImageOfPage\":{\"@id\":\"https:\/\/gr-100.com\/pt-pt\/producto\/especialista-epic-evo-expert-2022\/#primaryimage\"},\"image\":{\"@id\":\"https:\/\/gr-100.com\/pt-pt\/producto\/especialista-epic-evo-expert-2022\/#primaryimage\"},\"thumbnailUrl\":\"https:\/\/gr-100.com\/wp-content\/uploads\/2024\/07\/EPIC-EVO-EXPERT-oferta.jpg\",\"datePublished\":\"2024-07-01T11:21:53+00:00\",\"dateModified\":\"2025-09-22T13:51:07+00:00\",\"description\":\"Specialized Epic Evo Expert 2022 em GR-100. Descubra a bicicleta perfeita para os trilhos mais exigentes. Compre online e viva a aventura.\",\"breadcrumb\":{\"@id\":\"https:\/\/gr-100.com\/pt-pt\/producto\/especialista-epic-evo-expert-2022\/#breadcrumb\"},\"inLanguage\":\"pt-PT\",\"potentialAction\":[{\"@type\":\"ReadAction\",\"target\":[\"https:\/\/gr-100.com\/pt-pt\/producto\/especialista-epic-evo-expert-2022\/\"]}]},{\"@type\":\"ImageObject\",\"inLanguage\":\"pt-PT\",\"@id\":\"https:\/\/gr-100.com\/pt-pt\/producto\/especialista-epic-evo-expert-2022\/#primaryimage\",\"url\":\"https:\/\/gr-100.com\/wp-content\/uploads\/2024\/07\/EPIC-EVO-EXPERT-oferta.jpg\",\"contentUrl\":\"https:\/\/gr-100.com\/wp-content\/uploads\/2024\/07\/EPIC-EVO-EXPERT-oferta.jpg\",\"width\":1000,\"height\":1000},{\"@type\":\"BreadcrumbList\",\"@id\":\"https:\/\/gr-100.com\/pt-pt\/producto\/especialista-epic-evo-expert-2022\/#breadcrumb\",\"itemListElement\":[{\"@type\":\"ListItem\",\"position\":1,\"name\":\"Portada\",\"item\":\"https:\/\/gr-100.com\/en\/\"},{\"@type\":\"ListItem\",\"position\":2,\"name\":\"Productos\",\"item\":\"https:\/\/gr-100.com\/?post_type=product\"},{\"@type\":\"ListItem\",\"position\":3,\"name\":\"Specialized Epic Evo Expert 2022\"}]},{\"@type\":\"WebSite\",\"@id\":\"https:\/\/gr-100.com\/#website\",\"url\":\"https:\/\/gr-100.com\/\",\"name\":\"Gr-100 Tienda de ciclismo Specialized\",\"description\":\"GR-100 tenemos todas las gamas de bicicletas Specialized al mejor precio.\",\"publisher\":{\"@id\":\"https:\/\/gr-100.com\/#organization\"},\"alternateName\":\"Gr-100 Bikes\",\"potentialAction\":[{\"@type\":\"SearchAction\",\"target\":{\"@type\":\"EntryPoint\",\"urlTemplate\":\"https:\/\/gr-100.com\/?s={search_term_string}\"},\"query-input\":{\"@type\":\"PropertyValueSpecification\",\"valueRequired\":true,\"valueName\":\"search_term_string\"}}],\"inLanguage\":\"pt-PT\"},{\"@type\":\"Organization\",\"@id\":\"https:\/\/gr-100.com\/#organization\",\"name\":\"Gr-100\",\"url\":\"https:\/\/gr-100.com\/\",\"logo\":{\"@type\":\"ImageObject\",\"inLanguage\":\"pt-PT\",\"@id\":\"https:\/\/gr-100.com\/#\/schema\/logo\/image\/\",\"url\":\"https:\/\/gr-100.com\/wp-content\/uploads\/2023\/08\/logo-gr-100-bikes.png\",\"contentUrl\":\"https:\/\/gr-100.com\/wp-content\/uploads\/2023\/08\/logo-gr-100-bikes.png\",\"width\":707,\"height\":284,\"caption\":\"Gr-100\"},\"image\":{\"@id\":\"https:\/\/gr-100.com\/#\/schema\/logo\/image\/\"},\"sameAs\":[\"https:\/\/www.facebook.com\/Gr100Bikes\",\"https:\/\/www.instagram.com\/gr100bikes\/\",\"https:\/\/www.tiktok.com\/@gr100bikes\",\"https:\/\/twitter.com\/gr100mtbteam\",\"https:\/\/www.youtube.com\/c\/GR100Specialized\"]}]}<\/script>\n<!-- \/ Yoast SEO Premium plugin. -->","yoast_head_json":{"title":"Specialized Epic Evo Expert 2022 - GR-100","description":"Specialized Epic Evo Expert 2022 em GR-100. Descubra a bicicleta perfeita para os trilhos mais exigentes. Compre online e viva a aventura.","robots":{"index":"index","follow":"follow","max-snippet":"max-snippet:-1","max-image-preview":"max-image-preview:large","max-video-preview":"max-video-preview:-1"},"canonical":"https:\/\/gr-100.com\/pt-pt\/producto\/especialista-epic-evo-expert-2022\/","og_locale":"pt_PT","og_type":"article","og_title":"Specialized Epic Evo Expert 2022","og_description":"Specialized Epic Evo Expert 2022 em GR-100. Descubra a bicicleta perfeita para os trilhos mais exigentes. Compre online e viva a aventura.","og_url":"https:\/\/gr-100.com\/pt-pt\/producto\/especialista-epic-evo-expert-2022\/","og_site_name":"Gr-100 Tienda de ciclismo Specialized","article_publisher":"https:\/\/www.facebook.com\/Gr100Bikes","article_modified_time":"2025-09-22T13:51:07+00:00","og_image":[{"width":1000,"height":1000,"url":"https:\/\/gr-100.com\/wp-content\/uploads\/2024\/07\/Epic-Evo-Expert-2022.jpg","type":"image\/jpeg"}],"twitter_card":"summary_large_image","twitter_misc":{"Tempo estimado de leitura":"1 minuto"},"schema":{"@context":"https:\/\/schema.org","@graph":[{"@type":"WebPage","@id":"https:\/\/gr-100.com\/pt-pt\/producto\/especialista-epic-evo-expert-2022\/","url":"https:\/\/gr-100.com\/pt-pt\/producto\/especialista-epic-evo-expert-2022\/","name":"Specialized Epic Evo Expert 2022 - GR-100","isPartOf":{"@id":"https:\/\/gr-100.com\/#website"},"primaryImageOfPage":{"@id":"https:\/\/gr-100.com\/pt-pt\/producto\/especialista-epic-evo-expert-2022\/#primaryimage"},"image":{"@id":"https:\/\/gr-100.com\/pt-pt\/producto\/especialista-epic-evo-expert-2022\/#primaryimage"},"thumbnailUrl":"https:\/\/gr-100.com\/wp-content\/uploads\/2024\/07\/EPIC-EVO-EXPERT-oferta.jpg","datePublished":"2024-07-01T11:21:53+00:00","dateModified":"2025-09-22T13:51:07+00:00","description":"Specialized Epic Evo Expert 2022 em GR-100. Descubra a bicicleta perfeita para os trilhos mais exigentes. Compre online e viva a aventura.","breadcrumb":{"@id":"https:\/\/gr-100.com\/pt-pt\/producto\/especialista-epic-evo-expert-2022\/#breadcrumb"},"inLanguage":"pt-PT","potentialAction":[{"@type":"ReadAction","target":["https:\/\/gr-100.com\/pt-pt\/producto\/especialista-epic-evo-expert-2022\/"]}]},{"@type":"ImageObject","inLanguage":"pt-PT","@id":"https:\/\/gr-100.com\/pt-pt\/producto\/especialista-epic-evo-expert-2022\/#primaryimage","url":"https:\/\/gr-100.com\/wp-content\/uploads\/2024\/07\/EPIC-EVO-EXPERT-oferta.jpg","contentUrl":"https:\/\/gr-100.com\/wp-content\/uploads\/2024\/07\/EPIC-EVO-EXPERT-oferta.jpg","width":1000,"height":1000},{"@type":"BreadcrumbList","@id":"https:\/\/gr-100.com\/pt-pt\/producto\/especialista-epic-evo-expert-2022\/#breadcrumb","itemListElement":[{"@type":"ListItem","position":1,"name":"Portada","item":"https:\/\/gr-100.com\/en\/"},{"@type":"ListItem","position":2,"name":"Productos","item":"https:\/\/gr-100.com\/?post_type=product"},{"@type":"ListItem","position":3,"name":"Specialized Epic Evo Expert 2022"}]},{"@type":"WebSite","@id":"https:\/\/gr-100.com\/#website","url":"https:\/\/gr-100.com\/","name":"Gr-100 Tienda de ciclismo Specialized","description":"GR-100 tenemos todas las gamas de bicicletas Specialized al mejor precio.","publisher":{"@id":"https:\/\/gr-100.com\/#organization"},"alternateName":"Gr-100 Bikes","potentialAction":[{"@type":"SearchAction","target":{"@type":"EntryPoint","urlTemplate":"https:\/\/gr-100.com\/?s={search_term_string}"},"query-input":{"@type":"PropertyValueSpecification","valueRequired":true,"valueName":"search_term_string"}}],"inLanguage":"pt-PT"},{"@type":"Organization","@id":"https:\/\/gr-100.com\/#organization","name":"Gr-100","url":"https:\/\/gr-100.com\/","logo":{"@type":"ImageObject","inLanguage":"pt-PT","@id":"https:\/\/gr-100.com\/#\/schema\/logo\/image\/","url":"https:\/\/gr-100.com\/wp-content\/uploads\/2023\/08\/logo-gr-100-bikes.png","contentUrl":"https:\/\/gr-100.com\/wp-content\/uploads\/2023\/08\/logo-gr-100-bikes.png","width":707,"height":284,"caption":"Gr-100"},"image":{"@id":"https:\/\/gr-100.com\/#\/schema\/logo\/image\/"},"sameAs":["https:\/\/www.facebook.com\/Gr100Bikes","https:\/\/www.instagram.com\/gr100bikes\/","https:\/\/www.tiktok.com\/@gr100bikes","https:\/\/twitter.com\/gr100mtbteam","https:\/\/www.youtube.com\/c\/GR100Specialized"]}]}},"_links":{"self":[{"href":"https:\/\/gr-100.com\/pt-pt\/wp-json\/wp\/v2\/product\/381480","targetHints":{"allow":["GET"]}}],"collection":[{"href":"https:\/\/gr-100.com\/pt-pt\/wp-json\/wp\/v2\/product"}],"about":[{"href":"https:\/\/gr-100.com\/pt-pt\/wp-json\/wp\/v2\/types\/product"}],"replies":[{"embeddable":true,"href":"https:\/\/gr-100.com\/pt-pt\/wp-json\/wp\/v2\/comments?post=381480"}],"wp:featuredmedia":[{"embeddable":true,"href":"https:\/\/gr-100.com\/pt-pt\/wp-json\/wp\/v2\/media\/402689"}],"wp:attachment":[{"href":"https:\/\/gr-100.com\/pt-pt\/wp-json\/wp\/v2\/media?parent=381480"}],"wp:term":[{"taxonomy":"product_brand","embeddable":true,"href":"https:\/\/gr-100.com\/pt-pt\/wp-json\/wp\/v2\/product_brand?post=381480"},{"taxonomy":"product_cat","embeddable":true,"href":"https:\/\/gr-100.com\/pt-pt\/wp-json\/wp\/v2\/product_cat?post=381480"},{"taxonomy":"product_tag","embeddable":true,"href":"https:\/\/gr-100.com\/pt-pt\/wp-json\/wp\/v2\/product_tag?post=381480"}],"curies":[{"name":"wp","href":"https:\/\/api.w.org\/{rel}","templated":true}]}}