{"id":381565,"date":"2024-07-01T11:14:27","date_gmt":"2024-07-01T09:14:27","guid":{"rendered":"https:\/\/gr-100.com\/producto\/conjunto-de-quadros-s-works-epico-especializado-2023\/"},"modified":"2025-12-06T22:47:33","modified_gmt":"2025-12-06T20:47:33","slug":"conjunto-de-quadros-s-works-epico-especializado-2023","status":"publish","type":"product","link":"https:\/\/gr-100.com\/pt-pt\/producto\/conjunto-de-quadros-s-works-epico-especializado-2023\/","title":{"rendered":"Conjunto de quadros S-Works \u00e9pico Specialized 2023"},"content":{"rendered":"<div class=\"SpecContainer__Container-fGfnkP ggxgrs\">\n<div>\n<div class=\"SpecContainer__ComponentContainer-gAIAQM cQaPhm\">\n<ul>\n<li class=\"TypographyTheme__StyledP-kHntqH SpecContainer__ComponentName-jJLVGE dyOIgm kIUkKG\">SWAT<\/li>\n<\/ul>\n<p class=\"TypographyTheme__StyledP-kHntqH SpecContainer__ComponentDescription-bIRTVZ dyOIgm kqbkhE\">Ferramenta de montagem em gaiola SWAT EMT, Ferramenta de corrente de tampa superior EMT<\/p>\n<ul>\n<li class=\"TypographyTheme__StyledP-kHntqH SpecContainer__ComponentDescription-bIRTVZ dyOIgm kqbkhE\">Garfo<\/li>\n<\/ul>\n<\/div>\n<\/div>\n<\/div>\n<div class=\"SpecContainer__Container-fGfnkP ggxgrs\">\n<div class=\"SpecContainer__ComponentContainer-gAIAQM cQaPhm\">\n<p class=\"TypographyTheme__StyledP-kHntqH SpecContainer__ComponentDescription-bIRTVZ dyOIgm kqbkhE\">RockShox SID SL ULTIMATE BRAIN, Amortecedor cerebral de ajuste superior, Debon Air, 15x110mm, 44mm offset, 100mm Travel<\/p>\n<\/div>\n<div class=\"SpecContainer__ComponentContainer-gAIAQM cQaPhm\">\n<ul>\n<li class=\"TypographyTheme__StyledP-kHntqH SpecContainer__ComponentName-jJLVGE dyOIgm kIUkKG\">Choque traseiro<\/li>\n<\/ul>\n<p class=\"TypographyTheme__StyledP-kHntqH SpecContainer__ComponentDescription-bIRTVZ dyOIgm kqbkhE\">RockShox-Specialized BRAIN, Rx XC Tune, 5 posi\u00e7\u00f5es Platform Adjust, Rebound Adjust, Integrated Extension, 265&#215;52.5mm<\/p>\n<\/div>\n<\/div>\n<div class=\"SpecContainer__Container-fGfnkP ggxgrs\">\n<div>\n<div class=\"SpecContainer__ComponentContainer-gAIAQM cQaPhm\">\n<ul>\n<li class=\"TypographyTheme__StyledP-kHntqH SpecContainer__ComponentName-jJLVGE dyOIgm kIUkKG\">Moldura<\/li>\n<\/ul>\n<p class=\"TypographyTheme__StyledP-kHntqH SpecContainer__ComponentDescription-bIRTVZ dyOIgm kqbkhE\">S-Works FACT 12m Carbon, Geometria de Corrida XC Progressiva, Rider-First Engineered\u2122, BB roscado, espa\u00e7amento traseiro de 12x148mm, roteamento de cabos internos, 100mm de curso<\/p>\n<\/div>\n<div class=\"SpecContainer__ComponentContainer-gAIAQM cQaPhm\">\n<ul>\n<li class=\"TypographyTheme__StyledP-kHntqH SpecContainer__ComponentName-jJLVGE dyOIgm kIUkKG\">Encaderna\u00e7\u00e3o de assentos<\/li>\n<\/ul>\n<p class=\"TypographyTheme__StyledP-kHntqH SpecContainer__ComponentDescription-bIRTVZ dyOIgm kqbkhE\">Liga Especializada 34.9, Parafuso de tit\u00e2nio<\/p>\n<\/div>\n<\/div>\n<\/div>\n<div class=\"SpecContainer__Container-fGfnkP ggxgrs\">\n<div>\n<div class=\"SpecContainer__ComponentContainer-gAIAQM cQaPhm\">\n<ul>\n<li class=\"TypographyTheme__StyledP-kHntqH SpecContainer__ComponentName-jJLVGE dyOIgm kIUkKG\">Poste de assento<\/li>\n<\/ul>\n<p class=\"TypographyTheme__StyledP-kHntqH SpecContainer__ComponentDescription-bIRTVZ dyOIgm kqbkhE\">S-Works FACT carbono, 10mm offset, 30.9mm<\/p>\n<\/div>\n<\/div>\n<\/div>\n","protected":false},"excerpt":{"rendered":"<p>O quadro Epic S-Works est\u00e1 aqui para voc\u00ea deixar seus gostos mais exigentes correrem soltos.<br \/>\nSuamos cada detalhe no design do quadro S-Works, desde um programa de design infinitamente refinado que reexaminou cada \u00faltima camada de carbono FACT 12m para otimizar a economia de peso e a din\u00e2mica de condu\u00e7\u00e3o, at\u00e9 a liga\u00e7\u00e3o de carbono para reduzir o peso, tudo para que voc\u00ea possa se concentrar no resto, sabendo que voc\u00ea est\u00e1 come\u00e7ando com a tela mais eficiente do mundo.<br \/>\nUm c\u00e9rebro mais inteligente Em termos de forma, o mais recente Epic continua a tradi\u00e7\u00e3o, aproveitando a suspens\u00e3o Brain mais eficiente que cri\u00e1mos para garantir que est\u00e1 sempre associada \u00e0 palavra velocidade.<br \/>\nRedesenhado em conjunto com o novo Epic, o design mais recente da BRAIN redefine a expectativa de efici\u00eancia, empregando uma nova plataforma de pedaladas ajustada para garantir que cada watt seja transferido, absorvendo facilmente a in\u00e9rcia adquirida, da forma mais suave poss\u00edvel.<br \/>\nNovo quadro Redesenhado com foco na transfer\u00eancia de pot\u00eancia eficiente e no manuseio mais seguro, o novo quadro em carbono da Epic apresenta um bra\u00e7o oscilante mais r\u00edgido para aproveitar ao m\u00e1ximo o novo BRAIN, enquanto o novo design de carbono do tri\u00e2ngulo dianteiro remove o peso, tornando a j\u00e1 muito alta rela\u00e7\u00e3o rigidez\/peso do Epic ainda maior.<br \/>\nPerfeitamente compat\u00edvel com o sistema BRAIN do quadro, o garfo do S-Works Epic beneficia do mais recente chassis SID Ulitmate SL da RockShox para uma rigidez de qualidade que mant\u00e9m a contagem de gramas ao m\u00ednimo.<\/p>\n","protected":false},"featured_media":298783,"comment_status":"closed","ping_status":"closed","template":"","meta":{"_acf_changed":false,"_et_pb_use_builder":"","_et_pb_old_content":"","_et_gb_content_width":"","inline_featured_image":false},"product_brand":[],"product_cat":[2459,402,2483,2696],"product_tag":[],"class_list":{"0":"post-381565","1":"product","2":"type-product","3":"status-publish","4":"has-post-thumbnail","6":"product_cat-bicicletas-pt-pt-2","7":"product_cat-montanha","8":"product_cat-bicicletas-especializadas","9":"product_cat-ofertas-especializadas","10":"product_shipping_class-bicicletas-pt-pt","12":"first","13":"outofstock","14":"taxable","15":"shipping-taxable","16":"product-type-variable","17":"wvs-archive-product-wrapper"},"acf":[],"yoast_head":"<!-- This site is optimized with the Yoast SEO Premium plugin v26.7 (Yoast SEO v26.7) - https:\/\/yoast.com\/wordpress\/plugins\/seo\/ -->\n<title>Conjunto de quadros S-Works \u00e9pico Specialized 2023<\/title>\n<meta name=\"description\" content=\"Obtenha o m\u00e1ximo desempenho na sua moto com o Specialized Epic S-Works Frameset 2023. Adquira-o na nossa loja online!\" \/>\n<meta name=\"robots\" content=\"index, follow, max-snippet:-1, max-image-preview:large, max-video-preview:-1\" \/>\n<link rel=\"canonical\" href=\"https:\/\/gr-100.com\/pt-pt\/producto\/conjunto-de-quadros-s-works-epico-especializado-2023\/\" \/>\n<meta property=\"og:locale\" content=\"pt_PT\" \/>\n<meta property=\"og:type\" content=\"article\" \/>\n<meta property=\"og:title\" content=\"Conjunto de quadros S-Works \u00e9pico Specialized 2023\" \/>\n<meta property=\"og:description\" content=\"Obtenha o m\u00e1ximo desempenho na sua moto com o Specialized Epic S-Works Frameset 2023. Adquira-o na nossa loja online!\" \/>\n<meta property=\"og:url\" content=\"https:\/\/gr-100.com\/pt-pt\/producto\/conjunto-de-quadros-s-works-epico-especializado-2023\/\" \/>\n<meta property=\"og:site_name\" content=\"Gr-100 Tienda de ciclismo Specialized\" \/>\n<meta property=\"article:publisher\" content=\"https:\/\/www.facebook.com\/Gr100Bikes\" \/>\n<meta property=\"article:modified_time\" content=\"2025-12-06T20:47:33+00:00\" \/>\n<meta property=\"og:image\" content=\"https:\/\/gr-100.com\/wp-content\/uploads\/2024\/05\/1-70323-02_EPIC-SW-FRMSET-G.jpg\" \/>\n\t<meta property=\"og:image:width\" content=\"1000\" \/>\n\t<meta property=\"og:image:height\" content=\"1000\" \/>\n\t<meta property=\"og:image:type\" content=\"image\/jpeg\" \/>\n<meta name=\"twitter:card\" content=\"summary_large_image\" \/>\n<script type=\"application\/ld+json\" class=\"yoast-schema-graph\">{\"@context\":\"https:\/\/schema.org\",\"@graph\":[{\"@type\":\"WebPage\",\"@id\":\"https:\/\/gr-100.com\/pt-pt\/producto\/conjunto-de-quadros-s-works-epico-especializado-2023\/\",\"url\":\"https:\/\/gr-100.com\/pt-pt\/producto\/conjunto-de-quadros-s-works-epico-especializado-2023\/\",\"name\":\"Conjunto de quadros S-Works \u00e9pico Specialized 2023\",\"isPartOf\":{\"@id\":\"https:\/\/gr-100.com\/#website\"},\"primaryImageOfPage\":{\"@id\":\"https:\/\/gr-100.com\/pt-pt\/producto\/conjunto-de-quadros-s-works-epico-especializado-2023\/#primaryimage\"},\"image\":{\"@id\":\"https:\/\/gr-100.com\/pt-pt\/producto\/conjunto-de-quadros-s-works-epico-especializado-2023\/#primaryimage\"},\"thumbnailUrl\":\"https:\/\/gr-100.com\/wp-content\/uploads\/2024\/05\/1-70323-02_EPIC-SW-FRMSET-G.jpg\",\"datePublished\":\"2024-07-01T09:14:27+00:00\",\"dateModified\":\"2025-12-06T20:47:33+00:00\",\"description\":\"Obtenha o m\u00e1ximo desempenho na sua moto com o Specialized Epic S-Works Frameset 2023. Adquira-o na nossa loja online!\",\"breadcrumb\":{\"@id\":\"https:\/\/gr-100.com\/pt-pt\/producto\/conjunto-de-quadros-s-works-epico-especializado-2023\/#breadcrumb\"},\"inLanguage\":\"pt-PT\",\"potentialAction\":[{\"@type\":\"ReadAction\",\"target\":[\"https:\/\/gr-100.com\/pt-pt\/producto\/conjunto-de-quadros-s-works-epico-especializado-2023\/\"]}]},{\"@type\":\"ImageObject\",\"inLanguage\":\"pt-PT\",\"@id\":\"https:\/\/gr-100.com\/pt-pt\/producto\/conjunto-de-quadros-s-works-epico-especializado-2023\/#primaryimage\",\"url\":\"https:\/\/gr-100.com\/wp-content\/uploads\/2024\/05\/1-70323-02_EPIC-SW-FRMSET-G.jpg\",\"contentUrl\":\"https:\/\/gr-100.com\/wp-content\/uploads\/2024\/05\/1-70323-02_EPIC-SW-FRMSET-G.jpg\",\"width\":1000,\"height\":1000},{\"@type\":\"BreadcrumbList\",\"@id\":\"https:\/\/gr-100.com\/pt-pt\/producto\/conjunto-de-quadros-s-works-epico-especializado-2023\/#breadcrumb\",\"itemListElement\":[{\"@type\":\"ListItem\",\"position\":1,\"name\":\"Portada\",\"item\":\"https:\/\/gr-100.com\/en\/\"},{\"@type\":\"ListItem\",\"position\":2,\"name\":\"Productos\",\"item\":\"https:\/\/gr-100.com\/?post_type=product\"},{\"@type\":\"ListItem\",\"position\":3,\"name\":\"Conjunto de quadros S-Works \u00e9pico Specialized 2023\"}]},{\"@type\":\"WebSite\",\"@id\":\"https:\/\/gr-100.com\/#website\",\"url\":\"https:\/\/gr-100.com\/\",\"name\":\"Gr-100 Tienda de ciclismo Specialized\",\"description\":\"GR-100 tenemos todas las gamas de bicicletas Specialized al mejor precio.\",\"publisher\":{\"@id\":\"https:\/\/gr-100.com\/#organization\"},\"alternateName\":\"Gr-100 Bikes\",\"potentialAction\":[{\"@type\":\"SearchAction\",\"target\":{\"@type\":\"EntryPoint\",\"urlTemplate\":\"https:\/\/gr-100.com\/?s={search_term_string}\"},\"query-input\":{\"@type\":\"PropertyValueSpecification\",\"valueRequired\":true,\"valueName\":\"search_term_string\"}}],\"inLanguage\":\"pt-PT\"},{\"@type\":\"Organization\",\"@id\":\"https:\/\/gr-100.com\/#organization\",\"name\":\"Gr-100\",\"url\":\"https:\/\/gr-100.com\/\",\"logo\":{\"@type\":\"ImageObject\",\"inLanguage\":\"pt-PT\",\"@id\":\"https:\/\/gr-100.com\/#\/schema\/logo\/image\/\",\"url\":\"https:\/\/gr-100.com\/wp-content\/uploads\/2023\/08\/logo-gr-100-bikes.png\",\"contentUrl\":\"https:\/\/gr-100.com\/wp-content\/uploads\/2023\/08\/logo-gr-100-bikes.png\",\"width\":707,\"height\":284,\"caption\":\"Gr-100\"},\"image\":{\"@id\":\"https:\/\/gr-100.com\/#\/schema\/logo\/image\/\"},\"sameAs\":[\"https:\/\/www.facebook.com\/Gr100Bikes\",\"https:\/\/www.instagram.com\/gr100bikes\/\",\"https:\/\/www.tiktok.com\/@gr100bikes\",\"https:\/\/twitter.com\/gr100mtbteam\",\"https:\/\/www.youtube.com\/c\/GR100Specialized\"]}]}<\/script>\n<!-- \/ Yoast SEO Premium plugin. -->","yoast_head_json":{"title":"Conjunto de quadros S-Works \u00e9pico Specialized 2023","description":"Obtenha o m\u00e1ximo desempenho na sua moto com o Specialized Epic S-Works Frameset 2023. Adquira-o na nossa loja online!","robots":{"index":"index","follow":"follow","max-snippet":"max-snippet:-1","max-image-preview":"max-image-preview:large","max-video-preview":"max-video-preview:-1"},"canonical":"https:\/\/gr-100.com\/pt-pt\/producto\/conjunto-de-quadros-s-works-epico-especializado-2023\/","og_locale":"pt_PT","og_type":"article","og_title":"Conjunto de quadros S-Works \u00e9pico Specialized 2023","og_description":"Obtenha o m\u00e1ximo desempenho na sua moto com o Specialized Epic S-Works Frameset 2023. Adquira-o na nossa loja online!","og_url":"https:\/\/gr-100.com\/pt-pt\/producto\/conjunto-de-quadros-s-works-epico-especializado-2023\/","og_site_name":"Gr-100 Tienda de ciclismo Specialized","article_publisher":"https:\/\/www.facebook.com\/Gr100Bikes","article_modified_time":"2025-12-06T20:47:33+00:00","og_image":[{"width":1000,"height":1000,"url":"https:\/\/gr-100.com\/wp-content\/uploads\/2024\/05\/1-70323-02_EPIC-SW-FRMSET-G.jpg","type":"image\/jpeg"}],"twitter_card":"summary_large_image","schema":{"@context":"https:\/\/schema.org","@graph":[{"@type":"WebPage","@id":"https:\/\/gr-100.com\/pt-pt\/producto\/conjunto-de-quadros-s-works-epico-especializado-2023\/","url":"https:\/\/gr-100.com\/pt-pt\/producto\/conjunto-de-quadros-s-works-epico-especializado-2023\/","name":"Conjunto de quadros S-Works \u00e9pico Specialized 2023","isPartOf":{"@id":"https:\/\/gr-100.com\/#website"},"primaryImageOfPage":{"@id":"https:\/\/gr-100.com\/pt-pt\/producto\/conjunto-de-quadros-s-works-epico-especializado-2023\/#primaryimage"},"image":{"@id":"https:\/\/gr-100.com\/pt-pt\/producto\/conjunto-de-quadros-s-works-epico-especializado-2023\/#primaryimage"},"thumbnailUrl":"https:\/\/gr-100.com\/wp-content\/uploads\/2024\/05\/1-70323-02_EPIC-SW-FRMSET-G.jpg","datePublished":"2024-07-01T09:14:27+00:00","dateModified":"2025-12-06T20:47:33+00:00","description":"Obtenha o m\u00e1ximo desempenho na sua moto com o Specialized Epic S-Works Frameset 2023. Adquira-o na nossa loja online!","breadcrumb":{"@id":"https:\/\/gr-100.com\/pt-pt\/producto\/conjunto-de-quadros-s-works-epico-especializado-2023\/#breadcrumb"},"inLanguage":"pt-PT","potentialAction":[{"@type":"ReadAction","target":["https:\/\/gr-100.com\/pt-pt\/producto\/conjunto-de-quadros-s-works-epico-especializado-2023\/"]}]},{"@type":"ImageObject","inLanguage":"pt-PT","@id":"https:\/\/gr-100.com\/pt-pt\/producto\/conjunto-de-quadros-s-works-epico-especializado-2023\/#primaryimage","url":"https:\/\/gr-100.com\/wp-content\/uploads\/2024\/05\/1-70323-02_EPIC-SW-FRMSET-G.jpg","contentUrl":"https:\/\/gr-100.com\/wp-content\/uploads\/2024\/05\/1-70323-02_EPIC-SW-FRMSET-G.jpg","width":1000,"height":1000},{"@type":"BreadcrumbList","@id":"https:\/\/gr-100.com\/pt-pt\/producto\/conjunto-de-quadros-s-works-epico-especializado-2023\/#breadcrumb","itemListElement":[{"@type":"ListItem","position":1,"name":"Portada","item":"https:\/\/gr-100.com\/en\/"},{"@type":"ListItem","position":2,"name":"Productos","item":"https:\/\/gr-100.com\/?post_type=product"},{"@type":"ListItem","position":3,"name":"Conjunto de quadros S-Works \u00e9pico Specialized 2023"}]},{"@type":"WebSite","@id":"https:\/\/gr-100.com\/#website","url":"https:\/\/gr-100.com\/","name":"Gr-100 Tienda de ciclismo Specialized","description":"GR-100 tenemos todas las gamas de bicicletas Specialized al mejor precio.","publisher":{"@id":"https:\/\/gr-100.com\/#organization"},"alternateName":"Gr-100 Bikes","potentialAction":[{"@type":"SearchAction","target":{"@type":"EntryPoint","urlTemplate":"https:\/\/gr-100.com\/?s={search_term_string}"},"query-input":{"@type":"PropertyValueSpecification","valueRequired":true,"valueName":"search_term_string"}}],"inLanguage":"pt-PT"},{"@type":"Organization","@id":"https:\/\/gr-100.com\/#organization","name":"Gr-100","url":"https:\/\/gr-100.com\/","logo":{"@type":"ImageObject","inLanguage":"pt-PT","@id":"https:\/\/gr-100.com\/#\/schema\/logo\/image\/","url":"https:\/\/gr-100.com\/wp-content\/uploads\/2023\/08\/logo-gr-100-bikes.png","contentUrl":"https:\/\/gr-100.com\/wp-content\/uploads\/2023\/08\/logo-gr-100-bikes.png","width":707,"height":284,"caption":"Gr-100"},"image":{"@id":"https:\/\/gr-100.com\/#\/schema\/logo\/image\/"},"sameAs":["https:\/\/www.facebook.com\/Gr100Bikes","https:\/\/www.instagram.com\/gr100bikes\/","https:\/\/www.tiktok.com\/@gr100bikes","https:\/\/twitter.com\/gr100mtbteam","https:\/\/www.youtube.com\/c\/GR100Specialized"]}]}},"_links":{"self":[{"href":"https:\/\/gr-100.com\/pt-pt\/wp-json\/wp\/v2\/product\/381565","targetHints":{"allow":["GET"]}}],"collection":[{"href":"https:\/\/gr-100.com\/pt-pt\/wp-json\/wp\/v2\/product"}],"about":[{"href":"https:\/\/gr-100.com\/pt-pt\/wp-json\/wp\/v2\/types\/product"}],"replies":[{"embeddable":true,"href":"https:\/\/gr-100.com\/pt-pt\/wp-json\/wp\/v2\/comments?post=381565"}],"wp:featuredmedia":[{"embeddable":true,"href":"https:\/\/gr-100.com\/pt-pt\/wp-json\/wp\/v2\/media\/298783"}],"wp:attachment":[{"href":"https:\/\/gr-100.com\/pt-pt\/wp-json\/wp\/v2\/media?parent=381565"}],"wp:term":[{"taxonomy":"product_brand","embeddable":true,"href":"https:\/\/gr-100.com\/pt-pt\/wp-json\/wp\/v2\/product_brand?post=381565"},{"taxonomy":"product_cat","embeddable":true,"href":"https:\/\/gr-100.com\/pt-pt\/wp-json\/wp\/v2\/product_cat?post=381565"},{"taxonomy":"product_tag","embeddable":true,"href":"https:\/\/gr-100.com\/pt-pt\/wp-json\/wp\/v2\/product_tag?post=381565"}],"curies":[{"name":"wp","href":"https:\/\/api.w.org\/{rel}","templated":true}]}}