{"id":381690,"date":"2024-07-01T10:21:47","date_gmt":"2024-07-01T10:21:47","guid":{"rendered":"https:\/\/gr-100.com\/producto\/megamo-faixa-10-ltd-22\/"},"modified":"2025-11-26T16:31:26","modified_gmt":"2025-11-26T14:31:26","slug":"megamo-faixa-10-ltd-22","status":"publish","type":"product","link":"https:\/\/gr-100.com\/pt-pt\/producto\/megamo-faixa-10-ltd-22\/","title":{"rendered":"Megamo Faixa 10 LTD (22)"},"content":{"rendered":"<p><iframe src=\"https:\/\/www.youtube.com\/embed\/DvRdr0yrjTM\" width=\"560\" height=\"315\" frameborder=\"0\" allowfullscreen=\"allowfullscreen\"><\/iframe><\/p>\n<ul>\n<li>Conjunto de imagens<\/li>\n<li>Quadro 29 TRACK FS Full Carbon Construction FSC Technology BB92 Carbon Swingarm Boost 12x148mm Curso 100mm<\/li>\n<li>Fox 32 Rhythm Fork, Bloqueio remoto duplo, 15&#215;110 Boost, Curso 100mm<\/li>\n<li>Fox Float Performance Amortecedor Elite, Bloqueio Remoto, Evol LV Megamo Custom Reb. Adj. Curso 100 Lockout 165x38mm<\/li>\n<li>FSA 1-1\/8 1-1\/2*1.5 Fone de ouvido c\u00f4nico<\/li>\n<li>Transmiss\u00e3o<\/li>\n<li>Sram SX Eagle 12s Derailleur traseiro<\/li>\n<li>Alavancas de engrenagens Sram SX Eagle 12s<\/li>\n<li>Sram SX Eagle 12s 32t Chainring<\/li>\n<li>Sram SX Eagle 12s Roda dentada<\/li>\n<li>Trav\u00f5es<\/li>\n<li>Shimano MT-500 Conjunto de freio a disco hidr\u00e1ulico<\/li>\n<li>Rodas<\/li>\n<li>Pneus Maxxis Rekon Race 29&#215;2.35 &#8211; Tubeless Ready, EXO, Dobr\u00e1vel, 120 TPI<\/li>\n<li>Cubos Boost 15&#215;110 \/ 12&#215;148 Boost<\/li>\n<li>Pronto GR 25 TR Rodas &#8211; 15&#215;110 \/ 12&#215;148 Boost<\/li>\n<li>Componentes<\/li>\n<li>Megamo Flat 720 Guiador<\/li>\n<li>Megamo Elite Stem Power<\/li>\n<li>Megamo Elite 31.6 espig\u00e3o<\/li>\n<li>Selle It\u00e1lia Modelo X Sela<\/li>\n<\/ul>\n","protected":false},"excerpt":{"rendered":"<p>Antes da chegada do novo quadro, prepar\u00e1mos uma s\u00e9rie de designs exclusivos que marcar\u00e3o o fim de uma etapa de uma moto t\u00e3o significativa para a marca como tem sido a Pista.<br \/>\nA raz\u00e3o pela qual o seu quadro e funcionamento continuam a evoluir tem a ver com o sucesso desta moto, a ferramenta perfeita para desfrutar de BTT.<br \/>\nDivers\u00e3o, leveza e rapidez: estas foram as premissas para conceber uma edi\u00e7\u00e3o limitada que mant\u00e9m as cores e formas de assinatura da marca e que conferem a esta moto o car\u00e1cter que merece.  <\/p>\n","protected":false},"featured_media":0,"comment_status":"closed","ping_status":"closed","template":"","meta":{"_acf_changed":false,"_et_pb_use_builder":"","_et_pb_old_content":"","_et_gb_content_width":"","inline_featured_image":false},"product_brand":[],"product_cat":[20,378],"product_tag":[],"class_list":{"0":"post-381690","1":"product","2":"type-product","3":"status-publish","5":"product_cat-bicicletas-de-carretera","6":"product_cat-estrada","8":"first","9":"outofstock","10":"taxable","11":"shipping-taxable","12":"product-type-variable","13":"wvs-archive-product-wrapper"},"acf":[],"yoast_head":"<!-- This site is optimized with the Yoast SEO Premium plugin v26.7 (Yoast SEO v26.7) - https:\/\/yoast.com\/wordpress\/plugins\/seo\/ -->\n<title>Megamo Faixa 10 LTD (22)<\/title>\n<meta name=\"description\" content=\"GR 100 Especializado. Melhores pre\u00e7os sem concorr\u00eancia. Solicite a sua oferta personalizada. Produto: Megamo Track 10 LTD (22).\" \/>\n<meta name=\"robots\" content=\"index, follow, max-snippet:-1, max-image-preview:large, max-video-preview:-1\" \/>\n<link rel=\"canonical\" href=\"https:\/\/gr-100.com\/pt-pt\/producto\/megamo-faixa-10-ltd-22\/\" \/>\n<meta property=\"og:locale\" content=\"pt_PT\" \/>\n<meta property=\"og:type\" content=\"article\" \/>\n<meta property=\"og:title\" content=\"Megamo Faixa 10 LTD (22)\" \/>\n<meta property=\"og:description\" content=\"GR 100 Especializado. Melhores pre\u00e7os sem concorr\u00eancia. Solicite a sua oferta personalizada. Produto: Megamo Track 10 LTD (22).\" \/>\n<meta property=\"og:url\" content=\"https:\/\/gr-100.com\/pt-pt\/producto\/megamo-faixa-10-ltd-22\/\" \/>\n<meta property=\"og:site_name\" content=\"Gr-100 Tienda de ciclismo Specialized\" \/>\n<meta property=\"article:publisher\" content=\"https:\/\/www.facebook.com\/Gr100Bikes\" \/>\n<meta property=\"article:modified_time\" content=\"2025-11-26T14:31:26+00:00\" \/>\n<meta name=\"twitter:card\" content=\"summary_large_image\" \/>\n<meta name=\"twitter:label1\" content=\"Tempo estimado de leitura\" \/>\n\t<meta name=\"twitter:data1\" content=\"1 minuto\" \/>\n<script type=\"application\/ld+json\" class=\"yoast-schema-graph\">{\"@context\":\"https:\/\/schema.org\",\"@graph\":[{\"@type\":\"WebPage\",\"@id\":\"https:\/\/gr-100.com\/pt-pt\/producto\/megamo-faixa-10-ltd-22\/\",\"url\":\"https:\/\/gr-100.com\/pt-pt\/producto\/megamo-faixa-10-ltd-22\/\",\"name\":\"Megamo Faixa 10 LTD (22)\",\"isPartOf\":{\"@id\":\"https:\/\/gr-100.com\/#website\"},\"datePublished\":\"2024-07-01T10:21:47+00:00\",\"dateModified\":\"2025-11-26T14:31:26+00:00\",\"description\":\"GR 100 Especializado. Melhores pre\u00e7os sem concorr\u00eancia. Solicite a sua oferta personalizada. Produto: Megamo Track 10 LTD (22).\",\"breadcrumb\":{\"@id\":\"https:\/\/gr-100.com\/pt-pt\/producto\/megamo-faixa-10-ltd-22\/#breadcrumb\"},\"inLanguage\":\"pt-PT\",\"potentialAction\":[{\"@type\":\"ReadAction\",\"target\":[\"https:\/\/gr-100.com\/pt-pt\/producto\/megamo-faixa-10-ltd-22\/\"]}]},{\"@type\":\"BreadcrumbList\",\"@id\":\"https:\/\/gr-100.com\/pt-pt\/producto\/megamo-faixa-10-ltd-22\/#breadcrumb\",\"itemListElement\":[{\"@type\":\"ListItem\",\"position\":1,\"name\":\"Portada\",\"item\":\"https:\/\/gr-100.com\/en\/\"},{\"@type\":\"ListItem\",\"position\":2,\"name\":\"Productos\",\"item\":\"https:\/\/gr-100.com\/?post_type=product\"},{\"@type\":\"ListItem\",\"position\":3,\"name\":\"Megamo Faixa 10 LTD (22)\"}]},{\"@type\":\"WebSite\",\"@id\":\"https:\/\/gr-100.com\/#website\",\"url\":\"https:\/\/gr-100.com\/\",\"name\":\"Gr-100 Tienda de ciclismo Specialized\",\"description\":\"GR-100 tenemos todas las gamas de bicicletas Specialized al mejor precio.\",\"publisher\":{\"@id\":\"https:\/\/gr-100.com\/#organization\"},\"alternateName\":\"Gr-100 Bikes\",\"potentialAction\":[{\"@type\":\"SearchAction\",\"target\":{\"@type\":\"EntryPoint\",\"urlTemplate\":\"https:\/\/gr-100.com\/?s={search_term_string}\"},\"query-input\":{\"@type\":\"PropertyValueSpecification\",\"valueRequired\":true,\"valueName\":\"search_term_string\"}}],\"inLanguage\":\"pt-PT\"},{\"@type\":\"Organization\",\"@id\":\"https:\/\/gr-100.com\/#organization\",\"name\":\"Gr-100\",\"url\":\"https:\/\/gr-100.com\/\",\"logo\":{\"@type\":\"ImageObject\",\"inLanguage\":\"pt-PT\",\"@id\":\"https:\/\/gr-100.com\/#\/schema\/logo\/image\/\",\"url\":\"https:\/\/gr-100.com\/wp-content\/uploads\/2023\/08\/logo-gr-100-bikes.png\",\"contentUrl\":\"https:\/\/gr-100.com\/wp-content\/uploads\/2023\/08\/logo-gr-100-bikes.png\",\"width\":707,\"height\":284,\"caption\":\"Gr-100\"},\"image\":{\"@id\":\"https:\/\/gr-100.com\/#\/schema\/logo\/image\/\"},\"sameAs\":[\"https:\/\/www.facebook.com\/Gr100Bikes\",\"https:\/\/www.instagram.com\/gr100bikes\/\",\"https:\/\/www.tiktok.com\/@gr100bikes\",\"https:\/\/twitter.com\/gr100mtbteam\",\"https:\/\/www.youtube.com\/c\/GR100Specialized\"]}]}<\/script>\n<!-- \/ Yoast SEO Premium plugin. -->","yoast_head_json":{"title":"Megamo Faixa 10 LTD (22)","description":"GR 100 Especializado. Melhores pre\u00e7os sem concorr\u00eancia. Solicite a sua oferta personalizada. Produto: Megamo Track 10 LTD (22).","robots":{"index":"index","follow":"follow","max-snippet":"max-snippet:-1","max-image-preview":"max-image-preview:large","max-video-preview":"max-video-preview:-1"},"canonical":"https:\/\/gr-100.com\/pt-pt\/producto\/megamo-faixa-10-ltd-22\/","og_locale":"pt_PT","og_type":"article","og_title":"Megamo Faixa 10 LTD (22)","og_description":"GR 100 Especializado. Melhores pre\u00e7os sem concorr\u00eancia. Solicite a sua oferta personalizada. Produto: Megamo Track 10 LTD (22).","og_url":"https:\/\/gr-100.com\/pt-pt\/producto\/megamo-faixa-10-ltd-22\/","og_site_name":"Gr-100 Tienda de ciclismo Specialized","article_publisher":"https:\/\/www.facebook.com\/Gr100Bikes","article_modified_time":"2025-11-26T14:31:26+00:00","twitter_card":"summary_large_image","twitter_misc":{"Tempo estimado de leitura":"1 minuto"},"schema":{"@context":"https:\/\/schema.org","@graph":[{"@type":"WebPage","@id":"https:\/\/gr-100.com\/pt-pt\/producto\/megamo-faixa-10-ltd-22\/","url":"https:\/\/gr-100.com\/pt-pt\/producto\/megamo-faixa-10-ltd-22\/","name":"Megamo Faixa 10 LTD (22)","isPartOf":{"@id":"https:\/\/gr-100.com\/#website"},"datePublished":"2024-07-01T10:21:47+00:00","dateModified":"2025-11-26T14:31:26+00:00","description":"GR 100 Especializado. Melhores pre\u00e7os sem concorr\u00eancia. Solicite a sua oferta personalizada. Produto: Megamo Track 10 LTD (22).","breadcrumb":{"@id":"https:\/\/gr-100.com\/pt-pt\/producto\/megamo-faixa-10-ltd-22\/#breadcrumb"},"inLanguage":"pt-PT","potentialAction":[{"@type":"ReadAction","target":["https:\/\/gr-100.com\/pt-pt\/producto\/megamo-faixa-10-ltd-22\/"]}]},{"@type":"BreadcrumbList","@id":"https:\/\/gr-100.com\/pt-pt\/producto\/megamo-faixa-10-ltd-22\/#breadcrumb","itemListElement":[{"@type":"ListItem","position":1,"name":"Portada","item":"https:\/\/gr-100.com\/en\/"},{"@type":"ListItem","position":2,"name":"Productos","item":"https:\/\/gr-100.com\/?post_type=product"},{"@type":"ListItem","position":3,"name":"Megamo Faixa 10 LTD (22)"}]},{"@type":"WebSite","@id":"https:\/\/gr-100.com\/#website","url":"https:\/\/gr-100.com\/","name":"Gr-100 Tienda de ciclismo Specialized","description":"GR-100 tenemos todas las gamas de bicicletas Specialized al mejor precio.","publisher":{"@id":"https:\/\/gr-100.com\/#organization"},"alternateName":"Gr-100 Bikes","potentialAction":[{"@type":"SearchAction","target":{"@type":"EntryPoint","urlTemplate":"https:\/\/gr-100.com\/?s={search_term_string}"},"query-input":{"@type":"PropertyValueSpecification","valueRequired":true,"valueName":"search_term_string"}}],"inLanguage":"pt-PT"},{"@type":"Organization","@id":"https:\/\/gr-100.com\/#organization","name":"Gr-100","url":"https:\/\/gr-100.com\/","logo":{"@type":"ImageObject","inLanguage":"pt-PT","@id":"https:\/\/gr-100.com\/#\/schema\/logo\/image\/","url":"https:\/\/gr-100.com\/wp-content\/uploads\/2023\/08\/logo-gr-100-bikes.png","contentUrl":"https:\/\/gr-100.com\/wp-content\/uploads\/2023\/08\/logo-gr-100-bikes.png","width":707,"height":284,"caption":"Gr-100"},"image":{"@id":"https:\/\/gr-100.com\/#\/schema\/logo\/image\/"},"sameAs":["https:\/\/www.facebook.com\/Gr100Bikes","https:\/\/www.instagram.com\/gr100bikes\/","https:\/\/www.tiktok.com\/@gr100bikes","https:\/\/twitter.com\/gr100mtbteam","https:\/\/www.youtube.com\/c\/GR100Specialized"]}]}},"_links":{"self":[{"href":"https:\/\/gr-100.com\/pt-pt\/wp-json\/wp\/v2\/product\/381690","targetHints":{"allow":["GET"]}}],"collection":[{"href":"https:\/\/gr-100.com\/pt-pt\/wp-json\/wp\/v2\/product"}],"about":[{"href":"https:\/\/gr-100.com\/pt-pt\/wp-json\/wp\/v2\/types\/product"}],"replies":[{"embeddable":true,"href":"https:\/\/gr-100.com\/pt-pt\/wp-json\/wp\/v2\/comments?post=381690"}],"wp:attachment":[{"href":"https:\/\/gr-100.com\/pt-pt\/wp-json\/wp\/v2\/media?parent=381690"}],"wp:term":[{"taxonomy":"product_brand","embeddable":true,"href":"https:\/\/gr-100.com\/pt-pt\/wp-json\/wp\/v2\/product_brand?post=381690"},{"taxonomy":"product_cat","embeddable":true,"href":"https:\/\/gr-100.com\/pt-pt\/wp-json\/wp\/v2\/product_cat?post=381690"},{"taxonomy":"product_tag","embeddable":true,"href":"https:\/\/gr-100.com\/pt-pt\/wp-json\/wp\/v2\/product_tag?post=381690"}],"curies":[{"name":"wp","href":"https:\/\/api.w.org\/{rel}","templated":true}]}}