{"id":381872,"date":"2024-07-01T10:14:54","date_gmt":"2024-07-01T10:14:54","guid":{"rendered":"https:\/\/gr-100.com\/producto\/especializada-epic-ht-comp-22\/"},"modified":"2025-11-26T16:30:37","modified_gmt":"2025-11-26T14:30:37","slug":"especializada-epic-ht-comp-22","status":"publish","type":"product","link":"https:\/\/gr-100.com\/pt-pt\/producto\/especializada-epic-ht-comp-22\/","title":{"rendered":"Specialized \u00c9pico HT Comp 22"},"content":{"rendered":"<p>Trabalhar para obter a moto mais leve poss\u00edvel sempre foi a corrida dentro da corrida, mas a que custo? A batalha pelo peso levou, sem d\u00favida, a baixas, com motos de corrida XC \u00e1speras e ousadas em detrimento da efici\u00eancia e versatilidade. Mas quem disse que o cansa\u00e7o de lutar contra a sua pr\u00f3pria moto o torna mais r\u00e1pido? Por outro lado, reconhecendo que a moto mais r\u00e1pida \u00e9 mais do que apenas uma moto mais leve, discutimos com a cauda at\u00e9 \u00e0 morte, a cauda medida do seu traseiro e a cauda vanguardista. Epic Hardtail, ridiculamente eficaz, incrivelmente confort\u00e1vel, incrivelmente leve e r\u00e1pido em qualquer terreno. Certamente melhoramos cada cent\u00edmetro do quadro Epic Hardtail para o quadro hardtail mais leve do mundo, mas tamb\u00e9m priorizamos nosso compromisso em criar um Epic Hardtail que seja t\u00e3o eficaz quanto confort\u00e1vel, com geometria agressiva inspirada em trilhas com maior folga das rodas e um quadro obsessivamente projetado para maior absor\u00e7\u00e3o,  enquanto molda uma bicicleta que vive e respira os fundamentos da velocidade. No Epic Hardtail Comp, o garfo RockShox Reba RL cuida da suspens\u00e3o, enquanto o conjunto SRAM GX Eagle n\u00e3o deixa d\u00favidas sobre por que define a refer\u00eancia de desempenho a um pre\u00e7o acess\u00edvel. <\/p>\n<ul>\n<li>Ridiculamente eficiente, incrivelmente leve e refrescantemente confort\u00e1vel, o quadro de carbono Epic Hardtail p\u00f3s-pronto conta-gotas FACT 11m redefine os princ\u00edpios do hardtail, mudando com sucesso o jogo.<\/li>\n<li>O Reba RL distribui viagens de forma eficiente, gra\u00e7as ao cartucho Motion Control RockShox, enquanto a capacidade de ajuste SoloAir facilita o ajuste do desempenho da suspens\u00e3o<\/li>\n<li>O SRAM GX Eagle derailleur tem sido a refer\u00eancia de alto desempenho, mas a um pre\u00e7o acess\u00edvel, e a vers\u00e3o mais recente simplesmente o eleva ainda mais.<\/li>\n<\/ul>\n<p><strong>Especifica\u00e7\u00f5es<\/strong><br \/>\nFRAME<br \/>\nSpecialized FACT 11m, Geometria XC Progressiva, Rider-First Engineered\u2122, BB roscado, espa\u00e7amento traseiro 12x148mm, roteamento<br \/>\nde cabos internos ABRAZ. SELIM<br \/>\nSpecialized Liga 34.9<br \/>\nGARFO<br \/>\nRockShox Reba RL, Amortecedor de controle de movimento, Solo Air, 42mm offset, 15x110mm thru-axle, 100mm de curso<br \/>\nPOT\u00caNCIA<br \/>\nLiga forjada 3D, 31,8 mm, 7 graus<br \/>\nGUID\u00c3O<br \/>\nSpecialized Minirise de liga, eleva\u00e7\u00e3o de 6,5 mm, bra\u00e7adeira de 750 mm, 31,8 mm<br \/>\nFITA FITA<br \/>\nSpecialized Punhos de trilha<br \/>\nSELIM<br \/>\nGeometria da carro\u00e7aria Power Sport, calhas de a\u00e7o<br \/>\nESPIG\u00c3O ASSENTO<br \/>\nSpecialized Liga, parafuso \u00fanico, 30,9 mm<br \/>\nTRAV\u00c3O DIANTEIRO<br \/>\nSRAM N\u00edvel TL, pin\u00e7a de 2 pist\u00f5es, disco hidr\u00e1ulico<br \/>\nTRAV\u00c3O TRASEIRO<br \/>\nSRAM N\u00edvel TL, pin\u00e7a de 2 pist\u00f5es, disco hidr\u00e1ulico<br \/>\nMUDAN\u00c7A<br \/>\nSRAM GX Eagle, 12 velocidades<br \/>\nCONTROLOS DE MUDAN\u00c7A DE VELOCIDADE<br \/>\nSRAM GX Eagle, SRAM XG-1275, 12 velocidades, 10-52t<\/p>\n<p>CADEIA<br \/>\nSRAM NX Eagle, 12 velocidades<br \/>\nSUPORTE INFERIOR<br \/>\nSRAM X1000 \u00c1guia, DUB, 170\/175mm 32T<br \/>\nPRATOS<br \/>\n32 T<br \/>\nSUPORTE INFERIOR<br \/>\nSRAM DUB, BSA 73mm, roscado<br \/>\nPneus<br \/>\nSpecialized Liga, Tubeless Ready, 25mm largura interna, 28h<br \/>\nCUBO FRONTAL<br \/>\nLiga, rolamentos de cartucho selados, eixo thru 15x110mm, liga REAR HUB<br \/>\n28h, rolamentos de cartucho selados, eixo thru 148mmx12mm, pneu dianteiro 28h<br \/>\nSPOKE<br \/>\nDD Swiss Industry<br \/>\n.<\/p>\n<p>Specialized Trak r\u00e1pido, caixa de controle, composto T5, 29&#215;2.35<br \/>\nPNEU TRASEIRO<br \/>\nSpecialized Renegado, Caixa de controle, Composto T5, 29&#215;2.35<br \/>\nC\u00c2MARAS<br \/>\nPadr\u00e3o, v\u00e1lvula Presta<\/p>\n","protected":false},"excerpt":{"rendered":"<p>A combina\u00e7\u00e3o de conforto e desempenho do Epic Hardtail Comp em um pacote leve com boa rela\u00e7\u00e3o custo-benef\u00edcio o torna realmente atraente para competi\u00e7\u00f5es cross-country.<\/p>\n","protected":false},"featured_media":287031,"comment_status":"closed","ping_status":"closed","template":"","meta":{"_acf_changed":false,"_et_pb_use_builder":"","_et_pb_old_content":"","_et_gb_content_width":"","inline_featured_image":false},"product_brand":[],"product_cat":[20,378],"product_tag":[],"class_list":{"0":"post-381872","1":"product","2":"type-product","3":"status-publish","4":"has-post-thumbnail","6":"product_cat-bicicletas-de-carretera","7":"product_cat-estrada","9":"first","10":"outofstock","11":"taxable","12":"shipping-taxable","13":"product-type-variable","14":"wvs-archive-product-wrapper"},"acf":[],"yoast_head":"<!-- This site is optimized with the Yoast SEO Premium plugin v26.7 (Yoast SEO v26.7) - https:\/\/yoast.com\/wordpress\/plugins\/seo\/ -->\n<title>Specialized \u00c9pico HT Comp 22<\/title>\n<meta name=\"description\" content=\"GR 100 Specialized. Melhores pre\u00e7os sem concorr\u00eancia. Solicite a sua oferta personalizada. Produto: Specialized Epic HT Comp 22\" \/>\n<meta name=\"robots\" content=\"index, follow, max-snippet:-1, max-image-preview:large, max-video-preview:-1\" \/>\n<link rel=\"canonical\" href=\"https:\/\/gr-100.com\/pt-pt\/producto\/especializada-epic-ht-comp-22\/\" \/>\n<meta property=\"og:locale\" content=\"pt_PT\" \/>\n<meta property=\"og:type\" content=\"article\" \/>\n<meta property=\"og:title\" content=\"Specialized \u00c9pico HT Comp 22\" \/>\n<meta property=\"og:description\" content=\"GR 100 Specialized. Melhores pre\u00e7os sem concorr\u00eancia. Solicite a sua oferta personalizada. Produto: Specialized Epic HT Comp 22\" \/>\n<meta property=\"og:url\" content=\"https:\/\/gr-100.com\/pt-pt\/producto\/especializada-epic-ht-comp-22\/\" \/>\n<meta property=\"og:site_name\" content=\"Gr-100 Tienda de ciclismo Specialized\" \/>\n<meta property=\"article:publisher\" content=\"https:\/\/www.facebook.com\/Gr100Bikes\" \/>\n<meta property=\"article:modified_time\" content=\"2025-11-26T14:30:37+00:00\" \/>\n<meta property=\"og:image\" content=\"https:\/\/gr-100.com\/wp-content\/uploads\/2024\/05\/epic-ht-comp-2.png\" \/>\n\t<meta property=\"og:image:width\" content=\"1000\" \/>\n\t<meta property=\"og:image:height\" content=\"1000\" \/>\n\t<meta property=\"og:image:type\" content=\"image\/png\" \/>\n<meta name=\"twitter:card\" content=\"summary_large_image\" \/>\n<meta name=\"twitter:label1\" content=\"Tempo estimado de leitura\" \/>\n\t<meta name=\"twitter:data1\" content=\"3 minutos\" \/>\n<script type=\"application\/ld+json\" class=\"yoast-schema-graph\">{\"@context\":\"https:\/\/schema.org\",\"@graph\":[{\"@type\":\"WebPage\",\"@id\":\"https:\/\/gr-100.com\/pt-pt\/producto\/especializada-epic-ht-comp-22\/\",\"url\":\"https:\/\/gr-100.com\/pt-pt\/producto\/especializada-epic-ht-comp-22\/\",\"name\":\"Specialized \u00c9pico HT Comp 22\",\"isPartOf\":{\"@id\":\"https:\/\/gr-100.com\/#website\"},\"primaryImageOfPage\":{\"@id\":\"https:\/\/gr-100.com\/pt-pt\/producto\/especializada-epic-ht-comp-22\/#primaryimage\"},\"image\":{\"@id\":\"https:\/\/gr-100.com\/pt-pt\/producto\/especializada-epic-ht-comp-22\/#primaryimage\"},\"thumbnailUrl\":\"https:\/\/gr-100.com\/wp-content\/uploads\/2024\/05\/epic-ht-comp-2.png\",\"datePublished\":\"2024-07-01T10:14:54+00:00\",\"dateModified\":\"2025-11-26T14:30:37+00:00\",\"description\":\"GR 100 Specialized. Melhores pre\u00e7os sem concorr\u00eancia. Solicite a sua oferta personalizada. Produto: Specialized Epic HT Comp 22\",\"breadcrumb\":{\"@id\":\"https:\/\/gr-100.com\/pt-pt\/producto\/especializada-epic-ht-comp-22\/#breadcrumb\"},\"inLanguage\":\"pt-PT\",\"potentialAction\":[{\"@type\":\"ReadAction\",\"target\":[\"https:\/\/gr-100.com\/pt-pt\/producto\/especializada-epic-ht-comp-22\/\"]}]},{\"@type\":\"ImageObject\",\"inLanguage\":\"pt-PT\",\"@id\":\"https:\/\/gr-100.com\/pt-pt\/producto\/especializada-epic-ht-comp-22\/#primaryimage\",\"url\":\"https:\/\/gr-100.com\/wp-content\/uploads\/2024\/05\/epic-ht-comp-2.png\",\"contentUrl\":\"https:\/\/gr-100.com\/wp-content\/uploads\/2024\/05\/epic-ht-comp-2.png\",\"width\":1000,\"height\":1000},{\"@type\":\"BreadcrumbList\",\"@id\":\"https:\/\/gr-100.com\/pt-pt\/producto\/especializada-epic-ht-comp-22\/#breadcrumb\",\"itemListElement\":[{\"@type\":\"ListItem\",\"position\":1,\"name\":\"Portada\",\"item\":\"https:\/\/gr-100.com\/en\/\"},{\"@type\":\"ListItem\",\"position\":2,\"name\":\"Productos\",\"item\":\"https:\/\/gr-100.com\/?post_type=product\"},{\"@type\":\"ListItem\",\"position\":3,\"name\":\"Specialized \u00c9pico HT Comp 22\"}]},{\"@type\":\"WebSite\",\"@id\":\"https:\/\/gr-100.com\/#website\",\"url\":\"https:\/\/gr-100.com\/\",\"name\":\"Gr-100 Tienda de ciclismo Specialized\",\"description\":\"GR-100 tenemos todas las gamas de bicicletas Specialized al mejor precio.\",\"publisher\":{\"@id\":\"https:\/\/gr-100.com\/#organization\"},\"alternateName\":\"Gr-100 Bikes\",\"potentialAction\":[{\"@type\":\"SearchAction\",\"target\":{\"@type\":\"EntryPoint\",\"urlTemplate\":\"https:\/\/gr-100.com\/?s={search_term_string}\"},\"query-input\":{\"@type\":\"PropertyValueSpecification\",\"valueRequired\":true,\"valueName\":\"search_term_string\"}}],\"inLanguage\":\"pt-PT\"},{\"@type\":\"Organization\",\"@id\":\"https:\/\/gr-100.com\/#organization\",\"name\":\"Gr-100\",\"url\":\"https:\/\/gr-100.com\/\",\"logo\":{\"@type\":\"ImageObject\",\"inLanguage\":\"pt-PT\",\"@id\":\"https:\/\/gr-100.com\/#\/schema\/logo\/image\/\",\"url\":\"https:\/\/gr-100.com\/wp-content\/uploads\/2023\/08\/logo-gr-100-bikes.png\",\"contentUrl\":\"https:\/\/gr-100.com\/wp-content\/uploads\/2023\/08\/logo-gr-100-bikes.png\",\"width\":707,\"height\":284,\"caption\":\"Gr-100\"},\"image\":{\"@id\":\"https:\/\/gr-100.com\/#\/schema\/logo\/image\/\"},\"sameAs\":[\"https:\/\/www.facebook.com\/Gr100Bikes\",\"https:\/\/www.instagram.com\/gr100bikes\/\",\"https:\/\/www.tiktok.com\/@gr100bikes\",\"https:\/\/twitter.com\/gr100mtbteam\",\"https:\/\/www.youtube.com\/c\/GR100Specialized\"]}]}<\/script>\n<!-- \/ Yoast SEO Premium plugin. -->","yoast_head_json":{"title":"Specialized \u00c9pico HT Comp 22","description":"GR 100 Specialized. Melhores pre\u00e7os sem concorr\u00eancia. Solicite a sua oferta personalizada. Produto: Specialized Epic HT Comp 22","robots":{"index":"index","follow":"follow","max-snippet":"max-snippet:-1","max-image-preview":"max-image-preview:large","max-video-preview":"max-video-preview:-1"},"canonical":"https:\/\/gr-100.com\/pt-pt\/producto\/especializada-epic-ht-comp-22\/","og_locale":"pt_PT","og_type":"article","og_title":"Specialized \u00c9pico HT Comp 22","og_description":"GR 100 Specialized. Melhores pre\u00e7os sem concorr\u00eancia. Solicite a sua oferta personalizada. Produto: Specialized Epic HT Comp 22","og_url":"https:\/\/gr-100.com\/pt-pt\/producto\/especializada-epic-ht-comp-22\/","og_site_name":"Gr-100 Tienda de ciclismo Specialized","article_publisher":"https:\/\/www.facebook.com\/Gr100Bikes","article_modified_time":"2025-11-26T14:30:37+00:00","og_image":[{"width":1000,"height":1000,"url":"https:\/\/gr-100.com\/wp-content\/uploads\/2024\/05\/epic-ht-comp-2.png","type":"image\/png"}],"twitter_card":"summary_large_image","twitter_misc":{"Tempo estimado de leitura":"3 minutos"},"schema":{"@context":"https:\/\/schema.org","@graph":[{"@type":"WebPage","@id":"https:\/\/gr-100.com\/pt-pt\/producto\/especializada-epic-ht-comp-22\/","url":"https:\/\/gr-100.com\/pt-pt\/producto\/especializada-epic-ht-comp-22\/","name":"Specialized \u00c9pico HT Comp 22","isPartOf":{"@id":"https:\/\/gr-100.com\/#website"},"primaryImageOfPage":{"@id":"https:\/\/gr-100.com\/pt-pt\/producto\/especializada-epic-ht-comp-22\/#primaryimage"},"image":{"@id":"https:\/\/gr-100.com\/pt-pt\/producto\/especializada-epic-ht-comp-22\/#primaryimage"},"thumbnailUrl":"https:\/\/gr-100.com\/wp-content\/uploads\/2024\/05\/epic-ht-comp-2.png","datePublished":"2024-07-01T10:14:54+00:00","dateModified":"2025-11-26T14:30:37+00:00","description":"GR 100 Specialized. Melhores pre\u00e7os sem concorr\u00eancia. Solicite a sua oferta personalizada. Produto: Specialized Epic HT Comp 22","breadcrumb":{"@id":"https:\/\/gr-100.com\/pt-pt\/producto\/especializada-epic-ht-comp-22\/#breadcrumb"},"inLanguage":"pt-PT","potentialAction":[{"@type":"ReadAction","target":["https:\/\/gr-100.com\/pt-pt\/producto\/especializada-epic-ht-comp-22\/"]}]},{"@type":"ImageObject","inLanguage":"pt-PT","@id":"https:\/\/gr-100.com\/pt-pt\/producto\/especializada-epic-ht-comp-22\/#primaryimage","url":"https:\/\/gr-100.com\/wp-content\/uploads\/2024\/05\/epic-ht-comp-2.png","contentUrl":"https:\/\/gr-100.com\/wp-content\/uploads\/2024\/05\/epic-ht-comp-2.png","width":1000,"height":1000},{"@type":"BreadcrumbList","@id":"https:\/\/gr-100.com\/pt-pt\/producto\/especializada-epic-ht-comp-22\/#breadcrumb","itemListElement":[{"@type":"ListItem","position":1,"name":"Portada","item":"https:\/\/gr-100.com\/en\/"},{"@type":"ListItem","position":2,"name":"Productos","item":"https:\/\/gr-100.com\/?post_type=product"},{"@type":"ListItem","position":3,"name":"Specialized \u00c9pico HT Comp 22"}]},{"@type":"WebSite","@id":"https:\/\/gr-100.com\/#website","url":"https:\/\/gr-100.com\/","name":"Gr-100 Tienda de ciclismo Specialized","description":"GR-100 tenemos todas las gamas de bicicletas Specialized al mejor precio.","publisher":{"@id":"https:\/\/gr-100.com\/#organization"},"alternateName":"Gr-100 Bikes","potentialAction":[{"@type":"SearchAction","target":{"@type":"EntryPoint","urlTemplate":"https:\/\/gr-100.com\/?s={search_term_string}"},"query-input":{"@type":"PropertyValueSpecification","valueRequired":true,"valueName":"search_term_string"}}],"inLanguage":"pt-PT"},{"@type":"Organization","@id":"https:\/\/gr-100.com\/#organization","name":"Gr-100","url":"https:\/\/gr-100.com\/","logo":{"@type":"ImageObject","inLanguage":"pt-PT","@id":"https:\/\/gr-100.com\/#\/schema\/logo\/image\/","url":"https:\/\/gr-100.com\/wp-content\/uploads\/2023\/08\/logo-gr-100-bikes.png","contentUrl":"https:\/\/gr-100.com\/wp-content\/uploads\/2023\/08\/logo-gr-100-bikes.png","width":707,"height":284,"caption":"Gr-100"},"image":{"@id":"https:\/\/gr-100.com\/#\/schema\/logo\/image\/"},"sameAs":["https:\/\/www.facebook.com\/Gr100Bikes","https:\/\/www.instagram.com\/gr100bikes\/","https:\/\/www.tiktok.com\/@gr100bikes","https:\/\/twitter.com\/gr100mtbteam","https:\/\/www.youtube.com\/c\/GR100Specialized"]}]}},"_links":{"self":[{"href":"https:\/\/gr-100.com\/pt-pt\/wp-json\/wp\/v2\/product\/381872","targetHints":{"allow":["GET"]}}],"collection":[{"href":"https:\/\/gr-100.com\/pt-pt\/wp-json\/wp\/v2\/product"}],"about":[{"href":"https:\/\/gr-100.com\/pt-pt\/wp-json\/wp\/v2\/types\/product"}],"replies":[{"embeddable":true,"href":"https:\/\/gr-100.com\/pt-pt\/wp-json\/wp\/v2\/comments?post=381872"}],"wp:featuredmedia":[{"embeddable":true,"href":"https:\/\/gr-100.com\/pt-pt\/wp-json\/wp\/v2\/media\/287031"}],"wp:attachment":[{"href":"https:\/\/gr-100.com\/pt-pt\/wp-json\/wp\/v2\/media?parent=381872"}],"wp:term":[{"taxonomy":"product_brand","embeddable":true,"href":"https:\/\/gr-100.com\/pt-pt\/wp-json\/wp\/v2\/product_brand?post=381872"},{"taxonomy":"product_cat","embeddable":true,"href":"https:\/\/gr-100.com\/pt-pt\/wp-json\/wp\/v2\/product_cat?post=381872"},{"taxonomy":"product_tag","embeddable":true,"href":"https:\/\/gr-100.com\/pt-pt\/wp-json\/wp\/v2\/product_tag?post=381872"}],"curies":[{"name":"wp","href":"https:\/\/api.w.org\/{rel}","templated":true}]}}