{"id":381910,"date":"2024-07-01T10:13:29","date_gmt":"2024-07-01T10:13:29","guid":{"rendered":"https:\/\/gr-100.com\/producto\/especialista-epic-ht-2022\/"},"modified":"2025-11-26T16:30:18","modified_gmt":"2025-11-26T14:30:18","slug":"especialista-epic-ht-2022","status":"publish","type":"product","link":"https:\/\/gr-100.com\/pt-pt\/producto\/especialista-epic-ht-2022\/","title":{"rendered":"Specialized Epic HT Expert 2022"},"content":{"rendered":"<ul>\n<li>IMAGEM<\/li>\n<li>Specialized FACTO 11m, Geometria XC Progressiva, Rider-First Engineered\u2122, BB roscado, espa\u00e7amento traseiro de 12x148mm, encaminhamento de cabos internos<\/li>\n<li>SELIM<\/li>\n<li> Specialized Liga 34.9<\/li>\n<li>Suspens\u00e3o<\/li>\n<li>GARFO<\/li>\n<li>RockShox SID SL BRAIN, Amortecedor cerebral de ajuste inferior, Debon Air, 15x110mm, 44mm offset, 100mm de curso (XS-80mm Travel)<\/li>\n<li>POT\u00caNCIA<\/li>\n<li>Specialized XC, liga forjada 3D, 4 parafusos, 6 graus<\/li>\n<li>GUID\u00c3O<\/li>\n<li>Specialized Minirise de liga, eleva\u00e7\u00e3o de 6,5 mm, bra\u00e7adeira de 750 mm, 31,8 mm<\/li>\n<li>FITA FITA<\/li>\n<li>Specialized Punhos de trilha<\/li>\n<li>SELIM<\/li>\n<li>Geometria da carro\u00e7aria Power Sport, calhas de a\u00e7o<\/li>\n<li>ESPIG\u00c3O ASSENTO<\/li>\n<li>Specialized Liga, parafuso \u00fanico, 30,9 mm<\/li>\n<li>TRAV\u00c3O DIANTEIRO<\/li>\n<li>SRAM N\u00edvel TL, pin\u00e7a de 2 pist\u00f5es, disco hidr\u00e1ulico<\/li>\n<li>TRAV\u00c3O TRASEIRO<\/li>\n<li>SRAM N\u00edvel TL, pin\u00e7a de 2 pist\u00f5es, disco hidr\u00e1ulico<\/li>\n<li>MUDAN\u00c7A<\/li>\n<li>Sram X01 Eagle, 12 velocidades<\/li>\n<li>CONTROLOS DE MUDAN\u00c7A DE VELOCIDADE<\/li>\n<li>SRAM X01 Eagle, gatilho, 12 velocidades<\/li>\n<li><\/li>\n<li>SRAM XG-1275, 12 velocidades, 10-52t<\/li>\n<li>CADEIA<\/li>\n<li>SRAM GX Eagle, 12 velocidades c\/ PowerLock\u00ae<\/li>\n<li>SUPORTE INFERIOR<\/li>\n<li>SRAM X1 Liga de \u00c1guia, DUB, 165\/170\/175mm<\/li>\n<li>PRATOS<\/li>\n<li>32 T<\/li>\n<li>SUPORTE INFERIOR<\/li>\n<li>SRAM DUB, BSA 73mm, roscado<\/li>\n<li>Pneus<\/li>\n<li>Roval Controle SL, design de compensa\u00e7\u00e3o de carbono, largura interna de 29mm, largura do gancho de 4mm, pronto para tubeless, 28h<\/li>\n<li>CUBO FRONTAL<\/li>\n<li>DT Swiss 350, 6 parafusos, eixo Thru de 15 mm, espa\u00e7amento de 110 mm, tra\u00e7\u00e3o reta de 28 horas<\/li>\n<li>CUBO TRASEIRO<\/li>\n<li>DT Swiss 350 de tra\u00e7\u00e3o reta, 6 parafusos, DT Swiss Ratchet EXP, 12x148mm atrav\u00e9s do eixo, corpo XD freehub, 28h de tra\u00e7\u00e3o reta<\/li>\n<li>R\u00c1DIOS<\/li>\n<li>DT Swiss Comp Corrida<\/li>\n<li>PNEU.<\/li>\n<li>Specialized Trak r\u00e1pido, caixa de controle, composto T5, 29&#215;2.35<\/li>\n<li>PNEU TRASEIRO<\/li>\n<li>Specialized Renegado, Caixa de controle, Composto T5, 29&#215;2.35<\/li>\n<li>C\u00c2MARAS<\/li>\n<li>Padr\u00e3o, v\u00e1lvula Presta<\/li>\n<\/ul>\n","protected":false},"excerpt":{"rendered":"<p>V\u00e1 em frente e tente encontrar algo que o fa\u00e7a sorrir em vez de quebrar a linha perfeita em um hardtail r\u00e1pido e eficaz. O Epic Hardtail Expert existe para tornar esse sorriso ainda maior e para garantir que seu rosto fique t\u00e3o duro quanto suas pernas. <\/p>\n<ul>\n<li>Ridiculamente eficiente, incrivelmente leve e refrescantemente confort\u00e1vel, o quadro de carbono Epic Hardtail p\u00f3s-pronto conta-gotas FACT 11m redefine os princ\u00edpios do hardtail, mudando com sucesso o jogo.<\/li>\n<li>O garfo RockShox SID SL BRAIN de 100 mm \u00e9 firme quando voc\u00ea quer, firme e suave quando voc\u00ea quer que seja macio, sem necessidade de alavancas.<\/li>\n<li>Descendentes de uma longa linhagem da Copa do Mundo, as rodas Roval Control Carbon feitas \u00e0 m\u00e3o apresentam um moderno aro flangeless com 29 mil\u00edmetros de largura interna e maximizam a for\u00e7a, a qualidade de condu\u00e7\u00e3o e a durabilidade, mantendo o peso ao m\u00ednimo.<\/li>\n<\/ul>\n","protected":false},"featured_media":302272,"comment_status":"closed","ping_status":"closed","template":"","meta":{"_acf_changed":false,"_et_pb_use_builder":"","_et_pb_old_content":"","_et_gb_content_width":"","inline_featured_image":false},"product_brand":[],"product_cat":[20,378],"product_tag":[],"class_list":{"0":"post-381910","1":"product","2":"type-product","3":"status-publish","4":"has-post-thumbnail","6":"product_cat-bicicletas-de-carretera","7":"product_cat-estrada","9":"first","10":"outofstock","11":"taxable","12":"shipping-taxable","13":"product-type-variable","14":"wvs-archive-product-wrapper"},"acf":[],"yoast_head":"<!-- This site is optimized with the Yoast SEO Premium plugin v26.7 (Yoast SEO v26.7) - https:\/\/yoast.com\/wordpress\/plugins\/seo\/ -->\n<title>Specialized Epic HT Expert 2022<\/title>\n<meta name=\"description\" content=\"GR 100 Specialized. Melhores pre\u00e7os sem concorr\u00eancia. Solicite a sua oferta personalizada. Produto: Specialized Epic HT Expert 2022\" \/>\n<meta name=\"robots\" content=\"index, follow, max-snippet:-1, max-image-preview:large, max-video-preview:-1\" \/>\n<link rel=\"canonical\" href=\"https:\/\/gr-100.com\/pt-pt\/producto\/especialista-epic-ht-2022\/\" \/>\n<meta property=\"og:locale\" content=\"pt_PT\" \/>\n<meta property=\"og:type\" content=\"article\" \/>\n<meta property=\"og:title\" content=\"Specialized Epic HT Expert 2022\" \/>\n<meta property=\"og:description\" content=\"GR 100 Specialized. Melhores pre\u00e7os sem concorr\u00eancia. Solicite a sua oferta personalizada. Produto: Specialized Epic HT Expert 2022\" \/>\n<meta property=\"og:url\" content=\"https:\/\/gr-100.com\/pt-pt\/producto\/especialista-epic-ht-2022\/\" \/>\n<meta property=\"og:site_name\" content=\"Gr-100 Tienda de ciclismo Specialized\" \/>\n<meta property=\"article:publisher\" content=\"https:\/\/www.facebook.com\/Gr100Bikes\" \/>\n<meta property=\"article:modified_time\" content=\"2025-11-26T14:30:18+00:00\" \/>\n<meta property=\"og:image\" content=\"https:\/\/gr-100.com\/wp-content\/uploads\/2024\/05\/My-project-1-2-2-1.jpg\" \/>\n\t<meta property=\"og:image:width\" content=\"1000\" \/>\n\t<meta property=\"og:image:height\" content=\"1000\" \/>\n\t<meta property=\"og:image:type\" content=\"image\/jpeg\" \/>\n<meta name=\"twitter:card\" content=\"summary_large_image\" \/>\n<meta name=\"twitter:label1\" content=\"Tempo estimado de leitura\" \/>\n\t<meta name=\"twitter:data1\" content=\"1 minuto\" \/>\n<script type=\"application\/ld+json\" class=\"yoast-schema-graph\">{\"@context\":\"https:\/\/schema.org\",\"@graph\":[{\"@type\":\"WebPage\",\"@id\":\"https:\/\/gr-100.com\/pt-pt\/producto\/especialista-epic-ht-2022\/\",\"url\":\"https:\/\/gr-100.com\/pt-pt\/producto\/especialista-epic-ht-2022\/\",\"name\":\"Specialized Epic HT Expert 2022\",\"isPartOf\":{\"@id\":\"https:\/\/gr-100.com\/#website\"},\"primaryImageOfPage\":{\"@id\":\"https:\/\/gr-100.com\/pt-pt\/producto\/especialista-epic-ht-2022\/#primaryimage\"},\"image\":{\"@id\":\"https:\/\/gr-100.com\/pt-pt\/producto\/especialista-epic-ht-2022\/#primaryimage\"},\"thumbnailUrl\":\"https:\/\/gr-100.com\/wp-content\/uploads\/2024\/05\/My-project-1-2-2-1.jpg\",\"datePublished\":\"2024-07-01T10:13:29+00:00\",\"dateModified\":\"2025-11-26T14:30:18+00:00\",\"description\":\"GR 100 Specialized. Melhores pre\u00e7os sem concorr\u00eancia. Solicite a sua oferta personalizada. Produto: Specialized Epic HT Expert 2022\",\"breadcrumb\":{\"@id\":\"https:\/\/gr-100.com\/pt-pt\/producto\/especialista-epic-ht-2022\/#breadcrumb\"},\"inLanguage\":\"pt-PT\",\"potentialAction\":[{\"@type\":\"ReadAction\",\"target\":[\"https:\/\/gr-100.com\/pt-pt\/producto\/especialista-epic-ht-2022\/\"]}]},{\"@type\":\"ImageObject\",\"inLanguage\":\"pt-PT\",\"@id\":\"https:\/\/gr-100.com\/pt-pt\/producto\/especialista-epic-ht-2022\/#primaryimage\",\"url\":\"https:\/\/gr-100.com\/wp-content\/uploads\/2024\/05\/My-project-1-2-2-1.jpg\",\"contentUrl\":\"https:\/\/gr-100.com\/wp-content\/uploads\/2024\/05\/My-project-1-2-2-1.jpg\",\"width\":1000,\"height\":1000},{\"@type\":\"BreadcrumbList\",\"@id\":\"https:\/\/gr-100.com\/pt-pt\/producto\/especialista-epic-ht-2022\/#breadcrumb\",\"itemListElement\":[{\"@type\":\"ListItem\",\"position\":1,\"name\":\"Portada\",\"item\":\"https:\/\/gr-100.com\/en\/\"},{\"@type\":\"ListItem\",\"position\":2,\"name\":\"Productos\",\"item\":\"https:\/\/gr-100.com\/?post_type=product\"},{\"@type\":\"ListItem\",\"position\":3,\"name\":\"Specialized Epic HT Expert 2022\"}]},{\"@type\":\"WebSite\",\"@id\":\"https:\/\/gr-100.com\/#website\",\"url\":\"https:\/\/gr-100.com\/\",\"name\":\"Gr-100 Tienda de ciclismo Specialized\",\"description\":\"GR-100 tenemos todas las gamas de bicicletas Specialized al mejor precio.\",\"publisher\":{\"@id\":\"https:\/\/gr-100.com\/#organization\"},\"alternateName\":\"Gr-100 Bikes\",\"potentialAction\":[{\"@type\":\"SearchAction\",\"target\":{\"@type\":\"EntryPoint\",\"urlTemplate\":\"https:\/\/gr-100.com\/?s={search_term_string}\"},\"query-input\":{\"@type\":\"PropertyValueSpecification\",\"valueRequired\":true,\"valueName\":\"search_term_string\"}}],\"inLanguage\":\"pt-PT\"},{\"@type\":\"Organization\",\"@id\":\"https:\/\/gr-100.com\/#organization\",\"name\":\"Gr-100\",\"url\":\"https:\/\/gr-100.com\/\",\"logo\":{\"@type\":\"ImageObject\",\"inLanguage\":\"pt-PT\",\"@id\":\"https:\/\/gr-100.com\/#\/schema\/logo\/image\/\",\"url\":\"https:\/\/gr-100.com\/wp-content\/uploads\/2023\/08\/logo-gr-100-bikes.png\",\"contentUrl\":\"https:\/\/gr-100.com\/wp-content\/uploads\/2023\/08\/logo-gr-100-bikes.png\",\"width\":707,\"height\":284,\"caption\":\"Gr-100\"},\"image\":{\"@id\":\"https:\/\/gr-100.com\/#\/schema\/logo\/image\/\"},\"sameAs\":[\"https:\/\/www.facebook.com\/Gr100Bikes\",\"https:\/\/www.instagram.com\/gr100bikes\/\",\"https:\/\/www.tiktok.com\/@gr100bikes\",\"https:\/\/twitter.com\/gr100mtbteam\",\"https:\/\/www.youtube.com\/c\/GR100Specialized\"]}]}<\/script>\n<!-- \/ Yoast SEO Premium plugin. -->","yoast_head_json":{"title":"Specialized Epic HT Expert 2022","description":"GR 100 Specialized. Melhores pre\u00e7os sem concorr\u00eancia. Solicite a sua oferta personalizada. Produto: Specialized Epic HT Expert 2022","robots":{"index":"index","follow":"follow","max-snippet":"max-snippet:-1","max-image-preview":"max-image-preview:large","max-video-preview":"max-video-preview:-1"},"canonical":"https:\/\/gr-100.com\/pt-pt\/producto\/especialista-epic-ht-2022\/","og_locale":"pt_PT","og_type":"article","og_title":"Specialized Epic HT Expert 2022","og_description":"GR 100 Specialized. Melhores pre\u00e7os sem concorr\u00eancia. Solicite a sua oferta personalizada. Produto: Specialized Epic HT Expert 2022","og_url":"https:\/\/gr-100.com\/pt-pt\/producto\/especialista-epic-ht-2022\/","og_site_name":"Gr-100 Tienda de ciclismo Specialized","article_publisher":"https:\/\/www.facebook.com\/Gr100Bikes","article_modified_time":"2025-11-26T14:30:18+00:00","og_image":[{"width":1000,"height":1000,"url":"https:\/\/gr-100.com\/wp-content\/uploads\/2024\/05\/My-project-1-2-2-1.jpg","type":"image\/jpeg"}],"twitter_card":"summary_large_image","twitter_misc":{"Tempo estimado de leitura":"1 minuto"},"schema":{"@context":"https:\/\/schema.org","@graph":[{"@type":"WebPage","@id":"https:\/\/gr-100.com\/pt-pt\/producto\/especialista-epic-ht-2022\/","url":"https:\/\/gr-100.com\/pt-pt\/producto\/especialista-epic-ht-2022\/","name":"Specialized Epic HT Expert 2022","isPartOf":{"@id":"https:\/\/gr-100.com\/#website"},"primaryImageOfPage":{"@id":"https:\/\/gr-100.com\/pt-pt\/producto\/especialista-epic-ht-2022\/#primaryimage"},"image":{"@id":"https:\/\/gr-100.com\/pt-pt\/producto\/especialista-epic-ht-2022\/#primaryimage"},"thumbnailUrl":"https:\/\/gr-100.com\/wp-content\/uploads\/2024\/05\/My-project-1-2-2-1.jpg","datePublished":"2024-07-01T10:13:29+00:00","dateModified":"2025-11-26T14:30:18+00:00","description":"GR 100 Specialized. Melhores pre\u00e7os sem concorr\u00eancia. Solicite a sua oferta personalizada. Produto: Specialized Epic HT Expert 2022","breadcrumb":{"@id":"https:\/\/gr-100.com\/pt-pt\/producto\/especialista-epic-ht-2022\/#breadcrumb"},"inLanguage":"pt-PT","potentialAction":[{"@type":"ReadAction","target":["https:\/\/gr-100.com\/pt-pt\/producto\/especialista-epic-ht-2022\/"]}]},{"@type":"ImageObject","inLanguage":"pt-PT","@id":"https:\/\/gr-100.com\/pt-pt\/producto\/especialista-epic-ht-2022\/#primaryimage","url":"https:\/\/gr-100.com\/wp-content\/uploads\/2024\/05\/My-project-1-2-2-1.jpg","contentUrl":"https:\/\/gr-100.com\/wp-content\/uploads\/2024\/05\/My-project-1-2-2-1.jpg","width":1000,"height":1000},{"@type":"BreadcrumbList","@id":"https:\/\/gr-100.com\/pt-pt\/producto\/especialista-epic-ht-2022\/#breadcrumb","itemListElement":[{"@type":"ListItem","position":1,"name":"Portada","item":"https:\/\/gr-100.com\/en\/"},{"@type":"ListItem","position":2,"name":"Productos","item":"https:\/\/gr-100.com\/?post_type=product"},{"@type":"ListItem","position":3,"name":"Specialized Epic HT Expert 2022"}]},{"@type":"WebSite","@id":"https:\/\/gr-100.com\/#website","url":"https:\/\/gr-100.com\/","name":"Gr-100 Tienda de ciclismo Specialized","description":"GR-100 tenemos todas las gamas de bicicletas Specialized al mejor precio.","publisher":{"@id":"https:\/\/gr-100.com\/#organization"},"alternateName":"Gr-100 Bikes","potentialAction":[{"@type":"SearchAction","target":{"@type":"EntryPoint","urlTemplate":"https:\/\/gr-100.com\/?s={search_term_string}"},"query-input":{"@type":"PropertyValueSpecification","valueRequired":true,"valueName":"search_term_string"}}],"inLanguage":"pt-PT"},{"@type":"Organization","@id":"https:\/\/gr-100.com\/#organization","name":"Gr-100","url":"https:\/\/gr-100.com\/","logo":{"@type":"ImageObject","inLanguage":"pt-PT","@id":"https:\/\/gr-100.com\/#\/schema\/logo\/image\/","url":"https:\/\/gr-100.com\/wp-content\/uploads\/2023\/08\/logo-gr-100-bikes.png","contentUrl":"https:\/\/gr-100.com\/wp-content\/uploads\/2023\/08\/logo-gr-100-bikes.png","width":707,"height":284,"caption":"Gr-100"},"image":{"@id":"https:\/\/gr-100.com\/#\/schema\/logo\/image\/"},"sameAs":["https:\/\/www.facebook.com\/Gr100Bikes","https:\/\/www.instagram.com\/gr100bikes\/","https:\/\/www.tiktok.com\/@gr100bikes","https:\/\/twitter.com\/gr100mtbteam","https:\/\/www.youtube.com\/c\/GR100Specialized"]}]}},"_links":{"self":[{"href":"https:\/\/gr-100.com\/pt-pt\/wp-json\/wp\/v2\/product\/381910","targetHints":{"allow":["GET"]}}],"collection":[{"href":"https:\/\/gr-100.com\/pt-pt\/wp-json\/wp\/v2\/product"}],"about":[{"href":"https:\/\/gr-100.com\/pt-pt\/wp-json\/wp\/v2\/types\/product"}],"replies":[{"embeddable":true,"href":"https:\/\/gr-100.com\/pt-pt\/wp-json\/wp\/v2\/comments?post=381910"}],"wp:featuredmedia":[{"embeddable":true,"href":"https:\/\/gr-100.com\/pt-pt\/wp-json\/wp\/v2\/media\/302272"}],"wp:attachment":[{"href":"https:\/\/gr-100.com\/pt-pt\/wp-json\/wp\/v2\/media?parent=381910"}],"wp:term":[{"taxonomy":"product_brand","embeddable":true,"href":"https:\/\/gr-100.com\/pt-pt\/wp-json\/wp\/v2\/product_brand?post=381910"},{"taxonomy":"product_cat","embeddable":true,"href":"https:\/\/gr-100.com\/pt-pt\/wp-json\/wp\/v2\/product_cat?post=381910"},{"taxonomy":"product_tag","embeddable":true,"href":"https:\/\/gr-100.com\/pt-pt\/wp-json\/wp\/v2\/product_tag?post=381910"}],"curies":[{"name":"wp","href":"https:\/\/api.w.org\/{rel}","templated":true}]}}