{"id":382095,"date":"2024-07-01T09:53:49","date_gmt":"2024-07-01T09:53:49","guid":{"rendered":"https:\/\/gr-100.com\/producto\/cannondale-bisturi-ht-carbono-3-2022\/"},"modified":"2025-11-26T16:27:28","modified_gmt":"2025-11-26T14:27:28","slug":"cannondale-bisturi-ht-carbono-3-2022","status":"publish","type":"product","link":"https:\/\/gr-100.com\/pt-pt\/producto\/cannondale-bisturi-ht-carbono-3-2022\/","title":{"rendered":"Cannondale Bisturi HT Carbono 3 2022"},"content":{"rendered":"<p><iframe src=\"https:\/\/www.youtube.com\/embed\/Xu1lkMiBK4c\" width=\"560\" height=\"315\" frameborder=\"0\" allowfullscreen=\"allowfullscreen\"><\/iframe><\/p>\n<p><iframe src=\"https:\/\/www.youtube.com\/embed\/tcNLH6sRph8\" width=\"560\" height=\"315\" frameborder=\"0\" allowfullscreen=\"allowfullscreen\"><\/iframe>  CARATER\u00cdSTICAS:  <\/p>\n<ul>\n<li>Quadro: Bisturi HT Carbon, Design de Resposta Proporcional, PF30-83, Tubo de cabe\u00e7a c\u00f4nico, Chainline de 55mm, Libera\u00e7\u00e3o de velocidade do eixo de 12mm com hanger UDH<\/li>\n<li>Forquilha: RockShox SID SL Select+ RL, 100mm, bloqueio remoto, 15x110mm thru-eixo, fone de ouvido c\u00f4nico, deslocamento de 44mm<\/li>\n<li>Dire\u00e7\u00e3o: Rolamentos de contato angular selados de 1-1\/8 a 1,5&#8243;, integrados.<\/li>\n<li>Sensores de roda: Sensor de roda Cannondale<\/li>\n<li>Suporte inferior: Cannondale Alloy PressFit30<\/li>\n<li>Correntes: Shimano SLX, 12 velocidades<\/li>\n<li>Manivela: Cannondale 1, BB30 83MTB, OPI SpideRing, 34T, corrente de 55mm<\/li>\n<li>Rodas dentadas: Shimano SLX, 10-51, 12 velocidades<\/li>\n<li>Descarrilador traseiro: Descarrilador traseiro<\/li>\n<li>Shifters: Shimano SLX, 12 velocidades<\/li>\n<li>Pneu dianteiro: Schwalbe Racing Ray EVO, 29 x 2.25&#8243;, Twinskin, pronto para c\u00e2mara de ar<\/li>\n<li>Cubo dianteiro: Shimano MT410, eixo thru 15x110mm<\/li>\n<li>Cubo traseiro: Shimano MT510, eixo thru 12x148mm<\/li>\n<li>Pneu dianteiro: Schwalbe Racing Ray EVO, 29 x 2.25&#8243;, Twinskin, pronto sem c\u00e2mara de ar<\/li>\n<li>Contracapa: Schwalbe Racing Ralph EVO, 29 x 2.25&#8243;, SnakeSkin, Addix Compound, tubeless ready.<\/li>\n<li>Freios: Shimano M6100 disco hidr\u00e1ulico<\/li>\n<li>Discos de freio: disco hidr\u00e1ulico Shimano M6100, rotores RT64 160\/160mm<\/li>\n<li>Punhos: Cannondale XC Silicone<\/li>\n<li>Guiador: Cannondale 2 Flat, butted 2014 Alum\u00ednio, 31.8mm, 3\u00b0 de eleva\u00e7\u00e3o, 8\u00b0 varredura, 760mm<\/li>\n<li>Sela: Tecido Scoop Shallow Elite, trilhos cromados ocos.<\/li>\n<\/ul>\n","protected":false},"excerpt":{"rendered":"<p>\u00c9 a nova gera\u00e7\u00e3o do XC hardtail, projetado para que eles n\u00e3o possam seguir sua roda em subidas, deix\u00e1-los para tr\u00e1s em descidas e impulsion\u00e1-lo diretamente para o p\u00f3dio.<br \/>\nSuper leve e progressivo: quadro em fibra de carbono \/ Forquilha RockShox SID SL Select+ 100mm, groupset Shimano SLX de 12 velocidades com derailleur traseiro XT \/ trav\u00f5es Shimano Deore M6100, jantes Stan&#8217;s NoTubes Crest MK4 \/ Cannondale C2 espig\u00e3o de carbono \/ sensor de roda Cannondale   <\/p>\n","protected":false},"featured_media":286046,"comment_status":"closed","ping_status":"closed","template":"","meta":{"_acf_changed":false,"_et_pb_use_builder":"","_et_pb_old_content":"","_et_gb_content_width":"","inline_featured_image":false},"product_brand":[],"product_cat":[20,378],"product_tag":[],"class_list":{"0":"post-382095","1":"product","2":"type-product","3":"status-publish","4":"has-post-thumbnail","6":"product_cat-bicicletas-de-carretera","7":"product_cat-estrada","9":"first","10":"outofstock","11":"taxable","12":"shipping-taxable","13":"product-type-variable","14":"wvs-archive-product-wrapper"},"acf":[],"yoast_head":"<!-- This site is optimized with the Yoast SEO Premium plugin v26.7 (Yoast SEO v26.7) - https:\/\/yoast.com\/wordpress\/plugins\/seo\/ -->\n<title>Cannondale Bisturi HT Carbono 3 2022 GR-100 CANH\u00c3O<\/title>\n<meta name=\"description\" content=\"Domine qualquer terreno com o Bisturi Cannondale HT Carbon 3 2022. Na GR-100 encontrar\u00e1 a bicicleta topo de gama perfeita para os seus desafios de ciclismo.\" \/>\n<meta name=\"robots\" content=\"index, follow, max-snippet:-1, max-image-preview:large, max-video-preview:-1\" \/>\n<link rel=\"canonical\" href=\"https:\/\/gr-100.com\/pt-pt\/producto\/cannondale-bisturi-ht-carbono-3-2022\/\" \/>\n<meta property=\"og:locale\" content=\"pt_PT\" \/>\n<meta property=\"og:type\" content=\"article\" \/>\n<meta property=\"og:title\" content=\"Cannondale Bisturi HT Carbono 3 2022\" \/>\n<meta property=\"og:description\" content=\"Domine qualquer terreno com o Bisturi Cannondale HT Carbon 3 2022. Na GR-100 encontrar\u00e1 a bicicleta topo de gama perfeita para os seus desafios de ciclismo.\" \/>\n<meta property=\"og:url\" content=\"https:\/\/gr-100.com\/pt-pt\/producto\/cannondale-bisturi-ht-carbono-3-2022\/\" \/>\n<meta property=\"og:site_name\" content=\"Gr-100 Tienda de ciclismo Specialized\" \/>\n<meta property=\"article:publisher\" content=\"https:\/\/www.facebook.com\/Gr100Bikes\" \/>\n<meta property=\"article:modified_time\" content=\"2025-11-26T14:27:28+00:00\" \/>\n<meta property=\"og:image\" content=\"https:\/\/gr-100.com\/wp-content\/uploads\/2024\/05\/1-C21_C25301U_Scalpel_HT_Cr.jpg\" \/>\n\t<meta property=\"og:image:width\" content=\"1000\" \/>\n\t<meta property=\"og:image:height\" content=\"1000\" \/>\n\t<meta property=\"og:image:type\" content=\"image\/jpeg\" \/>\n<meta name=\"twitter:card\" content=\"summary_large_image\" \/>\n<meta name=\"twitter:label1\" content=\"Tempo estimado de leitura\" \/>\n\t<meta name=\"twitter:data1\" content=\"1 minuto\" \/>\n<script type=\"application\/ld+json\" class=\"yoast-schema-graph\">{\"@context\":\"https:\/\/schema.org\",\"@graph\":[{\"@type\":\"WebPage\",\"@id\":\"https:\/\/gr-100.com\/pt-pt\/producto\/cannondale-bisturi-ht-carbono-3-2022\/\",\"url\":\"https:\/\/gr-100.com\/pt-pt\/producto\/cannondale-bisturi-ht-carbono-3-2022\/\",\"name\":\"Cannondale Bisturi HT Carbono 3 2022 GR-100 CANH\u00c3O\",\"isPartOf\":{\"@id\":\"https:\/\/gr-100.com\/#website\"},\"primaryImageOfPage\":{\"@id\":\"https:\/\/gr-100.com\/pt-pt\/producto\/cannondale-bisturi-ht-carbono-3-2022\/#primaryimage\"},\"image\":{\"@id\":\"https:\/\/gr-100.com\/pt-pt\/producto\/cannondale-bisturi-ht-carbono-3-2022\/#primaryimage\"},\"thumbnailUrl\":\"https:\/\/gr-100.com\/wp-content\/uploads\/2024\/05\/1-C21_C25301U_Scalpel_HT_Cr.jpg\",\"datePublished\":\"2024-07-01T09:53:49+00:00\",\"dateModified\":\"2025-11-26T14:27:28+00:00\",\"description\":\"Domine qualquer terreno com o Bisturi Cannondale HT Carbon 3 2022. Na GR-100 encontrar\u00e1 a bicicleta topo de gama perfeita para os seus desafios de ciclismo.\",\"breadcrumb\":{\"@id\":\"https:\/\/gr-100.com\/pt-pt\/producto\/cannondale-bisturi-ht-carbono-3-2022\/#breadcrumb\"},\"inLanguage\":\"pt-PT\",\"potentialAction\":[{\"@type\":\"ReadAction\",\"target\":[\"https:\/\/gr-100.com\/pt-pt\/producto\/cannondale-bisturi-ht-carbono-3-2022\/\"]}]},{\"@type\":\"ImageObject\",\"inLanguage\":\"pt-PT\",\"@id\":\"https:\/\/gr-100.com\/pt-pt\/producto\/cannondale-bisturi-ht-carbono-3-2022\/#primaryimage\",\"url\":\"https:\/\/gr-100.com\/wp-content\/uploads\/2024\/05\/1-C21_C25301U_Scalpel_HT_Cr.jpg\",\"contentUrl\":\"https:\/\/gr-100.com\/wp-content\/uploads\/2024\/05\/1-C21_C25301U_Scalpel_HT_Cr.jpg\",\"width\":1000,\"height\":1000},{\"@type\":\"BreadcrumbList\",\"@id\":\"https:\/\/gr-100.com\/pt-pt\/producto\/cannondale-bisturi-ht-carbono-3-2022\/#breadcrumb\",\"itemListElement\":[{\"@type\":\"ListItem\",\"position\":1,\"name\":\"Portada\",\"item\":\"https:\/\/gr-100.com\/en\/\"},{\"@type\":\"ListItem\",\"position\":2,\"name\":\"Productos\",\"item\":\"https:\/\/gr-100.com\/?post_type=product\"},{\"@type\":\"ListItem\",\"position\":3,\"name\":\"Cannondale Bisturi HT Carbono 3 2022\"}]},{\"@type\":\"WebSite\",\"@id\":\"https:\/\/gr-100.com\/#website\",\"url\":\"https:\/\/gr-100.com\/\",\"name\":\"Gr-100 Tienda de ciclismo Specialized\",\"description\":\"GR-100 tenemos todas las gamas de bicicletas Specialized al mejor precio.\",\"publisher\":{\"@id\":\"https:\/\/gr-100.com\/#organization\"},\"alternateName\":\"Gr-100 Bikes\",\"potentialAction\":[{\"@type\":\"SearchAction\",\"target\":{\"@type\":\"EntryPoint\",\"urlTemplate\":\"https:\/\/gr-100.com\/?s={search_term_string}\"},\"query-input\":{\"@type\":\"PropertyValueSpecification\",\"valueRequired\":true,\"valueName\":\"search_term_string\"}}],\"inLanguage\":\"pt-PT\"},{\"@type\":\"Organization\",\"@id\":\"https:\/\/gr-100.com\/#organization\",\"name\":\"Gr-100\",\"url\":\"https:\/\/gr-100.com\/\",\"logo\":{\"@type\":\"ImageObject\",\"inLanguage\":\"pt-PT\",\"@id\":\"https:\/\/gr-100.com\/#\/schema\/logo\/image\/\",\"url\":\"https:\/\/gr-100.com\/wp-content\/uploads\/2023\/08\/logo-gr-100-bikes.png\",\"contentUrl\":\"https:\/\/gr-100.com\/wp-content\/uploads\/2023\/08\/logo-gr-100-bikes.png\",\"width\":707,\"height\":284,\"caption\":\"Gr-100\"},\"image\":{\"@id\":\"https:\/\/gr-100.com\/#\/schema\/logo\/image\/\"},\"sameAs\":[\"https:\/\/www.facebook.com\/Gr100Bikes\",\"https:\/\/www.instagram.com\/gr100bikes\/\",\"https:\/\/www.tiktok.com\/@gr100bikes\",\"https:\/\/twitter.com\/gr100mtbteam\",\"https:\/\/www.youtube.com\/c\/GR100Specialized\"]}]}<\/script>\n<!-- \/ Yoast SEO Premium plugin. -->","yoast_head_json":{"title":"Cannondale Bisturi HT Carbono 3 2022 GR-100 CANH\u00c3O","description":"Domine qualquer terreno com o Bisturi Cannondale HT Carbon 3 2022. Na GR-100 encontrar\u00e1 a bicicleta topo de gama perfeita para os seus desafios de ciclismo.","robots":{"index":"index","follow":"follow","max-snippet":"max-snippet:-1","max-image-preview":"max-image-preview:large","max-video-preview":"max-video-preview:-1"},"canonical":"https:\/\/gr-100.com\/pt-pt\/producto\/cannondale-bisturi-ht-carbono-3-2022\/","og_locale":"pt_PT","og_type":"article","og_title":"Cannondale Bisturi HT Carbono 3 2022","og_description":"Domine qualquer terreno com o Bisturi Cannondale HT Carbon 3 2022. Na GR-100 encontrar\u00e1 a bicicleta topo de gama perfeita para os seus desafios de ciclismo.","og_url":"https:\/\/gr-100.com\/pt-pt\/producto\/cannondale-bisturi-ht-carbono-3-2022\/","og_site_name":"Gr-100 Tienda de ciclismo Specialized","article_publisher":"https:\/\/www.facebook.com\/Gr100Bikes","article_modified_time":"2025-11-26T14:27:28+00:00","og_image":[{"width":1000,"height":1000,"url":"https:\/\/gr-100.com\/wp-content\/uploads\/2024\/05\/1-C21_C25301U_Scalpel_HT_Cr.jpg","type":"image\/jpeg"}],"twitter_card":"summary_large_image","twitter_misc":{"Tempo estimado de leitura":"1 minuto"},"schema":{"@context":"https:\/\/schema.org","@graph":[{"@type":"WebPage","@id":"https:\/\/gr-100.com\/pt-pt\/producto\/cannondale-bisturi-ht-carbono-3-2022\/","url":"https:\/\/gr-100.com\/pt-pt\/producto\/cannondale-bisturi-ht-carbono-3-2022\/","name":"Cannondale Bisturi HT Carbono 3 2022 GR-100 CANH\u00c3O","isPartOf":{"@id":"https:\/\/gr-100.com\/#website"},"primaryImageOfPage":{"@id":"https:\/\/gr-100.com\/pt-pt\/producto\/cannondale-bisturi-ht-carbono-3-2022\/#primaryimage"},"image":{"@id":"https:\/\/gr-100.com\/pt-pt\/producto\/cannondale-bisturi-ht-carbono-3-2022\/#primaryimage"},"thumbnailUrl":"https:\/\/gr-100.com\/wp-content\/uploads\/2024\/05\/1-C21_C25301U_Scalpel_HT_Cr.jpg","datePublished":"2024-07-01T09:53:49+00:00","dateModified":"2025-11-26T14:27:28+00:00","description":"Domine qualquer terreno com o Bisturi Cannondale HT Carbon 3 2022. Na GR-100 encontrar\u00e1 a bicicleta topo de gama perfeita para os seus desafios de ciclismo.","breadcrumb":{"@id":"https:\/\/gr-100.com\/pt-pt\/producto\/cannondale-bisturi-ht-carbono-3-2022\/#breadcrumb"},"inLanguage":"pt-PT","potentialAction":[{"@type":"ReadAction","target":["https:\/\/gr-100.com\/pt-pt\/producto\/cannondale-bisturi-ht-carbono-3-2022\/"]}]},{"@type":"ImageObject","inLanguage":"pt-PT","@id":"https:\/\/gr-100.com\/pt-pt\/producto\/cannondale-bisturi-ht-carbono-3-2022\/#primaryimage","url":"https:\/\/gr-100.com\/wp-content\/uploads\/2024\/05\/1-C21_C25301U_Scalpel_HT_Cr.jpg","contentUrl":"https:\/\/gr-100.com\/wp-content\/uploads\/2024\/05\/1-C21_C25301U_Scalpel_HT_Cr.jpg","width":1000,"height":1000},{"@type":"BreadcrumbList","@id":"https:\/\/gr-100.com\/pt-pt\/producto\/cannondale-bisturi-ht-carbono-3-2022\/#breadcrumb","itemListElement":[{"@type":"ListItem","position":1,"name":"Portada","item":"https:\/\/gr-100.com\/en\/"},{"@type":"ListItem","position":2,"name":"Productos","item":"https:\/\/gr-100.com\/?post_type=product"},{"@type":"ListItem","position":3,"name":"Cannondale Bisturi HT Carbono 3 2022"}]},{"@type":"WebSite","@id":"https:\/\/gr-100.com\/#website","url":"https:\/\/gr-100.com\/","name":"Gr-100 Tienda de ciclismo Specialized","description":"GR-100 tenemos todas las gamas de bicicletas Specialized al mejor precio.","publisher":{"@id":"https:\/\/gr-100.com\/#organization"},"alternateName":"Gr-100 Bikes","potentialAction":[{"@type":"SearchAction","target":{"@type":"EntryPoint","urlTemplate":"https:\/\/gr-100.com\/?s={search_term_string}"},"query-input":{"@type":"PropertyValueSpecification","valueRequired":true,"valueName":"search_term_string"}}],"inLanguage":"pt-PT"},{"@type":"Organization","@id":"https:\/\/gr-100.com\/#organization","name":"Gr-100","url":"https:\/\/gr-100.com\/","logo":{"@type":"ImageObject","inLanguage":"pt-PT","@id":"https:\/\/gr-100.com\/#\/schema\/logo\/image\/","url":"https:\/\/gr-100.com\/wp-content\/uploads\/2023\/08\/logo-gr-100-bikes.png","contentUrl":"https:\/\/gr-100.com\/wp-content\/uploads\/2023\/08\/logo-gr-100-bikes.png","width":707,"height":284,"caption":"Gr-100"},"image":{"@id":"https:\/\/gr-100.com\/#\/schema\/logo\/image\/"},"sameAs":["https:\/\/www.facebook.com\/Gr100Bikes","https:\/\/www.instagram.com\/gr100bikes\/","https:\/\/www.tiktok.com\/@gr100bikes","https:\/\/twitter.com\/gr100mtbteam","https:\/\/www.youtube.com\/c\/GR100Specialized"]}]}},"_links":{"self":[{"href":"https:\/\/gr-100.com\/pt-pt\/wp-json\/wp\/v2\/product\/382095","targetHints":{"allow":["GET"]}}],"collection":[{"href":"https:\/\/gr-100.com\/pt-pt\/wp-json\/wp\/v2\/product"}],"about":[{"href":"https:\/\/gr-100.com\/pt-pt\/wp-json\/wp\/v2\/types\/product"}],"replies":[{"embeddable":true,"href":"https:\/\/gr-100.com\/pt-pt\/wp-json\/wp\/v2\/comments?post=382095"}],"wp:featuredmedia":[{"embeddable":true,"href":"https:\/\/gr-100.com\/pt-pt\/wp-json\/wp\/v2\/media\/286046"}],"wp:attachment":[{"href":"https:\/\/gr-100.com\/pt-pt\/wp-json\/wp\/v2\/media?parent=382095"}],"wp:term":[{"taxonomy":"product_brand","embeddable":true,"href":"https:\/\/gr-100.com\/pt-pt\/wp-json\/wp\/v2\/product_brand?post=382095"},{"taxonomy":"product_cat","embeddable":true,"href":"https:\/\/gr-100.com\/pt-pt\/wp-json\/wp\/v2\/product_cat?post=382095"},{"taxonomy":"product_tag","embeddable":true,"href":"https:\/\/gr-100.com\/pt-pt\/wp-json\/wp\/v2\/product_tag?post=382095"}],"curies":[{"name":"wp","href":"https:\/\/api.w.org\/{rel}","templated":true}]}}