{"id":382139,"date":"2024-07-01T09:47:41","date_gmt":"2024-07-01T09:47:41","guid":{"rendered":"https:\/\/gr-100.com\/producto\/liga-especializada-stumpjumper-2022\/"},"modified":"2025-11-26T16:26:25","modified_gmt":"2025-11-26T14:26:25","slug":"liga-especializada-stumpjumper-2022","status":"publish","type":"product","link":"https:\/\/gr-100.com\/pt-pt\/producto\/liga-especializada-stumpjumper-2022\/","title":{"rendered":"Specialized Liga StumpJumper 2022"},"content":{"rendered":"<ul>\n<li>Especifica\u00e7\u00f5es t\u00e9cnicas<\/li>\n<li>CONJUNTO DE QUADROS<\/li>\n<li>Chassis e traseira CUADRO<br \/>\nAlloy, design assim\u00e9trico, Geometria 29 Trail, ajuste BB de piv\u00f4 horst, BB roscado, dropouts de 12x148mm, piv\u00f4s de rolamento de cartucho selados, gancho derailleur substitu\u00edvel, 130mm de curso<\/li>\n<li>ABRA\u00c7O. Liga de sela<br \/>\n, 38.6mm <\/li>\n<li>Suspens\u00e3o<\/li>\n<li>X-Fusion 02 Pro RL SHOCK<br \/>\n, Rx Trail Tune, ajuste de ricochete, bloqueio S1:190&#215;42.5mm, S2-S6: 190x45mm<\/li>\n<li>RockShox 35 Silver FORK,<br \/>\n Solo Air, 44mm offset, ajuste de rebote, bloqueio TurnKey, 15x110mm Boost\u2122 Maxle\u00ae Lite thru-axle, 140mm de curso<\/li>\n<li>CABINE DE PILOTAGEM<\/li>\n<li>STEM<br \/>\nAlloy Trail Stem, furo em barra de 35 mm<\/li>\n<li>GUID\u00c3O<br \/>\nSpecialized, liga 6061, upsweep de 6 graus, backsweep de 8 graus, eleva\u00e7\u00e3o de 30mm, largura de 780mm<\/li>\n<li>Specialized\n<\/li>\n<li>\nSelim de ponte de geometria do corpo, trilhos de a\u00e7o<\/li>\n<li>Estace<br \/>\n de assento conta-gotas TranzX, 34.9mm, S1: 100mm, S2: 125mm, S3: 150mm. S4-S5: 170mm, S6- 200mm <\/li>\n<li>TRAV\u00d5ES<\/li>\n<li>FREIO DIANTEIRO<br \/>\nTektro Gemini Comp, disco hidr\u00e1ulico, pastilha de resina, 200mm<\/li>\n<li>FREIO TRASEIRO<br \/>\nTektro Gemini Comp, disco hidr\u00e1ulico, pastilha de resina, 180mm<\/li>\n<li>TRANSMISS\u00c3O<\/li>\n<li>SRAM Eagle, DERAILLEUR<br \/>\n de 12 velocidades<\/li>\n<li>SRAM Eagle, gatilho, alavancas de c\u00e2mbio de<br \/>\n 12 velocidades<\/li>\n<li>SRAM PG-1210 \u00c1guia CASSETTE,<br \/>\n 11-50tSRAM<\/li>\n<li>SRAM Eagle Corrente<br \/>\n de 12 velocidades<\/li>\n<li>Suporte inferior<br \/>\n SRAM Eagle, S1:165mm, S2-S5: 170mm, S6: 175mm<\/li>\n<li>PLATOS<br \/>\n30T<\/li>\n<li>SRAM Powerspline SUPORTE<br \/>\nSRAM INFERIOR<\/li>\n<li>RODAS<\/li>\n<li>RIMS<br \/>\nLiga de parede dupla, largura interna de 27mm, 28h<\/li>\n<li>CUBO DIANTEIRO<br \/>\nLiga, rolamentos de cartucho selados, eixo thru 15x110mm, 28h<\/li>\n<li>CUBO TRASEIRO<br \/>\nLiga, rolamentos de cartucho selados, eixo thru 12x148mm, 28h<\/li>\n<li>PNEU.<br \/>\nTalho, inv\u00f3lucro GRID, composto GRIPTON\u00ae T7, 29&#215;2.3&#8243;<\/li>\n<li>Pneu TRASEIRO<br \/>\nPurgat\u00f3rio, inv\u00f3lucro GRID, composto GRIPTON\u00ae T7, 29&#215;2.3&#8243;<\/li>\n<li>C\u00c2MERAS<br \/>\nStandard, v\u00e1lvula Presta<\/li>\n<li>RODAS &amp; PNEUS<\/li>\n<li>raios inoxid\u00e1veis,<br \/>\n 14g<\/li>\n<\/ul>\n","protected":false},"excerpt":{"rendered":"<p>O Stumpjumper de alum\u00ednio traz consigo a nova cinem\u00e1tica e geometria progressiva em um quadro que \u00e9 leve, mas extremamente forte.<br \/>\nEquipada com o SRAM SX de 12 velocidades, \u00e9 a moto perfeita a um pre\u00e7o acess\u00edvel para as suas aventuras de trilha&#8230; <\/p>\n","protected":false},"featured_media":285691,"comment_status":"closed","ping_status":"closed","template":"","meta":{"_acf_changed":false,"_et_pb_use_builder":"","_et_pb_old_content":"","_et_gb_content_width":"","inline_featured_image":false},"product_brand":[],"product_cat":[20,378],"product_tag":[],"class_list":{"0":"post-382139","1":"product","2":"type-product","3":"status-publish","4":"has-post-thumbnail","6":"product_cat-bicicletas-de-carretera","7":"product_cat-estrada","9":"first","10":"outofstock","11":"taxable","12":"shipping-taxable","13":"product-type-variable","14":"wvs-archive-product-wrapper"},"acf":[],"yoast_head":"<!-- This site is optimized with the Yoast SEO Premium plugin v26.7 (Yoast SEO v26.7) - https:\/\/yoast.com\/wordpress\/plugins\/seo\/ -->\n<title>Specialized Liga StumpJumper 2022 GR-100 STUMPJUMPER<\/title>\n<meta name=\"description\" content=\"SPECIALIZED STUMPJUMPER LIGA 2022. O Stumpjumper de alum\u00ednio traz consigo a nova cinem\u00e1tica e geometria progressiva em um quadro leve.\" \/>\n<meta name=\"robots\" content=\"index, follow, max-snippet:-1, max-image-preview:large, max-video-preview:-1\" \/>\n<link rel=\"canonical\" href=\"https:\/\/gr-100.com\/pt-pt\/producto\/liga-especializada-stumpjumper-2022\/\" \/>\n<meta property=\"og:locale\" content=\"pt_PT\" \/>\n<meta property=\"og:type\" content=\"article\" \/>\n<meta property=\"og:title\" content=\"Specialized Liga StumpJumper 2022\" \/>\n<meta property=\"og:description\" content=\"SPECIALIZED STUMPJUMPER LIGA 2022. O Stumpjumper de alum\u00ednio traz consigo a nova cinem\u00e1tica e geometria progressiva em um quadro leve.\" \/>\n<meta property=\"og:url\" content=\"https:\/\/gr-100.com\/pt-pt\/producto\/liga-especializada-stumpjumper-2022\/\" \/>\n<meta property=\"og:site_name\" content=\"Gr-100 Tienda de ciclismo Specialized\" \/>\n<meta property=\"article:publisher\" content=\"https:\/\/www.facebook.com\/Gr100Bikes\" \/>\n<meta property=\"article:modified_time\" content=\"2025-11-26T14:26:25+00:00\" \/>\n<meta property=\"og:image\" content=\"https:\/\/gr-100.com\/wp-content\/uploads\/2024\/05\/1-Screenshot-of-93322-70_SJ.jpg\" \/>\n\t<meta property=\"og:image:width\" content=\"1000\" \/>\n\t<meta property=\"og:image:height\" content=\"1000\" \/>\n\t<meta property=\"og:image:type\" content=\"image\/jpeg\" \/>\n<meta name=\"twitter:card\" content=\"summary_large_image\" \/>\n<meta name=\"twitter:label1\" content=\"Tempo estimado de leitura\" \/>\n\t<meta name=\"twitter:data1\" content=\"1 minuto\" \/>\n<script type=\"application\/ld+json\" class=\"yoast-schema-graph\">{\"@context\":\"https:\/\/schema.org\",\"@graph\":[{\"@type\":\"WebPage\",\"@id\":\"https:\/\/gr-100.com\/pt-pt\/producto\/liga-especializada-stumpjumper-2022\/\",\"url\":\"https:\/\/gr-100.com\/pt-pt\/producto\/liga-especializada-stumpjumper-2022\/\",\"name\":\"Specialized Liga StumpJumper 2022 GR-100 STUMPJUMPER\",\"isPartOf\":{\"@id\":\"https:\/\/gr-100.com\/#website\"},\"primaryImageOfPage\":{\"@id\":\"https:\/\/gr-100.com\/pt-pt\/producto\/liga-especializada-stumpjumper-2022\/#primaryimage\"},\"image\":{\"@id\":\"https:\/\/gr-100.com\/pt-pt\/producto\/liga-especializada-stumpjumper-2022\/#primaryimage\"},\"thumbnailUrl\":\"https:\/\/gr-100.com\/wp-content\/uploads\/2024\/05\/1-Screenshot-of-93322-70_SJ.jpg\",\"datePublished\":\"2024-07-01T09:47:41+00:00\",\"dateModified\":\"2025-11-26T14:26:25+00:00\",\"description\":\"SPECIALIZED STUMPJUMPER LIGA 2022. O Stumpjumper de alum\u00ednio traz consigo a nova cinem\u00e1tica e geometria progressiva em um quadro leve.\",\"breadcrumb\":{\"@id\":\"https:\/\/gr-100.com\/pt-pt\/producto\/liga-especializada-stumpjumper-2022\/#breadcrumb\"},\"inLanguage\":\"pt-PT\",\"potentialAction\":[{\"@type\":\"ReadAction\",\"target\":[\"https:\/\/gr-100.com\/pt-pt\/producto\/liga-especializada-stumpjumper-2022\/\"]}]},{\"@type\":\"ImageObject\",\"inLanguage\":\"pt-PT\",\"@id\":\"https:\/\/gr-100.com\/pt-pt\/producto\/liga-especializada-stumpjumper-2022\/#primaryimage\",\"url\":\"https:\/\/gr-100.com\/wp-content\/uploads\/2024\/05\/1-Screenshot-of-93322-70_SJ.jpg\",\"contentUrl\":\"https:\/\/gr-100.com\/wp-content\/uploads\/2024\/05\/1-Screenshot-of-93322-70_SJ.jpg\",\"width\":1000,\"height\":1000},{\"@type\":\"BreadcrumbList\",\"@id\":\"https:\/\/gr-100.com\/pt-pt\/producto\/liga-especializada-stumpjumper-2022\/#breadcrumb\",\"itemListElement\":[{\"@type\":\"ListItem\",\"position\":1,\"name\":\"Portada\",\"item\":\"https:\/\/gr-100.com\/en\/\"},{\"@type\":\"ListItem\",\"position\":2,\"name\":\"Productos\",\"item\":\"https:\/\/gr-100.com\/?post_type=product\"},{\"@type\":\"ListItem\",\"position\":3,\"name\":\"Specialized Liga StumpJumper 2022\"}]},{\"@type\":\"WebSite\",\"@id\":\"https:\/\/gr-100.com\/#website\",\"url\":\"https:\/\/gr-100.com\/\",\"name\":\"Gr-100 Tienda de ciclismo Specialized\",\"description\":\"GR-100 tenemos todas las gamas de bicicletas Specialized al mejor precio.\",\"publisher\":{\"@id\":\"https:\/\/gr-100.com\/#organization\"},\"alternateName\":\"Gr-100 Bikes\",\"potentialAction\":[{\"@type\":\"SearchAction\",\"target\":{\"@type\":\"EntryPoint\",\"urlTemplate\":\"https:\/\/gr-100.com\/?s={search_term_string}\"},\"query-input\":{\"@type\":\"PropertyValueSpecification\",\"valueRequired\":true,\"valueName\":\"search_term_string\"}}],\"inLanguage\":\"pt-PT\"},{\"@type\":\"Organization\",\"@id\":\"https:\/\/gr-100.com\/#organization\",\"name\":\"Gr-100\",\"url\":\"https:\/\/gr-100.com\/\",\"logo\":{\"@type\":\"ImageObject\",\"inLanguage\":\"pt-PT\",\"@id\":\"https:\/\/gr-100.com\/#\/schema\/logo\/image\/\",\"url\":\"https:\/\/gr-100.com\/wp-content\/uploads\/2023\/08\/logo-gr-100-bikes.png\",\"contentUrl\":\"https:\/\/gr-100.com\/wp-content\/uploads\/2023\/08\/logo-gr-100-bikes.png\",\"width\":707,\"height\":284,\"caption\":\"Gr-100\"},\"image\":{\"@id\":\"https:\/\/gr-100.com\/#\/schema\/logo\/image\/\"},\"sameAs\":[\"https:\/\/www.facebook.com\/Gr100Bikes\",\"https:\/\/www.instagram.com\/gr100bikes\/\",\"https:\/\/www.tiktok.com\/@gr100bikes\",\"https:\/\/twitter.com\/gr100mtbteam\",\"https:\/\/www.youtube.com\/c\/GR100Specialized\"]}]}<\/script>\n<!-- \/ Yoast SEO Premium plugin. -->","yoast_head_json":{"title":"Specialized Liga StumpJumper 2022 GR-100 STUMPJUMPER","description":"SPECIALIZED STUMPJUMPER LIGA 2022. O Stumpjumper de alum\u00ednio traz consigo a nova cinem\u00e1tica e geometria progressiva em um quadro leve.","robots":{"index":"index","follow":"follow","max-snippet":"max-snippet:-1","max-image-preview":"max-image-preview:large","max-video-preview":"max-video-preview:-1"},"canonical":"https:\/\/gr-100.com\/pt-pt\/producto\/liga-especializada-stumpjumper-2022\/","og_locale":"pt_PT","og_type":"article","og_title":"Specialized Liga StumpJumper 2022","og_description":"SPECIALIZED STUMPJUMPER LIGA 2022. O Stumpjumper de alum\u00ednio traz consigo a nova cinem\u00e1tica e geometria progressiva em um quadro leve.","og_url":"https:\/\/gr-100.com\/pt-pt\/producto\/liga-especializada-stumpjumper-2022\/","og_site_name":"Gr-100 Tienda de ciclismo Specialized","article_publisher":"https:\/\/www.facebook.com\/Gr100Bikes","article_modified_time":"2025-11-26T14:26:25+00:00","og_image":[{"width":1000,"height":1000,"url":"https:\/\/gr-100.com\/wp-content\/uploads\/2024\/05\/1-Screenshot-of-93322-70_SJ.jpg","type":"image\/jpeg"}],"twitter_card":"summary_large_image","twitter_misc":{"Tempo estimado de leitura":"1 minuto"},"schema":{"@context":"https:\/\/schema.org","@graph":[{"@type":"WebPage","@id":"https:\/\/gr-100.com\/pt-pt\/producto\/liga-especializada-stumpjumper-2022\/","url":"https:\/\/gr-100.com\/pt-pt\/producto\/liga-especializada-stumpjumper-2022\/","name":"Specialized Liga StumpJumper 2022 GR-100 STUMPJUMPER","isPartOf":{"@id":"https:\/\/gr-100.com\/#website"},"primaryImageOfPage":{"@id":"https:\/\/gr-100.com\/pt-pt\/producto\/liga-especializada-stumpjumper-2022\/#primaryimage"},"image":{"@id":"https:\/\/gr-100.com\/pt-pt\/producto\/liga-especializada-stumpjumper-2022\/#primaryimage"},"thumbnailUrl":"https:\/\/gr-100.com\/wp-content\/uploads\/2024\/05\/1-Screenshot-of-93322-70_SJ.jpg","datePublished":"2024-07-01T09:47:41+00:00","dateModified":"2025-11-26T14:26:25+00:00","description":"SPECIALIZED STUMPJUMPER LIGA 2022. O Stumpjumper de alum\u00ednio traz consigo a nova cinem\u00e1tica e geometria progressiva em um quadro leve.","breadcrumb":{"@id":"https:\/\/gr-100.com\/pt-pt\/producto\/liga-especializada-stumpjumper-2022\/#breadcrumb"},"inLanguage":"pt-PT","potentialAction":[{"@type":"ReadAction","target":["https:\/\/gr-100.com\/pt-pt\/producto\/liga-especializada-stumpjumper-2022\/"]}]},{"@type":"ImageObject","inLanguage":"pt-PT","@id":"https:\/\/gr-100.com\/pt-pt\/producto\/liga-especializada-stumpjumper-2022\/#primaryimage","url":"https:\/\/gr-100.com\/wp-content\/uploads\/2024\/05\/1-Screenshot-of-93322-70_SJ.jpg","contentUrl":"https:\/\/gr-100.com\/wp-content\/uploads\/2024\/05\/1-Screenshot-of-93322-70_SJ.jpg","width":1000,"height":1000},{"@type":"BreadcrumbList","@id":"https:\/\/gr-100.com\/pt-pt\/producto\/liga-especializada-stumpjumper-2022\/#breadcrumb","itemListElement":[{"@type":"ListItem","position":1,"name":"Portada","item":"https:\/\/gr-100.com\/en\/"},{"@type":"ListItem","position":2,"name":"Productos","item":"https:\/\/gr-100.com\/?post_type=product"},{"@type":"ListItem","position":3,"name":"Specialized Liga StumpJumper 2022"}]},{"@type":"WebSite","@id":"https:\/\/gr-100.com\/#website","url":"https:\/\/gr-100.com\/","name":"Gr-100 Tienda de ciclismo Specialized","description":"GR-100 tenemos todas las gamas de bicicletas Specialized al mejor precio.","publisher":{"@id":"https:\/\/gr-100.com\/#organization"},"alternateName":"Gr-100 Bikes","potentialAction":[{"@type":"SearchAction","target":{"@type":"EntryPoint","urlTemplate":"https:\/\/gr-100.com\/?s={search_term_string}"},"query-input":{"@type":"PropertyValueSpecification","valueRequired":true,"valueName":"search_term_string"}}],"inLanguage":"pt-PT"},{"@type":"Organization","@id":"https:\/\/gr-100.com\/#organization","name":"Gr-100","url":"https:\/\/gr-100.com\/","logo":{"@type":"ImageObject","inLanguage":"pt-PT","@id":"https:\/\/gr-100.com\/#\/schema\/logo\/image\/","url":"https:\/\/gr-100.com\/wp-content\/uploads\/2023\/08\/logo-gr-100-bikes.png","contentUrl":"https:\/\/gr-100.com\/wp-content\/uploads\/2023\/08\/logo-gr-100-bikes.png","width":707,"height":284,"caption":"Gr-100"},"image":{"@id":"https:\/\/gr-100.com\/#\/schema\/logo\/image\/"},"sameAs":["https:\/\/www.facebook.com\/Gr100Bikes","https:\/\/www.instagram.com\/gr100bikes\/","https:\/\/www.tiktok.com\/@gr100bikes","https:\/\/twitter.com\/gr100mtbteam","https:\/\/www.youtube.com\/c\/GR100Specialized"]}]}},"_links":{"self":[{"href":"https:\/\/gr-100.com\/pt-pt\/wp-json\/wp\/v2\/product\/382139","targetHints":{"allow":["GET"]}}],"collection":[{"href":"https:\/\/gr-100.com\/pt-pt\/wp-json\/wp\/v2\/product"}],"about":[{"href":"https:\/\/gr-100.com\/pt-pt\/wp-json\/wp\/v2\/types\/product"}],"replies":[{"embeddable":true,"href":"https:\/\/gr-100.com\/pt-pt\/wp-json\/wp\/v2\/comments?post=382139"}],"wp:featuredmedia":[{"embeddable":true,"href":"https:\/\/gr-100.com\/pt-pt\/wp-json\/wp\/v2\/media\/285691"}],"wp:attachment":[{"href":"https:\/\/gr-100.com\/pt-pt\/wp-json\/wp\/v2\/media?parent=382139"}],"wp:term":[{"taxonomy":"product_brand","embeddable":true,"href":"https:\/\/gr-100.com\/pt-pt\/wp-json\/wp\/v2\/product_brand?post=382139"},{"taxonomy":"product_cat","embeddable":true,"href":"https:\/\/gr-100.com\/pt-pt\/wp-json\/wp\/v2\/product_cat?post=382139"},{"taxonomy":"product_tag","embeddable":true,"href":"https:\/\/gr-100.com\/pt-pt\/wp-json\/wp\/v2\/product_tag?post=382139"}],"curies":[{"name":"wp","href":"https:\/\/api.w.org\/{rel}","templated":true}]}}