{"id":382156,"date":"2024-07-01T09:37:11","date_gmt":"2024-07-01T07:37:11","guid":{"rendered":"https:\/\/gr-100.com\/producto\/rockhopper-elite-especializado-29-2023\/"},"modified":"2025-12-18T16:46:50","modified_gmt":"2025-12-18T14:46:50","slug":"rockhopper-elite-especializado-29-2023","status":"publish","type":"product","link":"https:\/\/gr-100.com\/pt-pt\/producto\/rockhopper-elite-especializado-29-2023\/","title":{"rendered":"Specialized Rockhopper Elite 29&#8243; 2023"},"content":{"rendered":"<p>CARATER\u00cdSTICAS:<\/p>\n<ul>\n<li>Estrutura: Liga c\u00f3nica Specialized , tubo de cabe\u00e7a de pilha zero, roteamento de cabo interno, sa\u00eddas forjadas de 135x9mm, freio a disco montado em corrente, gancho derailleur de liga substitu\u00edvel, suportes de z\u00edper invis\u00edveis, compat\u00edvel com poste conta-gotas<\/li>\n<li>Forquilha: RockShox Judy, Solo Air, choque chave na m\u00e3o, deslocamento de 46mm, QR, curso 80\/90\/100mm (tamanho espec\u00edfico), tubo de cabe\u00e7a de a\u00e7o<\/li>\n<li>Haste: liga forjada 3D, 31.8mm, aumento de 7 graus<\/li>\n<li>Guiador: Stout Mini Rise, liga, deslocamento de 9 graus, eleva\u00e7\u00e3o de 15mm, 31,8mm<\/li>\n<li>Selim: Bridge Sport, trilhos de a\u00e7o, 155\/143mm<\/li>\n<li>Freio dianteiro: Shimano BR-MT200, disco hidr\u00e1ulico, 180mm<\/li>\n<li>Punhos: SpecializedMTB, bloqueio<\/li>\n<li>Freio traseiro: Shimano BR-MT200, disco hidr\u00e1ulico, 180mm<\/li>\n<li>Shifters: Shimano Deore M5100, 11 velocidades<\/li>\n<li>Descarrilador traseiro: Shimano Deore M5100, SGS, 11 velocidades<\/li>\n<li>: Shimano Deore, 11 velocidades, 11-51 dentes<\/li>\n<li>Corrente: KMC X11EPT, revestimento anticorros\u00e3o de 11 velocidades com elo \u2122 ausente reutiliz\u00e1vel<\/li>\n<li>Manivela: Stout 1x, liga forjada<\/li>\n<li>Suporte inferior: Rolamentos internos c\u00f4nicos quadrados, 73 mm, eixo de 122,5 mm<\/li>\n<li>Pedais: SBC-54 Flat Pedal<\/li>\n<li>Jantes: Liga especializada, sem gancho, sem tubo pronto, 25mm de largura interna<\/li>\n<li>Cubo dianteiro: f\u00f3rmula DC-20, 6 parafusos, disco, espa\u00e7amento 100x9mm, libera\u00e7\u00e3o r\u00e1pida<\/li>\n<li>Cubo traseiro: f\u00f3rmula DC-22, freehub de 6 parafusos, disco, espa\u00e7amento de 135x9mm, libera\u00e7\u00e3o r\u00e1pida<\/li>\n<li>Capa frontal: Specialized , caixa de controle, composto T5, 29&#215;2.35<\/li>\n<li>Tampa Traseira: Specialized , Caixa de Controle, T5 Composto, 29&#215;2.35<\/li>\n<li>Raios: Stainless, 14g<\/li>\n<li>C\u00e2maras: Presta, v\u00e1lvula de 40mm<\/li>\n<li>Espig\u00e3o: Liga, bra\u00e7adeira de 2 parafusos, 30,9 mm<\/li>\n<li>Bloqueio do assento: liga, libera\u00e7\u00e3o r\u00e1pida, 34,9<\/li>\n<\/ul>\n","protected":false},"excerpt":{"rendered":"<p>A Rockhopper Elite \u00e9 uma \u00f3tima moto.<br \/>\nGarfo de suspens\u00e3o pneum\u00e1tica?<br \/>\nDeixe-me apresentar-lhe a sua nova amiga, Judy.<br \/>\nDiscernindo quando se trata de sua transmiss\u00e3o?<br \/>\nVoc\u00ea n\u00e3o encontrar\u00e1 problemas e nenhuma colina ser\u00e1 muito \u00edngreme, gra\u00e7as ao amplo conjunto propulsor Shimano Deore 1&#215;11.    <\/p>\n","protected":false},"featured_media":285490,"comment_status":"closed","ping_status":"closed","template":"","meta":{"_acf_changed":false,"_et_pb_use_builder":"","_et_pb_old_content":"","_et_gb_content_width":"","inline_featured_image":false},"product_brand":[],"product_cat":[2459,402,2483,2460],"product_tag":[],"class_list":{"0":"post-382156","1":"product","2":"type-product","3":"status-publish","4":"has-post-thumbnail","6":"product_cat-bicicletas-pt-pt-2","7":"product_cat-montanha","8":"product_cat-bicicletas-especializadas","9":"product_cat-ofertas-pt-pt","10":"product_shipping_class-bicicletas-pt-pt","12":"first","13":"outofstock","14":"taxable","15":"shipping-taxable","16":"product-type-variable","17":"wvs-archive-product-wrapper"},"acf":[],"yoast_head":"<!-- This site is optimized with the Yoast SEO Premium plugin v26.7 (Yoast SEO v26.7) - https:\/\/yoast.com\/wordpress\/plugins\/seo\/ -->\n<title>Specialized Rockhopper Elite 29&quot; 2023 GR-100 ROCKHOPPER<\/title>\n<meta name=\"description\" content=\"SPECIALIZED ROCKHOPPER ELITE 29&quot; 2023. \u00c9 uma \u00f3tima moto. RockShox Judy. Trem de for\u00e7a Shimano Deore 1x11. Shimano.\" \/>\n<meta name=\"robots\" content=\"index, follow, max-snippet:-1, max-image-preview:large, max-video-preview:-1\" \/>\n<link rel=\"canonical\" href=\"https:\/\/gr-100.com\/pt-pt\/producto\/rockhopper-elite-especializado-29-2023\/\" \/>\n<meta property=\"og:locale\" content=\"pt_PT\" \/>\n<meta property=\"og:type\" content=\"article\" \/>\n<meta property=\"og:title\" content=\"Specialized Rockhopper Elite 29&quot; 2023\" \/>\n<meta property=\"og:description\" content=\"SPECIALIZED ROCKHOPPER ELITE 29&quot; 2023. \u00c9 uma \u00f3tima moto. RockShox Judy. Trem de for\u00e7a Shimano Deore 1x11. Shimano.\" \/>\n<meta property=\"og:url\" content=\"https:\/\/gr-100.com\/pt-pt\/producto\/rockhopper-elite-especializado-29-2023\/\" \/>\n<meta property=\"og:site_name\" content=\"Gr-100 Tienda de ciclismo Specialized\" \/>\n<meta property=\"article:publisher\" content=\"https:\/\/www.facebook.com\/Gr100Bikes\" \/>\n<meta property=\"article:modified_time\" content=\"2025-12-18T14:46:50+00:00\" \/>\n<meta property=\"og:image\" content=\"https:\/\/gr-100.com\/wp-content\/uploads\/2024\/05\/GLOSS-SAGE-GREEN.jpg\" \/>\n\t<meta property=\"og:image:width\" content=\"1000\" \/>\n\t<meta property=\"og:image:height\" content=\"1000\" \/>\n\t<meta property=\"og:image:type\" content=\"image\/jpeg\" \/>\n<meta name=\"twitter:card\" content=\"summary_large_image\" \/>\n<meta name=\"twitter:label1\" content=\"Tempo estimado de leitura\" \/>\n\t<meta name=\"twitter:data1\" content=\"1 minuto\" \/>\n<script type=\"application\/ld+json\" class=\"yoast-schema-graph\">{\"@context\":\"https:\/\/schema.org\",\"@graph\":[{\"@type\":\"WebPage\",\"@id\":\"https:\/\/gr-100.com\/pt-pt\/producto\/rockhopper-elite-especializado-29-2023\/\",\"url\":\"https:\/\/gr-100.com\/pt-pt\/producto\/rockhopper-elite-especializado-29-2023\/\",\"name\":\"Specialized Rockhopper Elite 29\\\" 2023 GR-100 ROCKHOPPER\",\"isPartOf\":{\"@id\":\"https:\/\/gr-100.com\/#website\"},\"primaryImageOfPage\":{\"@id\":\"https:\/\/gr-100.com\/pt-pt\/producto\/rockhopper-elite-especializado-29-2023\/#primaryimage\"},\"image\":{\"@id\":\"https:\/\/gr-100.com\/pt-pt\/producto\/rockhopper-elite-especializado-29-2023\/#primaryimage\"},\"thumbnailUrl\":\"https:\/\/gr-100.com\/wp-content\/uploads\/2024\/05\/GLOSS-SAGE-GREEN.jpg\",\"datePublished\":\"2024-07-01T07:37:11+00:00\",\"dateModified\":\"2025-12-18T14:46:50+00:00\",\"description\":\"SPECIALIZED ROCKHOPPER ELITE 29\\\" 2023. \u00c9 uma \u00f3tima moto. RockShox Judy. Trem de for\u00e7a Shimano Deore 1x11. Shimano.\",\"breadcrumb\":{\"@id\":\"https:\/\/gr-100.com\/pt-pt\/producto\/rockhopper-elite-especializado-29-2023\/#breadcrumb\"},\"inLanguage\":\"pt-PT\",\"potentialAction\":[{\"@type\":\"ReadAction\",\"target\":[\"https:\/\/gr-100.com\/pt-pt\/producto\/rockhopper-elite-especializado-29-2023\/\"]}]},{\"@type\":\"ImageObject\",\"inLanguage\":\"pt-PT\",\"@id\":\"https:\/\/gr-100.com\/pt-pt\/producto\/rockhopper-elite-especializado-29-2023\/#primaryimage\",\"url\":\"https:\/\/gr-100.com\/wp-content\/uploads\/2024\/05\/GLOSS-SAGE-GREEN.jpg\",\"contentUrl\":\"https:\/\/gr-100.com\/wp-content\/uploads\/2024\/05\/GLOSS-SAGE-GREEN.jpg\",\"width\":1000,\"height\":1000},{\"@type\":\"BreadcrumbList\",\"@id\":\"https:\/\/gr-100.com\/pt-pt\/producto\/rockhopper-elite-especializado-29-2023\/#breadcrumb\",\"itemListElement\":[{\"@type\":\"ListItem\",\"position\":1,\"name\":\"Portada\",\"item\":\"https:\/\/gr-100.com\/en\/\"},{\"@type\":\"ListItem\",\"position\":2,\"name\":\"Productos\",\"item\":\"https:\/\/gr-100.com\/?post_type=product\"},{\"@type\":\"ListItem\",\"position\":3,\"name\":\"Specialized Rockhopper Elite 29&#8243; 2023\"}]},{\"@type\":\"WebSite\",\"@id\":\"https:\/\/gr-100.com\/#website\",\"url\":\"https:\/\/gr-100.com\/\",\"name\":\"Gr-100 Tienda de ciclismo Specialized\",\"description\":\"GR-100 tenemos todas las gamas de bicicletas Specialized al mejor precio.\",\"publisher\":{\"@id\":\"https:\/\/gr-100.com\/#organization\"},\"alternateName\":\"Gr-100 Bikes\",\"potentialAction\":[{\"@type\":\"SearchAction\",\"target\":{\"@type\":\"EntryPoint\",\"urlTemplate\":\"https:\/\/gr-100.com\/?s={search_term_string}\"},\"query-input\":{\"@type\":\"PropertyValueSpecification\",\"valueRequired\":true,\"valueName\":\"search_term_string\"}}],\"inLanguage\":\"pt-PT\"},{\"@type\":\"Organization\",\"@id\":\"https:\/\/gr-100.com\/#organization\",\"name\":\"Gr-100\",\"url\":\"https:\/\/gr-100.com\/\",\"logo\":{\"@type\":\"ImageObject\",\"inLanguage\":\"pt-PT\",\"@id\":\"https:\/\/gr-100.com\/#\/schema\/logo\/image\/\",\"url\":\"https:\/\/gr-100.com\/wp-content\/uploads\/2023\/08\/logo-gr-100-bikes.png\",\"contentUrl\":\"https:\/\/gr-100.com\/wp-content\/uploads\/2023\/08\/logo-gr-100-bikes.png\",\"width\":707,\"height\":284,\"caption\":\"Gr-100\"},\"image\":{\"@id\":\"https:\/\/gr-100.com\/#\/schema\/logo\/image\/\"},\"sameAs\":[\"https:\/\/www.facebook.com\/Gr100Bikes\",\"https:\/\/www.instagram.com\/gr100bikes\/\",\"https:\/\/www.tiktok.com\/@gr100bikes\",\"https:\/\/twitter.com\/gr100mtbteam\",\"https:\/\/www.youtube.com\/c\/GR100Specialized\"]}]}<\/script>\n<!-- \/ Yoast SEO Premium plugin. -->","yoast_head_json":{"title":"Specialized Rockhopper Elite 29\" 2023 GR-100 ROCKHOPPER","description":"SPECIALIZED ROCKHOPPER ELITE 29\" 2023. \u00c9 uma \u00f3tima moto. RockShox Judy. Trem de for\u00e7a Shimano Deore 1x11. Shimano.","robots":{"index":"index","follow":"follow","max-snippet":"max-snippet:-1","max-image-preview":"max-image-preview:large","max-video-preview":"max-video-preview:-1"},"canonical":"https:\/\/gr-100.com\/pt-pt\/producto\/rockhopper-elite-especializado-29-2023\/","og_locale":"pt_PT","og_type":"article","og_title":"Specialized Rockhopper Elite 29\" 2023","og_description":"SPECIALIZED ROCKHOPPER ELITE 29\" 2023. \u00c9 uma \u00f3tima moto. RockShox Judy. Trem de for\u00e7a Shimano Deore 1x11. Shimano.","og_url":"https:\/\/gr-100.com\/pt-pt\/producto\/rockhopper-elite-especializado-29-2023\/","og_site_name":"Gr-100 Tienda de ciclismo Specialized","article_publisher":"https:\/\/www.facebook.com\/Gr100Bikes","article_modified_time":"2025-12-18T14:46:50+00:00","og_image":[{"width":1000,"height":1000,"url":"https:\/\/gr-100.com\/wp-content\/uploads\/2024\/05\/GLOSS-SAGE-GREEN.jpg","type":"image\/jpeg"}],"twitter_card":"summary_large_image","twitter_misc":{"Tempo estimado de leitura":"1 minuto"},"schema":{"@context":"https:\/\/schema.org","@graph":[{"@type":"WebPage","@id":"https:\/\/gr-100.com\/pt-pt\/producto\/rockhopper-elite-especializado-29-2023\/","url":"https:\/\/gr-100.com\/pt-pt\/producto\/rockhopper-elite-especializado-29-2023\/","name":"Specialized Rockhopper Elite 29\" 2023 GR-100 ROCKHOPPER","isPartOf":{"@id":"https:\/\/gr-100.com\/#website"},"primaryImageOfPage":{"@id":"https:\/\/gr-100.com\/pt-pt\/producto\/rockhopper-elite-especializado-29-2023\/#primaryimage"},"image":{"@id":"https:\/\/gr-100.com\/pt-pt\/producto\/rockhopper-elite-especializado-29-2023\/#primaryimage"},"thumbnailUrl":"https:\/\/gr-100.com\/wp-content\/uploads\/2024\/05\/GLOSS-SAGE-GREEN.jpg","datePublished":"2024-07-01T07:37:11+00:00","dateModified":"2025-12-18T14:46:50+00:00","description":"SPECIALIZED ROCKHOPPER ELITE 29\" 2023. \u00c9 uma \u00f3tima moto. RockShox Judy. Trem de for\u00e7a Shimano Deore 1x11. Shimano.","breadcrumb":{"@id":"https:\/\/gr-100.com\/pt-pt\/producto\/rockhopper-elite-especializado-29-2023\/#breadcrumb"},"inLanguage":"pt-PT","potentialAction":[{"@type":"ReadAction","target":["https:\/\/gr-100.com\/pt-pt\/producto\/rockhopper-elite-especializado-29-2023\/"]}]},{"@type":"ImageObject","inLanguage":"pt-PT","@id":"https:\/\/gr-100.com\/pt-pt\/producto\/rockhopper-elite-especializado-29-2023\/#primaryimage","url":"https:\/\/gr-100.com\/wp-content\/uploads\/2024\/05\/GLOSS-SAGE-GREEN.jpg","contentUrl":"https:\/\/gr-100.com\/wp-content\/uploads\/2024\/05\/GLOSS-SAGE-GREEN.jpg","width":1000,"height":1000},{"@type":"BreadcrumbList","@id":"https:\/\/gr-100.com\/pt-pt\/producto\/rockhopper-elite-especializado-29-2023\/#breadcrumb","itemListElement":[{"@type":"ListItem","position":1,"name":"Portada","item":"https:\/\/gr-100.com\/en\/"},{"@type":"ListItem","position":2,"name":"Productos","item":"https:\/\/gr-100.com\/?post_type=product"},{"@type":"ListItem","position":3,"name":"Specialized Rockhopper Elite 29&#8243; 2023"}]},{"@type":"WebSite","@id":"https:\/\/gr-100.com\/#website","url":"https:\/\/gr-100.com\/","name":"Gr-100 Tienda de ciclismo Specialized","description":"GR-100 tenemos todas las gamas de bicicletas Specialized al mejor precio.","publisher":{"@id":"https:\/\/gr-100.com\/#organization"},"alternateName":"Gr-100 Bikes","potentialAction":[{"@type":"SearchAction","target":{"@type":"EntryPoint","urlTemplate":"https:\/\/gr-100.com\/?s={search_term_string}"},"query-input":{"@type":"PropertyValueSpecification","valueRequired":true,"valueName":"search_term_string"}}],"inLanguage":"pt-PT"},{"@type":"Organization","@id":"https:\/\/gr-100.com\/#organization","name":"Gr-100","url":"https:\/\/gr-100.com\/","logo":{"@type":"ImageObject","inLanguage":"pt-PT","@id":"https:\/\/gr-100.com\/#\/schema\/logo\/image\/","url":"https:\/\/gr-100.com\/wp-content\/uploads\/2023\/08\/logo-gr-100-bikes.png","contentUrl":"https:\/\/gr-100.com\/wp-content\/uploads\/2023\/08\/logo-gr-100-bikes.png","width":707,"height":284,"caption":"Gr-100"},"image":{"@id":"https:\/\/gr-100.com\/#\/schema\/logo\/image\/"},"sameAs":["https:\/\/www.facebook.com\/Gr100Bikes","https:\/\/www.instagram.com\/gr100bikes\/","https:\/\/www.tiktok.com\/@gr100bikes","https:\/\/twitter.com\/gr100mtbteam","https:\/\/www.youtube.com\/c\/GR100Specialized"]}]}},"_links":{"self":[{"href":"https:\/\/gr-100.com\/pt-pt\/wp-json\/wp\/v2\/product\/382156","targetHints":{"allow":["GET"]}}],"collection":[{"href":"https:\/\/gr-100.com\/pt-pt\/wp-json\/wp\/v2\/product"}],"about":[{"href":"https:\/\/gr-100.com\/pt-pt\/wp-json\/wp\/v2\/types\/product"}],"replies":[{"embeddable":true,"href":"https:\/\/gr-100.com\/pt-pt\/wp-json\/wp\/v2\/comments?post=382156"}],"wp:featuredmedia":[{"embeddable":true,"href":"https:\/\/gr-100.com\/pt-pt\/wp-json\/wp\/v2\/media\/285490"}],"wp:attachment":[{"href":"https:\/\/gr-100.com\/pt-pt\/wp-json\/wp\/v2\/media?parent=382156"}],"wp:term":[{"taxonomy":"product_brand","embeddable":true,"href":"https:\/\/gr-100.com\/pt-pt\/wp-json\/wp\/v2\/product_brand?post=382156"},{"taxonomy":"product_cat","embeddable":true,"href":"https:\/\/gr-100.com\/pt-pt\/wp-json\/wp\/v2\/product_cat?post=382156"},{"taxonomy":"product_tag","embeddable":true,"href":"https:\/\/gr-100.com\/pt-pt\/wp-json\/wp\/v2\/product_tag?post=382156"}],"curies":[{"name":"wp","href":"https:\/\/api.w.org\/{rel}","templated":true}]}}