{"id":382182,"date":"2024-07-01T09:37:17","date_gmt":"2024-07-01T09:37:17","guid":{"rendered":"https:\/\/gr-100.com\/producto\/especializada-s-works-epic-frameset-2022\/"},"modified":"2025-12-18T16:46:50","modified_gmt":"2025-12-18T14:46:50","slug":"especializada-s-works-epic-frameset-2022","status":"publish","type":"product","link":"https:\/\/gr-100.com\/pt-pt\/producto\/especializada-s-works-epic-frameset-2022\/","title":{"rendered":"Specialized S-works Conjunto de quadros \u00e9pico 2022"},"content":{"rendered":"<p>CARATER\u00cdSTICAS:<\/p>\n<ul>\n<li>Estrutura: S-Works FACT 12m Carbon, Geometria de Corrida XC Progressiva, Rider-First Engineered \u2122 , suporte inferior roscado, espa\u00e7amento traseiro de 12x148mm, roteamento interno do cabo, curso de 100mm<\/li>\n<li>Choque traseiro: RockShox BRAINSpecialized, Rx XC Tune, ajuste de deck de 5 posi\u00e7\u00f5es, ajuste de rebote, extens\u00e3o integrada, 265 x 52,5 mm<\/li>\n<li>Forquilha: RockShox SID SL ULTIMATE BRAIN, choque cerebral altamente ajust\u00e1vel, Debon Air, 15x110mm, 44mm offset, 100mm curso<\/li>\n<li>Poste de assento: S-Works , 10mm Offset, 30.9mm<\/li>\n<li>Fecho do espig\u00e3o: Liga Especializada 34.9, Parafuso de Tit\u00e2nio<\/li>\n<\/ul>\n","protected":false},"excerpt":{"rendered":"<p>Perfeitamente compat\u00edvel com o sistema BRAIN do quadro, o garfo BRAIN sens\u00edvel \u00e0 posi\u00e7\u00e3o do quadro S-Works Epic beneficia do mais recente chassis SID Ulitmate SL da RockShox para rigidez de dire\u00e7\u00e3o de alto n\u00edvel que ainda consegue manter a contagem de gramas a um m\u00ednimo.<\/p>\n","protected":false},"featured_media":0,"comment_status":"closed","ping_status":"closed","template":"","meta":{"_acf_changed":false,"_et_pb_use_builder":"","_et_pb_old_content":"","_et_gb_content_width":"","inline_featured_image":false},"product_brand":[],"product_cat":[20,378],"product_tag":[],"class_list":{"0":"post-382182","1":"product","2":"type-product","3":"status-publish","5":"product_cat-bicicletas-de-carretera","6":"product_cat-estrada","8":"first","9":"outofstock","10":"taxable","11":"shipping-taxable","12":"product-type-variable","13":"wvs-archive-product-wrapper"},"acf":[],"yoast_head":"<!-- This site is optimized with the Yoast SEO Premium plugin v26.7 (Yoast SEO v26.7) - https:\/\/yoast.com\/wordpress\/plugins\/seo\/ -->\n<title>Specialized S-works Conjunto de quadros \u00e9pico 2022 GR-100 S-WORKS<\/title>\n<meta name=\"description\" content=\"SPECIALIZED S-WORKS EPIC FRAMESET 2022. Perfeitamente compat\u00edvel com o sistema BRAIN do quadro, o garfo BRAIN sens\u00edvel \u00e0 posi\u00e7\u00e3o.\" \/>\n<meta name=\"robots\" content=\"index, follow, max-snippet:-1, max-image-preview:large, max-video-preview:-1\" \/>\n<link rel=\"canonical\" href=\"https:\/\/gr-100.com\/pt-pt\/producto\/especializada-s-works-epic-frameset-2022\/\" \/>\n<meta property=\"og:locale\" content=\"pt_PT\" \/>\n<meta property=\"og:type\" content=\"article\" \/>\n<meta property=\"og:title\" content=\"Specialized S-works Conjunto de quadros \u00e9pico 2022\" \/>\n<meta property=\"og:description\" content=\"SPECIALIZED S-WORKS EPIC FRAMESET 2022. Perfeitamente compat\u00edvel com o sistema BRAIN do quadro, o garfo BRAIN sens\u00edvel \u00e0 posi\u00e7\u00e3o.\" \/>\n<meta property=\"og:url\" content=\"https:\/\/gr-100.com\/pt-pt\/producto\/especializada-s-works-epic-frameset-2022\/\" \/>\n<meta property=\"og:site_name\" content=\"Gr-100 Tienda de ciclismo Specialized\" \/>\n<meta property=\"article:publisher\" content=\"https:\/\/www.facebook.com\/Gr100Bikes\" \/>\n<meta property=\"article:modified_time\" content=\"2025-12-18T14:46:50+00:00\" \/>\n<meta name=\"twitter:card\" content=\"summary_large_image\" \/>\n<script type=\"application\/ld+json\" class=\"yoast-schema-graph\">{\"@context\":\"https:\/\/schema.org\",\"@graph\":[{\"@type\":\"WebPage\",\"@id\":\"https:\/\/gr-100.com\/pt-pt\/producto\/especializada-s-works-epic-frameset-2022\/\",\"url\":\"https:\/\/gr-100.com\/pt-pt\/producto\/especializada-s-works-epic-frameset-2022\/\",\"name\":\"Specialized S-works Conjunto de quadros \u00e9pico 2022 GR-100 S-WORKS\",\"isPartOf\":{\"@id\":\"https:\/\/gr-100.com\/#website\"},\"datePublished\":\"2024-07-01T09:37:17+00:00\",\"dateModified\":\"2025-12-18T14:46:50+00:00\",\"description\":\"SPECIALIZED S-WORKS EPIC FRAMESET 2022. Perfeitamente compat\u00edvel com o sistema BRAIN do quadro, o garfo BRAIN sens\u00edvel \u00e0 posi\u00e7\u00e3o.\",\"breadcrumb\":{\"@id\":\"https:\/\/gr-100.com\/pt-pt\/producto\/especializada-s-works-epic-frameset-2022\/#breadcrumb\"},\"inLanguage\":\"pt-PT\",\"potentialAction\":[{\"@type\":\"ReadAction\",\"target\":[\"https:\/\/gr-100.com\/pt-pt\/producto\/especializada-s-works-epic-frameset-2022\/\"]}]},{\"@type\":\"BreadcrumbList\",\"@id\":\"https:\/\/gr-100.com\/pt-pt\/producto\/especializada-s-works-epic-frameset-2022\/#breadcrumb\",\"itemListElement\":[{\"@type\":\"ListItem\",\"position\":1,\"name\":\"Portada\",\"item\":\"https:\/\/gr-100.com\/en\/\"},{\"@type\":\"ListItem\",\"position\":2,\"name\":\"Productos\",\"item\":\"https:\/\/gr-100.com\/?post_type=product\"},{\"@type\":\"ListItem\",\"position\":3,\"name\":\"Specialized S-works Conjunto de quadros \u00e9pico 2022\"}]},{\"@type\":\"WebSite\",\"@id\":\"https:\/\/gr-100.com\/#website\",\"url\":\"https:\/\/gr-100.com\/\",\"name\":\"Gr-100 Tienda de ciclismo Specialized\",\"description\":\"GR-100 tenemos todas las gamas de bicicletas Specialized al mejor precio.\",\"publisher\":{\"@id\":\"https:\/\/gr-100.com\/#organization\"},\"alternateName\":\"Gr-100 Bikes\",\"potentialAction\":[{\"@type\":\"SearchAction\",\"target\":{\"@type\":\"EntryPoint\",\"urlTemplate\":\"https:\/\/gr-100.com\/?s={search_term_string}\"},\"query-input\":{\"@type\":\"PropertyValueSpecification\",\"valueRequired\":true,\"valueName\":\"search_term_string\"}}],\"inLanguage\":\"pt-PT\"},{\"@type\":\"Organization\",\"@id\":\"https:\/\/gr-100.com\/#organization\",\"name\":\"Gr-100\",\"url\":\"https:\/\/gr-100.com\/\",\"logo\":{\"@type\":\"ImageObject\",\"inLanguage\":\"pt-PT\",\"@id\":\"https:\/\/gr-100.com\/#\/schema\/logo\/image\/\",\"url\":\"https:\/\/gr-100.com\/wp-content\/uploads\/2023\/08\/logo-gr-100-bikes.png\",\"contentUrl\":\"https:\/\/gr-100.com\/wp-content\/uploads\/2023\/08\/logo-gr-100-bikes.png\",\"width\":707,\"height\":284,\"caption\":\"Gr-100\"},\"image\":{\"@id\":\"https:\/\/gr-100.com\/#\/schema\/logo\/image\/\"},\"sameAs\":[\"https:\/\/www.facebook.com\/Gr100Bikes\",\"https:\/\/www.instagram.com\/gr100bikes\/\",\"https:\/\/www.tiktok.com\/@gr100bikes\",\"https:\/\/twitter.com\/gr100mtbteam\",\"https:\/\/www.youtube.com\/c\/GR100Specialized\"]}]}<\/script>\n<!-- \/ Yoast SEO Premium plugin. -->","yoast_head_json":{"title":"Specialized S-works Conjunto de quadros \u00e9pico 2022 GR-100 S-WORKS","description":"SPECIALIZED S-WORKS EPIC FRAMESET 2022. Perfeitamente compat\u00edvel com o sistema BRAIN do quadro, o garfo BRAIN sens\u00edvel \u00e0 posi\u00e7\u00e3o.","robots":{"index":"index","follow":"follow","max-snippet":"max-snippet:-1","max-image-preview":"max-image-preview:large","max-video-preview":"max-video-preview:-1"},"canonical":"https:\/\/gr-100.com\/pt-pt\/producto\/especializada-s-works-epic-frameset-2022\/","og_locale":"pt_PT","og_type":"article","og_title":"Specialized S-works Conjunto de quadros \u00e9pico 2022","og_description":"SPECIALIZED S-WORKS EPIC FRAMESET 2022. Perfeitamente compat\u00edvel com o sistema BRAIN do quadro, o garfo BRAIN sens\u00edvel \u00e0 posi\u00e7\u00e3o.","og_url":"https:\/\/gr-100.com\/pt-pt\/producto\/especializada-s-works-epic-frameset-2022\/","og_site_name":"Gr-100 Tienda de ciclismo Specialized","article_publisher":"https:\/\/www.facebook.com\/Gr100Bikes","article_modified_time":"2025-12-18T14:46:50+00:00","twitter_card":"summary_large_image","schema":{"@context":"https:\/\/schema.org","@graph":[{"@type":"WebPage","@id":"https:\/\/gr-100.com\/pt-pt\/producto\/especializada-s-works-epic-frameset-2022\/","url":"https:\/\/gr-100.com\/pt-pt\/producto\/especializada-s-works-epic-frameset-2022\/","name":"Specialized S-works Conjunto de quadros \u00e9pico 2022 GR-100 S-WORKS","isPartOf":{"@id":"https:\/\/gr-100.com\/#website"},"datePublished":"2024-07-01T09:37:17+00:00","dateModified":"2025-12-18T14:46:50+00:00","description":"SPECIALIZED S-WORKS EPIC FRAMESET 2022. Perfeitamente compat\u00edvel com o sistema BRAIN do quadro, o garfo BRAIN sens\u00edvel \u00e0 posi\u00e7\u00e3o.","breadcrumb":{"@id":"https:\/\/gr-100.com\/pt-pt\/producto\/especializada-s-works-epic-frameset-2022\/#breadcrumb"},"inLanguage":"pt-PT","potentialAction":[{"@type":"ReadAction","target":["https:\/\/gr-100.com\/pt-pt\/producto\/especializada-s-works-epic-frameset-2022\/"]}]},{"@type":"BreadcrumbList","@id":"https:\/\/gr-100.com\/pt-pt\/producto\/especializada-s-works-epic-frameset-2022\/#breadcrumb","itemListElement":[{"@type":"ListItem","position":1,"name":"Portada","item":"https:\/\/gr-100.com\/en\/"},{"@type":"ListItem","position":2,"name":"Productos","item":"https:\/\/gr-100.com\/?post_type=product"},{"@type":"ListItem","position":3,"name":"Specialized S-works Conjunto de quadros \u00e9pico 2022"}]},{"@type":"WebSite","@id":"https:\/\/gr-100.com\/#website","url":"https:\/\/gr-100.com\/","name":"Gr-100 Tienda de ciclismo Specialized","description":"GR-100 tenemos todas las gamas de bicicletas Specialized al mejor precio.","publisher":{"@id":"https:\/\/gr-100.com\/#organization"},"alternateName":"Gr-100 Bikes","potentialAction":[{"@type":"SearchAction","target":{"@type":"EntryPoint","urlTemplate":"https:\/\/gr-100.com\/?s={search_term_string}"},"query-input":{"@type":"PropertyValueSpecification","valueRequired":true,"valueName":"search_term_string"}}],"inLanguage":"pt-PT"},{"@type":"Organization","@id":"https:\/\/gr-100.com\/#organization","name":"Gr-100","url":"https:\/\/gr-100.com\/","logo":{"@type":"ImageObject","inLanguage":"pt-PT","@id":"https:\/\/gr-100.com\/#\/schema\/logo\/image\/","url":"https:\/\/gr-100.com\/wp-content\/uploads\/2023\/08\/logo-gr-100-bikes.png","contentUrl":"https:\/\/gr-100.com\/wp-content\/uploads\/2023\/08\/logo-gr-100-bikes.png","width":707,"height":284,"caption":"Gr-100"},"image":{"@id":"https:\/\/gr-100.com\/#\/schema\/logo\/image\/"},"sameAs":["https:\/\/www.facebook.com\/Gr100Bikes","https:\/\/www.instagram.com\/gr100bikes\/","https:\/\/www.tiktok.com\/@gr100bikes","https:\/\/twitter.com\/gr100mtbteam","https:\/\/www.youtube.com\/c\/GR100Specialized"]}]}},"_links":{"self":[{"href":"https:\/\/gr-100.com\/pt-pt\/wp-json\/wp\/v2\/product\/382182","targetHints":{"allow":["GET"]}}],"collection":[{"href":"https:\/\/gr-100.com\/pt-pt\/wp-json\/wp\/v2\/product"}],"about":[{"href":"https:\/\/gr-100.com\/pt-pt\/wp-json\/wp\/v2\/types\/product"}],"replies":[{"embeddable":true,"href":"https:\/\/gr-100.com\/pt-pt\/wp-json\/wp\/v2\/comments?post=382182"}],"wp:attachment":[{"href":"https:\/\/gr-100.com\/pt-pt\/wp-json\/wp\/v2\/media?parent=382182"}],"wp:term":[{"taxonomy":"product_brand","embeddable":true,"href":"https:\/\/gr-100.com\/pt-pt\/wp-json\/wp\/v2\/product_brand?post=382182"},{"taxonomy":"product_cat","embeddable":true,"href":"https:\/\/gr-100.com\/pt-pt\/wp-json\/wp\/v2\/product_cat?post=382182"},{"taxonomy":"product_tag","embeddable":true,"href":"https:\/\/gr-100.com\/pt-pt\/wp-json\/wp\/v2\/product_tag?post=382182"}],"curies":[{"name":"wp","href":"https:\/\/api.w.org\/{rel}","templated":true}]}}