{"id":382228,"date":"2024-07-01T09:21:03","date_gmt":"2024-07-01T07:21:03","guid":{"rendered":"https:\/\/gr-100.com\/producto\/rockhopper-comp-especializado-2022\/"},"modified":"2025-12-18T16:46:46","modified_gmt":"2025-12-18T14:46:46","slug":"rockhopper-comp-especializado-2022","status":"publish","type":"product","link":"https:\/\/gr-100.com\/pt-pt\/producto\/rockhopper-comp-especializado-2022\/","title":{"rendered":"Specialized Rockhopper Comp 2022"},"content":{"rendered":"<p>CARATER\u00cdSTICAS:<\/p>\n<ul>\n<li>Estrutura: Liga de ponta premium Specialized , tubo de cabe\u00e7a de pilha zero, roteamento de cabo interno, sa\u00eddas forjadas de 135x9mm, freio a disco montado em corrente, gancho derailleur de liga substitu\u00edvel, suportes de rack furtivos, compat\u00edvel com poste conta-gotas<\/li>\n<li>Forquilha: SR Suntour XCM 29, 30mm Stanchions, Rx Tune, mola helicoidal, amortecimento multi-circuito personalizado w \/ lockout, QR, curso de 90\/100mm (tamanho espec\u00edfico), deslocamento de 46mm<\/li>\n<li>Haste: liga forjada 3D, 31.8mm, eleva\u00e7\u00e3o de 7 graus<\/li>\n<li>Selim: Bridge Sport, Trilhos de a\u00e7o, 155\/143mm<\/li>\n<li>Guiador: Stout Mini Rise, liga, backsweep de 9 graus, eleva\u00e7\u00e3o de 15mm, 31,8mm<\/li>\n<li>Fita de guiador: Specialized MTB especializado, lock-on<\/li>\n<li>Freio dianteiro: N\u00edvel SRAM , disco hidr\u00e1ulico, 180\/160mm<\/li>\n<li>Freio traseiro: SRAM , disco hidr\u00e1ulico, 160mm<\/li>\n<li>Shifters: microSHIFT Advent, 9 velocidades<\/li>\n<li>Derailleur traseiro: microSHIFT Advent, 1&#215;9 w \/ embreagem<\/li>\n<li>: microSHIFT Advent, 9 velocidades, 11-42t<\/li>\n<li>Corrente: KMC X9EPT, 9 velocidades, revestimento anti-corros\u00e3o w \/ reutiliz\u00e1vel Missing Link\u2122<\/li>\n<li>Manivela: Stout 1x, liga forjada<\/li>\n<li>Pedais: SBC-54 Pedal plano<\/li>\n<li>Suporte inferior: c\u00f3nico quadrado, 73mm, rolamentos internos, eixo de 122,5mm<\/li>\n<li>Jantes: Liga Stout, sem gancho, parede dupla, largura interior de 25mm<\/li>\n<li>Cubo dianteiro: Formula DC-20, 6-Bolt, disco, espa\u00e7amento 100x9mm, libera\u00e7\u00e3o r\u00e1pida<\/li>\n<li>Cubo traseiro: Formula DC-22, 6-Bolt freehub, disco, espa\u00e7amento de 135x9mm, libera\u00e7\u00e3o r\u00e1pida<\/li>\n<li>Capa frontal: Fast Trak Sport, 29&#215;2.35&#8243;<\/li>\n<li>Tampa traseira: Fast Trak Sport, 29&#215;2.35&#8243;<\/li>\n<li>C\u00e2maras, v\u00e1lvula de 40mm<\/li>\n<\/ul>\n","protected":false},"excerpt":{"rendered":"<p>Ideal para a aventura, o Rockhopper Comp foi projetado para a\u00e7\u00e3o e trilhas r\u00e1pidas, com uma estrutura de alum\u00ednio A1<\/p>\n","protected":false},"featured_media":285086,"comment_status":"closed","ping_status":"closed","template":"","meta":{"_acf_changed":false,"_et_pb_use_builder":"","_et_pb_old_content":"","_et_gb_content_width":"","inline_featured_image":false},"product_brand":[],"product_cat":[2459,402,2483,2460],"product_tag":[],"class_list":{"0":"post-382228","1":"product","2":"type-product","3":"status-publish","4":"has-post-thumbnail","6":"product_cat-bicicletas-pt-pt-2","7":"product_cat-montanha","8":"product_cat-bicicletas-especializadas","9":"product_cat-ofertas-pt-pt","10":"product_shipping_class-bicicletas-pt-pt","12":"first","13":"outofstock","14":"taxable","15":"shipping-taxable","16":"product-type-variable","17":"wvs-archive-product-wrapper"},"acf":[],"yoast_head":"<!-- This site is optimized with the Yoast SEO Premium plugin v26.7 (Yoast SEO v26.7) - https:\/\/yoast.com\/wordpress\/plugins\/seo\/ -->\n<title>Specialized Rockhopper Comp 2022 GR-100<\/title>\n<meta name=\"description\" content=\"SPECIALIZED ROCKHOPPER COMP 2022. Ele \u00e9 projetado para a\u00e7\u00e3o e trilhas r\u00e1pidas, tem uma estrutura de alum\u00ednio A1\" \/>\n<meta name=\"robots\" content=\"index, follow, max-snippet:-1, max-image-preview:large, max-video-preview:-1\" \/>\n<link rel=\"canonical\" href=\"https:\/\/gr-100.com\/pt-pt\/producto\/rockhopper-comp-especializado-2022\/\" \/>\n<meta property=\"og:locale\" content=\"pt_PT\" \/>\n<meta property=\"og:type\" content=\"article\" \/>\n<meta property=\"og:title\" content=\"Specialized Rockhopper Comp 2022\" \/>\n<meta property=\"og:description\" content=\"SPECIALIZED ROCKHOPPER COMP 2022. Ele \u00e9 projetado para a\u00e7\u00e3o e trilhas r\u00e1pidas, tem uma estrutura de alum\u00ednio A1\" \/>\n<meta property=\"og:url\" content=\"https:\/\/gr-100.com\/pt-pt\/producto\/rockhopper-comp-especializado-2022\/\" \/>\n<meta property=\"og:site_name\" content=\"Gr-100 Tienda de ciclismo Specialized\" \/>\n<meta property=\"article:publisher\" content=\"https:\/\/www.facebook.com\/Gr100Bikes\" \/>\n<meta property=\"article:modified_time\" content=\"2025-12-18T14:46:46+00:00\" \/>\n<meta property=\"og:image\" content=\"https:\/\/gr-100.com\/wp-content\/uploads\/2024\/05\/2-Screenshot-of-91522-54_RO.jpg\" \/>\n\t<meta property=\"og:image:width\" content=\"1000\" \/>\n\t<meta property=\"og:image:height\" content=\"1000\" \/>\n\t<meta property=\"og:image:type\" content=\"image\/jpeg\" \/>\n<meta name=\"twitter:card\" content=\"summary_large_image\" \/>\n<meta name=\"twitter:label1\" content=\"Tempo estimado de leitura\" \/>\n\t<meta name=\"twitter:data1\" content=\"1 minuto\" \/>\n<script type=\"application\/ld+json\" class=\"yoast-schema-graph\">{\"@context\":\"https:\/\/schema.org\",\"@graph\":[{\"@type\":\"WebPage\",\"@id\":\"https:\/\/gr-100.com\/pt-pt\/producto\/rockhopper-comp-especializado-2022\/\",\"url\":\"https:\/\/gr-100.com\/pt-pt\/producto\/rockhopper-comp-especializado-2022\/\",\"name\":\"Specialized Rockhopper Comp 2022 GR-100\",\"isPartOf\":{\"@id\":\"https:\/\/gr-100.com\/#website\"},\"primaryImageOfPage\":{\"@id\":\"https:\/\/gr-100.com\/pt-pt\/producto\/rockhopper-comp-especializado-2022\/#primaryimage\"},\"image\":{\"@id\":\"https:\/\/gr-100.com\/pt-pt\/producto\/rockhopper-comp-especializado-2022\/#primaryimage\"},\"thumbnailUrl\":\"https:\/\/gr-100.com\/wp-content\/uploads\/2024\/05\/2-Screenshot-of-91522-54_RO.jpg\",\"datePublished\":\"2024-07-01T07:21:03+00:00\",\"dateModified\":\"2025-12-18T14:46:46+00:00\",\"description\":\"SPECIALIZED ROCKHOPPER COMP 2022. Ele \u00e9 projetado para a\u00e7\u00e3o e trilhas r\u00e1pidas, tem uma estrutura de alum\u00ednio A1\",\"breadcrumb\":{\"@id\":\"https:\/\/gr-100.com\/pt-pt\/producto\/rockhopper-comp-especializado-2022\/#breadcrumb\"},\"inLanguage\":\"pt-PT\",\"potentialAction\":[{\"@type\":\"ReadAction\",\"target\":[\"https:\/\/gr-100.com\/pt-pt\/producto\/rockhopper-comp-especializado-2022\/\"]}]},{\"@type\":\"ImageObject\",\"inLanguage\":\"pt-PT\",\"@id\":\"https:\/\/gr-100.com\/pt-pt\/producto\/rockhopper-comp-especializado-2022\/#primaryimage\",\"url\":\"https:\/\/gr-100.com\/wp-content\/uploads\/2024\/05\/2-Screenshot-of-91522-54_RO.jpg\",\"contentUrl\":\"https:\/\/gr-100.com\/wp-content\/uploads\/2024\/05\/2-Screenshot-of-91522-54_RO.jpg\",\"width\":1000,\"height\":1000},{\"@type\":\"BreadcrumbList\",\"@id\":\"https:\/\/gr-100.com\/pt-pt\/producto\/rockhopper-comp-especializado-2022\/#breadcrumb\",\"itemListElement\":[{\"@type\":\"ListItem\",\"position\":1,\"name\":\"Portada\",\"item\":\"https:\/\/gr-100.com\/en\/\"},{\"@type\":\"ListItem\",\"position\":2,\"name\":\"Productos\",\"item\":\"https:\/\/gr-100.com\/?post_type=product\"},{\"@type\":\"ListItem\",\"position\":3,\"name\":\"Specialized Rockhopper Comp 2022\"}]},{\"@type\":\"WebSite\",\"@id\":\"https:\/\/gr-100.com\/#website\",\"url\":\"https:\/\/gr-100.com\/\",\"name\":\"Gr-100 Tienda de ciclismo Specialized\",\"description\":\"GR-100 tenemos todas las gamas de bicicletas Specialized al mejor precio.\",\"publisher\":{\"@id\":\"https:\/\/gr-100.com\/#organization\"},\"alternateName\":\"Gr-100 Bikes\",\"potentialAction\":[{\"@type\":\"SearchAction\",\"target\":{\"@type\":\"EntryPoint\",\"urlTemplate\":\"https:\/\/gr-100.com\/?s={search_term_string}\"},\"query-input\":{\"@type\":\"PropertyValueSpecification\",\"valueRequired\":true,\"valueName\":\"search_term_string\"}}],\"inLanguage\":\"pt-PT\"},{\"@type\":\"Organization\",\"@id\":\"https:\/\/gr-100.com\/#organization\",\"name\":\"Gr-100\",\"url\":\"https:\/\/gr-100.com\/\",\"logo\":{\"@type\":\"ImageObject\",\"inLanguage\":\"pt-PT\",\"@id\":\"https:\/\/gr-100.com\/#\/schema\/logo\/image\/\",\"url\":\"https:\/\/gr-100.com\/wp-content\/uploads\/2023\/08\/logo-gr-100-bikes.png\",\"contentUrl\":\"https:\/\/gr-100.com\/wp-content\/uploads\/2023\/08\/logo-gr-100-bikes.png\",\"width\":707,\"height\":284,\"caption\":\"Gr-100\"},\"image\":{\"@id\":\"https:\/\/gr-100.com\/#\/schema\/logo\/image\/\"},\"sameAs\":[\"https:\/\/www.facebook.com\/Gr100Bikes\",\"https:\/\/www.instagram.com\/gr100bikes\/\",\"https:\/\/www.tiktok.com\/@gr100bikes\",\"https:\/\/twitter.com\/gr100mtbteam\",\"https:\/\/www.youtube.com\/c\/GR100Specialized\"]}]}<\/script>\n<!-- \/ Yoast SEO Premium plugin. -->","yoast_head_json":{"title":"Specialized Rockhopper Comp 2022 GR-100","description":"SPECIALIZED ROCKHOPPER COMP 2022. Ele \u00e9 projetado para a\u00e7\u00e3o e trilhas r\u00e1pidas, tem uma estrutura de alum\u00ednio A1","robots":{"index":"index","follow":"follow","max-snippet":"max-snippet:-1","max-image-preview":"max-image-preview:large","max-video-preview":"max-video-preview:-1"},"canonical":"https:\/\/gr-100.com\/pt-pt\/producto\/rockhopper-comp-especializado-2022\/","og_locale":"pt_PT","og_type":"article","og_title":"Specialized Rockhopper Comp 2022","og_description":"SPECIALIZED ROCKHOPPER COMP 2022. Ele \u00e9 projetado para a\u00e7\u00e3o e trilhas r\u00e1pidas, tem uma estrutura de alum\u00ednio A1","og_url":"https:\/\/gr-100.com\/pt-pt\/producto\/rockhopper-comp-especializado-2022\/","og_site_name":"Gr-100 Tienda de ciclismo Specialized","article_publisher":"https:\/\/www.facebook.com\/Gr100Bikes","article_modified_time":"2025-12-18T14:46:46+00:00","og_image":[{"width":1000,"height":1000,"url":"https:\/\/gr-100.com\/wp-content\/uploads\/2024\/05\/2-Screenshot-of-91522-54_RO.jpg","type":"image\/jpeg"}],"twitter_card":"summary_large_image","twitter_misc":{"Tempo estimado de leitura":"1 minuto"},"schema":{"@context":"https:\/\/schema.org","@graph":[{"@type":"WebPage","@id":"https:\/\/gr-100.com\/pt-pt\/producto\/rockhopper-comp-especializado-2022\/","url":"https:\/\/gr-100.com\/pt-pt\/producto\/rockhopper-comp-especializado-2022\/","name":"Specialized Rockhopper Comp 2022 GR-100","isPartOf":{"@id":"https:\/\/gr-100.com\/#website"},"primaryImageOfPage":{"@id":"https:\/\/gr-100.com\/pt-pt\/producto\/rockhopper-comp-especializado-2022\/#primaryimage"},"image":{"@id":"https:\/\/gr-100.com\/pt-pt\/producto\/rockhopper-comp-especializado-2022\/#primaryimage"},"thumbnailUrl":"https:\/\/gr-100.com\/wp-content\/uploads\/2024\/05\/2-Screenshot-of-91522-54_RO.jpg","datePublished":"2024-07-01T07:21:03+00:00","dateModified":"2025-12-18T14:46:46+00:00","description":"SPECIALIZED ROCKHOPPER COMP 2022. Ele \u00e9 projetado para a\u00e7\u00e3o e trilhas r\u00e1pidas, tem uma estrutura de alum\u00ednio A1","breadcrumb":{"@id":"https:\/\/gr-100.com\/pt-pt\/producto\/rockhopper-comp-especializado-2022\/#breadcrumb"},"inLanguage":"pt-PT","potentialAction":[{"@type":"ReadAction","target":["https:\/\/gr-100.com\/pt-pt\/producto\/rockhopper-comp-especializado-2022\/"]}]},{"@type":"ImageObject","inLanguage":"pt-PT","@id":"https:\/\/gr-100.com\/pt-pt\/producto\/rockhopper-comp-especializado-2022\/#primaryimage","url":"https:\/\/gr-100.com\/wp-content\/uploads\/2024\/05\/2-Screenshot-of-91522-54_RO.jpg","contentUrl":"https:\/\/gr-100.com\/wp-content\/uploads\/2024\/05\/2-Screenshot-of-91522-54_RO.jpg","width":1000,"height":1000},{"@type":"BreadcrumbList","@id":"https:\/\/gr-100.com\/pt-pt\/producto\/rockhopper-comp-especializado-2022\/#breadcrumb","itemListElement":[{"@type":"ListItem","position":1,"name":"Portada","item":"https:\/\/gr-100.com\/en\/"},{"@type":"ListItem","position":2,"name":"Productos","item":"https:\/\/gr-100.com\/?post_type=product"},{"@type":"ListItem","position":3,"name":"Specialized Rockhopper Comp 2022"}]},{"@type":"WebSite","@id":"https:\/\/gr-100.com\/#website","url":"https:\/\/gr-100.com\/","name":"Gr-100 Tienda de ciclismo Specialized","description":"GR-100 tenemos todas las gamas de bicicletas Specialized al mejor precio.","publisher":{"@id":"https:\/\/gr-100.com\/#organization"},"alternateName":"Gr-100 Bikes","potentialAction":[{"@type":"SearchAction","target":{"@type":"EntryPoint","urlTemplate":"https:\/\/gr-100.com\/?s={search_term_string}"},"query-input":{"@type":"PropertyValueSpecification","valueRequired":true,"valueName":"search_term_string"}}],"inLanguage":"pt-PT"},{"@type":"Organization","@id":"https:\/\/gr-100.com\/#organization","name":"Gr-100","url":"https:\/\/gr-100.com\/","logo":{"@type":"ImageObject","inLanguage":"pt-PT","@id":"https:\/\/gr-100.com\/#\/schema\/logo\/image\/","url":"https:\/\/gr-100.com\/wp-content\/uploads\/2023\/08\/logo-gr-100-bikes.png","contentUrl":"https:\/\/gr-100.com\/wp-content\/uploads\/2023\/08\/logo-gr-100-bikes.png","width":707,"height":284,"caption":"Gr-100"},"image":{"@id":"https:\/\/gr-100.com\/#\/schema\/logo\/image\/"},"sameAs":["https:\/\/www.facebook.com\/Gr100Bikes","https:\/\/www.instagram.com\/gr100bikes\/","https:\/\/www.tiktok.com\/@gr100bikes","https:\/\/twitter.com\/gr100mtbteam","https:\/\/www.youtube.com\/c\/GR100Specialized"]}]}},"_links":{"self":[{"href":"https:\/\/gr-100.com\/pt-pt\/wp-json\/wp\/v2\/product\/382228","targetHints":{"allow":["GET"]}}],"collection":[{"href":"https:\/\/gr-100.com\/pt-pt\/wp-json\/wp\/v2\/product"}],"about":[{"href":"https:\/\/gr-100.com\/pt-pt\/wp-json\/wp\/v2\/types\/product"}],"replies":[{"embeddable":true,"href":"https:\/\/gr-100.com\/pt-pt\/wp-json\/wp\/v2\/comments?post=382228"}],"wp:featuredmedia":[{"embeddable":true,"href":"https:\/\/gr-100.com\/pt-pt\/wp-json\/wp\/v2\/media\/285086"}],"wp:attachment":[{"href":"https:\/\/gr-100.com\/pt-pt\/wp-json\/wp\/v2\/media?parent=382228"}],"wp:term":[{"taxonomy":"product_brand","embeddable":true,"href":"https:\/\/gr-100.com\/pt-pt\/wp-json\/wp\/v2\/product_brand?post=382228"},{"taxonomy":"product_cat","embeddable":true,"href":"https:\/\/gr-100.com\/pt-pt\/wp-json\/wp\/v2\/product_cat?post=382228"},{"taxonomy":"product_tag","embeddable":true,"href":"https:\/\/gr-100.com\/pt-pt\/wp-json\/wp\/v2\/product_tag?post=382228"}],"curies":[{"name":"wp","href":"https:\/\/api.w.org\/{rel}","templated":true}]}}