{"id":382255,"date":"2024-07-01T09:21:34","date_gmt":"2024-07-01T07:21:34","guid":{"rendered":"https:\/\/gr-100.com\/producto\/rockhopper-especializado-27-5-%cc%88-2022\/"},"modified":"2025-12-18T16:45:09","modified_gmt":"2025-12-18T14:45:09","slug":"rockhopper-especializado-27-5-%cc%88-2022","status":"publish","type":"product","link":"https:\/\/gr-100.com\/pt-pt\/producto\/rockhopper-especializado-27-5-%cc%88-2022\/","title":{"rendered":"Specialized RockHopper 27,5 \u0308 2022"},"content":{"rendered":"<p>CARATER\u00cdSTICAS:<\/p>\n<ul>\n<li>FRAME<br \/>\nSpecialized liga butted premium A1, tubo de cabe\u00e7a de pilha zero, roteamento de cabo interno, sa\u00eddas forjadas de 135x9mm, freio a disco montado em corrente, gancho derailleur de liga substitu\u00edvel, suportes de rack furtivos, compat\u00edvel com poste conta-gotas<\/li>\n<li>ABRA\u00c7O. Liga SADDLE<br \/>\n, libera\u00e7\u00e3o r\u00e1pida, 34,9<\/li>\n<li>SR Suntour XCE 27.5 FORK<br \/>\n, bala\u00fastres de 28 mm, Sintonia Rx, mola helicoidal, QR, curso 80\/90\/100mm (tamanho espec\u00edfico), deslocamento de 42 mm<\/li>\n<li>Liga forjada STEM<br \/>\n3D, 31,8 mm, aumento de 7 graus<\/li>\n<li>Guiador<br \/>\nStout Mini Rise, liga, varredura traseira de 9 graus, eleva\u00e7\u00e3o de 15 mm, 31,8 mm<\/li>\n<li>SpecializedMTB, lock-on<\/li>\n<li>Espig\u00e3o<br \/>\nde liga leve, bra\u00e7adeira de 2 parafusos, 30,9 mm<\/li>\n<li>Bridge Sport SADDLE,<br \/>\nTrilhos em a\u00e7o, 155\/143mm<\/li>\n<li>Radius CX7 REAR BRAKKE<br \/>\n, disco mec\u00e2nico, 160mm<\/li>\n<li>FREIO DIANTEIRO<br \/>\nRaio CX7, disco mec\u00e2nico, 160mm<\/li>\n<li>FD-M462 microSHIFT descarrilador,<br \/>\n2 velocidades<\/li>\n<li>SunRace, 8 velocidades, 11-34t<\/li>\n<li>Stout 2x BOTTOM BRACKET<br \/>\n, liga forjada<\/li>\n<li>SUPORTE INFERIOR C\u00f3nico<br \/>\nquadrado, 73mm, rolamentos internos, eixo de 122,5mm<\/li>\n<li>Microshift Mezzo SHIFTER,<br \/>\n8spd<\/li>\n<li>KMC X8 EPT CHAIN<br \/>\n, revestimento anti-ferrugem, 8 velocidades c\/ Missing Link\u2122 reutiliz\u00e1vel<\/li>\n<li>SHIFTERS microSHIFT<br \/>\n, TS39-8R, 2&#215;8 velocidades<\/li>\n<li>Schrader CAMERAS<br \/>\n, v\u00e1lvula de 40mm<\/li>\n<li>raios inoxid\u00e1veis,<br \/>\n14g<\/li>\n<li>Specialized Liga especializada, apenas disco, parede dupla, largura interior de<br \/>\n25mm, 32h<\/li>\n<li>CUBO TRASEIRO<br \/>\nF\u00f3rmula SP-2125, freehub de 6 parafusos, disco, espa\u00e7amento de 135x9mm, libera\u00e7\u00e3o r\u00e1pida<\/li>\n<li>Formula 6-Bolt FRONT HUB,<br \/>\ndisco, espa\u00e7amento 100x9mm, libera\u00e7\u00e3o r\u00e1pida, 32H<\/li>\n<li>PNEU.<br \/>\nTrak Sport r\u00e1pido, 27,5 x 2,35&#8243;<\/li>\n<li>Pneu traseiro Fast Trak Sport<br \/>\n, 27,5 x 2,35&#8243;<\/li>\n<li>As especifica\u00e7\u00f5es do pedal plano SBC-54<br \/>\n<strong>est\u00e3o sujeitas a altera\u00e7\u00f5es sem aviso pr\u00e9vio.<\/strong><\/li>\n<\/ul>\n","protected":false},"excerpt":{"rendered":"<p>SPECIALIZED ROCKHOPPER 27.5 \u0308 2022, tubos de alum\u00ednio c\u00f4nicos lhe d\u00e3o boa leveza e alta resist\u00eancia, roteamento de cabos internos.<\/p>\n","protected":false},"featured_media":397697,"comment_status":"closed","ping_status":"closed","template":"","meta":{"_acf_changed":false,"_et_pb_use_builder":"","_et_pb_old_content":"","_et_gb_content_width":"","inline_featured_image":false},"product_brand":[],"product_cat":[2459,402,2483,2460,2461,403,2953],"product_tag":[],"class_list":{"0":"post-382255","1":"product","2":"type-product","3":"status-publish","4":"has-post-thumbnail","6":"product_cat-bicicletas-pt-pt-2","7":"product_cat-montanha","8":"product_cat-bicicletas-especializadas","9":"product_cat-ofertas-pt-pt","10":"product_cat-oferta-montanha","11":"product_cat-outlet-pt-pt","12":"product_cat-super-ofertas-pt-pt","13":"product_shipping_class-bicicletas-pt-pt","15":"first","16":"outofstock","17":"taxable","18":"shipping-taxable","19":"product-type-variable","20":"wvs-archive-product-wrapper"},"acf":[],"yoast_head":"<!-- This site is optimized with the Yoast SEO Premium plugin v26.7 (Yoast SEO v26.7) - https:\/\/yoast.com\/wordpress\/plugins\/seo\/ -->\n<title>Specialized RockHopper 27,5 \u0308 2022 GR-100 SPECIALIZED<\/title>\n<meta name=\"description\" content=\"SPECIALIZED ROCKHOPPER 27.5 \u0308 2022, tubos de alum\u00ednio c\u00f4nicos lhe d\u00e3o boa leveza e alta resist\u00eancia, roteamento de cabos internos.\" \/>\n<meta name=\"robots\" content=\"index, follow, max-snippet:-1, max-image-preview:large, max-video-preview:-1\" \/>\n<link rel=\"canonical\" href=\"https:\/\/gr-100.com\/pt-pt\/producto\/rockhopper-especializado-27-5-\u0308-2022\/\" \/>\n<meta property=\"og:locale\" content=\"pt_PT\" \/>\n<meta property=\"og:type\" content=\"article\" \/>\n<meta property=\"og:title\" content=\"Specialized RockHopper 27,5 \u0308 2022\" \/>\n<meta property=\"og:description\" content=\"SPECIALIZED ROCKHOPPER 27.5 \u0308 2022, tubos de alum\u00ednio c\u00f4nicos lhe d\u00e3o boa leveza e alta resist\u00eancia, roteamento de cabos internos.\" \/>\n<meta property=\"og:url\" content=\"https:\/\/gr-100.com\/pt-pt\/producto\/rockhopper-especializado-27-5-\u0308-2022\/\" \/>\n<meta property=\"og:site_name\" content=\"Gr-100 Tienda de ciclismo Specialized\" \/>\n<meta property=\"article:publisher\" content=\"https:\/\/www.facebook.com\/Gr100Bikes\" \/>\n<meta property=\"article:modified_time\" content=\"2025-12-18T14:45:09+00:00\" \/>\n<meta property=\"og:image\" content=\"https:\/\/gr-100.com\/wp-content\/uploads\/2024\/05\/rockhopper-27.5-SATIN-CAST-BLUE-METALLIC.jpg\" \/>\n\t<meta property=\"og:image:width\" content=\"1000\" \/>\n\t<meta property=\"og:image:height\" content=\"1000\" \/>\n\t<meta property=\"og:image:type\" content=\"image\/jpeg\" \/>\n<meta name=\"twitter:card\" content=\"summary_large_image\" \/>\n<meta name=\"twitter:label1\" content=\"Tempo estimado de leitura\" \/>\n\t<meta name=\"twitter:data1\" content=\"2 minutos\" \/>\n<script type=\"application\/ld+json\" class=\"yoast-schema-graph\">{\"@context\":\"https:\/\/schema.org\",\"@graph\":[{\"@type\":\"WebPage\",\"@id\":\"https:\/\/gr-100.com\/pt-pt\/producto\/rockhopper-especializado-27-5-%cc%88-2022\/\",\"url\":\"https:\/\/gr-100.com\/pt-pt\/producto\/rockhopper-especializado-27-5-%cc%88-2022\/\",\"name\":\"Specialized RockHopper 27,5 \u0308 2022 GR-100 SPECIALIZED\",\"isPartOf\":{\"@id\":\"https:\/\/gr-100.com\/#website\"},\"primaryImageOfPage\":{\"@id\":\"https:\/\/gr-100.com\/pt-pt\/producto\/rockhopper-especializado-27-5-%cc%88-2022\/#primaryimage\"},\"image\":{\"@id\":\"https:\/\/gr-100.com\/pt-pt\/producto\/rockhopper-especializado-27-5-%cc%88-2022\/#primaryimage\"},\"thumbnailUrl\":\"https:\/\/gr-100.com\/wp-content\/uploads\/2024\/05\/rockhopper-27.5-SATIN-CAST-BLUE-METALLIC.jpg\",\"datePublished\":\"2024-07-01T07:21:34+00:00\",\"dateModified\":\"2025-12-18T14:45:09+00:00\",\"description\":\"SPECIALIZED ROCKHOPPER 27.5 \u0308 2022, tubos de alum\u00ednio c\u00f4nicos lhe d\u00e3o boa leveza e alta resist\u00eancia, roteamento de cabos internos.\",\"breadcrumb\":{\"@id\":\"https:\/\/gr-100.com\/pt-pt\/producto\/rockhopper-especializado-27-5-%cc%88-2022\/#breadcrumb\"},\"inLanguage\":\"pt-PT\",\"potentialAction\":[{\"@type\":\"ReadAction\",\"target\":[\"https:\/\/gr-100.com\/pt-pt\/producto\/rockhopper-especializado-27-5-%cc%88-2022\/\"]}]},{\"@type\":\"ImageObject\",\"inLanguage\":\"pt-PT\",\"@id\":\"https:\/\/gr-100.com\/pt-pt\/producto\/rockhopper-especializado-27-5-%cc%88-2022\/#primaryimage\",\"url\":\"https:\/\/gr-100.com\/wp-content\/uploads\/2024\/05\/rockhopper-27.5-SATIN-CAST-BLUE-METALLIC.jpg\",\"contentUrl\":\"https:\/\/gr-100.com\/wp-content\/uploads\/2024\/05\/rockhopper-27.5-SATIN-CAST-BLUE-METALLIC.jpg\",\"width\":1000,\"height\":1000},{\"@type\":\"BreadcrumbList\",\"@id\":\"https:\/\/gr-100.com\/pt-pt\/producto\/rockhopper-especializado-27-5-%cc%88-2022\/#breadcrumb\",\"itemListElement\":[{\"@type\":\"ListItem\",\"position\":1,\"name\":\"Portada\",\"item\":\"https:\/\/gr-100.com\/en\/\"},{\"@type\":\"ListItem\",\"position\":2,\"name\":\"Productos\",\"item\":\"https:\/\/gr-100.com\/?post_type=product\"},{\"@type\":\"ListItem\",\"position\":3,\"name\":\"Specialized RockHopper 27,5 \u0308 2022\"}]},{\"@type\":\"WebSite\",\"@id\":\"https:\/\/gr-100.com\/#website\",\"url\":\"https:\/\/gr-100.com\/\",\"name\":\"Gr-100 Tienda de ciclismo Specialized\",\"description\":\"GR-100 tenemos todas las gamas de bicicletas Specialized al mejor precio.\",\"publisher\":{\"@id\":\"https:\/\/gr-100.com\/#organization\"},\"alternateName\":\"Gr-100 Bikes\",\"potentialAction\":[{\"@type\":\"SearchAction\",\"target\":{\"@type\":\"EntryPoint\",\"urlTemplate\":\"https:\/\/gr-100.com\/?s={search_term_string}\"},\"query-input\":{\"@type\":\"PropertyValueSpecification\",\"valueRequired\":true,\"valueName\":\"search_term_string\"}}],\"inLanguage\":\"pt-PT\"},{\"@type\":\"Organization\",\"@id\":\"https:\/\/gr-100.com\/#organization\",\"name\":\"Gr-100\",\"url\":\"https:\/\/gr-100.com\/\",\"logo\":{\"@type\":\"ImageObject\",\"inLanguage\":\"pt-PT\",\"@id\":\"https:\/\/gr-100.com\/#\/schema\/logo\/image\/\",\"url\":\"https:\/\/gr-100.com\/wp-content\/uploads\/2023\/08\/logo-gr-100-bikes.png\",\"contentUrl\":\"https:\/\/gr-100.com\/wp-content\/uploads\/2023\/08\/logo-gr-100-bikes.png\",\"width\":707,\"height\":284,\"caption\":\"Gr-100\"},\"image\":{\"@id\":\"https:\/\/gr-100.com\/#\/schema\/logo\/image\/\"},\"sameAs\":[\"https:\/\/www.facebook.com\/Gr100Bikes\",\"https:\/\/www.instagram.com\/gr100bikes\/\",\"https:\/\/www.tiktok.com\/@gr100bikes\",\"https:\/\/twitter.com\/gr100mtbteam\",\"https:\/\/www.youtube.com\/c\/GR100Specialized\"]}]}<\/script>\n<!-- \/ Yoast SEO Premium plugin. -->","yoast_head_json":{"title":"Specialized RockHopper 27,5 \u0308 2022 GR-100 SPECIALIZED","description":"SPECIALIZED ROCKHOPPER 27.5 \u0308 2022, tubos de alum\u00ednio c\u00f4nicos lhe d\u00e3o boa leveza e alta resist\u00eancia, roteamento de cabos internos.","robots":{"index":"index","follow":"follow","max-snippet":"max-snippet:-1","max-image-preview":"max-image-preview:large","max-video-preview":"max-video-preview:-1"},"canonical":"https:\/\/gr-100.com\/pt-pt\/producto\/rockhopper-especializado-27-5-\u0308-2022\/","og_locale":"pt_PT","og_type":"article","og_title":"Specialized RockHopper 27,5 \u0308 2022","og_description":"SPECIALIZED ROCKHOPPER 27.5 \u0308 2022, tubos de alum\u00ednio c\u00f4nicos lhe d\u00e3o boa leveza e alta resist\u00eancia, roteamento de cabos internos.","og_url":"https:\/\/gr-100.com\/pt-pt\/producto\/rockhopper-especializado-27-5-\u0308-2022\/","og_site_name":"Gr-100 Tienda de ciclismo Specialized","article_publisher":"https:\/\/www.facebook.com\/Gr100Bikes","article_modified_time":"2025-12-18T14:45:09+00:00","og_image":[{"width":1000,"height":1000,"url":"https:\/\/gr-100.com\/wp-content\/uploads\/2024\/05\/rockhopper-27.5-SATIN-CAST-BLUE-METALLIC.jpg","type":"image\/jpeg"}],"twitter_card":"summary_large_image","twitter_misc":{"Tempo estimado de leitura":"2 minutos"},"schema":{"@context":"https:\/\/schema.org","@graph":[{"@type":"WebPage","@id":"https:\/\/gr-100.com\/pt-pt\/producto\/rockhopper-especializado-27-5-%cc%88-2022\/","url":"https:\/\/gr-100.com\/pt-pt\/producto\/rockhopper-especializado-27-5-%cc%88-2022\/","name":"Specialized RockHopper 27,5 \u0308 2022 GR-100 SPECIALIZED","isPartOf":{"@id":"https:\/\/gr-100.com\/#website"},"primaryImageOfPage":{"@id":"https:\/\/gr-100.com\/pt-pt\/producto\/rockhopper-especializado-27-5-%cc%88-2022\/#primaryimage"},"image":{"@id":"https:\/\/gr-100.com\/pt-pt\/producto\/rockhopper-especializado-27-5-%cc%88-2022\/#primaryimage"},"thumbnailUrl":"https:\/\/gr-100.com\/wp-content\/uploads\/2024\/05\/rockhopper-27.5-SATIN-CAST-BLUE-METALLIC.jpg","datePublished":"2024-07-01T07:21:34+00:00","dateModified":"2025-12-18T14:45:09+00:00","description":"SPECIALIZED ROCKHOPPER 27.5 \u0308 2022, tubos de alum\u00ednio c\u00f4nicos lhe d\u00e3o boa leveza e alta resist\u00eancia, roteamento de cabos internos.","breadcrumb":{"@id":"https:\/\/gr-100.com\/pt-pt\/producto\/rockhopper-especializado-27-5-%cc%88-2022\/#breadcrumb"},"inLanguage":"pt-PT","potentialAction":[{"@type":"ReadAction","target":["https:\/\/gr-100.com\/pt-pt\/producto\/rockhopper-especializado-27-5-%cc%88-2022\/"]}]},{"@type":"ImageObject","inLanguage":"pt-PT","@id":"https:\/\/gr-100.com\/pt-pt\/producto\/rockhopper-especializado-27-5-%cc%88-2022\/#primaryimage","url":"https:\/\/gr-100.com\/wp-content\/uploads\/2024\/05\/rockhopper-27.5-SATIN-CAST-BLUE-METALLIC.jpg","contentUrl":"https:\/\/gr-100.com\/wp-content\/uploads\/2024\/05\/rockhopper-27.5-SATIN-CAST-BLUE-METALLIC.jpg","width":1000,"height":1000},{"@type":"BreadcrumbList","@id":"https:\/\/gr-100.com\/pt-pt\/producto\/rockhopper-especializado-27-5-%cc%88-2022\/#breadcrumb","itemListElement":[{"@type":"ListItem","position":1,"name":"Portada","item":"https:\/\/gr-100.com\/en\/"},{"@type":"ListItem","position":2,"name":"Productos","item":"https:\/\/gr-100.com\/?post_type=product"},{"@type":"ListItem","position":3,"name":"Specialized RockHopper 27,5 \u0308 2022"}]},{"@type":"WebSite","@id":"https:\/\/gr-100.com\/#website","url":"https:\/\/gr-100.com\/","name":"Gr-100 Tienda de ciclismo Specialized","description":"GR-100 tenemos todas las gamas de bicicletas Specialized al mejor precio.","publisher":{"@id":"https:\/\/gr-100.com\/#organization"},"alternateName":"Gr-100 Bikes","potentialAction":[{"@type":"SearchAction","target":{"@type":"EntryPoint","urlTemplate":"https:\/\/gr-100.com\/?s={search_term_string}"},"query-input":{"@type":"PropertyValueSpecification","valueRequired":true,"valueName":"search_term_string"}}],"inLanguage":"pt-PT"},{"@type":"Organization","@id":"https:\/\/gr-100.com\/#organization","name":"Gr-100","url":"https:\/\/gr-100.com\/","logo":{"@type":"ImageObject","inLanguage":"pt-PT","@id":"https:\/\/gr-100.com\/#\/schema\/logo\/image\/","url":"https:\/\/gr-100.com\/wp-content\/uploads\/2023\/08\/logo-gr-100-bikes.png","contentUrl":"https:\/\/gr-100.com\/wp-content\/uploads\/2023\/08\/logo-gr-100-bikes.png","width":707,"height":284,"caption":"Gr-100"},"image":{"@id":"https:\/\/gr-100.com\/#\/schema\/logo\/image\/"},"sameAs":["https:\/\/www.facebook.com\/Gr100Bikes","https:\/\/www.instagram.com\/gr100bikes\/","https:\/\/www.tiktok.com\/@gr100bikes","https:\/\/twitter.com\/gr100mtbteam","https:\/\/www.youtube.com\/c\/GR100Specialized"]}]}},"_links":{"self":[{"href":"https:\/\/gr-100.com\/pt-pt\/wp-json\/wp\/v2\/product\/382255","targetHints":{"allow":["GET"]}}],"collection":[{"href":"https:\/\/gr-100.com\/pt-pt\/wp-json\/wp\/v2\/product"}],"about":[{"href":"https:\/\/gr-100.com\/pt-pt\/wp-json\/wp\/v2\/types\/product"}],"replies":[{"embeddable":true,"href":"https:\/\/gr-100.com\/pt-pt\/wp-json\/wp\/v2\/comments?post=382255"}],"wp:featuredmedia":[{"embeddable":true,"href":"https:\/\/gr-100.com\/pt-pt\/wp-json\/wp\/v2\/media\/397697"}],"wp:attachment":[{"href":"https:\/\/gr-100.com\/pt-pt\/wp-json\/wp\/v2\/media?parent=382255"}],"wp:term":[{"taxonomy":"product_brand","embeddable":true,"href":"https:\/\/gr-100.com\/pt-pt\/wp-json\/wp\/v2\/product_brand?post=382255"},{"taxonomy":"product_cat","embeddable":true,"href":"https:\/\/gr-100.com\/pt-pt\/wp-json\/wp\/v2\/product_cat?post=382255"},{"taxonomy":"product_tag","embeddable":true,"href":"https:\/\/gr-100.com\/pt-pt\/wp-json\/wp\/v2\/product_tag?post=382255"}],"curies":[{"name":"wp","href":"https:\/\/api.w.org\/{rel}","templated":true}]}}