{"id":382333,"date":"2024-07-01T09:35:05","date_gmt":"2024-07-01T07:35:05","guid":{"rendered":"https:\/\/gr-100.com\/producto\/especialista-epico-especializado-2022\/"},"modified":"2025-11-26T16:25:16","modified_gmt":"2025-11-26T14:25:16","slug":"especialista-epico-especializado-2022","status":"publish","type":"product","link":"https:\/\/gr-100.com\/pt-pt\/producto\/especialista-epico-especializado-2022\/","title":{"rendered":"Specialized Especialista \u00c9pico 2022"},"content":{"rendered":"<p><iframe title=\"Specialized Epic Expert 2022\" width=\"500\" height=\"281\" src=\"https:\/\/www.youtube.com\/embed\/2C-BQo07CGA?feature=oembed\"  allow=\"accelerometer; autoplay; clipboard-write; encrypted-media; gyroscope; picture-in-picture; web-share\" referrerpolicy=\"strict-origin-when-cross-origin\" allowfullscreen><\/iframe><\/p>\n<p>CARATER\u00cdSTICAS:<\/p>\n<ul>\n<li>Estrutura: FACT 11m Full Carbon, Geometria de Corrida XC Progressiva, Rider-First Engineered\u2122, BB roscado, espa\u00e7amento traseiro de 12x148mm, roteamento de cabos internos, 100mm de curso<\/li>\n<li>SWAT: SWAT EMT Ferramenta de montagem em gaiola<\/li>\n<li>Tresero shock: RockShox BRAINSpecialized, Rx XC Tune, 5 Position Platform Adjust, Rebound Adjust, Integraded Extension, 265&#215;52.5mm<\/li>\n<li>Guiador: Specialized , eleva\u00e7\u00e3o de 6,5 mm, 750 mm, bra\u00e7adeira de 31,8 mm<\/li>\n<li>Forquilha: RockShox SID SL BRAIN, Amortecedor cerebral de ajuste inferior, Debon Air, 15x110mm, 44mm offset, 100mm Travel<\/li>\n<li>Fita de guiador: Specialized<\/li>\n<li>Specialized, liga forjada em 3D, 4 parafusos, eleva\u00e7\u00e3o de 6 graus<\/li>\n<li>Selim: Body Geometry Power Sport, trilhos de a\u00e7o<\/li>\n<li>Freio dianteiro: SRAM N\u00edvel TL, pin\u00e7a de 2 pist\u00f5es, disco hidr\u00e1ulico<\/li>\n<li>Freio Tresero: SRAM N\u00edvel TL, pin\u00e7a de 2 pist\u00f5es, disco hidr\u00e1ulico<\/li>\n<li>Derailleur traseiro de tr\u00eas Sram X01 Eagle, 12 velocidades<\/li>\n<li>Shifters: SRAM X01 Eagle, gatilho, 12 velocidades<\/li>\n<li>: SRAM XG-1275, 12 velocidades, 10-52t<\/li>\n<li>Corrente: SRAM GX Eagle, 12 velocidades<\/li>\n<li>Anel de corrente: 34T<\/li>\n<li>Suporte inferior: SRAM DUB, BSA 73mm, roscado<\/li>\n<li>Jantes: Roval Control SL, design offset de carbono, largura interna de 29mm, largura do gancho de 4mm, pronto para tubeless, 28h<\/li>\n<li>Cubo de tr\u00eas rodas: DT Swiss 350, 6 parafusos, eixo Thru de 15 mm, espa\u00e7amento de 110 mm, tra\u00e7\u00e3o reta de 28 horas<\/li>\n<li>Cubo dianteiro: DT Swiss 350 de tra\u00e7\u00e3o reta, 6 parafusos, DT Swiss Ratchet EXP, eixo de 12&#215;148 mm, corpo de cubo livre XD, tra\u00e7\u00e3o reta de 28h<\/li>\n<li>Porta-vozes: DT Swiss Comp Race<\/li>\n<li>Pneu dianteiro: Specialized , caixa de controle, composto T5, 29&#215;2.35<\/li>\n<li>Tampa traseira: Specialized , caixa de controle, composto T5, 29&#215;2.35<\/li>\n<li>C\u00e2maras: Standard, Presta v\u00e1lvula<\/li>\n<\/ul>\n","protected":false},"excerpt":{"rendered":"<p>SPECIALIZED O EPIC EXPERT 2022, combinando efici\u00eancia hardtail e capacidade de suspens\u00e3o total para resultados impressionantemente r\u00e1pidos, sempre foi definido por um compromisso inabal\u00e1vel com a velocidade.<\/p>\n","protected":false},"featured_media":273672,"comment_status":"closed","ping_status":"closed","template":"","meta":{"_acf_changed":false,"_et_pb_use_builder":"","_et_pb_old_content":"","_et_gb_content_width":"","inline_featured_image":false},"product_brand":[],"product_cat":[2459,402,2483,2460],"product_tag":[],"class_list":{"0":"post-382333","1":"product","2":"type-product","3":"status-publish","4":"has-post-thumbnail","6":"product_cat-bicicletas-pt-pt-2","7":"product_cat-montanha","8":"product_cat-bicicletas-especializadas","9":"product_cat-ofertas-pt-pt","10":"product_shipping_class-bicicletas-pt-pt","12":"first","13":"outofstock","14":"taxable","15":"shipping-taxable","16":"product-type-variable","17":"wvs-archive-product-wrapper"},"acf":[],"yoast_head":"<!-- This site is optimized with the Yoast SEO Premium plugin v26.7 (Yoast SEO v26.7) - https:\/\/yoast.com\/wordpress\/plugins\/seo\/ -->\n<title>Specialized Especialista \u00c9pico 2022 GR-100<\/title>\n<meta name=\"description\" content=\"SPECIALIZED O EPIC EXPERT 2022 combina a efici\u00eancia do hardtail e a capacidade total da suspens\u00e3o para resultados impressionantemente r\u00e1pidos.\" \/>\n<meta name=\"robots\" content=\"index, follow, max-snippet:-1, max-image-preview:large, max-video-preview:-1\" \/>\n<link rel=\"canonical\" href=\"https:\/\/gr-100.com\/pt-pt\/producto\/especialista-epico-especializado-2022\/\" \/>\n<meta property=\"og:locale\" content=\"pt_PT\" \/>\n<meta property=\"og:type\" content=\"article\" \/>\n<meta property=\"og:title\" content=\"Specialized Especialista \u00c9pico 2022\" \/>\n<meta property=\"og:description\" content=\"SPECIALIZED O EPIC EXPERT 2022 combina a efici\u00eancia do hardtail e a capacidade total da suspens\u00e3o para resultados impressionantemente r\u00e1pidos.\" \/>\n<meta property=\"og:url\" content=\"https:\/\/gr-100.com\/pt-pt\/producto\/especialista-epico-especializado-2022\/\" \/>\n<meta property=\"og:site_name\" content=\"Gr-100 Tienda de ciclismo Specialized\" \/>\n<meta property=\"article:publisher\" content=\"https:\/\/www.facebook.com\/Gr100Bikes\" \/>\n<meta property=\"article:modified_time\" content=\"2025-11-26T14:25:16+00:00\" \/>\n<meta property=\"og:image\" content=\"https:\/\/gr-100.com\/wp-content\/uploads\/2024\/05\/90322-30_EPIC-EXPERT-PNGRN-.jpg\" \/>\n\t<meta property=\"og:image:width\" content=\"1000\" \/>\n\t<meta property=\"og:image:height\" content=\"1000\" \/>\n\t<meta property=\"og:image:type\" content=\"image\/jpeg\" \/>\n<meta name=\"twitter:card\" content=\"summary_large_image\" \/>\n<meta name=\"twitter:label1\" content=\"Tempo estimado de leitura\" \/>\n\t<meta name=\"twitter:data1\" content=\"1 minuto\" \/>\n<script type=\"application\/ld+json\" class=\"yoast-schema-graph\">{\"@context\":\"https:\/\/schema.org\",\"@graph\":[{\"@type\":\"WebPage\",\"@id\":\"https:\/\/gr-100.com\/pt-pt\/producto\/especialista-epico-especializado-2022\/\",\"url\":\"https:\/\/gr-100.com\/pt-pt\/producto\/especialista-epico-especializado-2022\/\",\"name\":\"Specialized Especialista \u00c9pico 2022 GR-100\",\"isPartOf\":{\"@id\":\"https:\/\/gr-100.com\/#website\"},\"primaryImageOfPage\":{\"@id\":\"https:\/\/gr-100.com\/pt-pt\/producto\/especialista-epico-especializado-2022\/#primaryimage\"},\"image\":{\"@id\":\"https:\/\/gr-100.com\/pt-pt\/producto\/especialista-epico-especializado-2022\/#primaryimage\"},\"thumbnailUrl\":\"https:\/\/gr-100.com\/wp-content\/uploads\/2024\/05\/90322-30_EPIC-EXPERT-PNGRN-.jpg\",\"datePublished\":\"2024-07-01T07:35:05+00:00\",\"dateModified\":\"2025-11-26T14:25:16+00:00\",\"description\":\"SPECIALIZED O EPIC EXPERT 2022 combina a efici\u00eancia do hardtail e a capacidade total da suspens\u00e3o para resultados impressionantemente r\u00e1pidos.\",\"breadcrumb\":{\"@id\":\"https:\/\/gr-100.com\/pt-pt\/producto\/especialista-epico-especializado-2022\/#breadcrumb\"},\"inLanguage\":\"pt-PT\",\"potentialAction\":[{\"@type\":\"ReadAction\",\"target\":[\"https:\/\/gr-100.com\/pt-pt\/producto\/especialista-epico-especializado-2022\/\"]}]},{\"@type\":\"ImageObject\",\"inLanguage\":\"pt-PT\",\"@id\":\"https:\/\/gr-100.com\/pt-pt\/producto\/especialista-epico-especializado-2022\/#primaryimage\",\"url\":\"https:\/\/gr-100.com\/wp-content\/uploads\/2024\/05\/90322-30_EPIC-EXPERT-PNGRN-.jpg\",\"contentUrl\":\"https:\/\/gr-100.com\/wp-content\/uploads\/2024\/05\/90322-30_EPIC-EXPERT-PNGRN-.jpg\",\"width\":1000,\"height\":1000},{\"@type\":\"BreadcrumbList\",\"@id\":\"https:\/\/gr-100.com\/pt-pt\/producto\/especialista-epico-especializado-2022\/#breadcrumb\",\"itemListElement\":[{\"@type\":\"ListItem\",\"position\":1,\"name\":\"Portada\",\"item\":\"https:\/\/gr-100.com\/en\/\"},{\"@type\":\"ListItem\",\"position\":2,\"name\":\"Productos\",\"item\":\"https:\/\/gr-100.com\/?post_type=product\"},{\"@type\":\"ListItem\",\"position\":3,\"name\":\"Specialized Especialista \u00c9pico 2022\"}]},{\"@type\":\"WebSite\",\"@id\":\"https:\/\/gr-100.com\/#website\",\"url\":\"https:\/\/gr-100.com\/\",\"name\":\"Gr-100 Tienda de ciclismo Specialized\",\"description\":\"GR-100 tenemos todas las gamas de bicicletas Specialized al mejor precio.\",\"publisher\":{\"@id\":\"https:\/\/gr-100.com\/#organization\"},\"alternateName\":\"Gr-100 Bikes\",\"potentialAction\":[{\"@type\":\"SearchAction\",\"target\":{\"@type\":\"EntryPoint\",\"urlTemplate\":\"https:\/\/gr-100.com\/?s={search_term_string}\"},\"query-input\":{\"@type\":\"PropertyValueSpecification\",\"valueRequired\":true,\"valueName\":\"search_term_string\"}}],\"inLanguage\":\"pt-PT\"},{\"@type\":\"Organization\",\"@id\":\"https:\/\/gr-100.com\/#organization\",\"name\":\"Gr-100\",\"url\":\"https:\/\/gr-100.com\/\",\"logo\":{\"@type\":\"ImageObject\",\"inLanguage\":\"pt-PT\",\"@id\":\"https:\/\/gr-100.com\/#\/schema\/logo\/image\/\",\"url\":\"https:\/\/gr-100.com\/wp-content\/uploads\/2023\/08\/logo-gr-100-bikes.png\",\"contentUrl\":\"https:\/\/gr-100.com\/wp-content\/uploads\/2023\/08\/logo-gr-100-bikes.png\",\"width\":707,\"height\":284,\"caption\":\"Gr-100\"},\"image\":{\"@id\":\"https:\/\/gr-100.com\/#\/schema\/logo\/image\/\"},\"sameAs\":[\"https:\/\/www.facebook.com\/Gr100Bikes\",\"https:\/\/www.instagram.com\/gr100bikes\/\",\"https:\/\/www.tiktok.com\/@gr100bikes\",\"https:\/\/twitter.com\/gr100mtbteam\",\"https:\/\/www.youtube.com\/c\/GR100Specialized\"]}]}<\/script>\n<!-- \/ Yoast SEO Premium plugin. -->","yoast_head_json":{"title":"Specialized Especialista \u00c9pico 2022 GR-100","description":"SPECIALIZED O EPIC EXPERT 2022 combina a efici\u00eancia do hardtail e a capacidade total da suspens\u00e3o para resultados impressionantemente r\u00e1pidos.","robots":{"index":"index","follow":"follow","max-snippet":"max-snippet:-1","max-image-preview":"max-image-preview:large","max-video-preview":"max-video-preview:-1"},"canonical":"https:\/\/gr-100.com\/pt-pt\/producto\/especialista-epico-especializado-2022\/","og_locale":"pt_PT","og_type":"article","og_title":"Specialized Especialista \u00c9pico 2022","og_description":"SPECIALIZED O EPIC EXPERT 2022 combina a efici\u00eancia do hardtail e a capacidade total da suspens\u00e3o para resultados impressionantemente r\u00e1pidos.","og_url":"https:\/\/gr-100.com\/pt-pt\/producto\/especialista-epico-especializado-2022\/","og_site_name":"Gr-100 Tienda de ciclismo Specialized","article_publisher":"https:\/\/www.facebook.com\/Gr100Bikes","article_modified_time":"2025-11-26T14:25:16+00:00","og_image":[{"width":1000,"height":1000,"url":"https:\/\/gr-100.com\/wp-content\/uploads\/2024\/05\/90322-30_EPIC-EXPERT-PNGRN-.jpg","type":"image\/jpeg"}],"twitter_card":"summary_large_image","twitter_misc":{"Tempo estimado de leitura":"1 minuto"},"schema":{"@context":"https:\/\/schema.org","@graph":[{"@type":"WebPage","@id":"https:\/\/gr-100.com\/pt-pt\/producto\/especialista-epico-especializado-2022\/","url":"https:\/\/gr-100.com\/pt-pt\/producto\/especialista-epico-especializado-2022\/","name":"Specialized Especialista \u00c9pico 2022 GR-100","isPartOf":{"@id":"https:\/\/gr-100.com\/#website"},"primaryImageOfPage":{"@id":"https:\/\/gr-100.com\/pt-pt\/producto\/especialista-epico-especializado-2022\/#primaryimage"},"image":{"@id":"https:\/\/gr-100.com\/pt-pt\/producto\/especialista-epico-especializado-2022\/#primaryimage"},"thumbnailUrl":"https:\/\/gr-100.com\/wp-content\/uploads\/2024\/05\/90322-30_EPIC-EXPERT-PNGRN-.jpg","datePublished":"2024-07-01T07:35:05+00:00","dateModified":"2025-11-26T14:25:16+00:00","description":"SPECIALIZED O EPIC EXPERT 2022 combina a efici\u00eancia do hardtail e a capacidade total da suspens\u00e3o para resultados impressionantemente r\u00e1pidos.","breadcrumb":{"@id":"https:\/\/gr-100.com\/pt-pt\/producto\/especialista-epico-especializado-2022\/#breadcrumb"},"inLanguage":"pt-PT","potentialAction":[{"@type":"ReadAction","target":["https:\/\/gr-100.com\/pt-pt\/producto\/especialista-epico-especializado-2022\/"]}]},{"@type":"ImageObject","inLanguage":"pt-PT","@id":"https:\/\/gr-100.com\/pt-pt\/producto\/especialista-epico-especializado-2022\/#primaryimage","url":"https:\/\/gr-100.com\/wp-content\/uploads\/2024\/05\/90322-30_EPIC-EXPERT-PNGRN-.jpg","contentUrl":"https:\/\/gr-100.com\/wp-content\/uploads\/2024\/05\/90322-30_EPIC-EXPERT-PNGRN-.jpg","width":1000,"height":1000},{"@type":"BreadcrumbList","@id":"https:\/\/gr-100.com\/pt-pt\/producto\/especialista-epico-especializado-2022\/#breadcrumb","itemListElement":[{"@type":"ListItem","position":1,"name":"Portada","item":"https:\/\/gr-100.com\/en\/"},{"@type":"ListItem","position":2,"name":"Productos","item":"https:\/\/gr-100.com\/?post_type=product"},{"@type":"ListItem","position":3,"name":"Specialized Especialista \u00c9pico 2022"}]},{"@type":"WebSite","@id":"https:\/\/gr-100.com\/#website","url":"https:\/\/gr-100.com\/","name":"Gr-100 Tienda de ciclismo Specialized","description":"GR-100 tenemos todas las gamas de bicicletas Specialized al mejor precio.","publisher":{"@id":"https:\/\/gr-100.com\/#organization"},"alternateName":"Gr-100 Bikes","potentialAction":[{"@type":"SearchAction","target":{"@type":"EntryPoint","urlTemplate":"https:\/\/gr-100.com\/?s={search_term_string}"},"query-input":{"@type":"PropertyValueSpecification","valueRequired":true,"valueName":"search_term_string"}}],"inLanguage":"pt-PT"},{"@type":"Organization","@id":"https:\/\/gr-100.com\/#organization","name":"Gr-100","url":"https:\/\/gr-100.com\/","logo":{"@type":"ImageObject","inLanguage":"pt-PT","@id":"https:\/\/gr-100.com\/#\/schema\/logo\/image\/","url":"https:\/\/gr-100.com\/wp-content\/uploads\/2023\/08\/logo-gr-100-bikes.png","contentUrl":"https:\/\/gr-100.com\/wp-content\/uploads\/2023\/08\/logo-gr-100-bikes.png","width":707,"height":284,"caption":"Gr-100"},"image":{"@id":"https:\/\/gr-100.com\/#\/schema\/logo\/image\/"},"sameAs":["https:\/\/www.facebook.com\/Gr100Bikes","https:\/\/www.instagram.com\/gr100bikes\/","https:\/\/www.tiktok.com\/@gr100bikes","https:\/\/twitter.com\/gr100mtbteam","https:\/\/www.youtube.com\/c\/GR100Specialized"]}]}},"_links":{"self":[{"href":"https:\/\/gr-100.com\/pt-pt\/wp-json\/wp\/v2\/product\/382333","targetHints":{"allow":["GET"]}}],"collection":[{"href":"https:\/\/gr-100.com\/pt-pt\/wp-json\/wp\/v2\/product"}],"about":[{"href":"https:\/\/gr-100.com\/pt-pt\/wp-json\/wp\/v2\/types\/product"}],"replies":[{"embeddable":true,"href":"https:\/\/gr-100.com\/pt-pt\/wp-json\/wp\/v2\/comments?post=382333"}],"wp:featuredmedia":[{"embeddable":true,"href":"https:\/\/gr-100.com\/pt-pt\/wp-json\/wp\/v2\/media\/273672"}],"wp:attachment":[{"href":"https:\/\/gr-100.com\/pt-pt\/wp-json\/wp\/v2\/media?parent=382333"}],"wp:term":[{"taxonomy":"product_brand","embeddable":true,"href":"https:\/\/gr-100.com\/pt-pt\/wp-json\/wp\/v2\/product_brand?post=382333"},{"taxonomy":"product_cat","embeddable":true,"href":"https:\/\/gr-100.com\/pt-pt\/wp-json\/wp\/v2\/product_cat?post=382333"},{"taxonomy":"product_tag","embeddable":true,"href":"https:\/\/gr-100.com\/pt-pt\/wp-json\/wp\/v2\/product_tag?post=382333"}],"curies":[{"name":"wp","href":"https:\/\/api.w.org\/{rel}","templated":true}]}}