{"id":382373,"date":"2024-07-01T09:04:18","date_gmt":"2024-07-01T07:04:18","guid":{"rendered":"https:\/\/gr-100.com\/producto\/rockhopper-sport-especializado-27-5-2022\/"},"modified":"2025-09-24T11:50:39","modified_gmt":"2025-09-24T09:50:39","slug":"rockhopper-sport-especializado-27-5-2022","status":"publish","type":"product","link":"https:\/\/gr-100.com\/pt-pt\/producto\/rockhopper-sport-especializado-27-5-2022\/","title":{"rendered":"Specialized Rockhopper Sport 27,5 2022"},"content":{"rendered":"<p><strong>IMAGEM<\/strong><br \/>\nSpecialized Liga de ponta premium A1, tubo de cabe\u00e7a de pilha zero, roteamento de cabo interno, sa\u00eddas forjadas de 135x9mm, freio a disco montado em corrente, gancho derailleur de liga substitu\u00edvel, suportes de rack furtivos, compat\u00edvel com poste conta-gotas<br \/>\n<strong>ABRA\u00c7O.<br \/>\nSELIM <\/strong><br \/>\nLiga, libera\u00e7\u00e3o r\u00e1pida, 34,9 <strong>SR Suntour<\/strong>XCM 27,5 FORK,<br \/>\n bala\u00fastres de 30 mm, Sintonia Rx, mola helicoidal, QR, curso 80\/90\/100mm (tamanho espec\u00edfico), deslocamento de 42 mm<\/p>\n<p><strong>POT\u00caNCIA<\/strong><br \/>\nLiga forjada em 3D, 31,8 mm, aumento de 7 graus<br \/>\n<strong>GUID\u00c3O<\/strong><br \/>\nStout Mini Rise, liga, varredura traseira de 9 graus, eleva\u00e7\u00e3o de 15 mm, 31,8 mm<br \/>\n<strong>PUNHOS<\/strong><br \/>\nSpecializedMTB, lock-on<br \/>\n<strong>ESPIG\u00c3O ASSENTO<\/strong><br \/>\nLiga, bra\u00e7adeira de 2 parafusos, 30,9 mm<br \/>\n<strong>SELIM<\/strong><br \/>\nBridge Sport, Trilhos de a\u00e7o, 155\/143mm <strong>TRAV\u00c3O DIANTEIRO<\/strong><br \/>\nTektro BR-M275 Disco hidr\u00e1ulico, 160mm <strong>TRAV\u00c3O TRASEIRO<\/strong><br \/>\nTektro BR-M275 Disco hidr\u00e1ulico, 160mm <strong>CASSETTE<\/strong><br \/>\nSunRace, 9 velocidades, 11-36t<\/p>\n<p><strong>SUPORTE<\/strong><br \/>\n INFERIORStout 2x, liga forjada<br \/>\n<strong>SUPORTE<\/strong><br \/>\n INFERIORRolamentos internos c\u00f4nicos quadrados, 73 mm, eixo de 122,5 mm<br \/>\n<strong>CONTROLOS DE MUDAN\u00c7A DE VELOCIDADE<\/strong><br \/>\nMicroshift, SL-M859R, 2&#215;9 <strong>Microshift<\/strong>RD-M46L SHIFT,<br \/>\n 9spd<\/p>\n<p><strong>CADEIA<\/strong><br \/>\nKMC X9EPT, 9 velocidades, revestimento anticorros\u00e3o c\/ Missing Link\u2122 reutiliz\u00e1vel<br \/>\n<strong>DESVIADOR<\/strong><br \/>\nmicroSHIFT FD-M462, 2 velocidades<br \/>\n<strong>R\u00c1DIOS<\/strong><br \/>\nSem manchas, 14g<br \/>\n<strong>Pneus<\/strong><br \/>\nSpecialized , apenas disco, parede dupla, largura interna de 25mm, 32h<br \/>\n<strong>C\u00c2MARAS<\/strong><br \/>\nSchrader, v\u00e1lvula de 40mm<br \/>\n<strong>CUBO TRASEIRO<\/strong><br \/>\nF\u00f3rmula SP-2125, freehub de 6 parafusos, disco, espa\u00e7amento de 135x9mm, libera\u00e7\u00e3o r\u00e1pida<br \/>\n<strong>CUBO FRONTAL<\/strong><br \/>\nF\u00f3rmula 6-Parafuso, disco, espa\u00e7amento 100x9mm, libera\u00e7\u00e3o r\u00e1pida, 32H<br \/>\n<strong>PNEU.<\/strong><br \/>\nFast Trak Sport, 27,5 x 2,35&#8243; <strong>PNEU<\/strong><br \/>\nTRASEIRO Fast Trak Sport, 27,5 x 2,35&#8243;<\/p>\n<p><strong>PEDAIS<\/strong><br \/>\nSBC-54 Pedal plano<\/p>\n","protected":false},"excerpt":{"rendered":"<p>Em um tabuleiro de jogo, o Rockhopper Sport \u00e9 o jogador perfeito, atacando em desempenho e defendendo gra\u00e7as ao seu custo-benef\u00edcio.<\/p>\n","protected":false},"featured_media":284374,"comment_status":"closed","ping_status":"closed","template":"","meta":{"_acf_changed":false,"_et_pb_use_builder":"","_et_pb_old_content":"","_et_gb_content_width":"","inline_featured_image":false},"product_brand":[],"product_cat":[2459,402,2483],"product_tag":[],"class_list":{"0":"post-382373","1":"product","2":"type-product","3":"status-publish","4":"has-post-thumbnail","6":"product_cat-bicicletas-pt-pt-2","7":"product_cat-montanha","8":"product_cat-bicicletas-especializadas","9":"product_shipping_class-bicicletas-pt-pt","11":"first","12":"outofstock","13":"taxable","14":"shipping-taxable","15":"product-type-variable","16":"wvs-archive-product-wrapper"},"acf":[],"yoast_head":"<!-- This site is optimized with the Yoast SEO Premium plugin v26.7 (Yoast SEO v26.7) - https:\/\/yoast.com\/wordpress\/plugins\/seo\/ -->\n<title>Specialized Rockhopper Sport 27,5 2022 GR-100 SPECIALIZED<\/title>\n<meta name=\"description\" content=\"SPECIALIZED ROCKHOPPER SPORT 27,5 2022. Rockhopper \u00e9 o jogador perfeito, atacando em desempenho e defendendo gra\u00e7as ao seu valor para o dinheiro.\" \/>\n<meta name=\"robots\" content=\"index, follow, max-snippet:-1, max-image-preview:large, max-video-preview:-1\" \/>\n<link rel=\"canonical\" href=\"https:\/\/gr-100.com\/pt-pt\/producto\/rockhopper-sport-especializado-27-5-2022\/\" \/>\n<meta property=\"og:locale\" content=\"pt_PT\" \/>\n<meta property=\"og:type\" content=\"article\" \/>\n<meta property=\"og:title\" content=\"Specialized Rockhopper Sport 27,5 2022\" \/>\n<meta property=\"og:description\" content=\"SPECIALIZED ROCKHOPPER SPORT 27,5 2022. Rockhopper \u00e9 o jogador perfeito, atacando em desempenho e defendendo gra\u00e7as ao seu valor para o dinheiro.\" \/>\n<meta property=\"og:url\" content=\"https:\/\/gr-100.com\/pt-pt\/producto\/rockhopper-sport-especializado-27-5-2022\/\" \/>\n<meta property=\"og:site_name\" content=\"Gr-100 Tienda de ciclismo Specialized\" \/>\n<meta property=\"article:publisher\" content=\"https:\/\/www.facebook.com\/Gr100Bikes\" \/>\n<meta property=\"article:modified_time\" content=\"2025-09-24T09:50:39+00:00\" \/>\n<meta property=\"og:image\" content=\"https:\/\/gr-100.com\/wp-content\/uploads\/2024\/05\/Rockhopper-27-SATIN-FOREST-OASIS.jpg\" \/>\n\t<meta property=\"og:image:width\" content=\"1000\" \/>\n\t<meta property=\"og:image:height\" content=\"1000\" \/>\n\t<meta property=\"og:image:type\" content=\"image\/jpeg\" \/>\n<meta name=\"twitter:card\" content=\"summary_large_image\" \/>\n<meta name=\"twitter:label1\" content=\"Tempo estimado de leitura\" \/>\n\t<meta name=\"twitter:data1\" content=\"1 minuto\" \/>\n<script type=\"application\/ld+json\" class=\"yoast-schema-graph\">{\"@context\":\"https:\/\/schema.org\",\"@graph\":[{\"@type\":\"WebPage\",\"@id\":\"https:\/\/gr-100.com\/pt-pt\/producto\/rockhopper-sport-especializado-27-5-2022\/\",\"url\":\"https:\/\/gr-100.com\/pt-pt\/producto\/rockhopper-sport-especializado-27-5-2022\/\",\"name\":\"Specialized Rockhopper Sport 27,5 2022 GR-100 SPECIALIZED\",\"isPartOf\":{\"@id\":\"https:\/\/gr-100.com\/#website\"},\"primaryImageOfPage\":{\"@id\":\"https:\/\/gr-100.com\/pt-pt\/producto\/rockhopper-sport-especializado-27-5-2022\/#primaryimage\"},\"image\":{\"@id\":\"https:\/\/gr-100.com\/pt-pt\/producto\/rockhopper-sport-especializado-27-5-2022\/#primaryimage\"},\"thumbnailUrl\":\"https:\/\/gr-100.com\/wp-content\/uploads\/2024\/05\/Rockhopper-27-SATIN-FOREST-OASIS.jpg\",\"datePublished\":\"2024-07-01T07:04:18+00:00\",\"dateModified\":\"2025-09-24T09:50:39+00:00\",\"description\":\"SPECIALIZED ROCKHOPPER SPORT 27,5 2022. Rockhopper \u00e9 o jogador perfeito, atacando em desempenho e defendendo gra\u00e7as ao seu valor para o dinheiro.\",\"breadcrumb\":{\"@id\":\"https:\/\/gr-100.com\/pt-pt\/producto\/rockhopper-sport-especializado-27-5-2022\/#breadcrumb\"},\"inLanguage\":\"pt-PT\",\"potentialAction\":[{\"@type\":\"ReadAction\",\"target\":[\"https:\/\/gr-100.com\/pt-pt\/producto\/rockhopper-sport-especializado-27-5-2022\/\"]}]},{\"@type\":\"ImageObject\",\"inLanguage\":\"pt-PT\",\"@id\":\"https:\/\/gr-100.com\/pt-pt\/producto\/rockhopper-sport-especializado-27-5-2022\/#primaryimage\",\"url\":\"https:\/\/gr-100.com\/wp-content\/uploads\/2024\/05\/Rockhopper-27-SATIN-FOREST-OASIS.jpg\",\"contentUrl\":\"https:\/\/gr-100.com\/wp-content\/uploads\/2024\/05\/Rockhopper-27-SATIN-FOREST-OASIS.jpg\",\"width\":1000,\"height\":1000},{\"@type\":\"BreadcrumbList\",\"@id\":\"https:\/\/gr-100.com\/pt-pt\/producto\/rockhopper-sport-especializado-27-5-2022\/#breadcrumb\",\"itemListElement\":[{\"@type\":\"ListItem\",\"position\":1,\"name\":\"Portada\",\"item\":\"https:\/\/gr-100.com\/en\/\"},{\"@type\":\"ListItem\",\"position\":2,\"name\":\"Productos\",\"item\":\"https:\/\/gr-100.com\/?post_type=product\"},{\"@type\":\"ListItem\",\"position\":3,\"name\":\"Specialized Rockhopper Sport 27,5 2022\"}]},{\"@type\":\"WebSite\",\"@id\":\"https:\/\/gr-100.com\/#website\",\"url\":\"https:\/\/gr-100.com\/\",\"name\":\"Gr-100 Tienda de ciclismo Specialized\",\"description\":\"GR-100 tenemos todas las gamas de bicicletas Specialized al mejor precio.\",\"publisher\":{\"@id\":\"https:\/\/gr-100.com\/#organization\"},\"alternateName\":\"Gr-100 Bikes\",\"potentialAction\":[{\"@type\":\"SearchAction\",\"target\":{\"@type\":\"EntryPoint\",\"urlTemplate\":\"https:\/\/gr-100.com\/?s={search_term_string}\"},\"query-input\":{\"@type\":\"PropertyValueSpecification\",\"valueRequired\":true,\"valueName\":\"search_term_string\"}}],\"inLanguage\":\"pt-PT\"},{\"@type\":\"Organization\",\"@id\":\"https:\/\/gr-100.com\/#organization\",\"name\":\"Gr-100\",\"url\":\"https:\/\/gr-100.com\/\",\"logo\":{\"@type\":\"ImageObject\",\"inLanguage\":\"pt-PT\",\"@id\":\"https:\/\/gr-100.com\/#\/schema\/logo\/image\/\",\"url\":\"https:\/\/gr-100.com\/wp-content\/uploads\/2023\/08\/logo-gr-100-bikes.png\",\"contentUrl\":\"https:\/\/gr-100.com\/wp-content\/uploads\/2023\/08\/logo-gr-100-bikes.png\",\"width\":707,\"height\":284,\"caption\":\"Gr-100\"},\"image\":{\"@id\":\"https:\/\/gr-100.com\/#\/schema\/logo\/image\/\"},\"sameAs\":[\"https:\/\/www.facebook.com\/Gr100Bikes\",\"https:\/\/www.instagram.com\/gr100bikes\/\",\"https:\/\/www.tiktok.com\/@gr100bikes\",\"https:\/\/twitter.com\/gr100mtbteam\",\"https:\/\/www.youtube.com\/c\/GR100Specialized\"]}]}<\/script>\n<!-- \/ Yoast SEO Premium plugin. -->","yoast_head_json":{"title":"Specialized Rockhopper Sport 27,5 2022 GR-100 SPECIALIZED","description":"SPECIALIZED ROCKHOPPER SPORT 27,5 2022. Rockhopper \u00e9 o jogador perfeito, atacando em desempenho e defendendo gra\u00e7as ao seu valor para o dinheiro.","robots":{"index":"index","follow":"follow","max-snippet":"max-snippet:-1","max-image-preview":"max-image-preview:large","max-video-preview":"max-video-preview:-1"},"canonical":"https:\/\/gr-100.com\/pt-pt\/producto\/rockhopper-sport-especializado-27-5-2022\/","og_locale":"pt_PT","og_type":"article","og_title":"Specialized Rockhopper Sport 27,5 2022","og_description":"SPECIALIZED ROCKHOPPER SPORT 27,5 2022. Rockhopper \u00e9 o jogador perfeito, atacando em desempenho e defendendo gra\u00e7as ao seu valor para o dinheiro.","og_url":"https:\/\/gr-100.com\/pt-pt\/producto\/rockhopper-sport-especializado-27-5-2022\/","og_site_name":"Gr-100 Tienda de ciclismo Specialized","article_publisher":"https:\/\/www.facebook.com\/Gr100Bikes","article_modified_time":"2025-09-24T09:50:39+00:00","og_image":[{"width":1000,"height":1000,"url":"https:\/\/gr-100.com\/wp-content\/uploads\/2024\/05\/Rockhopper-27-SATIN-FOREST-OASIS.jpg","type":"image\/jpeg"}],"twitter_card":"summary_large_image","twitter_misc":{"Tempo estimado de leitura":"1 minuto"},"schema":{"@context":"https:\/\/schema.org","@graph":[{"@type":"WebPage","@id":"https:\/\/gr-100.com\/pt-pt\/producto\/rockhopper-sport-especializado-27-5-2022\/","url":"https:\/\/gr-100.com\/pt-pt\/producto\/rockhopper-sport-especializado-27-5-2022\/","name":"Specialized Rockhopper Sport 27,5 2022 GR-100 SPECIALIZED","isPartOf":{"@id":"https:\/\/gr-100.com\/#website"},"primaryImageOfPage":{"@id":"https:\/\/gr-100.com\/pt-pt\/producto\/rockhopper-sport-especializado-27-5-2022\/#primaryimage"},"image":{"@id":"https:\/\/gr-100.com\/pt-pt\/producto\/rockhopper-sport-especializado-27-5-2022\/#primaryimage"},"thumbnailUrl":"https:\/\/gr-100.com\/wp-content\/uploads\/2024\/05\/Rockhopper-27-SATIN-FOREST-OASIS.jpg","datePublished":"2024-07-01T07:04:18+00:00","dateModified":"2025-09-24T09:50:39+00:00","description":"SPECIALIZED ROCKHOPPER SPORT 27,5 2022. Rockhopper \u00e9 o jogador perfeito, atacando em desempenho e defendendo gra\u00e7as ao seu valor para o dinheiro.","breadcrumb":{"@id":"https:\/\/gr-100.com\/pt-pt\/producto\/rockhopper-sport-especializado-27-5-2022\/#breadcrumb"},"inLanguage":"pt-PT","potentialAction":[{"@type":"ReadAction","target":["https:\/\/gr-100.com\/pt-pt\/producto\/rockhopper-sport-especializado-27-5-2022\/"]}]},{"@type":"ImageObject","inLanguage":"pt-PT","@id":"https:\/\/gr-100.com\/pt-pt\/producto\/rockhopper-sport-especializado-27-5-2022\/#primaryimage","url":"https:\/\/gr-100.com\/wp-content\/uploads\/2024\/05\/Rockhopper-27-SATIN-FOREST-OASIS.jpg","contentUrl":"https:\/\/gr-100.com\/wp-content\/uploads\/2024\/05\/Rockhopper-27-SATIN-FOREST-OASIS.jpg","width":1000,"height":1000},{"@type":"BreadcrumbList","@id":"https:\/\/gr-100.com\/pt-pt\/producto\/rockhopper-sport-especializado-27-5-2022\/#breadcrumb","itemListElement":[{"@type":"ListItem","position":1,"name":"Portada","item":"https:\/\/gr-100.com\/en\/"},{"@type":"ListItem","position":2,"name":"Productos","item":"https:\/\/gr-100.com\/?post_type=product"},{"@type":"ListItem","position":3,"name":"Specialized Rockhopper Sport 27,5 2022"}]},{"@type":"WebSite","@id":"https:\/\/gr-100.com\/#website","url":"https:\/\/gr-100.com\/","name":"Gr-100 Tienda de ciclismo Specialized","description":"GR-100 tenemos todas las gamas de bicicletas Specialized al mejor precio.","publisher":{"@id":"https:\/\/gr-100.com\/#organization"},"alternateName":"Gr-100 Bikes","potentialAction":[{"@type":"SearchAction","target":{"@type":"EntryPoint","urlTemplate":"https:\/\/gr-100.com\/?s={search_term_string}"},"query-input":{"@type":"PropertyValueSpecification","valueRequired":true,"valueName":"search_term_string"}}],"inLanguage":"pt-PT"},{"@type":"Organization","@id":"https:\/\/gr-100.com\/#organization","name":"Gr-100","url":"https:\/\/gr-100.com\/","logo":{"@type":"ImageObject","inLanguage":"pt-PT","@id":"https:\/\/gr-100.com\/#\/schema\/logo\/image\/","url":"https:\/\/gr-100.com\/wp-content\/uploads\/2023\/08\/logo-gr-100-bikes.png","contentUrl":"https:\/\/gr-100.com\/wp-content\/uploads\/2023\/08\/logo-gr-100-bikes.png","width":707,"height":284,"caption":"Gr-100"},"image":{"@id":"https:\/\/gr-100.com\/#\/schema\/logo\/image\/"},"sameAs":["https:\/\/www.facebook.com\/Gr100Bikes","https:\/\/www.instagram.com\/gr100bikes\/","https:\/\/www.tiktok.com\/@gr100bikes","https:\/\/twitter.com\/gr100mtbteam","https:\/\/www.youtube.com\/c\/GR100Specialized"]}]}},"_links":{"self":[{"href":"https:\/\/gr-100.com\/pt-pt\/wp-json\/wp\/v2\/product\/382373","targetHints":{"allow":["GET"]}}],"collection":[{"href":"https:\/\/gr-100.com\/pt-pt\/wp-json\/wp\/v2\/product"}],"about":[{"href":"https:\/\/gr-100.com\/pt-pt\/wp-json\/wp\/v2\/types\/product"}],"replies":[{"embeddable":true,"href":"https:\/\/gr-100.com\/pt-pt\/wp-json\/wp\/v2\/comments?post=382373"}],"wp:featuredmedia":[{"embeddable":true,"href":"https:\/\/gr-100.com\/pt-pt\/wp-json\/wp\/v2\/media\/284374"}],"wp:attachment":[{"href":"https:\/\/gr-100.com\/pt-pt\/wp-json\/wp\/v2\/media?parent=382373"}],"wp:term":[{"taxonomy":"product_brand","embeddable":true,"href":"https:\/\/gr-100.com\/pt-pt\/wp-json\/wp\/v2\/product_brand?post=382373"},{"taxonomy":"product_cat","embeddable":true,"href":"https:\/\/gr-100.com\/pt-pt\/wp-json\/wp\/v2\/product_cat?post=382373"},{"taxonomy":"product_tag","embeddable":true,"href":"https:\/\/gr-100.com\/pt-pt\/wp-json\/wp\/v2\/product_tag?post=382373"}],"curies":[{"name":"wp","href":"https:\/\/api.w.org\/{rel}","templated":true}]}}