{"id":382429,"date":"2024-07-01T08:57:31","date_gmt":"2024-07-01T08:57:31","guid":{"rendered":"https:\/\/gr-100.com\/producto\/cannondale-29-trilha-7-2022\/"},"modified":"2025-12-18T16:46:41","modified_gmt":"2025-12-18T14:46:41","slug":"cannondale-29-trilha-7-2022","status":"publish","type":"product","link":"https:\/\/gr-100.com\/pt-pt\/producto\/cannondale-29-trilha-7-2022\/","title":{"rendered":"Cannondale 29&#8243; Trilha 7 2022"},"content":{"rendered":"<p>https:\/\/youtu.be\/U3eyTkdx4fg https:\/\/youtu.be\/U8c9KGA5W4o  <\/p>\n<ul>\n<li>Estrutura: SmartForm C3 Alloy, SAVE, 1-1\/8&#8243; headtube, disco de p\u00f3s-montagem, roteamento de cabo interno StraightShot, compat\u00edvel com poste conta-gotas, BSA-73<\/li>\n<li>Forquilha: SR Suntour XCT DS, 100mm, bobina, deslocamento de 42mm (27,5&#8243;) deslocamento de 46mm (29&#8243;)<\/li>\n<li>Fone de ouvido: Semi integrado, 1-1\/8&#8243;<\/li>\n<li>Suporte inferior Cartucho de rolamento selado, cone quadrado<\/li>\n<li>Corrente: KMC Z9, 9 velocidades<\/li>\n<li>Virabrequim\/an\u00e9is: Prowheel, 36\/22<\/li>\n<li>Descarrilador: microSHIFT Dual Pull Compact, gaiola de a\u00e7o, bra\u00e7adeira de banda de a\u00e7o<\/li>\n<li>: Sunrace, 11-34, 9 velocidades<\/li>\n<li>Derailleur traseiro: microSHIFT M46L<\/li>\n<li>Controles: microSHIFT<\/li>\n<li>Cubo dianteiro: Shimano HBTX 505<\/li>\n<li>Cubo traseiro: Shimano FHTX505<\/li>\n<li>Jantes: WTB SX19, 32h<\/li>\n<li>Raios: A\u00e7o Inoxid\u00e1vel, 14g<\/li>\n<li>Pneus: Schwalbe Rocket Rick, 27.5\/29 x 2.25&#8243;, K-Guard<\/li>\n<li>Freios: disco hidr\u00e1ulico Tektro M275, rotores 160\/160mm<\/li>\n<li>Punhos: Cannondale Dual-Density<\/li>\n<li>Guiador: 6061 Alloy Riser, 31.8mm, 25mm de eleva\u00e7\u00e3o, 700mm<\/li>\n<li>Sela: Cannondale Stage 3<\/li>\n<li>Poste de assento: Cannondale 3, liga 6061, 31,6 x 350\/400mm<\/li>\n<li>Pot\u00eancia: Liga 6061, 31,8, 8\u00b0<\/li>\n<li>Tamanhos: (27.5) XS-SM (29) MD-LG-XL<\/li>\n<\/ul>\n","protected":false},"excerpt":{"rendered":"<p>Cannondale TRAIL 7 29 \u0308Bicicleta de alum\u00ednio com transmiss\u00e3o de 9 velocidades e freios a disco hidr\u00e1ulicos para uso recreativo.<\/p>\n","protected":false},"featured_media":283971,"comment_status":"closed","ping_status":"closed","template":"","meta":{"_acf_changed":false,"_et_pb_use_builder":"","_et_pb_old_content":"","_et_gb_content_width":"","inline_featured_image":false},"product_brand":[],"product_cat":[20,378],"product_tag":[],"class_list":{"0":"post-382429","1":"product","2":"type-product","3":"status-publish","4":"has-post-thumbnail","6":"product_cat-bicicletas-de-carretera","7":"product_cat-estrada","9":"first","10":"outofstock","11":"taxable","12":"shipping-taxable","13":"product-type-variable","14":"wvs-archive-product-wrapper"},"acf":[],"yoast_head":"<!-- This site is optimized with the Yoast SEO Premium plugin v26.7 (Yoast SEO v26.7) - https:\/\/yoast.com\/wordpress\/plugins\/seo\/ -->\n<title>Cannondale 29&quot; Trilha 7 2022 GR-100 CANNONDALE 29 TRILHA 7<\/title>\n<meta name=\"description\" content=\"CANNONDALE 29 TRILHA 7 2022. Bicicleta de alum\u00ednio com transmiss\u00e3o de 9 velocidades e freios a disco hidr\u00e1ulicos para uso recreativo.\" \/>\n<meta name=\"robots\" content=\"index, follow, max-snippet:-1, max-image-preview:large, max-video-preview:-1\" \/>\n<link rel=\"canonical\" href=\"https:\/\/gr-100.com\/pt-pt\/producto\/cannondale-29-trilha-7-2022\/\" \/>\n<meta property=\"og:locale\" content=\"pt_PT\" \/>\n<meta property=\"og:type\" content=\"article\" \/>\n<meta property=\"og:title\" content=\"Cannondale 29&quot; Trilha 7 2022\" \/>\n<meta property=\"og:description\" content=\"CANNONDALE 29 TRILHA 7 2022. Bicicleta de alum\u00ednio com transmiss\u00e3o de 9 velocidades e freios a disco hidr\u00e1ulicos para uso recreativo.\" \/>\n<meta property=\"og:url\" content=\"https:\/\/gr-100.com\/pt-pt\/producto\/cannondale-29-trilha-7-2022\/\" \/>\n<meta property=\"og:site_name\" content=\"Gr-100 Tienda de ciclismo Specialized\" \/>\n<meta property=\"article:publisher\" content=\"https:\/\/www.facebook.com\/Gr100Bikes\" \/>\n<meta property=\"article:modified_time\" content=\"2025-12-18T14:46:41+00:00\" \/>\n<meta property=\"og:image\" content=\"https:\/\/gr-100.com\/wp-content\/uploads\/2024\/05\/ZZCannondale_Trail_7_schwar.jpg\" \/>\n\t<meta property=\"og:image:width\" content=\"1000\" \/>\n\t<meta property=\"og:image:height\" content=\"1000\" \/>\n\t<meta property=\"og:image:type\" content=\"image\/jpeg\" \/>\n<meta name=\"twitter:card\" content=\"summary_large_image\" \/>\n<meta name=\"twitter:label1\" content=\"Tempo estimado de leitura\" \/>\n\t<meta name=\"twitter:data1\" content=\"1 minuto\" \/>\n<script type=\"application\/ld+json\" class=\"yoast-schema-graph\">{\"@context\":\"https:\/\/schema.org\",\"@graph\":[{\"@type\":\"WebPage\",\"@id\":\"https:\/\/gr-100.com\/pt-pt\/producto\/cannondale-29-trilha-7-2022\/\",\"url\":\"https:\/\/gr-100.com\/pt-pt\/producto\/cannondale-29-trilha-7-2022\/\",\"name\":\"Cannondale 29\\\" Trilha 7 2022 GR-100 CANNONDALE 29 TRILHA 7\",\"isPartOf\":{\"@id\":\"https:\/\/gr-100.com\/#website\"},\"primaryImageOfPage\":{\"@id\":\"https:\/\/gr-100.com\/pt-pt\/producto\/cannondale-29-trilha-7-2022\/#primaryimage\"},\"image\":{\"@id\":\"https:\/\/gr-100.com\/pt-pt\/producto\/cannondale-29-trilha-7-2022\/#primaryimage\"},\"thumbnailUrl\":\"https:\/\/gr-100.com\/wp-content\/uploads\/2024\/05\/ZZCannondale_Trail_7_schwar.jpg\",\"datePublished\":\"2024-07-01T08:57:31+00:00\",\"dateModified\":\"2025-12-18T14:46:41+00:00\",\"description\":\"CANNONDALE 29 TRILHA 7 2022. Bicicleta de alum\u00ednio com transmiss\u00e3o de 9 velocidades e freios a disco hidr\u00e1ulicos para uso recreativo.\",\"breadcrumb\":{\"@id\":\"https:\/\/gr-100.com\/pt-pt\/producto\/cannondale-29-trilha-7-2022\/#breadcrumb\"},\"inLanguage\":\"pt-PT\",\"potentialAction\":[{\"@type\":\"ReadAction\",\"target\":[\"https:\/\/gr-100.com\/pt-pt\/producto\/cannondale-29-trilha-7-2022\/\"]}]},{\"@type\":\"ImageObject\",\"inLanguage\":\"pt-PT\",\"@id\":\"https:\/\/gr-100.com\/pt-pt\/producto\/cannondale-29-trilha-7-2022\/#primaryimage\",\"url\":\"https:\/\/gr-100.com\/wp-content\/uploads\/2024\/05\/ZZCannondale_Trail_7_schwar.jpg\",\"contentUrl\":\"https:\/\/gr-100.com\/wp-content\/uploads\/2024\/05\/ZZCannondale_Trail_7_schwar.jpg\",\"width\":1000,\"height\":1000},{\"@type\":\"BreadcrumbList\",\"@id\":\"https:\/\/gr-100.com\/pt-pt\/producto\/cannondale-29-trilha-7-2022\/#breadcrumb\",\"itemListElement\":[{\"@type\":\"ListItem\",\"position\":1,\"name\":\"Portada\",\"item\":\"https:\/\/gr-100.com\/en\/\"},{\"@type\":\"ListItem\",\"position\":2,\"name\":\"Productos\",\"item\":\"https:\/\/gr-100.com\/?post_type=product\"},{\"@type\":\"ListItem\",\"position\":3,\"name\":\"Cannondale 29&#8243; Trilha 7 2022\"}]},{\"@type\":\"WebSite\",\"@id\":\"https:\/\/gr-100.com\/#website\",\"url\":\"https:\/\/gr-100.com\/\",\"name\":\"Gr-100 Tienda de ciclismo Specialized\",\"description\":\"GR-100 tenemos todas las gamas de bicicletas Specialized al mejor precio.\",\"publisher\":{\"@id\":\"https:\/\/gr-100.com\/#organization\"},\"alternateName\":\"Gr-100 Bikes\",\"potentialAction\":[{\"@type\":\"SearchAction\",\"target\":{\"@type\":\"EntryPoint\",\"urlTemplate\":\"https:\/\/gr-100.com\/?s={search_term_string}\"},\"query-input\":{\"@type\":\"PropertyValueSpecification\",\"valueRequired\":true,\"valueName\":\"search_term_string\"}}],\"inLanguage\":\"pt-PT\"},{\"@type\":\"Organization\",\"@id\":\"https:\/\/gr-100.com\/#organization\",\"name\":\"Gr-100\",\"url\":\"https:\/\/gr-100.com\/\",\"logo\":{\"@type\":\"ImageObject\",\"inLanguage\":\"pt-PT\",\"@id\":\"https:\/\/gr-100.com\/#\/schema\/logo\/image\/\",\"url\":\"https:\/\/gr-100.com\/wp-content\/uploads\/2023\/08\/logo-gr-100-bikes.png\",\"contentUrl\":\"https:\/\/gr-100.com\/wp-content\/uploads\/2023\/08\/logo-gr-100-bikes.png\",\"width\":707,\"height\":284,\"caption\":\"Gr-100\"},\"image\":{\"@id\":\"https:\/\/gr-100.com\/#\/schema\/logo\/image\/\"},\"sameAs\":[\"https:\/\/www.facebook.com\/Gr100Bikes\",\"https:\/\/www.instagram.com\/gr100bikes\/\",\"https:\/\/www.tiktok.com\/@gr100bikes\",\"https:\/\/twitter.com\/gr100mtbteam\",\"https:\/\/www.youtube.com\/c\/GR100Specialized\"]}]}<\/script>\n<!-- \/ Yoast SEO Premium plugin. -->","yoast_head_json":{"title":"Cannondale 29\" Trilha 7 2022 GR-100 CANNONDALE 29 TRILHA 7","description":"CANNONDALE 29 TRILHA 7 2022. Bicicleta de alum\u00ednio com transmiss\u00e3o de 9 velocidades e freios a disco hidr\u00e1ulicos para uso recreativo.","robots":{"index":"index","follow":"follow","max-snippet":"max-snippet:-1","max-image-preview":"max-image-preview:large","max-video-preview":"max-video-preview:-1"},"canonical":"https:\/\/gr-100.com\/pt-pt\/producto\/cannondale-29-trilha-7-2022\/","og_locale":"pt_PT","og_type":"article","og_title":"Cannondale 29\" Trilha 7 2022","og_description":"CANNONDALE 29 TRILHA 7 2022. Bicicleta de alum\u00ednio com transmiss\u00e3o de 9 velocidades e freios a disco hidr\u00e1ulicos para uso recreativo.","og_url":"https:\/\/gr-100.com\/pt-pt\/producto\/cannondale-29-trilha-7-2022\/","og_site_name":"Gr-100 Tienda de ciclismo Specialized","article_publisher":"https:\/\/www.facebook.com\/Gr100Bikes","article_modified_time":"2025-12-18T14:46:41+00:00","og_image":[{"width":1000,"height":1000,"url":"https:\/\/gr-100.com\/wp-content\/uploads\/2024\/05\/ZZCannondale_Trail_7_schwar.jpg","type":"image\/jpeg"}],"twitter_card":"summary_large_image","twitter_misc":{"Tempo estimado de leitura":"1 minuto"},"schema":{"@context":"https:\/\/schema.org","@graph":[{"@type":"WebPage","@id":"https:\/\/gr-100.com\/pt-pt\/producto\/cannondale-29-trilha-7-2022\/","url":"https:\/\/gr-100.com\/pt-pt\/producto\/cannondale-29-trilha-7-2022\/","name":"Cannondale 29\" Trilha 7 2022 GR-100 CANNONDALE 29 TRILHA 7","isPartOf":{"@id":"https:\/\/gr-100.com\/#website"},"primaryImageOfPage":{"@id":"https:\/\/gr-100.com\/pt-pt\/producto\/cannondale-29-trilha-7-2022\/#primaryimage"},"image":{"@id":"https:\/\/gr-100.com\/pt-pt\/producto\/cannondale-29-trilha-7-2022\/#primaryimage"},"thumbnailUrl":"https:\/\/gr-100.com\/wp-content\/uploads\/2024\/05\/ZZCannondale_Trail_7_schwar.jpg","datePublished":"2024-07-01T08:57:31+00:00","dateModified":"2025-12-18T14:46:41+00:00","description":"CANNONDALE 29 TRILHA 7 2022. Bicicleta de alum\u00ednio com transmiss\u00e3o de 9 velocidades e freios a disco hidr\u00e1ulicos para uso recreativo.","breadcrumb":{"@id":"https:\/\/gr-100.com\/pt-pt\/producto\/cannondale-29-trilha-7-2022\/#breadcrumb"},"inLanguage":"pt-PT","potentialAction":[{"@type":"ReadAction","target":["https:\/\/gr-100.com\/pt-pt\/producto\/cannondale-29-trilha-7-2022\/"]}]},{"@type":"ImageObject","inLanguage":"pt-PT","@id":"https:\/\/gr-100.com\/pt-pt\/producto\/cannondale-29-trilha-7-2022\/#primaryimage","url":"https:\/\/gr-100.com\/wp-content\/uploads\/2024\/05\/ZZCannondale_Trail_7_schwar.jpg","contentUrl":"https:\/\/gr-100.com\/wp-content\/uploads\/2024\/05\/ZZCannondale_Trail_7_schwar.jpg","width":1000,"height":1000},{"@type":"BreadcrumbList","@id":"https:\/\/gr-100.com\/pt-pt\/producto\/cannondale-29-trilha-7-2022\/#breadcrumb","itemListElement":[{"@type":"ListItem","position":1,"name":"Portada","item":"https:\/\/gr-100.com\/en\/"},{"@type":"ListItem","position":2,"name":"Productos","item":"https:\/\/gr-100.com\/?post_type=product"},{"@type":"ListItem","position":3,"name":"Cannondale 29&#8243; Trilha 7 2022"}]},{"@type":"WebSite","@id":"https:\/\/gr-100.com\/#website","url":"https:\/\/gr-100.com\/","name":"Gr-100 Tienda de ciclismo Specialized","description":"GR-100 tenemos todas las gamas de bicicletas Specialized al mejor precio.","publisher":{"@id":"https:\/\/gr-100.com\/#organization"},"alternateName":"Gr-100 Bikes","potentialAction":[{"@type":"SearchAction","target":{"@type":"EntryPoint","urlTemplate":"https:\/\/gr-100.com\/?s={search_term_string}"},"query-input":{"@type":"PropertyValueSpecification","valueRequired":true,"valueName":"search_term_string"}}],"inLanguage":"pt-PT"},{"@type":"Organization","@id":"https:\/\/gr-100.com\/#organization","name":"Gr-100","url":"https:\/\/gr-100.com\/","logo":{"@type":"ImageObject","inLanguage":"pt-PT","@id":"https:\/\/gr-100.com\/#\/schema\/logo\/image\/","url":"https:\/\/gr-100.com\/wp-content\/uploads\/2023\/08\/logo-gr-100-bikes.png","contentUrl":"https:\/\/gr-100.com\/wp-content\/uploads\/2023\/08\/logo-gr-100-bikes.png","width":707,"height":284,"caption":"Gr-100"},"image":{"@id":"https:\/\/gr-100.com\/#\/schema\/logo\/image\/"},"sameAs":["https:\/\/www.facebook.com\/Gr100Bikes","https:\/\/www.instagram.com\/gr100bikes\/","https:\/\/www.tiktok.com\/@gr100bikes","https:\/\/twitter.com\/gr100mtbteam","https:\/\/www.youtube.com\/c\/GR100Specialized"]}]}},"_links":{"self":[{"href":"https:\/\/gr-100.com\/pt-pt\/wp-json\/wp\/v2\/product\/382429","targetHints":{"allow":["GET"]}}],"collection":[{"href":"https:\/\/gr-100.com\/pt-pt\/wp-json\/wp\/v2\/product"}],"about":[{"href":"https:\/\/gr-100.com\/pt-pt\/wp-json\/wp\/v2\/types\/product"}],"replies":[{"embeddable":true,"href":"https:\/\/gr-100.com\/pt-pt\/wp-json\/wp\/v2\/comments?post=382429"}],"wp:featuredmedia":[{"embeddable":true,"href":"https:\/\/gr-100.com\/pt-pt\/wp-json\/wp\/v2\/media\/283971"}],"wp:attachment":[{"href":"https:\/\/gr-100.com\/pt-pt\/wp-json\/wp\/v2\/media?parent=382429"}],"wp:term":[{"taxonomy":"product_brand","embeddable":true,"href":"https:\/\/gr-100.com\/pt-pt\/wp-json\/wp\/v2\/product_brand?post=382429"},{"taxonomy":"product_cat","embeddable":true,"href":"https:\/\/gr-100.com\/pt-pt\/wp-json\/wp\/v2\/product_cat?post=382429"},{"taxonomy":"product_tag","embeddable":true,"href":"https:\/\/gr-100.com\/pt-pt\/wp-json\/wp\/v2\/product_tag?post=382429"}],"curies":[{"name":"wp","href":"https:\/\/api.w.org\/{rel}","templated":true}]}}