{"id":382567,"date":"2024-07-01T08:31:39","date_gmt":"2024-07-01T08:31:39","guid":{"rendered":"https:\/\/gr-100.com\/producto\/rockhopper-expert-especializado-29-2022\/"},"modified":"2025-12-18T16:46:33","modified_gmt":"2025-12-18T14:46:33","slug":"rockhopper-expert-especializado-29-2022","status":"publish","type":"product","link":"https:\/\/gr-100.com\/pt-pt\/producto\/rockhopper-expert-especializado-29-2022\/","title":{"rendered":"Specialized Rockhopper Expert 29&#8243; 2022"},"content":{"rendered":"<p>CARATER\u00cdSTICAS:<\/p>\n<ul>\n<li>Estrutura: alum\u00ednio c\u00f4nico premium A1, tubo de cabe\u00e7a de pilha zero, roteamento de cabo interno, sa\u00eddas forjadas de 135x9mm, suporte de freio a disco chainstay, gancho derailleur de alum\u00ednio substitu\u00edvel, roscas de rack, compat\u00edvel com poste conta-gotas<\/li>\n<li>Selim: Liga, libera\u00e7\u00e3o r\u00e1pida, 34,9<\/li>\n<li>Forquilha: RockShox Judy, Solo Air, Amortecedor chave na m\u00e3o, deslocamento de 46mm, QR, curso 80\/90\/100mm (tamanho espec\u00edfico), dire\u00e7\u00e3o de liga<\/li>\n<li>Haste: 3D forjado alum\u00ednio stout, 31.8mm, 6\u00ba altura<\/li>\n<li>Guiador: Stout mini rise, 9\u00ba offset, 15mm rise, 25.4 mm<\/li>\n<li>Punhos: Specialized , lock-on<\/li>\n<li>Poste de assento: Alum\u00ednio, 12mm offset, 2-parafuso, 30.9mm<\/li>\n<li>Freio dianteiro: Shimano BR-MT200, disco hidr\u00e1ulico, 180mm<\/li>\n<li>Freio traseiro: Shimano BR-MT200, disco hidr\u00e1ulico, 160mm<\/li>\n<li>Shift: SRAM SX Eagle, 12 velocidades<\/li>\n<li>Shifters: SRAM SX Eagle, gatilho, 12 velocidades<\/li>\n<li>Corrente: SRAM SX Eagle, 12 velocidades<\/li>\n<li>Suporte inferior: SRAM SX Eagle, Powerspline<\/li>\n<li>Jantes: Liga, Design Offset, Tubeless Ready, 25mm largura interna, 28h<\/li>\n<li>Cubo dianteiro: Shimano HB-RM35, disco de bloqueio\u2122 central, espa\u00e7amento 9x100mm, libera\u00e7\u00e3o r\u00e1pida, 28h<\/li>\n<li>Cubo traseiro: Shimano FH-RM35, disco de bloqueio\u2122 central, espa\u00e7amento de 9x135mm, libera\u00e7\u00e3o r\u00e1pida, 32h<\/li>\n<li>Raios: A\u00e7o inoxid\u00e1vel, 14g<\/li>\n<li>Pneu dianteiro: Ground Control, Control Caseing, GRIPTON\u00ae compound, 60 TPI, 2Bliss Ready, 29&#215;2.3&#8243;<\/li>\n<li>Pneu traseiro: Ground Control, Control Casing, GRIPTON\u00ae compound, 60 TPI, 2Bliss Ready, 29&#215;2.3&#8243;<\/li>\n<li>C\u00e2mera: Presta, v\u00e1lvula de 40mm<\/li>\n<li>: SRAM PG-1210 Eagle, 11-50t<\/li>\n<li>Suporte inferior: SRAM Powerspline<\/li>\n<\/ul>\n","protected":false},"excerpt":{"rendered":"<p>Caixilharia de alum\u00ednio Premium A1 cuidadosamente projetada.<br \/>\nRockShox Judy SoloAir<br \/>\ngarfo Shimano MT-200<br \/>\nfreios hidr\u00e1ulicos Rodas preparadas sem<br \/>\ntubo SRAM Eagle 1&#215;12 transmiss\u00e3o.<\/p>\n","protected":false},"featured_media":282207,"comment_status":"closed","ping_status":"closed","template":"","meta":{"_acf_changed":false,"_et_pb_use_builder":"","_et_pb_old_content":"","_et_gb_content_width":"","inline_featured_image":false},"product_brand":[],"product_cat":[20,378],"product_tag":[],"class_list":{"0":"post-382567","1":"product","2":"type-product","3":"status-publish","4":"has-post-thumbnail","6":"product_cat-bicicletas-de-carretera","7":"product_cat-estrada","9":"first","10":"outofstock","11":"taxable","12":"shipping-taxable","13":"product-type-variable","14":"wvs-archive-product-wrapper"},"acf":[],"yoast_head":"<!-- This site is optimized with the Yoast SEO Premium plugin v26.7 (Yoast SEO v26.7) - https:\/\/yoast.com\/wordpress\/plugins\/seo\/ -->\n<title>Specialized Rockhopper Expert 29&quot; 2022 - GR-100<\/title>\n<meta name=\"description\" content=\"SPECIALIZED ROCKHOPPER EXPERT 29&quot; 2022. \u00c9 o culminar de 30 anos de redefini\u00e7\u00e3o da rela\u00e7\u00e3o entre rela\u00e7\u00e3o custo-benef\u00edcio e desempenho.\" \/>\n<meta name=\"robots\" content=\"index, follow, max-snippet:-1, max-image-preview:large, max-video-preview:-1\" \/>\n<link rel=\"canonical\" href=\"https:\/\/gr-100.com\/pt-pt\/producto\/rockhopper-expert-especializado-29-2022\/\" \/>\n<meta property=\"og:locale\" content=\"pt_PT\" \/>\n<meta property=\"og:type\" content=\"article\" \/>\n<meta property=\"og:title\" content=\"Specialized Rockhopper Expert 29&quot; 2022\" \/>\n<meta property=\"og:description\" content=\"SPECIALIZED ROCKHOPPER EXPERT 29&quot; 2022. \u00c9 o culminar de 30 anos de redefini\u00e7\u00e3o da rela\u00e7\u00e3o entre rela\u00e7\u00e3o custo-benef\u00edcio e desempenho.\" \/>\n<meta property=\"og:url\" content=\"https:\/\/gr-100.com\/pt-pt\/producto\/rockhopper-expert-especializado-29-2022\/\" \/>\n<meta property=\"og:site_name\" content=\"Gr-100 Tienda de ciclismo Specialized\" \/>\n<meta property=\"article:publisher\" content=\"https:\/\/www.facebook.com\/Gr100Bikes\" \/>\n<meta property=\"article:modified_time\" content=\"2025-12-18T14:46:33+00:00\" \/>\n<meta property=\"og:image\" content=\"https:\/\/gr-100.com\/wp-content\/uploads\/2024\/05\/2-Screenshot-of-Rockhopper-.jpg\" \/>\n\t<meta property=\"og:image:width\" content=\"1000\" \/>\n\t<meta property=\"og:image:height\" content=\"1000\" \/>\n\t<meta property=\"og:image:type\" content=\"image\/jpeg\" \/>\n<meta name=\"twitter:card\" content=\"summary_large_image\" \/>\n<meta name=\"twitter:label1\" content=\"Tempo estimado de leitura\" \/>\n\t<meta name=\"twitter:data1\" content=\"1 minuto\" \/>\n<script type=\"application\/ld+json\" class=\"yoast-schema-graph\">{\"@context\":\"https:\/\/schema.org\",\"@graph\":[{\"@type\":\"WebPage\",\"@id\":\"https:\/\/gr-100.com\/pt-pt\/producto\/rockhopper-expert-especializado-29-2022\/\",\"url\":\"https:\/\/gr-100.com\/pt-pt\/producto\/rockhopper-expert-especializado-29-2022\/\",\"name\":\"Specialized Rockhopper Expert 29\\\" 2022 - GR-100\",\"isPartOf\":{\"@id\":\"https:\/\/gr-100.com\/#website\"},\"primaryImageOfPage\":{\"@id\":\"https:\/\/gr-100.com\/pt-pt\/producto\/rockhopper-expert-especializado-29-2022\/#primaryimage\"},\"image\":{\"@id\":\"https:\/\/gr-100.com\/pt-pt\/producto\/rockhopper-expert-especializado-29-2022\/#primaryimage\"},\"thumbnailUrl\":\"https:\/\/gr-100.com\/wp-content\/uploads\/2024\/05\/2-Screenshot-of-Rockhopper-.jpg\",\"datePublished\":\"2024-07-01T08:31:39+00:00\",\"dateModified\":\"2025-12-18T14:46:33+00:00\",\"description\":\"SPECIALIZED ROCKHOPPER EXPERT 29\\\" 2022. \u00c9 o culminar de 30 anos de redefini\u00e7\u00e3o da rela\u00e7\u00e3o entre rela\u00e7\u00e3o custo-benef\u00edcio e desempenho.\",\"breadcrumb\":{\"@id\":\"https:\/\/gr-100.com\/pt-pt\/producto\/rockhopper-expert-especializado-29-2022\/#breadcrumb\"},\"inLanguage\":\"pt-PT\",\"potentialAction\":[{\"@type\":\"ReadAction\",\"target\":[\"https:\/\/gr-100.com\/pt-pt\/producto\/rockhopper-expert-especializado-29-2022\/\"]}]},{\"@type\":\"ImageObject\",\"inLanguage\":\"pt-PT\",\"@id\":\"https:\/\/gr-100.com\/pt-pt\/producto\/rockhopper-expert-especializado-29-2022\/#primaryimage\",\"url\":\"https:\/\/gr-100.com\/wp-content\/uploads\/2024\/05\/2-Screenshot-of-Rockhopper-.jpg\",\"contentUrl\":\"https:\/\/gr-100.com\/wp-content\/uploads\/2024\/05\/2-Screenshot-of-Rockhopper-.jpg\",\"width\":1000,\"height\":1000},{\"@type\":\"BreadcrumbList\",\"@id\":\"https:\/\/gr-100.com\/pt-pt\/producto\/rockhopper-expert-especializado-29-2022\/#breadcrumb\",\"itemListElement\":[{\"@type\":\"ListItem\",\"position\":1,\"name\":\"Portada\",\"item\":\"https:\/\/gr-100.com\/en\/\"},{\"@type\":\"ListItem\",\"position\":2,\"name\":\"Productos\",\"item\":\"https:\/\/gr-100.com\/?post_type=product\"},{\"@type\":\"ListItem\",\"position\":3,\"name\":\"Specialized Rockhopper Expert 29&#8243; 2022\"}]},{\"@type\":\"WebSite\",\"@id\":\"https:\/\/gr-100.com\/#website\",\"url\":\"https:\/\/gr-100.com\/\",\"name\":\"Gr-100 Tienda de ciclismo Specialized\",\"description\":\"GR-100 tenemos todas las gamas de bicicletas Specialized al mejor precio.\",\"publisher\":{\"@id\":\"https:\/\/gr-100.com\/#organization\"},\"alternateName\":\"Gr-100 Bikes\",\"potentialAction\":[{\"@type\":\"SearchAction\",\"target\":{\"@type\":\"EntryPoint\",\"urlTemplate\":\"https:\/\/gr-100.com\/?s={search_term_string}\"},\"query-input\":{\"@type\":\"PropertyValueSpecification\",\"valueRequired\":true,\"valueName\":\"search_term_string\"}}],\"inLanguage\":\"pt-PT\"},{\"@type\":\"Organization\",\"@id\":\"https:\/\/gr-100.com\/#organization\",\"name\":\"Gr-100\",\"url\":\"https:\/\/gr-100.com\/\",\"logo\":{\"@type\":\"ImageObject\",\"inLanguage\":\"pt-PT\",\"@id\":\"https:\/\/gr-100.com\/#\/schema\/logo\/image\/\",\"url\":\"https:\/\/gr-100.com\/wp-content\/uploads\/2023\/08\/logo-gr-100-bikes.png\",\"contentUrl\":\"https:\/\/gr-100.com\/wp-content\/uploads\/2023\/08\/logo-gr-100-bikes.png\",\"width\":707,\"height\":284,\"caption\":\"Gr-100\"},\"image\":{\"@id\":\"https:\/\/gr-100.com\/#\/schema\/logo\/image\/\"},\"sameAs\":[\"https:\/\/www.facebook.com\/Gr100Bikes\",\"https:\/\/www.instagram.com\/gr100bikes\/\",\"https:\/\/www.tiktok.com\/@gr100bikes\",\"https:\/\/twitter.com\/gr100mtbteam\",\"https:\/\/www.youtube.com\/c\/GR100Specialized\"]}]}<\/script>\n<!-- \/ Yoast SEO Premium plugin. -->","yoast_head_json":{"title":"Specialized Rockhopper Expert 29\" 2022 - GR-100","description":"SPECIALIZED ROCKHOPPER EXPERT 29\" 2022. \u00c9 o culminar de 30 anos de redefini\u00e7\u00e3o da rela\u00e7\u00e3o entre rela\u00e7\u00e3o custo-benef\u00edcio e desempenho.","robots":{"index":"index","follow":"follow","max-snippet":"max-snippet:-1","max-image-preview":"max-image-preview:large","max-video-preview":"max-video-preview:-1"},"canonical":"https:\/\/gr-100.com\/pt-pt\/producto\/rockhopper-expert-especializado-29-2022\/","og_locale":"pt_PT","og_type":"article","og_title":"Specialized Rockhopper Expert 29\" 2022","og_description":"SPECIALIZED ROCKHOPPER EXPERT 29\" 2022. \u00c9 o culminar de 30 anos de redefini\u00e7\u00e3o da rela\u00e7\u00e3o entre rela\u00e7\u00e3o custo-benef\u00edcio e desempenho.","og_url":"https:\/\/gr-100.com\/pt-pt\/producto\/rockhopper-expert-especializado-29-2022\/","og_site_name":"Gr-100 Tienda de ciclismo Specialized","article_publisher":"https:\/\/www.facebook.com\/Gr100Bikes","article_modified_time":"2025-12-18T14:46:33+00:00","og_image":[{"width":1000,"height":1000,"url":"https:\/\/gr-100.com\/wp-content\/uploads\/2024\/05\/2-Screenshot-of-Rockhopper-.jpg","type":"image\/jpeg"}],"twitter_card":"summary_large_image","twitter_misc":{"Tempo estimado de leitura":"1 minuto"},"schema":{"@context":"https:\/\/schema.org","@graph":[{"@type":"WebPage","@id":"https:\/\/gr-100.com\/pt-pt\/producto\/rockhopper-expert-especializado-29-2022\/","url":"https:\/\/gr-100.com\/pt-pt\/producto\/rockhopper-expert-especializado-29-2022\/","name":"Specialized Rockhopper Expert 29\" 2022 - GR-100","isPartOf":{"@id":"https:\/\/gr-100.com\/#website"},"primaryImageOfPage":{"@id":"https:\/\/gr-100.com\/pt-pt\/producto\/rockhopper-expert-especializado-29-2022\/#primaryimage"},"image":{"@id":"https:\/\/gr-100.com\/pt-pt\/producto\/rockhopper-expert-especializado-29-2022\/#primaryimage"},"thumbnailUrl":"https:\/\/gr-100.com\/wp-content\/uploads\/2024\/05\/2-Screenshot-of-Rockhopper-.jpg","datePublished":"2024-07-01T08:31:39+00:00","dateModified":"2025-12-18T14:46:33+00:00","description":"SPECIALIZED ROCKHOPPER EXPERT 29\" 2022. \u00c9 o culminar de 30 anos de redefini\u00e7\u00e3o da rela\u00e7\u00e3o entre rela\u00e7\u00e3o custo-benef\u00edcio e desempenho.","breadcrumb":{"@id":"https:\/\/gr-100.com\/pt-pt\/producto\/rockhopper-expert-especializado-29-2022\/#breadcrumb"},"inLanguage":"pt-PT","potentialAction":[{"@type":"ReadAction","target":["https:\/\/gr-100.com\/pt-pt\/producto\/rockhopper-expert-especializado-29-2022\/"]}]},{"@type":"ImageObject","inLanguage":"pt-PT","@id":"https:\/\/gr-100.com\/pt-pt\/producto\/rockhopper-expert-especializado-29-2022\/#primaryimage","url":"https:\/\/gr-100.com\/wp-content\/uploads\/2024\/05\/2-Screenshot-of-Rockhopper-.jpg","contentUrl":"https:\/\/gr-100.com\/wp-content\/uploads\/2024\/05\/2-Screenshot-of-Rockhopper-.jpg","width":1000,"height":1000},{"@type":"BreadcrumbList","@id":"https:\/\/gr-100.com\/pt-pt\/producto\/rockhopper-expert-especializado-29-2022\/#breadcrumb","itemListElement":[{"@type":"ListItem","position":1,"name":"Portada","item":"https:\/\/gr-100.com\/en\/"},{"@type":"ListItem","position":2,"name":"Productos","item":"https:\/\/gr-100.com\/?post_type=product"},{"@type":"ListItem","position":3,"name":"Specialized Rockhopper Expert 29&#8243; 2022"}]},{"@type":"WebSite","@id":"https:\/\/gr-100.com\/#website","url":"https:\/\/gr-100.com\/","name":"Gr-100 Tienda de ciclismo Specialized","description":"GR-100 tenemos todas las gamas de bicicletas Specialized al mejor precio.","publisher":{"@id":"https:\/\/gr-100.com\/#organization"},"alternateName":"Gr-100 Bikes","potentialAction":[{"@type":"SearchAction","target":{"@type":"EntryPoint","urlTemplate":"https:\/\/gr-100.com\/?s={search_term_string}"},"query-input":{"@type":"PropertyValueSpecification","valueRequired":true,"valueName":"search_term_string"}}],"inLanguage":"pt-PT"},{"@type":"Organization","@id":"https:\/\/gr-100.com\/#organization","name":"Gr-100","url":"https:\/\/gr-100.com\/","logo":{"@type":"ImageObject","inLanguage":"pt-PT","@id":"https:\/\/gr-100.com\/#\/schema\/logo\/image\/","url":"https:\/\/gr-100.com\/wp-content\/uploads\/2023\/08\/logo-gr-100-bikes.png","contentUrl":"https:\/\/gr-100.com\/wp-content\/uploads\/2023\/08\/logo-gr-100-bikes.png","width":707,"height":284,"caption":"Gr-100"},"image":{"@id":"https:\/\/gr-100.com\/#\/schema\/logo\/image\/"},"sameAs":["https:\/\/www.facebook.com\/Gr100Bikes","https:\/\/www.instagram.com\/gr100bikes\/","https:\/\/www.tiktok.com\/@gr100bikes","https:\/\/twitter.com\/gr100mtbteam","https:\/\/www.youtube.com\/c\/GR100Specialized"]}]}},"_links":{"self":[{"href":"https:\/\/gr-100.com\/pt-pt\/wp-json\/wp\/v2\/product\/382567","targetHints":{"allow":["GET"]}}],"collection":[{"href":"https:\/\/gr-100.com\/pt-pt\/wp-json\/wp\/v2\/product"}],"about":[{"href":"https:\/\/gr-100.com\/pt-pt\/wp-json\/wp\/v2\/types\/product"}],"replies":[{"embeddable":true,"href":"https:\/\/gr-100.com\/pt-pt\/wp-json\/wp\/v2\/comments?post=382567"}],"wp:featuredmedia":[{"embeddable":true,"href":"https:\/\/gr-100.com\/pt-pt\/wp-json\/wp\/v2\/media\/282207"}],"wp:attachment":[{"href":"https:\/\/gr-100.com\/pt-pt\/wp-json\/wp\/v2\/media?parent=382567"}],"wp:term":[{"taxonomy":"product_brand","embeddable":true,"href":"https:\/\/gr-100.com\/pt-pt\/wp-json\/wp\/v2\/product_brand?post=382567"},{"taxonomy":"product_cat","embeddable":true,"href":"https:\/\/gr-100.com\/pt-pt\/wp-json\/wp\/v2\/product_cat?post=382567"},{"taxonomy":"product_tag","embeddable":true,"href":"https:\/\/gr-100.com\/pt-pt\/wp-json\/wp\/v2\/product_tag?post=382567"}],"curies":[{"name":"wp","href":"https:\/\/api.w.org\/{rel}","templated":true}]}}