{"id":382603,"date":"2024-07-01T08:27:56","date_gmt":"2024-07-01T08:27:56","guid":{"rendered":"https:\/\/gr-100.com\/producto\/cannondale-bisturi-carbono-3-2022\/"},"modified":"2025-12-18T16:46:31","modified_gmt":"2025-12-18T14:46:31","slug":"cannondale-bisturi-carbono-3-2022","status":"publish","type":"product","link":"https:\/\/gr-100.com\/pt-pt\/producto\/cannondale-bisturi-carbono-3-2022\/","title":{"rendered":"Cannondale Bisturi Carbono 3 2022"},"content":{"rendered":"\n<ul>\n<li style=\"list-style-type: none\">\n<ul>\n<li>Quadro totalmente novo, curso de 100 mm, carbono BallisTec, resposta proporcional ajustada, chainstay FlexPivot, PF30-83, tubo de cabe\u00e7a c\u00f4nico, eixo thru de libera\u00e7\u00e3o r\u00e1pida de 12 mm, deslocamento Ai, compat\u00edvel com Stash<\/li>\n<li>Forquilha Ocho esquerda, 100mm, choque da c\u00e2mara de bloqueio remoto, sistema de molas OppO, tubo de cabe\u00e7a c\u00f4nico, deslocamento de 55mm<\/li>\n<li>Fox Float DPS Performance Elite EVOL amortecedor traseiro, bloqueio remoto, rebote ajust\u00e1vel<\/li>\n<li>Jantes Stan&#8217;s NoTubes Crest S1, 28 h, prontas para tubos<\/li>\n<li>Cubos (F) Lefty 60 \/ (R) Shimano MT510 12x148mm eixo thru<\/li>\n<li>Raios DT Campe\u00e3o Su\u00ed\u00e7o<\/li>\n<li>(F) Pneus Schwalbe Racing Ray Performance, 29 x 2.25&#8243;, Addix Compound, sem c\u00e2mara, (R) Schwalbe Racing Ralph Performance, 29 x 2.25&#8243;, Addix Compound, sem c\u00e2mara de ar pronto<\/li>\n<li>Pedais n\u00e3o inclu\u00eddos<\/li>\n<li>Manivela HollowGram, BB30a, OPI SpideRing, 34T, deslocamento Ai<\/li>\n<li>Cannondale Alloy PressFit30 suporte inferior<\/li>\n<li>Corrente de 12 velocidades Shimano SLX<\/li>\n<li>Rodas dentadas traseiras Shimano SLX, 10-51, 12 velocidades<\/li>\n<li>Derailleur dianteiro N\/A<\/li>\n<li>Derailleur traseiro Shimano XT<\/li>\n<li>Mudan\u00e7as de velocidade Shimano SLX de 12 velocidades<\/li>\n<li>Cannondale 2 Guiador Plano, 2014 Butted Alloy, 31.8mm, 3\u00b0 Rise, 8\u00b0 Sweep, 760mm<\/li>\n<li>Punhos em silicone ESI de 32 mm<\/li>\n<li>Cannondale 3 Haste, Liga 6061, 31.8, 7\u00b0<\/li>\n<li>Fones de ouvido integrados, rolamentos de contato angular selados de 1-1\/8 a 1,5&#8243;,<\/li>\n<li>Freios Shimano Deore M6000 disco hidr\u00e1ulico, rotores 160\/160 mm RT54<\/li>\n<li>Sela NRD Prologo Dimension, trilhos STN<\/li>\n<li>Cannondale 2 espig\u00e3o, liga 7075, 31,6 x 400 mm<\/li>\n<\/ul>\n<\/li>\n<\/ul>\n","protected":false},"excerpt":{"rendered":"<p>Quadro leve BallisTec Carbon FlexPivot \/ garfo Ocho esquerdo \/ conectividade integrada do aplicativo Cannondale Shimano XT \/ SLX de 12 velocidades \/ acionamento HollowGram Freios a disco hidr\u00e1ulicos Shimano Deore M6000 \/ jantes prontas sem c\u00e2mara de ar Stan&#8217;s NoTubes Crest S1<\/p>\n","protected":false},"featured_media":281993,"comment_status":"closed","ping_status":"closed","template":"","meta":{"_acf_changed":false,"_et_pb_use_builder":"","_et_pb_old_content":"","_et_gb_content_width":"","inline_featured_image":false},"product_brand":[],"product_cat":[20,378],"product_tag":[],"class_list":{"0":"post-382603","1":"product","2":"type-product","3":"status-publish","4":"has-post-thumbnail","6":"product_cat-bicicletas-de-carretera","7":"product_cat-estrada","9":"first","10":"outofstock","11":"taxable","12":"shipping-taxable","13":"product-type-variable","14":"wvs-archive-product-wrapper"},"acf":[],"yoast_head":"<!-- This site is optimized with the Yoast SEO Premium plugin v26.7 (Yoast SEO v26.7) - https:\/\/yoast.com\/wordpress\/plugins\/seo\/ -->\n<title>Cannondale Bisturi Carbono 3 2022 - GR-100<\/title>\n<meta name=\"description\" content=\"BISTURI CANNONDALE CARBONO 3 2022. Quadro leve BallisTec Carbon FlexPivot \/ garfo Ocho esquerdo \/ conectividade integrada com o aplicativo.\" \/>\n<meta name=\"robots\" content=\"index, follow, max-snippet:-1, max-image-preview:large, max-video-preview:-1\" \/>\n<link rel=\"canonical\" href=\"https:\/\/gr-100.com\/pt-pt\/producto\/cannondale-bisturi-carbono-3-2022\/\" \/>\n<meta property=\"og:locale\" content=\"pt_PT\" \/>\n<meta property=\"og:type\" content=\"article\" \/>\n<meta property=\"og:title\" content=\"Cannondale Bisturi Carbono 3 2022\" \/>\n<meta property=\"og:description\" content=\"BISTURI CANNONDALE CARBONO 3 2022. Quadro leve BallisTec Carbon FlexPivot \/ garfo Ocho esquerdo \/ conectividade integrada com o aplicativo.\" \/>\n<meta property=\"og:url\" content=\"https:\/\/gr-100.com\/pt-pt\/producto\/cannondale-bisturi-carbono-3-2022\/\" \/>\n<meta property=\"og:site_name\" content=\"Gr-100 Tienda de ciclismo Specialized\" \/>\n<meta property=\"article:publisher\" content=\"https:\/\/www.facebook.com\/Gr100Bikes\" \/>\n<meta property=\"article:modified_time\" content=\"2025-12-18T14:46:31+00:00\" \/>\n<meta property=\"og:image\" content=\"https:\/\/gr-100.com\/wp-content\/uploads\/2024\/05\/C21_C24401M_Scalpel_Crb_3_M.jpg\" \/>\n\t<meta property=\"og:image:width\" content=\"1000\" \/>\n\t<meta property=\"og:image:height\" content=\"1000\" \/>\n\t<meta property=\"og:image:type\" content=\"image\/jpeg\" \/>\n<meta name=\"twitter:card\" content=\"summary_large_image\" \/>\n<meta name=\"twitter:label1\" content=\"Tempo estimado de leitura\" \/>\n\t<meta name=\"twitter:data1\" content=\"1 minuto\" \/>\n<script type=\"application\/ld+json\" class=\"yoast-schema-graph\">{\"@context\":\"https:\/\/schema.org\",\"@graph\":[{\"@type\":\"WebPage\",\"@id\":\"https:\/\/gr-100.com\/pt-pt\/producto\/cannondale-bisturi-carbono-3-2022\/\",\"url\":\"https:\/\/gr-100.com\/pt-pt\/producto\/cannondale-bisturi-carbono-3-2022\/\",\"name\":\"Cannondale Bisturi Carbono 3 2022 - GR-100\",\"isPartOf\":{\"@id\":\"https:\/\/gr-100.com\/#website\"},\"primaryImageOfPage\":{\"@id\":\"https:\/\/gr-100.com\/pt-pt\/producto\/cannondale-bisturi-carbono-3-2022\/#primaryimage\"},\"image\":{\"@id\":\"https:\/\/gr-100.com\/pt-pt\/producto\/cannondale-bisturi-carbono-3-2022\/#primaryimage\"},\"thumbnailUrl\":\"https:\/\/gr-100.com\/wp-content\/uploads\/2024\/05\/C21_C24401M_Scalpel_Crb_3_M.jpg\",\"datePublished\":\"2024-07-01T08:27:56+00:00\",\"dateModified\":\"2025-12-18T14:46:31+00:00\",\"description\":\"BISTURI CANNONDALE CARBONO 3 2022. Quadro leve BallisTec Carbon FlexPivot \/ garfo Ocho esquerdo \/ conectividade integrada com o aplicativo.\",\"breadcrumb\":{\"@id\":\"https:\/\/gr-100.com\/pt-pt\/producto\/cannondale-bisturi-carbono-3-2022\/#breadcrumb\"},\"inLanguage\":\"pt-PT\",\"potentialAction\":[{\"@type\":\"ReadAction\",\"target\":[\"https:\/\/gr-100.com\/pt-pt\/producto\/cannondale-bisturi-carbono-3-2022\/\"]}]},{\"@type\":\"ImageObject\",\"inLanguage\":\"pt-PT\",\"@id\":\"https:\/\/gr-100.com\/pt-pt\/producto\/cannondale-bisturi-carbono-3-2022\/#primaryimage\",\"url\":\"https:\/\/gr-100.com\/wp-content\/uploads\/2024\/05\/C21_C24401M_Scalpel_Crb_3_M.jpg\",\"contentUrl\":\"https:\/\/gr-100.com\/wp-content\/uploads\/2024\/05\/C21_C24401M_Scalpel_Crb_3_M.jpg\",\"width\":1000,\"height\":1000},{\"@type\":\"BreadcrumbList\",\"@id\":\"https:\/\/gr-100.com\/pt-pt\/producto\/cannondale-bisturi-carbono-3-2022\/#breadcrumb\",\"itemListElement\":[{\"@type\":\"ListItem\",\"position\":1,\"name\":\"Portada\",\"item\":\"https:\/\/gr-100.com\/en\/\"},{\"@type\":\"ListItem\",\"position\":2,\"name\":\"Productos\",\"item\":\"https:\/\/gr-100.com\/?post_type=product\"},{\"@type\":\"ListItem\",\"position\":3,\"name\":\"Cannondale Bisturi Carbono 3 2022\"}]},{\"@type\":\"WebSite\",\"@id\":\"https:\/\/gr-100.com\/#website\",\"url\":\"https:\/\/gr-100.com\/\",\"name\":\"Gr-100 Tienda de ciclismo Specialized\",\"description\":\"GR-100 tenemos todas las gamas de bicicletas Specialized al mejor precio.\",\"publisher\":{\"@id\":\"https:\/\/gr-100.com\/#organization\"},\"alternateName\":\"Gr-100 Bikes\",\"potentialAction\":[{\"@type\":\"SearchAction\",\"target\":{\"@type\":\"EntryPoint\",\"urlTemplate\":\"https:\/\/gr-100.com\/?s={search_term_string}\"},\"query-input\":{\"@type\":\"PropertyValueSpecification\",\"valueRequired\":true,\"valueName\":\"search_term_string\"}}],\"inLanguage\":\"pt-PT\"},{\"@type\":\"Organization\",\"@id\":\"https:\/\/gr-100.com\/#organization\",\"name\":\"Gr-100\",\"url\":\"https:\/\/gr-100.com\/\",\"logo\":{\"@type\":\"ImageObject\",\"inLanguage\":\"pt-PT\",\"@id\":\"https:\/\/gr-100.com\/#\/schema\/logo\/image\/\",\"url\":\"https:\/\/gr-100.com\/wp-content\/uploads\/2023\/08\/logo-gr-100-bikes.png\",\"contentUrl\":\"https:\/\/gr-100.com\/wp-content\/uploads\/2023\/08\/logo-gr-100-bikes.png\",\"width\":707,\"height\":284,\"caption\":\"Gr-100\"},\"image\":{\"@id\":\"https:\/\/gr-100.com\/#\/schema\/logo\/image\/\"},\"sameAs\":[\"https:\/\/www.facebook.com\/Gr100Bikes\",\"https:\/\/www.instagram.com\/gr100bikes\/\",\"https:\/\/www.tiktok.com\/@gr100bikes\",\"https:\/\/twitter.com\/gr100mtbteam\",\"https:\/\/www.youtube.com\/c\/GR100Specialized\"]}]}<\/script>\n<!-- \/ Yoast SEO Premium plugin. -->","yoast_head_json":{"title":"Cannondale Bisturi Carbono 3 2022 - GR-100","description":"BISTURI CANNONDALE CARBONO 3 2022. Quadro leve BallisTec Carbon FlexPivot \/ garfo Ocho esquerdo \/ conectividade integrada com o aplicativo.","robots":{"index":"index","follow":"follow","max-snippet":"max-snippet:-1","max-image-preview":"max-image-preview:large","max-video-preview":"max-video-preview:-1"},"canonical":"https:\/\/gr-100.com\/pt-pt\/producto\/cannondale-bisturi-carbono-3-2022\/","og_locale":"pt_PT","og_type":"article","og_title":"Cannondale Bisturi Carbono 3 2022","og_description":"BISTURI CANNONDALE CARBONO 3 2022. Quadro leve BallisTec Carbon FlexPivot \/ garfo Ocho esquerdo \/ conectividade integrada com o aplicativo.","og_url":"https:\/\/gr-100.com\/pt-pt\/producto\/cannondale-bisturi-carbono-3-2022\/","og_site_name":"Gr-100 Tienda de ciclismo Specialized","article_publisher":"https:\/\/www.facebook.com\/Gr100Bikes","article_modified_time":"2025-12-18T14:46:31+00:00","og_image":[{"width":1000,"height":1000,"url":"https:\/\/gr-100.com\/wp-content\/uploads\/2024\/05\/C21_C24401M_Scalpel_Crb_3_M.jpg","type":"image\/jpeg"}],"twitter_card":"summary_large_image","twitter_misc":{"Tempo estimado de leitura":"1 minuto"},"schema":{"@context":"https:\/\/schema.org","@graph":[{"@type":"WebPage","@id":"https:\/\/gr-100.com\/pt-pt\/producto\/cannondale-bisturi-carbono-3-2022\/","url":"https:\/\/gr-100.com\/pt-pt\/producto\/cannondale-bisturi-carbono-3-2022\/","name":"Cannondale Bisturi Carbono 3 2022 - GR-100","isPartOf":{"@id":"https:\/\/gr-100.com\/#website"},"primaryImageOfPage":{"@id":"https:\/\/gr-100.com\/pt-pt\/producto\/cannondale-bisturi-carbono-3-2022\/#primaryimage"},"image":{"@id":"https:\/\/gr-100.com\/pt-pt\/producto\/cannondale-bisturi-carbono-3-2022\/#primaryimage"},"thumbnailUrl":"https:\/\/gr-100.com\/wp-content\/uploads\/2024\/05\/C21_C24401M_Scalpel_Crb_3_M.jpg","datePublished":"2024-07-01T08:27:56+00:00","dateModified":"2025-12-18T14:46:31+00:00","description":"BISTURI CANNONDALE CARBONO 3 2022. Quadro leve BallisTec Carbon FlexPivot \/ garfo Ocho esquerdo \/ conectividade integrada com o aplicativo.","breadcrumb":{"@id":"https:\/\/gr-100.com\/pt-pt\/producto\/cannondale-bisturi-carbono-3-2022\/#breadcrumb"},"inLanguage":"pt-PT","potentialAction":[{"@type":"ReadAction","target":["https:\/\/gr-100.com\/pt-pt\/producto\/cannondale-bisturi-carbono-3-2022\/"]}]},{"@type":"ImageObject","inLanguage":"pt-PT","@id":"https:\/\/gr-100.com\/pt-pt\/producto\/cannondale-bisturi-carbono-3-2022\/#primaryimage","url":"https:\/\/gr-100.com\/wp-content\/uploads\/2024\/05\/C21_C24401M_Scalpel_Crb_3_M.jpg","contentUrl":"https:\/\/gr-100.com\/wp-content\/uploads\/2024\/05\/C21_C24401M_Scalpel_Crb_3_M.jpg","width":1000,"height":1000},{"@type":"BreadcrumbList","@id":"https:\/\/gr-100.com\/pt-pt\/producto\/cannondale-bisturi-carbono-3-2022\/#breadcrumb","itemListElement":[{"@type":"ListItem","position":1,"name":"Portada","item":"https:\/\/gr-100.com\/en\/"},{"@type":"ListItem","position":2,"name":"Productos","item":"https:\/\/gr-100.com\/?post_type=product"},{"@type":"ListItem","position":3,"name":"Cannondale Bisturi Carbono 3 2022"}]},{"@type":"WebSite","@id":"https:\/\/gr-100.com\/#website","url":"https:\/\/gr-100.com\/","name":"Gr-100 Tienda de ciclismo Specialized","description":"GR-100 tenemos todas las gamas de bicicletas Specialized al mejor precio.","publisher":{"@id":"https:\/\/gr-100.com\/#organization"},"alternateName":"Gr-100 Bikes","potentialAction":[{"@type":"SearchAction","target":{"@type":"EntryPoint","urlTemplate":"https:\/\/gr-100.com\/?s={search_term_string}"},"query-input":{"@type":"PropertyValueSpecification","valueRequired":true,"valueName":"search_term_string"}}],"inLanguage":"pt-PT"},{"@type":"Organization","@id":"https:\/\/gr-100.com\/#organization","name":"Gr-100","url":"https:\/\/gr-100.com\/","logo":{"@type":"ImageObject","inLanguage":"pt-PT","@id":"https:\/\/gr-100.com\/#\/schema\/logo\/image\/","url":"https:\/\/gr-100.com\/wp-content\/uploads\/2023\/08\/logo-gr-100-bikes.png","contentUrl":"https:\/\/gr-100.com\/wp-content\/uploads\/2023\/08\/logo-gr-100-bikes.png","width":707,"height":284,"caption":"Gr-100"},"image":{"@id":"https:\/\/gr-100.com\/#\/schema\/logo\/image\/"},"sameAs":["https:\/\/www.facebook.com\/Gr100Bikes","https:\/\/www.instagram.com\/gr100bikes\/","https:\/\/www.tiktok.com\/@gr100bikes","https:\/\/twitter.com\/gr100mtbteam","https:\/\/www.youtube.com\/c\/GR100Specialized"]}]}},"_links":{"self":[{"href":"https:\/\/gr-100.com\/pt-pt\/wp-json\/wp\/v2\/product\/382603","targetHints":{"allow":["GET"]}}],"collection":[{"href":"https:\/\/gr-100.com\/pt-pt\/wp-json\/wp\/v2\/product"}],"about":[{"href":"https:\/\/gr-100.com\/pt-pt\/wp-json\/wp\/v2\/types\/product"}],"replies":[{"embeddable":true,"href":"https:\/\/gr-100.com\/pt-pt\/wp-json\/wp\/v2\/comments?post=382603"}],"wp:featuredmedia":[{"embeddable":true,"href":"https:\/\/gr-100.com\/pt-pt\/wp-json\/wp\/v2\/media\/281993"}],"wp:attachment":[{"href":"https:\/\/gr-100.com\/pt-pt\/wp-json\/wp\/v2\/media?parent=382603"}],"wp:term":[{"taxonomy":"product_brand","embeddable":true,"href":"https:\/\/gr-100.com\/pt-pt\/wp-json\/wp\/v2\/product_brand?post=382603"},{"taxonomy":"product_cat","embeddable":true,"href":"https:\/\/gr-100.com\/pt-pt\/wp-json\/wp\/v2\/product_cat?post=382603"},{"taxonomy":"product_tag","embeddable":true,"href":"https:\/\/gr-100.com\/pt-pt\/wp-json\/wp\/v2\/product_tag?post=382603"}],"curies":[{"name":"wp","href":"https:\/\/api.w.org\/{rel}","templated":true}]}}