{"id":382793,"date":"2024-07-01T15:05:57","date_gmt":"2024-07-01T13:05:57","guid":{"rendered":"https:\/\/gr-100.com\/producto\/especializada-roubaix-sport-apex-2024\/"},"modified":"2025-10-06T15:59:08","modified_gmt":"2025-10-06T13:59:08","slug":"especializada-roubaix-sport-apex-2024","status":"publish","type":"product","link":"https:\/\/gr-100.com\/pt-pt\/producto\/especializada-roubaix-sport-apex-2024\/","title":{"rendered":"Specialized Roubaix Sport Apex 2024"},"content":{"rendered":"<ul>\n<li>FACTO 10R FRAME<br \/>\n, Rider First Engineered\u2122 (RFE), tubos FreeFoil Shape Library, BB roscado, eixo thru de 12x142mm, disco de montagem plana<\/li>\n<li>Future Shock 3.1 c\/ Bota lisa<br \/>\n, FACT Carbon 12x100mm, eixo thru, garfo de disco de montagem plana<\/li>\n<li>Specialized Hover Comp especializado, liga, queda de 125mm, alcance de 75mm c\/furo<br \/>\n Di2<\/li>\n<li>Body Geometry Power Sport SADDLE,<br \/>\n calhas de a\u00e7o<\/li>\n<li>POWER<br \/>\nFuturo Stem Comp<\/li>\n<li>Supacaz Super Fita Kush Pegajosa\n<\/li>\n<li>SEATPOST<br \/>\nBody Geometry Power Sport, calhas de a\u00e7o<\/li>\n<li>ABRA\u00c7O. Bra\u00e7adeira de gota escondida SADDLE\n<\/li>\n<li>SRAM APEX AXS FREIO TRASEIRO\n<\/li>\n<li>SRAM APEX AXS FREIO DIANTEIRO\n<\/li>\n<li>CONTROLOS DE MUDAN\u00c7A DE VELOCIDADE<\/li>\n<li>SRAM APEX eTAP AXS FREIO DIANTEIRO<br \/>\n, DISCOSRAM HIDR\u00c1ULICO<\/li>\n<li>SRAM APEX XPLR eTAP AXS derailleur<br \/>\nSRAM traseiro de 12 velocidades<\/li>\n<li>SRAM APEX CASSETTE,<br \/>\n PG 1231 XPLR, 11-44T<\/li>\n<li>SUPORTE INFERIOR<br \/>\n SRAM APEX AXS, largo de 12 velocidades<\/li>\n<li>PLATOS<br \/>\n40T<\/li>\n<li>SUPORTE INFERIOR<br \/>\n SRAM DUB BSA<\/li>\n<li>SRAM APEX CHAIN,<br \/>\n 12 velocidadesSRAM<\/li>\n<li>DT RODA DIANTEIRA<br \/>\nSwiss G540 aro, 24mm largura interna, tubeless ready, 24h, Specialized full sealed bearing through axle cub, centerlock disc, DT Swiss Champion 14G stainless steel spokes, DT Swiss brass nipples<\/li>\n<li>DT RODA TRASEIRA<br \/>\nSwiss G540 aro, 24mm largura interna, tubeless ready, 24h, Specialized full sealed bearing thru axle cub, disco de bloqueio central, raios de a\u00e7o inoxid\u00e1vel DT Swiss Champion 14G, mamilos de lat\u00e3o DT Swiss<\/li>\n<li>PNEU.<br \/>\nS-Works Mondo 2BR, 700x32c<\/li>\n<li>PNEU TRASEIRO<br \/>\n S-Works Mondo 2BR, 700x32c<\/li>\n<li>TUBOS<br \/>\n700&#215;28\/38mm, 48mm Presta v\u00e1lvula<\/li>\n<li>PESO<br \/>\n8.93kg (19 lb, 11 oz)<\/li>\n<li>DINAMO<br \/>\n56<\/li>\n<\/ul>\n<p>* Os pesos baseiam-se em fotografias de produ\u00e7\u00e3o pintadas, tal como indicado na imagem. Os pesos reais variam consoante a cor, o tamanho do quadro e a varia\u00e7\u00e3o dos componentes. As especifica\u00e7\u00f5es est\u00e3o sujeitas a altera\u00e7\u00f5es sem aviso pr\u00e9vio.<\/p>\n","protected":false},"excerpt":{"rendered":"<div>\n<p>H\u00e1 duas d\u00e9cadas, cri\u00e1mos a categoria de estrada Endurance, provando que uma elevada ergonomia significa um elevado desempenho.<br \/>\nHoje, a nova Roubaix SL8 com Future Shock 3.0 \u00e9 mais leve, mais r\u00e1pida e mais confort\u00e1vel do que qualquer moto de estrada alguma vez fabricada, oferecendo ao condutor uma confian\u00e7a inigual\u00e1vel.<br \/>\nA estrada pode ser um inferno, mas pedalar num Roubaix \u00e9 sempre como pedalar no c\u00e9u.  <\/p>\n<\/div>\n","protected":false},"featured_media":397169,"comment_status":"closed","ping_status":"closed","template":"","meta":{"_acf_changed":false,"_et_pb_use_builder":"","_et_pb_old_content":"","_et_gb_content_width":"","inline_featured_image":false},"product_brand":[],"product_cat":[2459,378,2483,2460,3031,2696],"product_tag":[],"class_list":{"0":"post-382793","1":"product","2":"type-product","3":"status-publish","4":"has-post-thumbnail","6":"product_cat-bicicletas-pt-pt-2","7":"product_cat-estrada","8":"product_cat-bicicletas-especializadas","9":"product_cat-ofertas-pt-pt","10":"product_cat-oferta-rodoviaria","11":"product_cat-ofertas-especializadas","12":"product_shipping_class-bicicletas-pt-pt","14":"first","15":"outofstock","16":"taxable","17":"shipping-taxable","18":"product-type-variable","19":"wvs-archive-product-wrapper"},"acf":[],"yoast_head":"<!-- This site is optimized with the Yoast SEO Premium plugin v26.7 (Yoast SEO v26.7) - https:\/\/yoast.com\/wordpress\/plugins\/seo\/ -->\n<title>Specialized Roubaix Sport Apex 2024 GR-100<\/title>\n<meta name=\"description\" content=\"A geometria pioneira Roubaix da categoria de endurance, monta &quot;ON&quot; a moto, n\u00e3o &quot;ON&quot; a moto para aliviar a press\u00e3o sobre as m\u00e3os.\" \/>\n<meta name=\"robots\" content=\"index, follow, max-snippet:-1, max-image-preview:large, max-video-preview:-1\" \/>\n<link rel=\"canonical\" href=\"https:\/\/gr-100.com\/pt-pt\/producto\/especializada-roubaix-sport-apex-2024\/\" \/>\n<meta property=\"og:locale\" content=\"pt_PT\" \/>\n<meta property=\"og:type\" content=\"article\" \/>\n<meta property=\"og:title\" content=\"Specialized Roubaix Sport Apex 2024\" \/>\n<meta property=\"og:description\" content=\"A geometria pioneira Roubaix da categoria de endurance, monta &quot;ON&quot; a moto, n\u00e3o &quot;ON&quot; a moto para aliviar a press\u00e3o sobre as m\u00e3os.\" \/>\n<meta property=\"og:url\" content=\"https:\/\/gr-100.com\/pt-pt\/producto\/especializada-roubaix-sport-apex-2024\/\" \/>\n<meta property=\"og:site_name\" content=\"Gr-100 Tienda de ciclismo Specialized\" \/>\n<meta property=\"article:publisher\" content=\"https:\/\/www.facebook.com\/Gr100Bikes\" \/>\n<meta property=\"article:modified_time\" content=\"2025-10-06T13:59:08+00:00\" \/>\n<meta property=\"og:image\" content=\"https:\/\/gr-100.com\/wp-content\/uploads\/2024\/05\/roubaix-sport-apex-3.jpg\" \/>\n\t<meta property=\"og:image:width\" content=\"1000\" \/>\n\t<meta property=\"og:image:height\" content=\"1000\" \/>\n\t<meta property=\"og:image:type\" content=\"image\/jpeg\" \/>\n<meta name=\"twitter:card\" content=\"summary_large_image\" \/>\n<meta name=\"twitter:label1\" content=\"Tempo estimado de leitura\" \/>\n\t<meta name=\"twitter:data1\" content=\"1 minuto\" \/>\n<script type=\"application\/ld+json\" class=\"yoast-schema-graph\">{\"@context\":\"https:\/\/schema.org\",\"@graph\":[{\"@type\":\"WebPage\",\"@id\":\"https:\/\/gr-100.com\/pt-pt\/producto\/especializada-roubaix-sport-apex-2024\/\",\"url\":\"https:\/\/gr-100.com\/pt-pt\/producto\/especializada-roubaix-sport-apex-2024\/\",\"name\":\"Specialized Roubaix Sport Apex 2024 GR-100\",\"isPartOf\":{\"@id\":\"https:\/\/gr-100.com\/#website\"},\"primaryImageOfPage\":{\"@id\":\"https:\/\/gr-100.com\/pt-pt\/producto\/especializada-roubaix-sport-apex-2024\/#primaryimage\"},\"image\":{\"@id\":\"https:\/\/gr-100.com\/pt-pt\/producto\/especializada-roubaix-sport-apex-2024\/#primaryimage\"},\"thumbnailUrl\":\"https:\/\/gr-100.com\/wp-content\/uploads\/2024\/07\/Roubaix-Apex.png\",\"datePublished\":\"2024-07-01T13:05:57+00:00\",\"dateModified\":\"2025-10-06T13:59:08+00:00\",\"description\":\"A geometria pioneira Roubaix da categoria de endurance, monta \\\"ON\\\" a moto, n\u00e3o \\\"ON\\\" a moto para aliviar a press\u00e3o sobre as m\u00e3os.\",\"breadcrumb\":{\"@id\":\"https:\/\/gr-100.com\/pt-pt\/producto\/especializada-roubaix-sport-apex-2024\/#breadcrumb\"},\"inLanguage\":\"pt-PT\",\"potentialAction\":[{\"@type\":\"ReadAction\",\"target\":[\"https:\/\/gr-100.com\/pt-pt\/producto\/especializada-roubaix-sport-apex-2024\/\"]}]},{\"@type\":\"ImageObject\",\"inLanguage\":\"pt-PT\",\"@id\":\"https:\/\/gr-100.com\/pt-pt\/producto\/especializada-roubaix-sport-apex-2024\/#primaryimage\",\"url\":\"https:\/\/gr-100.com\/wp-content\/uploads\/2024\/07\/Roubaix-Apex.png\",\"contentUrl\":\"https:\/\/gr-100.com\/wp-content\/uploads\/2024\/07\/Roubaix-Apex.png\",\"width\":1000,\"height\":1000},{\"@type\":\"BreadcrumbList\",\"@id\":\"https:\/\/gr-100.com\/pt-pt\/producto\/especializada-roubaix-sport-apex-2024\/#breadcrumb\",\"itemListElement\":[{\"@type\":\"ListItem\",\"position\":1,\"name\":\"Portada\",\"item\":\"https:\/\/gr-100.com\/en\/\"},{\"@type\":\"ListItem\",\"position\":2,\"name\":\"Productos\",\"item\":\"https:\/\/gr-100.com\/?post_type=product\"},{\"@type\":\"ListItem\",\"position\":3,\"name\":\"Specialized Roubaix Sport Apex 2024\"}]},{\"@type\":\"WebSite\",\"@id\":\"https:\/\/gr-100.com\/#website\",\"url\":\"https:\/\/gr-100.com\/\",\"name\":\"Gr-100 Tienda de ciclismo Specialized\",\"description\":\"GR-100 tenemos todas las gamas de bicicletas Specialized al mejor precio.\",\"publisher\":{\"@id\":\"https:\/\/gr-100.com\/#organization\"},\"alternateName\":\"Gr-100 Bikes\",\"potentialAction\":[{\"@type\":\"SearchAction\",\"target\":{\"@type\":\"EntryPoint\",\"urlTemplate\":\"https:\/\/gr-100.com\/?s={search_term_string}\"},\"query-input\":{\"@type\":\"PropertyValueSpecification\",\"valueRequired\":true,\"valueName\":\"search_term_string\"}}],\"inLanguage\":\"pt-PT\"},{\"@type\":\"Organization\",\"@id\":\"https:\/\/gr-100.com\/#organization\",\"name\":\"Gr-100\",\"url\":\"https:\/\/gr-100.com\/\",\"logo\":{\"@type\":\"ImageObject\",\"inLanguage\":\"pt-PT\",\"@id\":\"https:\/\/gr-100.com\/#\/schema\/logo\/image\/\",\"url\":\"https:\/\/gr-100.com\/wp-content\/uploads\/2023\/08\/logo-gr-100-bikes.png\",\"contentUrl\":\"https:\/\/gr-100.com\/wp-content\/uploads\/2023\/08\/logo-gr-100-bikes.png\",\"width\":707,\"height\":284,\"caption\":\"Gr-100\"},\"image\":{\"@id\":\"https:\/\/gr-100.com\/#\/schema\/logo\/image\/\"},\"sameAs\":[\"https:\/\/www.facebook.com\/Gr100Bikes\",\"https:\/\/www.instagram.com\/gr100bikes\/\",\"https:\/\/www.tiktok.com\/@gr100bikes\",\"https:\/\/twitter.com\/gr100mtbteam\",\"https:\/\/www.youtube.com\/c\/GR100Specialized\"]}]}<\/script>\n<!-- \/ Yoast SEO Premium plugin. -->","yoast_head_json":{"title":"Specialized Roubaix Sport Apex 2024 GR-100","description":"A geometria pioneira Roubaix da categoria de endurance, monta \"ON\" a moto, n\u00e3o \"ON\" a moto para aliviar a press\u00e3o sobre as m\u00e3os.","robots":{"index":"index","follow":"follow","max-snippet":"max-snippet:-1","max-image-preview":"max-image-preview:large","max-video-preview":"max-video-preview:-1"},"canonical":"https:\/\/gr-100.com\/pt-pt\/producto\/especializada-roubaix-sport-apex-2024\/","og_locale":"pt_PT","og_type":"article","og_title":"Specialized Roubaix Sport Apex 2024","og_description":"A geometria pioneira Roubaix da categoria de endurance, monta \"ON\" a moto, n\u00e3o \"ON\" a moto para aliviar a press\u00e3o sobre as m\u00e3os.","og_url":"https:\/\/gr-100.com\/pt-pt\/producto\/especializada-roubaix-sport-apex-2024\/","og_site_name":"Gr-100 Tienda de ciclismo Specialized","article_publisher":"https:\/\/www.facebook.com\/Gr100Bikes","article_modified_time":"2025-10-06T13:59:08+00:00","og_image":[{"width":1000,"height":1000,"url":"https:\/\/gr-100.com\/wp-content\/uploads\/2024\/05\/roubaix-sport-apex-3.jpg","type":"image\/jpeg"}],"twitter_card":"summary_large_image","twitter_misc":{"Tempo estimado de leitura":"1 minuto"},"schema":{"@context":"https:\/\/schema.org","@graph":[{"@type":"WebPage","@id":"https:\/\/gr-100.com\/pt-pt\/producto\/especializada-roubaix-sport-apex-2024\/","url":"https:\/\/gr-100.com\/pt-pt\/producto\/especializada-roubaix-sport-apex-2024\/","name":"Specialized Roubaix Sport Apex 2024 GR-100","isPartOf":{"@id":"https:\/\/gr-100.com\/#website"},"primaryImageOfPage":{"@id":"https:\/\/gr-100.com\/pt-pt\/producto\/especializada-roubaix-sport-apex-2024\/#primaryimage"},"image":{"@id":"https:\/\/gr-100.com\/pt-pt\/producto\/especializada-roubaix-sport-apex-2024\/#primaryimage"},"thumbnailUrl":"https:\/\/gr-100.com\/wp-content\/uploads\/2024\/07\/Roubaix-Apex.png","datePublished":"2024-07-01T13:05:57+00:00","dateModified":"2025-10-06T13:59:08+00:00","description":"A geometria pioneira Roubaix da categoria de endurance, monta \"ON\" a moto, n\u00e3o \"ON\" a moto para aliviar a press\u00e3o sobre as m\u00e3os.","breadcrumb":{"@id":"https:\/\/gr-100.com\/pt-pt\/producto\/especializada-roubaix-sport-apex-2024\/#breadcrumb"},"inLanguage":"pt-PT","potentialAction":[{"@type":"ReadAction","target":["https:\/\/gr-100.com\/pt-pt\/producto\/especializada-roubaix-sport-apex-2024\/"]}]},{"@type":"ImageObject","inLanguage":"pt-PT","@id":"https:\/\/gr-100.com\/pt-pt\/producto\/especializada-roubaix-sport-apex-2024\/#primaryimage","url":"https:\/\/gr-100.com\/wp-content\/uploads\/2024\/07\/Roubaix-Apex.png","contentUrl":"https:\/\/gr-100.com\/wp-content\/uploads\/2024\/07\/Roubaix-Apex.png","width":1000,"height":1000},{"@type":"BreadcrumbList","@id":"https:\/\/gr-100.com\/pt-pt\/producto\/especializada-roubaix-sport-apex-2024\/#breadcrumb","itemListElement":[{"@type":"ListItem","position":1,"name":"Portada","item":"https:\/\/gr-100.com\/en\/"},{"@type":"ListItem","position":2,"name":"Productos","item":"https:\/\/gr-100.com\/?post_type=product"},{"@type":"ListItem","position":3,"name":"Specialized Roubaix Sport Apex 2024"}]},{"@type":"WebSite","@id":"https:\/\/gr-100.com\/#website","url":"https:\/\/gr-100.com\/","name":"Gr-100 Tienda de ciclismo Specialized","description":"GR-100 tenemos todas las gamas de bicicletas Specialized al mejor precio.","publisher":{"@id":"https:\/\/gr-100.com\/#organization"},"alternateName":"Gr-100 Bikes","potentialAction":[{"@type":"SearchAction","target":{"@type":"EntryPoint","urlTemplate":"https:\/\/gr-100.com\/?s={search_term_string}"},"query-input":{"@type":"PropertyValueSpecification","valueRequired":true,"valueName":"search_term_string"}}],"inLanguage":"pt-PT"},{"@type":"Organization","@id":"https:\/\/gr-100.com\/#organization","name":"Gr-100","url":"https:\/\/gr-100.com\/","logo":{"@type":"ImageObject","inLanguage":"pt-PT","@id":"https:\/\/gr-100.com\/#\/schema\/logo\/image\/","url":"https:\/\/gr-100.com\/wp-content\/uploads\/2023\/08\/logo-gr-100-bikes.png","contentUrl":"https:\/\/gr-100.com\/wp-content\/uploads\/2023\/08\/logo-gr-100-bikes.png","width":707,"height":284,"caption":"Gr-100"},"image":{"@id":"https:\/\/gr-100.com\/#\/schema\/logo\/image\/"},"sameAs":["https:\/\/www.facebook.com\/Gr100Bikes","https:\/\/www.instagram.com\/gr100bikes\/","https:\/\/www.tiktok.com\/@gr100bikes","https:\/\/twitter.com\/gr100mtbteam","https:\/\/www.youtube.com\/c\/GR100Specialized"]}]}},"_links":{"self":[{"href":"https:\/\/gr-100.com\/pt-pt\/wp-json\/wp\/v2\/product\/382793","targetHints":{"allow":["GET"]}}],"collection":[{"href":"https:\/\/gr-100.com\/pt-pt\/wp-json\/wp\/v2\/product"}],"about":[{"href":"https:\/\/gr-100.com\/pt-pt\/wp-json\/wp\/v2\/types\/product"}],"replies":[{"embeddable":true,"href":"https:\/\/gr-100.com\/pt-pt\/wp-json\/wp\/v2\/comments?post=382793"}],"wp:featuredmedia":[{"embeddable":true,"href":"https:\/\/gr-100.com\/pt-pt\/wp-json\/wp\/v2\/media\/397169"}],"wp:attachment":[{"href":"https:\/\/gr-100.com\/pt-pt\/wp-json\/wp\/v2\/media?parent=382793"}],"wp:term":[{"taxonomy":"product_brand","embeddable":true,"href":"https:\/\/gr-100.com\/pt-pt\/wp-json\/wp\/v2\/product_brand?post=382793"},{"taxonomy":"product_cat","embeddable":true,"href":"https:\/\/gr-100.com\/pt-pt\/wp-json\/wp\/v2\/product_cat?post=382793"},{"taxonomy":"product_tag","embeddable":true,"href":"https:\/\/gr-100.com\/pt-pt\/wp-json\/wp\/v2\/product_tag?post=382793"}],"curies":[{"name":"wp","href":"https:\/\/api.w.org\/{rel}","templated":true}]}}