{"id":382799,"date":"2024-07-01T15:06:14","date_gmt":"2024-07-01T13:06:14","guid":{"rendered":"https:\/\/gr-100.com\/producto\/especializada-roubaix-sport-105-2024\/"},"modified":"2025-11-27T11:14:03","modified_gmt":"2025-11-27T09:14:03","slug":"especializada-roubaix-sport-105-2024","status":"publish","type":"product","link":"https:\/\/gr-100.com\/pt-pt\/producto\/especializada-roubaix-sport-105-2024\/","title":{"rendered":"Specialized Roubaix Sport 105 2024"},"content":{"rendered":"<p>IMAGEM<\/p>\n<p>FACTO 10R, Rider First Engineered\u2122 (RFE), tubos FreeFoil Shape Library, BB roscado, eixo thru de 12x142mm, disco de montagem plana<\/p>\n<p>Future Shock 3.1 w \/ Bota lisa, FACT Carbono 12x100mm, eixo thru, disco de montagem planaSpecialized<\/p>\n<p> Specialized Hover Comp, Liga, Queda de 125mm, Alcance de 75mm c\/furo Di2<\/p>\n<p>Body Geometry Power Sport SADDLE,<br \/>\n calhas de a\u00e7o<\/p>\n<p>POWER<br \/>\nFuturo Stem Comp<\/p>\n<p>Supacaz Super Fita Kush Pegajosa<\/p>\n<p>S-Works Pave Assento poste de assento<\/p>\n<p>ABRA\u00c7O. SELIM<br \/>\nBra\u00e7adeira de queda escondida FREIO DIANTEIRO<br \/>\nShimano 105 Disco hidr\u00e1ulico FREIO TRASEIRO<br \/>\nShimano 105 Disco hidr\u00e1ulico SHIFTERS<br \/>\nShimano 105 R7120, Disco hidr\u00e1ulico DERAILLEUR<br \/>\nShimano 105 R7100, braze-on DERAILLEUR<br \/>\nShimnao 105 R7100, CASSETTE<br \/>\n de 12 velocidadesShimano 105, 12 velocidades, 11-36T CHAINShimano 105, 12 velocidades SUPORTE<br \/>\n INFERIOR<br \/>\nShimano 105, 12 velocidades CHAINRING<br \/>\n50\/34T SUPORTE<br \/>\n INFERIORShimano BSA RODA DIANTEIRA<br \/>\nDT Swiss G540 aro, 24mm largura interna, tubeless ready, 24h, Specialized full sealed bearing through axle cub, centerlock disc, DT Swiss Champion 14G a\u00e7o inoxid\u00e1vel raios, DT Swiss nipples de lat\u00e3o RODA TRASEIRA<br \/>\nDT Swiss G540 aro, 24mm largura interna, tubeless ready, 24h, Specialized full sealed bearing atrav\u00e9s do cubo do eixo, disco de bloqueio central, raios de a\u00e7o inoxid\u00e1vel DT Swiss Champion 14G,  DT Mamilos de lat\u00e3o su\u00ed\u00e7o PNEU DIANTEIRO.<br \/>\nS-Works Mondo 2BR, 700x32c PNEU TRASEIRO<br \/>\n S-Works Mondo 2BR, 700x32c<\/p>\n<p>TUBOS<br \/>\n700&#215;28\/38mm, 48mm Presta v\u00e1lvula<\/p>\n<p>DINAMO<br \/>\n9.07kg (19 lb, 15.9 oz) DINAMO<br \/>\n56<\/p>\n<p>* Os pesos baseiam-se em fotografias de produ\u00e7\u00e3o pintadas, tal como indicado na imagem. Os pesos reais variam consoante a cor, o tamanho do quadro e a varia\u00e7\u00e3o dos componentes. As especifica\u00e7\u00f5es est\u00e3o sujeitas a altera\u00e7\u00f5es sem aviso pr\u00e9vio.<\/p>\n","protected":false},"excerpt":{"rendered":"<p>H\u00e1 duas d\u00e9cadas, cri\u00e1mos a categoria de estrada Endurance, provando que uma elevada ergonomia significa um elevado desempenho.<br \/>\nHoje, a nova Roubaix SL8 com Future Shock 3.0 \u00e9 mais leve, mais r\u00e1pida e mais confort\u00e1vel do que qualquer moto de estrada alguma vez fabricada, oferecendo ao condutor uma confian\u00e7a inigual\u00e1vel.<br \/>\nA estrada pode ser um inferno, mas pedalar num Roubaix \u00e9 sempre como pedalar no c\u00e9u.  <\/p>\n","protected":false},"featured_media":308218,"comment_status":"closed","ping_status":"closed","template":"","meta":{"_acf_changed":false,"_et_pb_use_builder":"","_et_pb_old_content":"","_et_gb_content_width":"","inline_featured_image":false},"product_brand":[],"product_cat":[2459,378,2483,2460,3031],"product_tag":[],"class_list":{"0":"post-382799","1":"product","2":"type-product","3":"status-publish","4":"has-post-thumbnail","6":"product_cat-bicicletas-pt-pt-2","7":"product_cat-estrada","8":"product_cat-bicicletas-especializadas","9":"product_cat-ofertas-pt-pt","10":"product_cat-oferta-rodoviaria","11":"product_shipping_class-bicicletas-pt-pt","13":"first","14":"outofstock","15":"taxable","16":"shipping-taxable","17":"product-type-variable","18":"wvs-archive-product-wrapper"},"acf":[],"yoast_head":"<!-- This site is optimized with the Yoast SEO Premium plugin v26.7 (Yoast SEO v26.7) - https:\/\/yoast.com\/wordpress\/plugins\/seo\/ -->\n<title>Specialized Roubaix Sport 105 2024 GR-100<\/title>\n<meta name=\"description\" content=\"O Future Shock 3.0 \u00e9 a estrela do show, mais ajust\u00e1vel e dur\u00e1vel do que nunca. Cada motociclista experimenta 20 mm de deslocamento suave e sem ader\u00eancias entre a haste e o tubo da cabe\u00e7a\" \/>\n<meta name=\"robots\" content=\"index, follow, max-snippet:-1, max-image-preview:large, max-video-preview:-1\" \/>\n<link rel=\"canonical\" href=\"https:\/\/gr-100.com\/pt-pt\/producto\/especializada-roubaix-sport-105-2024\/\" \/>\n<meta property=\"og:locale\" content=\"pt_PT\" \/>\n<meta property=\"og:type\" content=\"article\" \/>\n<meta property=\"og:title\" content=\"Specialized Roubaix Sport 105 2024\" \/>\n<meta property=\"og:description\" content=\"O Future Shock 3.0 \u00e9 a estrela do show, mais ajust\u00e1vel e dur\u00e1vel do que nunca. Cada motociclista experimenta 20 mm de deslocamento suave e sem ader\u00eancias entre a haste e o tubo da cabe\u00e7a\" \/>\n<meta property=\"og:url\" content=\"https:\/\/gr-100.com\/pt-pt\/producto\/especializada-roubaix-sport-105-2024\/\" \/>\n<meta property=\"og:site_name\" content=\"Gr-100 Tienda de ciclismo Specialized\" \/>\n<meta property=\"article:publisher\" content=\"https:\/\/www.facebook.com\/Gr100Bikes\" \/>\n<meta property=\"article:modified_time\" content=\"2025-11-27T09:14:03+00:00\" \/>\n<meta property=\"og:image\" content=\"https:\/\/gr-100.com\/wp-content\/uploads\/2024\/05\/roubaix-sport-105.jpg\" \/>\n\t<meta property=\"og:image:width\" content=\"1000\" \/>\n\t<meta property=\"og:image:height\" content=\"1000\" \/>\n\t<meta property=\"og:image:type\" content=\"image\/jpeg\" \/>\n<meta name=\"twitter:card\" content=\"summary_large_image\" \/>\n<meta name=\"twitter:label1\" content=\"Tempo estimado de leitura\" \/>\n\t<meta name=\"twitter:data1\" content=\"1 minuto\" \/>\n<script type=\"application\/ld+json\" class=\"yoast-schema-graph\">{\"@context\":\"https:\/\/schema.org\",\"@graph\":[{\"@type\":\"WebPage\",\"@id\":\"https:\/\/gr-100.com\/pt-pt\/producto\/especializada-roubaix-sport-105-2024\/\",\"url\":\"https:\/\/gr-100.com\/pt-pt\/producto\/especializada-roubaix-sport-105-2024\/\",\"name\":\"Specialized Roubaix Sport 105 2024 GR-100\",\"isPartOf\":{\"@id\":\"https:\/\/gr-100.com\/#website\"},\"primaryImageOfPage\":{\"@id\":\"https:\/\/gr-100.com\/pt-pt\/producto\/especializada-roubaix-sport-105-2024\/#primaryimage\"},\"image\":{\"@id\":\"https:\/\/gr-100.com\/pt-pt\/producto\/especializada-roubaix-sport-105-2024\/#primaryimage\"},\"thumbnailUrl\":\"https:\/\/gr-100.com\/wp-content\/uploads\/2024\/05\/roubaix-sport-105.jpg\",\"datePublished\":\"2024-07-01T13:06:14+00:00\",\"dateModified\":\"2025-11-27T09:14:03+00:00\",\"description\":\"O Future Shock 3.0 \u00e9 a estrela do show, mais ajust\u00e1vel e dur\u00e1vel do que nunca. Cada motociclista experimenta 20 mm de deslocamento suave e sem ader\u00eancias entre a haste e o tubo da cabe\u00e7a\",\"breadcrumb\":{\"@id\":\"https:\/\/gr-100.com\/pt-pt\/producto\/especializada-roubaix-sport-105-2024\/#breadcrumb\"},\"inLanguage\":\"pt-PT\",\"potentialAction\":[{\"@type\":\"ReadAction\",\"target\":[\"https:\/\/gr-100.com\/pt-pt\/producto\/especializada-roubaix-sport-105-2024\/\"]}]},{\"@type\":\"ImageObject\",\"inLanguage\":\"pt-PT\",\"@id\":\"https:\/\/gr-100.com\/pt-pt\/producto\/especializada-roubaix-sport-105-2024\/#primaryimage\",\"url\":\"https:\/\/gr-100.com\/wp-content\/uploads\/2024\/05\/roubaix-sport-105.jpg\",\"contentUrl\":\"https:\/\/gr-100.com\/wp-content\/uploads\/2024\/05\/roubaix-sport-105.jpg\",\"width\":1000,\"height\":1000},{\"@type\":\"BreadcrumbList\",\"@id\":\"https:\/\/gr-100.com\/pt-pt\/producto\/especializada-roubaix-sport-105-2024\/#breadcrumb\",\"itemListElement\":[{\"@type\":\"ListItem\",\"position\":1,\"name\":\"Portada\",\"item\":\"https:\/\/gr-100.com\/en\/\"},{\"@type\":\"ListItem\",\"position\":2,\"name\":\"Productos\",\"item\":\"https:\/\/gr-100.com\/?post_type=product\"},{\"@type\":\"ListItem\",\"position\":3,\"name\":\"Specialized Roubaix Sport 105 2024\"}]},{\"@type\":\"WebSite\",\"@id\":\"https:\/\/gr-100.com\/#website\",\"url\":\"https:\/\/gr-100.com\/\",\"name\":\"Gr-100 Tienda de ciclismo Specialized\",\"description\":\"GR-100 tenemos todas las gamas de bicicletas Specialized al mejor precio.\",\"publisher\":{\"@id\":\"https:\/\/gr-100.com\/#organization\"},\"alternateName\":\"Gr-100 Bikes\",\"potentialAction\":[{\"@type\":\"SearchAction\",\"target\":{\"@type\":\"EntryPoint\",\"urlTemplate\":\"https:\/\/gr-100.com\/?s={search_term_string}\"},\"query-input\":{\"@type\":\"PropertyValueSpecification\",\"valueRequired\":true,\"valueName\":\"search_term_string\"}}],\"inLanguage\":\"pt-PT\"},{\"@type\":\"Organization\",\"@id\":\"https:\/\/gr-100.com\/#organization\",\"name\":\"Gr-100\",\"url\":\"https:\/\/gr-100.com\/\",\"logo\":{\"@type\":\"ImageObject\",\"inLanguage\":\"pt-PT\",\"@id\":\"https:\/\/gr-100.com\/#\/schema\/logo\/image\/\",\"url\":\"https:\/\/gr-100.com\/wp-content\/uploads\/2023\/08\/logo-gr-100-bikes.png\",\"contentUrl\":\"https:\/\/gr-100.com\/wp-content\/uploads\/2023\/08\/logo-gr-100-bikes.png\",\"width\":707,\"height\":284,\"caption\":\"Gr-100\"},\"image\":{\"@id\":\"https:\/\/gr-100.com\/#\/schema\/logo\/image\/\"},\"sameAs\":[\"https:\/\/www.facebook.com\/Gr100Bikes\",\"https:\/\/www.instagram.com\/gr100bikes\/\",\"https:\/\/www.tiktok.com\/@gr100bikes\",\"https:\/\/twitter.com\/gr100mtbteam\",\"https:\/\/www.youtube.com\/c\/GR100Specialized\"]}]}<\/script>\n<!-- \/ Yoast SEO Premium plugin. -->","yoast_head_json":{"title":"Specialized Roubaix Sport 105 2024 GR-100","description":"O Future Shock 3.0 \u00e9 a estrela do show, mais ajust\u00e1vel e dur\u00e1vel do que nunca. Cada motociclista experimenta 20 mm de deslocamento suave e sem ader\u00eancias entre a haste e o tubo da cabe\u00e7a","robots":{"index":"index","follow":"follow","max-snippet":"max-snippet:-1","max-image-preview":"max-image-preview:large","max-video-preview":"max-video-preview:-1"},"canonical":"https:\/\/gr-100.com\/pt-pt\/producto\/especializada-roubaix-sport-105-2024\/","og_locale":"pt_PT","og_type":"article","og_title":"Specialized Roubaix Sport 105 2024","og_description":"O Future Shock 3.0 \u00e9 a estrela do show, mais ajust\u00e1vel e dur\u00e1vel do que nunca. Cada motociclista experimenta 20 mm de deslocamento suave e sem ader\u00eancias entre a haste e o tubo da cabe\u00e7a","og_url":"https:\/\/gr-100.com\/pt-pt\/producto\/especializada-roubaix-sport-105-2024\/","og_site_name":"Gr-100 Tienda de ciclismo Specialized","article_publisher":"https:\/\/www.facebook.com\/Gr100Bikes","article_modified_time":"2025-11-27T09:14:03+00:00","og_image":[{"width":1000,"height":1000,"url":"https:\/\/gr-100.com\/wp-content\/uploads\/2024\/05\/roubaix-sport-105.jpg","type":"image\/jpeg"}],"twitter_card":"summary_large_image","twitter_misc":{"Tempo estimado de leitura":"1 minuto"},"schema":{"@context":"https:\/\/schema.org","@graph":[{"@type":"WebPage","@id":"https:\/\/gr-100.com\/pt-pt\/producto\/especializada-roubaix-sport-105-2024\/","url":"https:\/\/gr-100.com\/pt-pt\/producto\/especializada-roubaix-sport-105-2024\/","name":"Specialized Roubaix Sport 105 2024 GR-100","isPartOf":{"@id":"https:\/\/gr-100.com\/#website"},"primaryImageOfPage":{"@id":"https:\/\/gr-100.com\/pt-pt\/producto\/especializada-roubaix-sport-105-2024\/#primaryimage"},"image":{"@id":"https:\/\/gr-100.com\/pt-pt\/producto\/especializada-roubaix-sport-105-2024\/#primaryimage"},"thumbnailUrl":"https:\/\/gr-100.com\/wp-content\/uploads\/2024\/05\/roubaix-sport-105.jpg","datePublished":"2024-07-01T13:06:14+00:00","dateModified":"2025-11-27T09:14:03+00:00","description":"O Future Shock 3.0 \u00e9 a estrela do show, mais ajust\u00e1vel e dur\u00e1vel do que nunca. Cada motociclista experimenta 20 mm de deslocamento suave e sem ader\u00eancias entre a haste e o tubo da cabe\u00e7a","breadcrumb":{"@id":"https:\/\/gr-100.com\/pt-pt\/producto\/especializada-roubaix-sport-105-2024\/#breadcrumb"},"inLanguage":"pt-PT","potentialAction":[{"@type":"ReadAction","target":["https:\/\/gr-100.com\/pt-pt\/producto\/especializada-roubaix-sport-105-2024\/"]}]},{"@type":"ImageObject","inLanguage":"pt-PT","@id":"https:\/\/gr-100.com\/pt-pt\/producto\/especializada-roubaix-sport-105-2024\/#primaryimage","url":"https:\/\/gr-100.com\/wp-content\/uploads\/2024\/05\/roubaix-sport-105.jpg","contentUrl":"https:\/\/gr-100.com\/wp-content\/uploads\/2024\/05\/roubaix-sport-105.jpg","width":1000,"height":1000},{"@type":"BreadcrumbList","@id":"https:\/\/gr-100.com\/pt-pt\/producto\/especializada-roubaix-sport-105-2024\/#breadcrumb","itemListElement":[{"@type":"ListItem","position":1,"name":"Portada","item":"https:\/\/gr-100.com\/en\/"},{"@type":"ListItem","position":2,"name":"Productos","item":"https:\/\/gr-100.com\/?post_type=product"},{"@type":"ListItem","position":3,"name":"Specialized Roubaix Sport 105 2024"}]},{"@type":"WebSite","@id":"https:\/\/gr-100.com\/#website","url":"https:\/\/gr-100.com\/","name":"Gr-100 Tienda de ciclismo Specialized","description":"GR-100 tenemos todas las gamas de bicicletas Specialized al mejor precio.","publisher":{"@id":"https:\/\/gr-100.com\/#organization"},"alternateName":"Gr-100 Bikes","potentialAction":[{"@type":"SearchAction","target":{"@type":"EntryPoint","urlTemplate":"https:\/\/gr-100.com\/?s={search_term_string}"},"query-input":{"@type":"PropertyValueSpecification","valueRequired":true,"valueName":"search_term_string"}}],"inLanguage":"pt-PT"},{"@type":"Organization","@id":"https:\/\/gr-100.com\/#organization","name":"Gr-100","url":"https:\/\/gr-100.com\/","logo":{"@type":"ImageObject","inLanguage":"pt-PT","@id":"https:\/\/gr-100.com\/#\/schema\/logo\/image\/","url":"https:\/\/gr-100.com\/wp-content\/uploads\/2023\/08\/logo-gr-100-bikes.png","contentUrl":"https:\/\/gr-100.com\/wp-content\/uploads\/2023\/08\/logo-gr-100-bikes.png","width":707,"height":284,"caption":"Gr-100"},"image":{"@id":"https:\/\/gr-100.com\/#\/schema\/logo\/image\/"},"sameAs":["https:\/\/www.facebook.com\/Gr100Bikes","https:\/\/www.instagram.com\/gr100bikes\/","https:\/\/www.tiktok.com\/@gr100bikes","https:\/\/twitter.com\/gr100mtbteam","https:\/\/www.youtube.com\/c\/GR100Specialized"]}]}},"_links":{"self":[{"href":"https:\/\/gr-100.com\/pt-pt\/wp-json\/wp\/v2\/product\/382799","targetHints":{"allow":["GET"]}}],"collection":[{"href":"https:\/\/gr-100.com\/pt-pt\/wp-json\/wp\/v2\/product"}],"about":[{"href":"https:\/\/gr-100.com\/pt-pt\/wp-json\/wp\/v2\/types\/product"}],"replies":[{"embeddable":true,"href":"https:\/\/gr-100.com\/pt-pt\/wp-json\/wp\/v2\/comments?post=382799"}],"wp:featuredmedia":[{"embeddable":true,"href":"https:\/\/gr-100.com\/pt-pt\/wp-json\/wp\/v2\/media\/308218"}],"wp:attachment":[{"href":"https:\/\/gr-100.com\/pt-pt\/wp-json\/wp\/v2\/media?parent=382799"}],"wp:term":[{"taxonomy":"product_brand","embeddable":true,"href":"https:\/\/gr-100.com\/pt-pt\/wp-json\/wp\/v2\/product_brand?post=382799"},{"taxonomy":"product_cat","embeddable":true,"href":"https:\/\/gr-100.com\/pt-pt\/wp-json\/wp\/v2\/product_cat?post=382799"},{"taxonomy":"product_tag","embeddable":true,"href":"https:\/\/gr-100.com\/pt-pt\/wp-json\/wp\/v2\/product_tag?post=382799"}],"curies":[{"name":"wp","href":"https:\/\/api.w.org\/{rel}","templated":true}]}}