{"id":382844,"date":"2024-07-01T15:04:24","date_gmt":"2024-07-01T14:04:24","guid":{"rendered":"https:\/\/gr-100.com\/producto\/s-works-roubaix-sl8-2024\/"},"modified":"2025-09-22T16:53:56","modified_gmt":"2025-09-22T14:53:56","slug":"s-works-roubaix-sl8-2024","status":"publish","type":"product","link":"https:\/\/gr-100.com\/pt-pt\/producto\/s-works-roubaix-sl8-2024\/","title":{"rendered":"S-Works Roubaix SL8 2024"},"content":{"rendered":"<ul>\n<li>CONFORTO: O Future Shock 3.0 \u00e9 a estrela do show, mais ajust\u00e1vel e dur\u00e1vel do que nunca. Agora, independentemente da posi\u00e7\u00e3o na moto, cada piloto experimenta 20 mm de deslocamento suave e sem ader\u00eancias entre a haste e o tubo da cabe\u00e7a. O Future Shock ajuda a manter as suas m\u00e3os e guiadores est\u00e1veis para uma condu\u00e7\u00e3o mais suave e controlada para uma condu\u00e7\u00e3o r\u00e1pida, segura e confiante.<br \/>\nO nosso design com a bra\u00e7adeira de espig\u00e3o mais baixa exp\u00f5e mais espig\u00e3o para aumentar a flexibilidade, mas &#8220;mais&#8221; n\u00e3o \u00e9 simplesmente melhor. O espig\u00e3o de assento Pav\u00e9 controla a flex\u00e3o para um conforto vertical ideal. Em conjunto, criam a tecnologia AfterShock e, quando combinados com o tri\u00e2ngulo traseiro r\u00edgido do Roubaix, proporcionam uma condu\u00e7\u00e3o suave sem perda de efici\u00eancia.<br \/>\nA Roubaix SL8 \u00e9 a moto de estrada mais confort\u00e1vel que a nossa equipa da Ride Science alguma vez testou, reduzindo os impactos do guiador e do selim em 53% em compara\u00e7\u00e3o com a competi\u00e7\u00e3o mais pr\u00f3xima. Com o Future Shock 3.0 da Roubaix, a roda viaja rapidamente sobre o solavanco, enquanto a massa do piloto permanece est\u00e1vel, mantendo o \u00edmpeto em terrenos acidentados. Os garfos tradicionais flexionam para tr\u00e1s no impacto, causando uma perda mensur\u00e1vel de velocidade. \u00c9 um facto cient\u00edfico, quanto mais confort\u00e1vel for mais r\u00e1pido.       <\/li>\n<li>CAPACIDADE: A Roubaix foi pioneira na geometria de resist\u00eancia, para que conduza &#8220;ON&#8221; a moto, e n\u00e3o &#8220;ON&#8221; a moto para aliviar a press\u00e3o nas suas m\u00e3os, bra\u00e7os e ombros para ter confian\u00e7a em qualquer estrada, e est\u00e1 pronta para enfrentar uma descida de montanha a alta velocidade. Proteja-se! Com uma capacidade para pneus at\u00e9 38c\/40mm, esta m\u00e1quina de estrada de resist\u00eancia oferece melhor tra\u00e7\u00e3o do que nunca em estradas dif\u00edceis e at\u00e9 cascalho leve. Gra\u00e7as \u00e0 sua leveza e efici\u00eancia, os pneus Specialized oferecem volume extra e maior tra\u00e7\u00e3o sem comprometer o desempenho.<br \/>\nA Roubaix inspira-nos a planear dias realmente GRANDES na moto, por isso demos-lhe todas as montagens que as suas aventuras podem precisar: tr\u00eas suportes de gaiola de garrafa, suportes de tubo superior e est\u00e1 at\u00e9 preparado para guarda-lamas. Ent\u00e3o, v\u00e1 em frente e leve tudo isso com voc\u00ea.\n  <\/li>\n<li>DESEMPENHO: O novo Roubaix SL8 \u00e9 o mais aerodin\u00e2mico at\u00e9 \u00e0 data, com novas formas aerodin\u00e2micas desenhadas a partir da nossa biblioteca Free Foil e assentos baixos.<br \/>\nCom apenas 950 gramas, o quadro \u00e9 mais leve gra\u00e7as \u00e0s li\u00e7\u00f5es aprendidas com o Aethos \u2013 o quadro de produ\u00e7\u00e3o mais leve do mundo \u2013 e a nossa fibra de carbono premium Fact 10r.<br \/>\nNada na sua categoria \u00e9 mais r\u00e1pido ou mais leve do que o Roubaix.  <\/li>\n<\/ul>\n<ul>\n<li>CARATER\u00cdSTICAS:<\/li>\n<\/ul>\n<p>FACT 12R FRAME<br \/>\n, Rider First Engineered\u2122 (RFE), FreeFoil Shape Library tubs, threaded BB, 12x142mm thru-axle, flat-mount disc<br \/>\nFuture Shock 3.3 w\/ Smooth Boot FORK<br \/>\n, FACT Carbon 12x100mm, thru-axle, flat-mount disc<br \/>\nCockpit<br \/>\nSADDLE<br \/>\nBody Geometry S-Works Power<br \/>\nABRAZ. SELIM<br \/>\nBra\u00e7adeira de gota escondida<br \/>\nGUID\u00c3O<br \/>\nS-Works Carbon Hover Drop 125mm, Alcance 75mm, w \/ Di2 furo<br \/>\nPOT\u00caNCIA<br \/>\nS-Works Haste do Futuro, c\/ Suporte Integrado para Computador<br \/>\nESPIG\u00c3O ASSENTO<br \/>\nS-Works Poste de assento de pavimento<br \/>\nFITA FITA<br \/>\nSupacaz Super Kush Pegajoso<br \/>\nTrav\u00f5es<br \/>\nTRAV\u00c3O DIANTEIRO<br \/>\nSRAM Disco hidr\u00e1ulico vermelho<br \/>\nTRAV\u00c3O TRASEIRO<br \/>\nSRAM Rede eTAP AXS, disco hidr\u00e1ulico<br \/>\nConjunto propulsor<br \/>\nCADEIA<br \/>\nSRAM Vermelho, 12 velocidades SRAM XG 1290, 10-33T<\/p>\n<p>SUPORTE INFERIOR<br \/>\nSRAM DUB BSA<br \/>\nCONTROLOS DE MUDAN\u00c7A DE VELOCIDADE<br \/>\nSRAM Rede eTAP AXS, 12 velocidades<br \/>\nMUDAN\u00c7A<br \/>\nSRAM Rede eTAP AXS, 12 velocidades<br \/>\nSUPORTE INFERIOR<br \/>\nSRAM AXS vermelho c\/alimenta\u00e7\u00e3o, 12 velocidades<br \/>\nDESVIADOR<br \/>\nSRAM Rede eTAP AXS, 12 velocidades<br \/>\nPRATOS<br \/>\n46\/33T<br \/>\nRodas &amp; Pneus<br \/>\nTUBOS<br \/>\n700&#215;28\/38mm, 48mm Presta v\u00e1lvula<br \/>\nPNEU DIANTEIRO. S-Works Mondo 2BR, 700x32c<\/p>\n<p>PNEU TRASEIRO<br \/>\nS-Works Mondo 2BR, 700x32c<br \/>\nRODA DIANTEIRA<br \/>\nRoval Terra CLX II, largura interna de 25mm, profundidade de 32mm, 21h, pronto para Tubeless, cubo Roval LFD com rolamentos SINC cer\u00e2micos, disco Centerlock, raios DT Swiss Aerolite<br \/>\nRODA TRASEIRA<br \/>\nRoval Terra CLX II, largura interna de 25mm, profundidade de 32mm, 24h, pronto para Tubeless, cubo Roval LFD com rolamentos SINC cer\u00e2micos, disco Centerlock, raios DT Swiss Aerolite<br \/>\nAcess\u00f3rios<br \/>\nPedais PEDAL, PEDAIS TEST RIDE FORNECIDOS PELA SPECIALIZED<\/p>\n<p>Peso<br \/>\n7,34 kg (16 lb, 2,9 on\u00e7as)<br \/>\nD\u00cdNAMO<br \/>\n56<\/p>\n<p>* Os pesos baseiam-se em fotografias de produ\u00e7\u00e3o pintadas, tal como indicado na imagem. Os pesos reais variam consoante a cor, o tamanho do quadro e a varia\u00e7\u00e3o dos componentes. As especifica\u00e7\u00f5es est\u00e3o sujeitas a altera\u00e7\u00f5es sem aviso pr\u00e9vio.<\/p>\n","protected":false},"excerpt":{"rendered":"<p>H\u00e1 duas d\u00e9cadas, cri\u00e1mos a categoria de estrada Endurance, provando que uma elevada ergonomia significa um elevado desempenho.<br \/>\nHoje, a nova Roubaix SL8 com Future Shock 3.0 \u00e9 mais leve, mais r\u00e1pida e mais confort\u00e1vel do que qualquer moto de estrada alguma vez fabricada, oferecendo ao condutor uma confian\u00e7a inigual\u00e1vel.<br \/>\nA estrada pode ser um inferno, mas pedalar num Roubaix \u00e9 sempre como pedalar no c\u00e9u.  <\/p>\n","protected":false},"featured_media":308091,"comment_status":"closed","ping_status":"closed","template":"","meta":{"_acf_changed":false,"_et_pb_use_builder":"","_et_pb_old_content":"","_et_gb_content_width":"","inline_featured_image":false},"product_brand":[],"product_cat":[2459,378,5314,5312,5313,2483,2696],"product_tag":[],"class_list":{"0":"post-382844","1":"product","2":"type-product","3":"status-publish","4":"has-post-thumbnail","6":"product_cat-bicicletas-pt-pt-2","7":"product_cat-estrada","8":"product_cat-bicicletas-carretera-carbono-pt-pt","9":"product_cat-bicicletas-carretera-s-works-pt-pt","10":"product_cat-bicicletas-carretera-specialized-pt-pt","11":"product_cat-bicicletas-especializadas","12":"product_cat-ofertas-especializadas","13":"product_shipping_class-bicicletas-pt-pt","15":"first","16":"instock","17":"sale","18":"taxable","19":"shipping-taxable","20":"purchasable","21":"product-type-variable","22":"wvs-archive-product-wrapper"},"acf":[],"yoast_head":"<!-- This site is optimized with the Yoast SEO Premium plugin v26.7 (Yoast SEO v26.7) - https:\/\/yoast.com\/wordpress\/plugins\/seo\/ -->\n<title>S-Works Roubaix SL8 2024 GR-100<\/title>\n<meta name=\"description\" content=\"A nova Roubaix SL8 com Future Shock 3.0 \u00e9 mais leve, mais r\u00e1pida e mais confort\u00e1vel do que qualquer moto de estrada alguma vez fabricada.\" \/>\n<meta name=\"robots\" content=\"index, follow, max-snippet:-1, max-image-preview:large, max-video-preview:-1\" \/>\n<link rel=\"canonical\" href=\"https:\/\/gr-100.com\/pt-pt\/producto\/s-works-roubaix-sl8-2024\/\" \/>\n<meta property=\"og:locale\" content=\"pt_PT\" \/>\n<meta property=\"og:type\" content=\"article\" \/>\n<meta property=\"og:title\" content=\"S-Works Roubaix SL8 2024\" \/>\n<meta property=\"og:description\" content=\"A nova Roubaix SL8 com Future Shock 3.0 \u00e9 mais leve, mais r\u00e1pida e mais confort\u00e1vel do que qualquer moto de estrada alguma vez fabricada.\" \/>\n<meta property=\"og:url\" content=\"https:\/\/gr-100.com\/pt-pt\/producto\/s-works-roubaix-sl8-2024\/\" \/>\n<meta property=\"og:site_name\" content=\"Gr-100 Tienda de ciclismo Specialized\" \/>\n<meta property=\"article:publisher\" content=\"https:\/\/www.facebook.com\/Gr100Bikes\" \/>\n<meta property=\"article:modified_time\" content=\"2025-09-22T14:53:56+00:00\" \/>\n<meta property=\"og:image\" content=\"https:\/\/gr-100.com\/wp-content\/uploads\/2024\/05\/roubaix-Sl8-sw-5.jpg\" \/>\n\t<meta property=\"og:image:width\" content=\"1000\" \/>\n\t<meta property=\"og:image:height\" content=\"1000\" \/>\n\t<meta property=\"og:image:type\" content=\"image\/jpeg\" \/>\n<meta name=\"twitter:card\" content=\"summary_large_image\" \/>\n<meta name=\"twitter:label1\" content=\"Tempo estimado de leitura\" \/>\n\t<meta name=\"twitter:data1\" content=\"4 minutos\" \/>\n<script type=\"application\/ld+json\" class=\"yoast-schema-graph\">{\"@context\":\"https:\/\/schema.org\",\"@graph\":[{\"@type\":\"WebPage\",\"@id\":\"https:\/\/gr-100.com\/pt-pt\/producto\/s-works-roubaix-sl8-2024\/\",\"url\":\"https:\/\/gr-100.com\/pt-pt\/producto\/s-works-roubaix-sl8-2024\/\",\"name\":\"S-Works Roubaix SL8 2024 GR-100\",\"isPartOf\":{\"@id\":\"https:\/\/gr-100.com\/#website\"},\"primaryImageOfPage\":{\"@id\":\"https:\/\/gr-100.com\/pt-pt\/producto\/s-works-roubaix-sl8-2024\/#primaryimage\"},\"image\":{\"@id\":\"https:\/\/gr-100.com\/pt-pt\/producto\/s-works-roubaix-sl8-2024\/#primaryimage\"},\"thumbnailUrl\":\"https:\/\/gr-100.com\/wp-content\/uploads\/2024\/05\/roubaix-Sl8-sw-5.jpg\",\"datePublished\":\"2024-07-01T14:04:24+00:00\",\"dateModified\":\"2025-09-22T14:53:56+00:00\",\"description\":\"A nova Roubaix SL8 com Future Shock 3.0 \u00e9 mais leve, mais r\u00e1pida e mais confort\u00e1vel do que qualquer moto de estrada alguma vez fabricada.\",\"breadcrumb\":{\"@id\":\"https:\/\/gr-100.com\/pt-pt\/producto\/s-works-roubaix-sl8-2024\/#breadcrumb\"},\"inLanguage\":\"pt-PT\",\"potentialAction\":[{\"@type\":\"ReadAction\",\"target\":[\"https:\/\/gr-100.com\/pt-pt\/producto\/s-works-roubaix-sl8-2024\/\"]}]},{\"@type\":\"ImageObject\",\"inLanguage\":\"pt-PT\",\"@id\":\"https:\/\/gr-100.com\/pt-pt\/producto\/s-works-roubaix-sl8-2024\/#primaryimage\",\"url\":\"https:\/\/gr-100.com\/wp-content\/uploads\/2024\/05\/roubaix-Sl8-sw-5.jpg\",\"contentUrl\":\"https:\/\/gr-100.com\/wp-content\/uploads\/2024\/05\/roubaix-Sl8-sw-5.jpg\",\"width\":1000,\"height\":1000},{\"@type\":\"BreadcrumbList\",\"@id\":\"https:\/\/gr-100.com\/pt-pt\/producto\/s-works-roubaix-sl8-2024\/#breadcrumb\",\"itemListElement\":[{\"@type\":\"ListItem\",\"position\":1,\"name\":\"Portada\",\"item\":\"https:\/\/gr-100.com\/en\/\"},{\"@type\":\"ListItem\",\"position\":2,\"name\":\"Productos\",\"item\":\"https:\/\/gr-100.com\/?post_type=product\"},{\"@type\":\"ListItem\",\"position\":3,\"name\":\"S-Works Roubaix SL8 2024\"}]},{\"@type\":\"WebSite\",\"@id\":\"https:\/\/gr-100.com\/#website\",\"url\":\"https:\/\/gr-100.com\/\",\"name\":\"Gr-100 Tienda de ciclismo Specialized\",\"description\":\"GR-100 tenemos todas las gamas de bicicletas Specialized al mejor precio.\",\"publisher\":{\"@id\":\"https:\/\/gr-100.com\/#organization\"},\"alternateName\":\"Gr-100 Bikes\",\"potentialAction\":[{\"@type\":\"SearchAction\",\"target\":{\"@type\":\"EntryPoint\",\"urlTemplate\":\"https:\/\/gr-100.com\/?s={search_term_string}\"},\"query-input\":{\"@type\":\"PropertyValueSpecification\",\"valueRequired\":true,\"valueName\":\"search_term_string\"}}],\"inLanguage\":\"pt-PT\"},{\"@type\":\"Organization\",\"@id\":\"https:\/\/gr-100.com\/#organization\",\"name\":\"Gr-100\",\"url\":\"https:\/\/gr-100.com\/\",\"logo\":{\"@type\":\"ImageObject\",\"inLanguage\":\"pt-PT\",\"@id\":\"https:\/\/gr-100.com\/#\/schema\/logo\/image\/\",\"url\":\"https:\/\/gr-100.com\/wp-content\/uploads\/2023\/08\/logo-gr-100-bikes.png\",\"contentUrl\":\"https:\/\/gr-100.com\/wp-content\/uploads\/2023\/08\/logo-gr-100-bikes.png\",\"width\":707,\"height\":284,\"caption\":\"Gr-100\"},\"image\":{\"@id\":\"https:\/\/gr-100.com\/#\/schema\/logo\/image\/\"},\"sameAs\":[\"https:\/\/www.facebook.com\/Gr100Bikes\",\"https:\/\/www.instagram.com\/gr100bikes\/\",\"https:\/\/www.tiktok.com\/@gr100bikes\",\"https:\/\/twitter.com\/gr100mtbteam\",\"https:\/\/www.youtube.com\/c\/GR100Specialized\"]}]}<\/script>\n<!-- \/ Yoast SEO Premium plugin. -->","yoast_head_json":{"title":"S-Works Roubaix SL8 2024 GR-100","description":"A nova Roubaix SL8 com Future Shock 3.0 \u00e9 mais leve, mais r\u00e1pida e mais confort\u00e1vel do que qualquer moto de estrada alguma vez fabricada.","robots":{"index":"index","follow":"follow","max-snippet":"max-snippet:-1","max-image-preview":"max-image-preview:large","max-video-preview":"max-video-preview:-1"},"canonical":"https:\/\/gr-100.com\/pt-pt\/producto\/s-works-roubaix-sl8-2024\/","og_locale":"pt_PT","og_type":"article","og_title":"S-Works Roubaix SL8 2024","og_description":"A nova Roubaix SL8 com Future Shock 3.0 \u00e9 mais leve, mais r\u00e1pida e mais confort\u00e1vel do que qualquer moto de estrada alguma vez fabricada.","og_url":"https:\/\/gr-100.com\/pt-pt\/producto\/s-works-roubaix-sl8-2024\/","og_site_name":"Gr-100 Tienda de ciclismo Specialized","article_publisher":"https:\/\/www.facebook.com\/Gr100Bikes","article_modified_time":"2025-09-22T14:53:56+00:00","og_image":[{"width":1000,"height":1000,"url":"https:\/\/gr-100.com\/wp-content\/uploads\/2024\/05\/roubaix-Sl8-sw-5.jpg","type":"image\/jpeg"}],"twitter_card":"summary_large_image","twitter_misc":{"Tempo estimado de leitura":"4 minutos"},"schema":{"@context":"https:\/\/schema.org","@graph":[{"@type":"WebPage","@id":"https:\/\/gr-100.com\/pt-pt\/producto\/s-works-roubaix-sl8-2024\/","url":"https:\/\/gr-100.com\/pt-pt\/producto\/s-works-roubaix-sl8-2024\/","name":"S-Works Roubaix SL8 2024 GR-100","isPartOf":{"@id":"https:\/\/gr-100.com\/#website"},"primaryImageOfPage":{"@id":"https:\/\/gr-100.com\/pt-pt\/producto\/s-works-roubaix-sl8-2024\/#primaryimage"},"image":{"@id":"https:\/\/gr-100.com\/pt-pt\/producto\/s-works-roubaix-sl8-2024\/#primaryimage"},"thumbnailUrl":"https:\/\/gr-100.com\/wp-content\/uploads\/2024\/05\/roubaix-Sl8-sw-5.jpg","datePublished":"2024-07-01T14:04:24+00:00","dateModified":"2025-09-22T14:53:56+00:00","description":"A nova Roubaix SL8 com Future Shock 3.0 \u00e9 mais leve, mais r\u00e1pida e mais confort\u00e1vel do que qualquer moto de estrada alguma vez fabricada.","breadcrumb":{"@id":"https:\/\/gr-100.com\/pt-pt\/producto\/s-works-roubaix-sl8-2024\/#breadcrumb"},"inLanguage":"pt-PT","potentialAction":[{"@type":"ReadAction","target":["https:\/\/gr-100.com\/pt-pt\/producto\/s-works-roubaix-sl8-2024\/"]}]},{"@type":"ImageObject","inLanguage":"pt-PT","@id":"https:\/\/gr-100.com\/pt-pt\/producto\/s-works-roubaix-sl8-2024\/#primaryimage","url":"https:\/\/gr-100.com\/wp-content\/uploads\/2024\/05\/roubaix-Sl8-sw-5.jpg","contentUrl":"https:\/\/gr-100.com\/wp-content\/uploads\/2024\/05\/roubaix-Sl8-sw-5.jpg","width":1000,"height":1000},{"@type":"BreadcrumbList","@id":"https:\/\/gr-100.com\/pt-pt\/producto\/s-works-roubaix-sl8-2024\/#breadcrumb","itemListElement":[{"@type":"ListItem","position":1,"name":"Portada","item":"https:\/\/gr-100.com\/en\/"},{"@type":"ListItem","position":2,"name":"Productos","item":"https:\/\/gr-100.com\/?post_type=product"},{"@type":"ListItem","position":3,"name":"S-Works Roubaix SL8 2024"}]},{"@type":"WebSite","@id":"https:\/\/gr-100.com\/#website","url":"https:\/\/gr-100.com\/","name":"Gr-100 Tienda de ciclismo Specialized","description":"GR-100 tenemos todas las gamas de bicicletas Specialized al mejor precio.","publisher":{"@id":"https:\/\/gr-100.com\/#organization"},"alternateName":"Gr-100 Bikes","potentialAction":[{"@type":"SearchAction","target":{"@type":"EntryPoint","urlTemplate":"https:\/\/gr-100.com\/?s={search_term_string}"},"query-input":{"@type":"PropertyValueSpecification","valueRequired":true,"valueName":"search_term_string"}}],"inLanguage":"pt-PT"},{"@type":"Organization","@id":"https:\/\/gr-100.com\/#organization","name":"Gr-100","url":"https:\/\/gr-100.com\/","logo":{"@type":"ImageObject","inLanguage":"pt-PT","@id":"https:\/\/gr-100.com\/#\/schema\/logo\/image\/","url":"https:\/\/gr-100.com\/wp-content\/uploads\/2023\/08\/logo-gr-100-bikes.png","contentUrl":"https:\/\/gr-100.com\/wp-content\/uploads\/2023\/08\/logo-gr-100-bikes.png","width":707,"height":284,"caption":"Gr-100"},"image":{"@id":"https:\/\/gr-100.com\/#\/schema\/logo\/image\/"},"sameAs":["https:\/\/www.facebook.com\/Gr100Bikes","https:\/\/www.instagram.com\/gr100bikes\/","https:\/\/www.tiktok.com\/@gr100bikes","https:\/\/twitter.com\/gr100mtbteam","https:\/\/www.youtube.com\/c\/GR100Specialized"]}]}},"_links":{"self":[{"href":"https:\/\/gr-100.com\/pt-pt\/wp-json\/wp\/v2\/product\/382844","targetHints":{"allow":["GET"]}}],"collection":[{"href":"https:\/\/gr-100.com\/pt-pt\/wp-json\/wp\/v2\/product"}],"about":[{"href":"https:\/\/gr-100.com\/pt-pt\/wp-json\/wp\/v2\/types\/product"}],"replies":[{"embeddable":true,"href":"https:\/\/gr-100.com\/pt-pt\/wp-json\/wp\/v2\/comments?post=382844"}],"wp:featuredmedia":[{"embeddable":true,"href":"https:\/\/gr-100.com\/pt-pt\/wp-json\/wp\/v2\/media\/308091"}],"wp:attachment":[{"href":"https:\/\/gr-100.com\/pt-pt\/wp-json\/wp\/v2\/media?parent=382844"}],"wp:term":[{"taxonomy":"product_brand","embeddable":true,"href":"https:\/\/gr-100.com\/pt-pt\/wp-json\/wp\/v2\/product_brand?post=382844"},{"taxonomy":"product_cat","embeddable":true,"href":"https:\/\/gr-100.com\/pt-pt\/wp-json\/wp\/v2\/product_cat?post=382844"},{"taxonomy":"product_tag","embeddable":true,"href":"https:\/\/gr-100.com\/pt-pt\/wp-json\/wp\/v2\/product_tag?post=382844"}],"curies":[{"name":"wp","href":"https:\/\/api.w.org\/{rel}","templated":true}]}}