{"id":382852,"date":"2024-07-01T15:05:36","date_gmt":"2024-07-01T13:05:36","guid":{"rendered":"https:\/\/gr-100.com\/producto\/especialista-roubaix-sl8-expert-2024\/"},"modified":"2025-11-27T10:59:55","modified_gmt":"2025-11-27T08:59:55","slug":"especialista-roubaix-sl8-expert-2024","status":"publish","type":"product","link":"https:\/\/gr-100.com\/pt-pt\/producto\/especialista-roubaix-sl8-expert-2024\/","title":{"rendered":"Specialized Roubaix SL8 Expert 2024"},"content":{"rendered":"<ul>\n<li>FACTO 10R FRAME<br \/>\n, Rider First Engineered\u2122 (RFE), FreeFoil Shape Library tubs, threaded BB, 12x142mm thru-axle, flat-mount disc<br \/>\nSuspension<\/li>\n<li>Future Shock 3.2 w \/ Bota suave, FACT<br \/>\nCarbon 12x100mm, eixo thru, cockpit de disco<br \/>\nde montagem plana<\/li>\n<li>Specialized Hover Expert, liga, queda de 125mm, alcance de 75mm com Expert<br \/>\n Di2<\/li>\n<li>Geometria Expert\n<\/li>\n<li>POWER<br \/>\nFuture Stem Pro<\/li>\n<li>Supacaz Super Fita Kush Pegajosa\n<\/li>\n<li>S-Works Pave Assento poste de assento\n<\/li>\n<li>ABRA\u00c7O. Bra\u00e7adeira de gota escondida SADDLE\n<\/li>\n<li>SRAM Rival eTAP AXS FREIO TRASEIRO Freios<br \/>\nSRAM, disco<br \/>\n hidr\u00e1ulicoSRAM Rival Disco hidr\u00e1ulico<br \/>\nDrivetrain FREIO DIANTEIRO<\/p>\n<\/li>\n<li>SRAM Rival eTAP AXS de 12 velocidades<br \/>\nSRAM<\/li>\n<li>SRAM Rival eTAP AXS DERAILLEUR<br \/>\n, SRAM de 12 velocidadesSRAM<br \/>\n Rival eTAP AXS DERAILLEUR<br \/>\n,SRAM XG 1250 CASSETTE de 12 velocidades<\/p>\n<p>, 10-36T<\/li>\n<li>SRAM Rival AXS c\/Power BOTTOM Bracket<br \/>\n, 12 velocidades<\/li>\n<li>PLATOS<br \/>\n46\/33T<\/li>\n<li>SUPORTE INFERIOR<br \/>\n SRAM DUB BSA<\/li>\n<li>SRAM Rival CHAIN<br \/>\n, 12 velocidades<\/li>\n<li>Rodas &amp; Pneus<br \/>\nRODA<br \/>\nRoval Terra C, aro em carbono de largura interna de 25mm, profundidade de 32mm, cubo<br \/>\nNOVO DT 370, 24h, raios DT Swiss Comp Race RODA<br \/>\n TRASEIRARoval Terra C, aro em carbono de largura interna de 25mm, profundidade de 32mm, cubo de catraca NOVO DT 370 Star, 24h, raios DT Swiss Comp Race<\/li>\n<li>PNEU.<br \/>\nS-Works Mondo 2BR, 700x32c<\/li>\n<li>PNEU TRASEIRO<br \/>\n S-Works Mondo 2BR, 700x32c<br \/>\n700&#215;28\/38mm, 48mm Presta v\u00e1lvula<\/li>\n<li>Peso<br \/>\n8.62kg (19 lb, .1 oz)<br \/>\nTamanho<br \/>\n56* Pesos com base na produ\u00e7\u00e3o pintada imagens como mostrado na imagem. Os pesos reais variam consoante a cor, o tamanho do quadro e a varia\u00e7\u00e3o dos componentes. As especifica\u00e7\u00f5es est\u00e3o sujeitas a altera\u00e7\u00f5es sem aviso pr\u00e9vio.<\/li>\n<\/ul>\n","protected":false},"excerpt":{"rendered":"<div>\n<p>H\u00e1 duas d\u00e9cadas, cri\u00e1mos a categoria de estrada Endurance, provando que uma elevada ergonomia significa um elevado desempenho.<br \/>\nHoje, a nova Roubaix SL8 com Future Shock 3.0 \u00e9 mais leve, mais r\u00e1pida e mais confort\u00e1vel do que qualquer moto de estrada alguma vez fabricada, oferecendo ao condutor uma confian\u00e7a inigual\u00e1vel.<br \/>\nA estrada pode ser um inferno, mas pedalar num Roubaix \u00e9 sempre como pedalar no c\u00e9u.  <\/p>\n<\/div>\n","protected":false},"featured_media":308170,"comment_status":"closed","ping_status":"closed","template":"","meta":{"_acf_changed":false,"_et_pb_use_builder":"","_et_pb_old_content":"","_et_gb_content_width":"","inline_featured_image":false},"product_brand":[],"product_cat":[2459,378,2483,2696],"product_tag":[],"class_list":{"0":"post-382852","1":"product","2":"type-product","3":"status-publish","4":"has-post-thumbnail","6":"product_cat-bicicletas-pt-pt-2","7":"product_cat-estrada","8":"product_cat-bicicletas-especializadas","9":"product_cat-ofertas-especializadas","10":"product_shipping_class-bicicletas-pt-pt","12":"first","13":"outofstock","14":"taxable","15":"shipping-taxable","16":"product-type-variable","17":"wvs-archive-product-wrapper"},"acf":[],"yoast_head":"<!-- This site is optimized with the Yoast SEO Premium plugin v26.7 (Yoast SEO v26.7) - https:\/\/yoast.com\/wordpress\/plugins\/seo\/ -->\n<title>Specialized Roubaix SL8 Expert 2024 GR-100<\/title>\n<meta name=\"description\" content=\"A nova Roubaix SL8 com Future Shock 3.0 \u00e9 mais leve, mais r\u00e1pida e mais confort\u00e1vel do que qualquer moto de estrada alguma vez fabricada, oferecendo ao condutor uma confian\u00e7a inigual\u00e1vel.\" \/>\n<meta name=\"robots\" content=\"index, follow, max-snippet:-1, max-image-preview:large, max-video-preview:-1\" \/>\n<link rel=\"canonical\" href=\"https:\/\/gr-100.com\/pt-pt\/producto\/especialista-roubaix-sl8-expert-2024\/\" \/>\n<meta property=\"og:locale\" content=\"pt_PT\" \/>\n<meta property=\"og:type\" content=\"article\" \/>\n<meta property=\"og:title\" content=\"Specialized Roubaix SL8 Expert 2024\" \/>\n<meta property=\"og:description\" content=\"A nova Roubaix SL8 com Future Shock 3.0 \u00e9 mais leve, mais r\u00e1pida e mais confort\u00e1vel do que qualquer moto de estrada alguma vez fabricada, oferecendo ao condutor uma confian\u00e7a inigual\u00e1vel.\" \/>\n<meta property=\"og:url\" content=\"https:\/\/gr-100.com\/pt-pt\/producto\/especialista-roubaix-sl8-expert-2024\/\" \/>\n<meta property=\"og:site_name\" content=\"Gr-100 Tienda de ciclismo Specialized\" \/>\n<meta property=\"article:publisher\" content=\"https:\/\/www.facebook.com\/Gr100Bikes\" \/>\n<meta property=\"article:modified_time\" content=\"2025-11-27T08:59:55+00:00\" \/>\n<meta property=\"og:image\" content=\"https:\/\/gr-100.com\/wp-content\/uploads\/2024\/05\/Roubaix-SL8-Expert-1.jpg\" \/>\n\t<meta property=\"og:image:width\" content=\"1000\" \/>\n\t<meta property=\"og:image:height\" content=\"1000\" \/>\n\t<meta property=\"og:image:type\" content=\"image\/jpeg\" \/>\n<meta name=\"twitter:card\" content=\"summary_large_image\" \/>\n<meta name=\"twitter:label1\" content=\"Tempo estimado de leitura\" \/>\n\t<meta name=\"twitter:data1\" content=\"1 minuto\" \/>\n<script type=\"application\/ld+json\" class=\"yoast-schema-graph\">{\"@context\":\"https:\/\/schema.org\",\"@graph\":[{\"@type\":\"WebPage\",\"@id\":\"https:\/\/gr-100.com\/pt-pt\/producto\/especialista-roubaix-sl8-expert-2024\/\",\"url\":\"https:\/\/gr-100.com\/pt-pt\/producto\/especialista-roubaix-sl8-expert-2024\/\",\"name\":\"Specialized Roubaix SL8 Expert 2024 GR-100\",\"isPartOf\":{\"@id\":\"https:\/\/gr-100.com\/#website\"},\"primaryImageOfPage\":{\"@id\":\"https:\/\/gr-100.com\/pt-pt\/producto\/especialista-roubaix-sl8-expert-2024\/#primaryimage\"},\"image\":{\"@id\":\"https:\/\/gr-100.com\/pt-pt\/producto\/especialista-roubaix-sl8-expert-2024\/#primaryimage\"},\"thumbnailUrl\":\"https:\/\/gr-100.com\/wp-content\/uploads\/2024\/05\/Roubaix-SL8-Expert-1.jpg\",\"datePublished\":\"2024-07-01T13:05:36+00:00\",\"dateModified\":\"2025-11-27T08:59:55+00:00\",\"description\":\"A nova Roubaix SL8 com Future Shock 3.0 \u00e9 mais leve, mais r\u00e1pida e mais confort\u00e1vel do que qualquer moto de estrada alguma vez fabricada, oferecendo ao condutor uma confian\u00e7a inigual\u00e1vel.\",\"breadcrumb\":{\"@id\":\"https:\/\/gr-100.com\/pt-pt\/producto\/especialista-roubaix-sl8-expert-2024\/#breadcrumb\"},\"inLanguage\":\"pt-PT\",\"potentialAction\":[{\"@type\":\"ReadAction\",\"target\":[\"https:\/\/gr-100.com\/pt-pt\/producto\/especialista-roubaix-sl8-expert-2024\/\"]}]},{\"@type\":\"ImageObject\",\"inLanguage\":\"pt-PT\",\"@id\":\"https:\/\/gr-100.com\/pt-pt\/producto\/especialista-roubaix-sl8-expert-2024\/#primaryimage\",\"url\":\"https:\/\/gr-100.com\/wp-content\/uploads\/2024\/05\/Roubaix-SL8-Expert-1.jpg\",\"contentUrl\":\"https:\/\/gr-100.com\/wp-content\/uploads\/2024\/05\/Roubaix-SL8-Expert-1.jpg\",\"width\":1000,\"height\":1000},{\"@type\":\"BreadcrumbList\",\"@id\":\"https:\/\/gr-100.com\/pt-pt\/producto\/especialista-roubaix-sl8-expert-2024\/#breadcrumb\",\"itemListElement\":[{\"@type\":\"ListItem\",\"position\":1,\"name\":\"Portada\",\"item\":\"https:\/\/gr-100.com\/en\/\"},{\"@type\":\"ListItem\",\"position\":2,\"name\":\"Productos\",\"item\":\"https:\/\/gr-100.com\/?post_type=product\"},{\"@type\":\"ListItem\",\"position\":3,\"name\":\"Specialized Roubaix SL8 Expert 2024\"}]},{\"@type\":\"WebSite\",\"@id\":\"https:\/\/gr-100.com\/#website\",\"url\":\"https:\/\/gr-100.com\/\",\"name\":\"Gr-100 Tienda de ciclismo Specialized\",\"description\":\"GR-100 tenemos todas las gamas de bicicletas Specialized al mejor precio.\",\"publisher\":{\"@id\":\"https:\/\/gr-100.com\/#organization\"},\"alternateName\":\"Gr-100 Bikes\",\"potentialAction\":[{\"@type\":\"SearchAction\",\"target\":{\"@type\":\"EntryPoint\",\"urlTemplate\":\"https:\/\/gr-100.com\/?s={search_term_string}\"},\"query-input\":{\"@type\":\"PropertyValueSpecification\",\"valueRequired\":true,\"valueName\":\"search_term_string\"}}],\"inLanguage\":\"pt-PT\"},{\"@type\":\"Organization\",\"@id\":\"https:\/\/gr-100.com\/#organization\",\"name\":\"Gr-100\",\"url\":\"https:\/\/gr-100.com\/\",\"logo\":{\"@type\":\"ImageObject\",\"inLanguage\":\"pt-PT\",\"@id\":\"https:\/\/gr-100.com\/#\/schema\/logo\/image\/\",\"url\":\"https:\/\/gr-100.com\/wp-content\/uploads\/2023\/08\/logo-gr-100-bikes.png\",\"contentUrl\":\"https:\/\/gr-100.com\/wp-content\/uploads\/2023\/08\/logo-gr-100-bikes.png\",\"width\":707,\"height\":284,\"caption\":\"Gr-100\"},\"image\":{\"@id\":\"https:\/\/gr-100.com\/#\/schema\/logo\/image\/\"},\"sameAs\":[\"https:\/\/www.facebook.com\/Gr100Bikes\",\"https:\/\/www.instagram.com\/gr100bikes\/\",\"https:\/\/www.tiktok.com\/@gr100bikes\",\"https:\/\/twitter.com\/gr100mtbteam\",\"https:\/\/www.youtube.com\/c\/GR100Specialized\"]}]}<\/script>\n<!-- \/ Yoast SEO Premium plugin. -->","yoast_head_json":{"title":"Specialized Roubaix SL8 Expert 2024 GR-100","description":"A nova Roubaix SL8 com Future Shock 3.0 \u00e9 mais leve, mais r\u00e1pida e mais confort\u00e1vel do que qualquer moto de estrada alguma vez fabricada, oferecendo ao condutor uma confian\u00e7a inigual\u00e1vel.","robots":{"index":"index","follow":"follow","max-snippet":"max-snippet:-1","max-image-preview":"max-image-preview:large","max-video-preview":"max-video-preview:-1"},"canonical":"https:\/\/gr-100.com\/pt-pt\/producto\/especialista-roubaix-sl8-expert-2024\/","og_locale":"pt_PT","og_type":"article","og_title":"Specialized Roubaix SL8 Expert 2024","og_description":"A nova Roubaix SL8 com Future Shock 3.0 \u00e9 mais leve, mais r\u00e1pida e mais confort\u00e1vel do que qualquer moto de estrada alguma vez fabricada, oferecendo ao condutor uma confian\u00e7a inigual\u00e1vel.","og_url":"https:\/\/gr-100.com\/pt-pt\/producto\/especialista-roubaix-sl8-expert-2024\/","og_site_name":"Gr-100 Tienda de ciclismo Specialized","article_publisher":"https:\/\/www.facebook.com\/Gr100Bikes","article_modified_time":"2025-11-27T08:59:55+00:00","og_image":[{"width":1000,"height":1000,"url":"https:\/\/gr-100.com\/wp-content\/uploads\/2024\/05\/Roubaix-SL8-Expert-1.jpg","type":"image\/jpeg"}],"twitter_card":"summary_large_image","twitter_misc":{"Tempo estimado de leitura":"1 minuto"},"schema":{"@context":"https:\/\/schema.org","@graph":[{"@type":"WebPage","@id":"https:\/\/gr-100.com\/pt-pt\/producto\/especialista-roubaix-sl8-expert-2024\/","url":"https:\/\/gr-100.com\/pt-pt\/producto\/especialista-roubaix-sl8-expert-2024\/","name":"Specialized Roubaix SL8 Expert 2024 GR-100","isPartOf":{"@id":"https:\/\/gr-100.com\/#website"},"primaryImageOfPage":{"@id":"https:\/\/gr-100.com\/pt-pt\/producto\/especialista-roubaix-sl8-expert-2024\/#primaryimage"},"image":{"@id":"https:\/\/gr-100.com\/pt-pt\/producto\/especialista-roubaix-sl8-expert-2024\/#primaryimage"},"thumbnailUrl":"https:\/\/gr-100.com\/wp-content\/uploads\/2024\/05\/Roubaix-SL8-Expert-1.jpg","datePublished":"2024-07-01T13:05:36+00:00","dateModified":"2025-11-27T08:59:55+00:00","description":"A nova Roubaix SL8 com Future Shock 3.0 \u00e9 mais leve, mais r\u00e1pida e mais confort\u00e1vel do que qualquer moto de estrada alguma vez fabricada, oferecendo ao condutor uma confian\u00e7a inigual\u00e1vel.","breadcrumb":{"@id":"https:\/\/gr-100.com\/pt-pt\/producto\/especialista-roubaix-sl8-expert-2024\/#breadcrumb"},"inLanguage":"pt-PT","potentialAction":[{"@type":"ReadAction","target":["https:\/\/gr-100.com\/pt-pt\/producto\/especialista-roubaix-sl8-expert-2024\/"]}]},{"@type":"ImageObject","inLanguage":"pt-PT","@id":"https:\/\/gr-100.com\/pt-pt\/producto\/especialista-roubaix-sl8-expert-2024\/#primaryimage","url":"https:\/\/gr-100.com\/wp-content\/uploads\/2024\/05\/Roubaix-SL8-Expert-1.jpg","contentUrl":"https:\/\/gr-100.com\/wp-content\/uploads\/2024\/05\/Roubaix-SL8-Expert-1.jpg","width":1000,"height":1000},{"@type":"BreadcrumbList","@id":"https:\/\/gr-100.com\/pt-pt\/producto\/especialista-roubaix-sl8-expert-2024\/#breadcrumb","itemListElement":[{"@type":"ListItem","position":1,"name":"Portada","item":"https:\/\/gr-100.com\/en\/"},{"@type":"ListItem","position":2,"name":"Productos","item":"https:\/\/gr-100.com\/?post_type=product"},{"@type":"ListItem","position":3,"name":"Specialized Roubaix SL8 Expert 2024"}]},{"@type":"WebSite","@id":"https:\/\/gr-100.com\/#website","url":"https:\/\/gr-100.com\/","name":"Gr-100 Tienda de ciclismo Specialized","description":"GR-100 tenemos todas las gamas de bicicletas Specialized al mejor precio.","publisher":{"@id":"https:\/\/gr-100.com\/#organization"},"alternateName":"Gr-100 Bikes","potentialAction":[{"@type":"SearchAction","target":{"@type":"EntryPoint","urlTemplate":"https:\/\/gr-100.com\/?s={search_term_string}"},"query-input":{"@type":"PropertyValueSpecification","valueRequired":true,"valueName":"search_term_string"}}],"inLanguage":"pt-PT"},{"@type":"Organization","@id":"https:\/\/gr-100.com\/#organization","name":"Gr-100","url":"https:\/\/gr-100.com\/","logo":{"@type":"ImageObject","inLanguage":"pt-PT","@id":"https:\/\/gr-100.com\/#\/schema\/logo\/image\/","url":"https:\/\/gr-100.com\/wp-content\/uploads\/2023\/08\/logo-gr-100-bikes.png","contentUrl":"https:\/\/gr-100.com\/wp-content\/uploads\/2023\/08\/logo-gr-100-bikes.png","width":707,"height":284,"caption":"Gr-100"},"image":{"@id":"https:\/\/gr-100.com\/#\/schema\/logo\/image\/"},"sameAs":["https:\/\/www.facebook.com\/Gr100Bikes","https:\/\/www.instagram.com\/gr100bikes\/","https:\/\/www.tiktok.com\/@gr100bikes","https:\/\/twitter.com\/gr100mtbteam","https:\/\/www.youtube.com\/c\/GR100Specialized"]}]}},"_links":{"self":[{"href":"https:\/\/gr-100.com\/pt-pt\/wp-json\/wp\/v2\/product\/382852","targetHints":{"allow":["GET"]}}],"collection":[{"href":"https:\/\/gr-100.com\/pt-pt\/wp-json\/wp\/v2\/product"}],"about":[{"href":"https:\/\/gr-100.com\/pt-pt\/wp-json\/wp\/v2\/types\/product"}],"replies":[{"embeddable":true,"href":"https:\/\/gr-100.com\/pt-pt\/wp-json\/wp\/v2\/comments?post=382852"}],"wp:featuredmedia":[{"embeddable":true,"href":"https:\/\/gr-100.com\/pt-pt\/wp-json\/wp\/v2\/media\/308170"}],"wp:attachment":[{"href":"https:\/\/gr-100.com\/pt-pt\/wp-json\/wp\/v2\/media?parent=382852"}],"wp:term":[{"taxonomy":"product_brand","embeddable":true,"href":"https:\/\/gr-100.com\/pt-pt\/wp-json\/wp\/v2\/product_brand?post=382852"},{"taxonomy":"product_cat","embeddable":true,"href":"https:\/\/gr-100.com\/pt-pt\/wp-json\/wp\/v2\/product_cat?post=382852"},{"taxonomy":"product_tag","embeddable":true,"href":"https:\/\/gr-100.com\/pt-pt\/wp-json\/wp\/v2\/product_tag?post=382852"}],"curies":[{"name":"wp","href":"https:\/\/api.w.org\/{rel}","templated":true}]}}