{"id":382894,"date":"2024-07-01T14:35:46","date_gmt":"2024-07-01T12:35:46","guid":{"rendered":"https:\/\/gr-100.com\/producto\/specialized-tarmac-sl7-sport-shimano-105-2024\/"},"modified":"2025-09-22T16:25:50","modified_gmt":"2025-09-22T14:25:50","slug":"specialized-tarmac-sl7-sport-shimano-105-2024","status":"publish","type":"product","link":"https:\/\/gr-100.com\/pt-pt\/producto\/specialized-tarmac-sl7-sport-shimano-105-2024\/","title":{"rendered":"Specialized Tarmac SL7 Sport &#8211; Shimano 105 2024"},"content":{"rendered":"<ul>\n<li>Embora a aerodin\u00e2mica tenha sido fundamental para o desenvolvimento da Tarmac e para o desenvolvimento de todas as nossas motos de corrida, o peso foi o copiloto nesta jornada para a moto de corrida perfeita.<br \/>\nNo passado, as &#8220;aero bikes&#8221; estavam sempre comprometidas no lado do peso: quanto mais o arrasto aerodin\u00e2mico era reduzido, mais peso era ganho.<br \/>\nCom a nova Tarmac, a nossa filosofia de design era mant\u00ea-la dentro ou abaixo do limite de peso UCI, sem sacrificar a aerodin\u00e2mica.<br \/>\nE com a ajuda da biblioteca de formas FreeFoil, ferramentas como an\u00e1lise isot\u00f3pica de elementos finitos e alguns truques dos melhores engenheiros da ind\u00fastria, conseguimos um quadro FACT 9r que pesa apenas 1.010 gramas, sem sacrificar um grama de aerodin\u00e2mica, rigidez ou qualidade de condu\u00e7\u00e3o.   <\/li>\n<li>Continuando a nossa busca para desenvolver a moto de corrida perfeita, utiliz\u00e1mos a nossa filosofia Rider-First Engineered\u2122 para garantir que a nova Tarmac \u00e9 a mais equilibrada e de boa condu\u00e7\u00e3o at\u00e9 \u00e0 data, independentemente da sua altura.<br \/>\nCom um ex\u00e9rcito dos melhores pilotos de teste do mundo das nossas tr\u00eas equipas do World Tour \u2013 SD-Worx, Soudal e Bora-Hansgrohe \u2013 fizemos altera\u00e7\u00f5es na Tarmac com base nos seus milhares de quil\u00f3metros de estrada.<br \/>\nEquilibr\u00e1mos a qualidade de condu\u00e7\u00e3o entre a frente e a traseira, para que mesmo os dias mais longos no selim permane\u00e7am confort\u00e1veis, tudo sem sacrificar a lend\u00e1ria manobrabilidade e agilidade vencedoras de corridas da Tarmac.  <\/li>\n<li>Com base no que aprendemos com o Venge, a nova Tarmac utiliza uma integra\u00e7\u00e3o simples para criar um cockpit limpo e r\u00e1pido com o qual \u00e9 f\u00e1cil de viver. Melhor\u00e1mos o encaminhamento para qualquer configura\u00e7\u00e3o &#8211; mudan\u00e7as mec\u00e2nicas, hastes tradicionais, barras redondas, etc.<br \/>\n&#8211; Tudo isto mantendo os seus atributos aerodin\u00e2micos. Estas mesmas caracter\u00edsticas tamb\u00e9m tornam a nova Tarmac f\u00e1cil de ajustar e de viajar.<br \/>\n\u00c9 um ganha-ganha.  <\/li>\n<\/ul>\n<p>Especifica\u00e7\u00f5es <strong>T\u00e9cnicas<\/strong><br \/>\n2021 S-Works SEATPOST TARMAC<br \/>\nCARBON SEAT POST, FACT Carbon, 20mm offset<br \/>\nSADDLE<br \/>\nBody Geometry Power Sport, trilhos de<br \/>\na\u00e7o TAPE Roubaix S-Wrap<br \/>\nSpecialized Shallow Drop HANDLEBAR<\/p>\n<p>, 6061, 70x125mm, 31.8mm clamp<br \/>\nSTEM Tarmac haste integrada, 6 graus<br \/>\nBRAZE<br \/>\n. SELIM<br \/>\nCunha integrada na pista<br \/>\nPRATOS<br \/>\n52\/36T<br \/>\nCONTROLOS DE MUDAN\u00c7A DE VELOCIDADE<br \/>\nShimano 105, CASSETTE Mec\u00e2nico de 12 velocidades Shimano 105, 12 velocidades, 11-34t<\/p>\n<p>SUPORTE INFERIOR<br \/>\nShimano 105, 12 velocidades<br \/>\nDESVIADOR<br \/>\nShimano 105, Braze-on<br \/>\nMUDAN\u00c7A<br \/>\nShimano 105, 12 velocidades Mec\u00e2nica<br \/>\nCADEIA<br \/>\nShimano SLX M7100, 12 velocidades com liga\u00e7\u00e3o r\u00e1pida<br \/>\nSUPORTE INFERIOR<br \/>\nShimano BSA BB roscado<br \/>\nRODA DIANTEIRA<br \/>\nDT R470 Disco RODA TRASEIRA<br \/>\nDT R470 Disco<br \/>\nTUBOS<br \/>\nPresta V\u00e1lvula Standard, 48mm v\u00e1lvulas<br \/>\nPNEU DIANTEIRO.<\/p>\n<p>Turbo Pro, 700&#215;26<br \/>\nPNEU TRASEIRO<br \/>\nTurbo Pro, 700&#215;26<br \/>\nGARFO<br \/>\nFACTO Carbono, eixo triplo de 12x100mm, disco de montagem plana<br \/>\nIMAGEM<br \/>\nTarmac SL7 FACT 9r Carbon, Rider First Engineered\u2122, Win Tunnel Engineered, Roteamento Limpo, BB Roscado, eixo thru 12x142mm, disco de montagem plana<br \/>\nTRAV\u00c3O DIANTEIRO<br \/>\nShimano 105, Disco hidr\u00e1ulico<br \/>\nTRAV\u00c3O TRASEIRO<br \/>\nShimano 105, Disco hidr\u00e1ulico<\/p>\n<p>* Os pesos baseiam-se em fotografias de produ\u00e7\u00e3o pintadas, tal como indicado na imagem. Os pesos reais variam consoante a cor, o tamanho do quadro e a varia\u00e7\u00e3o dos componentes. As especifica\u00e7\u00f5es est\u00e3o sujeitas a altera\u00e7\u00f5es sem aviso pr\u00e9vio.<\/p>\n","protected":false},"excerpt":{"rendered":"<p>Com um quadro leve Rider-First Engineered\u2122 oferece as melhores caracter\u00edsticas de condu\u00e7\u00e3o poss\u00edveis, independentemente do tamanho.<br \/>\nPor isso, independentemente do que planeou para a sua Tarmac, esta est\u00e1 pronta para o ajudar a atingir os seus objetivos: Melhores Pessoais, KOMs ou p\u00f3dios.<br \/>\nUma bicicleta para dominar todos eles.  <\/p>\n","protected":false},"featured_media":306540,"comment_status":"closed","ping_status":"closed","template":"","meta":{"_acf_changed":false,"_et_pb_use_builder":"","_et_pb_old_content":"","_et_gb_content_width":"","inline_featured_image":false},"product_brand":[],"product_cat":[2459,378,2483,2460,3031,2696],"product_tag":[],"class_list":{"0":"post-382894","1":"product","2":"type-product","3":"status-publish","4":"has-post-thumbnail","6":"product_cat-bicicletas-pt-pt-2","7":"product_cat-estrada","8":"product_cat-bicicletas-especializadas","9":"product_cat-ofertas-pt-pt","10":"product_cat-oferta-rodoviaria","11":"product_cat-ofertas-especializadas","12":"product_shipping_class-bicicletas-pt-pt","14":"first","15":"outofstock","16":"taxable","17":"shipping-taxable","18":"product-type-variable","19":"wvs-archive-product-wrapper"},"acf":[],"yoast_head":"<!-- This site is optimized with the Yoast SEO Premium plugin v26.7 (Yoast SEO v26.7) - https:\/\/yoast.com\/wordpress\/plugins\/seo\/ -->\n<title>Specialized Tarmac SL7 Sport - Shimano 105 2024 GR-100<\/title>\n<meta name=\"description\" content=\"A Tarmac SL7 Sport - Shimano 105 foi concebida para ser r\u00e1pida, n\u00e3o h\u00e1 d\u00favida disso, mas representa muito mais do que proeza aerodin\u00e2mica.\" \/>\n<meta name=\"robots\" content=\"index, follow, max-snippet:-1, max-image-preview:large, max-video-preview:-1\" \/>\n<link rel=\"canonical\" href=\"https:\/\/gr-100.com\/pt-pt\/producto\/specialized-tarmac-sl7-sport-shimano-105-2024\/\" \/>\n<meta property=\"og:locale\" content=\"pt_PT\" \/>\n<meta property=\"og:type\" content=\"article\" \/>\n<meta property=\"og:title\" content=\"Specialized Tarmac SL7 Sport - Shimano 105 2024\" \/>\n<meta property=\"og:description\" content=\"A Tarmac SL7 Sport - Shimano 105 foi concebida para ser r\u00e1pida, n\u00e3o h\u00e1 d\u00favida disso, mas representa muito mais do que proeza aerodin\u00e2mica.\" \/>\n<meta property=\"og:url\" content=\"https:\/\/gr-100.com\/pt-pt\/producto\/specialized-tarmac-sl7-sport-shimano-105-2024\/\" \/>\n<meta property=\"og:site_name\" content=\"Gr-100 Tienda de ciclismo Specialized\" \/>\n<meta property=\"article:publisher\" content=\"https:\/\/www.facebook.com\/Gr100Bikes\" \/>\n<meta property=\"article:modified_time\" content=\"2025-09-22T14:25:50+00:00\" \/>\n<meta property=\"og:image\" content=\"https:\/\/gr-100.com\/wp-content\/uploads\/2024\/05\/Tarmac-SL7-Sport-Shimano-105-1.jpg\" \/>\n\t<meta property=\"og:image:width\" content=\"1000\" \/>\n\t<meta property=\"og:image:height\" content=\"1000\" \/>\n\t<meta property=\"og:image:type\" content=\"image\/jpeg\" \/>\n<meta name=\"twitter:card\" content=\"summary_large_image\" \/>\n<meta name=\"twitter:label1\" content=\"Tempo estimado de leitura\" \/>\n\t<meta name=\"twitter:data1\" content=\"3 minutos\" \/>\n<script type=\"application\/ld+json\" class=\"yoast-schema-graph\">{\"@context\":\"https:\/\/schema.org\",\"@graph\":[{\"@type\":\"WebPage\",\"@id\":\"https:\/\/gr-100.com\/pt-pt\/producto\/specialized-tarmac-sl7-sport-shimano-105-2024\/\",\"url\":\"https:\/\/gr-100.com\/pt-pt\/producto\/specialized-tarmac-sl7-sport-shimano-105-2024\/\",\"name\":\"Specialized Tarmac SL7 Sport - Shimano 105 2024 GR-100\",\"isPartOf\":{\"@id\":\"https:\/\/gr-100.com\/#website\"},\"primaryImageOfPage\":{\"@id\":\"https:\/\/gr-100.com\/pt-pt\/producto\/specialized-tarmac-sl7-sport-shimano-105-2024\/#primaryimage\"},\"image\":{\"@id\":\"https:\/\/gr-100.com\/pt-pt\/producto\/specialized-tarmac-sl7-sport-shimano-105-2024\/#primaryimage\"},\"thumbnailUrl\":\"https:\/\/gr-100.com\/wp-content\/uploads\/2024\/05\/Tarmac-SL7-Sport-Shimano-105-1.jpg\",\"datePublished\":\"2024-07-01T12:35:46+00:00\",\"dateModified\":\"2025-09-22T14:25:50+00:00\",\"description\":\"A Tarmac SL7 Sport - Shimano 105 foi concebida para ser r\u00e1pida, n\u00e3o h\u00e1 d\u00favida disso, mas representa muito mais do que proeza aerodin\u00e2mica.\",\"breadcrumb\":{\"@id\":\"https:\/\/gr-100.com\/pt-pt\/producto\/specialized-tarmac-sl7-sport-shimano-105-2024\/#breadcrumb\"},\"inLanguage\":\"pt-PT\",\"potentialAction\":[{\"@type\":\"ReadAction\",\"target\":[\"https:\/\/gr-100.com\/pt-pt\/producto\/specialized-tarmac-sl7-sport-shimano-105-2024\/\"]}]},{\"@type\":\"ImageObject\",\"inLanguage\":\"pt-PT\",\"@id\":\"https:\/\/gr-100.com\/pt-pt\/producto\/specialized-tarmac-sl7-sport-shimano-105-2024\/#primaryimage\",\"url\":\"https:\/\/gr-100.com\/wp-content\/uploads\/2024\/05\/Tarmac-SL7-Sport-Shimano-105-1.jpg\",\"contentUrl\":\"https:\/\/gr-100.com\/wp-content\/uploads\/2024\/05\/Tarmac-SL7-Sport-Shimano-105-1.jpg\",\"width\":1000,\"height\":1000},{\"@type\":\"BreadcrumbList\",\"@id\":\"https:\/\/gr-100.com\/pt-pt\/producto\/specialized-tarmac-sl7-sport-shimano-105-2024\/#breadcrumb\",\"itemListElement\":[{\"@type\":\"ListItem\",\"position\":1,\"name\":\"Portada\",\"item\":\"https:\/\/gr-100.com\/en\/\"},{\"@type\":\"ListItem\",\"position\":2,\"name\":\"Productos\",\"item\":\"https:\/\/gr-100.com\/?post_type=product\"},{\"@type\":\"ListItem\",\"position\":3,\"name\":\"Specialized Tarmac SL7 Sport &#8211; Shimano 105 2024\"}]},{\"@type\":\"WebSite\",\"@id\":\"https:\/\/gr-100.com\/#website\",\"url\":\"https:\/\/gr-100.com\/\",\"name\":\"Gr-100 Tienda de ciclismo Specialized\",\"description\":\"GR-100 tenemos todas las gamas de bicicletas Specialized al mejor precio.\",\"publisher\":{\"@id\":\"https:\/\/gr-100.com\/#organization\"},\"alternateName\":\"Gr-100 Bikes\",\"potentialAction\":[{\"@type\":\"SearchAction\",\"target\":{\"@type\":\"EntryPoint\",\"urlTemplate\":\"https:\/\/gr-100.com\/?s={search_term_string}\"},\"query-input\":{\"@type\":\"PropertyValueSpecification\",\"valueRequired\":true,\"valueName\":\"search_term_string\"}}],\"inLanguage\":\"pt-PT\"},{\"@type\":\"Organization\",\"@id\":\"https:\/\/gr-100.com\/#organization\",\"name\":\"Gr-100\",\"url\":\"https:\/\/gr-100.com\/\",\"logo\":{\"@type\":\"ImageObject\",\"inLanguage\":\"pt-PT\",\"@id\":\"https:\/\/gr-100.com\/#\/schema\/logo\/image\/\",\"url\":\"https:\/\/gr-100.com\/wp-content\/uploads\/2023\/08\/logo-gr-100-bikes.png\",\"contentUrl\":\"https:\/\/gr-100.com\/wp-content\/uploads\/2023\/08\/logo-gr-100-bikes.png\",\"width\":707,\"height\":284,\"caption\":\"Gr-100\"},\"image\":{\"@id\":\"https:\/\/gr-100.com\/#\/schema\/logo\/image\/\"},\"sameAs\":[\"https:\/\/www.facebook.com\/Gr100Bikes\",\"https:\/\/www.instagram.com\/gr100bikes\/\",\"https:\/\/www.tiktok.com\/@gr100bikes\",\"https:\/\/twitter.com\/gr100mtbteam\",\"https:\/\/www.youtube.com\/c\/GR100Specialized\"]}]}<\/script>\n<!-- \/ Yoast SEO Premium plugin. -->","yoast_head_json":{"title":"Specialized Tarmac SL7 Sport - Shimano 105 2024 GR-100","description":"A Tarmac SL7 Sport - Shimano 105 foi concebida para ser r\u00e1pida, n\u00e3o h\u00e1 d\u00favida disso, mas representa muito mais do que proeza aerodin\u00e2mica.","robots":{"index":"index","follow":"follow","max-snippet":"max-snippet:-1","max-image-preview":"max-image-preview:large","max-video-preview":"max-video-preview:-1"},"canonical":"https:\/\/gr-100.com\/pt-pt\/producto\/specialized-tarmac-sl7-sport-shimano-105-2024\/","og_locale":"pt_PT","og_type":"article","og_title":"Specialized Tarmac SL7 Sport - Shimano 105 2024","og_description":"A Tarmac SL7 Sport - Shimano 105 foi concebida para ser r\u00e1pida, n\u00e3o h\u00e1 d\u00favida disso, mas representa muito mais do que proeza aerodin\u00e2mica.","og_url":"https:\/\/gr-100.com\/pt-pt\/producto\/specialized-tarmac-sl7-sport-shimano-105-2024\/","og_site_name":"Gr-100 Tienda de ciclismo Specialized","article_publisher":"https:\/\/www.facebook.com\/Gr100Bikes","article_modified_time":"2025-09-22T14:25:50+00:00","og_image":[{"width":1000,"height":1000,"url":"https:\/\/gr-100.com\/wp-content\/uploads\/2024\/05\/Tarmac-SL7-Sport-Shimano-105-1.jpg","type":"image\/jpeg"}],"twitter_card":"summary_large_image","twitter_misc":{"Tempo estimado de leitura":"3 minutos"},"schema":{"@context":"https:\/\/schema.org","@graph":[{"@type":"WebPage","@id":"https:\/\/gr-100.com\/pt-pt\/producto\/specialized-tarmac-sl7-sport-shimano-105-2024\/","url":"https:\/\/gr-100.com\/pt-pt\/producto\/specialized-tarmac-sl7-sport-shimano-105-2024\/","name":"Specialized Tarmac SL7 Sport - Shimano 105 2024 GR-100","isPartOf":{"@id":"https:\/\/gr-100.com\/#website"},"primaryImageOfPage":{"@id":"https:\/\/gr-100.com\/pt-pt\/producto\/specialized-tarmac-sl7-sport-shimano-105-2024\/#primaryimage"},"image":{"@id":"https:\/\/gr-100.com\/pt-pt\/producto\/specialized-tarmac-sl7-sport-shimano-105-2024\/#primaryimage"},"thumbnailUrl":"https:\/\/gr-100.com\/wp-content\/uploads\/2024\/05\/Tarmac-SL7-Sport-Shimano-105-1.jpg","datePublished":"2024-07-01T12:35:46+00:00","dateModified":"2025-09-22T14:25:50+00:00","description":"A Tarmac SL7 Sport - Shimano 105 foi concebida para ser r\u00e1pida, n\u00e3o h\u00e1 d\u00favida disso, mas representa muito mais do que proeza aerodin\u00e2mica.","breadcrumb":{"@id":"https:\/\/gr-100.com\/pt-pt\/producto\/specialized-tarmac-sl7-sport-shimano-105-2024\/#breadcrumb"},"inLanguage":"pt-PT","potentialAction":[{"@type":"ReadAction","target":["https:\/\/gr-100.com\/pt-pt\/producto\/specialized-tarmac-sl7-sport-shimano-105-2024\/"]}]},{"@type":"ImageObject","inLanguage":"pt-PT","@id":"https:\/\/gr-100.com\/pt-pt\/producto\/specialized-tarmac-sl7-sport-shimano-105-2024\/#primaryimage","url":"https:\/\/gr-100.com\/wp-content\/uploads\/2024\/05\/Tarmac-SL7-Sport-Shimano-105-1.jpg","contentUrl":"https:\/\/gr-100.com\/wp-content\/uploads\/2024\/05\/Tarmac-SL7-Sport-Shimano-105-1.jpg","width":1000,"height":1000},{"@type":"BreadcrumbList","@id":"https:\/\/gr-100.com\/pt-pt\/producto\/specialized-tarmac-sl7-sport-shimano-105-2024\/#breadcrumb","itemListElement":[{"@type":"ListItem","position":1,"name":"Portada","item":"https:\/\/gr-100.com\/en\/"},{"@type":"ListItem","position":2,"name":"Productos","item":"https:\/\/gr-100.com\/?post_type=product"},{"@type":"ListItem","position":3,"name":"Specialized Tarmac SL7 Sport &#8211; Shimano 105 2024"}]},{"@type":"WebSite","@id":"https:\/\/gr-100.com\/#website","url":"https:\/\/gr-100.com\/","name":"Gr-100 Tienda de ciclismo Specialized","description":"GR-100 tenemos todas las gamas de bicicletas Specialized al mejor precio.","publisher":{"@id":"https:\/\/gr-100.com\/#organization"},"alternateName":"Gr-100 Bikes","potentialAction":[{"@type":"SearchAction","target":{"@type":"EntryPoint","urlTemplate":"https:\/\/gr-100.com\/?s={search_term_string}"},"query-input":{"@type":"PropertyValueSpecification","valueRequired":true,"valueName":"search_term_string"}}],"inLanguage":"pt-PT"},{"@type":"Organization","@id":"https:\/\/gr-100.com\/#organization","name":"Gr-100","url":"https:\/\/gr-100.com\/","logo":{"@type":"ImageObject","inLanguage":"pt-PT","@id":"https:\/\/gr-100.com\/#\/schema\/logo\/image\/","url":"https:\/\/gr-100.com\/wp-content\/uploads\/2023\/08\/logo-gr-100-bikes.png","contentUrl":"https:\/\/gr-100.com\/wp-content\/uploads\/2023\/08\/logo-gr-100-bikes.png","width":707,"height":284,"caption":"Gr-100"},"image":{"@id":"https:\/\/gr-100.com\/#\/schema\/logo\/image\/"},"sameAs":["https:\/\/www.facebook.com\/Gr100Bikes","https:\/\/www.instagram.com\/gr100bikes\/","https:\/\/www.tiktok.com\/@gr100bikes","https:\/\/twitter.com\/gr100mtbteam","https:\/\/www.youtube.com\/c\/GR100Specialized"]}]}},"_links":{"self":[{"href":"https:\/\/gr-100.com\/pt-pt\/wp-json\/wp\/v2\/product\/382894","targetHints":{"allow":["GET"]}}],"collection":[{"href":"https:\/\/gr-100.com\/pt-pt\/wp-json\/wp\/v2\/product"}],"about":[{"href":"https:\/\/gr-100.com\/pt-pt\/wp-json\/wp\/v2\/types\/product"}],"replies":[{"embeddable":true,"href":"https:\/\/gr-100.com\/pt-pt\/wp-json\/wp\/v2\/comments?post=382894"}],"wp:featuredmedia":[{"embeddable":true,"href":"https:\/\/gr-100.com\/pt-pt\/wp-json\/wp\/v2\/media\/306540"}],"wp:attachment":[{"href":"https:\/\/gr-100.com\/pt-pt\/wp-json\/wp\/v2\/media?parent=382894"}],"wp:term":[{"taxonomy":"product_brand","embeddable":true,"href":"https:\/\/gr-100.com\/pt-pt\/wp-json\/wp\/v2\/product_brand?post=382894"},{"taxonomy":"product_cat","embeddable":true,"href":"https:\/\/gr-100.com\/pt-pt\/wp-json\/wp\/v2\/product_cat?post=382894"},{"taxonomy":"product_tag","embeddable":true,"href":"https:\/\/gr-100.com\/pt-pt\/wp-json\/wp\/v2\/product_tag?post=382894"}],"curies":[{"name":"wp","href":"https:\/\/api.w.org\/{rel}","templated":true}]}}