{"id":382943,"date":"2024-07-01T14:31:48","date_gmt":"2024-07-01T12:31:48","guid":{"rendered":"https:\/\/gr-100.com\/producto\/especializada-aethos-sport-shimano-105-2024\/"},"modified":"2025-09-22T15:44:58","modified_gmt":"2025-09-22T13:44:58","slug":"especializada-aethos-sport-shimano-105-2024","status":"publish","type":"product","link":"https:\/\/gr-100.com\/pt-pt\/producto\/especializada-aethos-sport-shimano-105-2024\/","title":{"rendered":"Specialized Aethos Esporte &#8211; Shimano 105 2024"},"content":{"rendered":"<ul>\n<li>O quadro do Aethos foi concebido com a combina\u00e7\u00e3o perfeita de sensa\u00e7\u00e3o de condu\u00e7\u00e3o, leveza e estilo: desde acelerar em declives \u00edngremes e descidas t\u00e9cnicas, at\u00e9 ao conforto durante todo o dia no selim, mesmo nos percursos mais longos, o Aethos acerta em cheio.<br \/>\nMas como?<br \/>\nReinventando a forma tradicional da bicicleta de estrada do passado, alter\u00e1mos subtilmente estas formas para proporcionar enormes ganhos em rigidez e equil\u00edbrio, tudo sem comprometer o peso ou a durabilidade.<br \/>\nAdicione a isso um processo de lamina\u00e7\u00e3o completamente novo que aperfei\u00e7oamos ao longo de d\u00e9cadas, e voc\u00ea obt\u00e9m o quadro mais leve do mercado (585 S-Works, tamanho 56cm).<br \/>\nA Aethos \u00e9 mais do que apenas uma moto nova, \u00e9 a primeira de uma nova classe.    <\/li>\n<li>Um quadro leve \u00e9 in\u00fatil sem caracter\u00edsticas de condu\u00e7\u00e3o inspiradoras de confian\u00e7a, raz\u00e3o pela qual desenvolvemos o Aethos para ter o equil\u00edbrio perfeito entre rigidez dianteira e traseira combinada com uma qualidade de condu\u00e7\u00e3o excecional.<br \/>\nAo estudar a flex\u00e3o e o comportamento da fibra de carbono, fomos capazes de descobrir como as for\u00e7as fluem atrav\u00e9s dos quadros.<br \/>\nCom apenas algumas pedaladas ir\u00e1 perceber que este passeio sublime estabelece um novo padr\u00e3o.  <\/li>\n<li>Cada detalhe, desde o gancho derailleur at\u00e9 a tampa expansora do garfo, foi projetado com estilo, peso e durabilidade em mente.<br \/>\nTamb\u00e9m o equipamos com Roval em carbono Alpinist da Roval, que poupa ainda mais peso e melhora as caracter\u00edsticas de condu\u00e7\u00e3o.<br \/>\nTudo em busca da condu\u00e7\u00e3o perfeita.  <\/li>\n<li><strong>Especifica\u00e7\u00f5es t\u00e9cnicas<\/strong><\/li>\n<li>PLATOS<br \/>\n50\/34T<\/li>\n<li>Shimano 105, SHIFTERS<br \/>\nShimano mec\u00e2nicos de 12 velocidades<\/li>\n<li>Shimano 105 CASSETTE,<br \/>\n 12 velocidades, 11-34t<\/li>\n<li>FC-R7100 SUPORTE INFERIOR,<br \/>\n 105, 12 velocidades, Holllowtech 2<\/li>\n<li>DERAILLEUR<br \/>\n FRONTALShimano 105, Braze-on<\/li>\n<li>C\u00c2MBIO TRASEIRO<br \/>\nShimano 105, 12 velocidades Mec\u00e2nico<\/li>\n<li>Shimano SLX CHAIN<br \/>\n, M7100, 12 velocidades<\/li>\n<li>Suporte inferior<br \/>\n Shimano Threaded BSA BB<\/li>\n<li>Body Geometry Power Sport SADDLE,<br \/>\n calhas de a\u00e7o<\/li>\n<li>Supacaz Super Fita Kush Pegajosa\n<\/li>\n<li>Roval de assento de carbono Roval Alpinist\n<\/li>\n<li>ABRA\u00c7O. Specialized SADDLE<br \/>\n, 30mm<\/li>\n<li>STEM<br \/>\nSpecialized Pro SL, liga, 4 parafusos<\/li>\n<li>Specialized<br \/>\n de queda rasa especializado, 6061, 70x125mm, grampo de 31,8 mm<\/li>\n<li>DT R470 Disco RODA DIANTEIRA\n<\/li>\n<li>DT R470 Disco RODA TRASEIRA\n<\/li>\n<li>C\u00c2MARAS<br \/>\nPresta Valve Standard, v\u00e1lvulas de 48mm<\/li>\n<li>PNEU.<br \/>\nTurbo Pro, 700&#215;28<\/li>\n<li>Pneu<br \/>\n TRASEIRO Turbo Pro, 700&#215;28<\/li>\n<li>FACTO Garfo de<br \/>\n carbono, eixo thru de 12x100mm, disco de montagem plana<\/li>\n<li>Aethos FACT 9R Carbon FRAME<br \/>\n, Rider First Engineered\u2122, Threaded BB, 12x142mm thru-axle, disco de montagem plana<\/li>\n<li>FREIO DIANTEIRO<br \/>\nShimano 105, Disco hidr\u00e1ulico<\/li>\n<li>FREIO TRASEIRO<br \/>\nShimano 105, Disco hidr\u00e1ulico<\/li>\n<li>PESO<br \/>\n7.80kg (17 lb, 3.1 oz) Tamanho 56<\/li>\n<\/ul>\n<p>* Os pesos baseiam-se em fotografias de produ\u00e7\u00e3o pintadas, tal como indicado na imagem. Os pesos reais variam consoante a cor, o tamanho do quadro e a varia\u00e7\u00e3o dos componentes. As especifica\u00e7\u00f5es est\u00e3o sujeitas a altera\u00e7\u00f5es sem aviso pr\u00e9vio.<\/p>\n","protected":false},"excerpt":{"rendered":"<p>Com uma alavanca de velocidades Shimano 105 de baixa manuten\u00e7\u00e3o e trav\u00f5es de disco hidr\u00e1ulicos combinados com jantes de disco DT Swiss R470 \u00e0 prova de bombas, tem o corcel perfeito para se entusiasmar na estrada.<\/p>\n","protected":false},"featured_media":306307,"comment_status":"closed","ping_status":"closed","template":"","meta":{"_acf_changed":false,"_et_pb_use_builder":"","_et_pb_old_content":"","_et_gb_content_width":"","inline_featured_image":false},"product_brand":[],"product_cat":[2459,378,2483,2696],"product_tag":[],"class_list":{"0":"post-382943","1":"product","2":"type-product","3":"status-publish","4":"has-post-thumbnail","6":"product_cat-bicicletas-pt-pt-2","7":"product_cat-estrada","8":"product_cat-bicicletas-especializadas","9":"product_cat-ofertas-especializadas","10":"product_shipping_class-bicicletas-pt-pt","12":"first","13":"outofstock","14":"taxable","15":"shipping-taxable","16":"product-type-variable","17":"wvs-archive-product-wrapper"},"acf":[],"yoast_head":"<!-- This site is optimized with the Yoast SEO Premium plugin v26.7 (Yoast SEO v26.7) - https:\/\/yoast.com\/wordpress\/plugins\/seo\/ -->\n<title>GR-100 Specialized Aethos Sport - Shimano 105 2024<\/title>\n<meta name=\"description\" content=\"A linha Aethos promete tr\u00eas coisas: excecional leveza, caracter\u00edsticas de condu\u00e7\u00e3o perfeitamente equilibradas e estilo ineg\u00e1vel, e este Aethos\" \/>\n<meta name=\"robots\" content=\"index, follow, max-snippet:-1, max-image-preview:large, max-video-preview:-1\" \/>\n<link rel=\"canonical\" href=\"https:\/\/gr-100.com\/pt-pt\/producto\/especializada-aethos-sport-shimano-105-2024\/\" \/>\n<meta property=\"og:locale\" content=\"pt_PT\" \/>\n<meta property=\"og:type\" content=\"article\" \/>\n<meta property=\"og:title\" content=\"Specialized Aethos Esporte - Shimano 105 2024\" \/>\n<meta property=\"og:description\" content=\"A linha Aethos promete tr\u00eas coisas: excecional leveza, caracter\u00edsticas de condu\u00e7\u00e3o perfeitamente equilibradas e estilo ineg\u00e1vel, e este Aethos\" \/>\n<meta property=\"og:url\" content=\"https:\/\/gr-100.com\/pt-pt\/producto\/especializada-aethos-sport-shimano-105-2024\/\" \/>\n<meta property=\"og:site_name\" content=\"Gr-100 Tienda de ciclismo Specialized\" \/>\n<meta property=\"article:publisher\" content=\"https:\/\/www.facebook.com\/Gr100Bikes\" \/>\n<meta property=\"article:modified_time\" content=\"2025-09-22T13:44:58+00:00\" \/>\n<meta property=\"og:image\" content=\"https:\/\/gr-100.com\/wp-content\/uploads\/2024\/05\/aethos_sport_2.jpg\" \/>\n\t<meta property=\"og:image:width\" content=\"1080\" \/>\n\t<meta property=\"og:image:height\" content=\"1080\" \/>\n\t<meta property=\"og:image:type\" content=\"image\/jpeg\" \/>\n<meta name=\"twitter:card\" content=\"summary_large_image\" \/>\n<meta name=\"twitter:label1\" content=\"Tempo estimado de leitura\" \/>\n\t<meta name=\"twitter:data1\" content=\"2 minutos\" \/>\n<script type=\"application\/ld+json\" class=\"yoast-schema-graph\">{\"@context\":\"https:\/\/schema.org\",\"@graph\":[{\"@type\":\"WebPage\",\"@id\":\"https:\/\/gr-100.com\/pt-pt\/producto\/especializada-aethos-sport-shimano-105-2024\/\",\"url\":\"https:\/\/gr-100.com\/pt-pt\/producto\/especializada-aethos-sport-shimano-105-2024\/\",\"name\":\"GR-100 Specialized Aethos Sport - Shimano 105 2024\",\"isPartOf\":{\"@id\":\"https:\/\/gr-100.com\/#website\"},\"primaryImageOfPage\":{\"@id\":\"https:\/\/gr-100.com\/pt-pt\/producto\/especializada-aethos-sport-shimano-105-2024\/#primaryimage\"},\"image\":{\"@id\":\"https:\/\/gr-100.com\/pt-pt\/producto\/especializada-aethos-sport-shimano-105-2024\/#primaryimage\"},\"thumbnailUrl\":\"https:\/\/gr-100.com\/wp-content\/uploads\/2024\/05\/aethos_sport_2.jpg\",\"datePublished\":\"2024-07-01T12:31:48+00:00\",\"dateModified\":\"2025-09-22T13:44:58+00:00\",\"description\":\"A linha Aethos promete tr\u00eas coisas: excecional leveza, caracter\u00edsticas de condu\u00e7\u00e3o perfeitamente equilibradas e estilo ineg\u00e1vel, e este Aethos\",\"breadcrumb\":{\"@id\":\"https:\/\/gr-100.com\/pt-pt\/producto\/especializada-aethos-sport-shimano-105-2024\/#breadcrumb\"},\"inLanguage\":\"pt-PT\",\"potentialAction\":[{\"@type\":\"ReadAction\",\"target\":[\"https:\/\/gr-100.com\/pt-pt\/producto\/especializada-aethos-sport-shimano-105-2024\/\"]}]},{\"@type\":\"ImageObject\",\"inLanguage\":\"pt-PT\",\"@id\":\"https:\/\/gr-100.com\/pt-pt\/producto\/especializada-aethos-sport-shimano-105-2024\/#primaryimage\",\"url\":\"https:\/\/gr-100.com\/wp-content\/uploads\/2024\/05\/aethos_sport_2.jpg\",\"contentUrl\":\"https:\/\/gr-100.com\/wp-content\/uploads\/2024\/05\/aethos_sport_2.jpg\",\"width\":1080,\"height\":1080},{\"@type\":\"BreadcrumbList\",\"@id\":\"https:\/\/gr-100.com\/pt-pt\/producto\/especializada-aethos-sport-shimano-105-2024\/#breadcrumb\",\"itemListElement\":[{\"@type\":\"ListItem\",\"position\":1,\"name\":\"Portada\",\"item\":\"https:\/\/gr-100.com\/en\/\"},{\"@type\":\"ListItem\",\"position\":2,\"name\":\"Productos\",\"item\":\"https:\/\/gr-100.com\/?post_type=product\"},{\"@type\":\"ListItem\",\"position\":3,\"name\":\"Specialized Aethos Esporte &#8211; Shimano 105 2024\"}]},{\"@type\":\"WebSite\",\"@id\":\"https:\/\/gr-100.com\/#website\",\"url\":\"https:\/\/gr-100.com\/\",\"name\":\"Gr-100 Tienda de ciclismo Specialized\",\"description\":\"GR-100 tenemos todas las gamas de bicicletas Specialized al mejor precio.\",\"publisher\":{\"@id\":\"https:\/\/gr-100.com\/#organization\"},\"alternateName\":\"Gr-100 Bikes\",\"potentialAction\":[{\"@type\":\"SearchAction\",\"target\":{\"@type\":\"EntryPoint\",\"urlTemplate\":\"https:\/\/gr-100.com\/?s={search_term_string}\"},\"query-input\":{\"@type\":\"PropertyValueSpecification\",\"valueRequired\":true,\"valueName\":\"search_term_string\"}}],\"inLanguage\":\"pt-PT\"},{\"@type\":\"Organization\",\"@id\":\"https:\/\/gr-100.com\/#organization\",\"name\":\"Gr-100\",\"url\":\"https:\/\/gr-100.com\/\",\"logo\":{\"@type\":\"ImageObject\",\"inLanguage\":\"pt-PT\",\"@id\":\"https:\/\/gr-100.com\/#\/schema\/logo\/image\/\",\"url\":\"https:\/\/gr-100.com\/wp-content\/uploads\/2023\/08\/logo-gr-100-bikes.png\",\"contentUrl\":\"https:\/\/gr-100.com\/wp-content\/uploads\/2023\/08\/logo-gr-100-bikes.png\",\"width\":707,\"height\":284,\"caption\":\"Gr-100\"},\"image\":{\"@id\":\"https:\/\/gr-100.com\/#\/schema\/logo\/image\/\"},\"sameAs\":[\"https:\/\/www.facebook.com\/Gr100Bikes\",\"https:\/\/www.instagram.com\/gr100bikes\/\",\"https:\/\/www.tiktok.com\/@gr100bikes\",\"https:\/\/twitter.com\/gr100mtbteam\",\"https:\/\/www.youtube.com\/c\/GR100Specialized\"]}]}<\/script>\n<!-- \/ Yoast SEO Premium plugin. -->","yoast_head_json":{"title":"GR-100 Specialized Aethos Sport - Shimano 105 2024","description":"A linha Aethos promete tr\u00eas coisas: excecional leveza, caracter\u00edsticas de condu\u00e7\u00e3o perfeitamente equilibradas e estilo ineg\u00e1vel, e este Aethos","robots":{"index":"index","follow":"follow","max-snippet":"max-snippet:-1","max-image-preview":"max-image-preview:large","max-video-preview":"max-video-preview:-1"},"canonical":"https:\/\/gr-100.com\/pt-pt\/producto\/especializada-aethos-sport-shimano-105-2024\/","og_locale":"pt_PT","og_type":"article","og_title":"Specialized Aethos Esporte - Shimano 105 2024","og_description":"A linha Aethos promete tr\u00eas coisas: excecional leveza, caracter\u00edsticas de condu\u00e7\u00e3o perfeitamente equilibradas e estilo ineg\u00e1vel, e este Aethos","og_url":"https:\/\/gr-100.com\/pt-pt\/producto\/especializada-aethos-sport-shimano-105-2024\/","og_site_name":"Gr-100 Tienda de ciclismo Specialized","article_publisher":"https:\/\/www.facebook.com\/Gr100Bikes","article_modified_time":"2025-09-22T13:44:58+00:00","og_image":[{"width":1080,"height":1080,"url":"https:\/\/gr-100.com\/wp-content\/uploads\/2024\/05\/aethos_sport_2.jpg","type":"image\/jpeg"}],"twitter_card":"summary_large_image","twitter_misc":{"Tempo estimado de leitura":"2 minutos"},"schema":{"@context":"https:\/\/schema.org","@graph":[{"@type":"WebPage","@id":"https:\/\/gr-100.com\/pt-pt\/producto\/especializada-aethos-sport-shimano-105-2024\/","url":"https:\/\/gr-100.com\/pt-pt\/producto\/especializada-aethos-sport-shimano-105-2024\/","name":"GR-100 Specialized Aethos Sport - Shimano 105 2024","isPartOf":{"@id":"https:\/\/gr-100.com\/#website"},"primaryImageOfPage":{"@id":"https:\/\/gr-100.com\/pt-pt\/producto\/especializada-aethos-sport-shimano-105-2024\/#primaryimage"},"image":{"@id":"https:\/\/gr-100.com\/pt-pt\/producto\/especializada-aethos-sport-shimano-105-2024\/#primaryimage"},"thumbnailUrl":"https:\/\/gr-100.com\/wp-content\/uploads\/2024\/05\/aethos_sport_2.jpg","datePublished":"2024-07-01T12:31:48+00:00","dateModified":"2025-09-22T13:44:58+00:00","description":"A linha Aethos promete tr\u00eas coisas: excecional leveza, caracter\u00edsticas de condu\u00e7\u00e3o perfeitamente equilibradas e estilo ineg\u00e1vel, e este Aethos","breadcrumb":{"@id":"https:\/\/gr-100.com\/pt-pt\/producto\/especializada-aethos-sport-shimano-105-2024\/#breadcrumb"},"inLanguage":"pt-PT","potentialAction":[{"@type":"ReadAction","target":["https:\/\/gr-100.com\/pt-pt\/producto\/especializada-aethos-sport-shimano-105-2024\/"]}]},{"@type":"ImageObject","inLanguage":"pt-PT","@id":"https:\/\/gr-100.com\/pt-pt\/producto\/especializada-aethos-sport-shimano-105-2024\/#primaryimage","url":"https:\/\/gr-100.com\/wp-content\/uploads\/2024\/05\/aethos_sport_2.jpg","contentUrl":"https:\/\/gr-100.com\/wp-content\/uploads\/2024\/05\/aethos_sport_2.jpg","width":1080,"height":1080},{"@type":"BreadcrumbList","@id":"https:\/\/gr-100.com\/pt-pt\/producto\/especializada-aethos-sport-shimano-105-2024\/#breadcrumb","itemListElement":[{"@type":"ListItem","position":1,"name":"Portada","item":"https:\/\/gr-100.com\/en\/"},{"@type":"ListItem","position":2,"name":"Productos","item":"https:\/\/gr-100.com\/?post_type=product"},{"@type":"ListItem","position":3,"name":"Specialized Aethos Esporte &#8211; Shimano 105 2024"}]},{"@type":"WebSite","@id":"https:\/\/gr-100.com\/#website","url":"https:\/\/gr-100.com\/","name":"Gr-100 Tienda de ciclismo Specialized","description":"GR-100 tenemos todas las gamas de bicicletas Specialized al mejor precio.","publisher":{"@id":"https:\/\/gr-100.com\/#organization"},"alternateName":"Gr-100 Bikes","potentialAction":[{"@type":"SearchAction","target":{"@type":"EntryPoint","urlTemplate":"https:\/\/gr-100.com\/?s={search_term_string}"},"query-input":{"@type":"PropertyValueSpecification","valueRequired":true,"valueName":"search_term_string"}}],"inLanguage":"pt-PT"},{"@type":"Organization","@id":"https:\/\/gr-100.com\/#organization","name":"Gr-100","url":"https:\/\/gr-100.com\/","logo":{"@type":"ImageObject","inLanguage":"pt-PT","@id":"https:\/\/gr-100.com\/#\/schema\/logo\/image\/","url":"https:\/\/gr-100.com\/wp-content\/uploads\/2023\/08\/logo-gr-100-bikes.png","contentUrl":"https:\/\/gr-100.com\/wp-content\/uploads\/2023\/08\/logo-gr-100-bikes.png","width":707,"height":284,"caption":"Gr-100"},"image":{"@id":"https:\/\/gr-100.com\/#\/schema\/logo\/image\/"},"sameAs":["https:\/\/www.facebook.com\/Gr100Bikes","https:\/\/www.instagram.com\/gr100bikes\/","https:\/\/www.tiktok.com\/@gr100bikes","https:\/\/twitter.com\/gr100mtbteam","https:\/\/www.youtube.com\/c\/GR100Specialized"]}]}},"_links":{"self":[{"href":"https:\/\/gr-100.com\/pt-pt\/wp-json\/wp\/v2\/product\/382943","targetHints":{"allow":["GET"]}}],"collection":[{"href":"https:\/\/gr-100.com\/pt-pt\/wp-json\/wp\/v2\/product"}],"about":[{"href":"https:\/\/gr-100.com\/pt-pt\/wp-json\/wp\/v2\/types\/product"}],"replies":[{"embeddable":true,"href":"https:\/\/gr-100.com\/pt-pt\/wp-json\/wp\/v2\/comments?post=382943"}],"wp:featuredmedia":[{"embeddable":true,"href":"https:\/\/gr-100.com\/pt-pt\/wp-json\/wp\/v2\/media\/306307"}],"wp:attachment":[{"href":"https:\/\/gr-100.com\/pt-pt\/wp-json\/wp\/v2\/media?parent=382943"}],"wp:term":[{"taxonomy":"product_brand","embeddable":true,"href":"https:\/\/gr-100.com\/pt-pt\/wp-json\/wp\/v2\/product_brand?post=382943"},{"taxonomy":"product_cat","embeddable":true,"href":"https:\/\/gr-100.com\/pt-pt\/wp-json\/wp\/v2\/product_cat?post=382943"},{"taxonomy":"product_tag","embeddable":true,"href":"https:\/\/gr-100.com\/pt-pt\/wp-json\/wp\/v2\/product_tag?post=382943"}],"curies":[{"name":"wp","href":"https:\/\/api.w.org\/{rel}","templated":true}]}}