{"id":383024,"date":"2024-07-01T14:19:19","date_gmt":"2024-07-01T12:19:19","guid":{"rendered":"https:\/\/gr-100.com\/producto\/especializada-aethos-comp-shimano-105-di2-2024\/"},"modified":"2025-09-22T15:01:56","modified_gmt":"2025-09-22T13:01:56","slug":"especializada-aethos-comp-shimano-105-di2-2024","status":"publish","type":"product","link":"https:\/\/gr-100.com\/pt-pt\/producto\/especializada-aethos-comp-shimano-105-di2-2024\/","title":{"rendered":"Specialized Aethos Comp- Shimano 105 DI2 2024"},"content":{"rendered":"<ul>\n<li>Estrutura: Aethos Fact 9R Carbon, Rider First Engineered\u2122, Threaded Bb, 12X142Mm Thru-Axle, Flat-Mount Disc<br \/>\nFork: Fact Carbon, 12X100Mm Thru-Axle, Flat-Mount Disc<\/li>\n<li>\nDescarrilador dianteiro: Shimano 105 Di2 7150, Braze On<br \/>\nDerailleur traseiro: Shimano 105 Di2 7150<br \/>\nEngrenagem: Shimano 105 Di2 7170<br \/>\nManivelador: Fc-R7100, 105, 12 velocidades, Holllowtech 2<br \/>\nAn\u00e9is: 50\/34T<br \/>\nCassette: Shimano 105, 12 velocidades, 11-34T<br \/>\nFreio dianteiro: Shimano 105, Disco<br \/>\nhidr\u00e1ulico Freio traseiro: Shimano 105 R7170, Disco hidr\u00e1ulico<br \/>\nCorrente: Shimano Slx M7100, 12 velocidades w \/ link<br \/>\nr\u00e1pido Suporte inferior:  Shimano Rosca Bsa Bb<\/li>\n<li>Jantes<br \/>\n: Dt R470 Pneus de disco<br \/>\n: Turbo Pro, 700X28<\/li>\n<li>Componentes<br \/>\n do guiador: Specialized , 6061, 70X125Mm, 31,8 mm Haste da bra\u00e7adeira<br \/>\n: Specialized Pro Sl, liga, selim de 4 parafusos<br \/>\n: Geometria do corpo Power Sport, trilhos de<br \/>\na\u00e7o Assento do assento: Roval Alpinist Carbon Seatpost<\/li>\n<li>Peso: 7,5 kg (16 lb, 8,6 oz) Tamanho: 56<\/li>\n<\/ul>\n","protected":false},"excerpt":{"rendered":"<p>O Aethos Comp foi concebido para fazer a ponte entre a qualidade de condu\u00e7\u00e3o perfeita, extrema leveza e estilo ineg\u00e1vel<\/p>\n","protected":false},"featured_media":292733,"comment_status":"closed","ping_status":"closed","template":"","meta":{"_acf_changed":false,"_et_pb_use_builder":"","_et_pb_old_content":"","_et_gb_content_width":"","inline_featured_image":false},"product_brand":[],"product_cat":[2459,378],"product_tag":[],"class_list":{"0":"post-383024","1":"product","2":"type-product","3":"status-publish","4":"has-post-thumbnail","6":"product_cat-bicicletas-pt-pt-2","7":"product_cat-estrada","8":"product_shipping_class-bicicletas-pt-pt","10":"first","11":"outofstock","12":"taxable","13":"shipping-taxable","14":"product-type-variable","15":"wvs-archive-product-wrapper"},"acf":[],"yoast_head":"<!-- This site is optimized with the Yoast SEO Premium plugin v26.7 (Yoast SEO v26.7) - https:\/\/yoast.com\/wordpress\/plugins\/seo\/ -->\n<title>Specialized Aethos Comp- Shimano 105 DI2 2024 GR100<\/title>\n<meta name=\"description\" content=\"O Aethos Comp 2024 foi concebido para fazer a ponte entre a qualidade de condu\u00e7\u00e3o perfeita, a extrema leveza e o estilo ineg\u00e1vel.\" \/>\n<meta name=\"robots\" content=\"index, follow, max-snippet:-1, max-image-preview:large, max-video-preview:-1\" \/>\n<link rel=\"canonical\" href=\"https:\/\/gr-100.com\/pt-pt\/producto\/especializada-aethos-comp-shimano-105-di2-2024\/\" \/>\n<meta property=\"og:locale\" content=\"pt_PT\" \/>\n<meta property=\"og:type\" content=\"article\" \/>\n<meta property=\"og:title\" content=\"Specialized Aethos Comp- Shimano 105 DI2 2024\" \/>\n<meta property=\"og:description\" content=\"O Aethos Comp 2024 foi concebido para fazer a ponte entre a qualidade de condu\u00e7\u00e3o perfeita, a extrema leveza e o estilo ineg\u00e1vel.\" \/>\n<meta property=\"og:url\" content=\"https:\/\/gr-100.com\/pt-pt\/producto\/especializada-aethos-comp-shimano-105-di2-2024\/\" \/>\n<meta property=\"og:site_name\" content=\"Gr-100 Tienda de ciclismo Specialized\" \/>\n<meta property=\"article:publisher\" content=\"https:\/\/www.facebook.com\/Gr100Bikes\" \/>\n<meta property=\"article:modified_time\" content=\"2025-09-22T13:01:56+00:00\" \/>\n<meta property=\"og:image\" content=\"https:\/\/gr-100.com\/wp-content\/uploads\/2024\/05\/My-project-2024-01-05T124101.762.jpeg\" \/>\n\t<meta property=\"og:image:width\" content=\"1000\" \/>\n\t<meta property=\"og:image:height\" content=\"1000\" \/>\n\t<meta property=\"og:image:type\" content=\"image\/jpeg\" \/>\n<meta name=\"twitter:card\" content=\"summary_large_image\" \/>\n<meta name=\"twitter:label1\" content=\"Tempo estimado de leitura\" \/>\n\t<meta name=\"twitter:data1\" content=\"1 minuto\" \/>\n<script type=\"application\/ld+json\" class=\"yoast-schema-graph\">{\"@context\":\"https:\/\/schema.org\",\"@graph\":[{\"@type\":\"WebPage\",\"@id\":\"https:\/\/gr-100.com\/pt-pt\/producto\/especializada-aethos-comp-shimano-105-di2-2024\/\",\"url\":\"https:\/\/gr-100.com\/pt-pt\/producto\/especializada-aethos-comp-shimano-105-di2-2024\/\",\"name\":\"Specialized Aethos Comp- Shimano 105 DI2 2024 GR100\",\"isPartOf\":{\"@id\":\"https:\/\/gr-100.com\/#website\"},\"primaryImageOfPage\":{\"@id\":\"https:\/\/gr-100.com\/pt-pt\/producto\/especializada-aethos-comp-shimano-105-di2-2024\/#primaryimage\"},\"image\":{\"@id\":\"https:\/\/gr-100.com\/pt-pt\/producto\/especializada-aethos-comp-shimano-105-di2-2024\/#primaryimage\"},\"thumbnailUrl\":\"https:\/\/gr-100.com\/wp-content\/uploads\/2024\/05\/My-project-2024-01-05T124101.762.jpeg\",\"datePublished\":\"2024-07-01T12:19:19+00:00\",\"dateModified\":\"2025-09-22T13:01:56+00:00\",\"description\":\"O Aethos Comp 2024 foi concebido para fazer a ponte entre a qualidade de condu\u00e7\u00e3o perfeita, a extrema leveza e o estilo ineg\u00e1vel.\",\"breadcrumb\":{\"@id\":\"https:\/\/gr-100.com\/pt-pt\/producto\/especializada-aethos-comp-shimano-105-di2-2024\/#breadcrumb\"},\"inLanguage\":\"pt-PT\",\"potentialAction\":[{\"@type\":\"ReadAction\",\"target\":[\"https:\/\/gr-100.com\/pt-pt\/producto\/especializada-aethos-comp-shimano-105-di2-2024\/\"]}]},{\"@type\":\"ImageObject\",\"inLanguage\":\"pt-PT\",\"@id\":\"https:\/\/gr-100.com\/pt-pt\/producto\/especializada-aethos-comp-shimano-105-di2-2024\/#primaryimage\",\"url\":\"https:\/\/gr-100.com\/wp-content\/uploads\/2024\/05\/My-project-2024-01-05T124101.762.jpeg\",\"contentUrl\":\"https:\/\/gr-100.com\/wp-content\/uploads\/2024\/05\/My-project-2024-01-05T124101.762.jpeg\",\"width\":1000,\"height\":1000},{\"@type\":\"BreadcrumbList\",\"@id\":\"https:\/\/gr-100.com\/pt-pt\/producto\/especializada-aethos-comp-shimano-105-di2-2024\/#breadcrumb\",\"itemListElement\":[{\"@type\":\"ListItem\",\"position\":1,\"name\":\"Portada\",\"item\":\"https:\/\/gr-100.com\/en\/\"},{\"@type\":\"ListItem\",\"position\":2,\"name\":\"Productos\",\"item\":\"https:\/\/gr-100.com\/?post_type=product\"},{\"@type\":\"ListItem\",\"position\":3,\"name\":\"Specialized Aethos Comp- Shimano 105 DI2 2024\"}]},{\"@type\":\"WebSite\",\"@id\":\"https:\/\/gr-100.com\/#website\",\"url\":\"https:\/\/gr-100.com\/\",\"name\":\"Gr-100 Tienda de ciclismo Specialized\",\"description\":\"GR-100 tenemos todas las gamas de bicicletas Specialized al mejor precio.\",\"publisher\":{\"@id\":\"https:\/\/gr-100.com\/#organization\"},\"alternateName\":\"Gr-100 Bikes\",\"potentialAction\":[{\"@type\":\"SearchAction\",\"target\":{\"@type\":\"EntryPoint\",\"urlTemplate\":\"https:\/\/gr-100.com\/?s={search_term_string}\"},\"query-input\":{\"@type\":\"PropertyValueSpecification\",\"valueRequired\":true,\"valueName\":\"search_term_string\"}}],\"inLanguage\":\"pt-PT\"},{\"@type\":\"Organization\",\"@id\":\"https:\/\/gr-100.com\/#organization\",\"name\":\"Gr-100\",\"url\":\"https:\/\/gr-100.com\/\",\"logo\":{\"@type\":\"ImageObject\",\"inLanguage\":\"pt-PT\",\"@id\":\"https:\/\/gr-100.com\/#\/schema\/logo\/image\/\",\"url\":\"https:\/\/gr-100.com\/wp-content\/uploads\/2023\/08\/logo-gr-100-bikes.png\",\"contentUrl\":\"https:\/\/gr-100.com\/wp-content\/uploads\/2023\/08\/logo-gr-100-bikes.png\",\"width\":707,\"height\":284,\"caption\":\"Gr-100\"},\"image\":{\"@id\":\"https:\/\/gr-100.com\/#\/schema\/logo\/image\/\"},\"sameAs\":[\"https:\/\/www.facebook.com\/Gr100Bikes\",\"https:\/\/www.instagram.com\/gr100bikes\/\",\"https:\/\/www.tiktok.com\/@gr100bikes\",\"https:\/\/twitter.com\/gr100mtbteam\",\"https:\/\/www.youtube.com\/c\/GR100Specialized\"]}]}<\/script>\n<!-- \/ Yoast SEO Premium plugin. -->","yoast_head_json":{"title":"Specialized Aethos Comp- Shimano 105 DI2 2024 GR100","description":"O Aethos Comp 2024 foi concebido para fazer a ponte entre a qualidade de condu\u00e7\u00e3o perfeita, a extrema leveza e o estilo ineg\u00e1vel.","robots":{"index":"index","follow":"follow","max-snippet":"max-snippet:-1","max-image-preview":"max-image-preview:large","max-video-preview":"max-video-preview:-1"},"canonical":"https:\/\/gr-100.com\/pt-pt\/producto\/especializada-aethos-comp-shimano-105-di2-2024\/","og_locale":"pt_PT","og_type":"article","og_title":"Specialized Aethos Comp- Shimano 105 DI2 2024","og_description":"O Aethos Comp 2024 foi concebido para fazer a ponte entre a qualidade de condu\u00e7\u00e3o perfeita, a extrema leveza e o estilo ineg\u00e1vel.","og_url":"https:\/\/gr-100.com\/pt-pt\/producto\/especializada-aethos-comp-shimano-105-di2-2024\/","og_site_name":"Gr-100 Tienda de ciclismo Specialized","article_publisher":"https:\/\/www.facebook.com\/Gr100Bikes","article_modified_time":"2025-09-22T13:01:56+00:00","og_image":[{"width":1000,"height":1000,"url":"https:\/\/gr-100.com\/wp-content\/uploads\/2024\/05\/My-project-2024-01-05T124101.762.jpeg","type":"image\/jpeg"}],"twitter_card":"summary_large_image","twitter_misc":{"Tempo estimado de leitura":"1 minuto"},"schema":{"@context":"https:\/\/schema.org","@graph":[{"@type":"WebPage","@id":"https:\/\/gr-100.com\/pt-pt\/producto\/especializada-aethos-comp-shimano-105-di2-2024\/","url":"https:\/\/gr-100.com\/pt-pt\/producto\/especializada-aethos-comp-shimano-105-di2-2024\/","name":"Specialized Aethos Comp- Shimano 105 DI2 2024 GR100","isPartOf":{"@id":"https:\/\/gr-100.com\/#website"},"primaryImageOfPage":{"@id":"https:\/\/gr-100.com\/pt-pt\/producto\/especializada-aethos-comp-shimano-105-di2-2024\/#primaryimage"},"image":{"@id":"https:\/\/gr-100.com\/pt-pt\/producto\/especializada-aethos-comp-shimano-105-di2-2024\/#primaryimage"},"thumbnailUrl":"https:\/\/gr-100.com\/wp-content\/uploads\/2024\/05\/My-project-2024-01-05T124101.762.jpeg","datePublished":"2024-07-01T12:19:19+00:00","dateModified":"2025-09-22T13:01:56+00:00","description":"O Aethos Comp 2024 foi concebido para fazer a ponte entre a qualidade de condu\u00e7\u00e3o perfeita, a extrema leveza e o estilo ineg\u00e1vel.","breadcrumb":{"@id":"https:\/\/gr-100.com\/pt-pt\/producto\/especializada-aethos-comp-shimano-105-di2-2024\/#breadcrumb"},"inLanguage":"pt-PT","potentialAction":[{"@type":"ReadAction","target":["https:\/\/gr-100.com\/pt-pt\/producto\/especializada-aethos-comp-shimano-105-di2-2024\/"]}]},{"@type":"ImageObject","inLanguage":"pt-PT","@id":"https:\/\/gr-100.com\/pt-pt\/producto\/especializada-aethos-comp-shimano-105-di2-2024\/#primaryimage","url":"https:\/\/gr-100.com\/wp-content\/uploads\/2024\/05\/My-project-2024-01-05T124101.762.jpeg","contentUrl":"https:\/\/gr-100.com\/wp-content\/uploads\/2024\/05\/My-project-2024-01-05T124101.762.jpeg","width":1000,"height":1000},{"@type":"BreadcrumbList","@id":"https:\/\/gr-100.com\/pt-pt\/producto\/especializada-aethos-comp-shimano-105-di2-2024\/#breadcrumb","itemListElement":[{"@type":"ListItem","position":1,"name":"Portada","item":"https:\/\/gr-100.com\/en\/"},{"@type":"ListItem","position":2,"name":"Productos","item":"https:\/\/gr-100.com\/?post_type=product"},{"@type":"ListItem","position":3,"name":"Specialized Aethos Comp- Shimano 105 DI2 2024"}]},{"@type":"WebSite","@id":"https:\/\/gr-100.com\/#website","url":"https:\/\/gr-100.com\/","name":"Gr-100 Tienda de ciclismo Specialized","description":"GR-100 tenemos todas las gamas de bicicletas Specialized al mejor precio.","publisher":{"@id":"https:\/\/gr-100.com\/#organization"},"alternateName":"Gr-100 Bikes","potentialAction":[{"@type":"SearchAction","target":{"@type":"EntryPoint","urlTemplate":"https:\/\/gr-100.com\/?s={search_term_string}"},"query-input":{"@type":"PropertyValueSpecification","valueRequired":true,"valueName":"search_term_string"}}],"inLanguage":"pt-PT"},{"@type":"Organization","@id":"https:\/\/gr-100.com\/#organization","name":"Gr-100","url":"https:\/\/gr-100.com\/","logo":{"@type":"ImageObject","inLanguage":"pt-PT","@id":"https:\/\/gr-100.com\/#\/schema\/logo\/image\/","url":"https:\/\/gr-100.com\/wp-content\/uploads\/2023\/08\/logo-gr-100-bikes.png","contentUrl":"https:\/\/gr-100.com\/wp-content\/uploads\/2023\/08\/logo-gr-100-bikes.png","width":707,"height":284,"caption":"Gr-100"},"image":{"@id":"https:\/\/gr-100.com\/#\/schema\/logo\/image\/"},"sameAs":["https:\/\/www.facebook.com\/Gr100Bikes","https:\/\/www.instagram.com\/gr100bikes\/","https:\/\/www.tiktok.com\/@gr100bikes","https:\/\/twitter.com\/gr100mtbteam","https:\/\/www.youtube.com\/c\/GR100Specialized"]}]}},"_links":{"self":[{"href":"https:\/\/gr-100.com\/pt-pt\/wp-json\/wp\/v2\/product\/383024","targetHints":{"allow":["GET"]}}],"collection":[{"href":"https:\/\/gr-100.com\/pt-pt\/wp-json\/wp\/v2\/product"}],"about":[{"href":"https:\/\/gr-100.com\/pt-pt\/wp-json\/wp\/v2\/types\/product"}],"replies":[{"embeddable":true,"href":"https:\/\/gr-100.com\/pt-pt\/wp-json\/wp\/v2\/comments?post=383024"}],"wp:featuredmedia":[{"embeddable":true,"href":"https:\/\/gr-100.com\/pt-pt\/wp-json\/wp\/v2\/media\/292733"}],"wp:attachment":[{"href":"https:\/\/gr-100.com\/pt-pt\/wp-json\/wp\/v2\/media?parent=383024"}],"wp:term":[{"taxonomy":"product_brand","embeddable":true,"href":"https:\/\/gr-100.com\/pt-pt\/wp-json\/wp\/v2\/product_brand?post=383024"},{"taxonomy":"product_cat","embeddable":true,"href":"https:\/\/gr-100.com\/pt-pt\/wp-json\/wp\/v2\/product_cat?post=383024"},{"taxonomy":"product_tag","embeddable":true,"href":"https:\/\/gr-100.com\/pt-pt\/wp-json\/wp\/v2\/product_tag?post=383024"}],"curies":[{"name":"wp","href":"https:\/\/api.w.org\/{rel}","templated":true}]}}