{"id":383047,"date":"2024-07-01T14:18:02","date_gmt":"2024-07-01T12:18:02","guid":{"rendered":"https:\/\/gr-100.com\/producto\/especializada-s-works-aethos-dura-ace-di2-2022\/"},"modified":"2025-11-26T16:44:56","modified_gmt":"2025-11-26T14:44:56","slug":"especializada-s-works-aethos-dura-ace-di2-2022","status":"publish","type":"product","link":"https:\/\/gr-100.com\/pt-pt\/producto\/especializada-s-works-aethos-dura-ace-di2-2022\/","title":{"rendered":"Specialized S-Works Aethos &#8211; Dura-Ace Di2 2022"},"content":{"rendered":"<div class=\"product-specification\">\n<ul>\n<li>IMAGEM<\/li>\n<li>S-Works Aethos FACT 12r Carbon, Rider First Engineered\u2122, Threaded BB, Apenas roteamento eletr\u00f4nico de cabos, eixo thru 12x142mm, disco de montagem plana<\/li>\n<li>SUSPENS\u00c3O<\/li>\n<li>GARFO<\/li>\n<li>S-Works FACTO Carbono, eixo triplo de 12x100mm, disco de montagem plana<\/li>\n<li>CABINE DE PILOTAGEM<\/li>\n<li>FITA FITA<\/li>\n<li>Supacaz Super Kush Pegajoso<\/li>\n<li>ABRA\u00c7O.<br \/>\nSELIM <\/li>\n<li>Specialized Liga, 30.0mm, parafuso de tit\u00e2nio<\/li>\n<li>SELIM<\/li>\n<li>Body Geometry S-Works Power, trilhos de fibra de carbono, base de fibra de carbono<\/li>\n<li>GUID\u00c3O<\/li>\n<li>S-Works Curto &amp; raso, queda de 125mm, alcance de 75mm com furo Di2<\/li>\n<li>POT\u00caNCIA<\/li>\n<li>S-Works SL, liga, parafusos de tit\u00e2nio, aumento de 6 graus<\/li>\n<li>ESPIG\u00c3O ASSENTO<\/li>\n<li>Roval de assento de carbono Roval Alpinist<\/li>\n<li>TRAV\u00d5ES<\/li>\n<li>TRAV\u00c3O DIANTEIRO<\/li>\n<li>Shimano Dura-Ace R9270, disco hidr\u00e1ulico<\/li>\n<li>TRAV\u00c3O TRASEIRO<\/li>\n<li>Shimano Dura-Ace R9270, disco hidr\u00e1ulico<\/li>\n<li>TRANSMISS\u00c3O<\/li>\n<li>PRATOS<\/li>\n<li>52\/36T<\/li>\n<li>SUPORTE INFERIOR<\/li>\n<li>Shimano Dura-Ace R9200, HollowTech II, 12 velocidades com medidor de pot\u00eancia de dupla face 4iiii Precision Pro<\/li>\n<li>CADEIA<\/li>\n<li>Shimano XTR M9100, 12 velocidades com liga\u00e7\u00e3o r\u00e1pida<\/li>\n<li>SUPORTE INFERIOR<\/li>\n<li>Shimano Dura-Ace, BB-R9100<\/li>\n<li><\/li>\n<li>Shimano Dura-Ace, 12 velocidades, 11-30t<\/li>\n<li>DESVIADOR<\/li>\n<li>Shimano Dura-Ace R9250, brasagem<\/li>\n<li>MUDAN\u00c7A<\/li>\n<li>Shimano Dura-Ace R9250, 12 velocidades<\/li>\n<li>CONTROLOS DE MUDAN\u00c7A DE VELOCIDADE<\/li>\n<li>Shimano Dura-Ace R9270, disco hidr\u00e1ulico<\/li>\n<li>RODAS &amp; PNEUS<\/li>\n<li>PNEU TRASEIRO<\/li>\n<li>Algod\u00e3o Turbo, 320 TPI, 700x26mm<\/li>\n<li>PNEU.<\/li>\n<li>Algod\u00e3o Turbo, 320 TPI, 700x26mm<\/li>\n<li>RODA TRASEIRA<\/li>\n<li>Roval Alpinist CLX, jante em carbono de 21 mm de largura interna, profundidade de 33 mm, Win Tunnel Engineered, cubo Roval , 24h, raios DT Swiss Aerolite<\/li>\n<li>RODA DIANTEIRA<\/li>\n<li>Roval Alpinist CLX, jante em carbono de 21 mm de largura interna, profundidade de 33 mm, Win Tunnel Engineered, cubo Roval , 21h, raios DT Swiss Aerolite<\/li>\n<li>C\u00c2MARAS<\/li>\n<li>Turbo Ultralight, v\u00e1lvula Presta de 48mm<\/li>\n<\/ul>\n<\/div>\n","protected":false},"excerpt":{"rendered":"<p>Os degraus superiores do Grand Tour, os monumentos do Cl\u00e1ssico, est\u00e3o todos no nosso ADN.<br \/>\nMas, \u00e0s vezes, andar apenas por pedalar, pedalar por amor \u00e0 equita\u00e7\u00e3o, \u00e9 exatamente o que precisamos.<br \/>\nE \u00e9 para isso que o Aethos foi criado.<br \/>\nClaro, ele n\u00e3o comprometeu o desempenho e acaba sendo o quadro mais leve que existe, mas sem comprometer o estilo.<br \/>\nAethos: bilh\u00f5es de c\u00e1lculos na busca de uma coisa: condu\u00e7\u00e3o perfeita.    <\/p>\n<p>Complete o quadro mais leve do mundo com o SRAM RED eTAP AXS de 12 velocidades e as jantes Alpinist de peso pena da Roval e ficar\u00e1 com um percurso de topo perfeitamente equilibrado que n\u00e3o compromete nada em nome da performance.<\/p>\n","protected":false},"featured_media":292677,"comment_status":"closed","ping_status":"closed","template":"","meta":{"_acf_changed":false,"_et_pb_use_builder":"","_et_pb_old_content":"","_et_gb_content_width":"","inline_featured_image":false},"product_brand":[],"product_cat":[2459,378],"product_tag":[],"class_list":{"0":"post-383047","1":"product","2":"type-product","3":"status-publish","4":"has-post-thumbnail","6":"product_cat-bicicletas-pt-pt-2","7":"product_cat-estrada","8":"product_shipping_class-bicicletas-pt-pt","10":"first","11":"outofstock","12":"taxable","13":"shipping-taxable","14":"product-type-variable","15":"wvs-archive-product-wrapper"},"acf":[],"yoast_head":"<!-- This site is optimized with the Yoast SEO Premium plugin v26.7 (Yoast SEO v26.7) - https:\/\/yoast.com\/wordpress\/plugins\/seo\/ -->\n<title>Specialized S-Works Aethos - Dura-Ace Di2 2022 GR100<\/title>\n<meta name=\"description\" content=\"\u00c0s vezes, andar apenas por pedalar, pedalar por amor \u00e0 equita\u00e7\u00e3o, \u00e9 exatamente o que precisamos. E \u00e9 para isso que o Aethos foi criado.\" \/>\n<meta name=\"robots\" content=\"index, follow, max-snippet:-1, max-image-preview:large, max-video-preview:-1\" \/>\n<link rel=\"canonical\" href=\"https:\/\/gr-100.com\/pt-pt\/producto\/especializada-s-works-aethos-dura-ace-di2-2022\/\" \/>\n<meta property=\"og:locale\" content=\"pt_PT\" \/>\n<meta property=\"og:type\" content=\"article\" \/>\n<meta property=\"og:title\" content=\"Specialized S-Works Aethos - Dura-Ace Di2 2022\" \/>\n<meta property=\"og:description\" content=\"\u00c0s vezes, andar apenas por pedalar, pedalar por amor \u00e0 equita\u00e7\u00e3o, \u00e9 exatamente o que precisamos. E \u00e9 para isso que o Aethos foi criado.\" \/>\n<meta property=\"og:url\" content=\"https:\/\/gr-100.com\/pt-pt\/producto\/especializada-s-works-aethos-dura-ace-di2-2022\/\" \/>\n<meta property=\"og:site_name\" content=\"Gr-100 Tienda de ciclismo Specialized\" \/>\n<meta property=\"article:publisher\" content=\"https:\/\/www.facebook.com\/Gr100Bikes\" \/>\n<meta property=\"article:modified_time\" content=\"2025-11-26T14:44:56+00:00\" \/>\n<meta property=\"og:image\" content=\"https:\/\/gr-100.com\/wp-content\/uploads\/2024\/05\/My-project-2024-01-04T130413.357.jpeg\" \/>\n\t<meta property=\"og:image:width\" content=\"1000\" \/>\n\t<meta property=\"og:image:height\" content=\"1000\" \/>\n\t<meta property=\"og:image:type\" content=\"image\/jpeg\" \/>\n<meta name=\"twitter:card\" content=\"summary_large_image\" \/>\n<meta name=\"twitter:label1\" content=\"Tempo estimado de leitura\" \/>\n\t<meta name=\"twitter:data1\" content=\"1 minuto\" \/>\n<script type=\"application\/ld+json\" class=\"yoast-schema-graph\">{\"@context\":\"https:\/\/schema.org\",\"@graph\":[{\"@type\":\"WebPage\",\"@id\":\"https:\/\/gr-100.com\/pt-pt\/producto\/especializada-s-works-aethos-dura-ace-di2-2022\/\",\"url\":\"https:\/\/gr-100.com\/pt-pt\/producto\/especializada-s-works-aethos-dura-ace-di2-2022\/\",\"name\":\"Specialized S-Works Aethos - Dura-Ace Di2 2022 GR100\",\"isPartOf\":{\"@id\":\"https:\/\/gr-100.com\/#website\"},\"primaryImageOfPage\":{\"@id\":\"https:\/\/gr-100.com\/pt-pt\/producto\/especializada-s-works-aethos-dura-ace-di2-2022\/#primaryimage\"},\"image\":{\"@id\":\"https:\/\/gr-100.com\/pt-pt\/producto\/especializada-s-works-aethos-dura-ace-di2-2022\/#primaryimage\"},\"thumbnailUrl\":\"https:\/\/gr-100.com\/wp-content\/uploads\/2024\/05\/My-project-2024-01-04T130413.357.jpeg\",\"datePublished\":\"2024-07-01T12:18:02+00:00\",\"dateModified\":\"2025-11-26T14:44:56+00:00\",\"description\":\"\u00c0s vezes, andar apenas por pedalar, pedalar por amor \u00e0 equita\u00e7\u00e3o, \u00e9 exatamente o que precisamos. E \u00e9 para isso que o Aethos foi criado.\",\"breadcrumb\":{\"@id\":\"https:\/\/gr-100.com\/pt-pt\/producto\/especializada-s-works-aethos-dura-ace-di2-2022\/#breadcrumb\"},\"inLanguage\":\"pt-PT\",\"potentialAction\":[{\"@type\":\"ReadAction\",\"target\":[\"https:\/\/gr-100.com\/pt-pt\/producto\/especializada-s-works-aethos-dura-ace-di2-2022\/\"]}]},{\"@type\":\"ImageObject\",\"inLanguage\":\"pt-PT\",\"@id\":\"https:\/\/gr-100.com\/pt-pt\/producto\/especializada-s-works-aethos-dura-ace-di2-2022\/#primaryimage\",\"url\":\"https:\/\/gr-100.com\/wp-content\/uploads\/2024\/05\/My-project-2024-01-04T130413.357.jpeg\",\"contentUrl\":\"https:\/\/gr-100.com\/wp-content\/uploads\/2024\/05\/My-project-2024-01-04T130413.357.jpeg\",\"width\":1000,\"height\":1000},{\"@type\":\"BreadcrumbList\",\"@id\":\"https:\/\/gr-100.com\/pt-pt\/producto\/especializada-s-works-aethos-dura-ace-di2-2022\/#breadcrumb\",\"itemListElement\":[{\"@type\":\"ListItem\",\"position\":1,\"name\":\"Portada\",\"item\":\"https:\/\/gr-100.com\/en\/\"},{\"@type\":\"ListItem\",\"position\":2,\"name\":\"Productos\",\"item\":\"https:\/\/gr-100.com\/?post_type=product\"},{\"@type\":\"ListItem\",\"position\":3,\"name\":\"Specialized S-Works Aethos &#8211; Dura-Ace Di2 2022\"}]},{\"@type\":\"WebSite\",\"@id\":\"https:\/\/gr-100.com\/#website\",\"url\":\"https:\/\/gr-100.com\/\",\"name\":\"Gr-100 Tienda de ciclismo Specialized\",\"description\":\"GR-100 tenemos todas las gamas de bicicletas Specialized al mejor precio.\",\"publisher\":{\"@id\":\"https:\/\/gr-100.com\/#organization\"},\"alternateName\":\"Gr-100 Bikes\",\"potentialAction\":[{\"@type\":\"SearchAction\",\"target\":{\"@type\":\"EntryPoint\",\"urlTemplate\":\"https:\/\/gr-100.com\/?s={search_term_string}\"},\"query-input\":{\"@type\":\"PropertyValueSpecification\",\"valueRequired\":true,\"valueName\":\"search_term_string\"}}],\"inLanguage\":\"pt-PT\"},{\"@type\":\"Organization\",\"@id\":\"https:\/\/gr-100.com\/#organization\",\"name\":\"Gr-100\",\"url\":\"https:\/\/gr-100.com\/\",\"logo\":{\"@type\":\"ImageObject\",\"inLanguage\":\"pt-PT\",\"@id\":\"https:\/\/gr-100.com\/#\/schema\/logo\/image\/\",\"url\":\"https:\/\/gr-100.com\/wp-content\/uploads\/2023\/08\/logo-gr-100-bikes.png\",\"contentUrl\":\"https:\/\/gr-100.com\/wp-content\/uploads\/2023\/08\/logo-gr-100-bikes.png\",\"width\":707,\"height\":284,\"caption\":\"Gr-100\"},\"image\":{\"@id\":\"https:\/\/gr-100.com\/#\/schema\/logo\/image\/\"},\"sameAs\":[\"https:\/\/www.facebook.com\/Gr100Bikes\",\"https:\/\/www.instagram.com\/gr100bikes\/\",\"https:\/\/www.tiktok.com\/@gr100bikes\",\"https:\/\/twitter.com\/gr100mtbteam\",\"https:\/\/www.youtube.com\/c\/GR100Specialized\"]}]}<\/script>\n<!-- \/ Yoast SEO Premium plugin. -->","yoast_head_json":{"title":"Specialized S-Works Aethos - Dura-Ace Di2 2022 GR100","description":"\u00c0s vezes, andar apenas por pedalar, pedalar por amor \u00e0 equita\u00e7\u00e3o, \u00e9 exatamente o que precisamos. E \u00e9 para isso que o Aethos foi criado.","robots":{"index":"index","follow":"follow","max-snippet":"max-snippet:-1","max-image-preview":"max-image-preview:large","max-video-preview":"max-video-preview:-1"},"canonical":"https:\/\/gr-100.com\/pt-pt\/producto\/especializada-s-works-aethos-dura-ace-di2-2022\/","og_locale":"pt_PT","og_type":"article","og_title":"Specialized S-Works Aethos - Dura-Ace Di2 2022","og_description":"\u00c0s vezes, andar apenas por pedalar, pedalar por amor \u00e0 equita\u00e7\u00e3o, \u00e9 exatamente o que precisamos. E \u00e9 para isso que o Aethos foi criado.","og_url":"https:\/\/gr-100.com\/pt-pt\/producto\/especializada-s-works-aethos-dura-ace-di2-2022\/","og_site_name":"Gr-100 Tienda de ciclismo Specialized","article_publisher":"https:\/\/www.facebook.com\/Gr100Bikes","article_modified_time":"2025-11-26T14:44:56+00:00","og_image":[{"width":1000,"height":1000,"url":"https:\/\/gr-100.com\/wp-content\/uploads\/2024\/05\/My-project-2024-01-04T130413.357.jpeg","type":"image\/jpeg"}],"twitter_card":"summary_large_image","twitter_misc":{"Tempo estimado de leitura":"1 minuto"},"schema":{"@context":"https:\/\/schema.org","@graph":[{"@type":"WebPage","@id":"https:\/\/gr-100.com\/pt-pt\/producto\/especializada-s-works-aethos-dura-ace-di2-2022\/","url":"https:\/\/gr-100.com\/pt-pt\/producto\/especializada-s-works-aethos-dura-ace-di2-2022\/","name":"Specialized S-Works Aethos - Dura-Ace Di2 2022 GR100","isPartOf":{"@id":"https:\/\/gr-100.com\/#website"},"primaryImageOfPage":{"@id":"https:\/\/gr-100.com\/pt-pt\/producto\/especializada-s-works-aethos-dura-ace-di2-2022\/#primaryimage"},"image":{"@id":"https:\/\/gr-100.com\/pt-pt\/producto\/especializada-s-works-aethos-dura-ace-di2-2022\/#primaryimage"},"thumbnailUrl":"https:\/\/gr-100.com\/wp-content\/uploads\/2024\/05\/My-project-2024-01-04T130413.357.jpeg","datePublished":"2024-07-01T12:18:02+00:00","dateModified":"2025-11-26T14:44:56+00:00","description":"\u00c0s vezes, andar apenas por pedalar, pedalar por amor \u00e0 equita\u00e7\u00e3o, \u00e9 exatamente o que precisamos. E \u00e9 para isso que o Aethos foi criado.","breadcrumb":{"@id":"https:\/\/gr-100.com\/pt-pt\/producto\/especializada-s-works-aethos-dura-ace-di2-2022\/#breadcrumb"},"inLanguage":"pt-PT","potentialAction":[{"@type":"ReadAction","target":["https:\/\/gr-100.com\/pt-pt\/producto\/especializada-s-works-aethos-dura-ace-di2-2022\/"]}]},{"@type":"ImageObject","inLanguage":"pt-PT","@id":"https:\/\/gr-100.com\/pt-pt\/producto\/especializada-s-works-aethos-dura-ace-di2-2022\/#primaryimage","url":"https:\/\/gr-100.com\/wp-content\/uploads\/2024\/05\/My-project-2024-01-04T130413.357.jpeg","contentUrl":"https:\/\/gr-100.com\/wp-content\/uploads\/2024\/05\/My-project-2024-01-04T130413.357.jpeg","width":1000,"height":1000},{"@type":"BreadcrumbList","@id":"https:\/\/gr-100.com\/pt-pt\/producto\/especializada-s-works-aethos-dura-ace-di2-2022\/#breadcrumb","itemListElement":[{"@type":"ListItem","position":1,"name":"Portada","item":"https:\/\/gr-100.com\/en\/"},{"@type":"ListItem","position":2,"name":"Productos","item":"https:\/\/gr-100.com\/?post_type=product"},{"@type":"ListItem","position":3,"name":"Specialized S-Works Aethos &#8211; Dura-Ace Di2 2022"}]},{"@type":"WebSite","@id":"https:\/\/gr-100.com\/#website","url":"https:\/\/gr-100.com\/","name":"Gr-100 Tienda de ciclismo Specialized","description":"GR-100 tenemos todas las gamas de bicicletas Specialized al mejor precio.","publisher":{"@id":"https:\/\/gr-100.com\/#organization"},"alternateName":"Gr-100 Bikes","potentialAction":[{"@type":"SearchAction","target":{"@type":"EntryPoint","urlTemplate":"https:\/\/gr-100.com\/?s={search_term_string}"},"query-input":{"@type":"PropertyValueSpecification","valueRequired":true,"valueName":"search_term_string"}}],"inLanguage":"pt-PT"},{"@type":"Organization","@id":"https:\/\/gr-100.com\/#organization","name":"Gr-100","url":"https:\/\/gr-100.com\/","logo":{"@type":"ImageObject","inLanguage":"pt-PT","@id":"https:\/\/gr-100.com\/#\/schema\/logo\/image\/","url":"https:\/\/gr-100.com\/wp-content\/uploads\/2023\/08\/logo-gr-100-bikes.png","contentUrl":"https:\/\/gr-100.com\/wp-content\/uploads\/2023\/08\/logo-gr-100-bikes.png","width":707,"height":284,"caption":"Gr-100"},"image":{"@id":"https:\/\/gr-100.com\/#\/schema\/logo\/image\/"},"sameAs":["https:\/\/www.facebook.com\/Gr100Bikes","https:\/\/www.instagram.com\/gr100bikes\/","https:\/\/www.tiktok.com\/@gr100bikes","https:\/\/twitter.com\/gr100mtbteam","https:\/\/www.youtube.com\/c\/GR100Specialized"]}]}},"_links":{"self":[{"href":"https:\/\/gr-100.com\/pt-pt\/wp-json\/wp\/v2\/product\/383047","targetHints":{"allow":["GET"]}}],"collection":[{"href":"https:\/\/gr-100.com\/pt-pt\/wp-json\/wp\/v2\/product"}],"about":[{"href":"https:\/\/gr-100.com\/pt-pt\/wp-json\/wp\/v2\/types\/product"}],"replies":[{"embeddable":true,"href":"https:\/\/gr-100.com\/pt-pt\/wp-json\/wp\/v2\/comments?post=383047"}],"wp:featuredmedia":[{"embeddable":true,"href":"https:\/\/gr-100.com\/pt-pt\/wp-json\/wp\/v2\/media\/292677"}],"wp:attachment":[{"href":"https:\/\/gr-100.com\/pt-pt\/wp-json\/wp\/v2\/media?parent=383047"}],"wp:term":[{"taxonomy":"product_brand","embeddable":true,"href":"https:\/\/gr-100.com\/pt-pt\/wp-json\/wp\/v2\/product_brand?post=383047"},{"taxonomy":"product_cat","embeddable":true,"href":"https:\/\/gr-100.com\/pt-pt\/wp-json\/wp\/v2\/product_cat?post=383047"},{"taxonomy":"product_tag","embeddable":true,"href":"https:\/\/gr-100.com\/pt-pt\/wp-json\/wp\/v2\/product_tag?post=383047"}],"curies":[{"name":"wp","href":"https:\/\/api.w.org\/{rel}","templated":true}]}}