{"id":383136,"date":"2024-07-01T14:09:07","date_gmt":"2024-07-01T12:09:07","guid":{"rendered":"https:\/\/gr-100.com\/producto\/megamo-pulse-elite-12-sh12-2024\/"},"modified":"2025-09-22T15:07:10","modified_gmt":"2025-09-22T13:07:10","slug":"megamo-pulse-elite-12-sh12-2024","status":"publish","type":"product","link":"https:\/\/gr-100.com\/pt-pt\/producto\/megamo-pulse-elite-12-sh12-2024\/","title":{"rendered":"Megamo Pulse Elite 12 SH12 2024"},"content":{"rendered":"<ul>\n<li>Quadro composto avan\u00e7ado de carbono, Roteamento de cabo interno completo, disco de montagem plana 12&#215;142<\/li>\n<li>Garfo composto Carbon Advanced, Roteamento de cabo interno completo, disco de montagem plana 12&#215;100<\/li>\n<li>Fone de ouvido de roteamento de cabo totalmente interno<\/li>\n<li>Transmiss\u00e3o<\/li>\n<li>Shimano 105 Di2 R7150 12s Descarrilador Traseiro<\/li>\n<li>Shimano 105 Di2 R7150 12s Descarrilador Dianteiro<\/li>\n<li>Shimano 105 Di2 R7150 12s alavancas de velocidades<\/li>\n<li>Shimano 105 Di2 R7100 12s 50-34T Placa<\/li>\n<li>Shimano 105 Di2 R7100 12s 11-34T<\/li>\n<li>Freios Shimano 105 Di2 R7170 12s conjunto de freio a disco hidr\u00e1ulico<\/li>\n<li>Rodas<\/li>\n<li>Pneus Pirelli P Zero RC TLR Classic \/ Vittoria Rubino Pro IV 700&#215;28 TLR G2.0<\/li>\n<li>Jantes Fulcrum airbeat 400 DB<\/li>\n<li>Componentes<\/li>\n<li>Guiador de roteamento de cabo interno totalmente integrado em carbono: 90\/400 (XS), 100\/400 (S), 110\/420 (M, L), 120\/440 (XL)<\/li>\n<li>Tija sill\u00edn Poste de assento de carbono avan\u00e7ado aerodin\u00e2mico<\/li>\n<li>Selle Italy Novus Boost Evo Superflow SaddleReservamo-nos o direito de alterar as informa\u00e7\u00f5es no site sem aviso pr\u00e9vio, incluindo especifica\u00e7\u00f5es, modelos, cores e materiais.<\/li>\n<\/ul>\n","protected":false},"excerpt":{"rendered":"<p>\u00b7 Quadro de carbono ultraleve com roteamento de cabos totalmente interno \u00b7 Trem de for\u00e7a Shimano 105 Di2 12s \u00b7 Fulcrum Air Beat 40 Rodas<\/p>\n","protected":false},"featured_media":305400,"comment_status":"closed","ping_status":"closed","template":"","meta":{"_acf_changed":false,"_et_pb_use_builder":"","_et_pb_old_content":"","_et_gb_content_width":"","inline_featured_image":false},"product_brand":[],"product_cat":[2459,378],"product_tag":[],"class_list":{"0":"post-383136","1":"product","2":"type-product","3":"status-publish","4":"has-post-thumbnail","6":"product_cat-bicicletas-pt-pt-2","7":"product_cat-estrada","8":"product_shipping_class-bicicletas-pt-pt","10":"first","11":"outofstock","12":"taxable","13":"shipping-taxable","14":"product-type-variable","15":"wvs-archive-product-wrapper"},"acf":[],"yoast_head":"<!-- This site is optimized with the Yoast SEO Premium plugin v26.7 (Yoast SEO v26.7) - https:\/\/yoast.com\/wordpress\/plugins\/seo\/ -->\n<title>Megamo Pulse Elite 12 SH12 2024 GR-100<\/title>\n<meta name=\"description\" content=\"Quadro de carbono ultraleve com roteamento de cabos totalmente interno. Shimano 105 Di2 transmiss\u00e3o de 12 velocidades. Fulcrum Air Beat 40 rodas.\" \/>\n<meta name=\"robots\" content=\"index, follow, max-snippet:-1, max-image-preview:large, max-video-preview:-1\" \/>\n<link rel=\"canonical\" href=\"https:\/\/gr-100.com\/pt-pt\/producto\/megamo-pulse-elite-12-sh12-2024\/\" \/>\n<meta property=\"og:locale\" content=\"pt_PT\" \/>\n<meta property=\"og:type\" content=\"article\" \/>\n<meta property=\"og:title\" content=\"Megamo Pulse Elite 12 SH12 2024\" \/>\n<meta property=\"og:description\" content=\"Quadro de carbono ultraleve com roteamento de cabos totalmente interno. Shimano 105 Di2 transmiss\u00e3o de 12 velocidades. Fulcrum Air Beat 40 rodas.\" \/>\n<meta property=\"og:url\" content=\"https:\/\/gr-100.com\/pt-pt\/producto\/megamo-pulse-elite-12-sh12-2024\/\" \/>\n<meta property=\"og:site_name\" content=\"Gr-100 Tienda de ciclismo Specialized\" \/>\n<meta property=\"article:publisher\" content=\"https:\/\/www.facebook.com\/Gr100Bikes\" \/>\n<meta property=\"article:modified_time\" content=\"2025-09-22T13:07:10+00:00\" \/>\n<meta property=\"og:image\" content=\"https:\/\/gr-100.com\/wp-content\/uploads\/2024\/05\/pulse_12_24_sky_grey.jpg\" \/>\n\t<meta property=\"og:image:width\" content=\"1080\" \/>\n\t<meta property=\"og:image:height\" content=\"1080\" \/>\n\t<meta property=\"og:image:type\" content=\"image\/jpeg\" \/>\n<meta name=\"twitter:card\" content=\"summary_large_image\" \/>\n<meta name=\"twitter:label1\" content=\"Tempo estimado de leitura\" \/>\n\t<meta name=\"twitter:data1\" content=\"1 minuto\" \/>\n<script type=\"application\/ld+json\" class=\"yoast-schema-graph\">{\"@context\":\"https:\/\/schema.org\",\"@graph\":[{\"@type\":\"WebPage\",\"@id\":\"https:\/\/gr-100.com\/pt-pt\/producto\/megamo-pulse-elite-12-sh12-2024\/\",\"url\":\"https:\/\/gr-100.com\/pt-pt\/producto\/megamo-pulse-elite-12-sh12-2024\/\",\"name\":\"Megamo Pulse Elite 12 SH12 2024 GR-100\",\"isPartOf\":{\"@id\":\"https:\/\/gr-100.com\/#website\"},\"primaryImageOfPage\":{\"@id\":\"https:\/\/gr-100.com\/pt-pt\/producto\/megamo-pulse-elite-12-sh12-2024\/#primaryimage\"},\"image\":{\"@id\":\"https:\/\/gr-100.com\/pt-pt\/producto\/megamo-pulse-elite-12-sh12-2024\/#primaryimage\"},\"thumbnailUrl\":\"https:\/\/gr-100.com\/wp-content\/uploads\/2024\/05\/pulse_12_24_sky_grey.jpg\",\"datePublished\":\"2024-07-01T12:09:07+00:00\",\"dateModified\":\"2025-09-22T13:07:10+00:00\",\"description\":\"Quadro de carbono ultraleve com roteamento de cabos totalmente interno. Shimano 105 Di2 transmiss\u00e3o de 12 velocidades. Fulcrum Air Beat 40 rodas.\",\"breadcrumb\":{\"@id\":\"https:\/\/gr-100.com\/pt-pt\/producto\/megamo-pulse-elite-12-sh12-2024\/#breadcrumb\"},\"inLanguage\":\"pt-PT\",\"potentialAction\":[{\"@type\":\"ReadAction\",\"target\":[\"https:\/\/gr-100.com\/pt-pt\/producto\/megamo-pulse-elite-12-sh12-2024\/\"]}]},{\"@type\":\"ImageObject\",\"inLanguage\":\"pt-PT\",\"@id\":\"https:\/\/gr-100.com\/pt-pt\/producto\/megamo-pulse-elite-12-sh12-2024\/#primaryimage\",\"url\":\"https:\/\/gr-100.com\/wp-content\/uploads\/2024\/05\/pulse_12_24_sky_grey.jpg\",\"contentUrl\":\"https:\/\/gr-100.com\/wp-content\/uploads\/2024\/05\/pulse_12_24_sky_grey.jpg\",\"width\":1080,\"height\":1080},{\"@type\":\"BreadcrumbList\",\"@id\":\"https:\/\/gr-100.com\/pt-pt\/producto\/megamo-pulse-elite-12-sh12-2024\/#breadcrumb\",\"itemListElement\":[{\"@type\":\"ListItem\",\"position\":1,\"name\":\"Portada\",\"item\":\"https:\/\/gr-100.com\/en\/\"},{\"@type\":\"ListItem\",\"position\":2,\"name\":\"Productos\",\"item\":\"https:\/\/gr-100.com\/?post_type=product\"},{\"@type\":\"ListItem\",\"position\":3,\"name\":\"Megamo Pulse Elite 12 SH12 2024\"}]},{\"@type\":\"WebSite\",\"@id\":\"https:\/\/gr-100.com\/#website\",\"url\":\"https:\/\/gr-100.com\/\",\"name\":\"Gr-100 Tienda de ciclismo Specialized\",\"description\":\"GR-100 tenemos todas las gamas de bicicletas Specialized al mejor precio.\",\"publisher\":{\"@id\":\"https:\/\/gr-100.com\/#organization\"},\"alternateName\":\"Gr-100 Bikes\",\"potentialAction\":[{\"@type\":\"SearchAction\",\"target\":{\"@type\":\"EntryPoint\",\"urlTemplate\":\"https:\/\/gr-100.com\/?s={search_term_string}\"},\"query-input\":{\"@type\":\"PropertyValueSpecification\",\"valueRequired\":true,\"valueName\":\"search_term_string\"}}],\"inLanguage\":\"pt-PT\"},{\"@type\":\"Organization\",\"@id\":\"https:\/\/gr-100.com\/#organization\",\"name\":\"Gr-100\",\"url\":\"https:\/\/gr-100.com\/\",\"logo\":{\"@type\":\"ImageObject\",\"inLanguage\":\"pt-PT\",\"@id\":\"https:\/\/gr-100.com\/#\/schema\/logo\/image\/\",\"url\":\"https:\/\/gr-100.com\/wp-content\/uploads\/2023\/08\/logo-gr-100-bikes.png\",\"contentUrl\":\"https:\/\/gr-100.com\/wp-content\/uploads\/2023\/08\/logo-gr-100-bikes.png\",\"width\":707,\"height\":284,\"caption\":\"Gr-100\"},\"image\":{\"@id\":\"https:\/\/gr-100.com\/#\/schema\/logo\/image\/\"},\"sameAs\":[\"https:\/\/www.facebook.com\/Gr100Bikes\",\"https:\/\/www.instagram.com\/gr100bikes\/\",\"https:\/\/www.tiktok.com\/@gr100bikes\",\"https:\/\/twitter.com\/gr100mtbteam\",\"https:\/\/www.youtube.com\/c\/GR100Specialized\"]}]}<\/script>\n<!-- \/ Yoast SEO Premium plugin. -->","yoast_head_json":{"title":"Megamo Pulse Elite 12 SH12 2024 GR-100","description":"Quadro de carbono ultraleve com roteamento de cabos totalmente interno. Shimano 105 Di2 transmiss\u00e3o de 12 velocidades. Fulcrum Air Beat 40 rodas.","robots":{"index":"index","follow":"follow","max-snippet":"max-snippet:-1","max-image-preview":"max-image-preview:large","max-video-preview":"max-video-preview:-1"},"canonical":"https:\/\/gr-100.com\/pt-pt\/producto\/megamo-pulse-elite-12-sh12-2024\/","og_locale":"pt_PT","og_type":"article","og_title":"Megamo Pulse Elite 12 SH12 2024","og_description":"Quadro de carbono ultraleve com roteamento de cabos totalmente interno. Shimano 105 Di2 transmiss\u00e3o de 12 velocidades. Fulcrum Air Beat 40 rodas.","og_url":"https:\/\/gr-100.com\/pt-pt\/producto\/megamo-pulse-elite-12-sh12-2024\/","og_site_name":"Gr-100 Tienda de ciclismo Specialized","article_publisher":"https:\/\/www.facebook.com\/Gr100Bikes","article_modified_time":"2025-09-22T13:07:10+00:00","og_image":[{"width":1080,"height":1080,"url":"https:\/\/gr-100.com\/wp-content\/uploads\/2024\/05\/pulse_12_24_sky_grey.jpg","type":"image\/jpeg"}],"twitter_card":"summary_large_image","twitter_misc":{"Tempo estimado de leitura":"1 minuto"},"schema":{"@context":"https:\/\/schema.org","@graph":[{"@type":"WebPage","@id":"https:\/\/gr-100.com\/pt-pt\/producto\/megamo-pulse-elite-12-sh12-2024\/","url":"https:\/\/gr-100.com\/pt-pt\/producto\/megamo-pulse-elite-12-sh12-2024\/","name":"Megamo Pulse Elite 12 SH12 2024 GR-100","isPartOf":{"@id":"https:\/\/gr-100.com\/#website"},"primaryImageOfPage":{"@id":"https:\/\/gr-100.com\/pt-pt\/producto\/megamo-pulse-elite-12-sh12-2024\/#primaryimage"},"image":{"@id":"https:\/\/gr-100.com\/pt-pt\/producto\/megamo-pulse-elite-12-sh12-2024\/#primaryimage"},"thumbnailUrl":"https:\/\/gr-100.com\/wp-content\/uploads\/2024\/05\/pulse_12_24_sky_grey.jpg","datePublished":"2024-07-01T12:09:07+00:00","dateModified":"2025-09-22T13:07:10+00:00","description":"Quadro de carbono ultraleve com roteamento de cabos totalmente interno. Shimano 105 Di2 transmiss\u00e3o de 12 velocidades. Fulcrum Air Beat 40 rodas.","breadcrumb":{"@id":"https:\/\/gr-100.com\/pt-pt\/producto\/megamo-pulse-elite-12-sh12-2024\/#breadcrumb"},"inLanguage":"pt-PT","potentialAction":[{"@type":"ReadAction","target":["https:\/\/gr-100.com\/pt-pt\/producto\/megamo-pulse-elite-12-sh12-2024\/"]}]},{"@type":"ImageObject","inLanguage":"pt-PT","@id":"https:\/\/gr-100.com\/pt-pt\/producto\/megamo-pulse-elite-12-sh12-2024\/#primaryimage","url":"https:\/\/gr-100.com\/wp-content\/uploads\/2024\/05\/pulse_12_24_sky_grey.jpg","contentUrl":"https:\/\/gr-100.com\/wp-content\/uploads\/2024\/05\/pulse_12_24_sky_grey.jpg","width":1080,"height":1080},{"@type":"BreadcrumbList","@id":"https:\/\/gr-100.com\/pt-pt\/producto\/megamo-pulse-elite-12-sh12-2024\/#breadcrumb","itemListElement":[{"@type":"ListItem","position":1,"name":"Portada","item":"https:\/\/gr-100.com\/en\/"},{"@type":"ListItem","position":2,"name":"Productos","item":"https:\/\/gr-100.com\/?post_type=product"},{"@type":"ListItem","position":3,"name":"Megamo Pulse Elite 12 SH12 2024"}]},{"@type":"WebSite","@id":"https:\/\/gr-100.com\/#website","url":"https:\/\/gr-100.com\/","name":"Gr-100 Tienda de ciclismo Specialized","description":"GR-100 tenemos todas las gamas de bicicletas Specialized al mejor precio.","publisher":{"@id":"https:\/\/gr-100.com\/#organization"},"alternateName":"Gr-100 Bikes","potentialAction":[{"@type":"SearchAction","target":{"@type":"EntryPoint","urlTemplate":"https:\/\/gr-100.com\/?s={search_term_string}"},"query-input":{"@type":"PropertyValueSpecification","valueRequired":true,"valueName":"search_term_string"}}],"inLanguage":"pt-PT"},{"@type":"Organization","@id":"https:\/\/gr-100.com\/#organization","name":"Gr-100","url":"https:\/\/gr-100.com\/","logo":{"@type":"ImageObject","inLanguage":"pt-PT","@id":"https:\/\/gr-100.com\/#\/schema\/logo\/image\/","url":"https:\/\/gr-100.com\/wp-content\/uploads\/2023\/08\/logo-gr-100-bikes.png","contentUrl":"https:\/\/gr-100.com\/wp-content\/uploads\/2023\/08\/logo-gr-100-bikes.png","width":707,"height":284,"caption":"Gr-100"},"image":{"@id":"https:\/\/gr-100.com\/#\/schema\/logo\/image\/"},"sameAs":["https:\/\/www.facebook.com\/Gr100Bikes","https:\/\/www.instagram.com\/gr100bikes\/","https:\/\/www.tiktok.com\/@gr100bikes","https:\/\/twitter.com\/gr100mtbteam","https:\/\/www.youtube.com\/c\/GR100Specialized"]}]}},"_links":{"self":[{"href":"https:\/\/gr-100.com\/pt-pt\/wp-json\/wp\/v2\/product\/383136","targetHints":{"allow":["GET"]}}],"collection":[{"href":"https:\/\/gr-100.com\/pt-pt\/wp-json\/wp\/v2\/product"}],"about":[{"href":"https:\/\/gr-100.com\/pt-pt\/wp-json\/wp\/v2\/types\/product"}],"replies":[{"embeddable":true,"href":"https:\/\/gr-100.com\/pt-pt\/wp-json\/wp\/v2\/comments?post=383136"}],"wp:featuredmedia":[{"embeddable":true,"href":"https:\/\/gr-100.com\/pt-pt\/wp-json\/wp\/v2\/media\/305400"}],"wp:attachment":[{"href":"https:\/\/gr-100.com\/pt-pt\/wp-json\/wp\/v2\/media?parent=383136"}],"wp:term":[{"taxonomy":"product_brand","embeddable":true,"href":"https:\/\/gr-100.com\/pt-pt\/wp-json\/wp\/v2\/product_brand?post=383136"},{"taxonomy":"product_cat","embeddable":true,"href":"https:\/\/gr-100.com\/pt-pt\/wp-json\/wp\/v2\/product_cat?post=383136"},{"taxonomy":"product_tag","embeddable":true,"href":"https:\/\/gr-100.com\/pt-pt\/wp-json\/wp\/v2\/product_tag?post=383136"}],"curies":[{"name":"wp","href":"https:\/\/api.w.org\/{rel}","templated":true}]}}