{"id":383149,"date":"2024-07-01T13:39:54","date_gmt":"2024-07-01T11:39:54","guid":{"rendered":"https:\/\/gr-100.com\/producto\/especializado-aethos-pro-shimano-ultegra-di2-2024\/"},"modified":"2025-11-26T16:41:48","modified_gmt":"2025-11-26T14:41:48","slug":"especializado-aethos-pro-shimano-ultegra-di2-2024","status":"publish","type":"product","link":"https:\/\/gr-100.com\/pt-pt\/producto\/especializado-aethos-pro-shimano-ultegra-di2-2024\/","title":{"rendered":"Especializado Aethos Pro &#8211; Shimano Ultegra Di2 2024"},"content":{"rendered":"<p>A linha Aethos promete tr\u00eas coisas: excecional leveza, caracter\u00edsticas de condu\u00e7\u00e3o perfeitamente equilibradas e estilo ineg\u00e1vel, e este Aethos pro n\u00e3o \u00e9 exce\u00e7\u00e3o.<br \/>\nAethos: bilh\u00f5es de c\u00e1lculos em busca de uma coisa: a viagem perfeita.   <\/p>\n<ul>\n<li>Equipado com o Ultegra Di2 da Shimano, que oferece mudan\u00e7as limpas e n\u00edtidas, e as rodas Alpinist da Roval acopladas aos cubos DT Swiss 350 e \u00e0 esquerda com uma constru\u00e7\u00e3o simples que oferece resultados quil\u00f4metro ap\u00f3s quil\u00f4metro.<\/li>\n<li>O quadro Aethos foi projetado com a combina\u00e7\u00e3o perfeita de sensa\u00e7\u00e3o m\u00e1xima de condu\u00e7\u00e3o, leveza e estilo: desde acelerar em declives \u00edngremes e descidas t\u00e9cnicas at\u00e9 conforto durante todo o dia, mesmo nos passeios de caf\u00e9 mais longos, o Aethos atinge a marca.<br \/>\nMas como, voc\u00ea pergunta?<br \/>\nAo reinventar a forma de estrada tradicional encontrada nas motos do passado, alter\u00e1mos subtilmente estas formas para proporcionar enormes ganhos em rigidez e equil\u00edbrio, tudo sem comprometer o peso ou a durabilidade.<br \/>\nAdicione a isso um layout e processo completamente novos que aperfei\u00e7oamos ao longo de v\u00e1rias d\u00e9cadas, e voc\u00ea obt\u00e9m o quadro mais leve (585 gramas, S-Works, tamanho 56 cm).<br \/>\nA Aethos \u00e9 mais do que apenas uma nova moto \u2013 \u00e9 a primeira de uma nova gera\u00e7\u00e3o.    <\/li>\n<li>Um quadro de penas \u00e9 in\u00fatil sem caracter\u00edsticas de condu\u00e7\u00e3o inspiradoras de confian\u00e7a, e \u00e9 por isso que desenvolvemos o Aethos para ter o equil\u00edbrio perfeito entre rigidez dianteira e traseira combinada com uma qualidade de condu\u00e7\u00e3o excecional.<br \/>\nAo estudar a flex\u00e3o e respira\u00e7\u00e3o da fibra de carbono, fomos capazes de descobrir descobertas inovadoras sobre como as for\u00e7as fluem atrav\u00e9s dos quadros.<br \/>\nCom apenas algumas pedaladas ir\u00e1 perceber que esta condu\u00e7\u00e3o sublime estabelece um novo padr\u00e3o.  <\/li>\n<li>Cada detalhe, desde os ganchos derailleur at\u00e9 a tampa do expansor do garfo, foi projetado com estilo, peso e durabilidade em mente.<br \/>\nTamb\u00e9m o equipamos com o novo espig\u00e3o e rodas em carbono Alpinist da Roval, que poupa ainda mais peso e melhora as caracter\u00edsticas de condu\u00e7\u00e3o.<br \/>\nTudo em busca da viagem perfeita  <\/li>\n<li>ESPECIFICA\u00c7\u00d5ES<\/li>\n<li>Roval Alpinist CL II, aro de carbono de largura interna de 21mm, profundidade de 33mm, engenharia de t\u00fanel Win, hub DT para Roval 350, raios DT Swiss Aerolite, pronto para tubos<\/li>\n<li>Roda traseira<\/li>\n<li>Roval Alpinist CL II, aro de carbono de largura interna de 21mm, profundidade de 33mm, engenharia de t\u00fanel Win, hub DT para Roval 350, raios DT Swiss Aerolite, pronto para tubos<\/li>\n<li>Tubos internos<\/li>\n<li>V\u00e1lvula Presta 700&#215;20-28, 48 mm<\/li>\n<li>Pneu dianteiro<\/li>\n<li>S-works Turbo 2BR, 700x28mm<\/li>\n<li>Jante traseira<\/li>\n<li>S-works Turbo 2BR, 700x28mm<\/li>\n<li>PESO<\/li>\n<li>Tamanho do peso<\/li>\n<li>56<\/li>\n<li>Peso<\/li>\n<li>6,78 kg (14 libras, 15,2 on\u00e7as)<\/li>\n<\/ul>\n","protected":false},"excerpt":{"rendered":"<p>A linha Aethos promete tr\u00eas coisas: excecional leveza, caracter\u00edsticas de condu\u00e7\u00e3o perfeitamente equilibradas e estilo ineg\u00e1vel, e este Aethos pro n\u00e3o \u00e9 exce\u00e7\u00e3o.<br \/>\nAethos: bilh\u00f5es de c\u00e1lculos em busca de uma coisa: a viagem perfeita. <\/p>\n","protected":false},"featured_media":304004,"comment_status":"closed","ping_status":"closed","template":"","meta":{"_acf_changed":false,"_et_pb_use_builder":"","_et_pb_old_content":"","_et_gb_content_width":"","inline_featured_image":false},"product_brand":[],"product_cat":[2459,378,2483],"product_tag":[],"class_list":{"0":"post-383149","1":"product","2":"type-product","3":"status-publish","4":"has-post-thumbnail","6":"product_cat-bicicletas-pt-pt-2","7":"product_cat-estrada","8":"product_cat-bicicletas-especializadas","9":"product_shipping_class-bicicletas-pt-pt","11":"first","12":"outofstock","13":"taxable","14":"shipping-taxable","15":"product-type-variable","16":"wvs-archive-product-wrapper"},"acf":[],"yoast_head":"<!-- This site is optimized with the Yoast SEO Premium plugin v26.7 (Yoast SEO v26.7) - https:\/\/yoast.com\/wordpress\/plugins\/seo\/ -->\n<title>GR-100 Especializado Aethos Pro-Shimano Di2 24<\/title>\n<meta name=\"description\" content=\"A linha Aethos promete tr\u00eas coisas: excecional leveza, caracter\u00edsticas de condu\u00e7\u00e3o perfeitamente equilibradas e estilo ineg\u00e1vel, e este Aethos\" \/>\n<meta name=\"robots\" content=\"index, follow, max-snippet:-1, max-image-preview:large, max-video-preview:-1\" \/>\n<link rel=\"canonical\" href=\"https:\/\/gr-100.com\/pt-pt\/producto\/especializado-aethos-pro-shimano-ultegra-di2-2024\/\" \/>\n<meta property=\"og:locale\" content=\"pt_PT\" \/>\n<meta property=\"og:type\" content=\"article\" \/>\n<meta property=\"og:title\" content=\"Especializado Aethos Pro - Shimano Ultegra Di2 2024\" \/>\n<meta property=\"og:description\" content=\"A linha Aethos promete tr\u00eas coisas: excecional leveza, caracter\u00edsticas de condu\u00e7\u00e3o perfeitamente equilibradas e estilo ineg\u00e1vel, e este Aethos\" \/>\n<meta property=\"og:url\" content=\"https:\/\/gr-100.com\/pt-pt\/producto\/especializado-aethos-pro-shimano-ultegra-di2-2024\/\" \/>\n<meta property=\"og:site_name\" content=\"Gr-100 Tienda de ciclismo Specialized\" \/>\n<meta property=\"article:publisher\" content=\"https:\/\/www.facebook.com\/Gr100Bikes\" \/>\n<meta property=\"article:modified_time\" content=\"2025-11-26T14:41:48+00:00\" \/>\n<meta property=\"og:image\" content=\"https:\/\/gr-100.com\/wp-content\/uploads\/2024\/05\/6-Screenshot-of-Specialized.jpg\" \/>\n\t<meta property=\"og:image:width\" content=\"1000\" \/>\n\t<meta property=\"og:image:height\" content=\"1000\" \/>\n\t<meta property=\"og:image:type\" content=\"image\/jpeg\" \/>\n<meta name=\"twitter:card\" content=\"summary_large_image\" \/>\n<meta name=\"twitter:label1\" content=\"Tempo estimado de leitura\" \/>\n\t<meta name=\"twitter:data1\" content=\"2 minutos\" \/>\n<script type=\"application\/ld+json\" class=\"yoast-schema-graph\">{\"@context\":\"https:\/\/schema.org\",\"@graph\":[{\"@type\":\"WebPage\",\"@id\":\"https:\/\/gr-100.com\/pt-pt\/producto\/especializado-aethos-pro-shimano-ultegra-di2-2024\/\",\"url\":\"https:\/\/gr-100.com\/pt-pt\/producto\/especializado-aethos-pro-shimano-ultegra-di2-2024\/\",\"name\":\"GR-100 Especializado Aethos Pro-Shimano Di2 24\",\"isPartOf\":{\"@id\":\"https:\/\/gr-100.com\/#website\"},\"primaryImageOfPage\":{\"@id\":\"https:\/\/gr-100.com\/pt-pt\/producto\/especializado-aethos-pro-shimano-ultegra-di2-2024\/#primaryimage\"},\"image\":{\"@id\":\"https:\/\/gr-100.com\/pt-pt\/producto\/especializado-aethos-pro-shimano-ultegra-di2-2024\/#primaryimage\"},\"thumbnailUrl\":\"https:\/\/gr-100.com\/wp-content\/uploads\/2024\/05\/6-Screenshot-of-Specialized.jpg\",\"datePublished\":\"2024-07-01T11:39:54+00:00\",\"dateModified\":\"2025-11-26T14:41:48+00:00\",\"description\":\"A linha Aethos promete tr\u00eas coisas: excecional leveza, caracter\u00edsticas de condu\u00e7\u00e3o perfeitamente equilibradas e estilo ineg\u00e1vel, e este Aethos\",\"breadcrumb\":{\"@id\":\"https:\/\/gr-100.com\/pt-pt\/producto\/especializado-aethos-pro-shimano-ultegra-di2-2024\/#breadcrumb\"},\"inLanguage\":\"pt-PT\",\"potentialAction\":[{\"@type\":\"ReadAction\",\"target\":[\"https:\/\/gr-100.com\/pt-pt\/producto\/especializado-aethos-pro-shimano-ultegra-di2-2024\/\"]}]},{\"@type\":\"ImageObject\",\"inLanguage\":\"pt-PT\",\"@id\":\"https:\/\/gr-100.com\/pt-pt\/producto\/especializado-aethos-pro-shimano-ultegra-di2-2024\/#primaryimage\",\"url\":\"https:\/\/gr-100.com\/wp-content\/uploads\/2024\/05\/6-Screenshot-of-Specialized.jpg\",\"contentUrl\":\"https:\/\/gr-100.com\/wp-content\/uploads\/2024\/05\/6-Screenshot-of-Specialized.jpg\",\"width\":1000,\"height\":1000},{\"@type\":\"BreadcrumbList\",\"@id\":\"https:\/\/gr-100.com\/pt-pt\/producto\/especializado-aethos-pro-shimano-ultegra-di2-2024\/#breadcrumb\",\"itemListElement\":[{\"@type\":\"ListItem\",\"position\":1,\"name\":\"Portada\",\"item\":\"https:\/\/gr-100.com\/en\/\"},{\"@type\":\"ListItem\",\"position\":2,\"name\":\"Productos\",\"item\":\"https:\/\/gr-100.com\/?post_type=product\"},{\"@type\":\"ListItem\",\"position\":3,\"name\":\"Especializado Aethos Pro &#8211; Shimano Ultegra Di2 2024\"}]},{\"@type\":\"WebSite\",\"@id\":\"https:\/\/gr-100.com\/#website\",\"url\":\"https:\/\/gr-100.com\/\",\"name\":\"Gr-100 Tienda de ciclismo Specialized\",\"description\":\"GR-100 tenemos todas las gamas de bicicletas Specialized al mejor precio.\",\"publisher\":{\"@id\":\"https:\/\/gr-100.com\/#organization\"},\"alternateName\":\"Gr-100 Bikes\",\"potentialAction\":[{\"@type\":\"SearchAction\",\"target\":{\"@type\":\"EntryPoint\",\"urlTemplate\":\"https:\/\/gr-100.com\/?s={search_term_string}\"},\"query-input\":{\"@type\":\"PropertyValueSpecification\",\"valueRequired\":true,\"valueName\":\"search_term_string\"}}],\"inLanguage\":\"pt-PT\"},{\"@type\":\"Organization\",\"@id\":\"https:\/\/gr-100.com\/#organization\",\"name\":\"Gr-100\",\"url\":\"https:\/\/gr-100.com\/\",\"logo\":{\"@type\":\"ImageObject\",\"inLanguage\":\"pt-PT\",\"@id\":\"https:\/\/gr-100.com\/#\/schema\/logo\/image\/\",\"url\":\"https:\/\/gr-100.com\/wp-content\/uploads\/2023\/08\/logo-gr-100-bikes.png\",\"contentUrl\":\"https:\/\/gr-100.com\/wp-content\/uploads\/2023\/08\/logo-gr-100-bikes.png\",\"width\":707,\"height\":284,\"caption\":\"Gr-100\"},\"image\":{\"@id\":\"https:\/\/gr-100.com\/#\/schema\/logo\/image\/\"},\"sameAs\":[\"https:\/\/www.facebook.com\/Gr100Bikes\",\"https:\/\/www.instagram.com\/gr100bikes\/\",\"https:\/\/www.tiktok.com\/@gr100bikes\",\"https:\/\/twitter.com\/gr100mtbteam\",\"https:\/\/www.youtube.com\/c\/GR100Specialized\"]}]}<\/script>\n<!-- \/ Yoast SEO Premium plugin. -->","yoast_head_json":{"title":"GR-100 Especializado Aethos Pro-Shimano Di2 24","description":"A linha Aethos promete tr\u00eas coisas: excecional leveza, caracter\u00edsticas de condu\u00e7\u00e3o perfeitamente equilibradas e estilo ineg\u00e1vel, e este Aethos","robots":{"index":"index","follow":"follow","max-snippet":"max-snippet:-1","max-image-preview":"max-image-preview:large","max-video-preview":"max-video-preview:-1"},"canonical":"https:\/\/gr-100.com\/pt-pt\/producto\/especializado-aethos-pro-shimano-ultegra-di2-2024\/","og_locale":"pt_PT","og_type":"article","og_title":"Especializado Aethos Pro - Shimano Ultegra Di2 2024","og_description":"A linha Aethos promete tr\u00eas coisas: excecional leveza, caracter\u00edsticas de condu\u00e7\u00e3o perfeitamente equilibradas e estilo ineg\u00e1vel, e este Aethos","og_url":"https:\/\/gr-100.com\/pt-pt\/producto\/especializado-aethos-pro-shimano-ultegra-di2-2024\/","og_site_name":"Gr-100 Tienda de ciclismo Specialized","article_publisher":"https:\/\/www.facebook.com\/Gr100Bikes","article_modified_time":"2025-11-26T14:41:48+00:00","og_image":[{"width":1000,"height":1000,"url":"https:\/\/gr-100.com\/wp-content\/uploads\/2024\/05\/6-Screenshot-of-Specialized.jpg","type":"image\/jpeg"}],"twitter_card":"summary_large_image","twitter_misc":{"Tempo estimado de leitura":"2 minutos"},"schema":{"@context":"https:\/\/schema.org","@graph":[{"@type":"WebPage","@id":"https:\/\/gr-100.com\/pt-pt\/producto\/especializado-aethos-pro-shimano-ultegra-di2-2024\/","url":"https:\/\/gr-100.com\/pt-pt\/producto\/especializado-aethos-pro-shimano-ultegra-di2-2024\/","name":"GR-100 Especializado Aethos Pro-Shimano Di2 24","isPartOf":{"@id":"https:\/\/gr-100.com\/#website"},"primaryImageOfPage":{"@id":"https:\/\/gr-100.com\/pt-pt\/producto\/especializado-aethos-pro-shimano-ultegra-di2-2024\/#primaryimage"},"image":{"@id":"https:\/\/gr-100.com\/pt-pt\/producto\/especializado-aethos-pro-shimano-ultegra-di2-2024\/#primaryimage"},"thumbnailUrl":"https:\/\/gr-100.com\/wp-content\/uploads\/2024\/05\/6-Screenshot-of-Specialized.jpg","datePublished":"2024-07-01T11:39:54+00:00","dateModified":"2025-11-26T14:41:48+00:00","description":"A linha Aethos promete tr\u00eas coisas: excecional leveza, caracter\u00edsticas de condu\u00e7\u00e3o perfeitamente equilibradas e estilo ineg\u00e1vel, e este Aethos","breadcrumb":{"@id":"https:\/\/gr-100.com\/pt-pt\/producto\/especializado-aethos-pro-shimano-ultegra-di2-2024\/#breadcrumb"},"inLanguage":"pt-PT","potentialAction":[{"@type":"ReadAction","target":["https:\/\/gr-100.com\/pt-pt\/producto\/especializado-aethos-pro-shimano-ultegra-di2-2024\/"]}]},{"@type":"ImageObject","inLanguage":"pt-PT","@id":"https:\/\/gr-100.com\/pt-pt\/producto\/especializado-aethos-pro-shimano-ultegra-di2-2024\/#primaryimage","url":"https:\/\/gr-100.com\/wp-content\/uploads\/2024\/05\/6-Screenshot-of-Specialized.jpg","contentUrl":"https:\/\/gr-100.com\/wp-content\/uploads\/2024\/05\/6-Screenshot-of-Specialized.jpg","width":1000,"height":1000},{"@type":"BreadcrumbList","@id":"https:\/\/gr-100.com\/pt-pt\/producto\/especializado-aethos-pro-shimano-ultegra-di2-2024\/#breadcrumb","itemListElement":[{"@type":"ListItem","position":1,"name":"Portada","item":"https:\/\/gr-100.com\/en\/"},{"@type":"ListItem","position":2,"name":"Productos","item":"https:\/\/gr-100.com\/?post_type=product"},{"@type":"ListItem","position":3,"name":"Especializado Aethos Pro &#8211; Shimano Ultegra Di2 2024"}]},{"@type":"WebSite","@id":"https:\/\/gr-100.com\/#website","url":"https:\/\/gr-100.com\/","name":"Gr-100 Tienda de ciclismo Specialized","description":"GR-100 tenemos todas las gamas de bicicletas Specialized al mejor precio.","publisher":{"@id":"https:\/\/gr-100.com\/#organization"},"alternateName":"Gr-100 Bikes","potentialAction":[{"@type":"SearchAction","target":{"@type":"EntryPoint","urlTemplate":"https:\/\/gr-100.com\/?s={search_term_string}"},"query-input":{"@type":"PropertyValueSpecification","valueRequired":true,"valueName":"search_term_string"}}],"inLanguage":"pt-PT"},{"@type":"Organization","@id":"https:\/\/gr-100.com\/#organization","name":"Gr-100","url":"https:\/\/gr-100.com\/","logo":{"@type":"ImageObject","inLanguage":"pt-PT","@id":"https:\/\/gr-100.com\/#\/schema\/logo\/image\/","url":"https:\/\/gr-100.com\/wp-content\/uploads\/2023\/08\/logo-gr-100-bikes.png","contentUrl":"https:\/\/gr-100.com\/wp-content\/uploads\/2023\/08\/logo-gr-100-bikes.png","width":707,"height":284,"caption":"Gr-100"},"image":{"@id":"https:\/\/gr-100.com\/#\/schema\/logo\/image\/"},"sameAs":["https:\/\/www.facebook.com\/Gr100Bikes","https:\/\/www.instagram.com\/gr100bikes\/","https:\/\/www.tiktok.com\/@gr100bikes","https:\/\/twitter.com\/gr100mtbteam","https:\/\/www.youtube.com\/c\/GR100Specialized"]}]}},"_links":{"self":[{"href":"https:\/\/gr-100.com\/pt-pt\/wp-json\/wp\/v2\/product\/383149","targetHints":{"allow":["GET"]}}],"collection":[{"href":"https:\/\/gr-100.com\/pt-pt\/wp-json\/wp\/v2\/product"}],"about":[{"href":"https:\/\/gr-100.com\/pt-pt\/wp-json\/wp\/v2\/types\/product"}],"replies":[{"embeddable":true,"href":"https:\/\/gr-100.com\/pt-pt\/wp-json\/wp\/v2\/comments?post=383149"}],"wp:featuredmedia":[{"embeddable":true,"href":"https:\/\/gr-100.com\/pt-pt\/wp-json\/wp\/v2\/media\/304004"}],"wp:attachment":[{"href":"https:\/\/gr-100.com\/pt-pt\/wp-json\/wp\/v2\/media?parent=383149"}],"wp:term":[{"taxonomy":"product_brand","embeddable":true,"href":"https:\/\/gr-100.com\/pt-pt\/wp-json\/wp\/v2\/product_brand?post=383149"},{"taxonomy":"product_cat","embeddable":true,"href":"https:\/\/gr-100.com\/pt-pt\/wp-json\/wp\/v2\/product_cat?post=383149"},{"taxonomy":"product_tag","embeddable":true,"href":"https:\/\/gr-100.com\/pt-pt\/wp-json\/wp\/v2\/product_tag?post=383149"}],"curies":[{"name":"wp","href":"https:\/\/api.w.org\/{rel}","templated":true}]}}