{"id":383217,"date":"2024-07-01T13:54:29","date_gmt":"2024-07-01T11:54:29","guid":{"rendered":"https:\/\/gr-100.com\/producto\/conjunto-de-quadros-especializado-do-modulo-de-disco-shiv-tt-s-works-2023\/"},"modified":"2025-11-26T16:42:22","modified_gmt":"2025-11-26T14:42:22","slug":"conjunto-de-quadros-especializado-do-modulo-de-disco-shiv-tt-s-works-2023","status":"publish","type":"product","link":"https:\/\/gr-100.com\/pt-pt\/producto\/conjunto-de-quadros-especializado-do-modulo-de-disco-shiv-tt-s-works-2023\/","title":{"rendered":"Conjunto de quadros especializado do m\u00f3dulo de disco Shiv TT S-Works 2023"},"content":{"rendered":"<p><strong>Especifica\u00e7\u00f5es t\u00e9cnicas<\/strong><\/p>\n<ul>\n<li>Frame S-Works FACT 11r carbon, Win Tunnel Engineered, UCI Legal, roteamento de cabos el\u00e9tricos internos, BSA Threaded, eixo thru de 12x142mm, disco de montagem plana<\/li>\n<li>Forquilha S-Works FACT carbon, UCI Legal, eixo thru 100x12mm, disco de montagem plana<\/li>\n<li>Guiador Specialized Shiv TT Barra integrada\/haste aerobar<\/li>\n<li>Tampa da haste Stem Shiv TT Basebar<\/li>\n<li>SeatPost 2019 S-Works Venge aero seatpost, carbono FACT, compat\u00edvel com Di2<\/li>\n<li>Cunha integrada Seat Binder Shiv TT<\/li>\n<\/ul>\n<p><strong><span class=\"Collapsible__ExpandItem open\" role=\"button\">Geometria<\/span><\/strong><\/p>\n<table class=\"table table_wrapper\" style=\"width: 554px\">\n<thead class=\"table_header-Wrapper\">\n<tr>\n<th style=\"width: 346.431px\" scope=\"col\"><\/th>\n<th style=\"width: 45.0556px;text-align: center\">XS<\/th>\n<th style=\"width: 45.0556px;text-align: center\">S<\/th>\n<th style=\"width: 45.0556px;text-align: center\">M<\/th>\n<th style=\"width: 41.0694px;text-align: center\">L<\/th>\n<p> |<br \/>\n<\/tr>\n<\/thead>\n<tbody>\n<tr>\n<th class=\"column_header\" style=\"text-align: left;width: 346.431px\">Largura do guiador<\/th>\n<td class=\"geo_values\" style=\"width: 45.0556px;text-align: center\">400<\/td>\n<td class=\"geo_values\" style=\"width: 45.0556px;text-align: center\">400<\/td>\n<td class=\"geo_values\" style=\"width: 45.0556px;text-align: center\">400 400<\/td>\n<td class=\"geo_values\" style=\"width: 41.0694px;text-align: center\"><\/td>\n<\/tr>\n<tr>\n<th class=\"column_header\" style=\"text-align: left;width: 346.431px\">Comprimento do caule<\/th>\n<td class=\"geo_values\" style=\"width: 45.0556px;text-align: center\">75<\/td>\n<td class=\"geo_values\" style=\"width: 45.0556px;text-align: center\">75<\/td>\n<td class=\"geo_values\" style=\"width: 45.0556px;text-align: center\">75<\/td>\n<td class=\"geo_values\" style=\"width: 41.0694px;text-align: center\">75<\/td>\n<\/tr>\n<tr>\n<th class=\"column_header\" style=\"text-align: left;width: 346.431px\">Comprimento do espig\u00e3o<\/th>\n<td class=\"geo_values\" style=\"width: 45.0556px;text-align: center\">390<\/td>\n<td class=\"geo_values\" style=\"width: 45.0556px;text-align: center\">390<\/td>\n<td class=\"geo_values\" style=\"width: 45.0556px;text-align: center\">390<\/td>\n<td class=\"geo_values\" style=\"width: 41.0694px;text-align: center\">390<\/td>\n<\/tr>\n<tr>\n<th class=\"column_header\" style=\"text-align: left;width: 346.431px\">Comprimento do tubo do assento<\/th>\n<td class=\"geo_values\" style=\"width: 45.0556px;text-align: center\">504<\/td>\n<td class=\"geo_values\" style=\"width: 45.0556px;text-align: center\">564<\/td>\n<td class=\"geo_values\" style=\"width: 45.0556px;text-align: center\">563<\/td>\n<td class=\"geo_values\" style=\"width: 41.0694px;text-align: center\">562<\/td>\n<\/tr>\n<tr>\n<th class=\"column_header\" style=\"text-align: left;width: 346.431px\">Alcance efetivo ao centro do Pad, posi\u00e7\u00e3o FORWARD<\/th>\n<td class=\"geo_values\" style=\"width: 45.0556px;text-align: center\">464<\/td>\n<td class=\"geo_values\" style=\"width: 45.0556px;text-align: center\">476<\/td>\n<td class=\"geo_values\" style=\"width: 45.0556px;text-align: center\">491<\/td>\n<td class=\"geo_values\" style=\"width: 41.0694px;text-align: center\">506<\/td>\n<\/tr>\n<tr>\n<th class=\"column_header\" style=\"text-align: left;width: 346.431px\">Pilha<\/th>\n<td class=\"geo_values\" style=\"width: 45.0556px;text-align: center\">485<\/td>\n<td class=\"geo_values\" style=\"width: 45.0556px;text-align: center\">495<\/td>\n<td class=\"geo_values\" style=\"width: 45.0556px;text-align: center\">495<\/td>\n<td class=\"geo_values\" style=\"width: 41.0694px;text-align: center\">495<\/td>\n<\/tr>\n<tr>\n<th class=\"column_header\" style=\"text-align: left;width: 346.431px\">Comprimento do tubo de cabe\u00e7a<\/th>\n<td class=\"geo_values\" style=\"width: 45.0556px;text-align: center\">90<\/td>\n<td class=\"geo_values\" style=\"width: 45.0556px;text-align: center\">95 95 95<\/td>\n<td class=\"geo_values\" style=\"width: 45.0556px;text-align: center\"><\/td>\n<td class=\"geo_values\" style=\"width: 41.0694px;text-align: center\"><\/td>\n<\/tr>\n<tr>\n<th class=\"column_header\" style=\"text-align: left;width: 346.431px\">Comprimento da estada em cadeia:<\/th>\n<td class=\"geo_values\" style=\"width: 45.0556px;text-align: center\">410<\/td>\n<p>, <\/p>\n<td class=\"geo_values\" style=\"width: 45.0556px;text-align: center\">410<\/td>\n<p>, <\/p>\n<td class=\"geo_values\" style=\"width: 45.0556px;text-align: center\">410<\/td>\n<p>, <\/p>\n<td class=\"geo_values\" style=\"width: 41.0694px;text-align: center\">410<\/td>\n<\/tr>\n<tr>\n<th class=\"column_header\" style=\"text-align: left;width: 346.431px\">Dist\u00e2ncia entre eixos<\/th>\n<td class=\"geo_values\" style=\"width: 45.0556px;text-align: center\">972<\/td>\n<td class=\"geo_values\" style=\"width: 45.0556px;text-align: center\">978<\/td>\n<td class=\"geo_values\" style=\"width: 45.0556px;text-align: center\">993<\/td>\n<td class=\"geo_values\" style=\"width: 41.0694px;text-align: center\">1008<\/td>\n<\/tr>\n<tr>\n<th class=\"column_header\" style=\"text-align: left;width: 346.431px\">\u00c2ngulo do assento-tubo<\/th>\n<td class=\"geo_values\" style=\"width: 45.0556px;text-align: center\">74,5<\/td>\n<td class=\"geo_values\" style=\"width: 45.0556px;text-align: center\">74,5<\/td>\n<td class=\"geo_values\" style=\"width: 45.0556px;text-align: center\">75<\/td>\n<td class=\"geo_values\" style=\"width: 41.0694px;text-align: center\">75,75<\/td>\n<\/tr>\n<tr>\n<th class=\"column_header\" style=\"text-align: left;width: 346.431px\">Pilha eficaz para suporte de almofada, posi\u00e7\u00e3o mais baixa<\/th>\n<td class=\"geo_values\" style=\"width: 45.0556px;text-align: center\">535<\/td>\n<td class=\"geo_values\" style=\"width: 45.0556px;text-align: center\">545<\/td>\n<td class=\"geo_values\" style=\"width: 45.0556px;text-align: center\">545<\/td>\n<td class=\"geo_values\" style=\"width: 41.0694px;text-align: center\">545<\/td>\n<\/tr>\n<tr>\n<th class=\"column_header\" style=\"text-align: left;width: 346.431px\">\u00c2ngulo cabe\u00e7a-tubo<\/th>\n<td class=\"geo_values\" style=\"width: 45.0556px;text-align: center\">71<\/td>\n<td class=\"geo_values\" style=\"width: 45.0556px;text-align: center\">72 72<\/td>\n<td class=\"geo_values\" style=\"width: 45.0556px;text-align: center\">72<\/td>\n<td class=\"geo_values\" style=\"width: 41.0694px;text-align: center\"><\/td>\n<\/tr>\n<tr>\n<th class=\"column_header\" style=\"text-align: left;width: 346.431px\">Garfo Rake\/Offset<\/th>\n<td class=\"geo_values\" style=\"width: 45.0556px;text-align: center\">45<\/td>\n<td class=\"geo_values\" style=\"width: 45.0556px;text-align: center\">45<\/td>\n<td class=\"geo_values\" style=\"width: 45.0556px;text-align: center\">45<\/td>\n<td class=\"geo_values\" style=\"width: 41.0694px;text-align: center\">45<\/td>\n<\/tr>\n<tr>\n<th class=\"column_header\" style=\"text-align: left;width: 346.431px\">Alcance efetivo ao centro do Pad, posi\u00e7\u00e3o traseira<\/th>\n<td class=\"geo_values\" style=\"width: 45.0556px;text-align: center\">436<\/td>\n<td class=\"geo_values\" style=\"width: 45.0556px;text-align: center\">448<\/td>\n<td class=\"geo_values\" style=\"width: 45.0556px;text-align: center\">463 478<\/td>\n<td class=\"geo_values\" style=\"width: 41.0694px;text-align: center\"><\/td>\n<\/tr>\n<tr>\n<th class=\"column_header\" style=\"text-align: left;width: 346.431px\">Comprimento da forquilha (completo)<\/th>\n<td class=\"geo_values\" style=\"width: 45.0556px;text-align: center\">363<\/td>\n<td class=\"geo_values\" style=\"width: 45.0556px;text-align: center\">363<\/td>\n<td class=\"geo_values\" style=\"width: 45.0556px;text-align: center\">363<\/td>\n<td class=\"geo_values\" style=\"width: 41.0694px;text-align: center\">363<\/td>\n<\/tr>\n<tr>\n<th class=\"column_header\" style=\"text-align: left;width: 346.431px\">Comprimento do tubo superior (horizontal)<\/th>\n<td class=\"geo_values\" style=\"width: 45.0556px;text-align: center\">512<\/td>\n<td class=\"geo_values\" style=\"width: 45.0556px;text-align: center\">527<\/td>\n<td class=\"geo_values\" style=\"width: 45.0556px;text-align: center\">538<\/td>\n<td class=\"geo_values\" style=\"width: 41.0694px;text-align: center\">546<\/td>\n<\/tr>\n<tr>\n<th class=\"column_header\" style=\"text-align: left;width: 346.431px\">Altura do Stand-Over da Bicicleta<\/th>\n<td class=\"geo_values\" style=\"width: 45.0556px;text-align: center\">769<\/td>\n<td class=\"geo_values\" style=\"width: 45.0556px;text-align: center\">802<\/td>\n<td class=\"geo_values\" style=\"width: 45.0556px;text-align: center\">802<\/td>\n<td class=\"geo_values\" style=\"width: 41.0694px;text-align: center\">802<\/td>\n<\/tr>\n<tr>\n<th class=\"column_header\" style=\"text-align: left;width: 346.431px\">B-B Altura<\/th>\n<td class=\"geo_values\" style=\"width: 45.0556px;text-align: center\">269<\/td>\n<td class=\"geo_values\" style=\"width: 45.0556px;text-align: center\">270<\/td>\n<td class=\"geo_values\" style=\"width: 45.0556px;text-align: center\">270<\/td>\n<td class=\"geo_values\" style=\"width: 41.0694px;text-align: center\">270<\/td>\n<\/tr>\n<tr>\n<th class=\"column_header\" style=\"text-align: left;width: 346.431px\">Pilha eficaz para suporte de almofada, posi\u00e7\u00e3o mais alta<\/th>\n<td class=\"geo_values\" style=\"width: 45.0556px;text-align: center\">680<\/td>\n<td class=\"geo_values\" style=\"width: 45.0556px;text-align: center\">690<\/td>\n<td class=\"geo_values\" style=\"width: 45.0556px;text-align: center\">690 690<\/td>\n<td class=\"geo_values\" style=\"width: 41.0694px;text-align: center\"><\/td>\n<\/tr>\n<tr>\n<th class=\"column_header\" style=\"text-align: left;width: 346.431px\">B-B Queda<\/th>\n<td class=\"geo_values\" style=\"width: 45.0556px;text-align: center\">70<\/td>\n<td class=\"geo_values\" style=\"width: 45.0556px;text-align: center\">72<\/td>\n<td class=\"geo_values\" style=\"width: 45.0556px;text-align: center\">72 72<\/td>\n<td class=\"geo_values\" style=\"width: 41.0694px;text-align: center\"><\/td>\n<\/tr>\n<tr>\n<th class=\"column_header\" style=\"text-align: left;width: 346.431px\">Percurso<\/th>\n<td class=\"geo_values\" style=\"width: 45.0556px;text-align: center\">70<\/td>\n<td class=\"geo_values\" style=\"width: 45.0556px;text-align: center\">63<\/td>\n<td class=\"geo_values\" style=\"width: 45.0556px;text-align: center\">63<\/td>\n<td class=\"geo_values\" style=\"width: 41.0694px;text-align: center\">63<\/td>\n<\/tr>\n<tr>\n<th class=\"column_header\" style=\"text-align: left;width: 346.431px\">Alcance<\/th>\n<td class=\"geo_values\" style=\"width: 45.0556px;text-align: center\">378<\/td>\n<td class=\"geo_values\" style=\"width: 45.0556px;text-align: center\">390<\/td>\n<td class=\"geo_values\" style=\"width: 45.0556px;text-align: center\">405<\/td>\n<td class=\"geo_values\" style=\"width: 41.0694px;text-align: center\">420<\/td>\n<\/tr>\n<tr>\n<th class=\"column_header\" style=\"text-align: left;width: 346.431px\">Centro Frontal<\/th>\n<td class=\"geo_values\" style=\"width: 45.0556px;text-align: center\">573<\/td>\n<td class=\"geo_values\" style=\"width: 45.0556px;text-align: center\">579<\/td>\n<td class=\"geo_values\" style=\"width: 45.0556px;text-align: center\">594<\/td>\n<td class=\"geo_values\" style=\"width: 41.0694px;text-align: center\">609<\/td>\n<\/tr>\n<\/tbody>\n<\/table>\n<div class=\"SingleTechSpec__SpecsGrid-bMxKIX cnRHCi\">\n<div class=\"SpecContainer__Container-eipXEp fMYOwB\">\n<div class=\"SpecContainer__ComponentContainer-SZNDe hoFing\">\n<div class=\"Accordion__ChildrenContainer-YWxag iksWrM\">\n<div class=\"Accordion__ChildrenInner-buBgOp klFUDL\">\n<div class=\"Geometry__Container-fdWckh hSMqwd\">\n<div class=\"Geometry__ColumnContainer-hCnUTv dPVgir\"><\/div>\n<\/div>\n<\/div>\n<\/div>\n<\/div>\n<\/div>\n<\/div>\n","protected":false},"excerpt":{"rendered":"<p>O m\u00f3dulo de disco S-Works Shiv TT \u00e9 a tela perfeita para come\u00e7ar a construir o equipamento TT dos seus sonhos.<br \/>\n\u00c0 medida que as corridas de contrarrel\u00f3gio se tornaram mais t\u00e9cnicas e exigentes, \u00e9 importante aproveitar anos de I+D e feedback de pilotos profissionais para criar a moto de contrarrel\u00f3gio mais r\u00e1pida, para todas as corridas. <\/p>\n","protected":false},"featured_media":304586,"comment_status":"closed","ping_status":"closed","template":"","meta":{"_acf_changed":false,"_et_pb_use_builder":"","_et_pb_old_content":"","_et_gb_content_width":"","inline_featured_image":false},"product_brand":[],"product_cat":[2459,378,2483],"product_tag":[],"class_list":{"0":"post-383217","1":"product","2":"type-product","3":"status-publish","4":"has-post-thumbnail","6":"product_cat-bicicletas-pt-pt-2","7":"product_cat-estrada","8":"product_cat-bicicletas-especializadas","9":"product_shipping_class-bicicletas-pt-pt","11":"first","12":"outofstock","13":"taxable","14":"shipping-taxable","15":"product-type-variable","16":"wvs-archive-product-wrapper"},"acf":[],"yoast_head":"<!-- This site is optimized with the Yoast SEO Premium plugin v26.7 (Yoast SEO v26.7) - https:\/\/yoast.com\/wordpress\/plugins\/seo\/ -->\n<title>Conjunto de quadros especializado do m\u00f3dulo de disco Shiv TT S-Works 2023 GR-100<\/title>\n<meta name=\"description\" content=\"O m\u00f3dulo de disco S-Works Shiv TT \u00e9 a tela perfeita para come\u00e7ar a construir o equipamento TT dos seus sonhos. S-Works FACT 11r carbono, Win Tunnel Engineered\" \/>\n<meta name=\"robots\" content=\"index, follow, max-snippet:-1, max-image-preview:large, max-video-preview:-1\" \/>\n<link rel=\"canonical\" href=\"https:\/\/gr-100.com\/pt-pt\/producto\/conjunto-de-quadros-especializado-do-modulo-de-disco-shiv-tt-s-works-2023\/\" \/>\n<meta property=\"og:locale\" content=\"pt_PT\" \/>\n<meta property=\"og:type\" content=\"article\" \/>\n<meta property=\"og:title\" content=\"Conjunto de quadros especializado do m\u00f3dulo de disco Shiv TT S-Works 2023\" \/>\n<meta property=\"og:description\" content=\"O m\u00f3dulo de disco S-Works Shiv TT \u00e9 a tela perfeita para come\u00e7ar a construir o equipamento TT dos seus sonhos. S-Works FACT 11r carbono, Win Tunnel Engineered\" \/>\n<meta property=\"og:url\" content=\"https:\/\/gr-100.com\/pt-pt\/producto\/conjunto-de-quadros-especializado-do-modulo-de-disco-shiv-tt-s-works-2023\/\" \/>\n<meta property=\"og:site_name\" content=\"Gr-100 Tienda de ciclismo Specialized\" \/>\n<meta property=\"article:publisher\" content=\"https:\/\/www.facebook.com\/Gr100Bikes\" \/>\n<meta property=\"article:modified_time\" content=\"2025-11-26T14:42:22+00:00\" \/>\n<meta property=\"og:image\" content=\"https:\/\/gr-100.com\/wp-content\/uploads\/2024\/05\/S-Works-Shiv-TT-Disc-Module.jpeg\" \/>\n\t<meta property=\"og:image:width\" content=\"2560\" \/>\n\t<meta property=\"og:image:height\" content=\"2560\" \/>\n\t<meta property=\"og:image:type\" content=\"image\/jpeg\" \/>\n<meta name=\"twitter:card\" content=\"summary_large_image\" \/>\n<meta name=\"twitter:label1\" content=\"Tempo estimado de leitura\" \/>\n\t<meta name=\"twitter:data1\" content=\"1 minuto\" \/>\n<script type=\"application\/ld+json\" class=\"yoast-schema-graph\">{\"@context\":\"https:\/\/schema.org\",\"@graph\":[{\"@type\":\"WebPage\",\"@id\":\"https:\/\/gr-100.com\/pt-pt\/producto\/conjunto-de-quadros-especializado-do-modulo-de-disco-shiv-tt-s-works-2023\/\",\"url\":\"https:\/\/gr-100.com\/pt-pt\/producto\/conjunto-de-quadros-especializado-do-modulo-de-disco-shiv-tt-s-works-2023\/\",\"name\":\"Conjunto de quadros especializado do m\u00f3dulo de disco Shiv TT S-Works 2023 GR-100\",\"isPartOf\":{\"@id\":\"https:\/\/gr-100.com\/#website\"},\"primaryImageOfPage\":{\"@id\":\"https:\/\/gr-100.com\/pt-pt\/producto\/conjunto-de-quadros-especializado-do-modulo-de-disco-shiv-tt-s-works-2023\/#primaryimage\"},\"image\":{\"@id\":\"https:\/\/gr-100.com\/pt-pt\/producto\/conjunto-de-quadros-especializado-do-modulo-de-disco-shiv-tt-s-works-2023\/#primaryimage\"},\"thumbnailUrl\":\"https:\/\/gr-100.com\/wp-content\/uploads\/2024\/05\/S-Works-Shiv-TT-Disc-Module.jpeg\",\"datePublished\":\"2024-07-01T11:54:29+00:00\",\"dateModified\":\"2025-11-26T14:42:22+00:00\",\"description\":\"O m\u00f3dulo de disco S-Works Shiv TT \u00e9 a tela perfeita para come\u00e7ar a construir o equipamento TT dos seus sonhos. S-Works FACT 11r carbono, Win Tunnel Engineered\",\"breadcrumb\":{\"@id\":\"https:\/\/gr-100.com\/pt-pt\/producto\/conjunto-de-quadros-especializado-do-modulo-de-disco-shiv-tt-s-works-2023\/#breadcrumb\"},\"inLanguage\":\"pt-PT\",\"potentialAction\":[{\"@type\":\"ReadAction\",\"target\":[\"https:\/\/gr-100.com\/pt-pt\/producto\/conjunto-de-quadros-especializado-do-modulo-de-disco-shiv-tt-s-works-2023\/\"]}]},{\"@type\":\"ImageObject\",\"inLanguage\":\"pt-PT\",\"@id\":\"https:\/\/gr-100.com\/pt-pt\/producto\/conjunto-de-quadros-especializado-do-modulo-de-disco-shiv-tt-s-works-2023\/#primaryimage\",\"url\":\"https:\/\/gr-100.com\/wp-content\/uploads\/2024\/05\/S-Works-Shiv-TT-Disc-Module.jpeg\",\"contentUrl\":\"https:\/\/gr-100.com\/wp-content\/uploads\/2024\/05\/S-Works-Shiv-TT-Disc-Module.jpeg\",\"width\":2560,\"height\":2560},{\"@type\":\"BreadcrumbList\",\"@id\":\"https:\/\/gr-100.com\/pt-pt\/producto\/conjunto-de-quadros-especializado-do-modulo-de-disco-shiv-tt-s-works-2023\/#breadcrumb\",\"itemListElement\":[{\"@type\":\"ListItem\",\"position\":1,\"name\":\"Portada\",\"item\":\"https:\/\/gr-100.com\/en\/\"},{\"@type\":\"ListItem\",\"position\":2,\"name\":\"Productos\",\"item\":\"https:\/\/gr-100.com\/?post_type=product\"},{\"@type\":\"ListItem\",\"position\":3,\"name\":\"Conjunto de quadros especializado do m\u00f3dulo de disco Shiv TT S-Works 2023\"}]},{\"@type\":\"WebSite\",\"@id\":\"https:\/\/gr-100.com\/#website\",\"url\":\"https:\/\/gr-100.com\/\",\"name\":\"Gr-100 Tienda de ciclismo Specialized\",\"description\":\"GR-100 tenemos todas las gamas de bicicletas Specialized al mejor precio.\",\"publisher\":{\"@id\":\"https:\/\/gr-100.com\/#organization\"},\"alternateName\":\"Gr-100 Bikes\",\"potentialAction\":[{\"@type\":\"SearchAction\",\"target\":{\"@type\":\"EntryPoint\",\"urlTemplate\":\"https:\/\/gr-100.com\/?s={search_term_string}\"},\"query-input\":{\"@type\":\"PropertyValueSpecification\",\"valueRequired\":true,\"valueName\":\"search_term_string\"}}],\"inLanguage\":\"pt-PT\"},{\"@type\":\"Organization\",\"@id\":\"https:\/\/gr-100.com\/#organization\",\"name\":\"Gr-100\",\"url\":\"https:\/\/gr-100.com\/\",\"logo\":{\"@type\":\"ImageObject\",\"inLanguage\":\"pt-PT\",\"@id\":\"https:\/\/gr-100.com\/#\/schema\/logo\/image\/\",\"url\":\"https:\/\/gr-100.com\/wp-content\/uploads\/2023\/08\/logo-gr-100-bikes.png\",\"contentUrl\":\"https:\/\/gr-100.com\/wp-content\/uploads\/2023\/08\/logo-gr-100-bikes.png\",\"width\":707,\"height\":284,\"caption\":\"Gr-100\"},\"image\":{\"@id\":\"https:\/\/gr-100.com\/#\/schema\/logo\/image\/\"},\"sameAs\":[\"https:\/\/www.facebook.com\/Gr100Bikes\",\"https:\/\/www.instagram.com\/gr100bikes\/\",\"https:\/\/www.tiktok.com\/@gr100bikes\",\"https:\/\/twitter.com\/gr100mtbteam\",\"https:\/\/www.youtube.com\/c\/GR100Specialized\"]}]}<\/script>\n<!-- \/ Yoast SEO Premium plugin. -->","yoast_head_json":{"title":"Conjunto de quadros especializado do m\u00f3dulo de disco Shiv TT S-Works 2023 GR-100","description":"O m\u00f3dulo de disco S-Works Shiv TT \u00e9 a tela perfeita para come\u00e7ar a construir o equipamento TT dos seus sonhos. S-Works FACT 11r carbono, Win Tunnel Engineered","robots":{"index":"index","follow":"follow","max-snippet":"max-snippet:-1","max-image-preview":"max-image-preview:large","max-video-preview":"max-video-preview:-1"},"canonical":"https:\/\/gr-100.com\/pt-pt\/producto\/conjunto-de-quadros-especializado-do-modulo-de-disco-shiv-tt-s-works-2023\/","og_locale":"pt_PT","og_type":"article","og_title":"Conjunto de quadros especializado do m\u00f3dulo de disco Shiv TT S-Works 2023","og_description":"O m\u00f3dulo de disco S-Works Shiv TT \u00e9 a tela perfeita para come\u00e7ar a construir o equipamento TT dos seus sonhos. S-Works FACT 11r carbono, Win Tunnel Engineered","og_url":"https:\/\/gr-100.com\/pt-pt\/producto\/conjunto-de-quadros-especializado-do-modulo-de-disco-shiv-tt-s-works-2023\/","og_site_name":"Gr-100 Tienda de ciclismo Specialized","article_publisher":"https:\/\/www.facebook.com\/Gr100Bikes","article_modified_time":"2025-11-26T14:42:22+00:00","og_image":[{"width":2560,"height":2560,"url":"https:\/\/gr-100.com\/wp-content\/uploads\/2024\/05\/S-Works-Shiv-TT-Disc-Module.jpeg","type":"image\/jpeg"}],"twitter_card":"summary_large_image","twitter_misc":{"Tempo estimado de leitura":"1 minuto"},"schema":{"@context":"https:\/\/schema.org","@graph":[{"@type":"WebPage","@id":"https:\/\/gr-100.com\/pt-pt\/producto\/conjunto-de-quadros-especializado-do-modulo-de-disco-shiv-tt-s-works-2023\/","url":"https:\/\/gr-100.com\/pt-pt\/producto\/conjunto-de-quadros-especializado-do-modulo-de-disco-shiv-tt-s-works-2023\/","name":"Conjunto de quadros especializado do m\u00f3dulo de disco Shiv TT S-Works 2023 GR-100","isPartOf":{"@id":"https:\/\/gr-100.com\/#website"},"primaryImageOfPage":{"@id":"https:\/\/gr-100.com\/pt-pt\/producto\/conjunto-de-quadros-especializado-do-modulo-de-disco-shiv-tt-s-works-2023\/#primaryimage"},"image":{"@id":"https:\/\/gr-100.com\/pt-pt\/producto\/conjunto-de-quadros-especializado-do-modulo-de-disco-shiv-tt-s-works-2023\/#primaryimage"},"thumbnailUrl":"https:\/\/gr-100.com\/wp-content\/uploads\/2024\/05\/S-Works-Shiv-TT-Disc-Module.jpeg","datePublished":"2024-07-01T11:54:29+00:00","dateModified":"2025-11-26T14:42:22+00:00","description":"O m\u00f3dulo de disco S-Works Shiv TT \u00e9 a tela perfeita para come\u00e7ar a construir o equipamento TT dos seus sonhos. S-Works FACT 11r carbono, Win Tunnel Engineered","breadcrumb":{"@id":"https:\/\/gr-100.com\/pt-pt\/producto\/conjunto-de-quadros-especializado-do-modulo-de-disco-shiv-tt-s-works-2023\/#breadcrumb"},"inLanguage":"pt-PT","potentialAction":[{"@type":"ReadAction","target":["https:\/\/gr-100.com\/pt-pt\/producto\/conjunto-de-quadros-especializado-do-modulo-de-disco-shiv-tt-s-works-2023\/"]}]},{"@type":"ImageObject","inLanguage":"pt-PT","@id":"https:\/\/gr-100.com\/pt-pt\/producto\/conjunto-de-quadros-especializado-do-modulo-de-disco-shiv-tt-s-works-2023\/#primaryimage","url":"https:\/\/gr-100.com\/wp-content\/uploads\/2024\/05\/S-Works-Shiv-TT-Disc-Module.jpeg","contentUrl":"https:\/\/gr-100.com\/wp-content\/uploads\/2024\/05\/S-Works-Shiv-TT-Disc-Module.jpeg","width":2560,"height":2560},{"@type":"BreadcrumbList","@id":"https:\/\/gr-100.com\/pt-pt\/producto\/conjunto-de-quadros-especializado-do-modulo-de-disco-shiv-tt-s-works-2023\/#breadcrumb","itemListElement":[{"@type":"ListItem","position":1,"name":"Portada","item":"https:\/\/gr-100.com\/en\/"},{"@type":"ListItem","position":2,"name":"Productos","item":"https:\/\/gr-100.com\/?post_type=product"},{"@type":"ListItem","position":3,"name":"Conjunto de quadros especializado do m\u00f3dulo de disco Shiv TT S-Works 2023"}]},{"@type":"WebSite","@id":"https:\/\/gr-100.com\/#website","url":"https:\/\/gr-100.com\/","name":"Gr-100 Tienda de ciclismo Specialized","description":"GR-100 tenemos todas las gamas de bicicletas Specialized al mejor precio.","publisher":{"@id":"https:\/\/gr-100.com\/#organization"},"alternateName":"Gr-100 Bikes","potentialAction":[{"@type":"SearchAction","target":{"@type":"EntryPoint","urlTemplate":"https:\/\/gr-100.com\/?s={search_term_string}"},"query-input":{"@type":"PropertyValueSpecification","valueRequired":true,"valueName":"search_term_string"}}],"inLanguage":"pt-PT"},{"@type":"Organization","@id":"https:\/\/gr-100.com\/#organization","name":"Gr-100","url":"https:\/\/gr-100.com\/","logo":{"@type":"ImageObject","inLanguage":"pt-PT","@id":"https:\/\/gr-100.com\/#\/schema\/logo\/image\/","url":"https:\/\/gr-100.com\/wp-content\/uploads\/2023\/08\/logo-gr-100-bikes.png","contentUrl":"https:\/\/gr-100.com\/wp-content\/uploads\/2023\/08\/logo-gr-100-bikes.png","width":707,"height":284,"caption":"Gr-100"},"image":{"@id":"https:\/\/gr-100.com\/#\/schema\/logo\/image\/"},"sameAs":["https:\/\/www.facebook.com\/Gr100Bikes","https:\/\/www.instagram.com\/gr100bikes\/","https:\/\/www.tiktok.com\/@gr100bikes","https:\/\/twitter.com\/gr100mtbteam","https:\/\/www.youtube.com\/c\/GR100Specialized"]}]}},"_links":{"self":[{"href":"https:\/\/gr-100.com\/pt-pt\/wp-json\/wp\/v2\/product\/383217","targetHints":{"allow":["GET"]}}],"collection":[{"href":"https:\/\/gr-100.com\/pt-pt\/wp-json\/wp\/v2\/product"}],"about":[{"href":"https:\/\/gr-100.com\/pt-pt\/wp-json\/wp\/v2\/types\/product"}],"replies":[{"embeddable":true,"href":"https:\/\/gr-100.com\/pt-pt\/wp-json\/wp\/v2\/comments?post=383217"}],"wp:featuredmedia":[{"embeddable":true,"href":"https:\/\/gr-100.com\/pt-pt\/wp-json\/wp\/v2\/media\/304586"}],"wp:attachment":[{"href":"https:\/\/gr-100.com\/pt-pt\/wp-json\/wp\/v2\/media?parent=383217"}],"wp:term":[{"taxonomy":"product_brand","embeddable":true,"href":"https:\/\/gr-100.com\/pt-pt\/wp-json\/wp\/v2\/product_brand?post=383217"},{"taxonomy":"product_cat","embeddable":true,"href":"https:\/\/gr-100.com\/pt-pt\/wp-json\/wp\/v2\/product_cat?post=383217"},{"taxonomy":"product_tag","embeddable":true,"href":"https:\/\/gr-100.com\/pt-pt\/wp-json\/wp\/v2\/product_tag?post=383217"}],"curies":[{"name":"wp","href":"https:\/\/api.w.org\/{rel}","templated":true}]}}