{"id":383281,"date":"2024-07-01T13:35:07","date_gmt":"2024-07-01T11:35:07","guid":{"rendered":"https:\/\/gr-100.com\/producto\/especializada-roubaix-sl8-comp-24\/"},"modified":"2025-09-22T16:14:52","modified_gmt":"2025-09-22T14:14:52","slug":"especializada-roubaix-sl8-comp-24","status":"publish","type":"product","link":"https:\/\/gr-100.com\/pt-pt\/producto\/especializada-roubaix-sl8-comp-24\/","title":{"rendered":"Specialized Roubaix SL8 Comp 24 |"},"content":{"rendered":"<ul>\n<li>CONFORTO: O Future Shock 3.0 \u00e9 a estrela do show, mais ajust\u00e1vel e dur\u00e1vel do que nunca. Agora, independentemente da posi\u00e7\u00e3o na moto, cada piloto experimenta 20 mm de deslocamento suave e sem ader\u00eancias entre a haste e o tubo da cabe\u00e7a. O Future Shock ajuda a manter as suas m\u00e3os e guiadores est\u00e1veis para uma condu\u00e7\u00e3o mais suave e controlada para uma condu\u00e7\u00e3o r\u00e1pida, segura e confiante.<br \/>\nO nosso design com a bra\u00e7adeira de espig\u00e3o mais baixa exp\u00f5e mais espig\u00e3o para aumentar a flexibilidade, mas &#8220;mais&#8221; n\u00e3o \u00e9 simplesmente melhor. O espig\u00e3o de assento Pav\u00e9 controla a flex\u00e3o para um conforto vertical ideal. Em conjunto, criam a tecnologia AfterShock e, quando combinados com o tri\u00e2ngulo traseiro r\u00edgido do Roubaix, proporcionam uma condu\u00e7\u00e3o suave sem perda de efici\u00eancia.<br \/>\nA Roubaix SL8 \u00e9 a moto de estrada mais confort\u00e1vel que a nossa equipa da Ride Science alguma vez testou, reduzindo os impactos do guiador e do selim em 53% em compara\u00e7\u00e3o com a competi\u00e7\u00e3o mais pr\u00f3xima. Com o Future Shock 3.0 da Roubaix, a roda viaja rapidamente sobre o solavanco, enquanto a massa do piloto permanece est\u00e1vel, mantendo o \u00edmpeto em terrenos acidentados. Os garfos tradicionais flexionam para tr\u00e1s no impacto, causando uma perda mensur\u00e1vel de velocidade. \u00c9 um facto cient\u00edfico, quanto mais confort\u00e1vel for mais r\u00e1pido.       <\/li>\n<li>CAPACIDADE: A Roubaix foi pioneira na geometria de resist\u00eancia, para que conduza &#8220;ON&#8221; a moto, e n\u00e3o &#8220;ON&#8221; a moto para aliviar a press\u00e3o nas suas m\u00e3os, bra\u00e7os e ombros para ter confian\u00e7a em qualquer estrada, e est\u00e1 pronta para enfrentar uma descida de montanha a alta velocidade. Proteja-se! Com uma capacidade para pneus at\u00e9 38c\/40mm, esta m\u00e1quina de estrada de resist\u00eancia oferece melhor tra\u00e7\u00e3o do que nunca em estradas dif\u00edceis e at\u00e9 cascalho leve. Gra\u00e7as \u00e0 sua leveza e efici\u00eancia, os pneus Specialized oferecem volume extra e maior tra\u00e7\u00e3o sem comprometer o desempenho.<br \/>\nA Roubaix inspira-nos a planear dias realmente GRANDES na moto, por isso demos-lhe todas as montagens que as suas aventuras podem precisar: tr\u00eas suportes de gaiola de garrafa, suportes de tubo superior e est\u00e1 at\u00e9 preparado para guarda-lamas. Ent\u00e3o, v\u00e1 em frente e leve tudo isso com voc\u00ea.\n  <\/li>\n<li>DESEMPENHO: O novo Roubaix SL8 \u00e9 o mais aerodin\u00e2mico at\u00e9 \u00e0 data, com novas formas aerodin\u00e2micas desenhadas a partir da nossa biblioteca Free Foil e assentos baixos.<br \/>\nCom apenas 950 gramas, o quadro \u00e9 mais leve gra\u00e7as \u00e0s li\u00e7\u00f5es aprendidas com o Aethos \u2013 o quadro de produ\u00e7\u00e3o mais leve do mundo \u2013 e a nossa fibra de carbono premium Fact 10r.<br \/>\nNada na sua categoria \u00e9 mais r\u00e1pido ou mais leve do que o Roubaix.  <\/li>\n<\/ul>\n<ul>\n<li>CARATER\u00cdSTICAS:<\/li>\n<\/ul>\n<p>Specialized Hover Comp, Liga, 125mm Drop, 75mm Reach w\/Di2 Hole<br \/>\nSTEM STEM Future<br \/>\nStem Comp<br \/>\nTAPE Supacaz Super Sticky Kush<br \/>\nSADDLE<br \/>\nBody Geometry Power Sport SADDLE<br \/>\n, trilhos de<br \/>\n a\u00e7oS-Works Pave<br \/>\nSEATPOST<br \/>\n HARD. SELIM<br \/>\nBra\u00e7adeira de gota escondida<br \/>\nCONTROLOS DE MUDAN\u00c7A DE VELOCIDADE<br \/>\nShimano 105 R7170, disco hidr\u00e1ulico<br \/>\nDESVIADOR<br \/>\nShimano 105 R7170, brasa<br \/>\nMUDAN\u00c7A<br \/>\nShimano 105 R7150, 12 velocidades CASSETTE Shimano 105, 12 velocidades, 11-36t<\/p>\n<p>CADEIA<br \/>\nShimano 105, 12 velocidades<br \/>\nSUPORTE INFERIOR<br \/>\nShimano 105, 12 velocidades<br \/>\nPRATOS<br \/>\n50\/34T<br \/>\nSUPORTE INFERIOR<br \/>\nShimano BSA BB roscado<br \/>\nGARFO<br \/>\nFuture Shock 3.2 w \/ Bota lisa, FACT Carbon 12x100mm, eixo thru, disco de montagem plana<br \/>\nIMAGEM<br \/>\nFACTO 10R, Rider First Engineered\u2122 (RFE), tubos FreeFoil Shape Library, BB roscado, eixo thru de 12x142mm, disco de montagem plana<br \/>\nDT RODA DIANTEIRA<br \/>\nSwiss G540 aro, 24mm largura interna, tubeless ready, 24h, Specialized full sealed bearing through axle cub, centerlock disc, DT Swiss Champion 14G stainless steel spokes, DT Swiss brass nipples<br \/>\nDT roda<br \/>\ntraseira Swiss G540 aro, 24mm largura interna, tubeless ready, 24h, Specialized full sealed bearing thru eixo hub, disco de bloqueio central, raios de a\u00e7o inoxid\u00e1vel DT Swiss Champion 14G,  DT Mamilos de lat\u00e3o su\u00ed\u00e7o PNEU DIANTEIRO<br \/>\n.<br \/>\nS-Works Mondo 2BR, 700x32c<br \/>\nPNEU TRASEIRO<br \/>\nS-Works Mondo 2BR, 700x32c<br \/>\nC\u00c2MARAS<br \/>\nV\u00e1lvula Presta 700&#215;28\/38mm, 48mm<br \/>\nTRAV\u00c3O DIANTEIRO<br \/>\nShimano 105, Disco hidr\u00e1ulico<br \/>\nTRAV\u00c3O TRASEIRO<br \/>\nShimano 105, Disco hidr\u00e1ulico<br \/>\nPESO<br \/>\nD\u00cdNAMO<br \/>\n8,97 kg (19 lb, 12,4 oz) TAMANHO 56<\/p>\n<p>* Os pesos baseiam-se em fotografias de produ\u00e7\u00e3o pintadas, tal como indicado na imagem. Os pesos reais variam consoante a cor, o tamanho do quadro e a varia\u00e7\u00e3o dos componentes. As especifica\u00e7\u00f5es est\u00e3o sujeitas a altera\u00e7\u00f5es sem aviso pr\u00e9vio.<\/p>\n","protected":false},"excerpt":{"rendered":"<p>H\u00e1 duas d\u00e9cadas, cri\u00e1mos a categoria de estrada Endurance, provando que uma elevada ergonomia significa um elevado desempenho.<br \/>\nHoje, a nova Roubaix SL8 com Future Shock 3.0 \u00e9 mais leve, mais r\u00e1pida e mais confort\u00e1vel do que qualquer moto de estrada alguma vez fabricada, oferecendo ao condutor uma confian\u00e7a inigual\u00e1vel.<br \/>\nA estrada pode ser um inferno, mas pedalar num Roubaix \u00e9 sempre como pedalar no c\u00e9u.  <\/p>\n","protected":false},"featured_media":303758,"comment_status":"closed","ping_status":"closed","template":"","meta":{"_acf_changed":false,"_et_pb_use_builder":"","_et_pb_old_content":"","_et_gb_content_width":"","inline_featured_image":false},"product_brand":[],"product_cat":[2459,378,2483,2696],"product_tag":[],"class_list":{"0":"post-383281","1":"product","2":"type-product","3":"status-publish","4":"has-post-thumbnail","6":"product_cat-bicicletas-pt-pt-2","7":"product_cat-estrada","8":"product_cat-bicicletas-especializadas","9":"product_cat-ofertas-especializadas","10":"product_shipping_class-bicicletas-pt-pt","12":"first","13":"outofstock","14":"taxable","15":"shipping-taxable","16":"product-type-variable","17":"wvs-archive-product-wrapper"},"acf":[],"yoast_head":"<!-- This site is optimized with the Yoast SEO Premium plugin v26.7 (Yoast SEO v26.7) - https:\/\/yoast.com\/wordpress\/plugins\/seo\/ -->\n<title>Specialized Roubaix SL8 Comp 24 | GR-100<\/title>\n<meta name=\"description\" content=\"A nova Roubaix SL8 com Future Shock 3.0 \u00e9 mais leve, mais r\u00e1pida e mais confort\u00e1vel do que qualquer moto de estrada alguma vez fabricada.\" \/>\n<meta name=\"robots\" content=\"index, follow, max-snippet:-1, max-image-preview:large, max-video-preview:-1\" \/>\n<link rel=\"canonical\" href=\"https:\/\/gr-100.com\/pt-pt\/producto\/especializada-roubaix-sl8-comp-24\/\" \/>\n<meta property=\"og:locale\" content=\"pt_PT\" \/>\n<meta property=\"og:type\" content=\"article\" \/>\n<meta property=\"og:title\" content=\"Specialized Roubaix SL8 Comp 24 |\" \/>\n<meta property=\"og:description\" content=\"A nova Roubaix SL8 com Future Shock 3.0 \u00e9 mais leve, mais r\u00e1pida e mais confort\u00e1vel do que qualquer moto de estrada alguma vez fabricada.\" \/>\n<meta property=\"og:url\" content=\"https:\/\/gr-100.com\/pt-pt\/producto\/especializada-roubaix-sl8-comp-24\/\" \/>\n<meta property=\"og:site_name\" content=\"Gr-100 Tienda de ciclismo Specialized\" \/>\n<meta property=\"article:publisher\" content=\"https:\/\/www.facebook.com\/Gr100Bikes\" \/>\n<meta property=\"article:modified_time\" content=\"2025-09-22T14:14:52+00:00\" \/>\n<meta property=\"og:image\" content=\"https:\/\/gr-100.com\/wp-content\/uploads\/2024\/05\/roubaix_sl8_comp.jpg\" \/>\n\t<meta property=\"og:image:width\" content=\"1000\" \/>\n\t<meta property=\"og:image:height\" content=\"1000\" \/>\n\t<meta property=\"og:image:type\" content=\"image\/jpeg\" \/>\n<meta name=\"twitter:card\" content=\"summary_large_image\" \/>\n<meta name=\"twitter:label1\" content=\"Tempo estimado de leitura\" \/>\n\t<meta name=\"twitter:data1\" content=\"4 minutos\" \/>\n<script type=\"application\/ld+json\" class=\"yoast-schema-graph\">{\"@context\":\"https:\/\/schema.org\",\"@graph\":[{\"@type\":\"WebPage\",\"@id\":\"https:\/\/gr-100.com\/pt-pt\/producto\/especializada-roubaix-sl8-comp-24\/\",\"url\":\"https:\/\/gr-100.com\/pt-pt\/producto\/especializada-roubaix-sl8-comp-24\/\",\"name\":\"Specialized Roubaix SL8 Comp 24 | GR-100\",\"isPartOf\":{\"@id\":\"https:\/\/gr-100.com\/#website\"},\"primaryImageOfPage\":{\"@id\":\"https:\/\/gr-100.com\/pt-pt\/producto\/especializada-roubaix-sl8-comp-24\/#primaryimage\"},\"image\":{\"@id\":\"https:\/\/gr-100.com\/pt-pt\/producto\/especializada-roubaix-sl8-comp-24\/#primaryimage\"},\"thumbnailUrl\":\"https:\/\/gr-100.com\/wp-content\/uploads\/2024\/05\/roubaix_sl8_comp.jpg\",\"datePublished\":\"2024-07-01T11:35:07+00:00\",\"dateModified\":\"2025-09-22T14:14:52+00:00\",\"description\":\"A nova Roubaix SL8 com Future Shock 3.0 \u00e9 mais leve, mais r\u00e1pida e mais confort\u00e1vel do que qualquer moto de estrada alguma vez fabricada.\",\"breadcrumb\":{\"@id\":\"https:\/\/gr-100.com\/pt-pt\/producto\/especializada-roubaix-sl8-comp-24\/#breadcrumb\"},\"inLanguage\":\"pt-PT\",\"potentialAction\":[{\"@type\":\"ReadAction\",\"target\":[\"https:\/\/gr-100.com\/pt-pt\/producto\/especializada-roubaix-sl8-comp-24\/\"]}]},{\"@type\":\"ImageObject\",\"inLanguage\":\"pt-PT\",\"@id\":\"https:\/\/gr-100.com\/pt-pt\/producto\/especializada-roubaix-sl8-comp-24\/#primaryimage\",\"url\":\"https:\/\/gr-100.com\/wp-content\/uploads\/2024\/05\/roubaix_sl8_comp.jpg\",\"contentUrl\":\"https:\/\/gr-100.com\/wp-content\/uploads\/2024\/05\/roubaix_sl8_comp.jpg\",\"width\":1000,\"height\":1000},{\"@type\":\"BreadcrumbList\",\"@id\":\"https:\/\/gr-100.com\/pt-pt\/producto\/especializada-roubaix-sl8-comp-24\/#breadcrumb\",\"itemListElement\":[{\"@type\":\"ListItem\",\"position\":1,\"name\":\"Portada\",\"item\":\"https:\/\/gr-100.com\/en\/\"},{\"@type\":\"ListItem\",\"position\":2,\"name\":\"Productos\",\"item\":\"https:\/\/gr-100.com\/?post_type=product\"},{\"@type\":\"ListItem\",\"position\":3,\"name\":\"Specialized Roubaix SL8 Comp 24 |\"}]},{\"@type\":\"WebSite\",\"@id\":\"https:\/\/gr-100.com\/#website\",\"url\":\"https:\/\/gr-100.com\/\",\"name\":\"Gr-100 Tienda de ciclismo Specialized\",\"description\":\"GR-100 tenemos todas las gamas de bicicletas Specialized al mejor precio.\",\"publisher\":{\"@id\":\"https:\/\/gr-100.com\/#organization\"},\"alternateName\":\"Gr-100 Bikes\",\"potentialAction\":[{\"@type\":\"SearchAction\",\"target\":{\"@type\":\"EntryPoint\",\"urlTemplate\":\"https:\/\/gr-100.com\/?s={search_term_string}\"},\"query-input\":{\"@type\":\"PropertyValueSpecification\",\"valueRequired\":true,\"valueName\":\"search_term_string\"}}],\"inLanguage\":\"pt-PT\"},{\"@type\":\"Organization\",\"@id\":\"https:\/\/gr-100.com\/#organization\",\"name\":\"Gr-100\",\"url\":\"https:\/\/gr-100.com\/\",\"logo\":{\"@type\":\"ImageObject\",\"inLanguage\":\"pt-PT\",\"@id\":\"https:\/\/gr-100.com\/#\/schema\/logo\/image\/\",\"url\":\"https:\/\/gr-100.com\/wp-content\/uploads\/2023\/08\/logo-gr-100-bikes.png\",\"contentUrl\":\"https:\/\/gr-100.com\/wp-content\/uploads\/2023\/08\/logo-gr-100-bikes.png\",\"width\":707,\"height\":284,\"caption\":\"Gr-100\"},\"image\":{\"@id\":\"https:\/\/gr-100.com\/#\/schema\/logo\/image\/\"},\"sameAs\":[\"https:\/\/www.facebook.com\/Gr100Bikes\",\"https:\/\/www.instagram.com\/gr100bikes\/\",\"https:\/\/www.tiktok.com\/@gr100bikes\",\"https:\/\/twitter.com\/gr100mtbteam\",\"https:\/\/www.youtube.com\/c\/GR100Specialized\"]}]}<\/script>\n<!-- \/ Yoast SEO Premium plugin. -->","yoast_head_json":{"title":"Specialized Roubaix SL8 Comp 24 | GR-100","description":"A nova Roubaix SL8 com Future Shock 3.0 \u00e9 mais leve, mais r\u00e1pida e mais confort\u00e1vel do que qualquer moto de estrada alguma vez fabricada.","robots":{"index":"index","follow":"follow","max-snippet":"max-snippet:-1","max-image-preview":"max-image-preview:large","max-video-preview":"max-video-preview:-1"},"canonical":"https:\/\/gr-100.com\/pt-pt\/producto\/especializada-roubaix-sl8-comp-24\/","og_locale":"pt_PT","og_type":"article","og_title":"Specialized Roubaix SL8 Comp 24 |","og_description":"A nova Roubaix SL8 com Future Shock 3.0 \u00e9 mais leve, mais r\u00e1pida e mais confort\u00e1vel do que qualquer moto de estrada alguma vez fabricada.","og_url":"https:\/\/gr-100.com\/pt-pt\/producto\/especializada-roubaix-sl8-comp-24\/","og_site_name":"Gr-100 Tienda de ciclismo Specialized","article_publisher":"https:\/\/www.facebook.com\/Gr100Bikes","article_modified_time":"2025-09-22T14:14:52+00:00","og_image":[{"width":1000,"height":1000,"url":"https:\/\/gr-100.com\/wp-content\/uploads\/2024\/05\/roubaix_sl8_comp.jpg","type":"image\/jpeg"}],"twitter_card":"summary_large_image","twitter_misc":{"Tempo estimado de leitura":"4 minutos"},"schema":{"@context":"https:\/\/schema.org","@graph":[{"@type":"WebPage","@id":"https:\/\/gr-100.com\/pt-pt\/producto\/especializada-roubaix-sl8-comp-24\/","url":"https:\/\/gr-100.com\/pt-pt\/producto\/especializada-roubaix-sl8-comp-24\/","name":"Specialized Roubaix SL8 Comp 24 | GR-100","isPartOf":{"@id":"https:\/\/gr-100.com\/#website"},"primaryImageOfPage":{"@id":"https:\/\/gr-100.com\/pt-pt\/producto\/especializada-roubaix-sl8-comp-24\/#primaryimage"},"image":{"@id":"https:\/\/gr-100.com\/pt-pt\/producto\/especializada-roubaix-sl8-comp-24\/#primaryimage"},"thumbnailUrl":"https:\/\/gr-100.com\/wp-content\/uploads\/2024\/05\/roubaix_sl8_comp.jpg","datePublished":"2024-07-01T11:35:07+00:00","dateModified":"2025-09-22T14:14:52+00:00","description":"A nova Roubaix SL8 com Future Shock 3.0 \u00e9 mais leve, mais r\u00e1pida e mais confort\u00e1vel do que qualquer moto de estrada alguma vez fabricada.","breadcrumb":{"@id":"https:\/\/gr-100.com\/pt-pt\/producto\/especializada-roubaix-sl8-comp-24\/#breadcrumb"},"inLanguage":"pt-PT","potentialAction":[{"@type":"ReadAction","target":["https:\/\/gr-100.com\/pt-pt\/producto\/especializada-roubaix-sl8-comp-24\/"]}]},{"@type":"ImageObject","inLanguage":"pt-PT","@id":"https:\/\/gr-100.com\/pt-pt\/producto\/especializada-roubaix-sl8-comp-24\/#primaryimage","url":"https:\/\/gr-100.com\/wp-content\/uploads\/2024\/05\/roubaix_sl8_comp.jpg","contentUrl":"https:\/\/gr-100.com\/wp-content\/uploads\/2024\/05\/roubaix_sl8_comp.jpg","width":1000,"height":1000},{"@type":"BreadcrumbList","@id":"https:\/\/gr-100.com\/pt-pt\/producto\/especializada-roubaix-sl8-comp-24\/#breadcrumb","itemListElement":[{"@type":"ListItem","position":1,"name":"Portada","item":"https:\/\/gr-100.com\/en\/"},{"@type":"ListItem","position":2,"name":"Productos","item":"https:\/\/gr-100.com\/?post_type=product"},{"@type":"ListItem","position":3,"name":"Specialized Roubaix SL8 Comp 24 |"}]},{"@type":"WebSite","@id":"https:\/\/gr-100.com\/#website","url":"https:\/\/gr-100.com\/","name":"Gr-100 Tienda de ciclismo Specialized","description":"GR-100 tenemos todas las gamas de bicicletas Specialized al mejor precio.","publisher":{"@id":"https:\/\/gr-100.com\/#organization"},"alternateName":"Gr-100 Bikes","potentialAction":[{"@type":"SearchAction","target":{"@type":"EntryPoint","urlTemplate":"https:\/\/gr-100.com\/?s={search_term_string}"},"query-input":{"@type":"PropertyValueSpecification","valueRequired":true,"valueName":"search_term_string"}}],"inLanguage":"pt-PT"},{"@type":"Organization","@id":"https:\/\/gr-100.com\/#organization","name":"Gr-100","url":"https:\/\/gr-100.com\/","logo":{"@type":"ImageObject","inLanguage":"pt-PT","@id":"https:\/\/gr-100.com\/#\/schema\/logo\/image\/","url":"https:\/\/gr-100.com\/wp-content\/uploads\/2023\/08\/logo-gr-100-bikes.png","contentUrl":"https:\/\/gr-100.com\/wp-content\/uploads\/2023\/08\/logo-gr-100-bikes.png","width":707,"height":284,"caption":"Gr-100"},"image":{"@id":"https:\/\/gr-100.com\/#\/schema\/logo\/image\/"},"sameAs":["https:\/\/www.facebook.com\/Gr100Bikes","https:\/\/www.instagram.com\/gr100bikes\/","https:\/\/www.tiktok.com\/@gr100bikes","https:\/\/twitter.com\/gr100mtbteam","https:\/\/www.youtube.com\/c\/GR100Specialized"]}]}},"_links":{"self":[{"href":"https:\/\/gr-100.com\/pt-pt\/wp-json\/wp\/v2\/product\/383281","targetHints":{"allow":["GET"]}}],"collection":[{"href":"https:\/\/gr-100.com\/pt-pt\/wp-json\/wp\/v2\/product"}],"about":[{"href":"https:\/\/gr-100.com\/pt-pt\/wp-json\/wp\/v2\/types\/product"}],"replies":[{"embeddable":true,"href":"https:\/\/gr-100.com\/pt-pt\/wp-json\/wp\/v2\/comments?post=383281"}],"wp:featuredmedia":[{"embeddable":true,"href":"https:\/\/gr-100.com\/pt-pt\/wp-json\/wp\/v2\/media\/303758"}],"wp:attachment":[{"href":"https:\/\/gr-100.com\/pt-pt\/wp-json\/wp\/v2\/media?parent=383281"}],"wp:term":[{"taxonomy":"product_brand","embeddable":true,"href":"https:\/\/gr-100.com\/pt-pt\/wp-json\/wp\/v2\/product_brand?post=383281"},{"taxonomy":"product_cat","embeddable":true,"href":"https:\/\/gr-100.com\/pt-pt\/wp-json\/wp\/v2\/product_cat?post=383281"},{"taxonomy":"product_tag","embeddable":true,"href":"https:\/\/gr-100.com\/pt-pt\/wp-json\/wp\/v2\/product_tag?post=383281"}],"curies":[{"name":"wp","href":"https:\/\/api.w.org\/{rel}","templated":true}]}}