{"id":383282,"date":"2024-07-01T13:33:59","date_gmt":"2024-07-01T11:33:59","guid":{"rendered":"https:\/\/gr-100.com\/producto\/disco-allez-e5-especializado-2024\/"},"modified":"2025-12-18T16:45:12","modified_gmt":"2025-12-18T14:45:12","slug":"disco-allez-e5-especializado-2024","status":"publish","type":"product","link":"https:\/\/gr-100.com\/pt-pt\/producto\/disco-allez-e5-especializado-2024\/","title":{"rendered":"Specialized Allez E5 Disco 2025"},"content":{"rendered":"<p>Quer esteja \u00e0 procura de alum\u00ednio premium, uma bicicleta para fins de semana e desloca\u00e7\u00f5es r\u00e1pidas, ou esteja apenas a come\u00e7ar a andar na estrada, o desempenho em estrada come\u00e7a com a Allez. <strong>MAIS LEVE DA SUA CLASSE:<\/strong> Com alum\u00ednio E5 premium com pontada dupla, o quadro do Allez pesa apenas 1.375** gramas para uma sensa\u00e7\u00e3o r\u00e1pida e \u00e1gil na estrada. Al\u00e9m disso, o garfo de carbono reduz ainda mais o peso (n\u00e3o h\u00e1 nenhum tubo de cabe\u00e7a de alum\u00ednio escondido aqui) enquanto ajuda a suavizar a condu\u00e7\u00e3o. E com op\u00e7\u00f5es de constru\u00e7\u00e3o modernas e bem pensadas, n\u00e3o \u00e9 surpresa que o Allez tamb\u00e9m seja o mais leve de sua classe. <strong>CONFIAN\u00c7A INCR\u00cdVEL:<\/strong> Este quadro de alum\u00ednio E5 premium \u00e9 leve, r\u00e1pido, dur\u00e1vel e, mencionamos bonito? A excelente rela\u00e7\u00e3o rigidez\/peso, juntamente com o poder de travagem inigual\u00e1vel dos trav\u00f5es de disco de pist\u00e3o duplo para todas as condi\u00e7\u00f5es, oferece a m\u00e1xima confian\u00e7a a qualquer velocidade. Al\u00e9m disso, utiliz\u00e1mos a lend\u00e1ria geometria de resist\u00eancia da Roubaix para oferecer um conforto inigual\u00e1vel durante longos quil\u00f3metros e uma condu\u00e7\u00e3o est\u00e1vel, ao mesmo tempo que garantimos que a Allez pode dissecar uma estrada sinuosa como uma moto de corrida pura. <strong>VERSATILIDADE E DESEMPENHO:<\/strong> T\u00e3o capaz de lev\u00e1-lo ao trabalho ou \u00e0 escola quanto de marcar um KOM local ou um passeio em grupo de fim de semana, os racks e os para-lamas garantem que o Allez seja vers\u00e1til o suficiente para qualquer estrada que voc\u00ea o percorra. Com uma folga das rodas de at\u00e9 35 mm (32 mm com guarda-lamas), estar\u00e1 pronto para as estradas mais dif\u00edceis e at\u00e9 mesmo para sair um pouco da estrada. Se as estradas ficarem \u00edngremes, o Allez tem marchas amplas, capazes de mant\u00ea-lo confort\u00e1vel na cad\u00eancia que voc\u00ea precisa para andar da maneira mais eficiente.<\/p>\n<ul>\n<li>Liga forjada STEM<br \/>\n3D, 31,8 mm, aumento de 7 graus<\/li>\n<li>Espig\u00e3o<br \/>\n de liga leve, bra\u00e7adeira de 2 parafusos, deslocamento de 12 mm, hardware anticorros\u00e3o de 27,2 mm, hardware anticorros\u00e3o<\/li>\n<li>\nSelim de ponte de geometria do corpo, trilhos de a\u00e7o<\/li>\n<li>ABRA\u00c7O. SEL<br \/>\n tipo parafuso, rack compat\u00edvel 31,8 mm<\/li>\n<li>Specialized\n<\/li>\n<li>Specialized<br \/>\n de gota rasa especializado, 70x125mm, grampo de 31,8 mm<\/li>\n<li>PLATOS<br \/>\n50\/34T<\/li>\n<li>CADEIA KMC X8 c<br \/>\n\/ Missing Link\u2122<\/li>\n<li>Suporte inferior<br \/>\nShimano roscado Shimano 68mm<\/li>\n<li>Shimano Claris 2000 SHIFTERS<br \/>\n de 8 velocidades<\/li>\n<li>Shimano Claris R200 SUPORTE<br \/>\n INFERIOR &#8211; 50\/34T<\/li>\n<li>Shimano Claris 8 velocidades REAR DERAILLEUR\n<\/li>\n<li>Shimano Claris DERAILLEUR<br \/>\n, 8 velocidades, brasagem<\/li>\n<li>\n SunRace, 8 velocidades, 11-32t<\/li>\n<li>700&#215;28-32, 48mm Presta Valve C\u00c2MERAS\n<\/li>\n<li>RODA TRASEIRA<br \/>\nAxis Sport Disc Tubeless Ready<\/li>\n<li>RODA DIANTEIRA<br \/>\nAxis Sport Disc Tubeless Ready<\/li>\n<li>Specialized<br \/>\n TRASEIRO Roadsport Especializado, 700X30c<\/li>\n<li>PNEU.<br \/>\nSpecialized Desporto de estrada, 700X30c<\/li>\n<li>Garfo<br \/>\n de carbono completo Specialized, disco de montagem plana, cone de 1-1\/8&#8243; a 1-3\/8&#8243;, ilh\u00f3s de para-lamas, eixo thru de 12x100mm<\/li>\n<li>FRAME<br \/>\nSpecialized E5 Premium Alum\u00ednio, disco de montagem plana, ilh\u00f3s de rack e para-lamas, tubo totalmente manipulado com soldas lisas, roteamento de cabos internos, BB roscado, eixo thru de 12x142mm<\/li>\n<li>FREIO TRASEIRO<br \/>\nTektro MD-550 Disco Mec\u00e2nico &#8211; rotor de 160mm<\/li>\n<li>FREIO DIANTEIRO<br \/>\nTektro MD-550 Disco Mec\u00e2nico &#8211; rotor de 160mm<\/li>\n<\/ul>\n<p>* Os pesos baseiam-se em fotografias de produ\u00e7\u00e3o pintadas, tal como indicado na imagem. Os pesos reais variam consoante a cor, o tamanho do quadro e a varia\u00e7\u00e3o dos componentes. As especifica\u00e7\u00f5es est\u00e3o sujeitas a altera\u00e7\u00f5es sem aviso pr\u00e9vio.<\/p>\n","protected":false},"excerpt":{"rendered":"<p>Quatro d\u00e9cadas depois de lan\u00e7armos o primeiro Specialized na estrada, estamos trazendo sua melhor vers\u00e3o at\u00e9 agora.<br \/>\nO mais leve da sua classe*, oferece mais confian\u00e7a, versatilidade e desempenho do que nunca, a mais pilotos do que nunca.<br \/>\nVERSATILIDADE E DESEMPENHO: T\u00e3o capaz de lev\u00e1-lo ao trabalho ou \u00e0 escola quanto de marcar um KOM local ou um passeio em grupo de fim de semana, os racks e os para-lamas garantem que o Allez seja vers\u00e1til o suficiente para qualquer estrada que voc\u00ea o percorra.<br \/>\nCom uma folga das rodas de at\u00e9 35 mm (32 mm com guarda-lamas), estar\u00e1 pronto para as estradas mais dif\u00edceis e at\u00e9 mesmo para sair um pouco da estrada.<br \/>\nSe as estradas ficarem \u00edngremes, o Allez tem marchas amplas, capazes de mant\u00ea-lo confort\u00e1vel na cad\u00eancia que voc\u00ea precisa para andar da maneira mais eficiente. <\/p>\n","protected":false},"featured_media":303717,"comment_status":"closed","ping_status":"closed","template":"","meta":{"_acf_changed":false,"_et_pb_use_builder":"","_et_pb_old_content":"","_et_gb_content_width":"","inline_featured_image":false},"product_brand":[],"product_cat":[2459,378,2483],"product_tag":[],"class_list":{"0":"post-383282","1":"product","2":"type-product","3":"status-publish","4":"has-post-thumbnail","6":"product_cat-bicicletas-pt-pt-2","7":"product_cat-estrada","8":"product_cat-bicicletas-especializadas","9":"product_shipping_class-bicicletas-pt-pt","11":"first","12":"outofstock","13":"taxable","14":"shipping-taxable","15":"product-type-variable","16":"wvs-archive-product-wrapper"},"acf":[],"yoast_head":"<!-- This site is optimized with the Yoast SEO Premium plugin v26.7 (Yoast SEO v26.7) - https:\/\/yoast.com\/wordpress\/plugins\/seo\/ -->\n<title>Specialized Allez E5 Disco 2025 GR-100 Bicicletas<\/title>\n<meta name=\"description\" content=\"Specialized O mais leve da sua classe, o Allez Sport 2025 oferece mais confian\u00e7a, versatilidade e desempenho do que nunca a mais pilotos do que nunca.\" \/>\n<meta name=\"robots\" content=\"index, follow, max-snippet:-1, max-image-preview:large, max-video-preview:-1\" \/>\n<link rel=\"canonical\" href=\"https:\/\/gr-100.com\/pt-pt\/producto\/disco-allez-e5-especializado-2024\/\" \/>\n<meta property=\"og:locale\" content=\"pt_PT\" \/>\n<meta property=\"og:type\" content=\"article\" \/>\n<meta property=\"og:title\" content=\"Specialized Allez E5 Disco 2025\" \/>\n<meta property=\"og:description\" content=\"Specialized O mais leve da sua classe, o Allez Sport 2025 oferece mais confian\u00e7a, versatilidade e desempenho do que nunca a mais pilotos do que nunca.\" \/>\n<meta property=\"og:url\" content=\"https:\/\/gr-100.com\/pt-pt\/producto\/disco-allez-e5-especializado-2024\/\" \/>\n<meta property=\"og:site_name\" content=\"Gr-100 Tienda de ciclismo Specialized\" \/>\n<meta property=\"article:publisher\" content=\"https:\/\/www.facebook.com\/Gr100Bikes\" \/>\n<meta property=\"article:modified_time\" content=\"2025-12-18T14:45:12+00:00\" \/>\n<meta property=\"og:image\" content=\"https:\/\/gr-100.com\/wp-content\/uploads\/2024\/05\/allez_e5_maroon.jpg\" \/>\n\t<meta property=\"og:image:width\" content=\"1000\" \/>\n\t<meta property=\"og:image:height\" content=\"1000\" \/>\n\t<meta property=\"og:image:type\" content=\"image\/jpeg\" \/>\n<meta name=\"twitter:card\" content=\"summary_large_image\" \/>\n<meta name=\"twitter:label1\" content=\"Tempo estimado de leitura\" \/>\n\t<meta name=\"twitter:data1\" content=\"3 minutos\" \/>\n<script type=\"application\/ld+json\" class=\"yoast-schema-graph\">{\"@context\":\"https:\/\/schema.org\",\"@graph\":[{\"@type\":\"WebPage\",\"@id\":\"https:\/\/gr-100.com\/pt-pt\/producto\/disco-allez-e5-especializado-2024\/\",\"url\":\"https:\/\/gr-100.com\/pt-pt\/producto\/disco-allez-e5-especializado-2024\/\",\"name\":\"Specialized Allez E5 Disco 2025 GR-100 Bicicletas\",\"isPartOf\":{\"@id\":\"https:\/\/gr-100.com\/#website\"},\"primaryImageOfPage\":{\"@id\":\"https:\/\/gr-100.com\/pt-pt\/producto\/disco-allez-e5-especializado-2024\/#primaryimage\"},\"image\":{\"@id\":\"https:\/\/gr-100.com\/pt-pt\/producto\/disco-allez-e5-especializado-2024\/#primaryimage\"},\"thumbnailUrl\":\"https:\/\/gr-100.com\/wp-content\/uploads\/2024\/05\/allez_e5_maroon.jpg\",\"datePublished\":\"2024-07-01T11:33:59+00:00\",\"dateModified\":\"2025-12-18T14:45:12+00:00\",\"description\":\"Specialized O mais leve da sua classe, o Allez Sport 2025 oferece mais confian\u00e7a, versatilidade e desempenho do que nunca a mais pilotos do que nunca.\",\"breadcrumb\":{\"@id\":\"https:\/\/gr-100.com\/pt-pt\/producto\/disco-allez-e5-especializado-2024\/#breadcrumb\"},\"inLanguage\":\"pt-PT\",\"potentialAction\":[{\"@type\":\"ReadAction\",\"target\":[\"https:\/\/gr-100.com\/pt-pt\/producto\/disco-allez-e5-especializado-2024\/\"]}]},{\"@type\":\"ImageObject\",\"inLanguage\":\"pt-PT\",\"@id\":\"https:\/\/gr-100.com\/pt-pt\/producto\/disco-allez-e5-especializado-2024\/#primaryimage\",\"url\":\"https:\/\/gr-100.com\/wp-content\/uploads\/2024\/05\/allez_e5_maroon.jpg\",\"contentUrl\":\"https:\/\/gr-100.com\/wp-content\/uploads\/2024\/05\/allez_e5_maroon.jpg\",\"width\":1000,\"height\":1000},{\"@type\":\"BreadcrumbList\",\"@id\":\"https:\/\/gr-100.com\/pt-pt\/producto\/disco-allez-e5-especializado-2024\/#breadcrumb\",\"itemListElement\":[{\"@type\":\"ListItem\",\"position\":1,\"name\":\"Portada\",\"item\":\"https:\/\/gr-100.com\/en\/\"},{\"@type\":\"ListItem\",\"position\":2,\"name\":\"Productos\",\"item\":\"https:\/\/gr-100.com\/?post_type=product\"},{\"@type\":\"ListItem\",\"position\":3,\"name\":\"Specialized Allez E5 Disco 2025\"}]},{\"@type\":\"WebSite\",\"@id\":\"https:\/\/gr-100.com\/#website\",\"url\":\"https:\/\/gr-100.com\/\",\"name\":\"Gr-100 Tienda de ciclismo Specialized\",\"description\":\"GR-100 tenemos todas las gamas de bicicletas Specialized al mejor precio.\",\"publisher\":{\"@id\":\"https:\/\/gr-100.com\/#organization\"},\"alternateName\":\"Gr-100 Bikes\",\"potentialAction\":[{\"@type\":\"SearchAction\",\"target\":{\"@type\":\"EntryPoint\",\"urlTemplate\":\"https:\/\/gr-100.com\/?s={search_term_string}\"},\"query-input\":{\"@type\":\"PropertyValueSpecification\",\"valueRequired\":true,\"valueName\":\"search_term_string\"}}],\"inLanguage\":\"pt-PT\"},{\"@type\":\"Organization\",\"@id\":\"https:\/\/gr-100.com\/#organization\",\"name\":\"Gr-100\",\"url\":\"https:\/\/gr-100.com\/\",\"logo\":{\"@type\":\"ImageObject\",\"inLanguage\":\"pt-PT\",\"@id\":\"https:\/\/gr-100.com\/#\/schema\/logo\/image\/\",\"url\":\"https:\/\/gr-100.com\/wp-content\/uploads\/2023\/08\/logo-gr-100-bikes.png\",\"contentUrl\":\"https:\/\/gr-100.com\/wp-content\/uploads\/2023\/08\/logo-gr-100-bikes.png\",\"width\":707,\"height\":284,\"caption\":\"Gr-100\"},\"image\":{\"@id\":\"https:\/\/gr-100.com\/#\/schema\/logo\/image\/\"},\"sameAs\":[\"https:\/\/www.facebook.com\/Gr100Bikes\",\"https:\/\/www.instagram.com\/gr100bikes\/\",\"https:\/\/www.tiktok.com\/@gr100bikes\",\"https:\/\/twitter.com\/gr100mtbteam\",\"https:\/\/www.youtube.com\/c\/GR100Specialized\"]}]}<\/script>\n<!-- \/ Yoast SEO Premium plugin. -->","yoast_head_json":{"title":"Specialized Allez E5 Disco 2025 GR-100 Bicicletas","description":"Specialized O mais leve da sua classe, o Allez Sport 2025 oferece mais confian\u00e7a, versatilidade e desempenho do que nunca a mais pilotos do que nunca.","robots":{"index":"index","follow":"follow","max-snippet":"max-snippet:-1","max-image-preview":"max-image-preview:large","max-video-preview":"max-video-preview:-1"},"canonical":"https:\/\/gr-100.com\/pt-pt\/producto\/disco-allez-e5-especializado-2024\/","og_locale":"pt_PT","og_type":"article","og_title":"Specialized Allez E5 Disco 2025","og_description":"Specialized O mais leve da sua classe, o Allez Sport 2025 oferece mais confian\u00e7a, versatilidade e desempenho do que nunca a mais pilotos do que nunca.","og_url":"https:\/\/gr-100.com\/pt-pt\/producto\/disco-allez-e5-especializado-2024\/","og_site_name":"Gr-100 Tienda de ciclismo Specialized","article_publisher":"https:\/\/www.facebook.com\/Gr100Bikes","article_modified_time":"2025-12-18T14:45:12+00:00","og_image":[{"width":1000,"height":1000,"url":"https:\/\/gr-100.com\/wp-content\/uploads\/2024\/05\/allez_e5_maroon.jpg","type":"image\/jpeg"}],"twitter_card":"summary_large_image","twitter_misc":{"Tempo estimado de leitura":"3 minutos"},"schema":{"@context":"https:\/\/schema.org","@graph":[{"@type":"WebPage","@id":"https:\/\/gr-100.com\/pt-pt\/producto\/disco-allez-e5-especializado-2024\/","url":"https:\/\/gr-100.com\/pt-pt\/producto\/disco-allez-e5-especializado-2024\/","name":"Specialized Allez E5 Disco 2025 GR-100 Bicicletas","isPartOf":{"@id":"https:\/\/gr-100.com\/#website"},"primaryImageOfPage":{"@id":"https:\/\/gr-100.com\/pt-pt\/producto\/disco-allez-e5-especializado-2024\/#primaryimage"},"image":{"@id":"https:\/\/gr-100.com\/pt-pt\/producto\/disco-allez-e5-especializado-2024\/#primaryimage"},"thumbnailUrl":"https:\/\/gr-100.com\/wp-content\/uploads\/2024\/05\/allez_e5_maroon.jpg","datePublished":"2024-07-01T11:33:59+00:00","dateModified":"2025-12-18T14:45:12+00:00","description":"Specialized O mais leve da sua classe, o Allez Sport 2025 oferece mais confian\u00e7a, versatilidade e desempenho do que nunca a mais pilotos do que nunca.","breadcrumb":{"@id":"https:\/\/gr-100.com\/pt-pt\/producto\/disco-allez-e5-especializado-2024\/#breadcrumb"},"inLanguage":"pt-PT","potentialAction":[{"@type":"ReadAction","target":["https:\/\/gr-100.com\/pt-pt\/producto\/disco-allez-e5-especializado-2024\/"]}]},{"@type":"ImageObject","inLanguage":"pt-PT","@id":"https:\/\/gr-100.com\/pt-pt\/producto\/disco-allez-e5-especializado-2024\/#primaryimage","url":"https:\/\/gr-100.com\/wp-content\/uploads\/2024\/05\/allez_e5_maroon.jpg","contentUrl":"https:\/\/gr-100.com\/wp-content\/uploads\/2024\/05\/allez_e5_maroon.jpg","width":1000,"height":1000},{"@type":"BreadcrumbList","@id":"https:\/\/gr-100.com\/pt-pt\/producto\/disco-allez-e5-especializado-2024\/#breadcrumb","itemListElement":[{"@type":"ListItem","position":1,"name":"Portada","item":"https:\/\/gr-100.com\/en\/"},{"@type":"ListItem","position":2,"name":"Productos","item":"https:\/\/gr-100.com\/?post_type=product"},{"@type":"ListItem","position":3,"name":"Specialized Allez E5 Disco 2025"}]},{"@type":"WebSite","@id":"https:\/\/gr-100.com\/#website","url":"https:\/\/gr-100.com\/","name":"Gr-100 Tienda de ciclismo Specialized","description":"GR-100 tenemos todas las gamas de bicicletas Specialized al mejor precio.","publisher":{"@id":"https:\/\/gr-100.com\/#organization"},"alternateName":"Gr-100 Bikes","potentialAction":[{"@type":"SearchAction","target":{"@type":"EntryPoint","urlTemplate":"https:\/\/gr-100.com\/?s={search_term_string}"},"query-input":{"@type":"PropertyValueSpecification","valueRequired":true,"valueName":"search_term_string"}}],"inLanguage":"pt-PT"},{"@type":"Organization","@id":"https:\/\/gr-100.com\/#organization","name":"Gr-100","url":"https:\/\/gr-100.com\/","logo":{"@type":"ImageObject","inLanguage":"pt-PT","@id":"https:\/\/gr-100.com\/#\/schema\/logo\/image\/","url":"https:\/\/gr-100.com\/wp-content\/uploads\/2023\/08\/logo-gr-100-bikes.png","contentUrl":"https:\/\/gr-100.com\/wp-content\/uploads\/2023\/08\/logo-gr-100-bikes.png","width":707,"height":284,"caption":"Gr-100"},"image":{"@id":"https:\/\/gr-100.com\/#\/schema\/logo\/image\/"},"sameAs":["https:\/\/www.facebook.com\/Gr100Bikes","https:\/\/www.instagram.com\/gr100bikes\/","https:\/\/www.tiktok.com\/@gr100bikes","https:\/\/twitter.com\/gr100mtbteam","https:\/\/www.youtube.com\/c\/GR100Specialized"]}]}},"_links":{"self":[{"href":"https:\/\/gr-100.com\/pt-pt\/wp-json\/wp\/v2\/product\/383282","targetHints":{"allow":["GET"]}}],"collection":[{"href":"https:\/\/gr-100.com\/pt-pt\/wp-json\/wp\/v2\/product"}],"about":[{"href":"https:\/\/gr-100.com\/pt-pt\/wp-json\/wp\/v2\/types\/product"}],"replies":[{"embeddable":true,"href":"https:\/\/gr-100.com\/pt-pt\/wp-json\/wp\/v2\/comments?post=383282"}],"wp:featuredmedia":[{"embeddable":true,"href":"https:\/\/gr-100.com\/pt-pt\/wp-json\/wp\/v2\/media\/303717"}],"wp:attachment":[{"href":"https:\/\/gr-100.com\/pt-pt\/wp-json\/wp\/v2\/media?parent=383282"}],"wp:term":[{"taxonomy":"product_brand","embeddable":true,"href":"https:\/\/gr-100.com\/pt-pt\/wp-json\/wp\/v2\/product_brand?post=383282"},{"taxonomy":"product_cat","embeddable":true,"href":"https:\/\/gr-100.com\/pt-pt\/wp-json\/wp\/v2\/product_cat?post=383282"},{"taxonomy":"product_tag","embeddable":true,"href":"https:\/\/gr-100.com\/pt-pt\/wp-json\/wp\/v2\/product_tag?post=383282"}],"curies":[{"name":"wp","href":"https:\/\/api.w.org\/{rel}","templated":true}]}}