{"id":383298,"date":"2024-07-01T13:37:43","date_gmt":"2024-07-01T12:37:43","guid":{"rendered":"https:\/\/gr-100.com\/producto\/especializada-aethos-s-works-ltd-campagnolo-2023\/"},"modified":"2025-09-22T16:53:14","modified_gmt":"2025-09-22T14:53:14","slug":"especializada-aethos-s-works-ltd-campagnolo-2023","status":"publish","type":"product","link":"https:\/\/gr-100.com\/pt-pt\/producto\/especializada-aethos-s-works-ltd-campagnolo-2023\/","title":{"rendered":"Specialized Aethos S-Works Ltd Campagnolo 2023"},"content":{"rendered":"<p>[et_pb_section bb_built=&#8221;1&#8243;][et_pb_row][et_pb_column type=&#8221;4_4&#8243;][et_pb_text]<\/p>\n<div>\n<p>Criar o quadro de bicicleta de estrada de produ\u00e7\u00e3o mais leve do mundo \u2013 585 gramas \u2013 exigiu cada grama dos nossos 49 anos de experi\u00eancia, tornando-o uma tela adequada para celebrar a funda\u00e7\u00e3o da Specialized. Em 1973, foi o amor pelo ciclismo que inspirou Mike Sinyard a vender a sua carrinha VW, a fazer as malas da sua bicicleta e a andar de bicicleta em It\u00e1lia. Foi nessa viagem que Mike se apaixonou pela qualidade, beleza e qualidade de condu\u00e7\u00e3o dos componentes italianos. Ele se prop\u00f4s a traz\u00ea-los para ciclistas dos EUA, e a Specialized Bicycle Components nasceu. A combina\u00e7\u00e3o do Aethos com o auge dos componentes italianos presta homenagem ao amor de Mike pelo ciclismo e pela cultura italiana.<\/p>\n<\/div>\n<ul>\n<li>O quadro do S-Works Aethos foi concebido para alcan\u00e7ar a combina\u00e7\u00e3o perfeita de m\u00e1xima qualidade de condu\u00e7\u00e3o, leveza e estilo: desde a acelera\u00e7\u00e3o em declives acentuados e descidas t\u00e9cnicas, ao conforto que oferece durante todo o dia, mesmo nas viagens mais longas, o Aethos \u00e9 perfeito.<br \/>\nQuebrando todas as regras &#8220;tradicionais&#8221; de fabrica\u00e7\u00e3o e reinventando as formas tradicionais de tubo de bicicleta do passado, alteramos sutilmente essas formas para oferecer enormes ganhos em rigidez e equil\u00edbrio, tudo sem comprometer o peso ou a durabilidade.<br \/>\nAdicione a isso um processo de lamina\u00e7\u00e3o completamente novo, que elimina a necessidade de camadas adicionais de rigidez, e voc\u00ea obt\u00e9m o quadro mais leve do mercado (585 S-Works, tamanho 56 cm).  <\/li>\n<li>Um quadro leve \u00e9 in\u00fatil sem caracter\u00edsticas de condu\u00e7\u00e3o inspiradoras de confian\u00e7a, raz\u00e3o pela qual desenvolvemos o S-Works Aethos para ter o equil\u00edbrio perfeito entre rigidez dianteira e traseira, combinado com uma qualidade de condu\u00e7\u00e3o excecional.<br \/>\nAo estudar o comportamento e a flex\u00e3o da fibra de carbono, fizemos descobertas inovadoras sobre como as for\u00e7as fluem atrav\u00e9s de um quadro.<br \/>\nCom apenas algumas pedaladas, ir\u00e1 perceber que esta condu\u00e7\u00e3o sublime estabelece um novo padr\u00e3o.  <\/li>\n<li>A Campagnolo disponibilizou o seu novo conjunto topo de gama Super Record EPS e rodas Hyperon para esta edi\u00e7\u00e3o limitada Aethos.<br \/>\nO novo conjunto de 2 x 12 velocidades utiliza mudan\u00e7as sem fios a partir do cockpit, nova ergonomia e nova l\u00f3gica de mudan\u00e7a para mudan\u00e7as suaves, n\u00edtidas e r\u00e1pidas.<br \/>\nUma gama mais ampla de engrenagens e rodas ultraleves Campagnolo Hyperon s\u00e3o as companheiras perfeitas para a capacidade de escalada inigual\u00e1vel do Aethos.  <\/li>\n<\/ul>\n<ul>\n<li><strong>Especifica\u00e7\u00f5es t\u00e9cnicas<\/strong><\/li>\n<li>S-Works Aethos FACT 12r Carbon FRAME<br \/>\n, Rider First Engineered\u2122, Threaded BB, Somente roteamento eletr\u00f4nico de cabos, eixo thru de 12x142mm, disco de montagem plana<\/li>\n<li>Garfo<br \/>\n S-Works FACT, eixo thru de 12x100mm, disco de montagem plana<\/li>\n<li>S-Works Short &amp; GUIADOR Raso, Queda de 125mm, Alcance de 75mm c\/furo<br \/>\n Di2<\/li>\n<li>POWER<br \/>\nS-Works SL, liga, parafusos de tit\u00e2nio, eleva\u00e7\u00e3o de 6 graus<\/li>\n<li>Supacaz Super Fita Kush Pegajosa\n<\/li>\n<li>Body Geometry S-Works Power SADDLE,<br \/>\n trilhos de fibra de carbono, base de fibra de carbono<\/li>\n<li>Roval de assento de carbono Roval Alpinist\n<\/li>\n<li>ABRA\u00c7O. Specialized SADDLE<br \/>\n, 30.0mm, parafuso de tit\u00e2nio <\/li>\n<li>CAMPAGNOLO SUPER RECORD FREIO DIANTEIRO<br \/>\n, Disco hidr\u00e1ulico<\/li>\n<li>CAMPAGNOLO REAR BRAKE<br \/>\nSuper Record, Disco hidr\u00e1ulico<\/li>\n<li>CAMPAGNOLO SUPER RECORD SHIFTERS\n<\/li>\n<li>CAMPAGNOLO Super Record DERAILLEUR<br \/>\n, Braze-on<\/li>\n<li>CAMPAGNOLO Super Record, DERAILLEUR<br \/>\n TRASEIRO de 12 velocidades<\/li>\n<li>CAMPAGNOLO Super Record Cassette<br \/>\n, 12 velocidades, 10-29t<\/li>\n<li>CAMPAGNOLO Super Record 12 velocidades SUPORTE<br \/>\n INFERIOR<\/li>\n<li>PLATOS<br \/>\n48\/32T<\/li>\n<li>CAMPAGNOLO SUPORTE INFERIOR,<br \/>\n Roscado<\/li>\n<li>CAMPAGNOLO Super Record CHAIN<br \/>\n, roda dianteira<br \/>\nCAMPAGNOLO Hyperon Ultra de 12 velocidades<br \/>\n, jante em carbono interno de 21 mm, profundidade de 37 mm, pronto para tubos<\/li>\n<li>CAMPAGNOLO HYPERON ULTRA RODA TRASEIRA<br \/>\n, jante interna em carbono de 21 mm, profundidade de 37 mm, pronta para tubo<\/li>\n<li>PNEU.<br \/>\nS-works Turbo 2BR, 700x28mm<\/li>\n<li>Pneu<br \/>\n TRASEIRO S-works Turbo 2BR, 700x28mm<\/li>\n<li>C\u00c2MARAS<br \/>\nTurbo Ultralight, v\u00e1lvula Presta de 48mm<\/li>\n<li>SWAT<br \/>\nRAPIDAIR TIRE SEALANT, 2OZ.\/60ML* Pesos baseados na produ\u00e7\u00e3o pintados como retratado. Os pesos reais variam dependendo da cor, do tamanho do quadro e da varia\u00e7\u00e3o do componente. As especifica\u00e7\u00f5es est\u00e3o sujeitas a altera\u00e7\u00f5es sem aviso pr\u00e9vio.<\/li>\n<\/ul>\n<p>[\/et_pb_text][\/et_pb_column][\/et_pb_row][\/et_pb_section]<\/p>\n","protected":false},"excerpt":{"rendered":"<p>A S-Works Aethos LTD \u00e9 mais uma vez um quebrador de regras: \u00e9 a moto de estrada de produ\u00e7\u00e3o em s\u00e9rie mais leve do mundo.<br \/>\nUma bicicleta constru\u00edda por puro amor ao ciclismo e uma celebra\u00e7\u00e3o do patrim\u00f3nio Specialized.<br \/>\nApenas 300 destas bicicletas, cada uma numerada individualmente, estar\u00e3o dispon\u00edveis em todo o mundo.<br \/>\nCada S-Works Aethos LTD \u00e9 \u00fanico, pintado \u00e0 m\u00e3o e constru\u00eddo com o novo conjunto Campagnolo Super Record EPS e rodas Hyperon.<br \/>\nA S-Works Aethos LTD com Campagnolo Super Record EPS eleva a fasquia do que uma moto de estrada topo de gama pode ser.    <\/p>\n","protected":false},"featured_media":303868,"comment_status":"closed","ping_status":"closed","template":"","meta":{"_acf_changed":false,"_et_pb_use_builder":"","_et_pb_old_content":"","_et_gb_content_width":"","inline_featured_image":false},"product_brand":[],"product_cat":[4353,2459,378,5314,5312,5313,2696,403],"product_tag":[],"class_list":{"0":"post-383298","1":"product","2":"type-product","3":"status-publish","4":"has-post-thumbnail","6":"product_cat-liquidacion-specialized","7":"product_cat-bicicletas-pt-pt-2","8":"product_cat-estrada","9":"product_cat-bicicletas-carretera-carbono-pt-pt","10":"product_cat-bicicletas-carretera-s-works-pt-pt","11":"product_cat-bicicletas-carretera-specialized-pt-pt","12":"product_cat-ofertas-especializadas","13":"product_cat-outlet-pt-pt","14":"product_shipping_class-bicicletas-pt-pt","16":"first","17":"instock","18":"sale","19":"taxable","20":"shipping-taxable","21":"purchasable","22":"product-type-variable","23":"wvs-archive-product-wrapper"},"acf":[],"yoast_head":"<!-- This site is optimized with the Yoast SEO Premium plugin v26.7 (Yoast SEO v26.7) - https:\/\/yoast.com\/wordpress\/plugins\/seo\/ -->\n<title>Specialized Aethos S-Works Ltd Campagnolo 2023 GR-100<\/title>\n<meta name=\"description\" content=\"Aethos S-Works Ltd Campagnolo Super Record EPS. Apenas 300 destas bicicletas, cada uma numerada individualmente, estar\u00e3o dispon\u00edveis em todo o mundo.\" \/>\n<meta name=\"robots\" content=\"index, follow, max-snippet:-1, max-image-preview:large, max-video-preview:-1\" \/>\n<link rel=\"canonical\" href=\"https:\/\/gr-100.com\/pt-pt\/producto\/especializada-aethos-s-works-ltd-campagnolo-2023\/\" \/>\n<meta property=\"og:locale\" content=\"pt_PT\" \/>\n<meta property=\"og:type\" content=\"article\" \/>\n<meta property=\"og:title\" content=\"Specialized Aethos S-Works Ltd Campagnolo 2023\" \/>\n<meta property=\"og:description\" content=\"Aethos S-Works Ltd Campagnolo Super Record EPS. Apenas 300 destas bicicletas, cada uma numerada individualmente, estar\u00e3o dispon\u00edveis em todo o mundo.\" \/>\n<meta property=\"og:url\" content=\"https:\/\/gr-100.com\/pt-pt\/producto\/especializada-aethos-s-works-ltd-campagnolo-2023\/\" \/>\n<meta property=\"og:site_name\" content=\"Gr-100 Tienda de ciclismo Specialized\" \/>\n<meta property=\"article:publisher\" content=\"https:\/\/www.facebook.com\/Gr100Bikes\" \/>\n<meta property=\"article:modified_time\" content=\"2025-09-22T14:53:14+00:00\" \/>\n<meta property=\"og:image\" content=\"https:\/\/gr-100.com\/wp-content\/uploads\/2024\/05\/aethos-s-works-ltd-campagnolo.jpeg\" \/>\n\t<meta property=\"og:image:width\" content=\"1000\" \/>\n\t<meta property=\"og:image:height\" content=\"1000\" \/>\n\t<meta property=\"og:image:type\" content=\"image\/jpeg\" \/>\n<meta name=\"twitter:card\" content=\"summary_large_image\" \/>\n<meta name=\"twitter:label1\" content=\"Tempo estimado de leitura\" \/>\n\t<meta name=\"twitter:data1\" content=\"3 minutos\" \/>\n<script type=\"application\/ld+json\" class=\"yoast-schema-graph\">{\"@context\":\"https:\/\/schema.org\",\"@graph\":[{\"@type\":\"WebPage\",\"@id\":\"https:\/\/gr-100.com\/pt-pt\/producto\/especializada-aethos-s-works-ltd-campagnolo-2023\/\",\"url\":\"https:\/\/gr-100.com\/pt-pt\/producto\/especializada-aethos-s-works-ltd-campagnolo-2023\/\",\"name\":\"Specialized Aethos S-Works Ltd Campagnolo 2023 GR-100\",\"isPartOf\":{\"@id\":\"https:\/\/gr-100.com\/#website\"},\"primaryImageOfPage\":{\"@id\":\"https:\/\/gr-100.com\/pt-pt\/producto\/especializada-aethos-s-works-ltd-campagnolo-2023\/#primaryimage\"},\"image\":{\"@id\":\"https:\/\/gr-100.com\/pt-pt\/producto\/especializada-aethos-s-works-ltd-campagnolo-2023\/#primaryimage\"},\"thumbnailUrl\":\"https:\/\/gr-100.com\/wp-content\/uploads\/2024\/05\/aethos-s-works-ltd-campagnolo.jpeg\",\"datePublished\":\"2024-07-01T12:37:43+00:00\",\"dateModified\":\"2025-09-22T14:53:14+00:00\",\"description\":\"Aethos S-Works Ltd Campagnolo Super Record EPS. Apenas 300 destas bicicletas, cada uma numerada individualmente, estar\u00e3o dispon\u00edveis em todo o mundo.\",\"breadcrumb\":{\"@id\":\"https:\/\/gr-100.com\/pt-pt\/producto\/especializada-aethos-s-works-ltd-campagnolo-2023\/#breadcrumb\"},\"inLanguage\":\"pt-PT\",\"potentialAction\":[{\"@type\":\"ReadAction\",\"target\":[\"https:\/\/gr-100.com\/pt-pt\/producto\/especializada-aethos-s-works-ltd-campagnolo-2023\/\"]}]},{\"@type\":\"ImageObject\",\"inLanguage\":\"pt-PT\",\"@id\":\"https:\/\/gr-100.com\/pt-pt\/producto\/especializada-aethos-s-works-ltd-campagnolo-2023\/#primaryimage\",\"url\":\"https:\/\/gr-100.com\/wp-content\/uploads\/2024\/05\/aethos-s-works-ltd-campagnolo.jpeg\",\"contentUrl\":\"https:\/\/gr-100.com\/wp-content\/uploads\/2024\/05\/aethos-s-works-ltd-campagnolo.jpeg\",\"width\":1000,\"height\":1000},{\"@type\":\"BreadcrumbList\",\"@id\":\"https:\/\/gr-100.com\/pt-pt\/producto\/especializada-aethos-s-works-ltd-campagnolo-2023\/#breadcrumb\",\"itemListElement\":[{\"@type\":\"ListItem\",\"position\":1,\"name\":\"Portada\",\"item\":\"https:\/\/gr-100.com\/en\/\"},{\"@type\":\"ListItem\",\"position\":2,\"name\":\"Productos\",\"item\":\"https:\/\/gr-100.com\/?post_type=product\"},{\"@type\":\"ListItem\",\"position\":3,\"name\":\"Specialized Aethos S-Works Ltd Campagnolo 2023\"}]},{\"@type\":\"WebSite\",\"@id\":\"https:\/\/gr-100.com\/#website\",\"url\":\"https:\/\/gr-100.com\/\",\"name\":\"Gr-100 Tienda de ciclismo Specialized\",\"description\":\"GR-100 tenemos todas las gamas de bicicletas Specialized al mejor precio.\",\"publisher\":{\"@id\":\"https:\/\/gr-100.com\/#organization\"},\"alternateName\":\"Gr-100 Bikes\",\"potentialAction\":[{\"@type\":\"SearchAction\",\"target\":{\"@type\":\"EntryPoint\",\"urlTemplate\":\"https:\/\/gr-100.com\/?s={search_term_string}\"},\"query-input\":{\"@type\":\"PropertyValueSpecification\",\"valueRequired\":true,\"valueName\":\"search_term_string\"}}],\"inLanguage\":\"pt-PT\"},{\"@type\":\"Organization\",\"@id\":\"https:\/\/gr-100.com\/#organization\",\"name\":\"Gr-100\",\"url\":\"https:\/\/gr-100.com\/\",\"logo\":{\"@type\":\"ImageObject\",\"inLanguage\":\"pt-PT\",\"@id\":\"https:\/\/gr-100.com\/#\/schema\/logo\/image\/\",\"url\":\"https:\/\/gr-100.com\/wp-content\/uploads\/2023\/08\/logo-gr-100-bikes.png\",\"contentUrl\":\"https:\/\/gr-100.com\/wp-content\/uploads\/2023\/08\/logo-gr-100-bikes.png\",\"width\":707,\"height\":284,\"caption\":\"Gr-100\"},\"image\":{\"@id\":\"https:\/\/gr-100.com\/#\/schema\/logo\/image\/\"},\"sameAs\":[\"https:\/\/www.facebook.com\/Gr100Bikes\",\"https:\/\/www.instagram.com\/gr100bikes\/\",\"https:\/\/www.tiktok.com\/@gr100bikes\",\"https:\/\/twitter.com\/gr100mtbteam\",\"https:\/\/www.youtube.com\/c\/GR100Specialized\"]}]}<\/script>\n<!-- \/ Yoast SEO Premium plugin. -->","yoast_head_json":{"title":"Specialized Aethos S-Works Ltd Campagnolo 2023 GR-100","description":"Aethos S-Works Ltd Campagnolo Super Record EPS. Apenas 300 destas bicicletas, cada uma numerada individualmente, estar\u00e3o dispon\u00edveis em todo o mundo.","robots":{"index":"index","follow":"follow","max-snippet":"max-snippet:-1","max-image-preview":"max-image-preview:large","max-video-preview":"max-video-preview:-1"},"canonical":"https:\/\/gr-100.com\/pt-pt\/producto\/especializada-aethos-s-works-ltd-campagnolo-2023\/","og_locale":"pt_PT","og_type":"article","og_title":"Specialized Aethos S-Works Ltd Campagnolo 2023","og_description":"Aethos S-Works Ltd Campagnolo Super Record EPS. Apenas 300 destas bicicletas, cada uma numerada individualmente, estar\u00e3o dispon\u00edveis em todo o mundo.","og_url":"https:\/\/gr-100.com\/pt-pt\/producto\/especializada-aethos-s-works-ltd-campagnolo-2023\/","og_site_name":"Gr-100 Tienda de ciclismo Specialized","article_publisher":"https:\/\/www.facebook.com\/Gr100Bikes","article_modified_time":"2025-09-22T14:53:14+00:00","og_image":[{"width":1000,"height":1000,"url":"https:\/\/gr-100.com\/wp-content\/uploads\/2024\/05\/aethos-s-works-ltd-campagnolo.jpeg","type":"image\/jpeg"}],"twitter_card":"summary_large_image","twitter_misc":{"Tempo estimado de leitura":"3 minutos"},"schema":{"@context":"https:\/\/schema.org","@graph":[{"@type":"WebPage","@id":"https:\/\/gr-100.com\/pt-pt\/producto\/especializada-aethos-s-works-ltd-campagnolo-2023\/","url":"https:\/\/gr-100.com\/pt-pt\/producto\/especializada-aethos-s-works-ltd-campagnolo-2023\/","name":"Specialized Aethos S-Works Ltd Campagnolo 2023 GR-100","isPartOf":{"@id":"https:\/\/gr-100.com\/#website"},"primaryImageOfPage":{"@id":"https:\/\/gr-100.com\/pt-pt\/producto\/especializada-aethos-s-works-ltd-campagnolo-2023\/#primaryimage"},"image":{"@id":"https:\/\/gr-100.com\/pt-pt\/producto\/especializada-aethos-s-works-ltd-campagnolo-2023\/#primaryimage"},"thumbnailUrl":"https:\/\/gr-100.com\/wp-content\/uploads\/2024\/05\/aethos-s-works-ltd-campagnolo.jpeg","datePublished":"2024-07-01T12:37:43+00:00","dateModified":"2025-09-22T14:53:14+00:00","description":"Aethos S-Works Ltd Campagnolo Super Record EPS. Apenas 300 destas bicicletas, cada uma numerada individualmente, estar\u00e3o dispon\u00edveis em todo o mundo.","breadcrumb":{"@id":"https:\/\/gr-100.com\/pt-pt\/producto\/especializada-aethos-s-works-ltd-campagnolo-2023\/#breadcrumb"},"inLanguage":"pt-PT","potentialAction":[{"@type":"ReadAction","target":["https:\/\/gr-100.com\/pt-pt\/producto\/especializada-aethos-s-works-ltd-campagnolo-2023\/"]}]},{"@type":"ImageObject","inLanguage":"pt-PT","@id":"https:\/\/gr-100.com\/pt-pt\/producto\/especializada-aethos-s-works-ltd-campagnolo-2023\/#primaryimage","url":"https:\/\/gr-100.com\/wp-content\/uploads\/2024\/05\/aethos-s-works-ltd-campagnolo.jpeg","contentUrl":"https:\/\/gr-100.com\/wp-content\/uploads\/2024\/05\/aethos-s-works-ltd-campagnolo.jpeg","width":1000,"height":1000},{"@type":"BreadcrumbList","@id":"https:\/\/gr-100.com\/pt-pt\/producto\/especializada-aethos-s-works-ltd-campagnolo-2023\/#breadcrumb","itemListElement":[{"@type":"ListItem","position":1,"name":"Portada","item":"https:\/\/gr-100.com\/en\/"},{"@type":"ListItem","position":2,"name":"Productos","item":"https:\/\/gr-100.com\/?post_type=product"},{"@type":"ListItem","position":3,"name":"Specialized Aethos S-Works Ltd Campagnolo 2023"}]},{"@type":"WebSite","@id":"https:\/\/gr-100.com\/#website","url":"https:\/\/gr-100.com\/","name":"Gr-100 Tienda de ciclismo Specialized","description":"GR-100 tenemos todas las gamas de bicicletas Specialized al mejor precio.","publisher":{"@id":"https:\/\/gr-100.com\/#organization"},"alternateName":"Gr-100 Bikes","potentialAction":[{"@type":"SearchAction","target":{"@type":"EntryPoint","urlTemplate":"https:\/\/gr-100.com\/?s={search_term_string}"},"query-input":{"@type":"PropertyValueSpecification","valueRequired":true,"valueName":"search_term_string"}}],"inLanguage":"pt-PT"},{"@type":"Organization","@id":"https:\/\/gr-100.com\/#organization","name":"Gr-100","url":"https:\/\/gr-100.com\/","logo":{"@type":"ImageObject","inLanguage":"pt-PT","@id":"https:\/\/gr-100.com\/#\/schema\/logo\/image\/","url":"https:\/\/gr-100.com\/wp-content\/uploads\/2023\/08\/logo-gr-100-bikes.png","contentUrl":"https:\/\/gr-100.com\/wp-content\/uploads\/2023\/08\/logo-gr-100-bikes.png","width":707,"height":284,"caption":"Gr-100"},"image":{"@id":"https:\/\/gr-100.com\/#\/schema\/logo\/image\/"},"sameAs":["https:\/\/www.facebook.com\/Gr100Bikes","https:\/\/www.instagram.com\/gr100bikes\/","https:\/\/www.tiktok.com\/@gr100bikes","https:\/\/twitter.com\/gr100mtbteam","https:\/\/www.youtube.com\/c\/GR100Specialized"]}]}},"_links":{"self":[{"href":"https:\/\/gr-100.com\/pt-pt\/wp-json\/wp\/v2\/product\/383298","targetHints":{"allow":["GET"]}}],"collection":[{"href":"https:\/\/gr-100.com\/pt-pt\/wp-json\/wp\/v2\/product"}],"about":[{"href":"https:\/\/gr-100.com\/pt-pt\/wp-json\/wp\/v2\/types\/product"}],"replies":[{"embeddable":true,"href":"https:\/\/gr-100.com\/pt-pt\/wp-json\/wp\/v2\/comments?post=383298"}],"wp:featuredmedia":[{"embeddable":true,"href":"https:\/\/gr-100.com\/pt-pt\/wp-json\/wp\/v2\/media\/303868"}],"wp:attachment":[{"href":"https:\/\/gr-100.com\/pt-pt\/wp-json\/wp\/v2\/media?parent=383298"}],"wp:term":[{"taxonomy":"product_brand","embeddable":true,"href":"https:\/\/gr-100.com\/pt-pt\/wp-json\/wp\/v2\/product_brand?post=383298"},{"taxonomy":"product_cat","embeddable":true,"href":"https:\/\/gr-100.com\/pt-pt\/wp-json\/wp\/v2\/product_cat?post=383298"},{"taxonomy":"product_tag","embeddable":true,"href":"https:\/\/gr-100.com\/pt-pt\/wp-json\/wp\/v2\/product_tag?post=383298"}],"curies":[{"name":"wp","href":"https:\/\/api.w.org\/{rel}","templated":true}]}}