{"id":383314,"date":"2024-07-01T13:30:34","date_gmt":"2024-07-01T11:30:34","guid":{"rendered":"https:\/\/gr-100.com\/producto\/tarmac-especializado-sl7-comp-2024\/"},"modified":"2025-09-22T17:00:00","modified_gmt":"2025-09-22T15:00:00","slug":"tarmac-especializado-sl7-comp-2024","status":"publish","type":"product","link":"https:\/\/gr-100.com\/pt-pt\/producto\/tarmac-especializado-sl7-comp-2024\/","title":{"rendered":"Specialized Tarmac SL7 Comp 2024"},"content":{"rendered":"<p>CARATER\u00cdSTICAS:<\/p>\n<ul>\n<li>\n<div class=\"product-specification\">\n<dl>\n<dt>Moldura<\/dt>\n<dd>Tarmac SL7 FACT 9r Carbon, Rider First Engineered\u2122, Win Tunnel Engineered, Roteamento Limpo, BB Roscado, eixo thru 12x142mm, disco de montagem plana<\/dd>\n<\/dl>\n<\/div>\n<div class=\"product-specification\">\n<dl>\n<dt>Garfo<\/dt>\n<dd>FACTO Carbono, eixo triplo de 12x100mm, disco de montagem plana<\/dd>\n<\/dl>\n<\/div>\n<div class=\"product-specification\">\n<dl>\n<dt>Poste<\/dt>\n<p> de assento<\/p>\n<dd>2021 Poste de assento Tarmac Carbon, FACT Carbon, 20mm offset<\/dd>\n<\/dl>\n<dl>\n<dt>Sela<\/dt>\n<dd>Geometria da carro\u00e7aria Power Sport, calhas de a\u00e7o<\/dd>\n<\/dl>\n<dl>\n<dt>Guiador<\/dt>\n<dd>Specialized rasa especializada, 6061, 70x125mm, grampo de 31,8 mm<\/dd>\n<\/dl>\n<dl>\n<dt>Fita adesiva<\/dt>\n<dd>Supacaz Super Kush Pegajoso<\/dd>\n<\/dl>\n<dl>\n<dt>Caule<\/dt>\n<dd>Haste integrada na pista, 6 graus<\/dd>\n<\/dl>\n<dl>\n<dt>Encaderna\u00e7\u00e3o de assentos<\/dt>\n<dd>Cunha integrada na pista<\/dd>\n<\/dl>\n<\/div>\n<div class=\"product-specification\">\n<dl>\n<dt>Freio dianteiro<\/dt>\n<dd>Shimano 105, Disco hidr\u00e1ulico<\/dd>\n<\/dl>\n<dl>\n<dt>Freio traseiro<\/dt>\n<dd>Shimano 105, Disco hidr\u00e1ulico<\/dd>\n<\/dl>\n<\/div>\n<div class=\"product-specification\">\n<dl>\n<dt>An\u00e9is de<\/dt>\n<p> corrente<\/p>\n<dd>50\/34T<\/dd>\n<\/dl>\n<dl>\n<dt>Alavancas de<\/dt>\n<p> mudan\u00e7a<\/p>\n<dd>Shimano 105 Di2 R7170, 12 velocidades<\/dd>\n<\/dl>\n<dl>\n<dt>\n<\/dt>\n<dd>Shimano 105, 12 velocidades, 11-34t<\/dd>\n<\/dl>\n<dl>\n<dt>Virabrequim<\/dt>\n<dd>Shimano 105, 12 velocidades<\/dd>\n<\/dl>\n<dl>\n<dt>Descarrilador<\/dt>\n<p> traseiro<\/p>\n<dd>Shimano 105 Di2 |<\/dd>\n<\/dl>\n<dl>\n<dt>Descarrilador<\/dt>\n<p> dianteiro<\/p>\n<dd>Shimano 105 Di2, Braze-on<\/dd>\n<\/dl>\n<dl>\n<dt>Cadeia<\/dt>\n<dd>Shimano SLX M7100, 12 velocidades com liga\u00e7\u00e3o r\u00e1pida<\/dd>\n<\/dl>\n<dl>\n<dt>Suporte inferior<\/dt>\n<dd>Shimano Roscado BSA BB<\/dd>\n<\/dl>\n<\/div>\n<div class=\"product-specification\">\n<dl>\n<dt>Roda dianteira<\/dt>\n<dd>DT R470 Disco<\/dd>\n<\/dl>\n<dl>\n<dt>Roda traseira<\/dt>\n<dd>DT R470 Disco<\/dd>\n<\/dl>\n<dl>\n<dt>Tubos Internos<\/dt>\n<dd>Presta Valve Standard, v\u00e1lvulas de 48mm<\/dd>\n<\/dl>\n<dl>\n<dt>Pneu<\/dt>\n<p> dianteiro<\/p>\n<dd>Turbo Pro, 700&#215;26<\/dd>\n<\/dl>\n<dl>\n<dt>Pneu traseiro<\/dt>\n<dd>Turbo Pro, 700&#215;26<\/dd>\n<\/dl>\n<\/div>\n<div class=\"product-specification\">\n<p>PESO<\/p>\n<dl>\n<dt>Tamanho do<\/dt>\n<p> peso<\/p>\n<dd>56\u00ba<\/dd>\n<\/dl>\n<dl>\n<dt>Peso<\/dt>\n<dd>8,10 kg (17 lb, 13,7 oz)<\/dd>\n<\/dl>\n<\/div>\n<\/li>\n<\/ul>\n","protected":false},"excerpt":{"rendered":"<p>A nova Tarmac foi projetada para ir r\u00e1pido, n\u00e3o h\u00e1 d\u00favida disso, mas representa muito mais do que apenas um feito aerodin\u00e2mico.<br \/>\nCom um quadro leve <strong>Rider-First Engineered\u2122<\/strong> oferece as melhores caracter\u00edsticas de condu\u00e7\u00e3o poss\u00edveis, independentemente do tamanho.<br \/>\nCom o novo conjunto <strong>de 12 velocidades Shimano 105 Di2<\/strong> que leva as mudan\u00e7as eletr\u00f3nicas a mais utilizadores, juntamente com pneus Turbo Pro 700x26mm de baixa resist\u00eancia ao rolamento, esta nova Tarmac oferece desempenho a um pre\u00e7o mais acess\u00edvel.  <\/p>\n","protected":false},"featured_media":290844,"comment_status":"closed","ping_status":"closed","template":"","meta":{"_acf_changed":false,"_et_pb_use_builder":"","_et_pb_old_content":"","_et_gb_content_width":"","inline_featured_image":false},"product_brand":[],"product_cat":[4353,2459,378,2483,2460,3031,2696],"product_tag":[],"class_list":{"0":"post-383314","1":"product","2":"type-product","3":"status-publish","4":"has-post-thumbnail","6":"product_cat-liquidacion-specialized","7":"product_cat-bicicletas-pt-pt-2","8":"product_cat-estrada","9":"product_cat-bicicletas-especializadas","10":"product_cat-ofertas-pt-pt","11":"product_cat-oferta-rodoviaria","12":"product_cat-ofertas-especializadas","13":"product_shipping_class-bicicletas-pt-pt","15":"first","16":"outofstock","17":"sale","18":"taxable","19":"shipping-taxable","20":"purchasable","21":"product-type-variable","22":"wvs-archive-product-wrapper"},"acf":[],"yoast_head":"<!-- This site is optimized with the Yoast SEO Premium plugin v26.7 (Yoast SEO v26.7) - https:\/\/yoast.com\/wordpress\/plugins\/seo\/ -->\n<title>Specialized Tarmac SL7 Comp 2024 GR-100 Ofertas<\/title>\n<meta name=\"description\" content=\"A nova Tarmac SL7 24 foi concebida para ser r\u00e1pida, n\u00e3o h\u00e1 d\u00favida disso, mas representa muito mais do que proeza aerodin\u00e2mica.\" \/>\n<meta name=\"robots\" content=\"index, follow, max-snippet:-1, max-image-preview:large, max-video-preview:-1\" \/>\n<link rel=\"canonical\" href=\"https:\/\/gr-100.com\/pt-pt\/producto\/tarmac-especializado-sl7-comp-2024\/\" \/>\n<meta property=\"og:locale\" content=\"pt_PT\" \/>\n<meta property=\"og:type\" content=\"article\" \/>\n<meta property=\"og:title\" content=\"Specialized Tarmac SL7 Comp 2024\" \/>\n<meta property=\"og:description\" content=\"A nova Tarmac SL7 24 foi concebida para ser r\u00e1pida, n\u00e3o h\u00e1 d\u00favida disso, mas representa muito mais do que proeza aerodin\u00e2mica.\" \/>\n<meta property=\"og:url\" content=\"https:\/\/gr-100.com\/pt-pt\/producto\/tarmac-especializado-sl7-comp-2024\/\" \/>\n<meta property=\"og:site_name\" content=\"Gr-100 Tienda de ciclismo Specialized\" \/>\n<meta property=\"article:publisher\" content=\"https:\/\/www.facebook.com\/Gr100Bikes\" \/>\n<meta property=\"article:modified_time\" content=\"2025-09-22T15:00:00+00:00\" \/>\n<meta property=\"og:image\" content=\"https:\/\/gr-100.com\/wp-content\/uploads\/2024\/05\/Tarmac-SL7-Comp-satin-OB.jpeg\" \/>\n\t<meta property=\"og:image:width\" content=\"1000\" \/>\n\t<meta property=\"og:image:height\" content=\"1000\" \/>\n\t<meta property=\"og:image:type\" content=\"image\/jpeg\" \/>\n<meta name=\"twitter:card\" content=\"summary_large_image\" \/>\n<meta name=\"twitter:label1\" content=\"Tempo estimado de leitura\" \/>\n\t<meta name=\"twitter:data1\" content=\"1 minuto\" \/>\n<script type=\"application\/ld+json\" class=\"yoast-schema-graph\">{\"@context\":\"https:\/\/schema.org\",\"@graph\":[{\"@type\":\"WebPage\",\"@id\":\"https:\/\/gr-100.com\/pt-pt\/producto\/tarmac-especializado-sl7-comp-2024\/\",\"url\":\"https:\/\/gr-100.com\/pt-pt\/producto\/tarmac-especializado-sl7-comp-2024\/\",\"name\":\"Specialized Tarmac SL7 Comp 2024 GR-100 Ofertas\",\"isPartOf\":{\"@id\":\"https:\/\/gr-100.com\/#website\"},\"primaryImageOfPage\":{\"@id\":\"https:\/\/gr-100.com\/pt-pt\/producto\/tarmac-especializado-sl7-comp-2024\/#primaryimage\"},\"image\":{\"@id\":\"https:\/\/gr-100.com\/pt-pt\/producto\/tarmac-especializado-sl7-comp-2024\/#primaryimage\"},\"thumbnailUrl\":\"https:\/\/gr-100.com\/wp-content\/uploads\/2024\/05\/Tarmac-SL7-Comp-satin-OB.jpeg\",\"datePublished\":\"2024-07-01T11:30:34+00:00\",\"dateModified\":\"2025-09-22T15:00:00+00:00\",\"description\":\"A nova Tarmac SL7 24 foi concebida para ser r\u00e1pida, n\u00e3o h\u00e1 d\u00favida disso, mas representa muito mais do que proeza aerodin\u00e2mica.\",\"breadcrumb\":{\"@id\":\"https:\/\/gr-100.com\/pt-pt\/producto\/tarmac-especializado-sl7-comp-2024\/#breadcrumb\"},\"inLanguage\":\"pt-PT\",\"potentialAction\":[{\"@type\":\"ReadAction\",\"target\":[\"https:\/\/gr-100.com\/pt-pt\/producto\/tarmac-especializado-sl7-comp-2024\/\"]}]},{\"@type\":\"ImageObject\",\"inLanguage\":\"pt-PT\",\"@id\":\"https:\/\/gr-100.com\/pt-pt\/producto\/tarmac-especializado-sl7-comp-2024\/#primaryimage\",\"url\":\"https:\/\/gr-100.com\/wp-content\/uploads\/2024\/05\/Tarmac-SL7-Comp-satin-OB.jpeg\",\"contentUrl\":\"https:\/\/gr-100.com\/wp-content\/uploads\/2024\/05\/Tarmac-SL7-Comp-satin-OB.jpeg\",\"width\":1000,\"height\":1000},{\"@type\":\"BreadcrumbList\",\"@id\":\"https:\/\/gr-100.com\/pt-pt\/producto\/tarmac-especializado-sl7-comp-2024\/#breadcrumb\",\"itemListElement\":[{\"@type\":\"ListItem\",\"position\":1,\"name\":\"Portada\",\"item\":\"https:\/\/gr-100.com\/en\/\"},{\"@type\":\"ListItem\",\"position\":2,\"name\":\"Productos\",\"item\":\"https:\/\/gr-100.com\/?post_type=product\"},{\"@type\":\"ListItem\",\"position\":3,\"name\":\"Specialized Tarmac SL7 Comp 2024\"}]},{\"@type\":\"WebSite\",\"@id\":\"https:\/\/gr-100.com\/#website\",\"url\":\"https:\/\/gr-100.com\/\",\"name\":\"Gr-100 Tienda de ciclismo Specialized\",\"description\":\"GR-100 tenemos todas las gamas de bicicletas Specialized al mejor precio.\",\"publisher\":{\"@id\":\"https:\/\/gr-100.com\/#organization\"},\"alternateName\":\"Gr-100 Bikes\",\"potentialAction\":[{\"@type\":\"SearchAction\",\"target\":{\"@type\":\"EntryPoint\",\"urlTemplate\":\"https:\/\/gr-100.com\/?s={search_term_string}\"},\"query-input\":{\"@type\":\"PropertyValueSpecification\",\"valueRequired\":true,\"valueName\":\"search_term_string\"}}],\"inLanguage\":\"pt-PT\"},{\"@type\":\"Organization\",\"@id\":\"https:\/\/gr-100.com\/#organization\",\"name\":\"Gr-100\",\"url\":\"https:\/\/gr-100.com\/\",\"logo\":{\"@type\":\"ImageObject\",\"inLanguage\":\"pt-PT\",\"@id\":\"https:\/\/gr-100.com\/#\/schema\/logo\/image\/\",\"url\":\"https:\/\/gr-100.com\/wp-content\/uploads\/2023\/08\/logo-gr-100-bikes.png\",\"contentUrl\":\"https:\/\/gr-100.com\/wp-content\/uploads\/2023\/08\/logo-gr-100-bikes.png\",\"width\":707,\"height\":284,\"caption\":\"Gr-100\"},\"image\":{\"@id\":\"https:\/\/gr-100.com\/#\/schema\/logo\/image\/\"},\"sameAs\":[\"https:\/\/www.facebook.com\/Gr100Bikes\",\"https:\/\/www.instagram.com\/gr100bikes\/\",\"https:\/\/www.tiktok.com\/@gr100bikes\",\"https:\/\/twitter.com\/gr100mtbteam\",\"https:\/\/www.youtube.com\/c\/GR100Specialized\"]}]}<\/script>\n<!-- \/ Yoast SEO Premium plugin. -->","yoast_head_json":{"title":"Specialized Tarmac SL7 Comp 2024 GR-100 Ofertas","description":"A nova Tarmac SL7 24 foi concebida para ser r\u00e1pida, n\u00e3o h\u00e1 d\u00favida disso, mas representa muito mais do que proeza aerodin\u00e2mica.","robots":{"index":"index","follow":"follow","max-snippet":"max-snippet:-1","max-image-preview":"max-image-preview:large","max-video-preview":"max-video-preview:-1"},"canonical":"https:\/\/gr-100.com\/pt-pt\/producto\/tarmac-especializado-sl7-comp-2024\/","og_locale":"pt_PT","og_type":"article","og_title":"Specialized Tarmac SL7 Comp 2024","og_description":"A nova Tarmac SL7 24 foi concebida para ser r\u00e1pida, n\u00e3o h\u00e1 d\u00favida disso, mas representa muito mais do que proeza aerodin\u00e2mica.","og_url":"https:\/\/gr-100.com\/pt-pt\/producto\/tarmac-especializado-sl7-comp-2024\/","og_site_name":"Gr-100 Tienda de ciclismo Specialized","article_publisher":"https:\/\/www.facebook.com\/Gr100Bikes","article_modified_time":"2025-09-22T15:00:00+00:00","og_image":[{"width":1000,"height":1000,"url":"https:\/\/gr-100.com\/wp-content\/uploads\/2024\/05\/Tarmac-SL7-Comp-satin-OB.jpeg","type":"image\/jpeg"}],"twitter_card":"summary_large_image","twitter_misc":{"Tempo estimado de leitura":"1 minuto"},"schema":{"@context":"https:\/\/schema.org","@graph":[{"@type":"WebPage","@id":"https:\/\/gr-100.com\/pt-pt\/producto\/tarmac-especializado-sl7-comp-2024\/","url":"https:\/\/gr-100.com\/pt-pt\/producto\/tarmac-especializado-sl7-comp-2024\/","name":"Specialized Tarmac SL7 Comp 2024 GR-100 Ofertas","isPartOf":{"@id":"https:\/\/gr-100.com\/#website"},"primaryImageOfPage":{"@id":"https:\/\/gr-100.com\/pt-pt\/producto\/tarmac-especializado-sl7-comp-2024\/#primaryimage"},"image":{"@id":"https:\/\/gr-100.com\/pt-pt\/producto\/tarmac-especializado-sl7-comp-2024\/#primaryimage"},"thumbnailUrl":"https:\/\/gr-100.com\/wp-content\/uploads\/2024\/05\/Tarmac-SL7-Comp-satin-OB.jpeg","datePublished":"2024-07-01T11:30:34+00:00","dateModified":"2025-09-22T15:00:00+00:00","description":"A nova Tarmac SL7 24 foi concebida para ser r\u00e1pida, n\u00e3o h\u00e1 d\u00favida disso, mas representa muito mais do que proeza aerodin\u00e2mica.","breadcrumb":{"@id":"https:\/\/gr-100.com\/pt-pt\/producto\/tarmac-especializado-sl7-comp-2024\/#breadcrumb"},"inLanguage":"pt-PT","potentialAction":[{"@type":"ReadAction","target":["https:\/\/gr-100.com\/pt-pt\/producto\/tarmac-especializado-sl7-comp-2024\/"]}]},{"@type":"ImageObject","inLanguage":"pt-PT","@id":"https:\/\/gr-100.com\/pt-pt\/producto\/tarmac-especializado-sl7-comp-2024\/#primaryimage","url":"https:\/\/gr-100.com\/wp-content\/uploads\/2024\/05\/Tarmac-SL7-Comp-satin-OB.jpeg","contentUrl":"https:\/\/gr-100.com\/wp-content\/uploads\/2024\/05\/Tarmac-SL7-Comp-satin-OB.jpeg","width":1000,"height":1000},{"@type":"BreadcrumbList","@id":"https:\/\/gr-100.com\/pt-pt\/producto\/tarmac-especializado-sl7-comp-2024\/#breadcrumb","itemListElement":[{"@type":"ListItem","position":1,"name":"Portada","item":"https:\/\/gr-100.com\/en\/"},{"@type":"ListItem","position":2,"name":"Productos","item":"https:\/\/gr-100.com\/?post_type=product"},{"@type":"ListItem","position":3,"name":"Specialized Tarmac SL7 Comp 2024"}]},{"@type":"WebSite","@id":"https:\/\/gr-100.com\/#website","url":"https:\/\/gr-100.com\/","name":"Gr-100 Tienda de ciclismo Specialized","description":"GR-100 tenemos todas las gamas de bicicletas Specialized al mejor precio.","publisher":{"@id":"https:\/\/gr-100.com\/#organization"},"alternateName":"Gr-100 Bikes","potentialAction":[{"@type":"SearchAction","target":{"@type":"EntryPoint","urlTemplate":"https:\/\/gr-100.com\/?s={search_term_string}"},"query-input":{"@type":"PropertyValueSpecification","valueRequired":true,"valueName":"search_term_string"}}],"inLanguage":"pt-PT"},{"@type":"Organization","@id":"https:\/\/gr-100.com\/#organization","name":"Gr-100","url":"https:\/\/gr-100.com\/","logo":{"@type":"ImageObject","inLanguage":"pt-PT","@id":"https:\/\/gr-100.com\/#\/schema\/logo\/image\/","url":"https:\/\/gr-100.com\/wp-content\/uploads\/2023\/08\/logo-gr-100-bikes.png","contentUrl":"https:\/\/gr-100.com\/wp-content\/uploads\/2023\/08\/logo-gr-100-bikes.png","width":707,"height":284,"caption":"Gr-100"},"image":{"@id":"https:\/\/gr-100.com\/#\/schema\/logo\/image\/"},"sameAs":["https:\/\/www.facebook.com\/Gr100Bikes","https:\/\/www.instagram.com\/gr100bikes\/","https:\/\/www.tiktok.com\/@gr100bikes","https:\/\/twitter.com\/gr100mtbteam","https:\/\/www.youtube.com\/c\/GR100Specialized"]}]}},"_links":{"self":[{"href":"https:\/\/gr-100.com\/pt-pt\/wp-json\/wp\/v2\/product\/383314","targetHints":{"allow":["GET"]}}],"collection":[{"href":"https:\/\/gr-100.com\/pt-pt\/wp-json\/wp\/v2\/product"}],"about":[{"href":"https:\/\/gr-100.com\/pt-pt\/wp-json\/wp\/v2\/types\/product"}],"replies":[{"embeddable":true,"href":"https:\/\/gr-100.com\/pt-pt\/wp-json\/wp\/v2\/comments?post=383314"}],"wp:featuredmedia":[{"embeddable":true,"href":"https:\/\/gr-100.com\/pt-pt\/wp-json\/wp\/v2\/media\/290844"}],"wp:attachment":[{"href":"https:\/\/gr-100.com\/pt-pt\/wp-json\/wp\/v2\/media?parent=383314"}],"wp:term":[{"taxonomy":"product_brand","embeddable":true,"href":"https:\/\/gr-100.com\/pt-pt\/wp-json\/wp\/v2\/product_brand?post=383314"},{"taxonomy":"product_cat","embeddable":true,"href":"https:\/\/gr-100.com\/pt-pt\/wp-json\/wp\/v2\/product_cat?post=383314"},{"taxonomy":"product_tag","embeddable":true,"href":"https:\/\/gr-100.com\/pt-pt\/wp-json\/wp\/v2\/product_tag?post=383314"}],"curies":[{"name":"wp","href":"https:\/\/api.w.org\/{rel}","templated":true}]}}