{"id":383361,"date":"2024-07-01T13:23:56","date_gmt":"2024-07-01T12:23:56","guid":{"rendered":"https:\/\/gr-100.com\/producto\/especializado-aethos-s-works-di2-2023\/"},"modified":"2025-12-18T16:48:30","modified_gmt":"2025-12-18T14:48:30","slug":"especializado-aethos-s-works-di2-2023","status":"publish","type":"product","link":"https:\/\/gr-100.com\/pt-pt\/producto\/especializado-aethos-s-works-di2-2023\/","title":{"rendered":"Specialized Aethos S-Works DI2 2023"},"content":{"rendered":"<p>Cada detalhe, desde o cabide derailleur at\u00e9 \u00e0 tampa da haste, foi concebido tendo em mente o estilo, o peso e a durabilidade. Foi tamb\u00e9m equipado com o novo espig\u00e3o e rodas Roval Alpinist, que poupam peso e melhoram as caracter\u00edsticas de condu\u00e7\u00e3o. Tudo para ter a condu\u00e7\u00e3o perfeita.  <\/p>\n<ul>\n<li>S-Works Aethos FACT 12r Carbono FRAME<\/li>\n<li>S-Works FACT Garfo de carbono<\/li>\n<li>TRAV\u00d5ES<\/li>\n<li>Shimano Dura-Ace R9250, DERAILLEUR TRASEIRO de 12 velocidades<\/li>\n<li>Shimano XTR M9100 CHAIN, 12 velocidades w \/ link r\u00e1pido<\/li>\n<li>S-Works POT\u00caNCIA<\/li>\n<li>Geometria S-Works Power SADDLE<\/li>\n<li>Roval de assento de carbono Roval Alpinist<\/li>\n<li>S-Works Short &amp; GUID\u00c3O raso<\/li>\n<li>TEMPORADA 2022<\/li>\n<li>Roval Alpinist CLX JANTES<\/li>\n<li>Shimano Dura-Ace roda dentada, 12 velocidades, 11-30t<\/li>\n<li>Pneus Turbo Algod\u00e3o, 320 TPI, 700x26mm<\/li>\n<li>MATERIAL Carbono<\/li>\n<li>MODO ESTRADA Desempenho<\/li>\n<li>Disco BRAKE<\/li>\n<li>DI\u00c2METRO 700<\/li>\n<li>Estrada USO<\/li>\n<li>N\u00ba RODASTES 12V<\/li>\n<li>TIPO DE TRANSMISS\u00c3O Electr\u00f3nica<\/li>\n<li>N\u00ba PRATOS 2<\/li>\n<li>TIPO DE N\u00daCLEO: Microspline<\/li>\n<li>TIPO DE DISCO CL<\/li>\n<li>DI\u00c2METRO DO GUIADOR 31<\/li>\n<li>LARGURA DO CUBO DA RODA: 12x142mm<\/li>\n<li>PERFIL DE FLANGE 32mm<\/li>\n<li>DI\u00c2METRO DO DISCO 160mm<\/li>\n<\/ul>\n","protected":false},"excerpt":{"rendered":"<p>Aethos Sworks DI2, para ter o equil\u00edbrio perfeito entre rigidez dianteira e traseira combinada com uma qualidade de condu\u00e7\u00e3o excecional.<br \/>\nAo estudar a flex\u00e3o e a respira\u00e7\u00e3o da fibra de carbono, fomos capazes de descobrir descobertas inovadoras sobre como as for\u00e7as fluem atrav\u00e9s dos quadros.<br \/>\nApenas algumas pedaladas e voc\u00ea perceber\u00e1 que essa experi\u00eancia sublime define um novo padr\u00e3o.  <\/p>\n","protected":false},"featured_media":303092,"comment_status":"closed","ping_status":"closed","template":"","meta":{"_acf_changed":false,"_et_pb_use_builder":"","_et_pb_old_content":"","_et_gb_content_width":"","inline_featured_image":false},"product_brand":[],"product_cat":[4353,2459,378,5314,5312,5313,2696],"product_tag":[],"class_list":{"0":"post-383361","1":"product","2":"type-product","3":"status-publish","4":"has-post-thumbnail","6":"product_cat-liquidacion-specialized","7":"product_cat-bicicletas-pt-pt-2","8":"product_cat-estrada","9":"product_cat-bicicletas-carretera-carbono-pt-pt","10":"product_cat-bicicletas-carretera-s-works-pt-pt","11":"product_cat-bicicletas-carretera-specialized-pt-pt","12":"product_cat-ofertas-especializadas","13":"product_shipping_class-bicicletas-pt-pt","15":"first","16":"instock","17":"sale","18":"taxable","19":"shipping-taxable","20":"purchasable","21":"product-type-variable","22":"wvs-archive-product-wrapper"},"acf":[],"yoast_head":"<!-- This site is optimized with the Yoast SEO Premium plugin v26.7 (Yoast SEO v26.7) - https:\/\/yoast.com\/wordpress\/plugins\/seo\/ -->\n<title>Specialized Aethos S-Works DI2 2023 GR-100<\/title>\n<meta name=\"description\" content=\"Aethos Sworks DI2 2023, para ter o equil\u00edbrio perfeito entre rigidez dianteira e traseira combinada com uma qualidade de condu\u00e7\u00e3o excecional.\" \/>\n<meta name=\"robots\" content=\"index, follow, max-snippet:-1, max-image-preview:large, max-video-preview:-1\" \/>\n<link rel=\"canonical\" href=\"https:\/\/gr-100.com\/pt-pt\/producto\/especializado-aethos-s-works-di2-2023\/\" \/>\n<meta property=\"og:locale\" content=\"pt_PT\" \/>\n<meta property=\"og:type\" content=\"article\" \/>\n<meta property=\"og:title\" content=\"Specialized Aethos S-Works DI2 2023\" \/>\n<meta property=\"og:description\" content=\"Aethos Sworks DI2 2023, para ter o equil\u00edbrio perfeito entre rigidez dianteira e traseira combinada com uma qualidade de condu\u00e7\u00e3o excecional.\" \/>\n<meta property=\"og:url\" content=\"https:\/\/gr-100.com\/pt-pt\/producto\/especializado-aethos-s-works-di2-2023\/\" \/>\n<meta property=\"og:site_name\" content=\"Gr-100 Tienda de ciclismo Specialized\" \/>\n<meta property=\"article:publisher\" content=\"https:\/\/www.facebook.com\/Gr100Bikes\" \/>\n<meta property=\"article:modified_time\" content=\"2025-12-18T14:48:30+00:00\" \/>\n<meta property=\"og:image\" content=\"https:\/\/gr-100.com\/wp-content\/uploads\/2024\/05\/My-project-1-5.jpeg\" \/>\n\t<meta property=\"og:image:width\" content=\"1200\" \/>\n\t<meta property=\"og:image:height\" content=\"1200\" \/>\n\t<meta property=\"og:image:type\" content=\"image\/jpeg\" \/>\n<meta name=\"twitter:card\" content=\"summary_large_image\" \/>\n<meta name=\"twitter:label1\" content=\"Tempo estimado de leitura\" \/>\n\t<meta name=\"twitter:data1\" content=\"1 minuto\" \/>\n<script type=\"application\/ld+json\" class=\"yoast-schema-graph\">{\"@context\":\"https:\/\/schema.org\",\"@graph\":[{\"@type\":\"WebPage\",\"@id\":\"https:\/\/gr-100.com\/pt-pt\/producto\/especializado-aethos-s-works-di2-2023\/\",\"url\":\"https:\/\/gr-100.com\/pt-pt\/producto\/especializado-aethos-s-works-di2-2023\/\",\"name\":\"Specialized Aethos S-Works DI2 2023 GR-100\",\"isPartOf\":{\"@id\":\"https:\/\/gr-100.com\/#website\"},\"primaryImageOfPage\":{\"@id\":\"https:\/\/gr-100.com\/pt-pt\/producto\/especializado-aethos-s-works-di2-2023\/#primaryimage\"},\"image\":{\"@id\":\"https:\/\/gr-100.com\/pt-pt\/producto\/especializado-aethos-s-works-di2-2023\/#primaryimage\"},\"thumbnailUrl\":\"https:\/\/gr-100.com\/wp-content\/uploads\/2024\/05\/My-project-1-5.jpeg\",\"datePublished\":\"2024-07-01T12:23:56+00:00\",\"dateModified\":\"2025-12-18T14:48:30+00:00\",\"description\":\"Aethos Sworks DI2 2023, para ter o equil\u00edbrio perfeito entre rigidez dianteira e traseira combinada com uma qualidade de condu\u00e7\u00e3o excecional.\",\"breadcrumb\":{\"@id\":\"https:\/\/gr-100.com\/pt-pt\/producto\/especializado-aethos-s-works-di2-2023\/#breadcrumb\"},\"inLanguage\":\"pt-PT\",\"potentialAction\":[{\"@type\":\"ReadAction\",\"target\":[\"https:\/\/gr-100.com\/pt-pt\/producto\/especializado-aethos-s-works-di2-2023\/\"]}]},{\"@type\":\"ImageObject\",\"inLanguage\":\"pt-PT\",\"@id\":\"https:\/\/gr-100.com\/pt-pt\/producto\/especializado-aethos-s-works-di2-2023\/#primaryimage\",\"url\":\"https:\/\/gr-100.com\/wp-content\/uploads\/2024\/05\/My-project-1-5.jpeg\",\"contentUrl\":\"https:\/\/gr-100.com\/wp-content\/uploads\/2024\/05\/My-project-1-5.jpeg\",\"width\":1200,\"height\":1200},{\"@type\":\"BreadcrumbList\",\"@id\":\"https:\/\/gr-100.com\/pt-pt\/producto\/especializado-aethos-s-works-di2-2023\/#breadcrumb\",\"itemListElement\":[{\"@type\":\"ListItem\",\"position\":1,\"name\":\"Portada\",\"item\":\"https:\/\/gr-100.com\/en\/\"},{\"@type\":\"ListItem\",\"position\":2,\"name\":\"Productos\",\"item\":\"https:\/\/gr-100.com\/?post_type=product\"},{\"@type\":\"ListItem\",\"position\":3,\"name\":\"Specialized Aethos S-Works DI2 2023\"}]},{\"@type\":\"WebSite\",\"@id\":\"https:\/\/gr-100.com\/#website\",\"url\":\"https:\/\/gr-100.com\/\",\"name\":\"Gr-100 Tienda de ciclismo Specialized\",\"description\":\"GR-100 tenemos todas las gamas de bicicletas Specialized al mejor precio.\",\"publisher\":{\"@id\":\"https:\/\/gr-100.com\/#organization\"},\"alternateName\":\"Gr-100 Bikes\",\"potentialAction\":[{\"@type\":\"SearchAction\",\"target\":{\"@type\":\"EntryPoint\",\"urlTemplate\":\"https:\/\/gr-100.com\/?s={search_term_string}\"},\"query-input\":{\"@type\":\"PropertyValueSpecification\",\"valueRequired\":true,\"valueName\":\"search_term_string\"}}],\"inLanguage\":\"pt-PT\"},{\"@type\":\"Organization\",\"@id\":\"https:\/\/gr-100.com\/#organization\",\"name\":\"Gr-100\",\"url\":\"https:\/\/gr-100.com\/\",\"logo\":{\"@type\":\"ImageObject\",\"inLanguage\":\"pt-PT\",\"@id\":\"https:\/\/gr-100.com\/#\/schema\/logo\/image\/\",\"url\":\"https:\/\/gr-100.com\/wp-content\/uploads\/2023\/08\/logo-gr-100-bikes.png\",\"contentUrl\":\"https:\/\/gr-100.com\/wp-content\/uploads\/2023\/08\/logo-gr-100-bikes.png\",\"width\":707,\"height\":284,\"caption\":\"Gr-100\"},\"image\":{\"@id\":\"https:\/\/gr-100.com\/#\/schema\/logo\/image\/\"},\"sameAs\":[\"https:\/\/www.facebook.com\/Gr100Bikes\",\"https:\/\/www.instagram.com\/gr100bikes\/\",\"https:\/\/www.tiktok.com\/@gr100bikes\",\"https:\/\/twitter.com\/gr100mtbteam\",\"https:\/\/www.youtube.com\/c\/GR100Specialized\"]}]}<\/script>\n<!-- \/ Yoast SEO Premium plugin. -->","yoast_head_json":{"title":"Specialized Aethos S-Works DI2 2023 GR-100","description":"Aethos Sworks DI2 2023, para ter o equil\u00edbrio perfeito entre rigidez dianteira e traseira combinada com uma qualidade de condu\u00e7\u00e3o excecional.","robots":{"index":"index","follow":"follow","max-snippet":"max-snippet:-1","max-image-preview":"max-image-preview:large","max-video-preview":"max-video-preview:-1"},"canonical":"https:\/\/gr-100.com\/pt-pt\/producto\/especializado-aethos-s-works-di2-2023\/","og_locale":"pt_PT","og_type":"article","og_title":"Specialized Aethos S-Works DI2 2023","og_description":"Aethos Sworks DI2 2023, para ter o equil\u00edbrio perfeito entre rigidez dianteira e traseira combinada com uma qualidade de condu\u00e7\u00e3o excecional.","og_url":"https:\/\/gr-100.com\/pt-pt\/producto\/especializado-aethos-s-works-di2-2023\/","og_site_name":"Gr-100 Tienda de ciclismo Specialized","article_publisher":"https:\/\/www.facebook.com\/Gr100Bikes","article_modified_time":"2025-12-18T14:48:30+00:00","og_image":[{"width":1200,"height":1200,"url":"https:\/\/gr-100.com\/wp-content\/uploads\/2024\/05\/My-project-1-5.jpeg","type":"image\/jpeg"}],"twitter_card":"summary_large_image","twitter_misc":{"Tempo estimado de leitura":"1 minuto"},"schema":{"@context":"https:\/\/schema.org","@graph":[{"@type":"WebPage","@id":"https:\/\/gr-100.com\/pt-pt\/producto\/especializado-aethos-s-works-di2-2023\/","url":"https:\/\/gr-100.com\/pt-pt\/producto\/especializado-aethos-s-works-di2-2023\/","name":"Specialized Aethos S-Works DI2 2023 GR-100","isPartOf":{"@id":"https:\/\/gr-100.com\/#website"},"primaryImageOfPage":{"@id":"https:\/\/gr-100.com\/pt-pt\/producto\/especializado-aethos-s-works-di2-2023\/#primaryimage"},"image":{"@id":"https:\/\/gr-100.com\/pt-pt\/producto\/especializado-aethos-s-works-di2-2023\/#primaryimage"},"thumbnailUrl":"https:\/\/gr-100.com\/wp-content\/uploads\/2024\/05\/My-project-1-5.jpeg","datePublished":"2024-07-01T12:23:56+00:00","dateModified":"2025-12-18T14:48:30+00:00","description":"Aethos Sworks DI2 2023, para ter o equil\u00edbrio perfeito entre rigidez dianteira e traseira combinada com uma qualidade de condu\u00e7\u00e3o excecional.","breadcrumb":{"@id":"https:\/\/gr-100.com\/pt-pt\/producto\/especializado-aethos-s-works-di2-2023\/#breadcrumb"},"inLanguage":"pt-PT","potentialAction":[{"@type":"ReadAction","target":["https:\/\/gr-100.com\/pt-pt\/producto\/especializado-aethos-s-works-di2-2023\/"]}]},{"@type":"ImageObject","inLanguage":"pt-PT","@id":"https:\/\/gr-100.com\/pt-pt\/producto\/especializado-aethos-s-works-di2-2023\/#primaryimage","url":"https:\/\/gr-100.com\/wp-content\/uploads\/2024\/05\/My-project-1-5.jpeg","contentUrl":"https:\/\/gr-100.com\/wp-content\/uploads\/2024\/05\/My-project-1-5.jpeg","width":1200,"height":1200},{"@type":"BreadcrumbList","@id":"https:\/\/gr-100.com\/pt-pt\/producto\/especializado-aethos-s-works-di2-2023\/#breadcrumb","itemListElement":[{"@type":"ListItem","position":1,"name":"Portada","item":"https:\/\/gr-100.com\/en\/"},{"@type":"ListItem","position":2,"name":"Productos","item":"https:\/\/gr-100.com\/?post_type=product"},{"@type":"ListItem","position":3,"name":"Specialized Aethos S-Works DI2 2023"}]},{"@type":"WebSite","@id":"https:\/\/gr-100.com\/#website","url":"https:\/\/gr-100.com\/","name":"Gr-100 Tienda de ciclismo Specialized","description":"GR-100 tenemos todas las gamas de bicicletas Specialized al mejor precio.","publisher":{"@id":"https:\/\/gr-100.com\/#organization"},"alternateName":"Gr-100 Bikes","potentialAction":[{"@type":"SearchAction","target":{"@type":"EntryPoint","urlTemplate":"https:\/\/gr-100.com\/?s={search_term_string}"},"query-input":{"@type":"PropertyValueSpecification","valueRequired":true,"valueName":"search_term_string"}}],"inLanguage":"pt-PT"},{"@type":"Organization","@id":"https:\/\/gr-100.com\/#organization","name":"Gr-100","url":"https:\/\/gr-100.com\/","logo":{"@type":"ImageObject","inLanguage":"pt-PT","@id":"https:\/\/gr-100.com\/#\/schema\/logo\/image\/","url":"https:\/\/gr-100.com\/wp-content\/uploads\/2023\/08\/logo-gr-100-bikes.png","contentUrl":"https:\/\/gr-100.com\/wp-content\/uploads\/2023\/08\/logo-gr-100-bikes.png","width":707,"height":284,"caption":"Gr-100"},"image":{"@id":"https:\/\/gr-100.com\/#\/schema\/logo\/image\/"},"sameAs":["https:\/\/www.facebook.com\/Gr100Bikes","https:\/\/www.instagram.com\/gr100bikes\/","https:\/\/www.tiktok.com\/@gr100bikes","https:\/\/twitter.com\/gr100mtbteam","https:\/\/www.youtube.com\/c\/GR100Specialized"]}]}},"_links":{"self":[{"href":"https:\/\/gr-100.com\/pt-pt\/wp-json\/wp\/v2\/product\/383361","targetHints":{"allow":["GET"]}}],"collection":[{"href":"https:\/\/gr-100.com\/pt-pt\/wp-json\/wp\/v2\/product"}],"about":[{"href":"https:\/\/gr-100.com\/pt-pt\/wp-json\/wp\/v2\/types\/product"}],"replies":[{"embeddable":true,"href":"https:\/\/gr-100.com\/pt-pt\/wp-json\/wp\/v2\/comments?post=383361"}],"wp:featuredmedia":[{"embeddable":true,"href":"https:\/\/gr-100.com\/pt-pt\/wp-json\/wp\/v2\/media\/303092"}],"wp:attachment":[{"href":"https:\/\/gr-100.com\/pt-pt\/wp-json\/wp\/v2\/media?parent=383361"}],"wp:term":[{"taxonomy":"product_brand","embeddable":true,"href":"https:\/\/gr-100.com\/pt-pt\/wp-json\/wp\/v2\/product_brand?post=383361"},{"taxonomy":"product_cat","embeddable":true,"href":"https:\/\/gr-100.com\/pt-pt\/wp-json\/wp\/v2\/product_cat?post=383361"},{"taxonomy":"product_tag","embeddable":true,"href":"https:\/\/gr-100.com\/pt-pt\/wp-json\/wp\/v2\/product_tag?post=383361"}],"curies":[{"name":"wp","href":"https:\/\/api.w.org\/{rel}","templated":true}]}}