{"id":383461,"date":"2024-07-01T13:17:47","date_gmt":"2024-07-01T12:17:47","guid":{"rendered":"https:\/\/gr-100.com\/producto\/tarmac-sl8-pro-2024-especializado-sram-force-etap-axs\/"},"modified":"2025-11-27T11:19:01","modified_gmt":"2025-11-27T09:19:01","slug":"tarmac-sl8-pro-2024-especializado-sram-force-etap-axs","status":"publish","type":"product","link":"https:\/\/gr-100.com\/pt-pt\/producto\/tarmac-sl8-pro-2024-especializado-sram-force-etap-axs\/","title":{"rendered":"Specialized Tarmac SL8 Pro 2024 &#8211; SRAM For\u00e7a eTap AXS"},"content":{"rendered":"<p><strong>Especifica\u00e7\u00f5es t\u00e9cnicas<\/strong><\/p>\n<ul>\n<li>DINAMO<br \/>\n56cm<\/li>\n<li>D\u00cdNAMO<br \/>\n7,44 kg (16 lb, 6,4 oz)<\/li>\n<li>Body Geometry Power Pro SADDLE,<br \/>\n trilhos ocos de tit\u00e2nio<\/li>\n<li>S-WORKS TARMAC SL8 Poste de assento em carbono<br \/>\n, FACT Carbon, 15mm offset<\/li>\n<li>\nRoval Rapide, carv\u00e3o<\/li>\n<li>Supacaz Super Fita Kush Pegajosa\n<\/li>\n<li>Haste integrada STEM<br \/>\nTarmac, 6 graus<\/li>\n<li>ABRA\u00c7O. Cunha integrada na pista SADDLE\n <\/li>\n<li>RODA DIANTEIRA<br \/>\nRoval Rapide CL II, aro de carbono de 21 mm de largura interna sem tubo pronto, Win Tunnel Engineered, DT para cubo Roval 350, raios DT Swiss Revolution, profundidade de 51 mm<\/li>\n<li>RODA TRASEIRA<br \/>\nRoval Rapide CL II, aro de carbono de 21 mm de largura interna sem tubo pronto, Win Tunnel Engineered, DT para cubo Roval 350, raios DT Swiss Revolution, profundidade de 60 mm<\/li>\n<li>Turbo Ultralight CAMERAS,<br \/>\n v\u00e1lvula Presta de 60mm<\/li>\n<li>PNEU.<br \/>\nS-Works Turbo, 2BR, 700x26mm<\/li>\n<li>PNEU TRASEIRO<br \/>\nS-Works Turbo, 2BR, 700x26mm<\/li>\n<li>Garfo<br \/>\n de carbono Tarmac SL8 FACT 10r, eixo thru de 12x100mm, disco de montagem plana<\/li>\n<li>FRAME<br \/>\nTarmac SL8 FACT 10r Carbon, Rider First Engineered\u2122, Win Tunnel Engineered, Clean Routing, Threaded BB, 12x142mm thru-axle, disco de montagem plana<\/li>\n<li>SRAM Force CHAIN<br \/>\n de 12 velocidades<\/li>\n<li>SRAM DUB BSA 68 SUPORTE<br \/>\nSRAM INFERIOR<\/li>\n<li>SRAM Force eTap AXS SHIFTERS<br \/>\nSRAM<\/li>\n<li>SRAM Force eTAP AXS DERAILLEUR<br \/>\n, braze-on<\/li>\n<li>SRAM Force DUB BOTTOM Bracket<br \/>\n, Medidor de pot\u00eancia<\/li>\n<li>SRAM<br \/>\n SRAM Force, 12 velocidades, 10-33t<\/li>\n<li>SRAM Force eTAP AXS derailleur<br \/>\n traseiro de 12 velocidades<\/li>\n<li>PLATOS<br \/>\n48-35t<\/li>\n<li>FREIO DIANTEIRO<br \/>\nSRAM Force eTAP AXS, disco hidr\u00e1ulico<\/li>\n<li>SRAM Force eTAP AXS FREIO TRASEIRO<br \/>\n, DISCO HIDR\u00c1ULICO* Pesos baseados em quadros pintados de produ\u00e7\u00e3o como mostrado na imagem.SRAM Os pesos reais variam consoante a cor, o tamanho do quadro e a varia\u00e7\u00e3o dos componentes. As especifica\u00e7\u00f5es est\u00e3o sujeitas a altera\u00e7\u00f5es sem aviso pr\u00e9vio.<\/li>\n<\/ul>\n","protected":false},"excerpt":{"rendered":"<p>Nada \u00e9 mais r\u00e1pido do que o Tarmac SL8 gra\u00e7as a uma combina\u00e7\u00e3o de aerodin\u00e2mica, leveza e qualidade de condu\u00e7\u00e3o que anteriormente se pensava ser imposs\u00edvel.<br \/>\nAp\u00f3s oito gera\u00e7\u00f5es e mais de duas d\u00e9cadas de desenvolvimento, \u00e9 mais do que apenas a Tarmac mais r\u00e1pida de sempre: \u00e9 a moto de corrida mais r\u00e1pida do mundo&#8230; <\/p>\n","protected":false},"featured_media":302667,"comment_status":"closed","ping_status":"closed","template":"","meta":{"_acf_changed":false,"_et_pb_use_builder":"","_et_pb_old_content":"","_et_gb_content_width":"","inline_featured_image":false},"product_brand":[],"product_cat":[2459,378,5315,5314,5313,2483],"product_tag":[],"class_list":{"0":"post-383461","1":"product","2":"type-product","3":"status-publish","4":"has-post-thumbnail","6":"product_cat-bicicletas-pt-pt-2","7":"product_cat-estrada","8":"product_cat-bicicletas-carretera-aero-pt-pt","9":"product_cat-bicicletas-carretera-carbono-pt-pt","10":"product_cat-bicicletas-carretera-specialized-pt-pt","11":"product_cat-bicicletas-especializadas","12":"product_shipping_class-bicicletas-pt-pt","14":"first","15":"instock","16":"sale","17":"taxable","18":"shipping-taxable","19":"purchasable","20":"product-type-variable","21":"wvs-archive-product-wrapper"},"acf":[],"yoast_head":"<!-- This site is optimized with the Yoast SEO Premium plugin v26.7 (Yoast SEO v26.7) - https:\/\/yoast.com\/wordpress\/plugins\/seo\/ -->\n<title>Specialized Tarmac SL8 Pro 2024 - SRAM For\u00e7a eTap AXS GR-100<\/title>\n<meta name=\"description\" content=\"Nada \u00e9 mais r\u00e1pido do que o Tarmac SL8 gra\u00e7as a uma combina\u00e7\u00e3o de aerodin\u00e2mica, leveza e qualidade de condu\u00e7\u00e3o que anteriormente se pensava ser imposs\u00edvel.\" \/>\n<meta name=\"robots\" content=\"index, follow, max-snippet:-1, max-image-preview:large, max-video-preview:-1\" \/>\n<link rel=\"canonical\" href=\"https:\/\/gr-100.com\/pt-pt\/producto\/tarmac-sl8-pro-2024-especializado-sram-force-etap-axs\/\" \/>\n<meta property=\"og:locale\" content=\"pt_PT\" \/>\n<meta property=\"og:type\" content=\"article\" \/>\n<meta property=\"og:title\" content=\"Specialized Tarmac SL8 Pro 2024 - SRAM For\u00e7a eTap AXS\" \/>\n<meta property=\"og:description\" content=\"Nada \u00e9 mais r\u00e1pido do que o Tarmac SL8 gra\u00e7as a uma combina\u00e7\u00e3o de aerodin\u00e2mica, leveza e qualidade de condu\u00e7\u00e3o que anteriormente se pensava ser imposs\u00edvel.\" \/>\n<meta property=\"og:url\" content=\"https:\/\/gr-100.com\/pt-pt\/producto\/tarmac-sl8-pro-2024-especializado-sram-force-etap-axs\/\" \/>\n<meta property=\"og:site_name\" content=\"Gr-100 Tienda de ciclismo Specialized\" \/>\n<meta property=\"article:publisher\" content=\"https:\/\/www.facebook.com\/Gr100Bikes\" \/>\n<meta property=\"article:modified_time\" content=\"2025-11-27T09:19:01+00:00\" \/>\n<meta property=\"og:image\" content=\"https:\/\/gr-100.com\/wp-content\/uploads\/2024\/05\/sl8_pro_etap.jpg\" \/>\n\t<meta property=\"og:image:width\" content=\"1000\" \/>\n\t<meta property=\"og:image:height\" content=\"1000\" \/>\n\t<meta property=\"og:image:type\" content=\"image\/jpeg\" \/>\n<meta name=\"twitter:card\" content=\"summary_large_image\" \/>\n<meta name=\"twitter:label1\" content=\"Tempo estimado de leitura\" \/>\n\t<meta name=\"twitter:data1\" content=\"1 minuto\" \/>\n<script type=\"application\/ld+json\" class=\"yoast-schema-graph\">{\"@context\":\"https:\/\/schema.org\",\"@graph\":[{\"@type\":\"WebPage\",\"@id\":\"https:\/\/gr-100.com\/pt-pt\/producto\/tarmac-sl8-pro-2024-especializado-sram-force-etap-axs\/\",\"url\":\"https:\/\/gr-100.com\/pt-pt\/producto\/tarmac-sl8-pro-2024-especializado-sram-force-etap-axs\/\",\"name\":\"Specialized Tarmac SL8 Pro 2024 - SRAM For\u00e7a eTap AXS GR-100\",\"isPartOf\":{\"@id\":\"https:\/\/gr-100.com\/#website\"},\"primaryImageOfPage\":{\"@id\":\"https:\/\/gr-100.com\/pt-pt\/producto\/tarmac-sl8-pro-2024-especializado-sram-force-etap-axs\/#primaryimage\"},\"image\":{\"@id\":\"https:\/\/gr-100.com\/pt-pt\/producto\/tarmac-sl8-pro-2024-especializado-sram-force-etap-axs\/#primaryimage\"},\"thumbnailUrl\":\"https:\/\/gr-100.com\/wp-content\/uploads\/2024\/05\/sl8_pro_etap.jpg\",\"datePublished\":\"2024-07-01T12:17:47+00:00\",\"dateModified\":\"2025-11-27T09:19:01+00:00\",\"description\":\"Nada \u00e9 mais r\u00e1pido do que o Tarmac SL8 gra\u00e7as a uma combina\u00e7\u00e3o de aerodin\u00e2mica, leveza e qualidade de condu\u00e7\u00e3o que anteriormente se pensava ser imposs\u00edvel.\",\"breadcrumb\":{\"@id\":\"https:\/\/gr-100.com\/pt-pt\/producto\/tarmac-sl8-pro-2024-especializado-sram-force-etap-axs\/#breadcrumb\"},\"inLanguage\":\"pt-PT\",\"potentialAction\":[{\"@type\":\"ReadAction\",\"target\":[\"https:\/\/gr-100.com\/pt-pt\/producto\/tarmac-sl8-pro-2024-especializado-sram-force-etap-axs\/\"]}]},{\"@type\":\"ImageObject\",\"inLanguage\":\"pt-PT\",\"@id\":\"https:\/\/gr-100.com\/pt-pt\/producto\/tarmac-sl8-pro-2024-especializado-sram-force-etap-axs\/#primaryimage\",\"url\":\"https:\/\/gr-100.com\/wp-content\/uploads\/2024\/05\/sl8_pro_etap.jpg\",\"contentUrl\":\"https:\/\/gr-100.com\/wp-content\/uploads\/2024\/05\/sl8_pro_etap.jpg\",\"width\":1000,\"height\":1000},{\"@type\":\"BreadcrumbList\",\"@id\":\"https:\/\/gr-100.com\/pt-pt\/producto\/tarmac-sl8-pro-2024-especializado-sram-force-etap-axs\/#breadcrumb\",\"itemListElement\":[{\"@type\":\"ListItem\",\"position\":1,\"name\":\"Portada\",\"item\":\"https:\/\/gr-100.com\/en\/\"},{\"@type\":\"ListItem\",\"position\":2,\"name\":\"Productos\",\"item\":\"https:\/\/gr-100.com\/?post_type=product\"},{\"@type\":\"ListItem\",\"position\":3,\"name\":\"Specialized Tarmac SL8 Pro 2024 &#8211; SRAM For\u00e7a eTap AXS\"}]},{\"@type\":\"WebSite\",\"@id\":\"https:\/\/gr-100.com\/#website\",\"url\":\"https:\/\/gr-100.com\/\",\"name\":\"Gr-100 Tienda de ciclismo Specialized\",\"description\":\"GR-100 tenemos todas las gamas de bicicletas Specialized al mejor precio.\",\"publisher\":{\"@id\":\"https:\/\/gr-100.com\/#organization\"},\"alternateName\":\"Gr-100 Bikes\",\"potentialAction\":[{\"@type\":\"SearchAction\",\"target\":{\"@type\":\"EntryPoint\",\"urlTemplate\":\"https:\/\/gr-100.com\/?s={search_term_string}\"},\"query-input\":{\"@type\":\"PropertyValueSpecification\",\"valueRequired\":true,\"valueName\":\"search_term_string\"}}],\"inLanguage\":\"pt-PT\"},{\"@type\":\"Organization\",\"@id\":\"https:\/\/gr-100.com\/#organization\",\"name\":\"Gr-100\",\"url\":\"https:\/\/gr-100.com\/\",\"logo\":{\"@type\":\"ImageObject\",\"inLanguage\":\"pt-PT\",\"@id\":\"https:\/\/gr-100.com\/#\/schema\/logo\/image\/\",\"url\":\"https:\/\/gr-100.com\/wp-content\/uploads\/2023\/08\/logo-gr-100-bikes.png\",\"contentUrl\":\"https:\/\/gr-100.com\/wp-content\/uploads\/2023\/08\/logo-gr-100-bikes.png\",\"width\":707,\"height\":284,\"caption\":\"Gr-100\"},\"image\":{\"@id\":\"https:\/\/gr-100.com\/#\/schema\/logo\/image\/\"},\"sameAs\":[\"https:\/\/www.facebook.com\/Gr100Bikes\",\"https:\/\/www.instagram.com\/gr100bikes\/\",\"https:\/\/www.tiktok.com\/@gr100bikes\",\"https:\/\/twitter.com\/gr100mtbteam\",\"https:\/\/www.youtube.com\/c\/GR100Specialized\"]}]}<\/script>\n<!-- \/ Yoast SEO Premium plugin. -->","yoast_head_json":{"title":"Specialized Tarmac SL8 Pro 2024 - SRAM For\u00e7a eTap AXS GR-100","description":"Nada \u00e9 mais r\u00e1pido do que o Tarmac SL8 gra\u00e7as a uma combina\u00e7\u00e3o de aerodin\u00e2mica, leveza e qualidade de condu\u00e7\u00e3o que anteriormente se pensava ser imposs\u00edvel.","robots":{"index":"index","follow":"follow","max-snippet":"max-snippet:-1","max-image-preview":"max-image-preview:large","max-video-preview":"max-video-preview:-1"},"canonical":"https:\/\/gr-100.com\/pt-pt\/producto\/tarmac-sl8-pro-2024-especializado-sram-force-etap-axs\/","og_locale":"pt_PT","og_type":"article","og_title":"Specialized Tarmac SL8 Pro 2024 - SRAM For\u00e7a eTap AXS","og_description":"Nada \u00e9 mais r\u00e1pido do que o Tarmac SL8 gra\u00e7as a uma combina\u00e7\u00e3o de aerodin\u00e2mica, leveza e qualidade de condu\u00e7\u00e3o que anteriormente se pensava ser imposs\u00edvel.","og_url":"https:\/\/gr-100.com\/pt-pt\/producto\/tarmac-sl8-pro-2024-especializado-sram-force-etap-axs\/","og_site_name":"Gr-100 Tienda de ciclismo Specialized","article_publisher":"https:\/\/www.facebook.com\/Gr100Bikes","article_modified_time":"2025-11-27T09:19:01+00:00","og_image":[{"width":1000,"height":1000,"url":"https:\/\/gr-100.com\/wp-content\/uploads\/2024\/05\/sl8_pro_etap.jpg","type":"image\/jpeg"}],"twitter_card":"summary_large_image","twitter_misc":{"Tempo estimado de leitura":"1 minuto"},"schema":{"@context":"https:\/\/schema.org","@graph":[{"@type":"WebPage","@id":"https:\/\/gr-100.com\/pt-pt\/producto\/tarmac-sl8-pro-2024-especializado-sram-force-etap-axs\/","url":"https:\/\/gr-100.com\/pt-pt\/producto\/tarmac-sl8-pro-2024-especializado-sram-force-etap-axs\/","name":"Specialized Tarmac SL8 Pro 2024 - SRAM For\u00e7a eTap AXS GR-100","isPartOf":{"@id":"https:\/\/gr-100.com\/#website"},"primaryImageOfPage":{"@id":"https:\/\/gr-100.com\/pt-pt\/producto\/tarmac-sl8-pro-2024-especializado-sram-force-etap-axs\/#primaryimage"},"image":{"@id":"https:\/\/gr-100.com\/pt-pt\/producto\/tarmac-sl8-pro-2024-especializado-sram-force-etap-axs\/#primaryimage"},"thumbnailUrl":"https:\/\/gr-100.com\/wp-content\/uploads\/2024\/05\/sl8_pro_etap.jpg","datePublished":"2024-07-01T12:17:47+00:00","dateModified":"2025-11-27T09:19:01+00:00","description":"Nada \u00e9 mais r\u00e1pido do que o Tarmac SL8 gra\u00e7as a uma combina\u00e7\u00e3o de aerodin\u00e2mica, leveza e qualidade de condu\u00e7\u00e3o que anteriormente se pensava ser imposs\u00edvel.","breadcrumb":{"@id":"https:\/\/gr-100.com\/pt-pt\/producto\/tarmac-sl8-pro-2024-especializado-sram-force-etap-axs\/#breadcrumb"},"inLanguage":"pt-PT","potentialAction":[{"@type":"ReadAction","target":["https:\/\/gr-100.com\/pt-pt\/producto\/tarmac-sl8-pro-2024-especializado-sram-force-etap-axs\/"]}]},{"@type":"ImageObject","inLanguage":"pt-PT","@id":"https:\/\/gr-100.com\/pt-pt\/producto\/tarmac-sl8-pro-2024-especializado-sram-force-etap-axs\/#primaryimage","url":"https:\/\/gr-100.com\/wp-content\/uploads\/2024\/05\/sl8_pro_etap.jpg","contentUrl":"https:\/\/gr-100.com\/wp-content\/uploads\/2024\/05\/sl8_pro_etap.jpg","width":1000,"height":1000},{"@type":"BreadcrumbList","@id":"https:\/\/gr-100.com\/pt-pt\/producto\/tarmac-sl8-pro-2024-especializado-sram-force-etap-axs\/#breadcrumb","itemListElement":[{"@type":"ListItem","position":1,"name":"Portada","item":"https:\/\/gr-100.com\/en\/"},{"@type":"ListItem","position":2,"name":"Productos","item":"https:\/\/gr-100.com\/?post_type=product"},{"@type":"ListItem","position":3,"name":"Specialized Tarmac SL8 Pro 2024 &#8211; SRAM For\u00e7a eTap AXS"}]},{"@type":"WebSite","@id":"https:\/\/gr-100.com\/#website","url":"https:\/\/gr-100.com\/","name":"Gr-100 Tienda de ciclismo Specialized","description":"GR-100 tenemos todas las gamas de bicicletas Specialized al mejor precio.","publisher":{"@id":"https:\/\/gr-100.com\/#organization"},"alternateName":"Gr-100 Bikes","potentialAction":[{"@type":"SearchAction","target":{"@type":"EntryPoint","urlTemplate":"https:\/\/gr-100.com\/?s={search_term_string}"},"query-input":{"@type":"PropertyValueSpecification","valueRequired":true,"valueName":"search_term_string"}}],"inLanguage":"pt-PT"},{"@type":"Organization","@id":"https:\/\/gr-100.com\/#organization","name":"Gr-100","url":"https:\/\/gr-100.com\/","logo":{"@type":"ImageObject","inLanguage":"pt-PT","@id":"https:\/\/gr-100.com\/#\/schema\/logo\/image\/","url":"https:\/\/gr-100.com\/wp-content\/uploads\/2023\/08\/logo-gr-100-bikes.png","contentUrl":"https:\/\/gr-100.com\/wp-content\/uploads\/2023\/08\/logo-gr-100-bikes.png","width":707,"height":284,"caption":"Gr-100"},"image":{"@id":"https:\/\/gr-100.com\/#\/schema\/logo\/image\/"},"sameAs":["https:\/\/www.facebook.com\/Gr100Bikes","https:\/\/www.instagram.com\/gr100bikes\/","https:\/\/www.tiktok.com\/@gr100bikes","https:\/\/twitter.com\/gr100mtbteam","https:\/\/www.youtube.com\/c\/GR100Specialized"]}]}},"_links":{"self":[{"href":"https:\/\/gr-100.com\/pt-pt\/wp-json\/wp\/v2\/product\/383461","targetHints":{"allow":["GET"]}}],"collection":[{"href":"https:\/\/gr-100.com\/pt-pt\/wp-json\/wp\/v2\/product"}],"about":[{"href":"https:\/\/gr-100.com\/pt-pt\/wp-json\/wp\/v2\/types\/product"}],"replies":[{"embeddable":true,"href":"https:\/\/gr-100.com\/pt-pt\/wp-json\/wp\/v2\/comments?post=383461"}],"wp:featuredmedia":[{"embeddable":true,"href":"https:\/\/gr-100.com\/pt-pt\/wp-json\/wp\/v2\/media\/302667"}],"wp:attachment":[{"href":"https:\/\/gr-100.com\/pt-pt\/wp-json\/wp\/v2\/media?parent=383461"}],"wp:term":[{"taxonomy":"product_brand","embeddable":true,"href":"https:\/\/gr-100.com\/pt-pt\/wp-json\/wp\/v2\/product_brand?post=383461"},{"taxonomy":"product_cat","embeddable":true,"href":"https:\/\/gr-100.com\/pt-pt\/wp-json\/wp\/v2\/product_cat?post=383461"},{"taxonomy":"product_tag","embeddable":true,"href":"https:\/\/gr-100.com\/pt-pt\/wp-json\/wp\/v2\/product_tag?post=383461"}],"curies":[{"name":"wp","href":"https:\/\/api.w.org\/{rel}","templated":true}]}}