{"id":383503,"date":"2024-07-01T13:17:14","date_gmt":"2024-07-01T11:17:14","guid":{"rendered":"https:\/\/gr-100.com\/producto\/especializada-s-works-tarmac-sl8-2024-shimano-dura-ace-di2\/"},"modified":"2025-09-22T16:26:05","modified_gmt":"2025-09-22T14:26:05","slug":"especializada-s-works-tarmac-sl8-2024-shimano-dura-ace-di2","status":"publish","type":"product","link":"https:\/\/gr-100.com\/pt-pt\/producto\/especializada-s-works-tarmac-sl8-2024-shimano-dura-ace-di2\/","title":{"rendered":"Specialized S-Works Tarmac SL8 2024 &#8211; Shimano Dura-Ace Di2"},"content":{"rendered":"<p><iframe title=\"S-Works SL8 Dura-Ace 2024\" width=\"500\" height=\"281\" src=\"https:\/\/www.youtube.com\/embed\/_F1PU6PQT7Q?feature=oembed\"  allow=\"accelerometer; autoplay; clipboard-write; encrypted-media; gyroscope; picture-in-picture; web-share\" referrerpolicy=\"strict-origin-when-cross-origin\" allowfullscreen><\/iframe><\/p>\n<p><strong>Especifica\u00e7\u00f5es t\u00e9cnicas<\/strong><\/p>\n<ul>\n<li>PLATOS<br \/>\n52\/36T<\/li>\n<li>Shimano Dura-Ace R9250, DERAILLEUR<br \/>\n TRASEIRO de 12 velocidades<\/li>\n<li>Shimano Dura-Ace R9270 SHIFTERS DE MUDAN\u00c7A<br \/>\n, DISCO HIDR\u00c1ULICO<\/li>\n<li>Shimano Dura-Ace R9200 BOTTOM BRACKET<br \/>\n, HollowTech II, 12 velocidades com medidor de pot\u00eancia de dupla face 4iiii Precision Pro<\/li>\n<li>Shimano Dura-Ace R9250 DERAILLEUR<br \/>\n DIANTEIRO, brasagem<\/li>\n<li>Shimano<br \/>\n Shimano Dura-Ace, 12 velocidades, 11-30t<\/li>\n<li>Shimano Dura-Ace SUPORTE INFERIOR,<br \/>\n BB-R9200<\/li>\n<li>Shimano Dura-Ace CHAIN<br \/>\n, 12 velocidades<\/li>\n<li>PESO<\/li>\n<li>DINAMO<br \/>\n56cm<\/li>\n<li>D\u00cdNAMO<br \/>\n6,62 kg (14 lb, 9,5 oz)<\/li>\n<li>Body Geometry S-Works Power SADDLE,<br \/>\n trilhos de fibra de carbono, base de fibra de carbono<\/li>\n<li>GUID\u00c3O<br \/>\nRoval Rapide Cockpit, barra integrada\/haste<\/li>\n<li>POWER<br \/>\nRoval Rapide Cockpit, barra \/ haste integrada<\/li>\n<li>S-WORKS TARMAC SL8 Poste de assento em carbono<br \/>\n, FACT Carbon, 15mm offset<\/li>\n<li>Supacaz Super Fita Kush Pegajosa\n<\/li>\n<li>ABRA\u00c7O. Cunha integrada na pista SADDLE\n <\/li>\n<li>Garfo<br \/>\n S-Works FACT 12r, eixo thru de 12x100mm, disco de montagem plana<\/li>\n<li>S-Works Tarmac SL8 FACT 12r Carbon FRAME,<br \/>\n Rider First Engineered\u2122, Win Tunnel Engineered, Roteamento Limpo, BB Roscado, eixo thru 12x142mm, disco de montagem plana<\/li>\n<li>Turbo Ultralight CAMERAS,<br \/>\n v\u00e1lvula Presta de 60mm<\/li>\n<li>RODA DIANTEIRA<br \/>\nRoval Rapide CLX II, sem tubo, jante em carbono de 21mm de largura interna, profundidade de 51mm, Win Tunnel Engineered, cubo Roval AFD, 18h, raios DT Swiss Aerolite<\/li>\n<li>RODA TRASEIRA<br \/>\nRoval Rapide CLX II, sem c\u00e2mara, jante em carbono de 21 mm de largura interna, 60 mm de profundidade, Win Tunnel Engineered, cubo Roval AFD, 24h, raios DT Swiss Aerolite<\/li>\n<li>PNEU.<br \/>\nS-Works Turbo Rapidair 2BR, 700x26mm<\/li>\n<li>PNEU<br \/>\n TRASEIROS-Works Turbo Rapidair 2BR, 700x26mm<\/li>\n<li>FREIO DIANTEIRO<br \/>\nShimano Dura-Ace R9270, disco hidr\u00e1ulico<\/li>\n<li>FREIO TRASEIRO<br \/>\nShimano Dura-Ace R9270, disco hidr\u00e1ulico<\/li>\n<\/ul>\n<p>* Os pesos baseiam-se em fotografias de produ\u00e7\u00e3o pintadas, tal como indicado na imagem. Os pesos reais variam consoante a cor, o tamanho do quadro e a varia\u00e7\u00e3o dos componentes. As especifica\u00e7\u00f5es est\u00e3o sujeitas a altera\u00e7\u00f5es sem aviso pr\u00e9vio.<\/p>\n<p><iframe title=\"Nueva Specialized Tarmac S-Works SL8 2024\" width=\"500\" height=\"281\" src=\"https:\/\/www.youtube.com\/embed\/sOaUcloVFYE?start=8&#038;feature=oembed\"  allow=\"accelerometer; autoplay; clipboard-write; encrypted-media; gyroscope; picture-in-picture; web-share\" referrerpolicy=\"strict-origin-when-cross-origin\" allowfullscreen><\/iframe><\/p>\n","protected":false},"excerpt":{"rendered":"<p>Nada \u00e9 mais r\u00e1pido do que o Tarmac SL8 gra\u00e7as a uma combina\u00e7\u00e3o de aerodin\u00e2mica, leveza e qualidade de condu\u00e7\u00e3o que anteriormente se pensava ser imposs\u00edvel. Ap\u00f3s oito gera\u00e7\u00f5es e mais de duas d\u00e9cadas de desenvolvimento, \u00e9 mais do que apenas a Tarmac mais r\u00e1pida de sempre: \u00e9 a moto de corrida mais r\u00e1pida do mundo.<\/p>\n","protected":false},"featured_media":302622,"comment_status":"closed","ping_status":"closed","template":"","meta":{"_acf_changed":false,"_et_pb_use_builder":"","_et_pb_old_content":"","_et_gb_content_width":"","inline_featured_image":false},"product_brand":[],"product_cat":[2459,378,2483],"product_tag":[],"class_list":{"0":"post-383503","1":"product","2":"type-product","3":"status-publish","4":"has-post-thumbnail","6":"product_cat-bicicletas-pt-pt-2","7":"product_cat-estrada","8":"product_cat-bicicletas-especializadas","9":"product_shipping_class-bicicletas-pt-pt","11":"first","12":"outofstock","13":"taxable","14":"shipping-taxable","15":"product-type-variable","16":"wvs-archive-product-wrapper"},"acf":[],"yoast_head":"<!-- This site is optimized with the Yoast SEO Premium plugin v26.7 (Yoast SEO v26.7) - https:\/\/yoast.com\/wordpress\/plugins\/seo\/ -->\n<title>Specialized S-Works Tarmac SL8 2024 - Shimano Dura-Ace Di2 GR-100<\/title>\n<meta name=\"description\" content=\"16,6 segundos mais r\u00e1pida ao longo de 40 km do que a SL7, a nova Tarmac SL8 \u00e9 a moto de estrada mais aerodin\u00e2mica alguma vez fabricada.\" \/>\n<meta name=\"robots\" content=\"index, follow, max-snippet:-1, max-image-preview:large, max-video-preview:-1\" \/>\n<link rel=\"canonical\" href=\"https:\/\/gr-100.com\/pt-pt\/producto\/especializada-s-works-tarmac-sl8-2024-shimano-dura-ace-di2\/\" \/>\n<meta property=\"og:locale\" content=\"pt_PT\" \/>\n<meta property=\"og:type\" content=\"article\" \/>\n<meta property=\"og:title\" content=\"Specialized S-Works Tarmac SL8 2024 - Shimano Dura-Ace Di2\" \/>\n<meta property=\"og:description\" content=\"16,6 segundos mais r\u00e1pida ao longo de 40 km do que a SL7, a nova Tarmac SL8 \u00e9 a moto de estrada mais aerodin\u00e2mica alguma vez fabricada.\" \/>\n<meta property=\"og:url\" content=\"https:\/\/gr-100.com\/pt-pt\/producto\/especializada-s-works-tarmac-sl8-2024-shimano-dura-ace-di2\/\" \/>\n<meta property=\"og:site_name\" content=\"Gr-100 Tienda de ciclismo Specialized\" \/>\n<meta property=\"article:publisher\" content=\"https:\/\/www.facebook.com\/Gr100Bikes\" \/>\n<meta property=\"article:modified_time\" content=\"2025-09-22T14:26:05+00:00\" \/>\n<meta property=\"og:image\" content=\"https:\/\/gr-100.com\/wp-content\/uploads\/2024\/05\/Tarmac-sl8-sh.jpg\" \/>\n\t<meta property=\"og:image:width\" content=\"1000\" \/>\n\t<meta property=\"og:image:height\" content=\"1000\" \/>\n\t<meta property=\"og:image:type\" content=\"image\/jpeg\" \/>\n<meta name=\"twitter:card\" content=\"summary_large_image\" \/>\n<meta name=\"twitter:label1\" content=\"Tempo estimado de leitura\" \/>\n\t<meta name=\"twitter:data1\" content=\"2 minutos\" \/>\n<script type=\"application\/ld+json\" class=\"yoast-schema-graph\">{\"@context\":\"https:\/\/schema.org\",\"@graph\":[{\"@type\":\"WebPage\",\"@id\":\"https:\/\/gr-100.com\/pt-pt\/producto\/especializada-s-works-tarmac-sl8-2024-shimano-dura-ace-di2\/\",\"url\":\"https:\/\/gr-100.com\/pt-pt\/producto\/especializada-s-works-tarmac-sl8-2024-shimano-dura-ace-di2\/\",\"name\":\"Specialized S-Works Tarmac SL8 2024 - Shimano Dura-Ace Di2 GR-100\",\"isPartOf\":{\"@id\":\"https:\/\/gr-100.com\/#website\"},\"primaryImageOfPage\":{\"@id\":\"https:\/\/gr-100.com\/pt-pt\/producto\/especializada-s-works-tarmac-sl8-2024-shimano-dura-ace-di2\/#primaryimage\"},\"image\":{\"@id\":\"https:\/\/gr-100.com\/pt-pt\/producto\/especializada-s-works-tarmac-sl8-2024-shimano-dura-ace-di2\/#primaryimage\"},\"thumbnailUrl\":\"https:\/\/gr-100.com\/wp-content\/uploads\/2024\/05\/Tarmac-sl8-sh.jpg\",\"datePublished\":\"2024-07-01T11:17:14+00:00\",\"dateModified\":\"2025-09-22T14:26:05+00:00\",\"description\":\"16,6 segundos mais r\u00e1pida ao longo de 40 km do que a SL7, a nova Tarmac SL8 \u00e9 a moto de estrada mais aerodin\u00e2mica alguma vez fabricada.\",\"breadcrumb\":{\"@id\":\"https:\/\/gr-100.com\/pt-pt\/producto\/especializada-s-works-tarmac-sl8-2024-shimano-dura-ace-di2\/#breadcrumb\"},\"inLanguage\":\"pt-PT\",\"potentialAction\":[{\"@type\":\"ReadAction\",\"target\":[\"https:\/\/gr-100.com\/pt-pt\/producto\/especializada-s-works-tarmac-sl8-2024-shimano-dura-ace-di2\/\"]}]},{\"@type\":\"ImageObject\",\"inLanguage\":\"pt-PT\",\"@id\":\"https:\/\/gr-100.com\/pt-pt\/producto\/especializada-s-works-tarmac-sl8-2024-shimano-dura-ace-di2\/#primaryimage\",\"url\":\"https:\/\/gr-100.com\/wp-content\/uploads\/2024\/05\/Tarmac-sl8-sh.jpg\",\"contentUrl\":\"https:\/\/gr-100.com\/wp-content\/uploads\/2024\/05\/Tarmac-sl8-sh.jpg\",\"width\":1000,\"height\":1000},{\"@type\":\"BreadcrumbList\",\"@id\":\"https:\/\/gr-100.com\/pt-pt\/producto\/especializada-s-works-tarmac-sl8-2024-shimano-dura-ace-di2\/#breadcrumb\",\"itemListElement\":[{\"@type\":\"ListItem\",\"position\":1,\"name\":\"Portada\",\"item\":\"https:\/\/gr-100.com\/en\/\"},{\"@type\":\"ListItem\",\"position\":2,\"name\":\"Productos\",\"item\":\"https:\/\/gr-100.com\/?post_type=product\"},{\"@type\":\"ListItem\",\"position\":3,\"name\":\"Specialized S-Works Tarmac SL8 2024 &#8211; Shimano Dura-Ace Di2\"}]},{\"@type\":\"WebSite\",\"@id\":\"https:\/\/gr-100.com\/#website\",\"url\":\"https:\/\/gr-100.com\/\",\"name\":\"Gr-100 Tienda de ciclismo Specialized\",\"description\":\"GR-100 tenemos todas las gamas de bicicletas Specialized al mejor precio.\",\"publisher\":{\"@id\":\"https:\/\/gr-100.com\/#organization\"},\"alternateName\":\"Gr-100 Bikes\",\"potentialAction\":[{\"@type\":\"SearchAction\",\"target\":{\"@type\":\"EntryPoint\",\"urlTemplate\":\"https:\/\/gr-100.com\/?s={search_term_string}\"},\"query-input\":{\"@type\":\"PropertyValueSpecification\",\"valueRequired\":true,\"valueName\":\"search_term_string\"}}],\"inLanguage\":\"pt-PT\"},{\"@type\":\"Organization\",\"@id\":\"https:\/\/gr-100.com\/#organization\",\"name\":\"Gr-100\",\"url\":\"https:\/\/gr-100.com\/\",\"logo\":{\"@type\":\"ImageObject\",\"inLanguage\":\"pt-PT\",\"@id\":\"https:\/\/gr-100.com\/#\/schema\/logo\/image\/\",\"url\":\"https:\/\/gr-100.com\/wp-content\/uploads\/2023\/08\/logo-gr-100-bikes.png\",\"contentUrl\":\"https:\/\/gr-100.com\/wp-content\/uploads\/2023\/08\/logo-gr-100-bikes.png\",\"width\":707,\"height\":284,\"caption\":\"Gr-100\"},\"image\":{\"@id\":\"https:\/\/gr-100.com\/#\/schema\/logo\/image\/\"},\"sameAs\":[\"https:\/\/www.facebook.com\/Gr100Bikes\",\"https:\/\/www.instagram.com\/gr100bikes\/\",\"https:\/\/www.tiktok.com\/@gr100bikes\",\"https:\/\/twitter.com\/gr100mtbteam\",\"https:\/\/www.youtube.com\/c\/GR100Specialized\"]}]}<\/script>\n<!-- \/ Yoast SEO Premium plugin. -->","yoast_head_json":{"title":"Specialized S-Works Tarmac SL8 2024 - Shimano Dura-Ace Di2 GR-100","description":"16,6 segundos mais r\u00e1pida ao longo de 40 km do que a SL7, a nova Tarmac SL8 \u00e9 a moto de estrada mais aerodin\u00e2mica alguma vez fabricada.","robots":{"index":"index","follow":"follow","max-snippet":"max-snippet:-1","max-image-preview":"max-image-preview:large","max-video-preview":"max-video-preview:-1"},"canonical":"https:\/\/gr-100.com\/pt-pt\/producto\/especializada-s-works-tarmac-sl8-2024-shimano-dura-ace-di2\/","og_locale":"pt_PT","og_type":"article","og_title":"Specialized S-Works Tarmac SL8 2024 - Shimano Dura-Ace Di2","og_description":"16,6 segundos mais r\u00e1pida ao longo de 40 km do que a SL7, a nova Tarmac SL8 \u00e9 a moto de estrada mais aerodin\u00e2mica alguma vez fabricada.","og_url":"https:\/\/gr-100.com\/pt-pt\/producto\/especializada-s-works-tarmac-sl8-2024-shimano-dura-ace-di2\/","og_site_name":"Gr-100 Tienda de ciclismo Specialized","article_publisher":"https:\/\/www.facebook.com\/Gr100Bikes","article_modified_time":"2025-09-22T14:26:05+00:00","og_image":[{"width":1000,"height":1000,"url":"https:\/\/gr-100.com\/wp-content\/uploads\/2024\/05\/Tarmac-sl8-sh.jpg","type":"image\/jpeg"}],"twitter_card":"summary_large_image","twitter_misc":{"Tempo estimado de leitura":"2 minutos"},"schema":{"@context":"https:\/\/schema.org","@graph":[{"@type":"WebPage","@id":"https:\/\/gr-100.com\/pt-pt\/producto\/especializada-s-works-tarmac-sl8-2024-shimano-dura-ace-di2\/","url":"https:\/\/gr-100.com\/pt-pt\/producto\/especializada-s-works-tarmac-sl8-2024-shimano-dura-ace-di2\/","name":"Specialized S-Works Tarmac SL8 2024 - Shimano Dura-Ace Di2 GR-100","isPartOf":{"@id":"https:\/\/gr-100.com\/#website"},"primaryImageOfPage":{"@id":"https:\/\/gr-100.com\/pt-pt\/producto\/especializada-s-works-tarmac-sl8-2024-shimano-dura-ace-di2\/#primaryimage"},"image":{"@id":"https:\/\/gr-100.com\/pt-pt\/producto\/especializada-s-works-tarmac-sl8-2024-shimano-dura-ace-di2\/#primaryimage"},"thumbnailUrl":"https:\/\/gr-100.com\/wp-content\/uploads\/2024\/05\/Tarmac-sl8-sh.jpg","datePublished":"2024-07-01T11:17:14+00:00","dateModified":"2025-09-22T14:26:05+00:00","description":"16,6 segundos mais r\u00e1pida ao longo de 40 km do que a SL7, a nova Tarmac SL8 \u00e9 a moto de estrada mais aerodin\u00e2mica alguma vez fabricada.","breadcrumb":{"@id":"https:\/\/gr-100.com\/pt-pt\/producto\/especializada-s-works-tarmac-sl8-2024-shimano-dura-ace-di2\/#breadcrumb"},"inLanguage":"pt-PT","potentialAction":[{"@type":"ReadAction","target":["https:\/\/gr-100.com\/pt-pt\/producto\/especializada-s-works-tarmac-sl8-2024-shimano-dura-ace-di2\/"]}]},{"@type":"ImageObject","inLanguage":"pt-PT","@id":"https:\/\/gr-100.com\/pt-pt\/producto\/especializada-s-works-tarmac-sl8-2024-shimano-dura-ace-di2\/#primaryimage","url":"https:\/\/gr-100.com\/wp-content\/uploads\/2024\/05\/Tarmac-sl8-sh.jpg","contentUrl":"https:\/\/gr-100.com\/wp-content\/uploads\/2024\/05\/Tarmac-sl8-sh.jpg","width":1000,"height":1000},{"@type":"BreadcrumbList","@id":"https:\/\/gr-100.com\/pt-pt\/producto\/especializada-s-works-tarmac-sl8-2024-shimano-dura-ace-di2\/#breadcrumb","itemListElement":[{"@type":"ListItem","position":1,"name":"Portada","item":"https:\/\/gr-100.com\/en\/"},{"@type":"ListItem","position":2,"name":"Productos","item":"https:\/\/gr-100.com\/?post_type=product"},{"@type":"ListItem","position":3,"name":"Specialized S-Works Tarmac SL8 2024 &#8211; Shimano Dura-Ace Di2"}]},{"@type":"WebSite","@id":"https:\/\/gr-100.com\/#website","url":"https:\/\/gr-100.com\/","name":"Gr-100 Tienda de ciclismo Specialized","description":"GR-100 tenemos todas las gamas de bicicletas Specialized al mejor precio.","publisher":{"@id":"https:\/\/gr-100.com\/#organization"},"alternateName":"Gr-100 Bikes","potentialAction":[{"@type":"SearchAction","target":{"@type":"EntryPoint","urlTemplate":"https:\/\/gr-100.com\/?s={search_term_string}"},"query-input":{"@type":"PropertyValueSpecification","valueRequired":true,"valueName":"search_term_string"}}],"inLanguage":"pt-PT"},{"@type":"Organization","@id":"https:\/\/gr-100.com\/#organization","name":"Gr-100","url":"https:\/\/gr-100.com\/","logo":{"@type":"ImageObject","inLanguage":"pt-PT","@id":"https:\/\/gr-100.com\/#\/schema\/logo\/image\/","url":"https:\/\/gr-100.com\/wp-content\/uploads\/2023\/08\/logo-gr-100-bikes.png","contentUrl":"https:\/\/gr-100.com\/wp-content\/uploads\/2023\/08\/logo-gr-100-bikes.png","width":707,"height":284,"caption":"Gr-100"},"image":{"@id":"https:\/\/gr-100.com\/#\/schema\/logo\/image\/"},"sameAs":["https:\/\/www.facebook.com\/Gr100Bikes","https:\/\/www.instagram.com\/gr100bikes\/","https:\/\/www.tiktok.com\/@gr100bikes","https:\/\/twitter.com\/gr100mtbteam","https:\/\/www.youtube.com\/c\/GR100Specialized"]}]}},"_links":{"self":[{"href":"https:\/\/gr-100.com\/pt-pt\/wp-json\/wp\/v2\/product\/383503","targetHints":{"allow":["GET"]}}],"collection":[{"href":"https:\/\/gr-100.com\/pt-pt\/wp-json\/wp\/v2\/product"}],"about":[{"href":"https:\/\/gr-100.com\/pt-pt\/wp-json\/wp\/v2\/types\/product"}],"replies":[{"embeddable":true,"href":"https:\/\/gr-100.com\/pt-pt\/wp-json\/wp\/v2\/comments?post=383503"}],"wp:featuredmedia":[{"embeddable":true,"href":"https:\/\/gr-100.com\/pt-pt\/wp-json\/wp\/v2\/media\/302622"}],"wp:attachment":[{"href":"https:\/\/gr-100.com\/pt-pt\/wp-json\/wp\/v2\/media?parent=383503"}],"wp:term":[{"taxonomy":"product_brand","embeddable":true,"href":"https:\/\/gr-100.com\/pt-pt\/wp-json\/wp\/v2\/product_brand?post=383503"},{"taxonomy":"product_cat","embeddable":true,"href":"https:\/\/gr-100.com\/pt-pt\/wp-json\/wp\/v2\/product_cat?post=383503"},{"taxonomy":"product_tag","embeddable":true,"href":"https:\/\/gr-100.com\/pt-pt\/wp-json\/wp\/v2\/product_tag?post=383503"}],"curies":[{"name":"wp","href":"https:\/\/api.w.org\/{rel}","templated":true}]}}