{"id":383567,"date":"2024-07-01T13:13:23","date_gmt":"2024-07-01T11:13:23","guid":{"rendered":"https:\/\/gr-100.com\/producto\/sirrus-especializado-3-0-passo-atraves-do-vn-2022\/"},"modified":"2025-09-22T16:15:23","modified_gmt":"2025-09-22T14:15:23","slug":"sirrus-especializado-3-0-passo-atraves-do-vn-2022","status":"publish","type":"product","link":"https:\/\/gr-100.com\/pt-pt\/producto\/sirrus-especializado-3-0-passo-atraves-do-vn-2022\/","title":{"rendered":"Specialized Sirrus 3.0 passo atrav\u00e9s do VN 2022"},"content":{"rendered":"<ul>\n<li>FRAMESET<br \/>\nFRAME<br \/>\n Alum\u00ednio Premium A1Specialized, Geometria Fitness, tubo butted, roteamento de cabos internos, disco de montagem plana, libera\u00e7\u00e3o r\u00e1pida, suportes<br \/>\nPlug + Play rack\/para-lamasSpecialized<br \/>\n SUSPENS\u00c3O<br \/>\n Specialized FACT 9r Carbono, disco de montagem plana, de libera\u00e7\u00e3o r\u00e1pida<\/li>\n<li>Liga forjada em 3D COCKPIT STEM<br \/>\n, 31,8 mm, liga<br \/>\nde espig\u00e3o<br \/>\nde assento de 7 graus, deslocamento de 12 mm, bra\u00e7adeira de 2 parafusos, bra\u00e7adeira de 27,2 mm<br \/>\n.<br \/>\n Sela tipo parafuso,<br \/>\n 31,8 mm<br \/>\nBridge Sport SADDLE,<br \/>\n Calhas de a\u00e7o, GUID\u00c3O<br \/>\n155\/143mm<br \/>\nLiga de pontada dupla, varredura traseira de 9 graus, fita de<br \/>\n 31,8 mm<br \/>\nSpecialized especializado da geometria do corpo, bloqueio <\/li>\n<li>Tektro HD-R280 FREIOS DE FREIO TRASEIROS,<br \/>\n DISCO HIDR\u00c1ULICO, PASTILHAS DE RESINA, DE MONTAGEM PLANA, FREIO<br \/>\nDIANTEIRO DE 140 mm<br \/>\nTektro HD-R280, disco hidr\u00e1ulico, almofadas de resina, de montagem plana, 160mm\n<\/li>\n<li>TRANSMISS\u00c3O<br \/>\nPRATOS<br \/>\n46\/30T<br \/>\nSUPORTE INFERIOR<br \/>\nBra\u00e7os de alum\u00ednio forjado, 2 pe\u00e7as, fuso de 24mm, 46\/30T<br \/>\nCADEIA<br \/>\nKMC X9, 9 velocidades c\/ Missing Link\u2122 CASSETTE MicroSHIFT H092, 9 velocidades, 11-34t<\/p>\n<p>MUDAN\u00c7A<br \/>\nMicroSHIFT RD-R43M, gaiola m\u00e9dia<br \/>\nSUPORTE INFERIOR<br \/>\nShimano 68mm roscado<br \/>\nDESVIADOR<br \/>\nmicroSHIFT R9, 9 velocidades, bra\u00e7adeira de 31,8 mm<br \/>\nCONTROLOS DE MUDAN\u00c7A DE VELOCIDADE<br \/>\nmicroSHIFT, 9 velocidades<\/li>\n<li>RODAS E PNEUS JANTES<br \/>\n700C freio a disco, liga de parede dupla, profundidade de 22mm, largura<br \/>\ninterna de 21mm TUBOS<br \/>\n700&#215;28\/38mm, v\u00e1lvula Presta<br \/>\nde 48mm CUBO TRASEIRO<br \/>\nLiga, disco de 6 parafusos, freehub de 8\/9 velocidades, rolamento de esferas solto, libera\u00e7\u00e3o r\u00e1pida, liga de cubo<br \/>\ndianteiro de 32h<br \/>\n, disco de 6 parafusos, rolamento de esferas solto, libera\u00e7\u00e3o r\u00e1pida, 32h<br \/>\nPNEU<br \/>\nTRASEIRO RoadSport Reflect, tal\u00e3o de arame, cinto preto\/caixa durante, pneu dianteiro 700x32c<br \/>\n.<\/p>\n<p>RoadSport Reflect, tal\u00e3o de arame, caixa de cinto preto\/durante, 700x32c<br \/>\nSPOKES<br \/>\nStainless, 14g<\/li>\n<li>ACESS\u00d3RIOS<br \/>\nPEDAIS<br \/>\nSpecialized Fitness, plataforma, pl\u00e1stico<\/li>\n<\/ul>\n","protected":false},"excerpt":{"rendered":"<p>O Sirrus possui uma constru\u00e7\u00e3o superleve em liga de alum\u00ednio e fibra de carbono, bem como componentes MicroSHIFT confi\u00e1veis que s\u00e3o projetados para suportar anos de abuso di\u00e1rio no pavimento do mundo. Os potentes trav\u00f5es de disco hidr\u00e1ulicos proporcionam um poder de paragem fi\u00e1vel em qualquer condi\u00e7\u00e3o, e os confort\u00e1veis e ergonomicamente concebidos pontos de contacto da Geometria da Carro\u00e7aria existem para aliviar os ferr\u00f5es de viagens mais longas. Assim, \u00e0 medida que se esfor\u00e7a para alcan\u00e7ar os seus objetivos, sentir-se-\u00e1 mais ligado \u00e0 sua moto e saber\u00e1 que tem o companheiro perfeito com a Sirrus.<br \/>\nO garfo Carbon FACT 9 proporciona conforto e economiza quase 3 libras (1,2 kg) em compara\u00e7\u00e3o com o modelo Sirrus 2.0.<br \/>\nVasta gama de componentes MicroSHIFT 2&#215;9 para mudan\u00e7as intuitivas e precisas.<br \/>\nManivela leve de 2 pe\u00e7as para anos de desempenho.  <\/p>\n","protected":false},"featured_media":302409,"comment_status":"closed","ping_status":"closed","template":"","meta":{"_acf_changed":false,"_et_pb_use_builder":"","_et_pb_old_content":"","_et_gb_content_width":"","inline_featured_image":false},"product_brand":[],"product_cat":[2459,378,2483,2460,2461,2696],"product_tag":[],"class_list":{"0":"post-383567","1":"product","2":"type-product","3":"status-publish","4":"has-post-thumbnail","6":"product_cat-bicicletas-pt-pt-2","7":"product_cat-estrada","8":"product_cat-bicicletas-especializadas","9":"product_cat-ofertas-pt-pt","10":"product_cat-oferta-montanha","11":"product_cat-ofertas-especializadas","12":"product_shipping_class-bicicletas-pt-pt","14":"first","15":"outofstock","16":"taxable","17":"shipping-taxable","18":"product-type-variable","19":"wvs-archive-product-wrapper"},"acf":[],"yoast_head":"<!-- This site is optimized with the Yoast SEO Premium plugin v26.7 (Yoast SEO v26.7) - https:\/\/yoast.com\/wordpress\/plugins\/seo\/ -->\n<title>Specialized Sirrus 3.0 passo atrav\u00e9s do VN 2022<\/title>\n<meta name=\"robots\" content=\"index, follow, max-snippet:-1, max-image-preview:large, max-video-preview:-1\" \/>\n<link rel=\"canonical\" href=\"https:\/\/gr-100.com\/pt-pt\/producto\/sirrus-especializado-3-0-passo-atraves-do-vn-2022\/\" \/>\n<meta property=\"og:locale\" content=\"pt_PT\" \/>\n<meta property=\"og:type\" content=\"article\" \/>\n<meta property=\"og:title\" content=\"Specialized Sirrus 3.0 passo atrav\u00e9s do VN 2022\" \/>\n<meta property=\"og:description\" content=\"O Sirrus possui uma constru\u00e7\u00e3o superleve em liga de alum\u00ednio e fibra de carbono, bem como componentes MicroSHIFT confi\u00e1veis que s\u00e3o projetados para suportar anos de abuso di\u00e1rio no pavimento do mundo. Os potentes trav\u00f5es de disco hidr\u00e1ulicos proporcionam um poder de paragem fi\u00e1vel em qualquer condi\u00e7\u00e3o, e os confort\u00e1veis e ergonomicamente concebidos pontos de contacto da Geometria da Carro\u00e7aria existem para aliviar os ferr\u00f5es de viagens mais longas. Assim, \u00e0 medida que se esfor\u00e7a para alcan\u00e7ar os seus objetivos, sentir-se-\u00e1 mais ligado \u00e0 sua moto e saber\u00e1 que tem o companheiro perfeito com a Sirrus. O garfo Carbon FACT 9 proporciona conforto e economiza quase 3 libras (1,2 kg) em compara\u00e7\u00e3o com o modelo Sirrus 2.0. Vasta gama de componentes MicroSHIFT 2x9 para mudan\u00e7as intuitivas e precisas. Manivela leve de 2 pe\u00e7as para anos de desempenho.\" \/>\n<meta property=\"og:url\" content=\"https:\/\/gr-100.com\/pt-pt\/producto\/sirrus-especializado-3-0-passo-atraves-do-vn-2022\/\" \/>\n<meta property=\"og:site_name\" content=\"Gr-100 Tienda de ciclismo Specialized\" \/>\n<meta property=\"article:publisher\" content=\"https:\/\/www.facebook.com\/Gr100Bikes\" \/>\n<meta property=\"article:modified_time\" content=\"2025-09-22T14:15:23+00:00\" \/>\n<meta property=\"og:image\" content=\"https:\/\/gr-100.com\/wp-content\/uploads\/2024\/05\/My-project-1-7-3.jpg\" \/>\n\t<meta property=\"og:image:width\" content=\"1000\" \/>\n\t<meta property=\"og:image:height\" content=\"1000\" \/>\n\t<meta property=\"og:image:type\" content=\"image\/jpeg\" \/>\n<meta name=\"twitter:card\" content=\"summary_large_image\" \/>\n<meta name=\"twitter:label1\" content=\"Tempo estimado de leitura\" \/>\n\t<meta name=\"twitter:data1\" content=\"1 minuto\" \/>\n<script type=\"application\/ld+json\" class=\"yoast-schema-graph\">{\"@context\":\"https:\/\/schema.org\",\"@graph\":[{\"@type\":\"WebPage\",\"@id\":\"https:\/\/gr-100.com\/pt-pt\/producto\/sirrus-especializado-3-0-passo-atraves-do-vn-2022\/\",\"url\":\"https:\/\/gr-100.com\/pt-pt\/producto\/sirrus-especializado-3-0-passo-atraves-do-vn-2022\/\",\"name\":\"Specialized Sirrus 3.0 passo atrav\u00e9s do VN 2022\",\"isPartOf\":{\"@id\":\"https:\/\/gr-100.com\/#website\"},\"primaryImageOfPage\":{\"@id\":\"https:\/\/gr-100.com\/pt-pt\/producto\/sirrus-especializado-3-0-passo-atraves-do-vn-2022\/#primaryimage\"},\"image\":{\"@id\":\"https:\/\/gr-100.com\/pt-pt\/producto\/sirrus-especializado-3-0-passo-atraves-do-vn-2022\/#primaryimage\"},\"thumbnailUrl\":\"https:\/\/gr-100.com\/wp-content\/uploads\/2024\/05\/My-project-1-7-3.jpg\",\"datePublished\":\"2024-07-01T11:13:23+00:00\",\"dateModified\":\"2025-09-22T14:15:23+00:00\",\"breadcrumb\":{\"@id\":\"https:\/\/gr-100.com\/pt-pt\/producto\/sirrus-especializado-3-0-passo-atraves-do-vn-2022\/#breadcrumb\"},\"inLanguage\":\"pt-PT\",\"potentialAction\":[{\"@type\":\"ReadAction\",\"target\":[\"https:\/\/gr-100.com\/pt-pt\/producto\/sirrus-especializado-3-0-passo-atraves-do-vn-2022\/\"]}]},{\"@type\":\"ImageObject\",\"inLanguage\":\"pt-PT\",\"@id\":\"https:\/\/gr-100.com\/pt-pt\/producto\/sirrus-especializado-3-0-passo-atraves-do-vn-2022\/#primaryimage\",\"url\":\"https:\/\/gr-100.com\/wp-content\/uploads\/2024\/05\/My-project-1-7-3.jpg\",\"contentUrl\":\"https:\/\/gr-100.com\/wp-content\/uploads\/2024\/05\/My-project-1-7-3.jpg\",\"width\":1000,\"height\":1000},{\"@type\":\"BreadcrumbList\",\"@id\":\"https:\/\/gr-100.com\/pt-pt\/producto\/sirrus-especializado-3-0-passo-atraves-do-vn-2022\/#breadcrumb\",\"itemListElement\":[{\"@type\":\"ListItem\",\"position\":1,\"name\":\"Portada\",\"item\":\"https:\/\/gr-100.com\/en\/\"},{\"@type\":\"ListItem\",\"position\":2,\"name\":\"Productos\",\"item\":\"https:\/\/gr-100.com\/?post_type=product\"},{\"@type\":\"ListItem\",\"position\":3,\"name\":\"Specialized Sirrus 3.0 passo atrav\u00e9s do VN 2022\"}]},{\"@type\":\"WebSite\",\"@id\":\"https:\/\/gr-100.com\/#website\",\"url\":\"https:\/\/gr-100.com\/\",\"name\":\"Gr-100 Tienda de ciclismo Specialized\",\"description\":\"GR-100 tenemos todas las gamas de bicicletas Specialized al mejor precio.\",\"publisher\":{\"@id\":\"https:\/\/gr-100.com\/#organization\"},\"alternateName\":\"Gr-100 Bikes\",\"potentialAction\":[{\"@type\":\"SearchAction\",\"target\":{\"@type\":\"EntryPoint\",\"urlTemplate\":\"https:\/\/gr-100.com\/?s={search_term_string}\"},\"query-input\":{\"@type\":\"PropertyValueSpecification\",\"valueRequired\":true,\"valueName\":\"search_term_string\"}}],\"inLanguage\":\"pt-PT\"},{\"@type\":\"Organization\",\"@id\":\"https:\/\/gr-100.com\/#organization\",\"name\":\"Gr-100\",\"url\":\"https:\/\/gr-100.com\/\",\"logo\":{\"@type\":\"ImageObject\",\"inLanguage\":\"pt-PT\",\"@id\":\"https:\/\/gr-100.com\/#\/schema\/logo\/image\/\",\"url\":\"https:\/\/gr-100.com\/wp-content\/uploads\/2023\/08\/logo-gr-100-bikes.png\",\"contentUrl\":\"https:\/\/gr-100.com\/wp-content\/uploads\/2023\/08\/logo-gr-100-bikes.png\",\"width\":707,\"height\":284,\"caption\":\"Gr-100\"},\"image\":{\"@id\":\"https:\/\/gr-100.com\/#\/schema\/logo\/image\/\"},\"sameAs\":[\"https:\/\/www.facebook.com\/Gr100Bikes\",\"https:\/\/www.instagram.com\/gr100bikes\/\",\"https:\/\/www.tiktok.com\/@gr100bikes\",\"https:\/\/twitter.com\/gr100mtbteam\",\"https:\/\/www.youtube.com\/c\/GR100Specialized\"]}]}<\/script>\n<!-- \/ Yoast SEO Premium plugin. -->","yoast_head_json":{"title":"Specialized Sirrus 3.0 passo atrav\u00e9s do VN 2022","robots":{"index":"index","follow":"follow","max-snippet":"max-snippet:-1","max-image-preview":"max-image-preview:large","max-video-preview":"max-video-preview:-1"},"canonical":"https:\/\/gr-100.com\/pt-pt\/producto\/sirrus-especializado-3-0-passo-atraves-do-vn-2022\/","og_locale":"pt_PT","og_type":"article","og_title":"Specialized Sirrus 3.0 passo atrav\u00e9s do VN 2022","og_description":"O Sirrus possui uma constru\u00e7\u00e3o superleve em liga de alum\u00ednio e fibra de carbono, bem como componentes MicroSHIFT confi\u00e1veis que s\u00e3o projetados para suportar anos de abuso di\u00e1rio no pavimento do mundo. Os potentes trav\u00f5es de disco hidr\u00e1ulicos proporcionam um poder de paragem fi\u00e1vel em qualquer condi\u00e7\u00e3o, e os confort\u00e1veis e ergonomicamente concebidos pontos de contacto da Geometria da Carro\u00e7aria existem para aliviar os ferr\u00f5es de viagens mais longas. Assim, \u00e0 medida que se esfor\u00e7a para alcan\u00e7ar os seus objetivos, sentir-se-\u00e1 mais ligado \u00e0 sua moto e saber\u00e1 que tem o companheiro perfeito com a Sirrus. O garfo Carbon FACT 9 proporciona conforto e economiza quase 3 libras (1,2 kg) em compara\u00e7\u00e3o com o modelo Sirrus 2.0. Vasta gama de componentes MicroSHIFT 2x9 para mudan\u00e7as intuitivas e precisas. Manivela leve de 2 pe\u00e7as para anos de desempenho.","og_url":"https:\/\/gr-100.com\/pt-pt\/producto\/sirrus-especializado-3-0-passo-atraves-do-vn-2022\/","og_site_name":"Gr-100 Tienda de ciclismo Specialized","article_publisher":"https:\/\/www.facebook.com\/Gr100Bikes","article_modified_time":"2025-09-22T14:15:23+00:00","og_image":[{"width":1000,"height":1000,"url":"https:\/\/gr-100.com\/wp-content\/uploads\/2024\/05\/My-project-1-7-3.jpg","type":"image\/jpeg"}],"twitter_card":"summary_large_image","twitter_misc":{"Tempo estimado de leitura":"1 minuto"},"schema":{"@context":"https:\/\/schema.org","@graph":[{"@type":"WebPage","@id":"https:\/\/gr-100.com\/pt-pt\/producto\/sirrus-especializado-3-0-passo-atraves-do-vn-2022\/","url":"https:\/\/gr-100.com\/pt-pt\/producto\/sirrus-especializado-3-0-passo-atraves-do-vn-2022\/","name":"Specialized Sirrus 3.0 passo atrav\u00e9s do VN 2022","isPartOf":{"@id":"https:\/\/gr-100.com\/#website"},"primaryImageOfPage":{"@id":"https:\/\/gr-100.com\/pt-pt\/producto\/sirrus-especializado-3-0-passo-atraves-do-vn-2022\/#primaryimage"},"image":{"@id":"https:\/\/gr-100.com\/pt-pt\/producto\/sirrus-especializado-3-0-passo-atraves-do-vn-2022\/#primaryimage"},"thumbnailUrl":"https:\/\/gr-100.com\/wp-content\/uploads\/2024\/05\/My-project-1-7-3.jpg","datePublished":"2024-07-01T11:13:23+00:00","dateModified":"2025-09-22T14:15:23+00:00","breadcrumb":{"@id":"https:\/\/gr-100.com\/pt-pt\/producto\/sirrus-especializado-3-0-passo-atraves-do-vn-2022\/#breadcrumb"},"inLanguage":"pt-PT","potentialAction":[{"@type":"ReadAction","target":["https:\/\/gr-100.com\/pt-pt\/producto\/sirrus-especializado-3-0-passo-atraves-do-vn-2022\/"]}]},{"@type":"ImageObject","inLanguage":"pt-PT","@id":"https:\/\/gr-100.com\/pt-pt\/producto\/sirrus-especializado-3-0-passo-atraves-do-vn-2022\/#primaryimage","url":"https:\/\/gr-100.com\/wp-content\/uploads\/2024\/05\/My-project-1-7-3.jpg","contentUrl":"https:\/\/gr-100.com\/wp-content\/uploads\/2024\/05\/My-project-1-7-3.jpg","width":1000,"height":1000},{"@type":"BreadcrumbList","@id":"https:\/\/gr-100.com\/pt-pt\/producto\/sirrus-especializado-3-0-passo-atraves-do-vn-2022\/#breadcrumb","itemListElement":[{"@type":"ListItem","position":1,"name":"Portada","item":"https:\/\/gr-100.com\/en\/"},{"@type":"ListItem","position":2,"name":"Productos","item":"https:\/\/gr-100.com\/?post_type=product"},{"@type":"ListItem","position":3,"name":"Specialized Sirrus 3.0 passo atrav\u00e9s do VN 2022"}]},{"@type":"WebSite","@id":"https:\/\/gr-100.com\/#website","url":"https:\/\/gr-100.com\/","name":"Gr-100 Tienda de ciclismo Specialized","description":"GR-100 tenemos todas las gamas de bicicletas Specialized al mejor precio.","publisher":{"@id":"https:\/\/gr-100.com\/#organization"},"alternateName":"Gr-100 Bikes","potentialAction":[{"@type":"SearchAction","target":{"@type":"EntryPoint","urlTemplate":"https:\/\/gr-100.com\/?s={search_term_string}"},"query-input":{"@type":"PropertyValueSpecification","valueRequired":true,"valueName":"search_term_string"}}],"inLanguage":"pt-PT"},{"@type":"Organization","@id":"https:\/\/gr-100.com\/#organization","name":"Gr-100","url":"https:\/\/gr-100.com\/","logo":{"@type":"ImageObject","inLanguage":"pt-PT","@id":"https:\/\/gr-100.com\/#\/schema\/logo\/image\/","url":"https:\/\/gr-100.com\/wp-content\/uploads\/2023\/08\/logo-gr-100-bikes.png","contentUrl":"https:\/\/gr-100.com\/wp-content\/uploads\/2023\/08\/logo-gr-100-bikes.png","width":707,"height":284,"caption":"Gr-100"},"image":{"@id":"https:\/\/gr-100.com\/#\/schema\/logo\/image\/"},"sameAs":["https:\/\/www.facebook.com\/Gr100Bikes","https:\/\/www.instagram.com\/gr100bikes\/","https:\/\/www.tiktok.com\/@gr100bikes","https:\/\/twitter.com\/gr100mtbteam","https:\/\/www.youtube.com\/c\/GR100Specialized"]}]}},"_links":{"self":[{"href":"https:\/\/gr-100.com\/pt-pt\/wp-json\/wp\/v2\/product\/383567","targetHints":{"allow":["GET"]}}],"collection":[{"href":"https:\/\/gr-100.com\/pt-pt\/wp-json\/wp\/v2\/product"}],"about":[{"href":"https:\/\/gr-100.com\/pt-pt\/wp-json\/wp\/v2\/types\/product"}],"replies":[{"embeddable":true,"href":"https:\/\/gr-100.com\/pt-pt\/wp-json\/wp\/v2\/comments?post=383567"}],"wp:featuredmedia":[{"embeddable":true,"href":"https:\/\/gr-100.com\/pt-pt\/wp-json\/wp\/v2\/media\/302409"}],"wp:attachment":[{"href":"https:\/\/gr-100.com\/pt-pt\/wp-json\/wp\/v2\/media?parent=383567"}],"wp:term":[{"taxonomy":"product_brand","embeddable":true,"href":"https:\/\/gr-100.com\/pt-pt\/wp-json\/wp\/v2\/product_brand?post=383567"},{"taxonomy":"product_cat","embeddable":true,"href":"https:\/\/gr-100.com\/pt-pt\/wp-json\/wp\/v2\/product_cat?post=383567"},{"taxonomy":"product_tag","embeddable":true,"href":"https:\/\/gr-100.com\/pt-pt\/wp-json\/wp\/v2\/product_tag?post=383567"}],"curies":[{"name":"wp","href":"https:\/\/api.w.org\/{rel}","templated":true}]}}